{"id":16399,"date":"2024-11-03T23:26:20","date_gmt":"2024-11-03T22:26:20","guid":{"rendered":"https:\/\/ajishop.ma\/?post_type=product&#038;p=16399"},"modified":"2024-11-04T00:07:54","modified_gmt":"2024-11-03T23:07:54","slug":"vacuum-flask-vacuum-flask","status":"publish","type":"product","link":"https:\/\/ajishop.ma\/ar\/shop\/appareils-electriques\/vacuum-flask-vacuum-flask\/","title":{"rendered":"VACUUM FLASK Ensemble de flacons isothermes avec 3 tasses en acier boisson"},"content":{"rendered":"<p>-Garder la chaleur et le froid: Notre tasse de voyage isol\u00e9e sous vide \u00e0 double couche est faite d&#8217;un excellent mat\u00e9riau d&#8217;isolation thermique, qui peut garder les liquides chauds et froids (eau, caf\u00e9, th\u00e9) \u00e0 basse temp\u00e9rature pendant 12 heures et garder au chaud pendant 12 heures. Il est \u00e9galement fait de mat\u00e9riaux sans BPA et peut \u00eatre en toute s\u00e9curit\u00e9. -Robuste et durable: cette bouteille de caf\u00e9 \u00e9l\u00e9gante et robuste est fabriqu\u00e9e en acier inoxydable 304 de qualit\u00e9 alimentaire de haute qualit\u00e9 et ne se cassera pas. R\u00e9sistant aux rayures et facile \u00e0 nettoyer, il est fait de mat\u00e9riaux sans BPA et peut \u00eatre mang\u00e9 en toute s\u00e9curit\u00e9. Le voyage Tasse est \u00e9quip\u00e9 d&#8217;une brosse \u00e9ponge pour le nettoyage quotidien. Il peut facilement nettoyer toute la surface int\u00e9rieure de la bouteille et peut facilement atteindre n&#8217;importe o\u00f9, y compris les coins et les fonds difficiles \u00e0 atteindre, c&#8217;est le meilleur cadeau pour la famille ou Amis. -Couvercle multifonctionnel: le couvercle de tasse \u00e0 caf\u00e9 de haute qualit\u00e9 peut servir de tasse de service isol\u00e9e, la fonction de torsion et de d\u00e9versement vous permet de le verser sans d\u00e9placer le bouchon et de le mettre dans le sac sans vous soucier du d\u00e9bordement ou des fuites, vous apportant ainsi la meilleure bonne exp\u00e9rience. -Prenez-le avec: Notre bouteille d&#8217;eau en acier inoxydable est tr\u00e8s adapt\u00e9e \u00e0 un usage quotidien et peut \u00eatre prise avec vous, comme la randonn\u00e9e, le v\u00e9lo, la plage, le camping, les voyages, l&#8217;\u00e9cole ou l&#8217;entreprise, mettez la tasse de boisson chaude portable dans la poche lat\u00e9rale de votre sac \u00e0 dos ou comme compagnon quotidien pour vous aider \u00e0 rester en bonne sant\u00e9 et hydrat\u00e9!<\/p>","protected":false},"excerpt":{"rendered":"<p>chaude\/froide 500ml<\/p>","protected":false},"featured_media":16404,"comment_status":"open","ping_status":"closed","template":"","meta":[],"product_cat":[86],"product_tag":[],"yoast_head":"<!-- This site is optimized with the Yoast SEO plugin v23.4 - https:\/\/yoast.com\/wordpress\/plugins\/seo\/ -->\n<title>VACUUM FLASK Ensemble de flacons isothermes avec 3 tasses en acier boisson - AjiShop.ma<\/title>\n<meta name=\"robots\" content=\"index, follow, max-snippet:-1, max-image-preview:large, max-video-preview:-1\" \/>\n<link rel=\"canonical\" href=\"https:\/\/ajishop.ma\/ar\/shop\/appareils-electriques\/vacuum-flask-vacuum-flask\/\" \/>\n<meta property=\"og:locale\" content=\"ar_AR\" \/>\n<meta property=\"og:type\" content=\"article\" \/>\n<meta property=\"og:title\" content=\"VACUUM FLASK Ensemble de flacons isothermes avec 3 tasses en acier boisson - AjiShop.ma\" \/>\n<meta property=\"og:description\" content=\"chaude\/froide 500ml\" \/>\n<meta property=\"og:url\" content=\"https:\/\/ajishop.ma\/ar\/shop\/appareils-electriques\/vacuum-flask-vacuum-flask\/\" \/>\n<meta property=\"og:site_name\" content=\"AjiShop.ma\" \/>\n<meta property=\"article:modified_time\" content=\"2024-11-03T23:07:54+00:00\" \/>\n<meta property=\"og:image\" content=\"https:\/\/ajishop.ma\/wp-content\/uploads\/2024\/11\/bott3.jpg\" \/>\n\t<meta property=\"og:image:width\" content=\"800\" \/>\n\t<meta property=\"og:image:height\" content=\"800\" \/>\n\t<meta property=\"og:image:type\" content=\"image\/jpeg\" \/>\n<meta name=\"twitter:card\" content=\"summary_large_image\" \/>\n<meta name=\"twitter:label1\" content=\"\u0648\u0642\u062a \u0627\u0644\u0642\u0631\u0627\u0621\u0629 \u0627\u0644\u0645\u064f\u0642\u062f\u0651\u0631\" \/>\n\t<meta name=\"twitter:data1\" content=\"\u062f\u0642\u064a\u0642\u0629 \u0648\u0627\u062d\u062f\u0629\" \/>\n<script type=\"application\/ld+json\" class=\"yoast-schema-graph\">{\"@context\":\"https:\/\/schema.org\",\"@graph\":[{\"@type\":\"WebPage\",\"@id\":\"https:\/\/ajishop.ma\/shop\/appareils-electriques\/vacuum-flask-vacuum-flask\/\",\"url\":\"https:\/\/ajishop.ma\/shop\/appareils-electriques\/vacuum-flask-vacuum-flask\/\",\"name\":\"VACUUM FLASK Ensemble de flacons isothermes avec 3 tasses en acier boisson - AjiShop.ma\",\"isPartOf\":{\"@id\":\"https:\/\/ajishop.ma\/#website\"},\"primaryImageOfPage\":{\"@id\":\"https:\/\/ajishop.ma\/shop\/appareils-electriques\/vacuum-flask-vacuum-flask\/#primaryimage\"},\"image\":{\"@id\":\"https:\/\/ajishop.ma\/shop\/appareils-electriques\/vacuum-flask-vacuum-flask\/#primaryimage\"},\"thumbnailUrl\":\"https:\/\/ajishop.ma\/wp-content\/uploads\/2024\/11\/bott3.jpg\",\"datePublished\":\"2024-11-03T22:26:20+00:00\",\"dateModified\":\"2024-11-03T23:07:54+00:00\",\"breadcrumb\":{\"@id\":\"https:\/\/ajishop.ma\/shop\/appareils-electriques\/vacuum-flask-vacuum-flask\/#breadcrumb\"},\"inLanguage\":\"ar\",\"potentialAction\":[{\"@type\":\"ReadAction\",\"target\":[\"https:\/\/ajishop.ma\/shop\/appareils-electriques\/vacuum-flask-vacuum-flask\/\"]}]},{\"@type\":\"ImageObject\",\"inLanguage\":\"ar\",\"@id\":\"https:\/\/ajishop.ma\/shop\/appareils-electriques\/vacuum-flask-vacuum-flask\/#primaryimage\",\"url\":\"https:\/\/ajishop.ma\/wp-content\/uploads\/2024\/11\/bott3.jpg\",\"contentUrl\":\"https:\/\/ajishop.ma\/wp-content\/uploads\/2024\/11\/bott3.jpg\",\"width\":800,\"height\":800},{\"@type\":\"BreadcrumbList\",\"@id\":\"https:\/\/ajishop.ma\/shop\/appareils-electriques\/vacuum-flask-vacuum-flask\/#breadcrumb\",\"itemListElement\":[{\"@type\":\"ListItem\",\"position\":1,\"name\":\"Accueil\",\"item\":\"https:\/\/ajishop.ma\/\"},{\"@type\":\"ListItem\",\"position\":2,\"name\":\"Magasin\",\"item\":\"https:\/\/ajishop.ma\/shop\/\"},{\"@type\":\"ListItem\",\"position\":3,\"name\":\"VACUUM FLASK Ensemble de flacons isothermes avec 3 tasses en acier boisson\"}]},{\"@type\":\"WebSite\",\"@id\":\"https:\/\/ajishop.ma\/#website\",\"url\":\"https:\/\/ajishop.ma\/\",\"name\":\"AjiShop.ma\",\"description\":\"Produits 100% naturels, Pour votre bien \u00eatre...\",\"publisher\":{\"@id\":\"https:\/\/ajishop.ma\/#organization\"},\"potentialAction\":[{\"@type\":\"SearchAction\",\"target\":{\"@type\":\"EntryPoint\",\"urlTemplate\":\"https:\/\/ajishop.ma\/?s={search_term_string}\"},\"query-input\":{\"@type\":\"PropertyValueSpecification\",\"valueRequired\":true,\"valueName\":\"search_term_string\"}}],\"inLanguage\":\"ar\"},{\"@type\":\"Organization\",\"@id\":\"https:\/\/ajishop.ma\/#organization\",\"name\":\"AjiShop.ma\",\"url\":\"https:\/\/ajishop.ma\/\",\"logo\":{\"@type\":\"ImageObject\",\"inLanguage\":\"ar\",\"@id\":\"https:\/\/ajishop.ma\/#\/schema\/logo\/image\/\",\"url\":\"https:\/\/ajishop.ma\/wp-content\/uploads\/2024\/09\/AjiShop.ma-Horizontal-Logo-Green.png\",\"contentUrl\":\"https:\/\/ajishop.ma\/wp-content\/uploads\/2024\/09\/AjiShop.ma-Horizontal-Logo-Green.png\",\"width\":1917,\"height\":276,\"caption\":\"AjiShop.ma\"},\"image\":{\"@id\":\"https:\/\/ajishop.ma\/#\/schema\/logo\/image\/\"}}]}<\/script>\n<!-- \/ Yoast SEO plugin. -->","yoast_head_json":{"title":"VACUUM FLASK Ensemble de flacons isothermes avec 3 tasses en acier boisson - AjiShop.ma","robots":{"index":"index","follow":"follow","max-snippet":"max-snippet:-1","max-image-preview":"max-image-preview:large","max-video-preview":"max-video-preview:-1"},"canonical":"https:\/\/ajishop.ma\/ar\/shop\/appareils-electriques\/vacuum-flask-vacuum-flask\/","og_locale":"ar_AR","og_type":"article","og_title":"VACUUM FLASK Ensemble de flacons isothermes avec 3 tasses en acier boisson - AjiShop.ma","og_description":"chaude\/froide 500ml","og_url":"https:\/\/ajishop.ma\/ar\/shop\/appareils-electriques\/vacuum-flask-vacuum-flask\/","og_site_name":"AjiShop.ma","article_modified_time":"2024-11-03T23:07:54+00:00","og_image":[{"width":800,"height":800,"url":"https:\/\/ajishop.ma\/wp-content\/uploads\/2024\/11\/bott3.jpg","type":"image\/jpeg"}],"twitter_card":"summary_large_image","twitter_misc":{"\u0648\u0642\u062a \u0627\u0644\u0642\u0631\u0627\u0621\u0629 \u0627\u0644\u0645\u064f\u0642\u062f\u0651\u0631":"\u062f\u0642\u064a\u0642\u0629 \u0648\u0627\u062d\u062f\u0629"},"schema":{"@context":"https:\/\/schema.org","@graph":[{"@type":"WebPage","@id":"https:\/\/ajishop.ma\/shop\/appareils-electriques\/vacuum-flask-vacuum-flask\/","url":"https:\/\/ajishop.ma\/shop\/appareils-electriques\/vacuum-flask-vacuum-flask\/","name":"VACUUM FLASK Ensemble de flacons isothermes avec 3 tasses en acier boisson - AjiShop.ma","isPartOf":{"@id":"https:\/\/ajishop.ma\/#website"},"primaryImageOfPage":{"@id":"https:\/\/ajishop.ma\/shop\/appareils-electriques\/vacuum-flask-vacuum-flask\/#primaryimage"},"image":{"@id":"https:\/\/ajishop.ma\/shop\/appareils-electriques\/vacuum-flask-vacuum-flask\/#primaryimage"},"thumbnailUrl":"https:\/\/ajishop.ma\/wp-content\/uploads\/2024\/11\/bott3.jpg","datePublished":"2024-11-03T22:26:20+00:00","dateModified":"2024-11-03T23:07:54+00:00","breadcrumb":{"@id":"https:\/\/ajishop.ma\/shop\/appareils-electriques\/vacuum-flask-vacuum-flask\/#breadcrumb"},"inLanguage":"ar","potentialAction":[{"@type":"ReadAction","target":["https:\/\/ajishop.ma\/shop\/appareils-electriques\/vacuum-flask-vacuum-flask\/"]}]},{"@type":"ImageObject","inLanguage":"ar","@id":"https:\/\/ajishop.ma\/shop\/appareils-electriques\/vacuum-flask-vacuum-flask\/#primaryimage","url":"https:\/\/ajishop.ma\/wp-content\/uploads\/2024\/11\/bott3.jpg","contentUrl":"https:\/\/ajishop.ma\/wp-content\/uploads\/2024\/11\/bott3.jpg","width":800,"height":800},{"@type":"BreadcrumbList","@id":"https:\/\/ajishop.ma\/shop\/appareils-electriques\/vacuum-flask-vacuum-flask\/#breadcrumb","itemListElement":[{"@type":"ListItem","position":1,"name":"Accueil","item":"https:\/\/ajishop.ma\/"},{"@type":"ListItem","position":2,"name":"Magasin","item":"https:\/\/ajishop.ma\/shop\/"},{"@type":"ListItem","position":3,"name":"VACUUM FLASK Ensemble de flacons isothermes avec 3 tasses en acier boisson"}]},{"@type":"WebSite","@id":"https:\/\/ajishop.ma\/#website","url":"https:\/\/ajishop.ma\/","name":"AjiShop.ma","description":"Produits 100% naturels, Pour votre bien \u00eatre...","publisher":{"@id":"https:\/\/ajishop.ma\/#organization"},"potentialAction":[{"@type":"SearchAction","target":{"@type":"EntryPoint","urlTemplate":"https:\/\/ajishop.ma\/?s={search_term_string}"},"query-input":{"@type":"PropertyValueSpecification","valueRequired":true,"valueName":"search_term_string"}}],"inLanguage":"ar"},{"@type":"Organization","@id":"https:\/\/ajishop.ma\/#organization","name":"AjiShop.ma","url":"https:\/\/ajishop.ma\/","logo":{"@type":"ImageObject","inLanguage":"ar","@id":"https:\/\/ajishop.ma\/#\/schema\/logo\/image\/","url":"https:\/\/ajishop.ma\/wp-content\/uploads\/2024\/09\/AjiShop.ma-Horizontal-Logo-Green.png","contentUrl":"https:\/\/ajishop.ma\/wp-content\/uploads\/2024\/09\/AjiShop.ma-Horizontal-Logo-Green.png","width":1917,"height":276,"caption":"AjiShop.ma"},"image":{"@id":"https:\/\/ajishop.ma\/#\/schema\/logo\/image\/"}}]}},"_links":{"self":[{"href":"https:\/\/ajishop.ma\/ar\/wp-json\/wp\/v2\/product\/16399"}],"collection":[{"href":"https:\/\/ajishop.ma\/ar\/wp-json\/wp\/v2\/product"}],"about":[{"href":"https:\/\/ajishop.ma\/ar\/wp-json\/wp\/v2\/types\/product"}],"replies":[{"embeddable":true,"href":"https:\/\/ajishop.ma\/ar\/wp-json\/wp\/v2\/comments?post=16399"}],"version-history":[{"count":3,"href":"https:\/\/ajishop.ma\/ar\/wp-json\/wp\/v2\/product\/16399\/revisions"}],"predecessor-version":[{"id":16413,"href":"https:\/\/ajishop.ma\/ar\/wp-json\/wp\/v2\/product\/16399\/revisions\/16413"}],"wp:featuredmedia":[{"embeddable":true,"href":"https:\/\/ajishop.ma\/ar\/wp-json\/wp\/v2\/media\/16404"}],"wp:attachment":[{"href":"https:\/\/ajishop.ma\/ar\/wp-json\/wp\/v2\/media?parent=16399"}],"wp:term":[{"taxonomy":"product_cat","embeddable":true,"href":"https:\/\/ajishop.ma\/ar\/wp-json\/wp\/v2\/product_cat?post=16399"},{"taxonomy":"product_tag","embeddable":true,"href":"https:\/\/ajishop.ma\/ar\/wp-json\/wp\/v2\/product_tag?post=16399"}],"curies":[{"name":"wp","href":"https:\/\/api.w.org\/{rel}","templated":true}]}}