{"id":16420,"date":"2024-11-04T00:39:54","date_gmt":"2024-11-03T23:39:54","guid":{"rendered":"https:\/\/ajishop.ma\/?post_type=product&#038;p=16420"},"modified":"2024-11-05T13:48:37","modified_gmt":"2024-11-05T12:48:37","slug":"etagere-de-chaussures-support-de-chaussures-6-niveaux","status":"publish","type":"product","link":"https:\/\/ajishop.ma\/ar\/shop\/appareils-electriques\/etagere-de-chaussures-support-de-chaussures-6-niveaux\/","title":{"rendered":"\u062d\u0627\u0645\u0644\u0629 \u0627\u0644\u0627\u062d\u062f\u064a\u0629 6 \u0631\u0641\u0648\u0641"},"content":{"rendered":"<div data-elementor-type=\"wp-post\" data-elementor-id=\"16420\" class=\"elementor elementor-16420\">\n\t\t\t\t<div class=\"wd-negative-gap elementor-element elementor-element-3148d1d lang-fr e-flex e-con-boxed e-con e-parent\" data-id=\"3148d1d\" data-element_type=\"container\">\n\t\t\t\t\t<div class=\"e-con-inner\">\n\t\t\t\t<div class=\"elementor-element elementor-element-ff22f2f color-scheme-inherit text-left elementor-widget elementor-widget-text-editor\" data-id=\"ff22f2f\" data-element_type=\"widget\" data-widget_type=\"text-editor.default\">\n\t\t\t\t<div class=\"elementor-widget-container\">\n\t\t\t\t\t\t\t<p style=\"text-align: left\">Notre \u00e9tag\u00e8re \u00e0 chaussures est suffisamment solide pour \u00eatre remplie des chaussures les plus lourdes sans se plier ni se casser.<\/p><p style=\"text-align: left\">Elle est \u00e9galement facile \u00e0 saisir et \u00e0 d\u00e9placer gr\u00e2ce \u00e0 sa conception \u00e0 poign\u00e9e circulaire.\u00a0<\/p><p style=\"text-align: left\">Mesurant 56x30x95.CM et ayant 5 \u00e9tag\u00e8res \u00e0 chaussures s\u00e9par\u00e9es, notre casier \u00e0 chaussures de sport contient beaucoup d\u2019espace pour contenir toutes vos chaussures et plus.<\/p><p style=\"text-align: left\">SOLUTION D&#8217;\u00c9CONOMIE D&#8217;ESPACE &#8211; Si vous avez plusieurs paires de chaussures occupant l&#8217;espace n\u00e9cessaire dans votre chambre et votre placard, notre porte-chaussures est le moyen id\u00e9al d&#8217;organiser vos chaussures tout en lib\u00e9rant cet espace indispensable.<\/p><p style=\"text-align: left\">Fonctionnalit\u00e9 en option: vous pouvez supprimer un calque pour adapter non seulement des bottes, des talons, mais \u00e9galement des sacs \u00e0 main ou autres accessoires plus grandsPOLYVALENT \uff1a<\/p><p style=\"text-align: left\">Non seulement une \u00e9tag\u00e8re \u00e0 chaussures, mais \u00e9galement une \u00e9tag\u00e8re \u00e0 livres, une \u00e9tag\u00e8re de rangement au bureau, un organiseur de salle de bain ou m\u00eame une \u00e9tag\u00e8re de rangement. Vous pouvez l&#8217;utiliser \u00e0 la maison, dans la cuisine, au bureau, sur un balcon ou dans le jardin.<\/p>\t\t\t\t\t\t<\/div>\n\t\t\t\t<\/div>\n\t\t\t\t\t<\/div>\n\t\t\t\t<\/div>\n\t\t<div class=\"wd-negative-gap elementor-element elementor-element-90df372 lang-ar e-flex e-con-boxed e-con e-parent\" data-id=\"90df372\" data-element_type=\"container\">\n\t\t\t\t\t<div class=\"e-con-inner\">\n\t\t\t\t<div class=\"elementor-element elementor-element-4bf4524 color-scheme-inherit text-left elementor-widget elementor-widget-text-editor\" data-id=\"4bf4524\" data-element_type=\"widget\" data-widget_type=\"text-editor.default\">\n\t\t\t\t<div class=\"elementor-widget-container\">\n\t\t\t\t\t\t\t<p style=\"text-align: right\">\u0637\u0628\u0642\u0627\u062a \u0645\u062a\u0639\u062f\u062f\u0629: \u0625\u0644\u0649 6 \u0637\u0628\u0642\u0627\u062a \u0644\u062a\u062e\u0632\u064a\u0646 \u062c\u0645\u064a\u0639 \u062d\u0630\u0627\u0626\u0643 \u0641\u064a \u0645\u0643\u0627\u0646 \u0648\u0627\u062d\u062f<\/p><p style=\"text-align: right\">\u062a\u062c\u0645\u064a\u0639 \u0633\u0647\u0644: \u062a\u0635\u0645\u064a\u0645 \u0628\u0633\u064a\u0637 \u0644\u062a\u062c\u0645\u064a\u0639 \u0633\u0647\u0644 \u0648\u0633\u0631\u064a\u0639 \u062f\u0648\u0646 \u0627\u0644\u062d\u0627\u062c\u0629 \u0625\u0644\u0649 \u0623\u064a \u0623\u062f\u0648\u0627\u062a<\/p><p style=\"text-align: right\">\u0642\u0627\u0628\u0644 \u0644\u0644\u0648\u0642\u0648\u0641 \u0628\u062d\u0631\u064a\u0629: \u0644\u0627 \u062d\u0627\u062c\u0629 \u0644\u062d\u0641\u0631 \u062b\u0642\u0648\u0628 \u0623\u0648 \u0625\u062a\u0644\u0627\u0641 \u0627\u0644\u062c\u062f\u0631\u0627\u0646\u060c \u0631\u0641 \u0627\u0644\u0623\u062d\u0630\u064a\u0629 \u0647\u0630\u0627 \u0642\u0627\u0626\u0645 \u0628\u0630\u0627\u062a\u0647 \u0648\u064a\u0645\u0643\u0646 \u0648\u0636\u0639\u0647 \u0641\u064a \u0623\u064a \u0645\u0643\u0627\u0646<\/p><p style=\"text-align: right\">\u0627\u0642\u062a\u0635\u0627\u062f\u064a: \u062d\u0644 \u0639\u0645\u0644\u064a \u0648\u0628\u0623\u0633\u0639\u0627\u0631 \u0645\u0639\u0642\u0648\u0644\u0629 \u0644\u0644\u062d\u0641\u0627\u0638 \u0639\u0644\u0649 \u062d\u0630\u0627\u0626\u0643 \u0645\u0646\u0638\u0645\u064b\u0627 \u0648\u0645\u0631\u062a\u0628\u064b\u0627<\/p><p style=\"text-align: right\">\u0645\u062a\u0639\u062f\u062f \u0627\u0644\u0627\u0633\u062a\u062e\u062f\u0627\u0645\u0627\u062a: \u0645\u0646\u0627\u0633\u0628 \u0644\u0645\u062e\u062a\u0644\u0641 \u0627\u0644\u0645\u0633\u0627\u062d\u0627\u062a \u0645\u062b\u0644 \u063a\u0631\u0641\u0629 \u0627\u0644\u0645\u0639\u064a\u0634\u0629\u060c \u0648\u0627\u0644\u0645\u0646\u0632\u0644 \u0627\u0644\u0645\u0633\u062a\u0623\u062c\u0631\u060c \u0648\u0645\u062f\u062e\u0644 \u0627\u0644\u0633\u0643\u0646 \u0627\u0644\u062c\u0627\u0645\u0639\u064a\u060c \u0648\u0627\u0644\u0645\u0632\u064a\u062f<\/p>\t\t\t\t\t\t<\/div>\n\t\t\t\t<\/div>\n\t\t\t\t\t<\/div>\n\t\t\t\t<\/div>\n\t\t\t\t<\/div>","protected":false},"excerpt":{"rendered":"<p>Notre \u00e9tag\u00e8re \u00e0 chaussures est suffisamment solide pour \u00eatre remplie des chaussures les plus lourdes sans se plier ni se<\/p>","protected":false},"featured_media":16421,"comment_status":"open","ping_status":"closed","template":"","meta":[],"product_cat":[86],"product_tag":[],"yoast_head":"<!-- This site is optimized with the Yoast SEO plugin v23.4 - https:\/\/yoast.com\/wordpress\/plugins\/seo\/ -->\n<title>Etagere de chaussures Support de Chaussures 6 Niveaux - AjiShop.ma<\/title>\n<meta name=\"robots\" content=\"index, follow, max-snippet:-1, max-image-preview:large, max-video-preview:-1\" \/>\n<link rel=\"canonical\" href=\"https:\/\/ajishop.ma\/ar\/shop\/appareils-electriques\/etagere-de-chaussures-support-de-chaussures-6-niveaux\/\" \/>\n<meta property=\"og:locale\" content=\"ar_AR\" \/>\n<meta property=\"og:type\" content=\"article\" \/>\n<meta property=\"og:title\" content=\"Etagere de chaussures Support de Chaussures 6 Niveaux - AjiShop.ma\" \/>\n<meta property=\"og:description\" content=\"Notre \u00e9tag\u00e8re \u00e0 chaussures est suffisamment solide pour \u00eatre remplie des chaussures les plus lourdes sans se plier ni se\" \/>\n<meta property=\"og:url\" content=\"https:\/\/ajishop.ma\/ar\/shop\/appareils-electriques\/etagere-de-chaussures-support-de-chaussures-6-niveaux\/\" \/>\n<meta property=\"og:site_name\" content=\"AjiShop.ma\" \/>\n<meta property=\"article:modified_time\" content=\"2024-11-05T12:48:37+00:00\" \/>\n<meta property=\"og:image\" content=\"https:\/\/ajishop.ma\/wp-content\/uploads\/2024\/11\/raf5.jpg\" \/>\n\t<meta property=\"og:image:width\" content=\"1280\" \/>\n\t<meta property=\"og:image:height\" content=\"1252\" \/>\n\t<meta property=\"og:image:type\" content=\"image\/jpeg\" \/>\n<meta name=\"twitter:card\" content=\"summary_large_image\" \/>\n<meta name=\"twitter:label1\" content=\"\u0648\u0642\u062a \u0627\u0644\u0642\u0631\u0627\u0621\u0629 \u0627\u0644\u0645\u064f\u0642\u062f\u0651\u0631\" \/>\n\t<meta name=\"twitter:data1\" content=\"\u062f\u0642\u064a\u0642\u0629 \u0648\u0627\u062d\u062f\u0629\" \/>\n<script type=\"application\/ld+json\" class=\"yoast-schema-graph\">{\"@context\":\"https:\/\/schema.org\",\"@graph\":[{\"@type\":\"WebPage\",\"@id\":\"https:\/\/ajishop.ma\/shop\/appareils-electriques\/etagere-de-chaussures-support-de-chaussures-6-niveaux\/\",\"url\":\"https:\/\/ajishop.ma\/shop\/appareils-electriques\/etagere-de-chaussures-support-de-chaussures-6-niveaux\/\",\"name\":\"Etagere de chaussures Support de Chaussures 6 Niveaux - AjiShop.ma\",\"isPartOf\":{\"@id\":\"https:\/\/ajishop.ma\/#website\"},\"primaryImageOfPage\":{\"@id\":\"https:\/\/ajishop.ma\/shop\/appareils-electriques\/etagere-de-chaussures-support-de-chaussures-6-niveaux\/#primaryimage\"},\"image\":{\"@id\":\"https:\/\/ajishop.ma\/shop\/appareils-electriques\/etagere-de-chaussures-support-de-chaussures-6-niveaux\/#primaryimage\"},\"thumbnailUrl\":\"https:\/\/ajishop.ma\/wp-content\/uploads\/2024\/11\/raf5.jpg\",\"datePublished\":\"2024-11-03T23:39:54+00:00\",\"dateModified\":\"2024-11-05T12:48:37+00:00\",\"breadcrumb\":{\"@id\":\"https:\/\/ajishop.ma\/shop\/appareils-electriques\/etagere-de-chaussures-support-de-chaussures-6-niveaux\/#breadcrumb\"},\"inLanguage\":\"ar\",\"potentialAction\":[{\"@type\":\"ReadAction\",\"target\":[\"https:\/\/ajishop.ma\/shop\/appareils-electriques\/etagere-de-chaussures-support-de-chaussures-6-niveaux\/\"]}]},{\"@type\":\"ImageObject\",\"inLanguage\":\"ar\",\"@id\":\"https:\/\/ajishop.ma\/shop\/appareils-electriques\/etagere-de-chaussures-support-de-chaussures-6-niveaux\/#primaryimage\",\"url\":\"https:\/\/ajishop.ma\/wp-content\/uploads\/2024\/11\/raf5.jpg\",\"contentUrl\":\"https:\/\/ajishop.ma\/wp-content\/uploads\/2024\/11\/raf5.jpg\",\"width\":1280,\"height\":1252},{\"@type\":\"BreadcrumbList\",\"@id\":\"https:\/\/ajishop.ma\/shop\/appareils-electriques\/etagere-de-chaussures-support-de-chaussures-6-niveaux\/#breadcrumb\",\"itemListElement\":[{\"@type\":\"ListItem\",\"position\":1,\"name\":\"Accueil\",\"item\":\"https:\/\/ajishop.ma\/\"},{\"@type\":\"ListItem\",\"position\":2,\"name\":\"Magasin\",\"item\":\"https:\/\/ajishop.ma\/shop\/\"},{\"@type\":\"ListItem\",\"position\":3,\"name\":\"Etagere de chaussures Support de Chaussures 6 Niveaux\"}]},{\"@type\":\"WebSite\",\"@id\":\"https:\/\/ajishop.ma\/#website\",\"url\":\"https:\/\/ajishop.ma\/\",\"name\":\"AjiShop.ma\",\"description\":\"Produits 100% naturels, Pour votre bien \u00eatre...\",\"publisher\":{\"@id\":\"https:\/\/ajishop.ma\/#organization\"},\"potentialAction\":[{\"@type\":\"SearchAction\",\"target\":{\"@type\":\"EntryPoint\",\"urlTemplate\":\"https:\/\/ajishop.ma\/?s={search_term_string}\"},\"query-input\":{\"@type\":\"PropertyValueSpecification\",\"valueRequired\":true,\"valueName\":\"search_term_string\"}}],\"inLanguage\":\"ar\"},{\"@type\":\"Organization\",\"@id\":\"https:\/\/ajishop.ma\/#organization\",\"name\":\"AjiShop.ma\",\"url\":\"https:\/\/ajishop.ma\/\",\"logo\":{\"@type\":\"ImageObject\",\"inLanguage\":\"ar\",\"@id\":\"https:\/\/ajishop.ma\/#\/schema\/logo\/image\/\",\"url\":\"https:\/\/ajishop.ma\/wp-content\/uploads\/2024\/09\/AjiShop.ma-Horizontal-Logo-Green.png\",\"contentUrl\":\"https:\/\/ajishop.ma\/wp-content\/uploads\/2024\/09\/AjiShop.ma-Horizontal-Logo-Green.png\",\"width\":1917,\"height\":276,\"caption\":\"AjiShop.ma\"},\"image\":{\"@id\":\"https:\/\/ajishop.ma\/#\/schema\/logo\/image\/\"}}]}<\/script>\n<!-- \/ Yoast SEO plugin. -->","yoast_head_json":{"title":"Etagere de chaussures Support de Chaussures 6 Niveaux - AjiShop.ma","robots":{"index":"index","follow":"follow","max-snippet":"max-snippet:-1","max-image-preview":"max-image-preview:large","max-video-preview":"max-video-preview:-1"},"canonical":"https:\/\/ajishop.ma\/ar\/shop\/appareils-electriques\/etagere-de-chaussures-support-de-chaussures-6-niveaux\/","og_locale":"ar_AR","og_type":"article","og_title":"Etagere de chaussures Support de Chaussures 6 Niveaux - AjiShop.ma","og_description":"Notre \u00e9tag\u00e8re \u00e0 chaussures est suffisamment solide pour \u00eatre remplie des chaussures les plus lourdes sans se plier ni se","og_url":"https:\/\/ajishop.ma\/ar\/shop\/appareils-electriques\/etagere-de-chaussures-support-de-chaussures-6-niveaux\/","og_site_name":"AjiShop.ma","article_modified_time":"2024-11-05T12:48:37+00:00","og_image":[{"width":1280,"height":1252,"url":"https:\/\/ajishop.ma\/wp-content\/uploads\/2024\/11\/raf5.jpg","type":"image\/jpeg"}],"twitter_card":"summary_large_image","twitter_misc":{"\u0648\u0642\u062a \u0627\u0644\u0642\u0631\u0627\u0621\u0629 \u0627\u0644\u0645\u064f\u0642\u062f\u0651\u0631":"\u062f\u0642\u064a\u0642\u0629 \u0648\u0627\u062d\u062f\u0629"},"schema":{"@context":"https:\/\/schema.org","@graph":[{"@type":"WebPage","@id":"https:\/\/ajishop.ma\/shop\/appareils-electriques\/etagere-de-chaussures-support-de-chaussures-6-niveaux\/","url":"https:\/\/ajishop.ma\/shop\/appareils-electriques\/etagere-de-chaussures-support-de-chaussures-6-niveaux\/","name":"Etagere de chaussures Support de Chaussures 6 Niveaux - AjiShop.ma","isPartOf":{"@id":"https:\/\/ajishop.ma\/#website"},"primaryImageOfPage":{"@id":"https:\/\/ajishop.ma\/shop\/appareils-electriques\/etagere-de-chaussures-support-de-chaussures-6-niveaux\/#primaryimage"},"image":{"@id":"https:\/\/ajishop.ma\/shop\/appareils-electriques\/etagere-de-chaussures-support-de-chaussures-6-niveaux\/#primaryimage"},"thumbnailUrl":"https:\/\/ajishop.ma\/wp-content\/uploads\/2024\/11\/raf5.jpg","datePublished":"2024-11-03T23:39:54+00:00","dateModified":"2024-11-05T12:48:37+00:00","breadcrumb":{"@id":"https:\/\/ajishop.ma\/shop\/appareils-electriques\/etagere-de-chaussures-support-de-chaussures-6-niveaux\/#breadcrumb"},"inLanguage":"ar","potentialAction":[{"@type":"ReadAction","target":["https:\/\/ajishop.ma\/shop\/appareils-electriques\/etagere-de-chaussures-support-de-chaussures-6-niveaux\/"]}]},{"@type":"ImageObject","inLanguage":"ar","@id":"https:\/\/ajishop.ma\/shop\/appareils-electriques\/etagere-de-chaussures-support-de-chaussures-6-niveaux\/#primaryimage","url":"https:\/\/ajishop.ma\/wp-content\/uploads\/2024\/11\/raf5.jpg","contentUrl":"https:\/\/ajishop.ma\/wp-content\/uploads\/2024\/11\/raf5.jpg","width":1280,"height":1252},{"@type":"BreadcrumbList","@id":"https:\/\/ajishop.ma\/shop\/appareils-electriques\/etagere-de-chaussures-support-de-chaussures-6-niveaux\/#breadcrumb","itemListElement":[{"@type":"ListItem","position":1,"name":"Accueil","item":"https:\/\/ajishop.ma\/"},{"@type":"ListItem","position":2,"name":"Magasin","item":"https:\/\/ajishop.ma\/shop\/"},{"@type":"ListItem","position":3,"name":"Etagere de chaussures Support de Chaussures 6 Niveaux"}]},{"@type":"WebSite","@id":"https:\/\/ajishop.ma\/#website","url":"https:\/\/ajishop.ma\/","name":"AjiShop.ma","description":"Produits 100% naturels, Pour votre bien \u00eatre...","publisher":{"@id":"https:\/\/ajishop.ma\/#organization"},"potentialAction":[{"@type":"SearchAction","target":{"@type":"EntryPoint","urlTemplate":"https:\/\/ajishop.ma\/?s={search_term_string}"},"query-input":{"@type":"PropertyValueSpecification","valueRequired":true,"valueName":"search_term_string"}}],"inLanguage":"ar"},{"@type":"Organization","@id":"https:\/\/ajishop.ma\/#organization","name":"AjiShop.ma","url":"https:\/\/ajishop.ma\/","logo":{"@type":"ImageObject","inLanguage":"ar","@id":"https:\/\/ajishop.ma\/#\/schema\/logo\/image\/","url":"https:\/\/ajishop.ma\/wp-content\/uploads\/2024\/09\/AjiShop.ma-Horizontal-Logo-Green.png","contentUrl":"https:\/\/ajishop.ma\/wp-content\/uploads\/2024\/09\/AjiShop.ma-Horizontal-Logo-Green.png","width":1917,"height":276,"caption":"AjiShop.ma"},"image":{"@id":"https:\/\/ajishop.ma\/#\/schema\/logo\/image\/"}}]}},"_links":{"self":[{"href":"https:\/\/ajishop.ma\/ar\/wp-json\/wp\/v2\/product\/16420"}],"collection":[{"href":"https:\/\/ajishop.ma\/ar\/wp-json\/wp\/v2\/product"}],"about":[{"href":"https:\/\/ajishop.ma\/ar\/wp-json\/wp\/v2\/types\/product"}],"replies":[{"embeddable":true,"href":"https:\/\/ajishop.ma\/ar\/wp-json\/wp\/v2\/comments?post=16420"}],"version-history":[{"count":4,"href":"https:\/\/ajishop.ma\/ar\/wp-json\/wp\/v2\/product\/16420\/revisions"}],"predecessor-version":[{"id":16525,"href":"https:\/\/ajishop.ma\/ar\/wp-json\/wp\/v2\/product\/16420\/revisions\/16525"}],"wp:featuredmedia":[{"embeddable":true,"href":"https:\/\/ajishop.ma\/ar\/wp-json\/wp\/v2\/media\/16421"}],"wp:attachment":[{"href":"https:\/\/ajishop.ma\/ar\/wp-json\/wp\/v2\/media?parent=16420"}],"wp:term":[{"taxonomy":"product_cat","embeddable":true,"href":"https:\/\/ajishop.ma\/ar\/wp-json\/wp\/v2\/product_cat?post=16420"},{"taxonomy":"product_tag","embeddable":true,"href":"https:\/\/ajishop.ma\/ar\/wp-json\/wp\/v2\/product_tag?post=16420"}],"curies":[{"name":"wp","href":"https:\/\/api.w.org\/{rel}","templated":true}]}}