{"id":16433,"date":"2024-11-04T01:10:32","date_gmt":"2024-11-04T00:10:32","guid":{"rendered":"https:\/\/ajishop.ma\/?post_type=product&#038;p=16433"},"modified":"2024-11-04T01:10:33","modified_gmt":"2024-11-04T00:10:33","slug":"lampe-de-table-en-cristal","status":"publish","type":"product","link":"https:\/\/ajishop.ma\/ar\/shop\/appareils-electriques\/lampe-de-table-en-cristal\/","title":{"rendered":"\u0645\u0635\u0628\u0627\u062d \u0637\u0627\u0648\u0644\u0629 \u0643\u0631\u064a\u0633\u062a\u0627\u0644 \u064a\u0639\u0645\u0644 \u0628\u0627\u0644\u0644\u0645\u0633\u060c \u0625\u0636\u0627\u0621\u0629 \u062f\u064a\u0643\u0648\u0631\u064a\u0629 \u062f\u0627\u062e\u0644\u064a\u0629 + \u062c\u0647\u0627\u0632 \u062a\u062d\u0643\u0645 \u0639\u0646 \u0628\u0639\u062f"},"content":{"rendered":"<p>Lumi\u00e8re \u00e0 trois couleurs et lumi\u00e8re \u00e0 16 couleurs (en option):<br \/>\nLumi\u00e8re tricolore: lumi\u00e8re chaude + lumi\u00e8re blanche chaude + lumi\u00e8re blanche.<br \/>\n16 lumi\u00e8res de couleur: lumi\u00e8re chaude + lumi\u00e8re blanche chaude + lumi\u00e8re blanche + lumi\u00e8re jaune + lumi\u00e8re bleue + lumi\u00e8re rouge, etc., un total de 16 couleurs. Lumi\u00e8re forte et faible luminosit\u00e9 r\u00e9glable (peut \u00eatre utilis\u00e9 comme lumi\u00e8re de l&#8217;atmosph\u00e8re, peut \u00eatre utilis\u00e9 comme \u00e9clairage).<\/p>\n<p>Lampe de table diamant en cristal: la nouvelle lampe de table de chevet en cristal est une exp\u00e9rience moderne simple et \u00e9l\u00e9gante. Gr\u00e2ce \u00e0 la technologie 3D, la lumi\u00e8re et l&#8217;ombre sont entrelac\u00e9es et une couche de roses de lumi\u00e8re fleurit sur le dessus de la table.<\/p>\n<p>Rendez l&#8217;environnement de la lumi\u00e8re ambiante de diamant plein de romantisme infini<\/p>\n<p>La conception de l&#8217;interrupteur tactile est intime et pratique, et la lumi\u00e8re est d\u00e9licate, confortable et naturelle, ce qui prot\u00e8ge le sant\u00e9 de vous et de votre famille.<\/p>\n<p>Pr\u00e9cision : la lampe de table en acrylique a un aspect lisse. Les diamants taill\u00e9s dans le tableau carr\u00e9 refl\u00e8tent les roses \u00e9tincelantes des diamants, montrant le charmant effet de lumi\u00e8re et d&#8217;ombre, luxueux et g\u00e9n\u00e9reux.<\/p>\n<p>Super batterie : longue dur\u00e9e de vie de la batterie et chargement pratique.<\/p>\n<p>Livr\u00e9 avec cable USB, charge pendant 1 \u00e0 3 heures, \u00e9clairage pendant 10 \u00e0 12 heures, il est tr\u00e8s pratique de charger via le port USB.<\/p>\n<p class=\" translation-block\">\u0636\u0648\u0621 \u062b\u0644\u0627\u062b\u064a \u0627\u0644\u0623\u0644\u0648\u0627\u0646 \u0648\u0636\u0648\u0621 16 \u0644\u0648\u0646\u064b\u0627 (\u0627\u062e\u062a\u064a\u0627\u0631\u064a):\n\u0636\u0648\u0621 \u062b\u0644\u0627\u062b\u064a \u0627\u0644\u0623\u0644\u0648\u0627\u0646: \u0636\u0648\u0621 \u062f\u0627\u0641\u0626 + \u0636\u0648\u0621 \u0623\u0628\u064a\u0636 \u062f\u0627\u0641\u0626 + \u0636\u0648\u0621 \u0623\u0628\u064a\u0636.\n16 \u0644\u0648\u0646\u064b\u0627: \u0636\u0648\u0621 \u062f\u0627\u0641\u0626 + \u0636\u0648\u0621 \u0623\u0628\u064a\u0636 \u062f\u0627\u0641\u0626 + \u0636\u0648\u0621 \u0623\u0628\u064a\u0636 + \u0636\u0648\u0621 \u0623\u0635\u0641\u0631 + \u0636\u0648\u0621 \u0623\u0632\u0631\u0642 + \u0636\u0648\u0621 \u0623\u062d\u0645\u0631\u060c \u0625\u0644\u062e\u060c \u0625\u062c\u0645\u0627\u0644\u064a 16 \u0644\u0648\u0646\u064b\u0627. \u0636\u0648\u0621 \u0642\u0648\u064a \u0648\u0633\u0637\u0648\u0639 \u0645\u0646\u062e\u0641\u0636 \u0642\u0627\u0628\u0644 \u0644\u0644\u062a\u0639\u062f\u064a\u0644 (\u064a\u0645\u0643\u0646 \u0627\u0633\u062a\u062e\u062f\u0627\u0645\u0647 \u0643\u0625\u0636\u0627\u0621\u0629 \u0644\u0644\u062c\u0648\u060c \u0648\u064a\u0645\u0643\u0646 \u0627\u0633\u062a\u062e\u062f\u0627\u0645\u0647 \u0643\u0625\u0636\u0627\u0621\u0629).<\/p>\n<p>Remarque:<br \/>\nLe Design est susceptible de changer en fonction du stock disponible.<br \/>\nEn raison de l&#8217;effet de lumi\u00e8re, la couleur r\u00e9elle peut \u00eatre diff\u00e9rente de la couleur sur site<br \/>\nVeuillez permettre des diff\u00e9rences de 1 \u00e0 3cm en raison de la mesure manuelle.<br \/>\nCouleur: comme image<\/p>","protected":false},"excerpt":{"rendered":"<p>Lumi\u00e8re \u00e0 trois couleurs et lumi\u00e8re \u00e0 16 couleurs (en option): Lumi\u00e8re tricolore: lumi\u00e8re chaude + lumi\u00e8re blanche chaude +<\/p>","protected":false},"featured_media":16437,"comment_status":"open","ping_status":"closed","template":"","meta":[],"product_cat":[86],"product_tag":[],"yoast_head":"<!-- This site is optimized with the Yoast SEO plugin v23.4 - https:\/\/yoast.com\/wordpress\/plugins\/seo\/ -->\n<title>Lampe de Table en cristal tactile luminaire d\u00e9coratif d&#039;int\u00e9rieur + t\u00e9l\u00e9commande - AjiShop.ma<\/title>\n<meta name=\"robots\" content=\"index, follow, max-snippet:-1, max-image-preview:large, max-video-preview:-1\" \/>\n<link rel=\"canonical\" href=\"https:\/\/ajishop.ma\/ar\/shop\/appareils-electriques\/lampe-de-table-en-cristal\/\" \/>\n<meta property=\"og:locale\" content=\"ar_AR\" \/>\n<meta property=\"og:type\" content=\"article\" \/>\n<meta property=\"og:title\" content=\"Lampe de Table en cristal tactile luminaire d\u00e9coratif d&#039;int\u00e9rieur + t\u00e9l\u00e9commande - AjiShop.ma\" \/>\n<meta property=\"og:description\" content=\"Lumi\u00e8re \u00e0 trois couleurs et lumi\u00e8re \u00e0 16 couleurs (en option): Lumi\u00e8re tricolore: lumi\u00e8re chaude + lumi\u00e8re blanche chaude +\" \/>\n<meta property=\"og:url\" content=\"https:\/\/ajishop.ma\/ar\/shop\/appareils-electriques\/lampe-de-table-en-cristal\/\" \/>\n<meta property=\"og:site_name\" content=\"AjiShop.ma\" \/>\n<meta property=\"article:modified_time\" content=\"2024-11-04T00:10:33+00:00\" \/>\n<meta property=\"og:image\" content=\"https:\/\/ajishop.ma\/wp-content\/uploads\/2024\/11\/kas2.jpg\" \/>\n\t<meta property=\"og:image:width\" content=\"1280\" \/>\n\t<meta property=\"og:image:height\" content=\"1280\" \/>\n\t<meta property=\"og:image:type\" content=\"image\/jpeg\" \/>\n<meta name=\"twitter:card\" content=\"summary_large_image\" \/>\n<meta name=\"twitter:label1\" content=\"\u0648\u0642\u062a \u0627\u0644\u0642\u0631\u0627\u0621\u0629 \u0627\u0644\u0645\u064f\u0642\u062f\u0651\u0631\" \/>\n\t<meta name=\"twitter:data1\" content=\"\u062f\u0642\u064a\u0642\u062a\u0627\u0646\" \/>\n<script type=\"application\/ld+json\" class=\"yoast-schema-graph\">{\"@context\":\"https:\/\/schema.org\",\"@graph\":[{\"@type\":\"WebPage\",\"@id\":\"https:\/\/ajishop.ma\/shop\/appareils-electriques\/lampe-de-table-en-cristal\/\",\"url\":\"https:\/\/ajishop.ma\/shop\/appareils-electriques\/lampe-de-table-en-cristal\/\",\"name\":\"Lampe de Table en cristal tactile luminaire d\u00e9coratif d'int\u00e9rieur + t\u00e9l\u00e9commande - AjiShop.ma\",\"isPartOf\":{\"@id\":\"https:\/\/ajishop.ma\/#website\"},\"primaryImageOfPage\":{\"@id\":\"https:\/\/ajishop.ma\/shop\/appareils-electriques\/lampe-de-table-en-cristal\/#primaryimage\"},\"image\":{\"@id\":\"https:\/\/ajishop.ma\/shop\/appareils-electriques\/lampe-de-table-en-cristal\/#primaryimage\"},\"thumbnailUrl\":\"https:\/\/ajishop.ma\/wp-content\/uploads\/2024\/11\/kas2.jpg\",\"datePublished\":\"2024-11-04T00:10:32+00:00\",\"dateModified\":\"2024-11-04T00:10:33+00:00\",\"breadcrumb\":{\"@id\":\"https:\/\/ajishop.ma\/shop\/appareils-electriques\/lampe-de-table-en-cristal\/#breadcrumb\"},\"inLanguage\":\"ar\",\"potentialAction\":[{\"@type\":\"ReadAction\",\"target\":[\"https:\/\/ajishop.ma\/shop\/appareils-electriques\/lampe-de-table-en-cristal\/\"]}]},{\"@type\":\"ImageObject\",\"inLanguage\":\"ar\",\"@id\":\"https:\/\/ajishop.ma\/shop\/appareils-electriques\/lampe-de-table-en-cristal\/#primaryimage\",\"url\":\"https:\/\/ajishop.ma\/wp-content\/uploads\/2024\/11\/kas2.jpg\",\"contentUrl\":\"https:\/\/ajishop.ma\/wp-content\/uploads\/2024\/11\/kas2.jpg\",\"width\":1280,\"height\":1280},{\"@type\":\"BreadcrumbList\",\"@id\":\"https:\/\/ajishop.ma\/shop\/appareils-electriques\/lampe-de-table-en-cristal\/#breadcrumb\",\"itemListElement\":[{\"@type\":\"ListItem\",\"position\":1,\"name\":\"Accueil\",\"item\":\"https:\/\/ajishop.ma\/\"},{\"@type\":\"ListItem\",\"position\":2,\"name\":\"Magasin\",\"item\":\"https:\/\/ajishop.ma\/shop\/\"},{\"@type\":\"ListItem\",\"position\":3,\"name\":\"Lampe de Table en cristal tactile luminaire d\u00e9coratif d&#8217;int\u00e9rieur + t\u00e9l\u00e9commande\"}]},{\"@type\":\"WebSite\",\"@id\":\"https:\/\/ajishop.ma\/#website\",\"url\":\"https:\/\/ajishop.ma\/\",\"name\":\"AjiShop.ma\",\"description\":\"Produits 100% naturels, Pour votre bien \u00eatre...\",\"publisher\":{\"@id\":\"https:\/\/ajishop.ma\/#organization\"},\"potentialAction\":[{\"@type\":\"SearchAction\",\"target\":{\"@type\":\"EntryPoint\",\"urlTemplate\":\"https:\/\/ajishop.ma\/?s={search_term_string}\"},\"query-input\":{\"@type\":\"PropertyValueSpecification\",\"valueRequired\":true,\"valueName\":\"search_term_string\"}}],\"inLanguage\":\"ar\"},{\"@type\":\"Organization\",\"@id\":\"https:\/\/ajishop.ma\/#organization\",\"name\":\"AjiShop.ma\",\"url\":\"https:\/\/ajishop.ma\/\",\"logo\":{\"@type\":\"ImageObject\",\"inLanguage\":\"ar\",\"@id\":\"https:\/\/ajishop.ma\/#\/schema\/logo\/image\/\",\"url\":\"https:\/\/ajishop.ma\/wp-content\/uploads\/2024\/09\/AjiShop.ma-Horizontal-Logo-Green.png\",\"contentUrl\":\"https:\/\/ajishop.ma\/wp-content\/uploads\/2024\/09\/AjiShop.ma-Horizontal-Logo-Green.png\",\"width\":1917,\"height\":276,\"caption\":\"AjiShop.ma\"},\"image\":{\"@id\":\"https:\/\/ajishop.ma\/#\/schema\/logo\/image\/\"}}]}<\/script>\n<!-- \/ Yoast SEO plugin. -->","yoast_head_json":{"title":"Lampe de Table en cristal tactile luminaire d\u00e9coratif d'int\u00e9rieur + t\u00e9l\u00e9commande - AjiShop.ma","robots":{"index":"index","follow":"follow","max-snippet":"max-snippet:-1","max-image-preview":"max-image-preview:large","max-video-preview":"max-video-preview:-1"},"canonical":"https:\/\/ajishop.ma\/ar\/shop\/appareils-electriques\/lampe-de-table-en-cristal\/","og_locale":"ar_AR","og_type":"article","og_title":"Lampe de Table en cristal tactile luminaire d\u00e9coratif d'int\u00e9rieur + t\u00e9l\u00e9commande - AjiShop.ma","og_description":"Lumi\u00e8re \u00e0 trois couleurs et lumi\u00e8re \u00e0 16 couleurs (en option): Lumi\u00e8re tricolore: lumi\u00e8re chaude + lumi\u00e8re blanche chaude +","og_url":"https:\/\/ajishop.ma\/ar\/shop\/appareils-electriques\/lampe-de-table-en-cristal\/","og_site_name":"AjiShop.ma","article_modified_time":"2024-11-04T00:10:33+00:00","og_image":[{"width":1280,"height":1280,"url":"https:\/\/ajishop.ma\/wp-content\/uploads\/2024\/11\/kas2.jpg","type":"image\/jpeg"}],"twitter_card":"summary_large_image","twitter_misc":{"\u0648\u0642\u062a \u0627\u0644\u0642\u0631\u0627\u0621\u0629 \u0627\u0644\u0645\u064f\u0642\u062f\u0651\u0631":"\u062f\u0642\u064a\u0642\u062a\u0627\u0646"},"schema":{"@context":"https:\/\/schema.org","@graph":[{"@type":"WebPage","@id":"https:\/\/ajishop.ma\/shop\/appareils-electriques\/lampe-de-table-en-cristal\/","url":"https:\/\/ajishop.ma\/shop\/appareils-electriques\/lampe-de-table-en-cristal\/","name":"Lampe de Table en cristal tactile luminaire d\u00e9coratif d'int\u00e9rieur + t\u00e9l\u00e9commande - AjiShop.ma","isPartOf":{"@id":"https:\/\/ajishop.ma\/#website"},"primaryImageOfPage":{"@id":"https:\/\/ajishop.ma\/shop\/appareils-electriques\/lampe-de-table-en-cristal\/#primaryimage"},"image":{"@id":"https:\/\/ajishop.ma\/shop\/appareils-electriques\/lampe-de-table-en-cristal\/#primaryimage"},"thumbnailUrl":"https:\/\/ajishop.ma\/wp-content\/uploads\/2024\/11\/kas2.jpg","datePublished":"2024-11-04T00:10:32+00:00","dateModified":"2024-11-04T00:10:33+00:00","breadcrumb":{"@id":"https:\/\/ajishop.ma\/shop\/appareils-electriques\/lampe-de-table-en-cristal\/#breadcrumb"},"inLanguage":"ar","potentialAction":[{"@type":"ReadAction","target":["https:\/\/ajishop.ma\/shop\/appareils-electriques\/lampe-de-table-en-cristal\/"]}]},{"@type":"ImageObject","inLanguage":"ar","@id":"https:\/\/ajishop.ma\/shop\/appareils-electriques\/lampe-de-table-en-cristal\/#primaryimage","url":"https:\/\/ajishop.ma\/wp-content\/uploads\/2024\/11\/kas2.jpg","contentUrl":"https:\/\/ajishop.ma\/wp-content\/uploads\/2024\/11\/kas2.jpg","width":1280,"height":1280},{"@type":"BreadcrumbList","@id":"https:\/\/ajishop.ma\/shop\/appareils-electriques\/lampe-de-table-en-cristal\/#breadcrumb","itemListElement":[{"@type":"ListItem","position":1,"name":"Accueil","item":"https:\/\/ajishop.ma\/"},{"@type":"ListItem","position":2,"name":"Magasin","item":"https:\/\/ajishop.ma\/shop\/"},{"@type":"ListItem","position":3,"name":"Lampe de Table en cristal tactile luminaire d\u00e9coratif d&#8217;int\u00e9rieur + t\u00e9l\u00e9commande"}]},{"@type":"WebSite","@id":"https:\/\/ajishop.ma\/#website","url":"https:\/\/ajishop.ma\/","name":"AjiShop.ma","description":"Produits 100% naturels, Pour votre bien \u00eatre...","publisher":{"@id":"https:\/\/ajishop.ma\/#organization"},"potentialAction":[{"@type":"SearchAction","target":{"@type":"EntryPoint","urlTemplate":"https:\/\/ajishop.ma\/?s={search_term_string}"},"query-input":{"@type":"PropertyValueSpecification","valueRequired":true,"valueName":"search_term_string"}}],"inLanguage":"ar"},{"@type":"Organization","@id":"https:\/\/ajishop.ma\/#organization","name":"AjiShop.ma","url":"https:\/\/ajishop.ma\/","logo":{"@type":"ImageObject","inLanguage":"ar","@id":"https:\/\/ajishop.ma\/#\/schema\/logo\/image\/","url":"https:\/\/ajishop.ma\/wp-content\/uploads\/2024\/09\/AjiShop.ma-Horizontal-Logo-Green.png","contentUrl":"https:\/\/ajishop.ma\/wp-content\/uploads\/2024\/09\/AjiShop.ma-Horizontal-Logo-Green.png","width":1917,"height":276,"caption":"AjiShop.ma"},"image":{"@id":"https:\/\/ajishop.ma\/#\/schema\/logo\/image\/"}}]}},"_links":{"self":[{"href":"https:\/\/ajishop.ma\/ar\/wp-json\/wp\/v2\/product\/16433"}],"collection":[{"href":"https:\/\/ajishop.ma\/ar\/wp-json\/wp\/v2\/product"}],"about":[{"href":"https:\/\/ajishop.ma\/ar\/wp-json\/wp\/v2\/types\/product"}],"replies":[{"embeddable":true,"href":"https:\/\/ajishop.ma\/ar\/wp-json\/wp\/v2\/comments?post=16433"}],"version-history":[{"count":1,"href":"https:\/\/ajishop.ma\/ar\/wp-json\/wp\/v2\/product\/16433\/revisions"}],"predecessor-version":[{"id":16438,"href":"https:\/\/ajishop.ma\/ar\/wp-json\/wp\/v2\/product\/16433\/revisions\/16438"}],"wp:featuredmedia":[{"embeddable":true,"href":"https:\/\/ajishop.ma\/ar\/wp-json\/wp\/v2\/media\/16437"}],"wp:attachment":[{"href":"https:\/\/ajishop.ma\/ar\/wp-json\/wp\/v2\/media?parent=16433"}],"wp:term":[{"taxonomy":"product_cat","embeddable":true,"href":"https:\/\/ajishop.ma\/ar\/wp-json\/wp\/v2\/product_cat?post=16433"},{"taxonomy":"product_tag","embeddable":true,"href":"https:\/\/ajishop.ma\/ar\/wp-json\/wp\/v2\/product_tag?post=16433"}],"curies":[{"name":"wp","href":"https:\/\/api.w.org\/{rel}","templated":true}]}}