{"id":16439,"date":"2024-11-04T01:22:18","date_gmt":"2024-11-04T00:22:18","guid":{"rendered":"https:\/\/ajishop.ma\/?post_type=product&#038;p=16439"},"modified":"2024-11-04T01:22:18","modified_gmt":"2024-11-04T00:22:18","slug":"machine-a-coudre-electrique-portable-controle-de-la-lumiere-et-vitesse","status":"publish","type":"product","link":"https:\/\/ajishop.ma\/ar\/shop\/appareils-electriques\/machine-a-coudre-electrique-portable-controle-de-la-lumiere-et-vitesse\/","title":{"rendered":"\u0622\u0644\u0629 \u062e\u064a\u0627\u0637\u0629 \u0643\u0647\u0631\u0628\u0627\u0626\u064a\u0629 \u0645\u062d\u0645\u0648\u0644\u0629\u060c \u0645\u0639 \u0627\u0644\u062a\u062d\u0643\u0645 \u0641\u064a \u0627\u0644\u0625\u0636\u0627\u0621\u0629 \u0648\u0627\u0644\u0633\u0631\u0639\u0629"},"content":{"rendered":"<p>\u0645\u0627\u0643\u064a\u0646\u0629 \u062e\u064a\u0627\u0637\u0629 \u0643\u0647\u0631\u0628\u0627\u0626\u064a\u0629 \u0645\u062d\u0645\u0648\u0644\u0629 \u0645\u0639 \u062a\u062d\u0643\u0645 \u0641\u064a \u0627\u0644\u0636\u0648\u0621 \u0648\u0627\u0644\u0633\u0631\u0639\u0629 \u0644\u0644\u0645\u0628\u062a\u062f\u0626\u064a\u0646 \u0641\u064a \u0625\u0643\u0633\u0633\u0648\u0627\u0631\u0627\u062a \u0627\u0644\u062e\u064a\u0627\u0637\u0629 \u0627\u0644\u0645\u0646\u0632\u0644\u064a\u0629\n\u0647\u0630\u0627 \u062c\u0647\u0627\u0632 \u0644\u0645\u0634\u0627\u0631\u064a\u0639 \u0627\u0644\u062e\u064a\u0627\u0637\u0629 \u0627\u0644\u0635\u063a\u064a\u0631\u0629. \u0648\u0647\u064a \u0645\u062c\u0647\u0632\u0629 \u0628\u062e\u064a\u0637 \u0645\u0632\u062f\u0648\u062c \u0648\u0633\u0631\u0639\u0629 \u0645\u0632\u062f\u0648\u062c\u0629 \u0648\u062a\u0635\u0645\u064a\u0645 \u062e\u0641\u064a\u0641 \u0627\u0644\u0648\u0632\u0646.\n\u0627\u0644\u0645\u064a\u0632\u0629:\n\u0645\u0627\u0643\u064a\u0646\u0629 \u062e\u064a\u0627\u0637\u0629 \u0635\u063a\u064a\u0631\u0629 \u062a\u0648\u0641\u0631 \u062e\u064a\u0648\u0637 \u0645\u0632\u062f\u0648\u062c\u0629 \u0648\u062a\u062d\u0643\u0645 \u0645\u062b\u0627\u0644\u064a \u0641\u064a \u0627\u0644\u063a\u0631\u0632\u060c\n\u0631\u0624\u064a\u0629 \u0623\u0641\u0636\u0644 \u0648\u0623\u0643\u062b\u0631 \u0645\u0644\u0627\u0621\u0645\u0629 \u0641\u064a \u0642\u0637\u0639 \u0627\u0644\u062e\u064a\u0648\u0637\u060c\n\u062d\u062c\u0645 \u0635\u063a\u064a\u0631\u060c \u062e\u0641\u064a\u0641 \u0627\u0644\u0648\u0632\u0646 \u0648\u0635\u0646\u0627\u0639\u0629 \u0645\u062a\u0642\u0646\u0629\u060c\n\u0645\u0627\u0643\u064a\u0646\u0629 \u0627\u0644\u062e\u064a\u0627\u0637\u0629 \u0647\u0630\u0647 \u0647\u064a \u0645\u0627\u0643\u064a\u0646\u0629 \u062e\u064a\u0627\u0637\u0629 \u0623\u0633\u0627\u0633\u064a\u0629\u060c \u0645\u0639 \u0648\u0638\u064a\u0641\u062a\u0647\u0627 \u0633\u0647\u0644\u0629 \u0627\u0644\u0627\u0633\u062a\u062e\u062f\u0627\u0645\u060c \u0648\u0645\u0646\u0627\u0633\u0628\u0629 \u0644\u062c\u0645\u064a\u0639 \u0645\u0633\u062a\u062e\u062f\u0645\u064a \u0645\u0627\u0643\u064a\u0646\u0629 \u0627\u0644\u062e\u064a\u0627\u0637\u0629.\n\u0645\u062c\u0647\u0632\u0629 \u0628\u0645\u0635\u0628\u0627\u062d \u0625\u0636\u0627\u0621\u0629 \u0648\u0642\u0627\u0637\u0639 \u062e\u064a\u0637\u060c \u0645\u0646 \u0627\u0644\u0633\u0647\u0644 \u0642\u0637\u0639 \u0627\u0644\u062e\u064a\u0648\u0637.\n\u064a\u0645\u0643\u0646 \u0627\u0633\u062a\u062e\u062f\u0627\u0645 \u0627\u0644\u0645\u0643\u0648\u0643 \u0627\u0644\u0643\u0628\u064a\u0631 \u0645\u0639 \u062c\u0647\u0627\u0632 \u0625\u0639\u0627\u062f\u0629 \u0627\u0644\u0644\u0641 \u0644\u0627\u0633\u062a\u0628\u062f\u0627\u0644 \u0627\u0644\u0645\u0643\u0648\u0643 \u0627\u0644\u0633\u0641\u0644\u064a \u0628\u0633\u0647\u0648\u0644\u0629.\n\u062d\u062c\u0645 \u0628\u0637\u0627\u0642\u0629 \u0627\u0644\u062a\u0648\u0633\u064a\u0639: 8.6 \u0628\u0648\u0635\u0629 \u00d7 7.8 \u0628\u0648\u0635\u0629 \u00d7 4.7 \u0628\u0648\u0635\u0629\n\u0627\u0644\u0645\u0648\u0627\u0635\u0641\u0627\u062a:\n- \u0627\u0644\u062c\u0647\u062f \u0627\u0644\u0643\u0647\u0631\u0628\u064a: 100 - 240 \u0641\u0648\u0644\u062a\u060c 50 - 60 \u0647\u0631\u062a\u0632\n- \u0645\u0635\u062f\u0631 \u0627\u0644\u0637\u0627\u0642\u0629: \u0634\u0627\u062d\u0646 \u0645\u0646\u0632\u0644\u064a \u0623\u0648 4 \u0628\u0637\u0627\u0631\u064a\u0627\u062a AA (\u063a\u064a\u0631 \u0645\u062a\u0636\u0645\u0646\u0629)\n\u0627\u0644\u0645\u0627\u062f\u0629: \u0628\u0644\u0627\u0633\u062a\u064a\u0643\u060c \u0633\u062a\u0627\u0646\u0644\u0633 \u0633\u062a\u064a\u0644\n\u0627\u0644\u0627\u0633\u062a\u062e\u062f\u0627\u0645: \u0645\u0627\u0643\u064a\u0646\u0629 \u062e\u064a\u0627\u0637\u0629\n\u0648\u0632\u0646 \u0627\u0644\u0645\u0646\u062a\u062c: 0.6570 \u0643\u062c\u0645\n\u0648\u0632\u0646 \u0627\u0644\u0639\u0628\u0648\u0629: 0.9690 \u0643\u062c\u0645<\/p>\n<p>Ceci est un appareil pour les petits projets de couture. Il est \u00e9quip\u00e9 d&#8217;un double filetage, d&#8217;une double vitesse et d&#8217;un design l\u00e9ger.<\/p>\n<p>Caract\u00e9ristique:<br \/>\nMini machine \u00e0 coudre offre des doubles fils et un contr\u00f4le parfait des points<br \/>\nMeilleure vue et plus pratique dans la coupe de fil<br \/>\nMini taille, l\u00e9ger et avec un travail exquis<br \/>\nCette machine \u00e0 coudre est une machine \u00e0 coudre de base, avec sa fonction conviviale, adapt\u00e9e \u00e0 tous les utilisateurs de machines \u00e0 coudre<br \/>\nEquip\u00e9 de lampe d&#8217;\u00e9clairage et coupe-fil, facile \u00e0 couper les fils.<br \/>\nLa grande canette peut \u00eatre utilis\u00e9e avec un dispositif de rembobinage pour remplacer facilement la canette inf\u00e9rieure.<br \/>\nTaille de la carte d&#8217;extension: 8.6 pouces x 7.8 pouces x 4.7 pouces<\/p>\n<p>Sp\u00e9cifications:<br \/>\n-Tension: 100 &#8211; 240V, 50 &#8211; 60Hz<br \/>\n-Alimentation: chargeur domestique ou 4 piles AA (non incluses)<br \/>\nMat\u00e9riau: plastique, acier inoxydable<br \/>\nUtilisation: machine \u00e0 coudre<br \/>\nPoids du produit: 0.6570kg<br \/>\nPoids du colis: 0.9690kg<\/p>","protected":false},"excerpt":{"rendered":"<p>Machine \u00e0 coudre \u00e9lectrique Portable, avec contr\u00f4le de la lumi\u00e8re et de la vitesse, pour d\u00e9butant, bricolage, accessoires de couture<\/p>","protected":false},"featured_media":16441,"comment_status":"open","ping_status":"closed","template":"","meta":[],"product_cat":[86],"product_tag":[],"yoast_head":"<!-- This site is optimized with the Yoast SEO plugin v23.4 - https:\/\/yoast.com\/wordpress\/plugins\/seo\/ -->\n<title>Machine \u00e0 coudre \u00e9lectrique Portable contr\u00f4le de la lumi\u00e8re et vitesse - AjiShop.ma<\/title>\n<meta name=\"robots\" content=\"index, follow, max-snippet:-1, max-image-preview:large, max-video-preview:-1\" \/>\n<link rel=\"canonical\" href=\"https:\/\/ajishop.ma\/ar\/shop\/appareils-electriques\/machine-a-coudre-electrique-portable-controle-de-la-lumiere-et-vitesse\/\" \/>\n<meta property=\"og:locale\" content=\"ar_AR\" \/>\n<meta property=\"og:type\" content=\"article\" \/>\n<meta property=\"og:title\" content=\"Machine \u00e0 coudre \u00e9lectrique Portable contr\u00f4le de la lumi\u00e8re et vitesse - AjiShop.ma\" \/>\n<meta property=\"og:description\" content=\"Machine \u00e0 coudre \u00e9lectrique Portable, avec contr\u00f4le de la lumi\u00e8re et de la vitesse, pour d\u00e9butant, bricolage, accessoires de couture\" \/>\n<meta property=\"og:url\" content=\"https:\/\/ajishop.ma\/ar\/shop\/appareils-electriques\/machine-a-coudre-electrique-portable-controle-de-la-lumiere-et-vitesse\/\" \/>\n<meta property=\"og:site_name\" content=\"AjiShop.ma\" \/>\n<meta property=\"og:image\" content=\"https:\/\/ajishop.ma\/wp-content\/uploads\/2024\/11\/mach1.jpg\" \/>\n\t<meta property=\"og:image:width\" content=\"1280\" \/>\n\t<meta property=\"og:image:height\" content=\"1280\" \/>\n\t<meta property=\"og:image:type\" content=\"image\/jpeg\" \/>\n<meta name=\"twitter:card\" content=\"summary_large_image\" \/>\n<meta name=\"twitter:label1\" content=\"\u0648\u0642\u062a \u0627\u0644\u0642\u0631\u0627\u0621\u0629 \u0627\u0644\u0645\u064f\u0642\u062f\u0651\u0631\" \/>\n\t<meta name=\"twitter:data1\" content=\"\u062f\u0642\u064a\u0642\u0629 \u0648\u0627\u062d\u062f\u0629\" \/>\n<script type=\"application\/ld+json\" class=\"yoast-schema-graph\">{\"@context\":\"https:\/\/schema.org\",\"@graph\":[{\"@type\":\"WebPage\",\"@id\":\"https:\/\/ajishop.ma\/shop\/appareils-electriques\/machine-a-coudre-electrique-portable-controle-de-la-lumiere-et-vitesse\/\",\"url\":\"https:\/\/ajishop.ma\/shop\/appareils-electriques\/machine-a-coudre-electrique-portable-controle-de-la-lumiere-et-vitesse\/\",\"name\":\"Machine \u00e0 coudre \u00e9lectrique Portable contr\u00f4le de la lumi\u00e8re et vitesse - AjiShop.ma\",\"isPartOf\":{\"@id\":\"https:\/\/ajishop.ma\/#website\"},\"primaryImageOfPage\":{\"@id\":\"https:\/\/ajishop.ma\/shop\/appareils-electriques\/machine-a-coudre-electrique-portable-controle-de-la-lumiere-et-vitesse\/#primaryimage\"},\"image\":{\"@id\":\"https:\/\/ajishop.ma\/shop\/appareils-electriques\/machine-a-coudre-electrique-portable-controle-de-la-lumiere-et-vitesse\/#primaryimage\"},\"thumbnailUrl\":\"https:\/\/ajishop.ma\/wp-content\/uploads\/2024\/11\/mach1.jpg\",\"datePublished\":\"2024-11-04T00:22:18+00:00\",\"dateModified\":\"2024-11-04T00:22:18+00:00\",\"breadcrumb\":{\"@id\":\"https:\/\/ajishop.ma\/shop\/appareils-electriques\/machine-a-coudre-electrique-portable-controle-de-la-lumiere-et-vitesse\/#breadcrumb\"},\"inLanguage\":\"ar\",\"potentialAction\":[{\"@type\":\"ReadAction\",\"target\":[\"https:\/\/ajishop.ma\/shop\/appareils-electriques\/machine-a-coudre-electrique-portable-controle-de-la-lumiere-et-vitesse\/\"]}]},{\"@type\":\"ImageObject\",\"inLanguage\":\"ar\",\"@id\":\"https:\/\/ajishop.ma\/shop\/appareils-electriques\/machine-a-coudre-electrique-portable-controle-de-la-lumiere-et-vitesse\/#primaryimage\",\"url\":\"https:\/\/ajishop.ma\/wp-content\/uploads\/2024\/11\/mach1.jpg\",\"contentUrl\":\"https:\/\/ajishop.ma\/wp-content\/uploads\/2024\/11\/mach1.jpg\",\"width\":1280,\"height\":1280},{\"@type\":\"BreadcrumbList\",\"@id\":\"https:\/\/ajishop.ma\/shop\/appareils-electriques\/machine-a-coudre-electrique-portable-controle-de-la-lumiere-et-vitesse\/#breadcrumb\",\"itemListElement\":[{\"@type\":\"ListItem\",\"position\":1,\"name\":\"Accueil\",\"item\":\"https:\/\/ajishop.ma\/\"},{\"@type\":\"ListItem\",\"position\":2,\"name\":\"Magasin\",\"item\":\"https:\/\/ajishop.ma\/shop\/\"},{\"@type\":\"ListItem\",\"position\":3,\"name\":\"Machine \u00e0 coudre \u00e9lectrique Portable contr\u00f4le de la lumi\u00e8re et vitesse\"}]},{\"@type\":\"WebSite\",\"@id\":\"https:\/\/ajishop.ma\/#website\",\"url\":\"https:\/\/ajishop.ma\/\",\"name\":\"AjiShop.ma\",\"description\":\"Produits 100% naturels, Pour votre bien \u00eatre...\",\"publisher\":{\"@id\":\"https:\/\/ajishop.ma\/#organization\"},\"potentialAction\":[{\"@type\":\"SearchAction\",\"target\":{\"@type\":\"EntryPoint\",\"urlTemplate\":\"https:\/\/ajishop.ma\/?s={search_term_string}\"},\"query-input\":{\"@type\":\"PropertyValueSpecification\",\"valueRequired\":true,\"valueName\":\"search_term_string\"}}],\"inLanguage\":\"ar\"},{\"@type\":\"Organization\",\"@id\":\"https:\/\/ajishop.ma\/#organization\",\"name\":\"AjiShop.ma\",\"url\":\"https:\/\/ajishop.ma\/\",\"logo\":{\"@type\":\"ImageObject\",\"inLanguage\":\"ar\",\"@id\":\"https:\/\/ajishop.ma\/#\/schema\/logo\/image\/\",\"url\":\"https:\/\/ajishop.ma\/wp-content\/uploads\/2024\/09\/AjiShop.ma-Horizontal-Logo-Green.png\",\"contentUrl\":\"https:\/\/ajishop.ma\/wp-content\/uploads\/2024\/09\/AjiShop.ma-Horizontal-Logo-Green.png\",\"width\":1917,\"height\":276,\"caption\":\"AjiShop.ma\"},\"image\":{\"@id\":\"https:\/\/ajishop.ma\/#\/schema\/logo\/image\/\"}}]}<\/script>\n<!-- \/ Yoast SEO plugin. -->","yoast_head_json":{"title":"Machine \u00e0 coudre \u00e9lectrique Portable contr\u00f4le de la lumi\u00e8re et vitesse - AjiShop.ma","robots":{"index":"index","follow":"follow","max-snippet":"max-snippet:-1","max-image-preview":"max-image-preview:large","max-video-preview":"max-video-preview:-1"},"canonical":"https:\/\/ajishop.ma\/ar\/shop\/appareils-electriques\/machine-a-coudre-electrique-portable-controle-de-la-lumiere-et-vitesse\/","og_locale":"ar_AR","og_type":"article","og_title":"Machine \u00e0 coudre \u00e9lectrique Portable contr\u00f4le de la lumi\u00e8re et vitesse - AjiShop.ma","og_description":"Machine \u00e0 coudre \u00e9lectrique Portable, avec contr\u00f4le de la lumi\u00e8re et de la vitesse, pour d\u00e9butant, bricolage, accessoires de couture","og_url":"https:\/\/ajishop.ma\/ar\/shop\/appareils-electriques\/machine-a-coudre-electrique-portable-controle-de-la-lumiere-et-vitesse\/","og_site_name":"AjiShop.ma","og_image":[{"width":1280,"height":1280,"url":"https:\/\/ajishop.ma\/wp-content\/uploads\/2024\/11\/mach1.jpg","type":"image\/jpeg"}],"twitter_card":"summary_large_image","twitter_misc":{"\u0648\u0642\u062a \u0627\u0644\u0642\u0631\u0627\u0621\u0629 \u0627\u0644\u0645\u064f\u0642\u062f\u0651\u0631":"\u062f\u0642\u064a\u0642\u0629 \u0648\u0627\u062d\u062f\u0629"},"schema":{"@context":"https:\/\/schema.org","@graph":[{"@type":"WebPage","@id":"https:\/\/ajishop.ma\/shop\/appareils-electriques\/machine-a-coudre-electrique-portable-controle-de-la-lumiere-et-vitesse\/","url":"https:\/\/ajishop.ma\/shop\/appareils-electriques\/machine-a-coudre-electrique-portable-controle-de-la-lumiere-et-vitesse\/","name":"Machine \u00e0 coudre \u00e9lectrique Portable contr\u00f4le de la lumi\u00e8re et vitesse - AjiShop.ma","isPartOf":{"@id":"https:\/\/ajishop.ma\/#website"},"primaryImageOfPage":{"@id":"https:\/\/ajishop.ma\/shop\/appareils-electriques\/machine-a-coudre-electrique-portable-controle-de-la-lumiere-et-vitesse\/#primaryimage"},"image":{"@id":"https:\/\/ajishop.ma\/shop\/appareils-electriques\/machine-a-coudre-electrique-portable-controle-de-la-lumiere-et-vitesse\/#primaryimage"},"thumbnailUrl":"https:\/\/ajishop.ma\/wp-content\/uploads\/2024\/11\/mach1.jpg","datePublished":"2024-11-04T00:22:18+00:00","dateModified":"2024-11-04T00:22:18+00:00","breadcrumb":{"@id":"https:\/\/ajishop.ma\/shop\/appareils-electriques\/machine-a-coudre-electrique-portable-controle-de-la-lumiere-et-vitesse\/#breadcrumb"},"inLanguage":"ar","potentialAction":[{"@type":"ReadAction","target":["https:\/\/ajishop.ma\/shop\/appareils-electriques\/machine-a-coudre-electrique-portable-controle-de-la-lumiere-et-vitesse\/"]}]},{"@type":"ImageObject","inLanguage":"ar","@id":"https:\/\/ajishop.ma\/shop\/appareils-electriques\/machine-a-coudre-electrique-portable-controle-de-la-lumiere-et-vitesse\/#primaryimage","url":"https:\/\/ajishop.ma\/wp-content\/uploads\/2024\/11\/mach1.jpg","contentUrl":"https:\/\/ajishop.ma\/wp-content\/uploads\/2024\/11\/mach1.jpg","width":1280,"height":1280},{"@type":"BreadcrumbList","@id":"https:\/\/ajishop.ma\/shop\/appareils-electriques\/machine-a-coudre-electrique-portable-controle-de-la-lumiere-et-vitesse\/#breadcrumb","itemListElement":[{"@type":"ListItem","position":1,"name":"Accueil","item":"https:\/\/ajishop.ma\/"},{"@type":"ListItem","position":2,"name":"Magasin","item":"https:\/\/ajishop.ma\/shop\/"},{"@type":"ListItem","position":3,"name":"Machine \u00e0 coudre \u00e9lectrique Portable contr\u00f4le de la lumi\u00e8re et vitesse"}]},{"@type":"WebSite","@id":"https:\/\/ajishop.ma\/#website","url":"https:\/\/ajishop.ma\/","name":"AjiShop.ma","description":"Produits 100% naturels, Pour votre bien \u00eatre...","publisher":{"@id":"https:\/\/ajishop.ma\/#organization"},"potentialAction":[{"@type":"SearchAction","target":{"@type":"EntryPoint","urlTemplate":"https:\/\/ajishop.ma\/?s={search_term_string}"},"query-input":{"@type":"PropertyValueSpecification","valueRequired":true,"valueName":"search_term_string"}}],"inLanguage":"ar"},{"@type":"Organization","@id":"https:\/\/ajishop.ma\/#organization","name":"AjiShop.ma","url":"https:\/\/ajishop.ma\/","logo":{"@type":"ImageObject","inLanguage":"ar","@id":"https:\/\/ajishop.ma\/#\/schema\/logo\/image\/","url":"https:\/\/ajishop.ma\/wp-content\/uploads\/2024\/09\/AjiShop.ma-Horizontal-Logo-Green.png","contentUrl":"https:\/\/ajishop.ma\/wp-content\/uploads\/2024\/09\/AjiShop.ma-Horizontal-Logo-Green.png","width":1917,"height":276,"caption":"AjiShop.ma"},"image":{"@id":"https:\/\/ajishop.ma\/#\/schema\/logo\/image\/"}}]}},"_links":{"self":[{"href":"https:\/\/ajishop.ma\/ar\/wp-json\/wp\/v2\/product\/16439"}],"collection":[{"href":"https:\/\/ajishop.ma\/ar\/wp-json\/wp\/v2\/product"}],"about":[{"href":"https:\/\/ajishop.ma\/ar\/wp-json\/wp\/v2\/types\/product"}],"replies":[{"embeddable":true,"href":"https:\/\/ajishop.ma\/ar\/wp-json\/wp\/v2\/comments?post=16439"}],"version-history":[{"count":1,"href":"https:\/\/ajishop.ma\/ar\/wp-json\/wp\/v2\/product\/16439\/revisions"}],"predecessor-version":[{"id":16444,"href":"https:\/\/ajishop.ma\/ar\/wp-json\/wp\/v2\/product\/16439\/revisions\/16444"}],"wp:featuredmedia":[{"embeddable":true,"href":"https:\/\/ajishop.ma\/ar\/wp-json\/wp\/v2\/media\/16441"}],"wp:attachment":[{"href":"https:\/\/ajishop.ma\/ar\/wp-json\/wp\/v2\/media?parent=16439"}],"wp:term":[{"taxonomy":"product_cat","embeddable":true,"href":"https:\/\/ajishop.ma\/ar\/wp-json\/wp\/v2\/product_cat?post=16439"},{"taxonomy":"product_tag","embeddable":true,"href":"https:\/\/ajishop.ma\/ar\/wp-json\/wp\/v2\/product_tag?post=16439"}],"curies":[{"name":"wp","href":"https:\/\/api.w.org\/{rel}","templated":true}]}}