{"id":16445,"date":"2024-11-04T01:45:30","date_gmt":"2024-11-04T00:45:30","guid":{"rendered":"https:\/\/ajishop.ma\/?post_type=product&#038;p=16445"},"modified":"2024-11-04T01:45:30","modified_gmt":"2024-11-04T00:45:30","slug":"chevilleres-pour-la-recuperation-des-blessures","status":"publish","type":"product","link":"https:\/\/ajishop.ma\/ar\/shop\/parapharmacie\/chevilleres-pour-la-recuperation-des-blessures\/","title":{"rendered":"\u062f\u0639\u0627\u0645\u0629 \u0644\u0644\u0643\u0627\u062d\u0644 \u0644\u0644\u062a\u0639\u0627\u0641\u064a \u0645\u0646 \u0627\u0644\u0625\u0635\u0627\u0628\u0627\u062a"},"content":{"rendered":"<p>\u062f\u0639\u0627\u0645\u0629 \u0627\u0644\u0643\u0627\u062d\u0644 \u0645\u0635\u0646\u0648\u0639\u0629 \u0645\u0646 \u0642\u0645\u0627\u0634 \u0645\u0631\u0646 \u0648\u0623\u0634\u0631\u0637\u0629 \u0636\u063a\u0637 \u0648\u0634\u0631\u064a\u0637 \u0641\u064a\u0644\u0643\u0631\u0648 \u0642\u0648\u064a. \u064a\u0646\u0627\u0633\u0628 \u0627\u0644\u0643\u0627\u062d\u0644 \u062c\u064a\u062f\u064b\u0627\u060c \u0648\u064a\u0645\u0643\u0646 \u062a\u0639\u062f\u064a\u0644 \u0627\u0644\u0636\u063a\u0637 \u0628\u062d\u0631\u064a\u0629\u060c \u0648\u062a\u062b\u0628\u064a\u062a \u0627\u0644\u0643\u0627\u062d\u0644 \u0648\u062a\u0642\u0644\u064a\u0644 \u0627\u0644\u0625\u0635\u0627\u0628\u0629. \u062a\u0648\u0641\u0631 \u062f\u0639\u0627\u0645\u0629 \u0627\u0644\u0643\u0627\u062d\u0644 \u062f\u0639\u0645\u064b\u0627 \u0648\u062b\u0628\u0627\u062a\u064b\u0627 \u0645\u0645\u062a\u0627\u0632\u064a\u0646 \u0648\u062d\u0645\u0627\u064a\u0629 \u0641\u0639\u0627\u0644\u0629 \u0648\u0639\u0644\u0627\u062c\u064b\u0627 \u0645\u0633\u0627\u0639\u062f\u064b\u0627. \u0645\u062b\u0627\u0644\u064a \u0644\u0644\u0631\u064a\u0627\u0636\u064a\u064a\u0646 \u0648\u0627\u0644\u0639\u062f\u0627\u0626\u064a\u0646 \u0648\u063a\u064a\u0631\u0647\u0645 \u0645\u0645\u0646 \u064a\u062d\u062a\u0627\u062c\u0648\u0646 \u062f\u0627\u0626\u0645\u064b\u0627 \u0625\u0644\u0649 \u0627\u0644\u0648\u0642\u0648\u0641 \u0644\u0641\u062a\u0631\u0629 \u0637\u0648\u064a\u0644\u0629. \u064a\u0633\u0627\u0639\u062f \u0639\u0644\u0649 \u062a\u062e\u0641\u064a\u0641 \u0627\u0644\u0623\u0644\u0645 \u0648\u064a\u0648\u0641\u0631 \u0627\u0644\u0631\u0627\u062d\u0629 \u0627\u0644\u0645\u062a\u0639\u0644\u0642\u0629 \u0628\u0627\u0644\u062a\u0647\u0627\u0628 \u0627\u0644\u0644\u0641\u0627\u0641\u0629 \u0627\u0644\u0623\u062e\u0645\u0635\u064a\u0629\u060c \u0648\u0627\u0644\u062a\u0647\u0627\u0628 \u0648\u062a\u0631 \u0627\u0644\u0639\u0631\u0642\u0648\u0628\u060c \u0648\u0627\u0644\u062a\u0648\u0627\u0621 \u0627\u0644\u0643\u0627\u062d\u0644\u060c \u0648\u0627\u0644\u0627\u0644\u062a\u0647\u0627\u0628\u060c \u0648\u0627\u0644\u0625\u0635\u0627\u0628\u0627\u062a \u0627\u0644\u0631\u064a\u0627\u0636\u064a\u0629\u060c \u0648\u0627\u0644\u062a\u0648\u0631\u0645\u060c \u0648\u0625\u0635\u0627\u0628\u0627\u062a \u0627\u0644\u0643\u0627\u062d\u0644 \u0627\u0644\u0628\u0633\u064a\u0637\u0629. \u064a\u062e\u0641\u0641 \u0627\u0644\u0623\u0644\u0645 \u0627\u0644\u0646\u0627\u062a\u062c \u0639\u0646 \u0625\u0635\u0627\u0628\u0627\u062a \u0627\u0644\u0643\u0627\u062d\u0644 \u0627\u0644\u0645\u0632\u0645\u0646\u0629 \u0648\u0627\u0644\u062d\u0627\u062f\u0629.<\/p>","protected":false},"excerpt":{"rendered":"<p>La chevill\u00e8re est fabriqu\u00e9e en tissu \u00e9lastique, sangles de compression et velcro solide. S&#8217;adapte bien \u00e0 la cheville, peut librement<\/p>","protected":false},"featured_media":16448,"comment_status":"open","ping_status":"closed","template":"","meta":[],"product_cat":[85,86],"product_tag":[],"yoast_head":"<!-- This site is optimized with the Yoast SEO plugin v23.4 - https:\/\/yoast.com\/wordpress\/plugins\/seo\/ -->\n<title>Chevill\u00e8res pour la r\u00e9cup\u00e9ration des blessures - AjiShop.ma<\/title>\n<meta name=\"robots\" content=\"index, follow, max-snippet:-1, max-image-preview:large, max-video-preview:-1\" \/>\n<link rel=\"canonical\" href=\"https:\/\/ajishop.ma\/ar\/shop\/parapharmacie\/chevilleres-pour-la-recuperation-des-blessures\/\" \/>\n<meta property=\"og:locale\" content=\"ar_AR\" \/>\n<meta property=\"og:type\" content=\"article\" \/>\n<meta property=\"og:title\" content=\"Chevill\u00e8res pour la r\u00e9cup\u00e9ration des blessures - AjiShop.ma\" \/>\n<meta property=\"og:description\" content=\"La chevill\u00e8re est fabriqu\u00e9e en tissu \u00e9lastique, sangles de compression et velcro solide. S&#8217;adapte bien \u00e0 la cheville, peut librement\" \/>\n<meta property=\"og:url\" content=\"https:\/\/ajishop.ma\/ar\/shop\/parapharmacie\/chevilleres-pour-la-recuperation-des-blessures\/\" \/>\n<meta property=\"og:site_name\" content=\"AjiShop.ma\" \/>\n<meta property=\"og:image\" content=\"https:\/\/ajishop.ma\/wp-content\/uploads\/2024\/11\/rj2.jpg\" \/>\n\t<meta property=\"og:image:width\" content=\"640\" \/>\n\t<meta property=\"og:image:height\" content=\"640\" \/>\n\t<meta property=\"og:image:type\" content=\"image\/jpeg\" \/>\n<meta name=\"twitter:card\" content=\"summary_large_image\" \/>\n<meta name=\"twitter:label1\" content=\"\u0648\u0642\u062a \u0627\u0644\u0642\u0631\u0627\u0621\u0629 \u0627\u0644\u0645\u064f\u0642\u062f\u0651\u0631\" \/>\n\t<meta name=\"twitter:data1\" content=\"\u062f\u0642\u064a\u0642\u0629 \u0648\u0627\u062d\u062f\u0629\" \/>\n<script type=\"application\/ld+json\" class=\"yoast-schema-graph\">{\"@context\":\"https:\/\/schema.org\",\"@graph\":[{\"@type\":\"WebPage\",\"@id\":\"https:\/\/ajishop.ma\/shop\/parapharmacie\/chevilleres-pour-la-recuperation-des-blessures\/\",\"url\":\"https:\/\/ajishop.ma\/shop\/parapharmacie\/chevilleres-pour-la-recuperation-des-blessures\/\",\"name\":\"Chevill\u00e8res pour la r\u00e9cup\u00e9ration des blessures - AjiShop.ma\",\"isPartOf\":{\"@id\":\"https:\/\/ajishop.ma\/#website\"},\"primaryImageOfPage\":{\"@id\":\"https:\/\/ajishop.ma\/shop\/parapharmacie\/chevilleres-pour-la-recuperation-des-blessures\/#primaryimage\"},\"image\":{\"@id\":\"https:\/\/ajishop.ma\/shop\/parapharmacie\/chevilleres-pour-la-recuperation-des-blessures\/#primaryimage\"},\"thumbnailUrl\":\"https:\/\/ajishop.ma\/wp-content\/uploads\/2024\/11\/rj2.jpg\",\"datePublished\":\"2024-11-04T00:45:30+00:00\",\"dateModified\":\"2024-11-04T00:45:30+00:00\",\"breadcrumb\":{\"@id\":\"https:\/\/ajishop.ma\/shop\/parapharmacie\/chevilleres-pour-la-recuperation-des-blessures\/#breadcrumb\"},\"inLanguage\":\"ar\",\"potentialAction\":[{\"@type\":\"ReadAction\",\"target\":[\"https:\/\/ajishop.ma\/shop\/parapharmacie\/chevilleres-pour-la-recuperation-des-blessures\/\"]}]},{\"@type\":\"ImageObject\",\"inLanguage\":\"ar\",\"@id\":\"https:\/\/ajishop.ma\/shop\/parapharmacie\/chevilleres-pour-la-recuperation-des-blessures\/#primaryimage\",\"url\":\"https:\/\/ajishop.ma\/wp-content\/uploads\/2024\/11\/rj2.jpg\",\"contentUrl\":\"https:\/\/ajishop.ma\/wp-content\/uploads\/2024\/11\/rj2.jpg\",\"width\":640,\"height\":640},{\"@type\":\"BreadcrumbList\",\"@id\":\"https:\/\/ajishop.ma\/shop\/parapharmacie\/chevilleres-pour-la-recuperation-des-blessures\/#breadcrumb\",\"itemListElement\":[{\"@type\":\"ListItem\",\"position\":1,\"name\":\"Accueil\",\"item\":\"https:\/\/ajishop.ma\/\"},{\"@type\":\"ListItem\",\"position\":2,\"name\":\"Magasin\",\"item\":\"https:\/\/ajishop.ma\/shop\/\"},{\"@type\":\"ListItem\",\"position\":3,\"name\":\"Chevill\u00e8res pour la r\u00e9cup\u00e9ration des blessures\"}]},{\"@type\":\"WebSite\",\"@id\":\"https:\/\/ajishop.ma\/#website\",\"url\":\"https:\/\/ajishop.ma\/\",\"name\":\"AjiShop.ma\",\"description\":\"Produits 100% naturels, Pour votre bien \u00eatre...\",\"publisher\":{\"@id\":\"https:\/\/ajishop.ma\/#organization\"},\"potentialAction\":[{\"@type\":\"SearchAction\",\"target\":{\"@type\":\"EntryPoint\",\"urlTemplate\":\"https:\/\/ajishop.ma\/?s={search_term_string}\"},\"query-input\":{\"@type\":\"PropertyValueSpecification\",\"valueRequired\":true,\"valueName\":\"search_term_string\"}}],\"inLanguage\":\"ar\"},{\"@type\":\"Organization\",\"@id\":\"https:\/\/ajishop.ma\/#organization\",\"name\":\"AjiShop.ma\",\"url\":\"https:\/\/ajishop.ma\/\",\"logo\":{\"@type\":\"ImageObject\",\"inLanguage\":\"ar\",\"@id\":\"https:\/\/ajishop.ma\/#\/schema\/logo\/image\/\",\"url\":\"https:\/\/ajishop.ma\/wp-content\/uploads\/2024\/09\/AjiShop.ma-Horizontal-Logo-Green.png\",\"contentUrl\":\"https:\/\/ajishop.ma\/wp-content\/uploads\/2024\/09\/AjiShop.ma-Horizontal-Logo-Green.png\",\"width\":1917,\"height\":276,\"caption\":\"AjiShop.ma\"},\"image\":{\"@id\":\"https:\/\/ajishop.ma\/#\/schema\/logo\/image\/\"}}]}<\/script>\n<!-- \/ Yoast SEO plugin. -->","yoast_head_json":{"title":"Chevill\u00e8res pour la r\u00e9cup\u00e9ration des blessures - AjiShop.ma","robots":{"index":"index","follow":"follow","max-snippet":"max-snippet:-1","max-image-preview":"max-image-preview:large","max-video-preview":"max-video-preview:-1"},"canonical":"https:\/\/ajishop.ma\/ar\/shop\/parapharmacie\/chevilleres-pour-la-recuperation-des-blessures\/","og_locale":"ar_AR","og_type":"article","og_title":"Chevill\u00e8res pour la r\u00e9cup\u00e9ration des blessures - AjiShop.ma","og_description":"La chevill\u00e8re est fabriqu\u00e9e en tissu \u00e9lastique, sangles de compression et velcro solide. S&#8217;adapte bien \u00e0 la cheville, peut librement","og_url":"https:\/\/ajishop.ma\/ar\/shop\/parapharmacie\/chevilleres-pour-la-recuperation-des-blessures\/","og_site_name":"AjiShop.ma","og_image":[{"width":640,"height":640,"url":"https:\/\/ajishop.ma\/wp-content\/uploads\/2024\/11\/rj2.jpg","type":"image\/jpeg"}],"twitter_card":"summary_large_image","twitter_misc":{"\u0648\u0642\u062a \u0627\u0644\u0642\u0631\u0627\u0621\u0629 \u0627\u0644\u0645\u064f\u0642\u062f\u0651\u0631":"\u062f\u0642\u064a\u0642\u0629 \u0648\u0627\u062d\u062f\u0629"},"schema":{"@context":"https:\/\/schema.org","@graph":[{"@type":"WebPage","@id":"https:\/\/ajishop.ma\/shop\/parapharmacie\/chevilleres-pour-la-recuperation-des-blessures\/","url":"https:\/\/ajishop.ma\/shop\/parapharmacie\/chevilleres-pour-la-recuperation-des-blessures\/","name":"Chevill\u00e8res pour la r\u00e9cup\u00e9ration des blessures - AjiShop.ma","isPartOf":{"@id":"https:\/\/ajishop.ma\/#website"},"primaryImageOfPage":{"@id":"https:\/\/ajishop.ma\/shop\/parapharmacie\/chevilleres-pour-la-recuperation-des-blessures\/#primaryimage"},"image":{"@id":"https:\/\/ajishop.ma\/shop\/parapharmacie\/chevilleres-pour-la-recuperation-des-blessures\/#primaryimage"},"thumbnailUrl":"https:\/\/ajishop.ma\/wp-content\/uploads\/2024\/11\/rj2.jpg","datePublished":"2024-11-04T00:45:30+00:00","dateModified":"2024-11-04T00:45:30+00:00","breadcrumb":{"@id":"https:\/\/ajishop.ma\/shop\/parapharmacie\/chevilleres-pour-la-recuperation-des-blessures\/#breadcrumb"},"inLanguage":"ar","potentialAction":[{"@type":"ReadAction","target":["https:\/\/ajishop.ma\/shop\/parapharmacie\/chevilleres-pour-la-recuperation-des-blessures\/"]}]},{"@type":"ImageObject","inLanguage":"ar","@id":"https:\/\/ajishop.ma\/shop\/parapharmacie\/chevilleres-pour-la-recuperation-des-blessures\/#primaryimage","url":"https:\/\/ajishop.ma\/wp-content\/uploads\/2024\/11\/rj2.jpg","contentUrl":"https:\/\/ajishop.ma\/wp-content\/uploads\/2024\/11\/rj2.jpg","width":640,"height":640},{"@type":"BreadcrumbList","@id":"https:\/\/ajishop.ma\/shop\/parapharmacie\/chevilleres-pour-la-recuperation-des-blessures\/#breadcrumb","itemListElement":[{"@type":"ListItem","position":1,"name":"Accueil","item":"https:\/\/ajishop.ma\/"},{"@type":"ListItem","position":2,"name":"Magasin","item":"https:\/\/ajishop.ma\/shop\/"},{"@type":"ListItem","position":3,"name":"Chevill\u00e8res pour la r\u00e9cup\u00e9ration des blessures"}]},{"@type":"WebSite","@id":"https:\/\/ajishop.ma\/#website","url":"https:\/\/ajishop.ma\/","name":"AjiShop.ma","description":"Produits 100% naturels, Pour votre bien \u00eatre...","publisher":{"@id":"https:\/\/ajishop.ma\/#organization"},"potentialAction":[{"@type":"SearchAction","target":{"@type":"EntryPoint","urlTemplate":"https:\/\/ajishop.ma\/?s={search_term_string}"},"query-input":{"@type":"PropertyValueSpecification","valueRequired":true,"valueName":"search_term_string"}}],"inLanguage":"ar"},{"@type":"Organization","@id":"https:\/\/ajishop.ma\/#organization","name":"AjiShop.ma","url":"https:\/\/ajishop.ma\/","logo":{"@type":"ImageObject","inLanguage":"ar","@id":"https:\/\/ajishop.ma\/#\/schema\/logo\/image\/","url":"https:\/\/ajishop.ma\/wp-content\/uploads\/2024\/09\/AjiShop.ma-Horizontal-Logo-Green.png","contentUrl":"https:\/\/ajishop.ma\/wp-content\/uploads\/2024\/09\/AjiShop.ma-Horizontal-Logo-Green.png","width":1917,"height":276,"caption":"AjiShop.ma"},"image":{"@id":"https:\/\/ajishop.ma\/#\/schema\/logo\/image\/"}}]}},"_links":{"self":[{"href":"https:\/\/ajishop.ma\/ar\/wp-json\/wp\/v2\/product\/16445"}],"collection":[{"href":"https:\/\/ajishop.ma\/ar\/wp-json\/wp\/v2\/product"}],"about":[{"href":"https:\/\/ajishop.ma\/ar\/wp-json\/wp\/v2\/types\/product"}],"replies":[{"embeddable":true,"href":"https:\/\/ajishop.ma\/ar\/wp-json\/wp\/v2\/comments?post=16445"}],"version-history":[{"count":1,"href":"https:\/\/ajishop.ma\/ar\/wp-json\/wp\/v2\/product\/16445\/revisions"}],"predecessor-version":[{"id":16449,"href":"https:\/\/ajishop.ma\/ar\/wp-json\/wp\/v2\/product\/16445\/revisions\/16449"}],"wp:featuredmedia":[{"embeddable":true,"href":"https:\/\/ajishop.ma\/ar\/wp-json\/wp\/v2\/media\/16448"}],"wp:attachment":[{"href":"https:\/\/ajishop.ma\/ar\/wp-json\/wp\/v2\/media?parent=16445"}],"wp:term":[{"taxonomy":"product_cat","embeddable":true,"href":"https:\/\/ajishop.ma\/ar\/wp-json\/wp\/v2\/product_cat?post=16445"},{"taxonomy":"product_tag","embeddable":true,"href":"https:\/\/ajishop.ma\/ar\/wp-json\/wp\/v2\/product_tag?post=16445"}],"curies":[{"name":"wp","href":"https:\/\/api.w.org\/{rel}","templated":true}]}}