{"id":16450,"date":"2024-11-04T01:54:21","date_gmt":"2024-11-04T00:54:21","guid":{"rendered":"https:\/\/ajishop.ma\/?post_type=product&#038;p=16450"},"modified":"2024-11-04T02:09:05","modified_gmt":"2024-11-04T01:09:05","slug":"coussin-chauffant-pour-epaule","status":"publish","type":"product","link":"https:\/\/ajishop.ma\/ar\/shop\/parapharmacie\/coussin-chauffant-pour-epaule\/","title":{"rendered":"\u0636\u0645\u0627\u062f\u0629 \u0643\u062a\u0641 \u0633\u0627\u062e\u0646\u0629\u060c 3 \u0625\u0639\u062f\u0627\u062f\u0627\u062a \u0644\u0644\u062d\u0631\u0627\u0631\u0629"},"content":{"rendered":"<p>CHALEUR MULTIFONCTIONNELLE: Cette \u00e9pauli\u00e8re chauffante a une fonction de chauffage \u00e9lectrique, qui assure une r\u00e9partition uniforme de la chaleur sur votre \u00e9paule, joue un r\u00f4le de chaleur et de protection. Non seulement il gardera au chaud, mais il pourra \u00e9galement soulager efficacement la fatigue musculaire des \u00e9paules et pr\u00e9venir les tensions des \u00e9paules.<br \/>\nFonction de mouillage \u00e0 chaud : les \u00e9paulettes chauffantes favorisent la circulation sanguine, soulagent les n\u0153uds musculaires des \u00e9paules, r\u00e9duisent la douleur dans les vert\u00e8bres cervicales et les articulations des \u00e9paules.<br \/>\nMat\u00e9riau confortable : le mat\u00e9riau de l&#8217;\u00e9pauli\u00e8re est fait d&#8217;un mat\u00e9riau doux et confortable comme le coton et un mat\u00e9riau synth\u00e9tique flexible, qui \u00e9pouse les courbes de l&#8217;\u00e9paule pour offrir un maximum de confort et de chaleur.<br \/>\nConvient \u00e0 diverses occasions : que vous soyez assis pendant de longues p\u00e9riodes au bureau, que vous vous reposiez \u00e0 la maison, que vous restiez au chaud avant et apr\u00e8s l&#8217;exercice, cette \u00e9pauli\u00e8re peut r\u00e9pondre \u00e0 vos besoins. Polyvalent pour de nombreuses occasions<br \/>\n\u062d\u0631\u0627\u0631\u0629 \u0645\u062a\u0639\u062f\u062f\u0629 \u0627\u0644\u0648\u0638\u0627\u0626\u0641: \u062a\u062a\u0645\u064a\u0632 \u0648\u0633\u0627\u062f\u0629 \u0627\u0644\u0643\u062a\u0641 \u0627\u0644\u0633\u0627\u062e\u0646\u0629 \u0647\u0630\u0647 \u0628\u0648\u0638\u064a\u0641\u0629 \u0627\u0644\u062a\u0633\u062e\u064a\u0646 \u0627\u0644\u0643\u0647\u0631\u0628\u0627\u0626\u064a\u060c \u0648\u0627\u0644\u062a\u064a \u062a\u0636\u0645\u0646 \u062a\u0648\u0632\u064a\u0639\u064b\u0627 \u0645\u062a\u0633\u0627\u0648\u064a\u064b\u0627 \u0644\u0644\u062d\u0631\u0627\u0631\u0629 \u0639\u0644\u0649 \u0643\u062a\u0641\u0643\u060c \u0648\u062a\u0644\u0639\u0628 \u062f\u0648\u0631\u064b\u0627 \u0645\u0646 \u0627\u0644\u062f\u0641\u0621 \u0648\u0627\u0644\u062d\u0645\u0627\u064a\u0629. \u0644\u0646 \u064a\u062d\u0627\u0641\u0638 \u0639\u0644\u0649 \u0627\u0644\u062f\u0641\u0621 \u0641\u062d\u0633\u0628\u060c \u0628\u0644 \u064a\u0645\u0643\u0646\u0647 \u0623\u064a\u0636\u064b\u0627 \u062a\u062e\u0641\u064a\u0641 \u0625\u062c\u0647\u0627\u062f \u0639\u0636\u0644\u0627\u062a \u0627\u0644\u0643\u062a\u0641 \u0628\u0634\u0643\u0644 \u0641\u0639\u0627\u0644 \u0648\u0645\u0646\u0639 \u062a\u0648\u062a\u0631 \u0627\u0644\u0643\u062a\u0641.\n\u0648\u0638\u064a\u0641\u0629 \u0627\u0644\u062a\u0631\u0637\u064a\u0628 \u0627\u0644\u0633\u0627\u062e\u0646: \u062a\u0639\u0645\u0644 \u0648\u0633\u0627\u0626\u062f \u0627\u0644\u0643\u062a\u0641 \u0627\u0644\u0633\u0627\u062e\u0646\u0629 \u0639\u0644\u0649 \u062a\u0639\u0632\u064a\u0632 \u0627\u0644\u062f\u0648\u0631\u0629 \u0627\u0644\u062f\u0645\u0648\u064a\u0629 \u0648\u062a\u062e\u0641\u064a\u0641 \u0639\u0642\u062f \u0639\u0636\u0644\u0627\u062a \u0627\u0644\u0643\u062a\u0641 \u0648\u062a\u0642\u0644\u064a\u0644 \u0627\u0644\u0623\u0644\u0645 \u0641\u064a \u0641\u0642\u0631\u0627\u062a \u0639\u0646\u0642 \u0627\u0644\u0631\u062d\u0645 \u0648\u0645\u0641\u0627\u0635\u0644 \u0627\u0644\u0643\u062a\u0641.\n\u0645\u0627\u062f\u0629 \u0645\u0631\u064a\u062d\u0629: \u0645\u0627\u062f\u0629 \u0648\u0633\u0627\u062f\u0629 \u0627\u0644\u0643\u062a\u0641 \u0645\u0635\u0646\u0648\u0639\u0629 \u0645\u0646 \u0645\u0627\u062f\u0629 \u0646\u0627\u0639\u0645\u0629 \u0648\u0645\u0631\u064a\u062d\u0629 \u0645\u062b\u0644 \u0627\u0644\u0642\u0637\u0646 \u0648\u0627\u0644\u0645\u0648\u0627\u062f \u0627\u0644\u0627\u0635\u0637\u0646\u0627\u0639\u064a\u0629 \u0627\u0644\u0645\u0631\u0646\u0629\u060c \u0648\u0627\u0644\u062a\u064a \u062a\u062a\u0648\u0627\u0641\u0642 \u0645\u0639 \u0645\u0646\u062d\u0646\u064a\u0627\u062a \u0627\u0644\u0643\u062a\u0641 \u0644\u062a\u0648\u0641\u064a\u0631 \u0623\u0642\u0635\u0649 \u0642\u062f\u0631 \u0645\u0646 \u0627\u0644\u0631\u0627\u062d\u0629 \u0648\u0627\u0644\u062f\u0641\u0621.\n\u0645\u0646\u0627\u0633\u0628\u0629 \u0644\u0645\u062e\u062a\u0644\u0641 \u0627\u0644\u0645\u0646\u0627\u0633\u0628\u0627\u062a: \u0633\u0648\u0627\u0621 \u0643\u0646\u062a \u062a\u062c\u0644\u0633 \u0644\u0641\u062a\u0631\u0627\u062a \u0637\u0648\u064a\u0644\u0629 \u0645\u0646 \u0627\u0644\u0648\u0642\u062a \u0641\u064a \u0627\u0644\u0645\u0643\u062a\u0628\u060c \u0623\u0648 \u062a\u0633\u062a\u0631\u064a\u062d \u0641\u064a \u0627\u0644\u0645\u0646\u0632\u0644\u060c \u0623\u0648 \u062a\u062d\u0627\u0641\u0638 \u0639\u0644\u0649 \u0627\u0644\u062f\u0641\u0621 \u0642\u0628\u0644 \u0648\u0628\u0639\u062f \u0627\u0644\u062a\u0645\u0631\u064a\u0646\u060c \u0641\u0625\u0646 \u0648\u0633\u0627\u062f\u0629 \u0627\u0644\u0643\u062a\u0641 \u0647\u0630\u0647 \u064a\u0645\u0643\u0646 \u0623\u0646 \u062a\u0644\u0628\u064a \u0627\u062d\u062a\u064a\u0627\u062c\u0627\u062a\u0643. \u0645\u062a\u0639\u062f\u062f\u0629 \u0627\u0644\u0627\u0633\u062a\u062e\u062f\u0627\u0645\u0627\u062a \u0644\u0644\u0639\u062f\u064a\u062f \u0645\u0646 \u0627\u0644\u0645\u0646\u0627\u0633\u0628\u0627\u062a\u060c\n\u0622\u0645\u0646\u0629 \u0648\u0645\u0648\u062b\u0648\u0642\u0629: \u062a\u062a\u0645\u064a\u0632 \u0648\u0633\u0627\u062f\u0629 \u0627\u0644\u0643\u062a\u0641 \u0647\u0630\u0647 \u0628\u062d\u0645\u0627\u064a\u0629 \u0645\u0646 \u0627\u0644\u062d\u0631\u0627\u0631\u0629 \u0627\u0644\u0632\u0627\u0626\u062f\u0629 \u0644\u0636\u0645\u0627\u0646 \u0627\u0644\u0633\u0644\u0627\u0645\u0629 \u0623\u062b\u0646\u0627\u0621 \u0627\u0644\u0627\u0633\u062a\u062e\u062f\u0627\u0645.<\/p>","protected":false},"excerpt":{"rendered":"<p>CHALEUR MULTIFONCTIONNELLE: Cette \u00e9pauli\u00e8re chauffante a une fonction de chauffage \u00e9lectrique, qui assure une r\u00e9partition uniforme de la chaleur sur<\/p>","protected":false},"featured_media":16456,"comment_status":"open","ping_status":"closed","template":"","meta":[],"product_cat":[85,86],"product_tag":[],"yoast_head":"<!-- This site is optimized with the Yoast SEO plugin v23.4 - https:\/\/yoast.com\/wordpress\/plugins\/seo\/ -->\n<title>Coussin chauffant pour \u00e9paule \u00e9pauli\u00e8re \u00e0 3 r\u00e9glages de chaleur pour \u00e9paule - AjiShop.ma<\/title>\n<meta name=\"robots\" content=\"index, follow, max-snippet:-1, max-image-preview:large, max-video-preview:-1\" \/>\n<link rel=\"canonical\" href=\"https:\/\/ajishop.ma\/ar\/shop\/parapharmacie\/coussin-chauffant-pour-epaule\/\" \/>\n<meta property=\"og:locale\" content=\"ar_AR\" \/>\n<meta property=\"og:type\" content=\"article\" \/>\n<meta property=\"og:title\" content=\"Coussin chauffant pour \u00e9paule \u00e9pauli\u00e8re \u00e0 3 r\u00e9glages de chaleur pour \u00e9paule - AjiShop.ma\" \/>\n<meta property=\"og:description\" content=\"CHALEUR MULTIFONCTIONNELLE: Cette \u00e9pauli\u00e8re chauffante a une fonction de chauffage \u00e9lectrique, qui assure une r\u00e9partition uniforme de la chaleur sur\" \/>\n<meta property=\"og:url\" content=\"https:\/\/ajishop.ma\/ar\/shop\/parapharmacie\/coussin-chauffant-pour-epaule\/\" \/>\n<meta property=\"og:site_name\" content=\"AjiShop.ma\" \/>\n<meta property=\"article:modified_time\" content=\"2024-11-04T01:09:05+00:00\" \/>\n<meta property=\"og:image\" content=\"https:\/\/ajishop.ma\/wp-content\/uploads\/2024\/11\/kt1.jpg\" \/>\n\t<meta property=\"og:image:width\" content=\"800\" \/>\n\t<meta property=\"og:image:height\" content=\"800\" \/>\n\t<meta property=\"og:image:type\" content=\"image\/jpeg\" \/>\n<meta name=\"twitter:card\" content=\"summary_large_image\" \/>\n<meta name=\"twitter:label1\" content=\"\u0648\u0642\u062a \u0627\u0644\u0642\u0631\u0627\u0621\u0629 \u0627\u0644\u0645\u064f\u0642\u062f\u0651\u0631\" \/>\n\t<meta name=\"twitter:data1\" content=\"\u062f\u0642\u064a\u0642\u0629 \u0648\u0627\u062d\u062f\u0629\" \/>\n<script type=\"application\/ld+json\" class=\"yoast-schema-graph\">{\"@context\":\"https:\/\/schema.org\",\"@graph\":[{\"@type\":\"WebPage\",\"@id\":\"https:\/\/ajishop.ma\/shop\/parapharmacie\/coussin-chauffant-pour-epaule\/\",\"url\":\"https:\/\/ajishop.ma\/shop\/parapharmacie\/coussin-chauffant-pour-epaule\/\",\"name\":\"Coussin chauffant pour \u00e9paule \u00e9pauli\u00e8re \u00e0 3 r\u00e9glages de chaleur pour \u00e9paule - AjiShop.ma\",\"isPartOf\":{\"@id\":\"https:\/\/ajishop.ma\/#website\"},\"primaryImageOfPage\":{\"@id\":\"https:\/\/ajishop.ma\/shop\/parapharmacie\/coussin-chauffant-pour-epaule\/#primaryimage\"},\"image\":{\"@id\":\"https:\/\/ajishop.ma\/shop\/parapharmacie\/coussin-chauffant-pour-epaule\/#primaryimage\"},\"thumbnailUrl\":\"https:\/\/ajishop.ma\/wp-content\/uploads\/2024\/11\/kt1.jpg\",\"datePublished\":\"2024-11-04T00:54:21+00:00\",\"dateModified\":\"2024-11-04T01:09:05+00:00\",\"breadcrumb\":{\"@id\":\"https:\/\/ajishop.ma\/shop\/parapharmacie\/coussin-chauffant-pour-epaule\/#breadcrumb\"},\"inLanguage\":\"ar\",\"potentialAction\":[{\"@type\":\"ReadAction\",\"target\":[\"https:\/\/ajishop.ma\/shop\/parapharmacie\/coussin-chauffant-pour-epaule\/\"]}]},{\"@type\":\"ImageObject\",\"inLanguage\":\"ar\",\"@id\":\"https:\/\/ajishop.ma\/shop\/parapharmacie\/coussin-chauffant-pour-epaule\/#primaryimage\",\"url\":\"https:\/\/ajishop.ma\/wp-content\/uploads\/2024\/11\/kt1.jpg\",\"contentUrl\":\"https:\/\/ajishop.ma\/wp-content\/uploads\/2024\/11\/kt1.jpg\",\"width\":800,\"height\":800},{\"@type\":\"BreadcrumbList\",\"@id\":\"https:\/\/ajishop.ma\/shop\/parapharmacie\/coussin-chauffant-pour-epaule\/#breadcrumb\",\"itemListElement\":[{\"@type\":\"ListItem\",\"position\":1,\"name\":\"Accueil\",\"item\":\"https:\/\/ajishop.ma\/\"},{\"@type\":\"ListItem\",\"position\":2,\"name\":\"Magasin\",\"item\":\"https:\/\/ajishop.ma\/shop\/\"},{\"@type\":\"ListItem\",\"position\":3,\"name\":\"Coussin chauffant pour \u00e9paule \u00e9pauli\u00e8re \u00e0 3 r\u00e9glages de chaleur pour \u00e9paule\"}]},{\"@type\":\"WebSite\",\"@id\":\"https:\/\/ajishop.ma\/#website\",\"url\":\"https:\/\/ajishop.ma\/\",\"name\":\"AjiShop.ma\",\"description\":\"Produits 100% naturels, Pour votre bien \u00eatre...\",\"publisher\":{\"@id\":\"https:\/\/ajishop.ma\/#organization\"},\"potentialAction\":[{\"@type\":\"SearchAction\",\"target\":{\"@type\":\"EntryPoint\",\"urlTemplate\":\"https:\/\/ajishop.ma\/?s={search_term_string}\"},\"query-input\":{\"@type\":\"PropertyValueSpecification\",\"valueRequired\":true,\"valueName\":\"search_term_string\"}}],\"inLanguage\":\"ar\"},{\"@type\":\"Organization\",\"@id\":\"https:\/\/ajishop.ma\/#organization\",\"name\":\"AjiShop.ma\",\"url\":\"https:\/\/ajishop.ma\/\",\"logo\":{\"@type\":\"ImageObject\",\"inLanguage\":\"ar\",\"@id\":\"https:\/\/ajishop.ma\/#\/schema\/logo\/image\/\",\"url\":\"https:\/\/ajishop.ma\/wp-content\/uploads\/2024\/09\/AjiShop.ma-Horizontal-Logo-Green.png\",\"contentUrl\":\"https:\/\/ajishop.ma\/wp-content\/uploads\/2024\/09\/AjiShop.ma-Horizontal-Logo-Green.png\",\"width\":1917,\"height\":276,\"caption\":\"AjiShop.ma\"},\"image\":{\"@id\":\"https:\/\/ajishop.ma\/#\/schema\/logo\/image\/\"}}]}<\/script>\n<!-- \/ Yoast SEO plugin. -->","yoast_head_json":{"title":"Coussin chauffant pour \u00e9paule \u00e9pauli\u00e8re \u00e0 3 r\u00e9glages de chaleur pour \u00e9paule - AjiShop.ma","robots":{"index":"index","follow":"follow","max-snippet":"max-snippet:-1","max-image-preview":"max-image-preview:large","max-video-preview":"max-video-preview:-1"},"canonical":"https:\/\/ajishop.ma\/ar\/shop\/parapharmacie\/coussin-chauffant-pour-epaule\/","og_locale":"ar_AR","og_type":"article","og_title":"Coussin chauffant pour \u00e9paule \u00e9pauli\u00e8re \u00e0 3 r\u00e9glages de chaleur pour \u00e9paule - AjiShop.ma","og_description":"CHALEUR MULTIFONCTIONNELLE: Cette \u00e9pauli\u00e8re chauffante a une fonction de chauffage \u00e9lectrique, qui assure une r\u00e9partition uniforme de la chaleur sur","og_url":"https:\/\/ajishop.ma\/ar\/shop\/parapharmacie\/coussin-chauffant-pour-epaule\/","og_site_name":"AjiShop.ma","article_modified_time":"2024-11-04T01:09:05+00:00","og_image":[{"width":800,"height":800,"url":"https:\/\/ajishop.ma\/wp-content\/uploads\/2024\/11\/kt1.jpg","type":"image\/jpeg"}],"twitter_card":"summary_large_image","twitter_misc":{"\u0648\u0642\u062a \u0627\u0644\u0642\u0631\u0627\u0621\u0629 \u0627\u0644\u0645\u064f\u0642\u062f\u0651\u0631":"\u062f\u0642\u064a\u0642\u0629 \u0648\u0627\u062d\u062f\u0629"},"schema":{"@context":"https:\/\/schema.org","@graph":[{"@type":"WebPage","@id":"https:\/\/ajishop.ma\/shop\/parapharmacie\/coussin-chauffant-pour-epaule\/","url":"https:\/\/ajishop.ma\/shop\/parapharmacie\/coussin-chauffant-pour-epaule\/","name":"Coussin chauffant pour \u00e9paule \u00e9pauli\u00e8re \u00e0 3 r\u00e9glages de chaleur pour \u00e9paule - AjiShop.ma","isPartOf":{"@id":"https:\/\/ajishop.ma\/#website"},"primaryImageOfPage":{"@id":"https:\/\/ajishop.ma\/shop\/parapharmacie\/coussin-chauffant-pour-epaule\/#primaryimage"},"image":{"@id":"https:\/\/ajishop.ma\/shop\/parapharmacie\/coussin-chauffant-pour-epaule\/#primaryimage"},"thumbnailUrl":"https:\/\/ajishop.ma\/wp-content\/uploads\/2024\/11\/kt1.jpg","datePublished":"2024-11-04T00:54:21+00:00","dateModified":"2024-11-04T01:09:05+00:00","breadcrumb":{"@id":"https:\/\/ajishop.ma\/shop\/parapharmacie\/coussin-chauffant-pour-epaule\/#breadcrumb"},"inLanguage":"ar","potentialAction":[{"@type":"ReadAction","target":["https:\/\/ajishop.ma\/shop\/parapharmacie\/coussin-chauffant-pour-epaule\/"]}]},{"@type":"ImageObject","inLanguage":"ar","@id":"https:\/\/ajishop.ma\/shop\/parapharmacie\/coussin-chauffant-pour-epaule\/#primaryimage","url":"https:\/\/ajishop.ma\/wp-content\/uploads\/2024\/11\/kt1.jpg","contentUrl":"https:\/\/ajishop.ma\/wp-content\/uploads\/2024\/11\/kt1.jpg","width":800,"height":800},{"@type":"BreadcrumbList","@id":"https:\/\/ajishop.ma\/shop\/parapharmacie\/coussin-chauffant-pour-epaule\/#breadcrumb","itemListElement":[{"@type":"ListItem","position":1,"name":"Accueil","item":"https:\/\/ajishop.ma\/"},{"@type":"ListItem","position":2,"name":"Magasin","item":"https:\/\/ajishop.ma\/shop\/"},{"@type":"ListItem","position":3,"name":"Coussin chauffant pour \u00e9paule \u00e9pauli\u00e8re \u00e0 3 r\u00e9glages de chaleur pour \u00e9paule"}]},{"@type":"WebSite","@id":"https:\/\/ajishop.ma\/#website","url":"https:\/\/ajishop.ma\/","name":"AjiShop.ma","description":"Produits 100% naturels, Pour votre bien \u00eatre...","publisher":{"@id":"https:\/\/ajishop.ma\/#organization"},"potentialAction":[{"@type":"SearchAction","target":{"@type":"EntryPoint","urlTemplate":"https:\/\/ajishop.ma\/?s={search_term_string}"},"query-input":{"@type":"PropertyValueSpecification","valueRequired":true,"valueName":"search_term_string"}}],"inLanguage":"ar"},{"@type":"Organization","@id":"https:\/\/ajishop.ma\/#organization","name":"AjiShop.ma","url":"https:\/\/ajishop.ma\/","logo":{"@type":"ImageObject","inLanguage":"ar","@id":"https:\/\/ajishop.ma\/#\/schema\/logo\/image\/","url":"https:\/\/ajishop.ma\/wp-content\/uploads\/2024\/09\/AjiShop.ma-Horizontal-Logo-Green.png","contentUrl":"https:\/\/ajishop.ma\/wp-content\/uploads\/2024\/09\/AjiShop.ma-Horizontal-Logo-Green.png","width":1917,"height":276,"caption":"AjiShop.ma"},"image":{"@id":"https:\/\/ajishop.ma\/#\/schema\/logo\/image\/"}}]}},"_links":{"self":[{"href":"https:\/\/ajishop.ma\/ar\/wp-json\/wp\/v2\/product\/16450"}],"collection":[{"href":"https:\/\/ajishop.ma\/ar\/wp-json\/wp\/v2\/product"}],"about":[{"href":"https:\/\/ajishop.ma\/ar\/wp-json\/wp\/v2\/types\/product"}],"replies":[{"embeddable":true,"href":"https:\/\/ajishop.ma\/ar\/wp-json\/wp\/v2\/comments?post=16450"}],"version-history":[{"count":1,"href":"https:\/\/ajishop.ma\/ar\/wp-json\/wp\/v2\/product\/16450\/revisions"}],"predecessor-version":[{"id":16457,"href":"https:\/\/ajishop.ma\/ar\/wp-json\/wp\/v2\/product\/16450\/revisions\/16457"}],"wp:featuredmedia":[{"embeddable":true,"href":"https:\/\/ajishop.ma\/ar\/wp-json\/wp\/v2\/media\/16456"}],"wp:attachment":[{"href":"https:\/\/ajishop.ma\/ar\/wp-json\/wp\/v2\/media?parent=16450"}],"wp:term":[{"taxonomy":"product_cat","embeddable":true,"href":"https:\/\/ajishop.ma\/ar\/wp-json\/wp\/v2\/product_cat?post=16450"},{"taxonomy":"product_tag","embeddable":true,"href":"https:\/\/ajishop.ma\/ar\/wp-json\/wp\/v2\/product_tag?post=16450"}],"curies":[{"name":"wp","href":"https:\/\/api.w.org\/{rel}","templated":true}]}}