{"id":16469,"date":"2024-11-05T00:48:33","date_gmt":"2024-11-04T23:48:33","guid":{"rendered":"https:\/\/ajishop.ma\/?post_type=product&#038;p=16469"},"modified":"2024-11-05T00:48:33","modified_gmt":"2024-11-04T23:48:33","slug":"lucky-tasse-a-cafe-en-ceramique-coussin-chauffant-automatique-economie-denergie-rapide-chaleur","status":"publish","type":"product","link":"https:\/\/ajishop.ma\/ar\/shop\/appareils-electriques\/lucky-tasse-a-cafe-en-ceramique-coussin-chauffant-automatique-economie-denergie-rapide-chaleur\/","title":{"rendered":"\u0643\u0648\u0628 \u0642\u0647\u0648\u0629 \u0645\u062d\u0638\u0648\u0638 \u0645\u0646 \u0627\u0644\u0633\u064a\u0631\u0627\u0645\u064a\u0643 \u0645\u0632\u0648\u062f \u0628\u0648\u0633\u0627\u062f\u0629 \u062a\u0633\u062e\u064a\u0646 \u0623\u0648\u062a\u0648\u0645\u0627\u062a\u064a\u0643\u064a\u0629 \u0628\u062f\u0631\u062c\u0629 \u062d\u0631\u0627\u0631\u0629 55 \u062f\u0631\u062c\u0629 \u0645\u0626\u0648\u064a\u0629 \u062a\u0648\u0641\u064a\u0631 \u0633\u0631\u064a\u0639 \u0644\u0644\u0637\u0627\u0642\u0629 \u062d\u0631\u0627\u0631\u0629 \u0633\u0631\u064a\u0639\u0629"},"content":{"rendered":"<p>D\u00e9tails du produit de la tasse \u00e0 caf\u00e9 en c\u00e9ramique chanceuse avec coussin chauffant automatique Temp\u00e9rature de 55\u00b0C \u00c9conomie d&#8217;\u00e9nergie rapide Chaleur rapide<\/p>\n<p>\u062a\u0635\u0645\u064a\u0645 \u0622\u0645\u0646 \u0648\u0645\u0631\u064a\u062d: \u062c\u0647\u0627\u0632 \u062a\u0633\u062e\u064a\u0646 \u0641\u0646\u062c\u0627\u0646 \u0627\u0644\u0642\u0647\u0648\u0629 \u064a\u0633\u062a\u062e\u062f\u0645 \u0644\u0648\u062d \u062a\u0633\u062e\u064a\u0646 \u0632\u062c\u0627\u062c\u064a \u0645\u0642\u0633\u0651\u0649 \u0628\u062a\u0635\u0645\u064a\u0645 \u0645\u0642\u0627\u0648\u0645 \u0644\u0644\u0645\u0627\u0621.<\/p>\n<p>\u0627\u062d\u0635\u0644 \u0639\u0644\u0649 \u0623\u0641\u0636\u0644 \u062a\u062c\u0631\u0628\u0629 \u0644\u0634\u0631\u0628 \u0627\u0644\u0642\u0647\u0648\u0629: \u064a\u0648\u0635\u0649 \u0628\u0634\u062f\u0629 \u0628\u0627\u0633\u062a\u062e\u062f\u0627\u0645 \u0627\u0644\u0642\u0627\u0639 \u0627\u0644\u0645\u0633\u0637\u062d \u0648\u0627\u0644\u062c\u062f\u0631\u0627\u0646 \u0627\u0644\u0631\u0642\u064a\u0642\u0629 \u0648\u0627\u0644\u0633\u064a\u0631\u0627\u0645\u064a\u0643 \u0648\u0627\u0644\u0641\u0648\u0644\u0627\u0630 \u0627\u0644\u0645\u0642\u0627\u0648\u0645 \u0644\u0644\u0635\u062f\u0623 \u0648\u0627\u0644\u0623\u0643\u0648\u0627\u0628 \u0627\u0644\u0632\u062c\u0627\u062c\u064a\u0629 \u0627\u0644\u0623\u062e\u0631\u0649 \u0630\u0627\u062a \u0627\u0644\u062a\u0648\u0635\u064a\u0644 \u0627\u0644\u062d\u0631\u0627\u0631\u064a \u0627\u0644\u062c\u064a\u062f. \u0623\u0641\u0636\u0644 \u0627\u062e\u062a\u064a\u0627\u0631 \u0647\u062f\u064a\u0629: \u0627\u0644\u0639\u0628\u0648\u0629 \u0627\u0644\u0631\u0627\u0626\u0639\u0629 \u0645\u0646\u0627\u0633\u0628\u0629 \u062c\u062f\u064b\u0627 \u0643\u0647\u062f\u064a\u0629.<\/p>\n<p>Obtenez la meilleure exp\u00e9rience de consommation de caf\u00e9 : il est fortement recommand\u00e9 d&#8217;utiliser des tasses en verre \u00e0 fond plat, \u00e0 paroi mince, en c\u00e9ramique, en acier inoxydable et autres avec une bonne conductivit\u00e9 thermique.<\/p>\n<p>Le meilleur choix de cadeau : l&#8217;emballage exquis est tr\u00e8s appropri\u00e9 comme cadeau. C&#8217;est le meilleur cadeau pour votre famille et vos amis \u00e0 No\u00ebl, anniversaire et autres occasions.<\/p>","protected":false},"excerpt":{"rendered":"<p>D\u00e9tails du produit de la tasse \u00e0 caf\u00e9 en c\u00e9ramique chanceuse avec coussin chauffant automatique Temp\u00e9rature de 55\u00b0C \u00c9conomie d&#8217;\u00e9nergie<\/p>","protected":false},"featured_media":16471,"comment_status":"open","ping_status":"closed","template":"","meta":[],"product_cat":[86],"product_tag":[],"yoast_head":"<!-- This site is optimized with the Yoast SEO plugin v23.4 - https:\/\/yoast.com\/wordpress\/plugins\/seo\/ -->\n<title>Lucky Tasse \u00e0 caf\u00e9 en c\u00e9ramique + coussin chauffant automatique \u00c9conomie d&#039;\u00e9nergie rapide Chaleur - AjiShop.ma<\/title>\n<meta name=\"robots\" content=\"index, follow, max-snippet:-1, max-image-preview:large, max-video-preview:-1\" \/>\n<link rel=\"canonical\" href=\"https:\/\/ajishop.ma\/ar\/shop\/appareils-electriques\/lucky-tasse-a-cafe-en-ceramique-coussin-chauffant-automatique-economie-denergie-rapide-chaleur\/\" \/>\n<meta property=\"og:locale\" content=\"ar_AR\" \/>\n<meta property=\"og:type\" content=\"article\" \/>\n<meta property=\"og:title\" content=\"Lucky Tasse \u00e0 caf\u00e9 en c\u00e9ramique + coussin chauffant automatique \u00c9conomie d&#039;\u00e9nergie rapide Chaleur - AjiShop.ma\" \/>\n<meta property=\"og:description\" content=\"D\u00e9tails du produit de la tasse \u00e0 caf\u00e9 en c\u00e9ramique chanceuse avec coussin chauffant automatique Temp\u00e9rature de 55\u00b0C \u00c9conomie d&#8217;\u00e9nergie\" \/>\n<meta property=\"og:url\" content=\"https:\/\/ajishop.ma\/ar\/shop\/appareils-electriques\/lucky-tasse-a-cafe-en-ceramique-coussin-chauffant-automatique-economie-denergie-rapide-chaleur\/\" \/>\n<meta property=\"og:site_name\" content=\"AjiShop.ma\" \/>\n<meta property=\"og:image\" content=\"https:\/\/ajishop.ma\/wp-content\/uploads\/2024\/11\/cup1.jpg\" \/>\n\t<meta property=\"og:image:width\" content=\"1001\" \/>\n\t<meta property=\"og:image:height\" content=\"1001\" \/>\n\t<meta property=\"og:image:type\" content=\"image\/jpeg\" \/>\n<meta name=\"twitter:card\" content=\"summary_large_image\" \/>\n<meta name=\"twitter:label1\" content=\"\u0648\u0642\u062a \u0627\u0644\u0642\u0631\u0627\u0621\u0629 \u0627\u0644\u0645\u064f\u0642\u062f\u0651\u0631\" \/>\n\t<meta name=\"twitter:data1\" content=\"\u062f\u0642\u064a\u0642\u0629 \u0648\u0627\u062d\u062f\u0629\" \/>\n<script type=\"application\/ld+json\" class=\"yoast-schema-graph\">{\"@context\":\"https:\/\/schema.org\",\"@graph\":[{\"@type\":\"WebPage\",\"@id\":\"https:\/\/ajishop.ma\/shop\/appareils-electriques\/lucky-tasse-a-cafe-en-ceramique-coussin-chauffant-automatique-economie-denergie-rapide-chaleur\/\",\"url\":\"https:\/\/ajishop.ma\/shop\/appareils-electriques\/lucky-tasse-a-cafe-en-ceramique-coussin-chauffant-automatique-economie-denergie-rapide-chaleur\/\",\"name\":\"Lucky Tasse \u00e0 caf\u00e9 en c\u00e9ramique + coussin chauffant automatique \u00c9conomie d'\u00e9nergie rapide Chaleur - AjiShop.ma\",\"isPartOf\":{\"@id\":\"https:\/\/ajishop.ma\/#website\"},\"primaryImageOfPage\":{\"@id\":\"https:\/\/ajishop.ma\/shop\/appareils-electriques\/lucky-tasse-a-cafe-en-ceramique-coussin-chauffant-automatique-economie-denergie-rapide-chaleur\/#primaryimage\"},\"image\":{\"@id\":\"https:\/\/ajishop.ma\/shop\/appareils-electriques\/lucky-tasse-a-cafe-en-ceramique-coussin-chauffant-automatique-economie-denergie-rapide-chaleur\/#primaryimage\"},\"thumbnailUrl\":\"https:\/\/ajishop.ma\/wp-content\/uploads\/2024\/11\/cup1.jpg\",\"datePublished\":\"2024-11-04T23:48:33+00:00\",\"dateModified\":\"2024-11-04T23:48:33+00:00\",\"breadcrumb\":{\"@id\":\"https:\/\/ajishop.ma\/shop\/appareils-electriques\/lucky-tasse-a-cafe-en-ceramique-coussin-chauffant-automatique-economie-denergie-rapide-chaleur\/#breadcrumb\"},\"inLanguage\":\"ar\",\"potentialAction\":[{\"@type\":\"ReadAction\",\"target\":[\"https:\/\/ajishop.ma\/shop\/appareils-electriques\/lucky-tasse-a-cafe-en-ceramique-coussin-chauffant-automatique-economie-denergie-rapide-chaleur\/\"]}]},{\"@type\":\"ImageObject\",\"inLanguage\":\"ar\",\"@id\":\"https:\/\/ajishop.ma\/shop\/appareils-electriques\/lucky-tasse-a-cafe-en-ceramique-coussin-chauffant-automatique-economie-denergie-rapide-chaleur\/#primaryimage\",\"url\":\"https:\/\/ajishop.ma\/wp-content\/uploads\/2024\/11\/cup1.jpg\",\"contentUrl\":\"https:\/\/ajishop.ma\/wp-content\/uploads\/2024\/11\/cup1.jpg\",\"width\":1001,\"height\":1001},{\"@type\":\"BreadcrumbList\",\"@id\":\"https:\/\/ajishop.ma\/shop\/appareils-electriques\/lucky-tasse-a-cafe-en-ceramique-coussin-chauffant-automatique-economie-denergie-rapide-chaleur\/#breadcrumb\",\"itemListElement\":[{\"@type\":\"ListItem\",\"position\":1,\"name\":\"Accueil\",\"item\":\"https:\/\/ajishop.ma\/\"},{\"@type\":\"ListItem\",\"position\":2,\"name\":\"Magasin\",\"item\":\"https:\/\/ajishop.ma\/shop\/\"},{\"@type\":\"ListItem\",\"position\":3,\"name\":\"Lucky Tasse \u00e0 caf\u00e9 en c\u00e9ramique + coussin chauffant automatique \u00c9conomie d&#8217;\u00e9nergie rapide Chaleur\"}]},{\"@type\":\"WebSite\",\"@id\":\"https:\/\/ajishop.ma\/#website\",\"url\":\"https:\/\/ajishop.ma\/\",\"name\":\"AjiShop.ma\",\"description\":\"Produits 100% naturels, Pour votre bien \u00eatre...\",\"publisher\":{\"@id\":\"https:\/\/ajishop.ma\/#organization\"},\"potentialAction\":[{\"@type\":\"SearchAction\",\"target\":{\"@type\":\"EntryPoint\",\"urlTemplate\":\"https:\/\/ajishop.ma\/?s={search_term_string}\"},\"query-input\":{\"@type\":\"PropertyValueSpecification\",\"valueRequired\":true,\"valueName\":\"search_term_string\"}}],\"inLanguage\":\"ar\"},{\"@type\":\"Organization\",\"@id\":\"https:\/\/ajishop.ma\/#organization\",\"name\":\"AjiShop.ma\",\"url\":\"https:\/\/ajishop.ma\/\",\"logo\":{\"@type\":\"ImageObject\",\"inLanguage\":\"ar\",\"@id\":\"https:\/\/ajishop.ma\/#\/schema\/logo\/image\/\",\"url\":\"https:\/\/ajishop.ma\/wp-content\/uploads\/2024\/09\/AjiShop.ma-Horizontal-Logo-Green.png\",\"contentUrl\":\"https:\/\/ajishop.ma\/wp-content\/uploads\/2024\/09\/AjiShop.ma-Horizontal-Logo-Green.png\",\"width\":1917,\"height\":276,\"caption\":\"AjiShop.ma\"},\"image\":{\"@id\":\"https:\/\/ajishop.ma\/#\/schema\/logo\/image\/\"}}]}<\/script>\n<!-- \/ Yoast SEO plugin. -->","yoast_head_json":{"title":"Lucky Tasse \u00e0 caf\u00e9 en c\u00e9ramique + coussin chauffant automatique \u00c9conomie d'\u00e9nergie rapide Chaleur - AjiShop.ma","robots":{"index":"index","follow":"follow","max-snippet":"max-snippet:-1","max-image-preview":"max-image-preview:large","max-video-preview":"max-video-preview:-1"},"canonical":"https:\/\/ajishop.ma\/ar\/shop\/appareils-electriques\/lucky-tasse-a-cafe-en-ceramique-coussin-chauffant-automatique-economie-denergie-rapide-chaleur\/","og_locale":"ar_AR","og_type":"article","og_title":"Lucky Tasse \u00e0 caf\u00e9 en c\u00e9ramique + coussin chauffant automatique \u00c9conomie d'\u00e9nergie rapide Chaleur - AjiShop.ma","og_description":"D\u00e9tails du produit de la tasse \u00e0 caf\u00e9 en c\u00e9ramique chanceuse avec coussin chauffant automatique Temp\u00e9rature de 55\u00b0C \u00c9conomie d&#8217;\u00e9nergie","og_url":"https:\/\/ajishop.ma\/ar\/shop\/appareils-electriques\/lucky-tasse-a-cafe-en-ceramique-coussin-chauffant-automatique-economie-denergie-rapide-chaleur\/","og_site_name":"AjiShop.ma","og_image":[{"width":1001,"height":1001,"url":"https:\/\/ajishop.ma\/wp-content\/uploads\/2024\/11\/cup1.jpg","type":"image\/jpeg"}],"twitter_card":"summary_large_image","twitter_misc":{"\u0648\u0642\u062a \u0627\u0644\u0642\u0631\u0627\u0621\u0629 \u0627\u0644\u0645\u064f\u0642\u062f\u0651\u0631":"\u062f\u0642\u064a\u0642\u0629 \u0648\u0627\u062d\u062f\u0629"},"schema":{"@context":"https:\/\/schema.org","@graph":[{"@type":"WebPage","@id":"https:\/\/ajishop.ma\/shop\/appareils-electriques\/lucky-tasse-a-cafe-en-ceramique-coussin-chauffant-automatique-economie-denergie-rapide-chaleur\/","url":"https:\/\/ajishop.ma\/shop\/appareils-electriques\/lucky-tasse-a-cafe-en-ceramique-coussin-chauffant-automatique-economie-denergie-rapide-chaleur\/","name":"Lucky Tasse \u00e0 caf\u00e9 en c\u00e9ramique + coussin chauffant automatique \u00c9conomie d'\u00e9nergie rapide Chaleur - AjiShop.ma","isPartOf":{"@id":"https:\/\/ajishop.ma\/#website"},"primaryImageOfPage":{"@id":"https:\/\/ajishop.ma\/shop\/appareils-electriques\/lucky-tasse-a-cafe-en-ceramique-coussin-chauffant-automatique-economie-denergie-rapide-chaleur\/#primaryimage"},"image":{"@id":"https:\/\/ajishop.ma\/shop\/appareils-electriques\/lucky-tasse-a-cafe-en-ceramique-coussin-chauffant-automatique-economie-denergie-rapide-chaleur\/#primaryimage"},"thumbnailUrl":"https:\/\/ajishop.ma\/wp-content\/uploads\/2024\/11\/cup1.jpg","datePublished":"2024-11-04T23:48:33+00:00","dateModified":"2024-11-04T23:48:33+00:00","breadcrumb":{"@id":"https:\/\/ajishop.ma\/shop\/appareils-electriques\/lucky-tasse-a-cafe-en-ceramique-coussin-chauffant-automatique-economie-denergie-rapide-chaleur\/#breadcrumb"},"inLanguage":"ar","potentialAction":[{"@type":"ReadAction","target":["https:\/\/ajishop.ma\/shop\/appareils-electriques\/lucky-tasse-a-cafe-en-ceramique-coussin-chauffant-automatique-economie-denergie-rapide-chaleur\/"]}]},{"@type":"ImageObject","inLanguage":"ar","@id":"https:\/\/ajishop.ma\/shop\/appareils-electriques\/lucky-tasse-a-cafe-en-ceramique-coussin-chauffant-automatique-economie-denergie-rapide-chaleur\/#primaryimage","url":"https:\/\/ajishop.ma\/wp-content\/uploads\/2024\/11\/cup1.jpg","contentUrl":"https:\/\/ajishop.ma\/wp-content\/uploads\/2024\/11\/cup1.jpg","width":1001,"height":1001},{"@type":"BreadcrumbList","@id":"https:\/\/ajishop.ma\/shop\/appareils-electriques\/lucky-tasse-a-cafe-en-ceramique-coussin-chauffant-automatique-economie-denergie-rapide-chaleur\/#breadcrumb","itemListElement":[{"@type":"ListItem","position":1,"name":"Accueil","item":"https:\/\/ajishop.ma\/"},{"@type":"ListItem","position":2,"name":"Magasin","item":"https:\/\/ajishop.ma\/shop\/"},{"@type":"ListItem","position":3,"name":"Lucky Tasse \u00e0 caf\u00e9 en c\u00e9ramique + coussin chauffant automatique \u00c9conomie d&#8217;\u00e9nergie rapide Chaleur"}]},{"@type":"WebSite","@id":"https:\/\/ajishop.ma\/#website","url":"https:\/\/ajishop.ma\/","name":"AjiShop.ma","description":"Produits 100% naturels, Pour votre bien \u00eatre...","publisher":{"@id":"https:\/\/ajishop.ma\/#organization"},"potentialAction":[{"@type":"SearchAction","target":{"@type":"EntryPoint","urlTemplate":"https:\/\/ajishop.ma\/?s={search_term_string}"},"query-input":{"@type":"PropertyValueSpecification","valueRequired":true,"valueName":"search_term_string"}}],"inLanguage":"ar"},{"@type":"Organization","@id":"https:\/\/ajishop.ma\/#organization","name":"AjiShop.ma","url":"https:\/\/ajishop.ma\/","logo":{"@type":"ImageObject","inLanguage":"ar","@id":"https:\/\/ajishop.ma\/#\/schema\/logo\/image\/","url":"https:\/\/ajishop.ma\/wp-content\/uploads\/2024\/09\/AjiShop.ma-Horizontal-Logo-Green.png","contentUrl":"https:\/\/ajishop.ma\/wp-content\/uploads\/2024\/09\/AjiShop.ma-Horizontal-Logo-Green.png","width":1917,"height":276,"caption":"AjiShop.ma"},"image":{"@id":"https:\/\/ajishop.ma\/#\/schema\/logo\/image\/"}}]}},"_links":{"self":[{"href":"https:\/\/ajishop.ma\/ar\/wp-json\/wp\/v2\/product\/16469"}],"collection":[{"href":"https:\/\/ajishop.ma\/ar\/wp-json\/wp\/v2\/product"}],"about":[{"href":"https:\/\/ajishop.ma\/ar\/wp-json\/wp\/v2\/types\/product"}],"replies":[{"embeddable":true,"href":"https:\/\/ajishop.ma\/ar\/wp-json\/wp\/v2\/comments?post=16469"}],"version-history":[{"count":1,"href":"https:\/\/ajishop.ma\/ar\/wp-json\/wp\/v2\/product\/16469\/revisions"}],"predecessor-version":[{"id":16475,"href":"https:\/\/ajishop.ma\/ar\/wp-json\/wp\/v2\/product\/16469\/revisions\/16475"}],"wp:featuredmedia":[{"embeddable":true,"href":"https:\/\/ajishop.ma\/ar\/wp-json\/wp\/v2\/media\/16471"}],"wp:attachment":[{"href":"https:\/\/ajishop.ma\/ar\/wp-json\/wp\/v2\/media?parent=16469"}],"wp:term":[{"taxonomy":"product_cat","embeddable":true,"href":"https:\/\/ajishop.ma\/ar\/wp-json\/wp\/v2\/product_cat?post=16469"},{"taxonomy":"product_tag","embeddable":true,"href":"https:\/\/ajishop.ma\/ar\/wp-json\/wp\/v2\/product_tag?post=16469"}],"curies":[{"name":"wp","href":"https:\/\/api.w.org\/{rel}","templated":true}]}}