{"id":16482,"date":"2024-11-05T02:19:54","date_gmt":"2024-11-05T01:19:54","guid":{"rendered":"https:\/\/ajishop.ma\/?post_type=product&#038;p=16482"},"modified":"2024-11-08T17:02:42","modified_gmt":"2024-11-08T16:02:42","slug":"clous-de-girofle","status":"publish","type":"product","link":"https:\/\/ajishop.ma\/ar\/shop\/herbes-et-apothicaire\/herbes\/clous-de-girofle\/","title":{"rendered":"Clous de girofle \/ \u0627\u0644\u0642\u0631\u0646\u0641\u0644"},"content":{"rendered":"<h1 id=\"girofle\">Qu&#8217;est-ce que le clou de girofle ?<\/h1>\n<p>Le clou de girofle est une \u00e9pice\u00a0au<strong>\u00a0go\u00fbt puissant<\/strong>\u00a0obtenue \u00e0 partir des boutons\u00a0floraux s\u00e9ch\u00e9s des fleurs du giroflier\u00a0(Syzygium aromaticum) . Il contient de l&#8217;<strong>eug\u00e9nol<\/strong>,\u00a0son principal compos\u00e9 aromatique qui lui conf\u00e8re\u00a0de nombreuses propri\u00e9t\u00e9s pour la sant\u00e9. Il\u00a0peut aussi servir de parfum d&#8217;ambiance si elle est piqu\u00e9 dans\u00a0un citron ou une orange.<\/p>\n<h1>Comment cultiver le\u00a0giroflier ?<\/h1>\n<p>Le giroflier\u00a0est un arbre de taille moyenne, atteignant 15\u00a0m dans son habitat naturel, de forme conique.\u00a0Il pousse sous un climat tropical, chaud et humide<strong>.\u00a0<\/strong>Les fleurs naissent sur les arbres de plus de 8 ans pendant la p\u00e9riode estivale.\u00a0Les boutons floraux sont cueillis \u00e0 la main avant \u00e9closion puis s\u00e9ch\u00e9s\u00a0au soleil pour\u00a0concentrer\u00a0et maturer leurs ar\u00f4mes\u00a0et devenir les fameux clous de girofle.<\/p>\n<h1>Le clou de girofle, quel go\u00fbt ?<\/h1>\n<p>Le clou de girofle est une \u00e9pice\u00a0au\u00a0<strong>go\u00fbt puissant<\/strong>\u00a0et\u00a0<strong>piquant<\/strong>\u00a0avec\u00a0un\u00a0<strong>ar\u00f4me p\u00e9n\u00e9trant<\/strong>,\u00a0<strong>chaud et riche<\/strong>\u00a0venant de\u00a0l&#8217;eug\u00e9nol, sont principal compos\u00e9 aromatique. La composition du\u00a0clou de girofle\u00a0est tr\u00e8s importante en\u00a0<strong>huile essentielle (20%)<\/strong>.<\/p>\n<h1>Comment utiliser le\u00a0clou de girofle en cuisine\u00a0 ?<\/h1>\n<p>Il\u00a0est utilis\u00e9 dans\u00a0<strong>les plats sal\u00e9s et la p\u00e2tisserie<\/strong>\u00a0notamment dans<strong>\u00a0les pains d&#8217;\u00e9pices<\/strong>. Le clou de girofle entre aussi dans la composition de\u00a0<strong>m\u00e9langes d&#8217;\u00e9pices<\/strong>, comme ras el hanout.<\/p>\n<p>Il peut \u00e9galement \u00eatre ajout\u00e9 dans les pots pourris pour\u00a0<strong>parfumer la maison<\/strong>\u00a0ou servir \u00e0 r\u00e9aliser une pomme d&#8217;ambre, fabriqu\u00e9e avec une orange piqu\u00e9e de clous de girofle puis s\u00e9ch\u00e9e.<\/p>\n<p>C&#8217;est une \u00e9pice qui\u00a0<strong>s&#8217;utilise g\u00e9n\u00e9ralement enti\u00e8re<\/strong>\u00a0ce qui fait qu&#8217;on l&#8217;emploie avec parcimonie, rarement plus de deux ou trois au maximum pour la r\u00e9alisation d&#8217;un plat.<\/p>\n<p>Les\u00a0clous de\u00a0<strong>girofle\u00a0moulus<\/strong>\u00a0s&#8217;emploient aussi saupoudr\u00e9s dans les plats, pour un parfum puissant et subtile. Elle est m\u00e9lang\u00e9 aussi avec la patte de datte pour \u00e9laborer plusieurs<strong>\u00a0p\u00e2tisseries Alg\u00e9riennes et magr\u00e9bines<\/strong>\u00a0tel que le\u00a0<strong>Makrout<\/strong>. Dans cette r\u00e9gion du monde le clou de girofle est appel\u00e9\u00a0<strong>&#8220;alqaranful&#8221;<\/strong>\u00a0ou\u00a0<strong>&#8220;3oud nowar&#8221;<\/strong>.<\/p>","protected":false},"excerpt":{"rendered":"<p>Qu&#8217;est-ce que le clou de girofle ? Le clou de girofle est une \u00e9pice\u00a0au\u00a0go\u00fbt puissant\u00a0obtenue \u00e0 partir des boutons\u00a0floraux s\u00e9ch\u00e9s<\/p>","protected":false},"featured_media":16483,"comment_status":"open","ping_status":"closed","template":"","meta":[],"product_cat":[32,75],"product_tag":[],"yoast_head":"<!-- This site is optimized with the Yoast SEO plugin v23.4 - https:\/\/yoast.com\/wordpress\/plugins\/seo\/ -->\n<title>Clous de girofle \/ \u0627\u0644\u0642\u0631\u0646\u0641\u0644 - AjiShop.ma<\/title>\n<meta name=\"robots\" content=\"index, follow, max-snippet:-1, max-image-preview:large, max-video-preview:-1\" \/>\n<link rel=\"canonical\" href=\"https:\/\/ajishop.ma\/ar\/shop\/herbes-et-apothicaire\/herbes\/clous-de-girofle\/\" \/>\n<meta property=\"og:locale\" content=\"ar_AR\" \/>\n<meta property=\"og:type\" content=\"article\" \/>\n<meta property=\"og:title\" content=\"Clous de girofle \/ \u0627\u0644\u0642\u0631\u0646\u0641\u0644 - AjiShop.ma\" \/>\n<meta property=\"og:description\" content=\"Qu&#8217;est-ce que le clou de girofle ? Le clou de girofle est une \u00e9pice\u00a0au\u00a0go\u00fbt puissant\u00a0obtenue \u00e0 partir des boutons\u00a0floraux s\u00e9ch\u00e9s\" \/>\n<meta property=\"og:url\" content=\"https:\/\/ajishop.ma\/ar\/shop\/herbes-et-apothicaire\/herbes\/clous-de-girofle\/\" \/>\n<meta property=\"og:site_name\" content=\"AjiShop.ma\" \/>\n<meta property=\"article:modified_time\" content=\"2024-11-08T16:02:42+00:00\" \/>\n<meta property=\"og:image\" content=\"https:\/\/ajishop.ma\/wp-content\/uploads\/2024\/11\/kronfal.jpg\" \/>\n\t<meta property=\"og:image:width\" content=\"600\" \/>\n\t<meta property=\"og:image:height\" content=\"600\" \/>\n\t<meta property=\"og:image:type\" content=\"image\/jpeg\" \/>\n<meta name=\"twitter:card\" content=\"summary_large_image\" \/>\n<meta name=\"twitter:label1\" content=\"\u0648\u0642\u062a \u0627\u0644\u0642\u0631\u0627\u0621\u0629 \u0627\u0644\u0645\u064f\u0642\u062f\u0651\u0631\" \/>\n\t<meta name=\"twitter:data1\" content=\"\u062f\u0642\u064a\u0642\u062a\u0627\u0646\" \/>\n<script type=\"application\/ld+json\" class=\"yoast-schema-graph\">{\"@context\":\"https:\/\/schema.org\",\"@graph\":[{\"@type\":\"WebPage\",\"@id\":\"https:\/\/ajishop.ma\/shop\/herbes-et-apothicaire\/herbes\/clous-de-girofle\/\",\"url\":\"https:\/\/ajishop.ma\/shop\/herbes-et-apothicaire\/herbes\/clous-de-girofle\/\",\"name\":\"Clous de girofle \/ \u0627\u0644\u0642\u0631\u0646\u0641\u0644 - AjiShop.ma\",\"isPartOf\":{\"@id\":\"https:\/\/ajishop.ma\/#website\"},\"primaryImageOfPage\":{\"@id\":\"https:\/\/ajishop.ma\/shop\/herbes-et-apothicaire\/herbes\/clous-de-girofle\/#primaryimage\"},\"image\":{\"@id\":\"https:\/\/ajishop.ma\/shop\/herbes-et-apothicaire\/herbes\/clous-de-girofle\/#primaryimage\"},\"thumbnailUrl\":\"https:\/\/ajishop.ma\/wp-content\/uploads\/2024\/11\/kronfal.jpg\",\"datePublished\":\"2024-11-05T01:19:54+00:00\",\"dateModified\":\"2024-11-08T16:02:42+00:00\",\"breadcrumb\":{\"@id\":\"https:\/\/ajishop.ma\/shop\/herbes-et-apothicaire\/herbes\/clous-de-girofle\/#breadcrumb\"},\"inLanguage\":\"ar\",\"potentialAction\":[{\"@type\":\"ReadAction\",\"target\":[\"https:\/\/ajishop.ma\/shop\/herbes-et-apothicaire\/herbes\/clous-de-girofle\/\"]}]},{\"@type\":\"ImageObject\",\"inLanguage\":\"ar\",\"@id\":\"https:\/\/ajishop.ma\/shop\/herbes-et-apothicaire\/herbes\/clous-de-girofle\/#primaryimage\",\"url\":\"https:\/\/ajishop.ma\/wp-content\/uploads\/2024\/11\/kronfal.jpg\",\"contentUrl\":\"https:\/\/ajishop.ma\/wp-content\/uploads\/2024\/11\/kronfal.jpg\",\"width\":600,\"height\":600},{\"@type\":\"BreadcrumbList\",\"@id\":\"https:\/\/ajishop.ma\/shop\/herbes-et-apothicaire\/herbes\/clous-de-girofle\/#breadcrumb\",\"itemListElement\":[{\"@type\":\"ListItem\",\"position\":1,\"name\":\"Accueil\",\"item\":\"https:\/\/ajishop.ma\/\"},{\"@type\":\"ListItem\",\"position\":2,\"name\":\"Magasin\",\"item\":\"https:\/\/ajishop.ma\/shop\/\"},{\"@type\":\"ListItem\",\"position\":3,\"name\":\"Clous de girofle \/ \u0627\u0644\u0642\u0631\u0646\u0641\u0644\"}]},{\"@type\":\"WebSite\",\"@id\":\"https:\/\/ajishop.ma\/#website\",\"url\":\"https:\/\/ajishop.ma\/\",\"name\":\"AjiShop.ma\",\"description\":\"Produits 100% naturels, Pour votre bien \u00eatre...\",\"publisher\":{\"@id\":\"https:\/\/ajishop.ma\/#organization\"},\"potentialAction\":[{\"@type\":\"SearchAction\",\"target\":{\"@type\":\"EntryPoint\",\"urlTemplate\":\"https:\/\/ajishop.ma\/?s={search_term_string}\"},\"query-input\":{\"@type\":\"PropertyValueSpecification\",\"valueRequired\":true,\"valueName\":\"search_term_string\"}}],\"inLanguage\":\"ar\"},{\"@type\":\"Organization\",\"@id\":\"https:\/\/ajishop.ma\/#organization\",\"name\":\"AjiShop.ma\",\"url\":\"https:\/\/ajishop.ma\/\",\"logo\":{\"@type\":\"ImageObject\",\"inLanguage\":\"ar\",\"@id\":\"https:\/\/ajishop.ma\/#\/schema\/logo\/image\/\",\"url\":\"https:\/\/ajishop.ma\/wp-content\/uploads\/2024\/09\/AjiShop.ma-Horizontal-Logo-Green.png\",\"contentUrl\":\"https:\/\/ajishop.ma\/wp-content\/uploads\/2024\/09\/AjiShop.ma-Horizontal-Logo-Green.png\",\"width\":1917,\"height\":276,\"caption\":\"AjiShop.ma\"},\"image\":{\"@id\":\"https:\/\/ajishop.ma\/#\/schema\/logo\/image\/\"}}]}<\/script>\n<!-- \/ Yoast SEO plugin. -->","yoast_head_json":{"title":"Clous de girofle \/ \u0627\u0644\u0642\u0631\u0646\u0641\u0644 - AjiShop.ma","robots":{"index":"index","follow":"follow","max-snippet":"max-snippet:-1","max-image-preview":"max-image-preview:large","max-video-preview":"max-video-preview:-1"},"canonical":"https:\/\/ajishop.ma\/ar\/shop\/herbes-et-apothicaire\/herbes\/clous-de-girofle\/","og_locale":"ar_AR","og_type":"article","og_title":"Clous de girofle \/ \u0627\u0644\u0642\u0631\u0646\u0641\u0644 - AjiShop.ma","og_description":"Qu&#8217;est-ce que le clou de girofle ? Le clou de girofle est une \u00e9pice\u00a0au\u00a0go\u00fbt puissant\u00a0obtenue \u00e0 partir des boutons\u00a0floraux s\u00e9ch\u00e9s","og_url":"https:\/\/ajishop.ma\/ar\/shop\/herbes-et-apothicaire\/herbes\/clous-de-girofle\/","og_site_name":"AjiShop.ma","article_modified_time":"2024-11-08T16:02:42+00:00","og_image":[{"width":600,"height":600,"url":"https:\/\/ajishop.ma\/wp-content\/uploads\/2024\/11\/kronfal.jpg","type":"image\/jpeg"}],"twitter_card":"summary_large_image","twitter_misc":{"\u0648\u0642\u062a \u0627\u0644\u0642\u0631\u0627\u0621\u0629 \u0627\u0644\u0645\u064f\u0642\u062f\u0651\u0631":"\u062f\u0642\u064a\u0642\u062a\u0627\u0646"},"schema":{"@context":"https:\/\/schema.org","@graph":[{"@type":"WebPage","@id":"https:\/\/ajishop.ma\/shop\/herbes-et-apothicaire\/herbes\/clous-de-girofle\/","url":"https:\/\/ajishop.ma\/shop\/herbes-et-apothicaire\/herbes\/clous-de-girofle\/","name":"Clous de girofle \/ \u0627\u0644\u0642\u0631\u0646\u0641\u0644 - AjiShop.ma","isPartOf":{"@id":"https:\/\/ajishop.ma\/#website"},"primaryImageOfPage":{"@id":"https:\/\/ajishop.ma\/shop\/herbes-et-apothicaire\/herbes\/clous-de-girofle\/#primaryimage"},"image":{"@id":"https:\/\/ajishop.ma\/shop\/herbes-et-apothicaire\/herbes\/clous-de-girofle\/#primaryimage"},"thumbnailUrl":"https:\/\/ajishop.ma\/wp-content\/uploads\/2024\/11\/kronfal.jpg","datePublished":"2024-11-05T01:19:54+00:00","dateModified":"2024-11-08T16:02:42+00:00","breadcrumb":{"@id":"https:\/\/ajishop.ma\/shop\/herbes-et-apothicaire\/herbes\/clous-de-girofle\/#breadcrumb"},"inLanguage":"ar","potentialAction":[{"@type":"ReadAction","target":["https:\/\/ajishop.ma\/shop\/herbes-et-apothicaire\/herbes\/clous-de-girofle\/"]}]},{"@type":"ImageObject","inLanguage":"ar","@id":"https:\/\/ajishop.ma\/shop\/herbes-et-apothicaire\/herbes\/clous-de-girofle\/#primaryimage","url":"https:\/\/ajishop.ma\/wp-content\/uploads\/2024\/11\/kronfal.jpg","contentUrl":"https:\/\/ajishop.ma\/wp-content\/uploads\/2024\/11\/kronfal.jpg","width":600,"height":600},{"@type":"BreadcrumbList","@id":"https:\/\/ajishop.ma\/shop\/herbes-et-apothicaire\/herbes\/clous-de-girofle\/#breadcrumb","itemListElement":[{"@type":"ListItem","position":1,"name":"Accueil","item":"https:\/\/ajishop.ma\/"},{"@type":"ListItem","position":2,"name":"Magasin","item":"https:\/\/ajishop.ma\/shop\/"},{"@type":"ListItem","position":3,"name":"Clous de girofle \/ \u0627\u0644\u0642\u0631\u0646\u0641\u0644"}]},{"@type":"WebSite","@id":"https:\/\/ajishop.ma\/#website","url":"https:\/\/ajishop.ma\/","name":"AjiShop.ma","description":"Produits 100% naturels, Pour votre bien \u00eatre...","publisher":{"@id":"https:\/\/ajishop.ma\/#organization"},"potentialAction":[{"@type":"SearchAction","target":{"@type":"EntryPoint","urlTemplate":"https:\/\/ajishop.ma\/?s={search_term_string}"},"query-input":{"@type":"PropertyValueSpecification","valueRequired":true,"valueName":"search_term_string"}}],"inLanguage":"ar"},{"@type":"Organization","@id":"https:\/\/ajishop.ma\/#organization","name":"AjiShop.ma","url":"https:\/\/ajishop.ma\/","logo":{"@type":"ImageObject","inLanguage":"ar","@id":"https:\/\/ajishop.ma\/#\/schema\/logo\/image\/","url":"https:\/\/ajishop.ma\/wp-content\/uploads\/2024\/09\/AjiShop.ma-Horizontal-Logo-Green.png","contentUrl":"https:\/\/ajishop.ma\/wp-content\/uploads\/2024\/09\/AjiShop.ma-Horizontal-Logo-Green.png","width":1917,"height":276,"caption":"AjiShop.ma"},"image":{"@id":"https:\/\/ajishop.ma\/#\/schema\/logo\/image\/"}}]}},"_links":{"self":[{"href":"https:\/\/ajishop.ma\/ar\/wp-json\/wp\/v2\/product\/16482"}],"collection":[{"href":"https:\/\/ajishop.ma\/ar\/wp-json\/wp\/v2\/product"}],"about":[{"href":"https:\/\/ajishop.ma\/ar\/wp-json\/wp\/v2\/types\/product"}],"replies":[{"embeddable":true,"href":"https:\/\/ajishop.ma\/ar\/wp-json\/wp\/v2\/comments?post=16482"}],"version-history":[{"count":1,"href":"https:\/\/ajishop.ma\/ar\/wp-json\/wp\/v2\/product\/16482\/revisions"}],"predecessor-version":[{"id":16489,"href":"https:\/\/ajishop.ma\/ar\/wp-json\/wp\/v2\/product\/16482\/revisions\/16489"}],"wp:featuredmedia":[{"embeddable":true,"href":"https:\/\/ajishop.ma\/ar\/wp-json\/wp\/v2\/media\/16483"}],"wp:attachment":[{"href":"https:\/\/ajishop.ma\/ar\/wp-json\/wp\/v2\/media?parent=16482"}],"wp:term":[{"taxonomy":"product_cat","embeddable":true,"href":"https:\/\/ajishop.ma\/ar\/wp-json\/wp\/v2\/product_cat?post=16482"},{"taxonomy":"product_tag","embeddable":true,"href":"https:\/\/ajishop.ma\/ar\/wp-json\/wp\/v2\/product_tag?post=16482"}],"curies":[{"name":"wp","href":"https:\/\/api.w.org\/{rel}","templated":true}]}}