{"id":16538,"date":"2024-11-06T00:23:08","date_gmt":"2024-11-05T23:23:08","guid":{"rendered":"https:\/\/ajishop.ma\/?post_type=product&#038;p=16538"},"modified":"2024-11-06T00:26:27","modified_gmt":"2024-11-05T23:26:27","slug":"graines-de-roquette","status":"publish","type":"product","link":"https:\/\/ajishop.ma\/ar\/shop\/herbes-et-apothicaire\/graines\/graines-de-roquette\/","title":{"rendered":"Graines de Roquette \/ \u0628\u0630\u0648\u0631 \u0627\u0644\u062c\u0631\u062c\u064a\u0631"},"content":{"rendered":"<p>\u064a\u062d\u062a\u0648\u064a \u0627\u0644\u062c\u0631\u062c\u064a\u0631 \u0639\u0644\u0649: \u0641\u064a\u062a\u0627\u0645\u064a\u0646\u0627\u062a K \u060c B9 \u0643\u0631\u0628\u0648\u0647\u064a\u062f\u0631\u0627\u062a \u0628\u0631\u0648\u062a\u064a\u0646 \u060c \u0623\u0644\u064a\u0627\u0641 \u063a\u0630\u0627\u0626\u064a\u0629 \u0642\u0644\u064a\u0644\u0629 \u060c \u0645\u0636\u0627\u062f\u0627\u062a \u0627\u0644\u0623\u0643\u0633\u062f\u0629 \u0627\u0644\u062f\u0647\u0646\u064a\u0629 \u0645\u062b\u0644 \u0627\u0644\u0643\u0627\u0631\u0648\u062a\u064a\u0646\u0627\u062a (\u0628\u064a\u062a\u0627 \u0643\u0627\u0631\u0648\u062a\u064a\u0646 \u0648\u0644\u0648\u062a\u064a\u0646) \u0648\u0641\u0644\u0627\u0641\u0648\u0646\u0648\u064a\u062f\u0627\u062a (\u0643\u064a\u0631\u0633\u064a\u062a\u064a\u0646) \u062c\u0644\u0648\u0643\u0648\u0632\u064a\u0646\u0648\u0644\u0627\u062a (\u0645\u0631\u0643\u0628\u0627\u062a \u0639\u0636\u0648\u064a\u0629 \u062a\u062d\u062a\u0648\u064a \u0639\u0644\u0649 \u0627\u0644\u0643\u0628\u0631\u064a\u062a \u0648\u0627\u0644\u062a\u064a \u062a\u0639\u0637\u064a \u0644\u0647\u0630\u0627 \u0627\u0644\u0637\u0639\u0627\u0645 \u0637\u0639\u0645\u0647 \u0627\u0644\u0645\u0631 \u0642\u0644\u064a\u0644\u0627\u064b). \u0644\u0627\u062d\u0638 \u0623\u0646 \u0628\u0630\u0648\u0631 \u0627\u0644\u062c\u0631\u062c\u064a\u0631 \u0633\u062a\u0643\u0648\u0646 \u0645\u062a\u0648\u0641\u0631\u0629 \u0623\u0643\u062b\u0631 \u0645\u0646 \u0627\u0644\u0623\u0648\u0631\u0627\u0642<\/p>\n<p>\u0644\u0647 \u0627\u0633\u062a\u062e\u062f\u0627\u0645\u0627\u062a \u0648\u0641\u0636\u0627\u0626\u0644 \u0639\u062f\u064a\u062f\u0629: \u0641\u0647\u0648 \u064a\u0646\u0634\u0637 \u0648\u064a\u062d\u0641\u0632 \u0627\u0644\u0648\u0638\u0627\u0626\u0641 \u0627\u0644\u062c\u0646\u0633\u064a\u0629. \u062a\u0634\u062a\u0647\u0631 \u0642\u0648\u062a\u0647\u0627 \u0627\u0644\u0645\u062f\u0631\u0629 \u0644\u0644\u0628\u0648\u0644. \u0644\u0630\u0644\u0643 \u0641\u0647\u0648 \u064a\u0633\u0627\u0639\u062f \u0639\u0644\u0649 \u0645\u0643\u0627\u0641\u062d\u0629 \u0627\u062d\u062a\u0628\u0627\u0633 \u0627\u0644\u0645\u0627\u0621. \u064a\u0639\u0632\u0632 \u0646\u0645\u0648 \u0627\u0644\u0634\u0639\u0631 \u0648\u064a\u0633\u062a\u062e\u062f\u0645 \u0623\u064a\u0636\u064b\u0627 \u0641\u064a \u062a\u0643\u0648\u064a\u0646 \u0623\u0642\u0646\u0639\u0629 \u0634\u0639\u0631 \u0645\u0639\u064a\u0646\u0629 \u0645\u0646 \u0645\u0633\u062a\u062d\u0636\u0631\u0627\u062a \u0627\u0644\u062a\u062c\u0645\u064a\u0644 \u0627\u0644\u0646\u0628\u0627\u062a\u064a\u0629. \u064a\u0646\u0638\u0641 \u0641\u0631\u0648\u0629 \u0627\u0644\u0631\u0623\u0633 \u0627\u0644\u0645\u0639\u0631\u0636\u0629 \u0644\u0644\u0625\u0641\u0631\u0627\u0632\u0627\u062a \u0627\u0644\u062f\u0647\u0646\u064a\u0629 \u0627\u0644\u0632\u0627\u0626\u062f\u0629 \u060c \u062e\u0627\u0635\u0629 \u0639\u0646\u062f \u0627\u0644\u062f\u0645\u062c \u0645\u0639 \u0646\u0628\u0627\u062a \u0627\u0644\u0642\u0631\u0627\u0635 \u0648\u0627\u0644\u0623\u0631\u0642\u0637\u064a\u0648\u0646. \u064a\u064f\u0646\u0633\u0628 \u0625\u0644\u064a\u0647 \u062e\u0635\u0627\u0626\u0635 \u0645\u0636\u0627\u062f\u0629 \u0644\u0644\u0627\u0645\u062a\u0635\u0627\u0635. \u0647\u0630\u0627 \u0647\u0648 \u0627\u0644\u0633\u0628\u0628 \u0641\u064a \u0623\u0646\u0647 \u064a\u0645\u062b\u0644 \u0627\u0644\u063a\u0630\u0627\u0621 \u0627\u0644\u0645\u0641\u0636\u0644 \u0641\u064a \u062d\u0627\u0644\u0629 \u0646\u0642\u0635 \u0641\u064a\u062a\u0627\u0645\u064a\u0646 \u0633\u064a \u0627\u0644\u0646\u0627\u062a\u062c \u0639\u0646 \u0646\u0638\u0627\u0645 \u063a\u0630\u0627\u0626\u064a \u063a\u064a\u0631 \u0645\u062a\u0648\u0627\u0632\u0646 \u060c \u0648\u0644\u0643\u0646 \u0623\u064a\u0636\u064b\u0627 \u0639\u0646 \u0637\u0631\u064a\u0642 \u0627\u0644\u062a\u062f\u062e\u064a\u0646 \u0648\u0627\u0644\u062a\u0648\u062a\u0631. \u063a\u0646\u064a \u0628\u0645\u0636\u0627\u062f\u0627\u062a \u0627\u0644\u0623\u0643\u0633\u062f\u0629 \u060c \u064a\u0633\u0627\u0639\u062f \u0627\u0644\u062c\u0631\u062c\u064a\u0631 \u0641\u064a \u0645\u0643\u0627\u0641\u062d\u0629 \u062e\u0637\u0631 \u0627\u0644\u0625\u0635\u0627\u0628\u0629 \u0628\u0628\u0639\u0636 \u0627\u0644\u0623\u0645\u0631\u0627\u0636 \u0627\u0644\u0645\u0632\u0645\u0646\u0629 \u0648\u0643\u0630\u0644\u0643 \u0628\u0639\u0636 \u0623\u0646\u0648\u0627\u0639 \u0627\u0644\u0633\u0631\u0637\u0627\u0646 \u0648\u0623\u0645\u0631\u0627\u0636 \u0627\u0644\u0642\u0644\u0628 \u0648\u0627\u0644\u0623\u0648\u0639\u064a\u0629 \u0627\u0644\u062f\u0645\u0648\u064a\u0629. \u064a\u062a\u0645 \u062a\u0636\u062e\u064a\u0645 \u0627\u0644\u062d\u0645\u0627\u064a\u0629 \u0639\u0646\u062f\u0645\u0627 \u064a\u0633\u062a\u0647\u0644\u0643 \u0627\u0644\u0645\u0631\u0621 \u0627\u0644\u0643\u062b\u064a\u0631 \u0645\u0646 \u0627\u0644\u0641\u0648\u0627\u0643\u0647 \u0648\u0627\u0644\u062e\u0636\u0631\u0648\u0627\u062a \u0648\u064a\u062d\u0627\u0641\u0638 \u0627\u0644\u0645\u0631\u0621 \u0639\u0644\u0649 \u0646\u0645\u0637 \u062d\u064a\u0627\u0629 \u0635\u062d\u064a. \u064a\u0633\u0627\u0639\u062f \u0627\u0644\u062c\u0631\u062c\u064a\u0631 \u0641\u064a \u0627\u0644\u062d\u0641\u0627\u0638 \u0639\u0644\u0649 \u0628\u0634\u0631\u0629 \u0635\u062d\u064a\u0629. \u064a\u062d\u0645\u064a \u0627\u0644\u062e\u0644\u0627\u064a\u0627 \u0645\u0646 \u0627\u0644\u0625\u062c\u0647\u0627\u062f \u0627\u0644\u062a\u0623\u0643\u0633\u062f\u064a \u0627\u0644\u0645\u0633\u0624\u0648\u0644 \u0639\u0646 \u0627\u0644\u0634\u064a\u062e\u0648\u062e\u0629. \u064a\u0633\u0627\u0639\u062f \u0639\u0644\u0649 \u062d\u0645\u0627\u064a\u0629 \u0627\u0644\u062c\u0647\u0627\u0632 \u0627\u0644\u0647\u0636\u0645\u064a \u0648\u0627\u0644\u062d\u0641\u0627\u0638 \u0639\u0644\u0649 \u0635\u062d\u0629 \u0627\u0644\u0642\u0648\u0644\u0648\u0646. \u0633\u0644\u0637\u0629 \u0627\u0644\u062c\u0631\u062c\u064a\u0631 \u062a\u0633\u0647\u0644 \u0639\u0645\u0644\u064a\u0629 \u0627\u0644\u0647\u0636\u0645 \u0648\u0647\u064a \u0634\u0647\u064a\u0629 \u0623\u064a \u0623\u0646\u0647\u0627 \u062a\u062d\u0641\u0632 \u0627\u0644\u0634\u0647\u064a\u0629. \u064a\u0645\u0643\u0646 \u0627\u0633\u062a\u062e\u062f\u0627\u0645\u0647 \u0641\u064a \u0627\u0644\u062a\u0626\u0627\u0645 \u0627\u0644\u062c\u0631\u0648\u062d \u0627\u0644\u062c\u0644\u062f\u064a\u0629 \u0628\u0633\u0628\u0628 \u0642\u062f\u0631\u062a\u0647 \u0639\u0644\u0649 \u0627\u0644\u0634\u0641\u0627\u0621\n\u0643\u064a\u0641 \u062a\u0633\u062a\u0639\u0645\u0644\n\u0647\u0627\u0645: \u0627\u0644\u0628\u0630\u0648\u0631 \u0627\u0644\u062a\u064a \u062a\u062d\u062a\u0648\u064a \u0639\u0644\u0649 \u0627\u0644\u0635\u0645\u063a (\u0639\u0646\u062f \u0645\u0644\u0627\u0645\u0633\u062a\u0647\u0627 \u0644\u0644\u0645\u0627\u0621 \u060c \u062a\u0637\u0644\u0642 \u0645\u0627\u062f\u0629 \u0647\u0644\u0627\u0645\u064a\u0629) \u060c \u062a\u064f\u0632\u0631\u0639 \u0641\u064a \u0637\u0628\u0642 \u0625\u0646\u0628\u0627\u062a<\/p>\n<p>Mode d&#8217;utilisation<\/p>\n<p>IMPORTANT : graines \u00e0 mucilage (au contact de l&#8217;eau, elles lib\u00e8rent une substance g\u00e9latineuse), elles se cultivent en coupelle de germination<\/p>","protected":false},"excerpt":{"rendered":"<p>La roquette contient : des vitamines K, B9\u00a0des glucides\u00a0des prot\u00e9ines\u00a0des fibres alimentaires\u00a0peu de lipides\u00a0des antioxydants tels que des carot\u00e9no\u00efdes (b\u00eata-carot\u00e8ne<\/p>","protected":false},"featured_media":16543,"comment_status":"open","ping_status":"closed","template":"","meta":[],"product_cat":[32,76],"product_tag":[],"yoast_head":"<!-- This site is optimized with the Yoast SEO plugin v23.4 - https:\/\/yoast.com\/wordpress\/plugins\/seo\/ -->\n<title>Graines de Roquette \/ \u0628\u0630\u0648\u0631 \u0627\u0644\u062c\u0631\u062c\u064a\u0631 - AjiShop.ma<\/title>\n<meta name=\"robots\" content=\"index, follow, max-snippet:-1, max-image-preview:large, max-video-preview:-1\" \/>\n<link rel=\"canonical\" href=\"https:\/\/ajishop.ma\/ar\/shop\/herbes-et-apothicaire\/graines\/graines-de-roquette\/\" \/>\n<meta property=\"og:locale\" content=\"ar_AR\" \/>\n<meta property=\"og:type\" content=\"article\" \/>\n<meta property=\"og:title\" content=\"Graines de Roquette \/ \u0628\u0630\u0648\u0631 \u0627\u0644\u062c\u0631\u062c\u064a\u0631 - AjiShop.ma\" \/>\n<meta property=\"og:description\" content=\"La roquette contient : des vitamines K, B9\u00a0des glucides\u00a0des prot\u00e9ines\u00a0des fibres alimentaires\u00a0peu de lipides\u00a0des antioxydants tels que des carot\u00e9no\u00efdes (b\u00eata-carot\u00e8ne\" \/>\n<meta property=\"og:url\" content=\"https:\/\/ajishop.ma\/ar\/shop\/herbes-et-apothicaire\/graines\/graines-de-roquette\/\" \/>\n<meta property=\"og:site_name\" content=\"AjiShop.ma\" \/>\n<meta property=\"article:modified_time\" content=\"2024-11-05T23:26:27+00:00\" \/>\n<meta property=\"og:image\" content=\"https:\/\/ajishop.ma\/wp-content\/uploads\/2024\/11\/jarjir.jpg\" \/>\n\t<meta property=\"og:image:width\" content=\"1000\" \/>\n\t<meta property=\"og:image:height\" content=\"1000\" \/>\n\t<meta property=\"og:image:type\" content=\"image\/jpeg\" \/>\n<meta name=\"twitter:card\" content=\"summary_large_image\" \/>\n<meta name=\"twitter:label1\" content=\"\u0648\u0642\u062a \u0627\u0644\u0642\u0631\u0627\u0621\u0629 \u0627\u0644\u0645\u064f\u0642\u062f\u0651\u0631\" \/>\n\t<meta name=\"twitter:data1\" content=\"\u062f\u0642\u064a\u0642\u062a\u0627\u0646\" \/>\n<script type=\"application\/ld+json\" class=\"yoast-schema-graph\">{\"@context\":\"https:\/\/schema.org\",\"@graph\":[{\"@type\":\"WebPage\",\"@id\":\"https:\/\/ajishop.ma\/shop\/herbes-et-apothicaire\/graines\/graines-de-roquette\/\",\"url\":\"https:\/\/ajishop.ma\/shop\/herbes-et-apothicaire\/graines\/graines-de-roquette\/\",\"name\":\"Graines de Roquette \/ \u0628\u0630\u0648\u0631 \u0627\u0644\u062c\u0631\u062c\u064a\u0631 - AjiShop.ma\",\"isPartOf\":{\"@id\":\"https:\/\/ajishop.ma\/#website\"},\"primaryImageOfPage\":{\"@id\":\"https:\/\/ajishop.ma\/shop\/herbes-et-apothicaire\/graines\/graines-de-roquette\/#primaryimage\"},\"image\":{\"@id\":\"https:\/\/ajishop.ma\/shop\/herbes-et-apothicaire\/graines\/graines-de-roquette\/#primaryimage\"},\"thumbnailUrl\":\"https:\/\/ajishop.ma\/wp-content\/uploads\/2024\/11\/jarjir.jpg\",\"datePublished\":\"2024-11-05T23:23:08+00:00\",\"dateModified\":\"2024-11-05T23:26:27+00:00\",\"breadcrumb\":{\"@id\":\"https:\/\/ajishop.ma\/shop\/herbes-et-apothicaire\/graines\/graines-de-roquette\/#breadcrumb\"},\"inLanguage\":\"ar\",\"potentialAction\":[{\"@type\":\"ReadAction\",\"target\":[\"https:\/\/ajishop.ma\/shop\/herbes-et-apothicaire\/graines\/graines-de-roquette\/\"]}]},{\"@type\":\"ImageObject\",\"inLanguage\":\"ar\",\"@id\":\"https:\/\/ajishop.ma\/shop\/herbes-et-apothicaire\/graines\/graines-de-roquette\/#primaryimage\",\"url\":\"https:\/\/ajishop.ma\/wp-content\/uploads\/2024\/11\/jarjir.jpg\",\"contentUrl\":\"https:\/\/ajishop.ma\/wp-content\/uploads\/2024\/11\/jarjir.jpg\",\"width\":1000,\"height\":1000},{\"@type\":\"BreadcrumbList\",\"@id\":\"https:\/\/ajishop.ma\/shop\/herbes-et-apothicaire\/graines\/graines-de-roquette\/#breadcrumb\",\"itemListElement\":[{\"@type\":\"ListItem\",\"position\":1,\"name\":\"Accueil\",\"item\":\"https:\/\/ajishop.ma\/\"},{\"@type\":\"ListItem\",\"position\":2,\"name\":\"Magasin\",\"item\":\"https:\/\/ajishop.ma\/shop\/\"},{\"@type\":\"ListItem\",\"position\":3,\"name\":\"Graines de Roquette \/ \u0628\u0630\u0648\u0631 \u0627\u0644\u062c\u0631\u062c\u064a\u0631\"}]},{\"@type\":\"WebSite\",\"@id\":\"https:\/\/ajishop.ma\/#website\",\"url\":\"https:\/\/ajishop.ma\/\",\"name\":\"AjiShop.ma\",\"description\":\"Produits 100% naturels, Pour votre bien \u00eatre...\",\"publisher\":{\"@id\":\"https:\/\/ajishop.ma\/#organization\"},\"potentialAction\":[{\"@type\":\"SearchAction\",\"target\":{\"@type\":\"EntryPoint\",\"urlTemplate\":\"https:\/\/ajishop.ma\/?s={search_term_string}\"},\"query-input\":{\"@type\":\"PropertyValueSpecification\",\"valueRequired\":true,\"valueName\":\"search_term_string\"}}],\"inLanguage\":\"ar\"},{\"@type\":\"Organization\",\"@id\":\"https:\/\/ajishop.ma\/#organization\",\"name\":\"AjiShop.ma\",\"url\":\"https:\/\/ajishop.ma\/\",\"logo\":{\"@type\":\"ImageObject\",\"inLanguage\":\"ar\",\"@id\":\"https:\/\/ajishop.ma\/#\/schema\/logo\/image\/\",\"url\":\"https:\/\/ajishop.ma\/wp-content\/uploads\/2024\/09\/AjiShop.ma-Horizontal-Logo-Green.png\",\"contentUrl\":\"https:\/\/ajishop.ma\/wp-content\/uploads\/2024\/09\/AjiShop.ma-Horizontal-Logo-Green.png\",\"width\":1917,\"height\":276,\"caption\":\"AjiShop.ma\"},\"image\":{\"@id\":\"https:\/\/ajishop.ma\/#\/schema\/logo\/image\/\"}}]}<\/script>\n<!-- \/ Yoast SEO plugin. -->","yoast_head_json":{"title":"Graines de Roquette \/ \u0628\u0630\u0648\u0631 \u0627\u0644\u062c\u0631\u062c\u064a\u0631 - AjiShop.ma","robots":{"index":"index","follow":"follow","max-snippet":"max-snippet:-1","max-image-preview":"max-image-preview:large","max-video-preview":"max-video-preview:-1"},"canonical":"https:\/\/ajishop.ma\/ar\/shop\/herbes-et-apothicaire\/graines\/graines-de-roquette\/","og_locale":"ar_AR","og_type":"article","og_title":"Graines de Roquette \/ \u0628\u0630\u0648\u0631 \u0627\u0644\u062c\u0631\u062c\u064a\u0631 - AjiShop.ma","og_description":"La roquette contient : des vitamines K, B9\u00a0des glucides\u00a0des prot\u00e9ines\u00a0des fibres alimentaires\u00a0peu de lipides\u00a0des antioxydants tels que des carot\u00e9no\u00efdes (b\u00eata-carot\u00e8ne","og_url":"https:\/\/ajishop.ma\/ar\/shop\/herbes-et-apothicaire\/graines\/graines-de-roquette\/","og_site_name":"AjiShop.ma","article_modified_time":"2024-11-05T23:26:27+00:00","og_image":[{"width":1000,"height":1000,"url":"https:\/\/ajishop.ma\/wp-content\/uploads\/2024\/11\/jarjir.jpg","type":"image\/jpeg"}],"twitter_card":"summary_large_image","twitter_misc":{"\u0648\u0642\u062a \u0627\u0644\u0642\u0631\u0627\u0621\u0629 \u0627\u0644\u0645\u064f\u0642\u062f\u0651\u0631":"\u062f\u0642\u064a\u0642\u062a\u0627\u0646"},"schema":{"@context":"https:\/\/schema.org","@graph":[{"@type":"WebPage","@id":"https:\/\/ajishop.ma\/shop\/herbes-et-apothicaire\/graines\/graines-de-roquette\/","url":"https:\/\/ajishop.ma\/shop\/herbes-et-apothicaire\/graines\/graines-de-roquette\/","name":"Graines de Roquette \/ \u0628\u0630\u0648\u0631 \u0627\u0644\u062c\u0631\u062c\u064a\u0631 - AjiShop.ma","isPartOf":{"@id":"https:\/\/ajishop.ma\/#website"},"primaryImageOfPage":{"@id":"https:\/\/ajishop.ma\/shop\/herbes-et-apothicaire\/graines\/graines-de-roquette\/#primaryimage"},"image":{"@id":"https:\/\/ajishop.ma\/shop\/herbes-et-apothicaire\/graines\/graines-de-roquette\/#primaryimage"},"thumbnailUrl":"https:\/\/ajishop.ma\/wp-content\/uploads\/2024\/11\/jarjir.jpg","datePublished":"2024-11-05T23:23:08+00:00","dateModified":"2024-11-05T23:26:27+00:00","breadcrumb":{"@id":"https:\/\/ajishop.ma\/shop\/herbes-et-apothicaire\/graines\/graines-de-roquette\/#breadcrumb"},"inLanguage":"ar","potentialAction":[{"@type":"ReadAction","target":["https:\/\/ajishop.ma\/shop\/herbes-et-apothicaire\/graines\/graines-de-roquette\/"]}]},{"@type":"ImageObject","inLanguage":"ar","@id":"https:\/\/ajishop.ma\/shop\/herbes-et-apothicaire\/graines\/graines-de-roquette\/#primaryimage","url":"https:\/\/ajishop.ma\/wp-content\/uploads\/2024\/11\/jarjir.jpg","contentUrl":"https:\/\/ajishop.ma\/wp-content\/uploads\/2024\/11\/jarjir.jpg","width":1000,"height":1000},{"@type":"BreadcrumbList","@id":"https:\/\/ajishop.ma\/shop\/herbes-et-apothicaire\/graines\/graines-de-roquette\/#breadcrumb","itemListElement":[{"@type":"ListItem","position":1,"name":"Accueil","item":"https:\/\/ajishop.ma\/"},{"@type":"ListItem","position":2,"name":"Magasin","item":"https:\/\/ajishop.ma\/shop\/"},{"@type":"ListItem","position":3,"name":"Graines de Roquette \/ \u0628\u0630\u0648\u0631 \u0627\u0644\u062c\u0631\u062c\u064a\u0631"}]},{"@type":"WebSite","@id":"https:\/\/ajishop.ma\/#website","url":"https:\/\/ajishop.ma\/","name":"AjiShop.ma","description":"Produits 100% naturels, Pour votre bien \u00eatre...","publisher":{"@id":"https:\/\/ajishop.ma\/#organization"},"potentialAction":[{"@type":"SearchAction","target":{"@type":"EntryPoint","urlTemplate":"https:\/\/ajishop.ma\/?s={search_term_string}"},"query-input":{"@type":"PropertyValueSpecification","valueRequired":true,"valueName":"search_term_string"}}],"inLanguage":"ar"},{"@type":"Organization","@id":"https:\/\/ajishop.ma\/#organization","name":"AjiShop.ma","url":"https:\/\/ajishop.ma\/","logo":{"@type":"ImageObject","inLanguage":"ar","@id":"https:\/\/ajishop.ma\/#\/schema\/logo\/image\/","url":"https:\/\/ajishop.ma\/wp-content\/uploads\/2024\/09\/AjiShop.ma-Horizontal-Logo-Green.png","contentUrl":"https:\/\/ajishop.ma\/wp-content\/uploads\/2024\/09\/AjiShop.ma-Horizontal-Logo-Green.png","width":1917,"height":276,"caption":"AjiShop.ma"},"image":{"@id":"https:\/\/ajishop.ma\/#\/schema\/logo\/image\/"}}]}},"_links":{"self":[{"href":"https:\/\/ajishop.ma\/ar\/wp-json\/wp\/v2\/product\/16538"}],"collection":[{"href":"https:\/\/ajishop.ma\/ar\/wp-json\/wp\/v2\/product"}],"about":[{"href":"https:\/\/ajishop.ma\/ar\/wp-json\/wp\/v2\/types\/product"}],"replies":[{"embeddable":true,"href":"https:\/\/ajishop.ma\/ar\/wp-json\/wp\/v2\/comments?post=16538"}],"version-history":[{"count":1,"href":"https:\/\/ajishop.ma\/ar\/wp-json\/wp\/v2\/product\/16538\/revisions"}],"predecessor-version":[{"id":16544,"href":"https:\/\/ajishop.ma\/ar\/wp-json\/wp\/v2\/product\/16538\/revisions\/16544"}],"wp:featuredmedia":[{"embeddable":true,"href":"https:\/\/ajishop.ma\/ar\/wp-json\/wp\/v2\/media\/16543"}],"wp:attachment":[{"href":"https:\/\/ajishop.ma\/ar\/wp-json\/wp\/v2\/media?parent=16538"}],"wp:term":[{"taxonomy":"product_cat","embeddable":true,"href":"https:\/\/ajishop.ma\/ar\/wp-json\/wp\/v2\/product_cat?post=16538"},{"taxonomy":"product_tag","embeddable":true,"href":"https:\/\/ajishop.ma\/ar\/wp-json\/wp\/v2\/product_tag?post=16538"}],"curies":[{"name":"wp","href":"https:\/\/api.w.org\/{rel}","templated":true}]}}