{"id":16572,"date":"2024-11-06T01:31:11","date_gmt":"2024-11-06T00:31:11","guid":{"rendered":"https:\/\/ajishop.ma\/?post_type=product&#038;p=16572"},"modified":"2024-11-06T01:31:11","modified_gmt":"2024-11-06T00:31:11","slug":"fruit-du-doum-palmier","status":"publish","type":"product","link":"https:\/\/ajishop.ma\/ar\/shop\/herbes-et-apothicaire\/herbes\/fruit-du-doum-palmier\/","title":{"rendered":"Fruit du doum (palmier)  \/ \u062b\u0645\u0631\u0629 \u0627\u0644\u062f\u0648\u0645"},"content":{"rendered":"<h3 style=\"text-align: left\"><strong>Vertus du Fruit du Doum:<\/strong><\/h3>\n<ul>\n<li>Combat la maladie d&#8217;Alzheimer et maintient l&#8217;int\u00e9grit\u00e9 des cellules nerveuses.<\/li>\n<li>Traite les troubles du sommeil et r\u00e9duit les risques d&#8217;insomnie.<\/li>\n<li>Favorise la sant\u00e9 des os et des dents, car il contient du calcium, du potassium et du magn\u00e9sium.<\/li>\n<li>Il est utilis\u00e9 pour blanchir les dents et st\u00e9riliser la bouche et les gencives des bact\u00e9ries nocives.<\/li>\n<li>Aide en cas de calvitie car il stimule la circulation sanguine dans le cuir chevelu<\/li>\n<li>Qui pousse les cheveux.<\/li>\n<li>\u00c9limine les signes du vieillissement et r\u00e9duit les sympt\u00f4mes du vieillissement pr\u00e9matur\u00e9.<\/li>\n<li>Aide en cas d&#8217;asthme.<\/li>\n<li>Il renforce le syst\u00e8me immunitaire et combat les maladies.<\/li>\n<li>Il est utilis\u00e9 dans le traitement des h\u00e9morro\u00efdes, car il am\u00e9liore la digestion puis l&#8217;excr\u00e9tion.<\/li>\n<\/ul>\n<h3 style=\"text-align: left\"><span style=\"text-decoration: underline\">Jus du doum:<\/span><\/h3>\n<ul>\n<li style=\"text-align: left\">Dom fruits lav\u00e9s<\/li>\n<li style=\"text-align: left\">Tremp\u00e9s pendant 6 heures ou plus dans l&#8217;eau, en les retournant de temps en temps, mettre au frigo<\/li>\n<li style=\"text-align: left\">Chauffer l eau du Doum sur\u00a0 feu sans \u00e9bullition<\/li>\n<li style=\"text-align: left\">Filtrer, sucrer et buvez froid.<\/li>\n<\/ul>\n<h3 style=\"text-align: right\">\u062b\u0645\u0631\u0629 \u0627\u0644\u062f\u0648\u0645 \u0648\u062a\u0633\u0645\u0649 \u0627\u0644\u063a\u0627\u0632<\/h3>\n<h3 style=\"text-align: right\">\u00a0 \u00a0 \u00a0 \u00a0 \u00a0 \u00a0 \u00a0 \u00a0 \u00a0 \u00a0 \u00a0 \u00a0 \u00a0 \u00a0 \u0637\u0631\u064a\u0642\u0629 \u062a\u062d\u0636\u064a\u0631 \u0639\u0635\u064a\u0631 \u0627\u0644\u062f\u0648\u0645<\/h3>\n<p style=\"text-align: right\"><span style=\"font-size: 1.4em\">\u062a\u063a\u0633\u0644 \u062b\u0645\u0627\u0631 \u0627\u0644\u062f\u0648\u0645 &#8211;\u00a0<\/span><br \/>\n<span style=\"font-size: 1.4em\">\u062a\u0646\u0642\u0639 \u062b\u0645\u0627\u0631 \u0627\u0644\u062f\u0648\u0645 \u0644\u0645\u062f\u0629 6 \u0633\u0627\u0639\u0627\u062a \u0641\u0623\u0643\u062b\u0631 \u0641\u064a \u0627\u0644\u0645\u0627\u0621 \u0648\u062a\u0642\u0644\u0628 \u0645\u0646 \u0648\u0642\u062a \u0644\u0622\u062e\u0631\u00a0\u00a0<\/span><br \/>\n<span style=\"font-size: 1.4em\">\u062a\u0648\u0636\u0639 \u0641\u064a \u0627\u0644\u062b\u0644\u0627\u062c\u0629 &#8211;<\/span><br \/>\n<span style=\"font-size: 1.4em\">\u062a\u0633\u062e\u0646 \u0639\u0644\u0649 \u0627\u0644\u0646\u0627\u0631 \u062d\u062a\u0649 \u0646\u062a\u0623\u0643\u062f \u0645\u0646 \u062a\u0639\u0642\u064a\u0645\u0647\u0627 \u062f\u0648\u0646 \u0623\u0646 \u062a\u0635\u0644 \u0625\u0644\u0649 \u0627\u0644\u063a\u0644\u064a\u0627\u0646 &#8211;<\/span><br \/>\n<span style=\"font-size: 1.4em\">\u062a\u0635\u0641\u0649 \u0648\u062a\u062d\u0644\u0649 \u0648\u062a\u0634\u0631\u0628 \u0628\u0627\u0631\u062f\u0629 &#8211;<\/span><\/p>\n<p style=\"text-align: right\"><span style=\"font-size: 1.4em\">\u062a\u0623\u062a\u064a \u0641\u0648\u0627\u0626\u062f \u0627\u0644\u062f\u0648\u0645 \u0643\u0648\u0646\u0647 \u0645\u0635\u062f\u0631 \u063a\u0646\u064a \u0628\u0627\u0644\u0641\u064a\u062a\u0627\u0645\u064a\u0646\u0627\u062a \u0648\u062e\u0627\u0635\u0629 \u0641\u064a\u062a\u0627\u0645\u064a\u0646 B1 \u0648 B2 \u0648\u0641\u064a\u062a\u0627\u0645\u064a\u0646 \u0625 \u0648\u064a\u062d\u062a\u0648\u064a \u0623\u064a\u0636\u0627\u064b \u0639\u0644\u0649<br \/>\n\u0645\u0636\u0627\u062f\u0627\u062a \u0644\u0644\u0623\u0643\u0633\u062f\u0629 \u0648\u0641\u064a\u062a\u0627\u0645\u064a\u0646 \u0627\u0644\u0646\u064a\u0627\u0633\u064a\u0646 \u062d\u064a\u062b \u062a\u0648\u0635\u0644\u062a \u0627\u0644\u0639\u062f\u064a\u062f \u0645\u0646 \u0627\u0644\u0623\u0628\u062d\u0627\u062b \u0623\u0646 \u062b\u0645\u0627\u0631 \u0627\u0644\u062f\u0648\u0645 \u0644\u0647\u0627 \u0641\u0648\u0627\u0626\u062f \u0639\u0644\u0627\u062c\u064a\u0629<br \/>\n\u062c\u0645\u0629 \u0641\u064a \u0645\u0643\u0627\u0641\u062d\u0629 \u0623\u0645\u0631\u0627\u0636 \u0627\u0644\u0643\u0648\u0644\u0633\u062a\u0631\u0648\u0644 \u0648\u0627\u0644\u0636\u063a\u0637 \u0648\u0627\u0644\u0633\u0643\u0631 \u0648\u0645\u0643\u0627\u0641\u062d\u0629 \u0627\u0644\u0633\u0631\u0637\u0627\u0646 \u0648\u0627\u0644\u0648\u0642\u0627\u064a\u0629 \u0645\u0646\u0647<\/span><\/p>\n<p style=\"text-align: right\">\n<p style=\"text-align: right\"><span style=\"font-size: 1.4em\"><span style=\"text-decoration: underline\"><strong>\u00a0\u0641\u0648\u0627\u0626\u062f \u0627\u0644\u062f\u0648\u0645 \u0641\u064a \u0645\u0643\u0627\u0641\u062d\u0629 \u0627\u0644\u0633\u0631\u0637\u0627\u0646<\/strong><\/span><br \/>\n\u064a\u062d\u062a\u0648\u064a \u0627\u0644\u062f\u0648\u0645 \u0639\u0644\u0649 \u0645\u0636\u0627\u062f\u0627\u062a \u0644\u0644\u0623\u0643\u0633\u062f\u0629 \u062d\u064a\u062b \u062a\u062d\u0627\u0631\u0628 \u0648\u062a\u0643\u0627\u0641\u062d \u0627\u0644\u062c\u0630\u0648\u0631 \u0627\u0644\u062d\u0631\u0629 \u0648\u0645\u0646 \u062b\u0645<br \/>\n\u062a\u0633\u064a\u0637\u0631 \u0639\u0644\u0649 \u0646\u0645\u0648 \u0627\u0644\u062e\u0644\u0627\u064a\u0627 \u0627\u0644\u0633\u0631\u0637\u0627\u0646\u064a\u0629 \u0648\u0645\u0646\u0639 \u0646\u0645\u0648 \u0623\u064a \u062e\u0644\u0627\u064a\u0627 \u0633\u0631\u0637\u0627\u0646\u064a\u0629 \u0623\u062e\u0631\u0649.<br \/>\n\u064a\u062f\u062e\u0644 \u0627\u0644\u062f\u0648\u0645 \u0641\u064a \u0635\u0646\u0627\u0639\u0629 \u0628\u0639\u0636 \u0627\u0644\u0623\u062f\u0648\u064a\u0629 \u0627\u0644\u062a\u064a \u062a\u0639\u0627\u0644\u062c \u0627\u0644\u0633\u0631\u0637\u0627\u0646 \u0648\u062e\u0627\u0635\u0629 \u0633\u0631\u0637\u0627\u0646 \u0627\u0644\u0628\u0631\u0648\u0633\u062a\u0627\u062a<br \/>\n\u0644\u062f\u0649 \u0627\u0644\u0631\u062c\u0627\u0644 \u0628\u0627\u0644\u0625\u0636\u0627\u0641\u0629 \u0625\u0644\u0649 \u0627\u0644\u0639\u062f\u064a\u062f \u0645\u0646 \u0627\u0644\u0623\u0645\u0631\u0627\u0636 \u0627\u0644\u0633\u0631\u0637\u0627\u0646\u064a\u0629 \u0627\u0644\u062a\u064a \u062a\u0635\u064a\u0628 \u0627\u0644\u0631\u062c\u0627\u0644 \u0648\u0627\u0644\u0646\u0633\u0627\u0621.<\/span><\/p>\n<p style=\"text-align: right\"><span style=\"font-size: 1.4em\"><br \/>\n<span style=\"text-decoration: underline\"><strong>\u0641\u0648\u0627\u0626\u062f \u0627\u0644\u062f\u0648\u0645 \u0644\u0644\u0631\u062c\u0627\u0644 \u0648\u0627\u0644\u0646\u0633\u0627\u0621<\/strong><\/span><br \/>\n\u0623\u062b\u0628\u062a\u062a \u0628\u0639\u0636 \u0627\u0644\u062f\u0631\u0627\u0633\u0627\u062a \u0623\u0646 \u0644\u0644\u062f\u0648\u0645 \u0639\u0638\u064a\u0645 \u0627\u0644\u0641\u0627\u0626\u062f\u0629 \u0641\u064a \u0639\u0644\u0627\u062c \u0627\u0644\u0642\u062f\u0631\u0629 \u0627\u0644\u062c\u0646\u0633\u064a\u0629 \u0644\u062f\u0649 \u0627\u0644\u0631\u062c\u0627\u0644<br \/>\n\u062d\u064a\u062b \u064a\u0639\u0645\u0644 \u0639\u0644\u0649 \u0632\u064a\u0627\u062f\u0629 \u0639\u062f\u062f \u0627\u0644\u062d\u064a\u0648\u0627\u0646\u0627\u062a \u0627\u0644\u0645\u0646\u0648\u064a\u0629 \u0641\u0636\u0644\u0627\u064b \u0639\u0646 \u062a\u0623\u062b\u064a\u0631\u0647 \u0639\u0644\u0649 \u0647\u0631\u0645\u0648\u0646 \u0627\u0644\u062a\u0633\u062a\u0633\u062a\u064a\u0631\u0648\u0646<br \/>\n\u0648\u0646\u0642\u0635 \u0647\u0630\u0627 \u0627\u0644\u0647\u0631\u0645\u0648\u0646 \u064a\u0624\u062b\u0631 \u0639\u0644\u0649 \u062e\u0644\u0627\u064a\u0627 \u0627\u0644\u0645\u062e \u0648\u0627\u0644\u0630\u0627\u0643\u0631\u0629 \u0648\u0642\u0648\u0629 \u0627\u0644\u0639\u0638\u0627\u0645.<br \/>\n\u0648\u0643\u0645\u0627 \u0630\u0643\u0631\u0646\u0627 \u0641\u064a \u0627\u0644\u0633\u0627\u0628\u0642 \u0623\u0646 \u0627\u0644\u062f\u0648\u0645 \u064a\u0639\u0627\u0644\u062c \u0627\u0644\u0623\u0645\u0631\u0627\u0636 \u0627\u0644\u0633\u0631\u0637\u0627\u0646\u064a\u0629 \u0648\u062e\u0627\u0635\u0629 \u0633\u0631\u0637\u0627\u0646 \u0627\u0644\u0628\u0631\u0648\u0633\u062a\u0627\u062a.<br \/>\n\u0623\u0636\u0627\u0641\u062a \u0628\u0639\u062f \u0627\u0644\u0623\u0628\u062d\u0627\u062b \u0623\u0646 \u0627\u0644\u062f\u0648\u0645 \u064a\u0639\u0627\u0644\u062c \u062a\u0623\u062e\u0631 \u0627\u0644\u0625\u0646\u062c\u0627\u0628 \u0644\u062f\u0649 \u0627\u0644\u0646\u0633\u0627\u0621.<\/span><\/p>\n<p style=\"text-align: right\"><span style=\"font-size: 1.4em\"><span style=\"text-decoration: underline\"><strong>\u0641\u0648\u0627\u0626\u062f \u0627\u0644\u062f\u0648\u0645 \u0644\u0645\u0631\u0636 \u0627\u0644\u0633\u0643\u0631 \u0648\u0627\u0644\u0636\u063a\u0637<\/strong><\/span><br \/>\n\u062d\u064a\u062b \u064a\u0639\u0645\u0644 \u0627\u0644\u062f\u0648\u0645 \u0639\u0644\u0649 \u062e\u0641\u0636 \u0646\u0633\u0628 \u0627\u0644\u0633\u0643\u0631 \u0627\u0644\u0645\u0631\u062a\u0641\u0639\u0629 \u0641\u064a \u0627\u0644\u062f\u0645 \u062d\u062a\u0649 \u062a\u0635\u0644<br \/>\n\u0625\u0644\u0649 \u0627\u0644\u0646\u0633\u0628\u0629 \u0627\u0644\u0637\u0628\u064a\u0639\u064a\u0629.<br \/>\n\u064a\u0639\u0627\u0644\u062c \u0646\u0642\u0635 \u0647\u0631\u0645\u0648\u0646 \u0627\u0644\u0623\u0646\u0633\u0648\u0644\u064a\u0646 \u0641\u064a \u0627\u0644\u062f\u0645 \u0627\u0644\u0630\u064a \u062a\u0641\u0631\u0632\u0647 \u063a\u062f\u062f \u0627\u0644\u0628\u0646\u0643\u0631\u064a\u0627\u0633.<br \/>\n\u064a\u062d\u062a\u0648\u064a \u0627\u0644\u062f\u0648\u0645 \u0639\u0644\u0649 \u0627\u0644\u0639\u062f\u064a\u062f \u0645\u0646 \u0627\u0644\u0641\u064a\u062a\u0627\u0645\u064a\u0646\u0627\u062a \u0648\u0627\u0644\u0645\u0639\u0627\u062f\u0646 \u0645\u062b\u0644 \u0627\u0641\u0633\u0641\u0648\u0631 \u0648\u0627\u0644\u0628\u0648\u062a\u0627\u0633\u064a\u0648\u0645 \u0648\u0627\u0644\u0643\u0627\u0644\u0633\u064a\u0648\u0645<br \/>\n\u0627\u0644\u062a\u064a \u062a\u0639\u0627\u0644\u062c \u0648\u062a\u0646\u0638\u0645 \u0646\u0633\u0628 \u0627\u0644\u0636\u063a\u0637 \u0641\u064a \u0627\u0644\u062f\u0645.<\/span><\/p>\n<p style=\"text-align: right\"><span style=\"font-size: 1.4em\"><br \/>\n<span style=\"text-decoration: underline\"><strong>\u0641\u0648\u0627\u0626\u062f \u0627\u0644\u062f\u0648\u0645 \u0641\u064a \u0625\u0646\u0642\u0627\u0635 \u0627\u0644\u0648\u0632\u0646<\/strong><\/span><br \/>\n\u064a\u062d\u062a\u0648\u064a \u0627\u0644\u062f\u0648\u0645 \u0639\u0644\u0649 \u0646\u0633\u0628 \u0639\u0627\u0644\u064a\u0629 \u0645\u0646 \u0627\u0644\u0623\u0644\u064a\u0627\u0641 \u0627\u0644\u062a\u064a \u062a\u0632\u064a\u062f \u0645\u0646 \u0627\u0644\u0625\u062d\u0633\u0627\u0633 \u0628\u0627\u0644\u0634\u0628\u0639 \u0648\u0645\u0646 \u062b\u0645<br \/>\n\u062a\u0642\u0644\u064a\u0644 \u0646\u0633\u0628 \u0627\u0644\u0637\u0639\u0627\u0645 \u0627\u0644\u0645\u062a\u0646\u0627\u0648\u0644 \u0628\u0627\u0644\u0625\u0636\u0627\u0641\u0629 \u0625\u0644\u0649 \u062a\u0633\u0647\u064a\u0644 \u0639\u0645\u0644\u064a\u0629 \u0627\u0644\u0647\u0636\u0645.<br \/>\n\u064a\u0639\u0645\u0644 \u0627\u0644\u062f\u0648\u0645 \u0639\u0644\u0649 \u062d\u0631\u0642 \u0627\u0644\u062f\u0647\u0648\u0646 \u0627\u0644\u0645\u062a\u0631\u0627\u0643\u0645\u0629 \u0648\u062e\u0627\u0635\u0629 \u062f\u0647\u0648\u0646 \u0627\u0644\u0628\u0637\u0646.<br \/>\n\u064a\u0639\u0627\u0644\u062c \u0645\u0634\u0627\u0643\u0644 \u062c\u0647\u0627\u0632 \u0627\u0644\u0647\u0636\u0645\u064a \u062d\u064a\u062b \u064a\u0639\u0627\u0644\u062c \u0645\u0646 \u0627\u0644\u0625\u0633\u0647\u0627\u0644 \u0627\u0644\u0645\u0632\u0645\u0646 \u0648\u0627\u0644\u0625\u0645\u0633\u0627\u0643 \u0627\u0644\u0645\u0632\u0645\u0646.<\/span><\/p>\n<p style=\"text-align: right\">\n<p style=\"text-align: right\"><span style=\"font-size: 1.4em\"><strong>\u064a\u0643\u0627\u0641\u062d \u0627\u0644\u0632\u0647\u0627\u064a\u0645\u0631 \u0648\u064a\u062d\u0627\u0641\u0638 \u0639\u0644\u0649 \u0633\u0644\u0627\u0645\u0629 \u062e\u0644\u0627\u064a\u0627 \u0627\u0644\u0623\u0639\u0635\u0627\u0628.<\/strong><\/span><\/p>\n<p style=\"text-align: right\"><span style=\"font-size: 1.4em\"><br \/>\n\u064a\u0639\u0627\u0644\u062c \u0627\u0636\u0637\u0631\u0627\u0628\u0627\u062a \u0627\u0644\u0646\u0648\u0645 \u0648\u064a\u0642\u0644\u0644 \u0645\u0646 \u0641\u0631\u0635 \u0627\u0644\u0625\u0635\u0627\u0628\u0629 \u0628\u0627\u0644\u0623\u0631\u0642.<br \/>\n\u064a\u062f\u062e\u0644 \u0641\u064a \u0635\u0646\u0627\u0639\u0629 \u0627\u0644\u0623\u062f\u0648\u064a\u0629 \u0627\u0644\u062a\u064a \u062a\u0642\u0636\u064a \u0639\u0644\u0649 \u0645\u0631\u0636 \u0627\u0644\u0628\u0644\u0647\u0627\u0631\u0633\u064a\u0627 \u0644\u0645\u0627 \u0641\u064a\u0647 \u0645\u0646<br \/>\n\u062e\u0635\u0627\u0626\u0635 \u062a\u0639\u0645\u0644 \u0639\u0644\u0649 \u0648\u0642\u0641 \u0627\u0644\u0646\u0632\u064a\u0641.<br \/>\n\u064a\u0639\u0632\u0632 \u0645\u0646 \u0635\u062d\u0629 \u0627\u0644\u0639\u0638\u0627\u0645 \u0648\u0627\u0644\u0623\u0633\u0646\u0627\u0646 \u0644\u0645\u0627 \u0641\u064a\u0647 \u0645\u0646 \u0643\u0627\u0644\u0633\u064a\u0648\u0645 \u0648\u0628\u0648\u062a\u0627\u0633\u064a\u0648\u0645 \u0648\u0645\u063a\u0646\u0633\u064a\u0648\u0645.<br \/>\n\u064a\u0633\u062a\u062e\u062f\u0645 \u0641\u064a \u062a\u0628\u064a\u064a\u0636 \u0627\u0644\u0623\u0633\u0646\u0627\u0646 \u0648\u062a\u0639\u0642\u064a\u0645 \u0627\u0644\u0641\u0645 \u0648\u0627\u0644\u0644\u062b\u0629 \u0645\u0646 \u0627\u0644\u0628\u0643\u062a\u064a\u0631\u064a\u0627 \u0627\u0644\u0636\u0627\u0631\u0629.<br \/>\n\u064a\u0633\u0627\u0639\u062f \u0641\u064a \u062d\u0627\u0644\u0627\u062a \u0627\u0644\u0625\u0635\u0627\u0628\u0629 \u0628\u0627\u0644\u0635\u0644\u0639 \u062d\u064a\u062b \u064a\u0646\u0634\u0637 \u0627\u0644\u062f\u0648\u0631\u0629 \u0627\u0644\u062f\u0645\u0648\u064a\u0629 \u0641\u064a \u0641\u0631\u0648\u0629 \u0627\u0644\u0631\u0623\u0633<br \/>\n\u0645\u0645\u0627 \u064a\u0646\u0628\u062a \u0627\u0644\u0634\u0639\u0631.<br \/>\n\u064a\u0642\u0636\u064a \u0639\u0644\u0649 \u0639\u0644\u0627\u0645\u0627\u062a \u0627\u0644\u062a\u0642\u062f\u0645 \u0641\u064a \u0627\u0644\u0639\u0645\u0631 \u0648\u0627\u0644\u062a\u0642\u0644\u064a\u0644 \u0645\u0646 \u0623\u0639\u0631\u0627\u0636 \u0627\u0644\u0634\u064a\u062e\u0648\u062e\u0629 \u0627\u0644\u0645\u0628\u0643\u0631\u0629.<br \/>\n\u064a\u0633\u0627\u0639\u062f \u0641\u064a \u062d\u0627\u0644\u0627\u062a \u0627\u0644\u0625\u0635\u0627\u0628\u0629 \u0628\u0627\u0644\u0631\u0628\u0648.<br \/>\n\u064a\u0639\u0632\u0632 \u0645\u0646 \u0639\u0645\u0644 \u0627\u0644\u062c\u0647\u0627\u0632 \u0627\u0644\u0645\u0646\u0627\u0639\u064a \u0648\u064a\u0642\u0627\u0648\u0645 \u0627\u0644\u0623\u0645\u0631\u0627\u0636.<br \/>\n\u064a\u062f\u062e\u0644 \u0641\u064a \u0639\u0644\u0627\u062c \u0645\u0631\u0636 \u0627\u0644\u0628\u0648\u0627\u0633\u064a\u0631 \u062d\u064a\u062b \u064a\u062d\u0633\u0646 \u0645\u0646 \u0639\u0645\u0644\u064a\u0629 \u0627\u0644\u0647\u0636\u0645 \u0648\u0645\u0646 \u062b\u0645\u00a0<\/span><\/p>","protected":false},"excerpt":{"rendered":"<p>Vertus du Fruit du Doum: Combat la maladie d&#8217;Alzheimer et maintient l&#8217;int\u00e9grit\u00e9 des cellules nerveuses. Traite les troubles du sommeil<\/p>","protected":false},"featured_media":16573,"comment_status":"open","ping_status":"closed","template":"","meta":[],"product_cat":[32,75],"product_tag":[],"yoast_head":"<!-- This site is optimized with the Yoast SEO plugin v23.4 - https:\/\/yoast.com\/wordpress\/plugins\/seo\/ -->\n<title>Fruit du doum (palmier) \/ \u062b\u0645\u0631\u0629 \u0627\u0644\u062f\u0648\u0645 - AjiShop.ma<\/title>\n<meta name=\"robots\" content=\"index, follow, max-snippet:-1, max-image-preview:large, max-video-preview:-1\" \/>\n<link rel=\"canonical\" href=\"https:\/\/ajishop.ma\/ar\/shop\/herbes-et-apothicaire\/herbes\/fruit-du-doum-palmier\/\" \/>\n<meta property=\"og:locale\" content=\"ar_AR\" \/>\n<meta property=\"og:type\" content=\"article\" \/>\n<meta property=\"og:title\" content=\"Fruit du doum (palmier) \/ \u062b\u0645\u0631\u0629 \u0627\u0644\u062f\u0648\u0645 - AjiShop.ma\" \/>\n<meta property=\"og:description\" content=\"Vertus du Fruit du Doum: Combat la maladie d&#8217;Alzheimer et maintient l&#8217;int\u00e9grit\u00e9 des cellules nerveuses. Traite les troubles du sommeil\" \/>\n<meta property=\"og:url\" content=\"https:\/\/ajishop.ma\/ar\/shop\/herbes-et-apothicaire\/herbes\/fruit-du-doum-palmier\/\" \/>\n<meta property=\"og:site_name\" content=\"AjiShop.ma\" \/>\n<meta property=\"og:image\" content=\"https:\/\/ajishop.ma\/wp-content\/uploads\/2024\/11\/7-beautiful-benefits-of-Dom.webp\" \/>\n\t<meta property=\"og:image:width\" content=\"600\" \/>\n\t<meta property=\"og:image:height\" content=\"600\" \/>\n\t<meta property=\"og:image:type\" content=\"image\/webp\" \/>\n<meta name=\"twitter:card\" content=\"summary_large_image\" \/>\n<meta name=\"twitter:label1\" content=\"\u0648\u0642\u062a \u0627\u0644\u0642\u0631\u0627\u0621\u0629 \u0627\u0644\u0645\u064f\u0642\u062f\u0651\u0631\" \/>\n\t<meta name=\"twitter:data1\" content=\"\u062f\u0642\u064a\u0642\u0629 \u0648\u0627\u062d\u062f\u0629\" \/>\n<script type=\"application\/ld+json\" class=\"yoast-schema-graph\">{\"@context\":\"https:\/\/schema.org\",\"@graph\":[{\"@type\":\"WebPage\",\"@id\":\"https:\/\/ajishop.ma\/shop\/herbes-et-apothicaire\/herbes\/fruit-du-doum-palmier\/\",\"url\":\"https:\/\/ajishop.ma\/shop\/herbes-et-apothicaire\/herbes\/fruit-du-doum-palmier\/\",\"name\":\"Fruit du doum (palmier) \/ \u062b\u0645\u0631\u0629 \u0627\u0644\u062f\u0648\u0645 - AjiShop.ma\",\"isPartOf\":{\"@id\":\"https:\/\/ajishop.ma\/#website\"},\"primaryImageOfPage\":{\"@id\":\"https:\/\/ajishop.ma\/shop\/herbes-et-apothicaire\/herbes\/fruit-du-doum-palmier\/#primaryimage\"},\"image\":{\"@id\":\"https:\/\/ajishop.ma\/shop\/herbes-et-apothicaire\/herbes\/fruit-du-doum-palmier\/#primaryimage\"},\"thumbnailUrl\":\"https:\/\/ajishop.ma\/wp-content\/uploads\/2024\/11\/7-beautiful-benefits-of-Dom.webp\",\"datePublished\":\"2024-11-06T00:31:11+00:00\",\"dateModified\":\"2024-11-06T00:31:11+00:00\",\"breadcrumb\":{\"@id\":\"https:\/\/ajishop.ma\/shop\/herbes-et-apothicaire\/herbes\/fruit-du-doum-palmier\/#breadcrumb\"},\"inLanguage\":\"ar\",\"potentialAction\":[{\"@type\":\"ReadAction\",\"target\":[\"https:\/\/ajishop.ma\/shop\/herbes-et-apothicaire\/herbes\/fruit-du-doum-palmier\/\"]}]},{\"@type\":\"ImageObject\",\"inLanguage\":\"ar\",\"@id\":\"https:\/\/ajishop.ma\/shop\/herbes-et-apothicaire\/herbes\/fruit-du-doum-palmier\/#primaryimage\",\"url\":\"https:\/\/ajishop.ma\/wp-content\/uploads\/2024\/11\/7-beautiful-benefits-of-Dom.webp\",\"contentUrl\":\"https:\/\/ajishop.ma\/wp-content\/uploads\/2024\/11\/7-beautiful-benefits-of-Dom.webp\",\"width\":600,\"height\":600},{\"@type\":\"BreadcrumbList\",\"@id\":\"https:\/\/ajishop.ma\/shop\/herbes-et-apothicaire\/herbes\/fruit-du-doum-palmier\/#breadcrumb\",\"itemListElement\":[{\"@type\":\"ListItem\",\"position\":1,\"name\":\"Accueil\",\"item\":\"https:\/\/ajishop.ma\/\"},{\"@type\":\"ListItem\",\"position\":2,\"name\":\"Magasin\",\"item\":\"https:\/\/ajishop.ma\/shop\/\"},{\"@type\":\"ListItem\",\"position\":3,\"name\":\"Fruit du doum (palmier) \/ \u062b\u0645\u0631\u0629 \u0627\u0644\u062f\u0648\u0645\"}]},{\"@type\":\"WebSite\",\"@id\":\"https:\/\/ajishop.ma\/#website\",\"url\":\"https:\/\/ajishop.ma\/\",\"name\":\"AjiShop.ma\",\"description\":\"Produits 100% naturels, Pour votre bien \u00eatre...\",\"publisher\":{\"@id\":\"https:\/\/ajishop.ma\/#organization\"},\"potentialAction\":[{\"@type\":\"SearchAction\",\"target\":{\"@type\":\"EntryPoint\",\"urlTemplate\":\"https:\/\/ajishop.ma\/?s={search_term_string}\"},\"query-input\":{\"@type\":\"PropertyValueSpecification\",\"valueRequired\":true,\"valueName\":\"search_term_string\"}}],\"inLanguage\":\"ar\"},{\"@type\":\"Organization\",\"@id\":\"https:\/\/ajishop.ma\/#organization\",\"name\":\"AjiShop.ma\",\"url\":\"https:\/\/ajishop.ma\/\",\"logo\":{\"@type\":\"ImageObject\",\"inLanguage\":\"ar\",\"@id\":\"https:\/\/ajishop.ma\/#\/schema\/logo\/image\/\",\"url\":\"https:\/\/ajishop.ma\/wp-content\/uploads\/2024\/09\/AjiShop.ma-Horizontal-Logo-Green.png\",\"contentUrl\":\"https:\/\/ajishop.ma\/wp-content\/uploads\/2024\/09\/AjiShop.ma-Horizontal-Logo-Green.png\",\"width\":1917,\"height\":276,\"caption\":\"AjiShop.ma\"},\"image\":{\"@id\":\"https:\/\/ajishop.ma\/#\/schema\/logo\/image\/\"}}]}<\/script>\n<!-- \/ Yoast SEO plugin. -->","yoast_head_json":{"title":"Fruit du doum (palmier) \/ \u062b\u0645\u0631\u0629 \u0627\u0644\u062f\u0648\u0645 - AjiShop.ma","robots":{"index":"index","follow":"follow","max-snippet":"max-snippet:-1","max-image-preview":"max-image-preview:large","max-video-preview":"max-video-preview:-1"},"canonical":"https:\/\/ajishop.ma\/ar\/shop\/herbes-et-apothicaire\/herbes\/fruit-du-doum-palmier\/","og_locale":"ar_AR","og_type":"article","og_title":"Fruit du doum (palmier) \/ \u062b\u0645\u0631\u0629 \u0627\u0644\u062f\u0648\u0645 - AjiShop.ma","og_description":"Vertus du Fruit du Doum: Combat la maladie d&#8217;Alzheimer et maintient l&#8217;int\u00e9grit\u00e9 des cellules nerveuses. Traite les troubles du sommeil","og_url":"https:\/\/ajishop.ma\/ar\/shop\/herbes-et-apothicaire\/herbes\/fruit-du-doum-palmier\/","og_site_name":"AjiShop.ma","og_image":[{"width":600,"height":600,"url":"https:\/\/ajishop.ma\/wp-content\/uploads\/2024\/11\/7-beautiful-benefits-of-Dom.webp","type":"image\/webp"}],"twitter_card":"summary_large_image","twitter_misc":{"\u0648\u0642\u062a \u0627\u0644\u0642\u0631\u0627\u0621\u0629 \u0627\u0644\u0645\u064f\u0642\u062f\u0651\u0631":"\u062f\u0642\u064a\u0642\u0629 \u0648\u0627\u062d\u062f\u0629"},"schema":{"@context":"https:\/\/schema.org","@graph":[{"@type":"WebPage","@id":"https:\/\/ajishop.ma\/shop\/herbes-et-apothicaire\/herbes\/fruit-du-doum-palmier\/","url":"https:\/\/ajishop.ma\/shop\/herbes-et-apothicaire\/herbes\/fruit-du-doum-palmier\/","name":"Fruit du doum (palmier) \/ \u062b\u0645\u0631\u0629 \u0627\u0644\u062f\u0648\u0645 - AjiShop.ma","isPartOf":{"@id":"https:\/\/ajishop.ma\/#website"},"primaryImageOfPage":{"@id":"https:\/\/ajishop.ma\/shop\/herbes-et-apothicaire\/herbes\/fruit-du-doum-palmier\/#primaryimage"},"image":{"@id":"https:\/\/ajishop.ma\/shop\/herbes-et-apothicaire\/herbes\/fruit-du-doum-palmier\/#primaryimage"},"thumbnailUrl":"https:\/\/ajishop.ma\/wp-content\/uploads\/2024\/11\/7-beautiful-benefits-of-Dom.webp","datePublished":"2024-11-06T00:31:11+00:00","dateModified":"2024-11-06T00:31:11+00:00","breadcrumb":{"@id":"https:\/\/ajishop.ma\/shop\/herbes-et-apothicaire\/herbes\/fruit-du-doum-palmier\/#breadcrumb"},"inLanguage":"ar","potentialAction":[{"@type":"ReadAction","target":["https:\/\/ajishop.ma\/shop\/herbes-et-apothicaire\/herbes\/fruit-du-doum-palmier\/"]}]},{"@type":"ImageObject","inLanguage":"ar","@id":"https:\/\/ajishop.ma\/shop\/herbes-et-apothicaire\/herbes\/fruit-du-doum-palmier\/#primaryimage","url":"https:\/\/ajishop.ma\/wp-content\/uploads\/2024\/11\/7-beautiful-benefits-of-Dom.webp","contentUrl":"https:\/\/ajishop.ma\/wp-content\/uploads\/2024\/11\/7-beautiful-benefits-of-Dom.webp","width":600,"height":600},{"@type":"BreadcrumbList","@id":"https:\/\/ajishop.ma\/shop\/herbes-et-apothicaire\/herbes\/fruit-du-doum-palmier\/#breadcrumb","itemListElement":[{"@type":"ListItem","position":1,"name":"Accueil","item":"https:\/\/ajishop.ma\/"},{"@type":"ListItem","position":2,"name":"Magasin","item":"https:\/\/ajishop.ma\/shop\/"},{"@type":"ListItem","position":3,"name":"Fruit du doum (palmier) \/ \u062b\u0645\u0631\u0629 \u0627\u0644\u062f\u0648\u0645"}]},{"@type":"WebSite","@id":"https:\/\/ajishop.ma\/#website","url":"https:\/\/ajishop.ma\/","name":"AjiShop.ma","description":"Produits 100% naturels, Pour votre bien \u00eatre...","publisher":{"@id":"https:\/\/ajishop.ma\/#organization"},"potentialAction":[{"@type":"SearchAction","target":{"@type":"EntryPoint","urlTemplate":"https:\/\/ajishop.ma\/?s={search_term_string}"},"query-input":{"@type":"PropertyValueSpecification","valueRequired":true,"valueName":"search_term_string"}}],"inLanguage":"ar"},{"@type":"Organization","@id":"https:\/\/ajishop.ma\/#organization","name":"AjiShop.ma","url":"https:\/\/ajishop.ma\/","logo":{"@type":"ImageObject","inLanguage":"ar","@id":"https:\/\/ajishop.ma\/#\/schema\/logo\/image\/","url":"https:\/\/ajishop.ma\/wp-content\/uploads\/2024\/09\/AjiShop.ma-Horizontal-Logo-Green.png","contentUrl":"https:\/\/ajishop.ma\/wp-content\/uploads\/2024\/09\/AjiShop.ma-Horizontal-Logo-Green.png","width":1917,"height":276,"caption":"AjiShop.ma"},"image":{"@id":"https:\/\/ajishop.ma\/#\/schema\/logo\/image\/"}}]}},"_links":{"self":[{"href":"https:\/\/ajishop.ma\/ar\/wp-json\/wp\/v2\/product\/16572"}],"collection":[{"href":"https:\/\/ajishop.ma\/ar\/wp-json\/wp\/v2\/product"}],"about":[{"href":"https:\/\/ajishop.ma\/ar\/wp-json\/wp\/v2\/types\/product"}],"replies":[{"embeddable":true,"href":"https:\/\/ajishop.ma\/ar\/wp-json\/wp\/v2\/comments?post=16572"}],"version-history":[{"count":1,"href":"https:\/\/ajishop.ma\/ar\/wp-json\/wp\/v2\/product\/16572\/revisions"}],"predecessor-version":[{"id":16580,"href":"https:\/\/ajishop.ma\/ar\/wp-json\/wp\/v2\/product\/16572\/revisions\/16580"}],"wp:featuredmedia":[{"embeddable":true,"href":"https:\/\/ajishop.ma\/ar\/wp-json\/wp\/v2\/media\/16573"}],"wp:attachment":[{"href":"https:\/\/ajishop.ma\/ar\/wp-json\/wp\/v2\/media?parent=16572"}],"wp:term":[{"taxonomy":"product_cat","embeddable":true,"href":"https:\/\/ajishop.ma\/ar\/wp-json\/wp\/v2\/product_cat?post=16572"},{"taxonomy":"product_tag","embeddable":true,"href":"https:\/\/ajishop.ma\/ar\/wp-json\/wp\/v2\/product_tag?post=16572"}],"curies":[{"name":"wp","href":"https:\/\/api.w.org\/{rel}","templated":true}]}}