{"id":16593,"date":"2024-11-06T01:57:43","date_gmt":"2024-11-06T00:57:43","guid":{"rendered":"https:\/\/ajishop.ma\/?post_type=product&#038;p=16593"},"modified":"2024-11-06T13:23:15","modified_gmt":"2024-11-06T12:23:15","slug":"galanga","status":"publish","type":"product","link":"https:\/\/ajishop.ma\/ar\/shop\/herbes-et-apothicaire\/herbes\/galanga\/","title":{"rendered":"Galanga \/ \u062e\u062f\u0646\u062c\u0627\u0644 \/ \u062e\u0646\u062c\u0644\u0627\u0646"},"content":{"rendered":"<p><strong>Galanga &#8211; \u062e\u062f\u0646\u062c\u0627\u0644 , \u062e\u0646\u062c\u0644\u0627\u0646\u00a0<\/strong><\/p>\n<p>Le galanga , \u062e\u0648\u0646\u062c\u0644\u0627\u0646\u00a0est une plante asiatique de la m\u00eame famille que le\u00a0<a title=\"gingembre\" href=\"https:\/\/www.naturaforce.com\/complements-alimentaires-pour-les-problemes-digestifs\/bienfaits-du-gingembre\/#:~:text=Il%20est%20donc%20b%C3%A9n%C3%A9fique%20de,et%20anti%2Dinflammatoires%20tr%C3%A8s%20importantes.\" target=\"_blank\" rel=\"noopener\">gingembre<\/a>. Traditionnellement utilis\u00e9 pour stimuler l&#8217;app\u00e9tit, lutter contre les naus\u00e9es, soulager les douleurs rhumatismales ou l&#8217;arthrose et lutter contre les infections de la gorge.<\/p>\n<h2 id=\"saveur\">Quelle est la saveur du galanga ?<\/h2>\n<p>Au nez, le Galanga est particuli\u00e8rement aromatique, avec des notes d&#8217;agrumes, de citrons rappelant le Combava, mais sont aussi\u00a0<a title=\"poivre\" href=\"https:\/\/www.goji.ma\/products\/infusion-au-gingembre-poivre-noir-bio-yogi-tea\" target=\"_blank\" rel=\"noopener\">poivr\u00e9s<\/a>\u00a0et camphr\u00e9s.<\/p>\n<p>En bouche, sa saveur est souvent compar\u00e9e \u00e0 celle du gingembre, mais elle est assez diff\u00e9rente. Le go\u00fbt est faible et a un go\u00fbt sucr\u00e9 en bouche, d\u00e9veloppant plus tard sa saveur \u00e9pic\u00e9e particuli\u00e8re, rappelant la cannelle de Ceylan, la rose et le camphre.<\/p>\n<h2>Les bienfaits\/propri\u00e9t\u00e9s du galanga<\/h2>\n<h3>Vertus Sant\u00e9<\/h3>\n<ul>\n<li>Poss\u00e9de de substances anti-inflammatoires et permet de combattre le mal des transports, les naus\u00e9es matinales, les vertiges, l&#8217;inconfort p\u00e9riodique et anti\u00e9m\u00e9tique (similaire au gingembre)<\/li>\n<li><span style=\"color: #404040\">Stimule l\u2019app\u00e9tit(similaire aussi\u00a0 au\u00a0fenugrec\u00a0et\u00a0<a title=\"jujubier\" href=\"https:\/\/www.goji.ma\/products\/jujubier\" target=\"_blank\" rel=\"noopener\">jujubier<\/a>)<\/span><\/li>\n<li><span style=\"color: #404040\">Diminuer les douleurs rhumatismales ou l\u2019arthrose<\/span><\/li>\n<li><span style=\"color: #404040\">Calme les douleurs des dents en masticatoire<\/span><\/li>\n<li><span style=\"color: #404040\">Bon digestif<\/span><\/li>\n<li><span style=\"color: #404040\">Recommand\u00e9 en cas de maux d\u2019estomac<\/span><\/li>\n<li><span style=\"color: #404040\">Il permet de soulager l\u2019asthme,Parce qu&#8217;il a un effet antispasmodique, il peut r\u00e9duire les mucosit\u00e9s et dilater les bronchioles, r\u00e9duisant ainsi l&#8217;asthme(graine de nigelle)<\/span><\/li>\n<\/ul>\n<h2 style=\"font-size: 18px\">UTILISATION INTERNE<\/h2>\n<ul>\n<li>Le\u00a0<strong>Galanga\u00a0<\/strong>est un anti\u00e9m\u00e9tique<\/li>\n<li>il a une activit\u00e9 antitumorale et anti-inflammatoire<\/li>\n<li>C&#8217;est un chimio-protecteur<\/li>\n<li>On lui reconna\u00eet aussi une vertu antivirale<\/li>\n<\/ul>\n<h2>UTILISATION EXTERNE<\/h2>\n<p>Concernant l&#8217;utilisation externe de cette plante,il contient des traitement efficace contre les maladies(comme la peau) et les doleurs<\/p>","protected":false},"excerpt":{"rendered":"<p>Galanga &#8211; \u062e\u062f\u0646\u062c\u0627\u0644 , \u062e\u0646\u062c\u0644\u0627\u0646\u00a0 Le galanga , \u062e\u0648\u0646\u062c\u0644\u0627\u0646\u00a0est une plante asiatique de la m\u00eame famille que le\u00a0gingembre. Traditionnellement utilis\u00e9<\/p>","protected":false},"featured_media":16595,"comment_status":"open","ping_status":"closed","template":"","meta":[],"product_cat":[32,75],"product_tag":[],"yoast_head":"<!-- This site is optimized with the Yoast SEO plugin v23.4 - https:\/\/yoast.com\/wordpress\/plugins\/seo\/ -->\n<title>Galanga \/ \u062e\u062f\u0646\u062c\u0627\u0644 \/ \u062e\u0646\u062c\u0644\u0627\u0646 - AjiShop.ma<\/title>\n<meta name=\"robots\" content=\"index, follow, max-snippet:-1, max-image-preview:large, max-video-preview:-1\" \/>\n<link rel=\"canonical\" href=\"https:\/\/ajishop.ma\/ar\/shop\/herbes-et-apothicaire\/herbes\/galanga\/\" \/>\n<meta property=\"og:locale\" content=\"ar_AR\" \/>\n<meta property=\"og:type\" content=\"article\" \/>\n<meta property=\"og:title\" content=\"Galanga \/ \u062e\u062f\u0646\u062c\u0627\u0644 \/ \u062e\u0646\u062c\u0644\u0627\u0646 - AjiShop.ma\" \/>\n<meta property=\"og:description\" content=\"Galanga &#8211; \u062e\u062f\u0646\u062c\u0627\u0644 , \u062e\u0646\u062c\u0644\u0627\u0646\u00a0 Le galanga , \u062e\u0648\u0646\u062c\u0644\u0627\u0646\u00a0est une plante asiatique de la m\u00eame famille que le\u00a0gingembre. Traditionnellement utilis\u00e9\" \/>\n<meta property=\"og:url\" content=\"https:\/\/ajishop.ma\/ar\/shop\/herbes-et-apothicaire\/herbes\/galanga\/\" \/>\n<meta property=\"og:site_name\" content=\"AjiShop.ma\" \/>\n<meta property=\"article:modified_time\" content=\"2024-11-06T12:23:15+00:00\" \/>\n<meta property=\"og:image\" content=\"https:\/\/ajishop.ma\/wp-content\/uploads\/2024\/11\/5odanjal.jpg\" \/>\n\t<meta property=\"og:image:width\" content=\"550\" \/>\n\t<meta property=\"og:image:height\" content=\"550\" \/>\n\t<meta property=\"og:image:type\" content=\"image\/jpeg\" \/>\n<meta name=\"twitter:card\" content=\"summary_large_image\" \/>\n<meta name=\"twitter:label1\" content=\"\u0648\u0642\u062a \u0627\u0644\u0642\u0631\u0627\u0621\u0629 \u0627\u0644\u0645\u064f\u0642\u062f\u0651\u0631\" \/>\n\t<meta name=\"twitter:data1\" content=\"\u062f\u0642\u064a\u0642\u0629 \u0648\u0627\u062d\u062f\u0629\" \/>\n<script type=\"application\/ld+json\" class=\"yoast-schema-graph\">{\"@context\":\"https:\/\/schema.org\",\"@graph\":[{\"@type\":\"WebPage\",\"@id\":\"https:\/\/ajishop.ma\/shop\/herbes-et-apothicaire\/herbes\/galanga\/\",\"url\":\"https:\/\/ajishop.ma\/shop\/herbes-et-apothicaire\/herbes\/galanga\/\",\"name\":\"Galanga \/ \u062e\u062f\u0646\u062c\u0627\u0644 \/ \u062e\u0646\u062c\u0644\u0627\u0646 - AjiShop.ma\",\"isPartOf\":{\"@id\":\"https:\/\/ajishop.ma\/#website\"},\"primaryImageOfPage\":{\"@id\":\"https:\/\/ajishop.ma\/shop\/herbes-et-apothicaire\/herbes\/galanga\/#primaryimage\"},\"image\":{\"@id\":\"https:\/\/ajishop.ma\/shop\/herbes-et-apothicaire\/herbes\/galanga\/#primaryimage\"},\"thumbnailUrl\":\"https:\/\/ajishop.ma\/wp-content\/uploads\/2024\/11\/5odanjal.jpg\",\"datePublished\":\"2024-11-06T00:57:43+00:00\",\"dateModified\":\"2024-11-06T12:23:15+00:00\",\"breadcrumb\":{\"@id\":\"https:\/\/ajishop.ma\/shop\/herbes-et-apothicaire\/herbes\/galanga\/#breadcrumb\"},\"inLanguage\":\"ar\",\"potentialAction\":[{\"@type\":\"ReadAction\",\"target\":[\"https:\/\/ajishop.ma\/shop\/herbes-et-apothicaire\/herbes\/galanga\/\"]}]},{\"@type\":\"ImageObject\",\"inLanguage\":\"ar\",\"@id\":\"https:\/\/ajishop.ma\/shop\/herbes-et-apothicaire\/herbes\/galanga\/#primaryimage\",\"url\":\"https:\/\/ajishop.ma\/wp-content\/uploads\/2024\/11\/5odanjal.jpg\",\"contentUrl\":\"https:\/\/ajishop.ma\/wp-content\/uploads\/2024\/11\/5odanjal.jpg\",\"width\":550,\"height\":550},{\"@type\":\"BreadcrumbList\",\"@id\":\"https:\/\/ajishop.ma\/shop\/herbes-et-apothicaire\/herbes\/galanga\/#breadcrumb\",\"itemListElement\":[{\"@type\":\"ListItem\",\"position\":1,\"name\":\"Accueil\",\"item\":\"https:\/\/ajishop.ma\/\"},{\"@type\":\"ListItem\",\"position\":2,\"name\":\"Magasin\",\"item\":\"https:\/\/ajishop.ma\/shop\/\"},{\"@type\":\"ListItem\",\"position\":3,\"name\":\"Galanga \/ \u062e\u062f\u0646\u062c\u0627\u0644 \/ \u062e\u0646\u062c\u0644\u0627\u0646\"}]},{\"@type\":\"WebSite\",\"@id\":\"https:\/\/ajishop.ma\/#website\",\"url\":\"https:\/\/ajishop.ma\/\",\"name\":\"AjiShop.ma\",\"description\":\"Produits 100% naturels, Pour votre bien \u00eatre...\",\"publisher\":{\"@id\":\"https:\/\/ajishop.ma\/#organization\"},\"potentialAction\":[{\"@type\":\"SearchAction\",\"target\":{\"@type\":\"EntryPoint\",\"urlTemplate\":\"https:\/\/ajishop.ma\/?s={search_term_string}\"},\"query-input\":{\"@type\":\"PropertyValueSpecification\",\"valueRequired\":true,\"valueName\":\"search_term_string\"}}],\"inLanguage\":\"ar\"},{\"@type\":\"Organization\",\"@id\":\"https:\/\/ajishop.ma\/#organization\",\"name\":\"AjiShop.ma\",\"url\":\"https:\/\/ajishop.ma\/\",\"logo\":{\"@type\":\"ImageObject\",\"inLanguage\":\"ar\",\"@id\":\"https:\/\/ajishop.ma\/#\/schema\/logo\/image\/\",\"url\":\"https:\/\/ajishop.ma\/wp-content\/uploads\/2024\/09\/AjiShop.ma-Horizontal-Logo-Green.png\",\"contentUrl\":\"https:\/\/ajishop.ma\/wp-content\/uploads\/2024\/09\/AjiShop.ma-Horizontal-Logo-Green.png\",\"width\":1917,\"height\":276,\"caption\":\"AjiShop.ma\"},\"image\":{\"@id\":\"https:\/\/ajishop.ma\/#\/schema\/logo\/image\/\"}}]}<\/script>\n<!-- \/ Yoast SEO plugin. -->","yoast_head_json":{"title":"Galanga \/ \u062e\u062f\u0646\u062c\u0627\u0644 \/ \u062e\u0646\u062c\u0644\u0627\u0646 - AjiShop.ma","robots":{"index":"index","follow":"follow","max-snippet":"max-snippet:-1","max-image-preview":"max-image-preview:large","max-video-preview":"max-video-preview:-1"},"canonical":"https:\/\/ajishop.ma\/ar\/shop\/herbes-et-apothicaire\/herbes\/galanga\/","og_locale":"ar_AR","og_type":"article","og_title":"Galanga \/ \u062e\u062f\u0646\u062c\u0627\u0644 \/ \u062e\u0646\u062c\u0644\u0627\u0646 - AjiShop.ma","og_description":"Galanga &#8211; \u062e\u062f\u0646\u062c\u0627\u0644 , \u062e\u0646\u062c\u0644\u0627\u0646\u00a0 Le galanga , \u062e\u0648\u0646\u062c\u0644\u0627\u0646\u00a0est une plante asiatique de la m\u00eame famille que le\u00a0gingembre. Traditionnellement utilis\u00e9","og_url":"https:\/\/ajishop.ma\/ar\/shop\/herbes-et-apothicaire\/herbes\/galanga\/","og_site_name":"AjiShop.ma","article_modified_time":"2024-11-06T12:23:15+00:00","og_image":[{"width":550,"height":550,"url":"https:\/\/ajishop.ma\/wp-content\/uploads\/2024\/11\/5odanjal.jpg","type":"image\/jpeg"}],"twitter_card":"summary_large_image","twitter_misc":{"\u0648\u0642\u062a \u0627\u0644\u0642\u0631\u0627\u0621\u0629 \u0627\u0644\u0645\u064f\u0642\u062f\u0651\u0631":"\u062f\u0642\u064a\u0642\u0629 \u0648\u0627\u062d\u062f\u0629"},"schema":{"@context":"https:\/\/schema.org","@graph":[{"@type":"WebPage","@id":"https:\/\/ajishop.ma\/shop\/herbes-et-apothicaire\/herbes\/galanga\/","url":"https:\/\/ajishop.ma\/shop\/herbes-et-apothicaire\/herbes\/galanga\/","name":"Galanga \/ \u062e\u062f\u0646\u062c\u0627\u0644 \/ \u062e\u0646\u062c\u0644\u0627\u0646 - AjiShop.ma","isPartOf":{"@id":"https:\/\/ajishop.ma\/#website"},"primaryImageOfPage":{"@id":"https:\/\/ajishop.ma\/shop\/herbes-et-apothicaire\/herbes\/galanga\/#primaryimage"},"image":{"@id":"https:\/\/ajishop.ma\/shop\/herbes-et-apothicaire\/herbes\/galanga\/#primaryimage"},"thumbnailUrl":"https:\/\/ajishop.ma\/wp-content\/uploads\/2024\/11\/5odanjal.jpg","datePublished":"2024-11-06T00:57:43+00:00","dateModified":"2024-11-06T12:23:15+00:00","breadcrumb":{"@id":"https:\/\/ajishop.ma\/shop\/herbes-et-apothicaire\/herbes\/galanga\/#breadcrumb"},"inLanguage":"ar","potentialAction":[{"@type":"ReadAction","target":["https:\/\/ajishop.ma\/shop\/herbes-et-apothicaire\/herbes\/galanga\/"]}]},{"@type":"ImageObject","inLanguage":"ar","@id":"https:\/\/ajishop.ma\/shop\/herbes-et-apothicaire\/herbes\/galanga\/#primaryimage","url":"https:\/\/ajishop.ma\/wp-content\/uploads\/2024\/11\/5odanjal.jpg","contentUrl":"https:\/\/ajishop.ma\/wp-content\/uploads\/2024\/11\/5odanjal.jpg","width":550,"height":550},{"@type":"BreadcrumbList","@id":"https:\/\/ajishop.ma\/shop\/herbes-et-apothicaire\/herbes\/galanga\/#breadcrumb","itemListElement":[{"@type":"ListItem","position":1,"name":"Accueil","item":"https:\/\/ajishop.ma\/"},{"@type":"ListItem","position":2,"name":"Magasin","item":"https:\/\/ajishop.ma\/shop\/"},{"@type":"ListItem","position":3,"name":"Galanga \/ \u062e\u062f\u0646\u062c\u0627\u0644 \/ \u062e\u0646\u062c\u0644\u0627\u0646"}]},{"@type":"WebSite","@id":"https:\/\/ajishop.ma\/#website","url":"https:\/\/ajishop.ma\/","name":"AjiShop.ma","description":"Produits 100% naturels, Pour votre bien \u00eatre...","publisher":{"@id":"https:\/\/ajishop.ma\/#organization"},"potentialAction":[{"@type":"SearchAction","target":{"@type":"EntryPoint","urlTemplate":"https:\/\/ajishop.ma\/?s={search_term_string}"},"query-input":{"@type":"PropertyValueSpecification","valueRequired":true,"valueName":"search_term_string"}}],"inLanguage":"ar"},{"@type":"Organization","@id":"https:\/\/ajishop.ma\/#organization","name":"AjiShop.ma","url":"https:\/\/ajishop.ma\/","logo":{"@type":"ImageObject","inLanguage":"ar","@id":"https:\/\/ajishop.ma\/#\/schema\/logo\/image\/","url":"https:\/\/ajishop.ma\/wp-content\/uploads\/2024\/09\/AjiShop.ma-Horizontal-Logo-Green.png","contentUrl":"https:\/\/ajishop.ma\/wp-content\/uploads\/2024\/09\/AjiShop.ma-Horizontal-Logo-Green.png","width":1917,"height":276,"caption":"AjiShop.ma"},"image":{"@id":"https:\/\/ajishop.ma\/#\/schema\/logo\/image\/"}}]}},"_links":{"self":[{"href":"https:\/\/ajishop.ma\/ar\/wp-json\/wp\/v2\/product\/16593"}],"collection":[{"href":"https:\/\/ajishop.ma\/ar\/wp-json\/wp\/v2\/product"}],"about":[{"href":"https:\/\/ajishop.ma\/ar\/wp-json\/wp\/v2\/types\/product"}],"replies":[{"embeddable":true,"href":"https:\/\/ajishop.ma\/ar\/wp-json\/wp\/v2\/comments?post=16593"}],"version-history":[{"count":3,"href":"https:\/\/ajishop.ma\/ar\/wp-json\/wp\/v2\/product\/16593\/revisions"}],"predecessor-version":[{"id":16607,"href":"https:\/\/ajishop.ma\/ar\/wp-json\/wp\/v2\/product\/16593\/revisions\/16607"}],"wp:featuredmedia":[{"embeddable":true,"href":"https:\/\/ajishop.ma\/ar\/wp-json\/wp\/v2\/media\/16595"}],"wp:attachment":[{"href":"https:\/\/ajishop.ma\/ar\/wp-json\/wp\/v2\/media?parent=16593"}],"wp:term":[{"taxonomy":"product_cat","embeddable":true,"href":"https:\/\/ajishop.ma\/ar\/wp-json\/wp\/v2\/product_cat?post=16593"},{"taxonomy":"product_tag","embeddable":true,"href":"https:\/\/ajishop.ma\/ar\/wp-json\/wp\/v2\/product_tag?post=16593"}],"curies":[{"name":"wp","href":"https:\/\/api.w.org\/{rel}","templated":true}]}}