{"id":16655,"date":"2024-11-06T23:18:55","date_gmt":"2024-11-06T22:18:55","guid":{"rendered":"https:\/\/ajishop.ma\/?post_type=product&#038;p=16655"},"modified":"2024-11-06T23:18:55","modified_gmt":"2024-11-06T22:18:55","slug":"poivre-noir","status":"publish","type":"product","link":"https:\/\/ajishop.ma\/ar\/shop\/herbes-et-apothicaire\/epices\/poivre-noir\/","title":{"rendered":"Poivre Noir \/ \u0628\u0632\u0627\u0631 \u0627\u0633\u0648\u062f"},"content":{"rendered":"<ul>\n<li><strong>Plats Vari\u00e9s :<\/strong>\u00a0Int\u00e9grez-le dans une multitude de plats, des viandes aux l\u00e9gumes.<\/li>\n<\/ul>\n<p><strong>Utilisation Polyvalente :<\/strong><\/p>\n<ul>\n<li><strong>Cuisson et Assaisonnement :<\/strong>\u00a0Saupoudrez avant ou pendant la cuisson pour infuser la saveur.<\/li>\n<li><strong>Table \u00e0 Manger :<\/strong>\u00a0Pr\u00e9sentez-le \u00e0 table pour permettre \u00e0 chacun d&#8217;ajouter selon ses pr\u00e9f\u00e9rences.<\/li>\n<\/ul>\n<p><strong>Astuce Culinaires :<\/strong><\/p>\n<ul>\n<li><strong>Fra\u00eecheur Maximale :<\/strong>\u00a0Moudre les grains de poivre au moment de l&#8217;utilisation pour une saveur optimale.<\/li>\n<li><strong>M\u00e9lange d&#8217;\u00c9pices :<\/strong>\u00a0Associez-le \u00e0 d&#8217;autres \u00e9pices pour cr\u00e9er des m\u00e9langes aromatiques uniques.<\/li>\n<\/ul>\n<p>D\u00e9couvrez la profondeur de saveur du Poivre Noir Moulu. Transformez chaque bouch\u00e9e en une exp\u00e9rience gustative riche gr\u00e2ce \u00e0 cette \u00e9pice classique. Commandez d\u00e8s maintenant sur Goji.ma pour enrichir votre cuisine avec l&#8217;ar\u00f4me intemporel du poivre noir<\/p>","protected":false},"excerpt":{"rendered":"<p>Plats Vari\u00e9s :\u00a0Int\u00e9grez-le dans une multitude de plats, des viandes aux l\u00e9gumes. Utilisation Polyvalente : Cuisson et Assaisonnement :\u00a0Saupoudrez avant<\/p>","protected":false},"featured_media":16664,"comment_status":"open","ping_status":"closed","template":"","meta":[],"product_cat":[32,74],"product_tag":[],"yoast_head":"<!-- This site is optimized with the Yoast SEO plugin v23.4 - https:\/\/yoast.com\/wordpress\/plugins\/seo\/ -->\n<title>Poivre Noir \/ \u0628\u0632\u0627\u0631 \u0627\u0633\u0648\u062f - AjiShop.ma<\/title>\n<meta name=\"robots\" content=\"index, follow, max-snippet:-1, max-image-preview:large, max-video-preview:-1\" \/>\n<link rel=\"canonical\" href=\"https:\/\/ajishop.ma\/ar\/shop\/herbes-et-apothicaire\/epices\/poivre-noir\/\" \/>\n<meta property=\"og:locale\" content=\"ar_AR\" \/>\n<meta property=\"og:type\" content=\"article\" \/>\n<meta property=\"og:title\" content=\"Poivre Noir \/ \u0628\u0632\u0627\u0631 \u0627\u0633\u0648\u062f - AjiShop.ma\" \/>\n<meta property=\"og:description\" content=\"Plats Vari\u00e9s :\u00a0Int\u00e9grez-le dans une multitude de plats, des viandes aux l\u00e9gumes. Utilisation Polyvalente : Cuisson et Assaisonnement :\u00a0Saupoudrez avant\" \/>\n<meta property=\"og:url\" content=\"https:\/\/ajishop.ma\/ar\/shop\/herbes-et-apothicaire\/epices\/poivre-noir\/\" \/>\n<meta property=\"og:site_name\" content=\"AjiShop.ma\" \/>\n<meta property=\"og:image\" content=\"https:\/\/ajishop.ma\/wp-content\/uploads\/2024\/11\/\u0641\u0644\u0641\u0644-\u0627\u0633\u0648\u062f.jpg\" \/>\n\t<meta property=\"og:image:width\" content=\"400\" \/>\n\t<meta property=\"og:image:height\" content=\"400\" \/>\n\t<meta property=\"og:image:type\" content=\"image\/jpeg\" \/>\n<meta name=\"twitter:card\" content=\"summary_large_image\" \/>\n<meta name=\"twitter:label1\" content=\"\u0648\u0642\u062a \u0627\u0644\u0642\u0631\u0627\u0621\u0629 \u0627\u0644\u0645\u064f\u0642\u062f\u0651\u0631\" \/>\n\t<meta name=\"twitter:data1\" content=\"\u062f\u0642\u064a\u0642\u0629 \u0648\u0627\u062d\u062f\u0629\" \/>\n<script type=\"application\/ld+json\" class=\"yoast-schema-graph\">{\"@context\":\"https:\/\/schema.org\",\"@graph\":[{\"@type\":\"WebPage\",\"@id\":\"https:\/\/ajishop.ma\/shop\/herbes-et-apothicaire\/epices\/poivre-noir\/\",\"url\":\"https:\/\/ajishop.ma\/shop\/herbes-et-apothicaire\/epices\/poivre-noir\/\",\"name\":\"Poivre Noir \/ \u0628\u0632\u0627\u0631 \u0627\u0633\u0648\u062f - AjiShop.ma\",\"isPartOf\":{\"@id\":\"https:\/\/ajishop.ma\/#website\"},\"primaryImageOfPage\":{\"@id\":\"https:\/\/ajishop.ma\/shop\/herbes-et-apothicaire\/epices\/poivre-noir\/#primaryimage\"},\"image\":{\"@id\":\"https:\/\/ajishop.ma\/shop\/herbes-et-apothicaire\/epices\/poivre-noir\/#primaryimage\"},\"thumbnailUrl\":\"https:\/\/ajishop.ma\/wp-content\/uploads\/2024\/11\/\u0641\u0644\u0641\u0644-\u0627\u0633\u0648\u062f.jpg\",\"datePublished\":\"2024-11-06T22:18:55+00:00\",\"dateModified\":\"2024-11-06T22:18:55+00:00\",\"breadcrumb\":{\"@id\":\"https:\/\/ajishop.ma\/shop\/herbes-et-apothicaire\/epices\/poivre-noir\/#breadcrumb\"},\"inLanguage\":\"ar\",\"potentialAction\":[{\"@type\":\"ReadAction\",\"target\":[\"https:\/\/ajishop.ma\/shop\/herbes-et-apothicaire\/epices\/poivre-noir\/\"]}]},{\"@type\":\"ImageObject\",\"inLanguage\":\"ar\",\"@id\":\"https:\/\/ajishop.ma\/shop\/herbes-et-apothicaire\/epices\/poivre-noir\/#primaryimage\",\"url\":\"https:\/\/ajishop.ma\/wp-content\/uploads\/2024\/11\/\u0641\u0644\u0641\u0644-\u0627\u0633\u0648\u062f.jpg\",\"contentUrl\":\"https:\/\/ajishop.ma\/wp-content\/uploads\/2024\/11\/\u0641\u0644\u0641\u0644-\u0627\u0633\u0648\u062f.jpg\",\"width\":400,\"height\":400},{\"@type\":\"BreadcrumbList\",\"@id\":\"https:\/\/ajishop.ma\/shop\/herbes-et-apothicaire\/epices\/poivre-noir\/#breadcrumb\",\"itemListElement\":[{\"@type\":\"ListItem\",\"position\":1,\"name\":\"Accueil\",\"item\":\"https:\/\/ajishop.ma\/\"},{\"@type\":\"ListItem\",\"position\":2,\"name\":\"Magasin\",\"item\":\"https:\/\/ajishop.ma\/shop\/\"},{\"@type\":\"ListItem\",\"position\":3,\"name\":\"Poivre Noir \/ \u0628\u0632\u0627\u0631 \u0627\u0633\u0648\u062f\"}]},{\"@type\":\"WebSite\",\"@id\":\"https:\/\/ajishop.ma\/#website\",\"url\":\"https:\/\/ajishop.ma\/\",\"name\":\"AjiShop.ma\",\"description\":\"Produits 100% naturels, Pour votre bien \u00eatre...\",\"publisher\":{\"@id\":\"https:\/\/ajishop.ma\/#organization\"},\"potentialAction\":[{\"@type\":\"SearchAction\",\"target\":{\"@type\":\"EntryPoint\",\"urlTemplate\":\"https:\/\/ajishop.ma\/?s={search_term_string}\"},\"query-input\":{\"@type\":\"PropertyValueSpecification\",\"valueRequired\":true,\"valueName\":\"search_term_string\"}}],\"inLanguage\":\"ar\"},{\"@type\":\"Organization\",\"@id\":\"https:\/\/ajishop.ma\/#organization\",\"name\":\"AjiShop.ma\",\"url\":\"https:\/\/ajishop.ma\/\",\"logo\":{\"@type\":\"ImageObject\",\"inLanguage\":\"ar\",\"@id\":\"https:\/\/ajishop.ma\/#\/schema\/logo\/image\/\",\"url\":\"https:\/\/ajishop.ma\/wp-content\/uploads\/2024\/09\/AjiShop.ma-Horizontal-Logo-Green.png\",\"contentUrl\":\"https:\/\/ajishop.ma\/wp-content\/uploads\/2024\/09\/AjiShop.ma-Horizontal-Logo-Green.png\",\"width\":1917,\"height\":276,\"caption\":\"AjiShop.ma\"},\"image\":{\"@id\":\"https:\/\/ajishop.ma\/#\/schema\/logo\/image\/\"}}]}<\/script>\n<!-- \/ Yoast SEO plugin. -->","yoast_head_json":{"title":"Poivre Noir \/ \u0628\u0632\u0627\u0631 \u0627\u0633\u0648\u062f - AjiShop.ma","robots":{"index":"index","follow":"follow","max-snippet":"max-snippet:-1","max-image-preview":"max-image-preview:large","max-video-preview":"max-video-preview:-1"},"canonical":"https:\/\/ajishop.ma\/ar\/shop\/herbes-et-apothicaire\/epices\/poivre-noir\/","og_locale":"ar_AR","og_type":"article","og_title":"Poivre Noir \/ \u0628\u0632\u0627\u0631 \u0627\u0633\u0648\u062f - AjiShop.ma","og_description":"Plats Vari\u00e9s :\u00a0Int\u00e9grez-le dans une multitude de plats, des viandes aux l\u00e9gumes. Utilisation Polyvalente : Cuisson et Assaisonnement :\u00a0Saupoudrez avant","og_url":"https:\/\/ajishop.ma\/ar\/shop\/herbes-et-apothicaire\/epices\/poivre-noir\/","og_site_name":"AjiShop.ma","og_image":[{"width":400,"height":400,"url":"https:\/\/ajishop.ma\/wp-content\/uploads\/2024\/11\/\u0641\u0644\u0641\u0644-\u0627\u0633\u0648\u062f.jpg","type":"image\/jpeg"}],"twitter_card":"summary_large_image","twitter_misc":{"\u0648\u0642\u062a \u0627\u0644\u0642\u0631\u0627\u0621\u0629 \u0627\u0644\u0645\u064f\u0642\u062f\u0651\u0631":"\u062f\u0642\u064a\u0642\u0629 \u0648\u0627\u062d\u062f\u0629"},"schema":{"@context":"https:\/\/schema.org","@graph":[{"@type":"WebPage","@id":"https:\/\/ajishop.ma\/shop\/herbes-et-apothicaire\/epices\/poivre-noir\/","url":"https:\/\/ajishop.ma\/shop\/herbes-et-apothicaire\/epices\/poivre-noir\/","name":"Poivre Noir \/ \u0628\u0632\u0627\u0631 \u0627\u0633\u0648\u062f - AjiShop.ma","isPartOf":{"@id":"https:\/\/ajishop.ma\/#website"},"primaryImageOfPage":{"@id":"https:\/\/ajishop.ma\/shop\/herbes-et-apothicaire\/epices\/poivre-noir\/#primaryimage"},"image":{"@id":"https:\/\/ajishop.ma\/shop\/herbes-et-apothicaire\/epices\/poivre-noir\/#primaryimage"},"thumbnailUrl":"https:\/\/ajishop.ma\/wp-content\/uploads\/2024\/11\/\u0641\u0644\u0641\u0644-\u0627\u0633\u0648\u062f.jpg","datePublished":"2024-11-06T22:18:55+00:00","dateModified":"2024-11-06T22:18:55+00:00","breadcrumb":{"@id":"https:\/\/ajishop.ma\/shop\/herbes-et-apothicaire\/epices\/poivre-noir\/#breadcrumb"},"inLanguage":"ar","potentialAction":[{"@type":"ReadAction","target":["https:\/\/ajishop.ma\/shop\/herbes-et-apothicaire\/epices\/poivre-noir\/"]}]},{"@type":"ImageObject","inLanguage":"ar","@id":"https:\/\/ajishop.ma\/shop\/herbes-et-apothicaire\/epices\/poivre-noir\/#primaryimage","url":"https:\/\/ajishop.ma\/wp-content\/uploads\/2024\/11\/\u0641\u0644\u0641\u0644-\u0627\u0633\u0648\u062f.jpg","contentUrl":"https:\/\/ajishop.ma\/wp-content\/uploads\/2024\/11\/\u0641\u0644\u0641\u0644-\u0627\u0633\u0648\u062f.jpg","width":400,"height":400},{"@type":"BreadcrumbList","@id":"https:\/\/ajishop.ma\/shop\/herbes-et-apothicaire\/epices\/poivre-noir\/#breadcrumb","itemListElement":[{"@type":"ListItem","position":1,"name":"Accueil","item":"https:\/\/ajishop.ma\/"},{"@type":"ListItem","position":2,"name":"Magasin","item":"https:\/\/ajishop.ma\/shop\/"},{"@type":"ListItem","position":3,"name":"Poivre Noir \/ \u0628\u0632\u0627\u0631 \u0627\u0633\u0648\u062f"}]},{"@type":"WebSite","@id":"https:\/\/ajishop.ma\/#website","url":"https:\/\/ajishop.ma\/","name":"AjiShop.ma","description":"Produits 100% naturels, Pour votre bien \u00eatre...","publisher":{"@id":"https:\/\/ajishop.ma\/#organization"},"potentialAction":[{"@type":"SearchAction","target":{"@type":"EntryPoint","urlTemplate":"https:\/\/ajishop.ma\/?s={search_term_string}"},"query-input":{"@type":"PropertyValueSpecification","valueRequired":true,"valueName":"search_term_string"}}],"inLanguage":"ar"},{"@type":"Organization","@id":"https:\/\/ajishop.ma\/#organization","name":"AjiShop.ma","url":"https:\/\/ajishop.ma\/","logo":{"@type":"ImageObject","inLanguage":"ar","@id":"https:\/\/ajishop.ma\/#\/schema\/logo\/image\/","url":"https:\/\/ajishop.ma\/wp-content\/uploads\/2024\/09\/AjiShop.ma-Horizontal-Logo-Green.png","contentUrl":"https:\/\/ajishop.ma\/wp-content\/uploads\/2024\/09\/AjiShop.ma-Horizontal-Logo-Green.png","width":1917,"height":276,"caption":"AjiShop.ma"},"image":{"@id":"https:\/\/ajishop.ma\/#\/schema\/logo\/image\/"}}]}},"_links":{"self":[{"href":"https:\/\/ajishop.ma\/ar\/wp-json\/wp\/v2\/product\/16655"}],"collection":[{"href":"https:\/\/ajishop.ma\/ar\/wp-json\/wp\/v2\/product"}],"about":[{"href":"https:\/\/ajishop.ma\/ar\/wp-json\/wp\/v2\/types\/product"}],"replies":[{"embeddable":true,"href":"https:\/\/ajishop.ma\/ar\/wp-json\/wp\/v2\/comments?post=16655"}],"version-history":[{"count":1,"href":"https:\/\/ajishop.ma\/ar\/wp-json\/wp\/v2\/product\/16655\/revisions"}],"predecessor-version":[{"id":16665,"href":"https:\/\/ajishop.ma\/ar\/wp-json\/wp\/v2\/product\/16655\/revisions\/16665"}],"wp:featuredmedia":[{"embeddable":true,"href":"https:\/\/ajishop.ma\/ar\/wp-json\/wp\/v2\/media\/16664"}],"wp:attachment":[{"href":"https:\/\/ajishop.ma\/ar\/wp-json\/wp\/v2\/media?parent=16655"}],"wp:term":[{"taxonomy":"product_cat","embeddable":true,"href":"https:\/\/ajishop.ma\/ar\/wp-json\/wp\/v2\/product_cat?post=16655"},{"taxonomy":"product_tag","embeddable":true,"href":"https:\/\/ajishop.ma\/ar\/wp-json\/wp\/v2\/product_tag?post=16655"}],"curies":[{"name":"wp","href":"https:\/\/api.w.org\/{rel}","templated":true}]}}