{"id":16735,"date":"2024-11-07T22:20:27","date_gmt":"2024-11-07T21:20:27","guid":{"rendered":"https:\/\/ajishop.ma\/?post_type=product&#038;p=16735"},"modified":"2026-03-27T01:17:16","modified_gmt":"2026-03-27T00:17:16","slug":"shikakai","status":"publish","type":"product","link":"https:\/\/ajishop.ma\/ar\/shop\/herbes-et-apothicaire\/herbes\/shikakai\/","title":{"rendered":"Shikakai  \/  \u0639\u0634\u0628\u0629 \u0627\u0644\u0634\u064a\u0643\u0627\u0643\u0627\u064a"},"content":{"rendered":"<div data-elementor-type=\"wp-post\" data-elementor-id=\"16735\" class=\"elementor elementor-16735\">\n\t\t\t\t<div class=\"wd-negative-gap elementor-element elementor-element-285e25b4 lang-fr e-flex e-con-boxed e-con e-parent\" data-id=\"285e25b4\" data-element_type=\"container\">\n\t\t\t\t\t<div class=\"e-con-inner\">\n\t\t\t\t<div class=\"elementor-element elementor-element-724b3bbb lang-fr color-scheme-inherit text-left elementor-widget elementor-widget-text-editor\" data-id=\"724b3bbb\" data-element_type=\"widget\" data-widget_type=\"text-editor.default\">\n\t\t\t\t<div class=\"elementor-widget-container\">\n\t\t\t\t\t\t\t<strong>Voici comment vous pouvez l&#8217;utiliser :<\/strong>\r\n<ol>\r\n \t<li>M\u00e9langez la poudre de shikakai avec de l&#8217;eau ti\u00e8de pour obtenir une p\u00e2te \u00e9paisse et lisse. Assurez-vous que la poudre est bien m\u00e9lang\u00e9e et qu&#8217;il n&#8217;y ait pas de grumeaux.<\/li>\r\n \t<li>Mouillez vos cheveux. Appliquez la p\u00e2te de shikakai sur votre cuir chevelu et vos cheveux en massant doucement. Assurez-vous de couvrir toute la longueur de vos cheveux.<\/li>\r\n \t<li>Laissez agir la p\u00e2te pendant quelques minutes, environ 5 \u00e0 10 minutes, afin que les ingr\u00e9dients actifs du shikakai puissent agir sur vos cheveux.<\/li>\r\n \t<li>Rincez abondamment vos cheveux \u00e0 l&#8217;eau ti\u00e8de jusqu&#8217;\u00e0 ce que toute la p\u00e2te soit \u00e9limin\u00e9e. Assurez-vous de bien rincer vos cheveux pour \u00e9viter tout r\u00e9sidu.<\/li>\r\n \t<li>Si vous le souhaitez, vous pouvez utiliser un apr\u00e8s-shampoing naturel ou un rin\u00e7age \u00e0 base de plantes pour adoucir et d\u00e9m\u00ealer vos cheveux apr\u00e8s avoir utilis\u00e9 le shikakai.<\/li>\r\n<\/ol>\r\nIl est recommand\u00e9 d&#8217;utiliser le shikakai une \u00e0 deux fois par semaine, en fonction de vos besoins et de la nature de vos cheveux. Vous pouvez ajuster la quantit\u00e9 de poudre de shikakai en fonction de la longueur de vos cheveux et de la quantit\u00e9 de mousse souhait\u00e9e.\r\n\r\nNotez que le shikakai peut ne pas produire autant de mousse que les shampooings commerciaux, car il est naturel et ne contient pas de produits chimiques moussants. Cependant, il nettoie efficacement les cheveux, \u00e9limine les impuret\u00e9s et peut aider \u00e0 promouvoir la sant\u00e9 des cheveux.\r\n\r\n.\r\n<h2 style=\"font-size: 18px\">BIENFAITS DE LA POUDRE DE SHIKAKAI<\/h2>\r\n<ul>\r\n \t<li>Peut utiliser comme un shampoing naturel<\/li>\r\n \t<li>Permet de favoriser la pousse des cheveux<\/li>\r\n \t<li>D\u00e9m\u00eale\u00a0les cheveux<\/li>\r\n \t<li>Renforce la racine des cheveux<\/li>\r\n \t<li>Aide \u00e0 rendre les cheveux fort<\/li>\r\n \t<li>Lutte contre les pellicules<\/li>\r\n \t<li>Donne un effet astringent<\/li>\r\n \t<li>Puissant\u00a0et adoucissant<\/li>\r\n<\/ul>\r\n<strong>100% Vegan:<\/strong>\r\n<ul>\r\n \t<li>Sans conservateur.<\/li>\r\n \t<li>Sans aucun additif chimique.<\/li>\r\n \t<li>M\u00e9taux lourds.<\/li>\r\n<\/ul>\r\n<h3 style=\"font-size: 16px\">INDICATIONS<\/h3>\r\n<ul>\r\n \t<li>Appliquer un shampooing pour nettoyer en douceur tous les types de cheveux<\/li>\r\n \t<li>Chute de cheveux<\/li>\r\n \t<li>Cheveux ternes et fatigu\u00e9s<\/li>\r\n \t<li>cheveux color\u00e9s, en particulier les colorants v\u00e9g\u00e9taux<\/li>\r\n<\/ul>\r\npoudre indiennes ,\u00a0poudres ayurv\u00e9diques\r\n\r\n<strong>\u0627\u0644\u0639\u0646\u0627\u064a\u0629 \u0628\u0627\u0644\u0634\u0639\u0631, \u0627\u0644\u0639\u0646\u0627\u064a\u0629 \u0628\u0627\u0644\u0645\u0631\u0623\u0629, \u062c\u0645\u0627\u0644 \u0648\u0627\u0644\u0639\u0646\u0627\u064a\u0629 \u0627\u0644\u0634\u062e\u0635\u064a\u0629, \u0645\u0646\u062a\u062c\u0627\u062a \u062a\u0633\u0627\u0642\u0637 \u0627\u0644\u0634\u0639\u0631, \u0645\u0646\u062a\u062c\u0627\u062a \u062a\u0644\u0648\u064a\u0646\u00a0<\/strong>\t\t\t\t\t\t<\/div>\n\t\t\t\t<\/div>\n\t\t\t\t\t<\/div>\n\t\t\t\t<\/div>\n\t\t<div class=\"wd-negative-gap elementor-element elementor-element-1aa8630 lang-ar e-flex e-con-boxed e-con e-parent\" data-id=\"1aa8630\" data-element_type=\"container\">\n\t\t\t\t\t<div class=\"e-con-inner\">\n\t\t\t\t<div class=\"elementor-element elementor-element-6fac4f6 lang-ar color-scheme-inherit text-left elementor-widget elementor-widget-text-editor\" data-id=\"6fac4f6\" data-element_type=\"widget\" data-widget_type=\"text-editor.default\">\n\t\t\t\t<div class=\"elementor-widget-container\">\n\t\t\t\t\t\t\t<p style=\"text-align: center\"><strong><span>\u0628\u0648\u062f\u0631\u0629 \u0634\u064a\u0643\u0627\u0643\u0627\u064a &#8211; \u0623\u0643\u0627\u0633\u064a\u0627 -\u0634\u064a\u0643\u0627\u0643\u0627\u064a \u0644\u0644\u0634\u0639\u0631<\/span><\/strong><\/p><p style=\"text-align: center\"><span>\u064a\u064f\u0633\u062a\u062e\u062f\u0645 \u0645\u0633\u062d\u0648\u0642 \u0627\u0644\u0634\u064a\u0643\u0627\u0643\u0627\u064a \u062a\u0642\u0644\u064a\u062f\u064a\u064b\u0627 \u0643\u0628\u062f\u064a\u0644 \u0637\u0628\u064a\u0639\u064a \u0644\u0644\u0634\u0627\u0645\u0628\u0648 \u0627\u0644\u062a\u062c\u0627\u0631\u064a.<\/span><\/p><p style=\"text-align: center\"><strong><span>\u0648\u0625\u0644\u064a\u0643 \u0643\u064a\u0641 \u064a\u0645\u0643\u0646\u0643 \u0627\u0633\u062a\u062e\u062f\u0627\u0645\u0647:<\/span><\/strong><\/p><ol style=\"text-align: center\"><li><p><span>\u0627\u0645\u0632\u062c \u0645\u0633\u062d\u0648\u0642 \u0627\u0644\u0634\u064a\u0643\u0627\u0643\u0627\u064a \u0645\u0639 \u0627\u0644\u0645\u0627\u0621 \u0627\u0644\u062f\u0627\u0641\u0626 \u0644\u0644\u062d\u0635\u0648\u0644 \u0639\u0644\u0649 \u0639\u062c\u064a\u0646\u0629 \u0633\u0645\u064a\u0643\u0629 \u0648\u0646\u0627\u0639\u0645\u0629. \u062a\u0623\u0643\u062f \u0645\u0646 \u062e\u0644\u0637 \u0627\u0644\u0645\u0633\u062d\u0648\u0642 \u062c\u064a\u062f\u064b\u0627 \u0648\u0639\u062f\u0645 \u0648\u062c\u0648\u062f \u0643\u062a\u0644.<\/span><\/p><\/li><li><p><span>\u0628\u0644\u0644 \u0634\u0639\u0631\u0643. \u0636\u0639\u064a \u0645\u0639\u062c\u0648\u0646 \u0627\u0644\u0634\u064a\u0643\u0627\u0643\u0627\u064a \u0639\u0644\u0649 \u0641\u0631\u0648\u0629 \u0631\u0623\u0633\u0643 \u0648\u0634\u0639\u0631\u0643\u060c \u0648\u062f\u0644\u0643\u064a \u0628\u0644\u0637\u0641. \u062a\u0623\u0643\u062f \u0645\u0646 \u062a\u063a\u0637\u064a\u0629 \u0643\u0627\u0645\u0644 \u0637\u0648\u0644 \u0634\u0639\u0631\u0643.<\/span><\/p><\/li><li><p><span>\u0627\u062a\u0631\u0643 \u0627\u0644\u0645\u0639\u062c\u0648\u0646 \u0644\u0628\u0636\u0639 \u062f\u0642\u0627\u0626\u0642\u060c \u062d\u0648\u0627\u0644\u064a 5 \u0625\u0644\u0649 10 \u062f\u0642\u0627\u0626\u0642\u060c \u062d\u062a\u0649 \u062a\u062a\u0645\u0643\u0646 \u0627\u0644\u0645\u0643\u0648\u0646\u0627\u062a \u0627\u0644\u0646\u0634\u0637\u0629 \u0641\u064a \u0634\u064a\u0643\u0627\u0643\u0627\u064a \u0645\u0646 \u0627\u0644\u0639\u0645\u0644 \u0639\u0644\u0649 \u0634\u0639\u0631\u0643.<\/span><\/p><\/li><li><p><span>\u0627\u0634\u0637\u0641\u064a \u0634\u0639\u0631\u0643 \u062c\u064a\u062f\u0627\u064b \u0628\u0627\u0644\u0645\u0627\u0621 \u0627\u0644\u0641\u0627\u062a\u0631 \u062d\u062a\u0649 \u062a\u062a\u0645 \u0625\u0632\u0627\u0644\u0629 \u0627\u0644\u0639\u062c\u064a\u0646\u0629 \u0628\u0627\u0644\u0643\u0627\u0645\u0644. \u062a\u0623\u0643\u062f\u064a \u0645\u0646 \u0634\u0637\u0641 \u0634\u0639\u0631\u0643 \u062c\u064a\u062f\u064b\u0627 \u0644\u062a\u062c\u0646\u0628 \u0623\u064a \u0628\u0642\u0627\u064a\u0627.<\/span><\/p><\/li><li><p><span>\u0625\u0630\u0627 \u0631\u063a\u0628\u062a \u0641\u064a \u0630\u0644\u0643\u060c \u064a\u0645\u0643\u0646\u0643 \u0627\u0633\u062a\u062e\u062f\u0627\u0645 \u0628\u0644\u0633\u0645 \u0637\u0628\u064a\u0639\u064a \u0623\u0648 \u0634\u0637\u0641 \u0639\u0634\u0628\u064a \u0644\u062a\u0646\u0639\u064a\u0645 \u0648\u0641\u0643 \u062a\u0634\u0627\u0628\u0643 \u0634\u0639\u0631\u0643 \u0628\u0639\u062f \u0627\u0633\u062a\u062e\u062f\u0627\u0645 \u0627\u0644\u0634\u064a\u0643\u0627\u0643\u0627\u064a.<\/span><\/p><\/li><\/ol><p style=\"text-align: center\"><span>\u064a\u0648\u0635\u0649 \u0628\u0627\u0633\u062a\u062e\u062f\u0627\u0645 \u0634\u064a\u0643\u0627\u0643\u0627\u064a \u0645\u0631\u0629 \u0623\u0648 \u0645\u0631\u062a\u064a\u0646 \u0641\u064a \u0627\u0644\u0623\u0633\u0628\u0648\u0639 \u062d\u0633\u0628 \u0627\u062d\u062a\u064a\u0627\u062c\u0627\u062a\u0643 \u0648\u0637\u0628\u064a\u0639\u0629 \u0634\u0639\u0631\u0643. \u064a\u0645\u0643\u0646\u0643 \u0636\u0628\u0637 \u0643\u0645\u064a\u0629 \u0645\u0633\u062d\u0648\u0642 \u0627\u0644\u0634\u064a\u0643\u0627\u0643\u0627\u064a \u062d\u0633\u0628 \u0637\u0648\u0644 \u0634\u0639\u0631\u0643 \u0648\u0643\u0645\u064a\u0629 \u0627\u0644\u0645\u0648\u0633 \u0627\u0644\u062a\u064a \u062a\u0631\u064a\u062f\u064a\u0646\u0647\u0627.<\/span><\/p><p style=\"text-align: center\"><span>\u0644\u0627\u062d\u0638 \u0623\u0646 \u0634\u064a\u0643\u0627\u0643\u0627\u064a \u0642\u062f \u0644\u0627 \u064a\u0646\u062a\u062c \u0631\u063a\u0648\u0629 \u0628\u0642\u062f\u0631 \u0627\u0644\u0634\u0627\u0645\u0628\u0648 \u0627\u0644\u062a\u062c\u0627\u0631\u064a \u0644\u0623\u0646\u0647 \u0637\u0628\u064a\u0639\u064a \u0648\u0644\u0627 \u064a\u062d\u062a\u0648\u064a \u0639\u0644\u0649 \u0645\u0648\u0627\u062f \u0643\u064a\u0645\u064a\u0627\u0626\u064a\u0629 \u0631\u063a\u0648\u064a\u0629. \u0648\u0645\u0639 \u0630\u0644\u0643\u060c \u0641\u0647\u0648 \u064a\u0646\u0638\u0641 \u0627\u0644\u0634\u0639\u0631 \u0628\u0634\u0643\u0644 \u0641\u0639\u0627\u0644 \u0648\u064a\u0632\u064a\u0644 \u0627\u0644\u0634\u0648\u0627\u0626\u0628 \u0648\u064a\u0645\u0643\u0646 \u0623\u0646 \u064a\u0633\u0627\u0639\u062f \u0641\u064a \u062a\u0639\u0632\u064a\u0632 \u0635\u062d\u0629 \u0627\u0644\u0634\u0639\u0631.<\/span><\/p><p style=\"text-align: center\"><span>.\u00a0<\/span><\/p><h2 style=\"font-size: 18px;text-align: center\"><span>\u0641\u0648\u0627\u0626\u062f \u0645\u0633\u062d\u0648\u0642 \u0634\u064a\u0643\u0627\u0643\u0627\u064a<\/span><\/h2><ul style=\"text-align: center\"><li><span>\u064a\u0645\u0643\u0646 \u0627\u0633\u062a\u062e\u062f\u0627\u0645\u0647 \u0643\u0634\u0627\u0645\u0628\u0648 \u0637\u0628\u064a\u0639\u064a<\/span><\/li><li><span>\u064a\u0633\u0627\u0639\u062f \u0639\u0644\u0649 \u062a\u0639\u0632\u064a\u0632 \u0646\u0645\u0648 \u0627\u0644\u0634\u0639\u0631<\/span><\/li><li><span>\u064a\u0641\u0643 \u062a\u0634\u0627\u0628\u0643 \u0627\u0644\u0634\u0639\u0631<\/span><\/li><li><span>\u064a\u0642\u0648\u064a \u062e\u0637 \u0627\u0644\u0634\u0639\u0631<\/span><\/li><li><span>\u064a\u0633\u0627\u0639\u062f \u0639\u0644\u0649 \u062c\u0639\u0644 \u0627\u0644\u0634\u0639\u0631 \u0642\u0648\u064a\u0627\u064b<\/span><\/li><li><span>\u0645\u062d\u0627\u0631\u0628\u0629 \u0627\u0644\u0642\u0634\u0631\u0629<\/span><\/li><li><span>\u064a\u0639\u0637\u064a \u062a\u0623\u062b\u064a\u0631\u0627\u064b \u0642\u0627\u0628\u0636\u0627\u064b<\/span><\/li><li>\u0642\u0648\u064a\u0629\u00a0<span>\u00a0\u0648\u062a\u0646\u0639\u064a\u0645<\/span><\/li><\/ul><p style=\"text-align: center\"><strong><span>\u0646\u0628\u0627\u062a\u064a 100%:<\/span><\/strong><\/p><ul style=\"text-align: center\"><li><span>\u062e\u0627\u0644\u064a\u0629 \u0645\u0646 \u0627\u0644\u0645\u0648\u0627\u062f \u0627\u0644\u062d\u0627\u0641\u0638\u0629.<\/span><\/li><li><span>\u0628\u062f\u0648\u0646 \u0623\u064a \u0625\u0636\u0627\u0641\u0627\u062a \u0643\u064a\u0645\u064a\u0627\u0626\u064a\u0629.<\/span><\/li><li><span>\u0627\u0644\u0645\u0639\u0627\u062f\u0646 \u0627\u0644\u062b\u0642\u064a\u0644\u0629.<\/span><\/li><\/ul><h3 style=\"font-size: 16px;text-align: center\"><span>\u062f\u0648\u0627\u0639\u064a \u0627\u0644\u0625\u0633\u062a\u0639\u0645\u0627\u0644<\/span><\/h3><ul><li style=\"text-align: center\"><span>\u0636\u0639\u064a \u0627\u0644\u0634\u0627\u0645\u0628\u0648 \u0644\u062a\u0646\u0638\u064a\u0641 \u062c\u0645\u064a\u0639 \u0623\u0646\u0648\u0627\u0639 \u0627\u0644\u0634\u0639\u0631 \u0628\u0644\u0637\u0641<\/span><\/li><li style=\"text-align: center\"><span>\u062a\u0633\u0627\u0642\u0637 \u0627\u0644\u0634\u0639\u0631<\/span><\/li><li style=\"text-align: center\"><span>\u0627\u0644\u0634\u0639\u0631 \u0627\u0644\u0628\u0627\u0647\u062a \u0648\u0627\u0644\u0645\u062a\u0639\u0628<\/span><\/li><li style=\"text-align: center\"><span>\u0627\u0644\u0634\u0639\u0631 \u0627\u0644\u0645\u0635\u0628\u0648\u063a\u060c \u0648\u062e\u0627\u0635\u0629 \u0627\u0644\u0623\u0635\u0628\u0627\u063a \u0627\u0644\u0646\u0628\u0627\u062a\u064a\u0629<\/span><\/li><\/ul>\t\t\t\t\t\t<\/div>\n\t\t\t\t<\/div>\n\t\t\t\t\t<\/div>\n\t\t\t\t<\/div>\n\t\t\t\t<\/div>","protected":false},"excerpt":{"rendered":"<p>Voici comment vous pouvez l&#8217;utiliser : M\u00e9langez la poudre de shikakai avec de l&#8217;eau ti\u00e8de pour obtenir une p\u00e2te \u00e9paisse<\/p>","protected":false},"featured_media":16736,"comment_status":"open","ping_status":"closed","template":"","meta":[],"product_cat":[32,75],"product_tag":[],"yoast_head":"<!-- This site is optimized with the Yoast SEO plugin v23.4 - https:\/\/yoast.com\/wordpress\/plugins\/seo\/ -->\n<title>Shikakai \/ \u0639\u0634\u0628\u0629 \u0627\u0644\u0634\u064a\u0643\u0627\u0643\u0627\u064a - AjiShop.ma<\/title>\n<meta name=\"robots\" content=\"index, follow, max-snippet:-1, max-image-preview:large, max-video-preview:-1\" \/>\n<link rel=\"canonical\" href=\"https:\/\/ajishop.ma\/ar\/shop\/herbes-et-apothicaire\/herbes\/shikakai\/\" \/>\n<meta property=\"og:locale\" content=\"ar_AR\" \/>\n<meta property=\"og:type\" content=\"article\" \/>\n<meta property=\"og:title\" content=\"Shikakai \/ \u0639\u0634\u0628\u0629 \u0627\u0644\u0634\u064a\u0643\u0627\u0643\u0627\u064a - AjiShop.ma\" \/>\n<meta property=\"og:description\" content=\"Voici comment vous pouvez l&#8217;utiliser : M\u00e9langez la poudre de shikakai avec de l&#8217;eau ti\u00e8de pour obtenir une p\u00e2te \u00e9paisse\" \/>\n<meta property=\"og:url\" content=\"https:\/\/ajishop.ma\/ar\/shop\/herbes-et-apothicaire\/herbes\/shikakai\/\" \/>\n<meta property=\"og:site_name\" content=\"AjiShop.ma\" \/>\n<meta property=\"article:modified_time\" content=\"2026-03-27T00:17:16+00:00\" \/>\n<meta property=\"og:image\" content=\"https:\/\/ajishop.ma\/wp-content\/uploads\/2024\/11\/shikakai.jpg\" \/>\n\t<meta property=\"og:image:width\" content=\"550\" \/>\n\t<meta property=\"og:image:height\" content=\"550\" \/>\n\t<meta property=\"og:image:type\" content=\"image\/jpeg\" \/>\n<meta name=\"twitter:card\" content=\"summary_large_image\" \/>\n<meta name=\"twitter:label1\" content=\"\u0648\u0642\u062a \u0627\u0644\u0642\u0631\u0627\u0621\u0629 \u0627\u0644\u0645\u064f\u0642\u062f\u0651\u0631\" \/>\n\t<meta name=\"twitter:data1\" content=\"4 \u062f\u0642\u0627\u0626\u0642\" \/>\n<script type=\"application\/ld+json\" class=\"yoast-schema-graph\">{\"@context\":\"https:\/\/schema.org\",\"@graph\":[{\"@type\":\"WebPage\",\"@id\":\"https:\/\/ajishop.ma\/shop\/herbes-et-apothicaire\/herbes\/shikakai\/\",\"url\":\"https:\/\/ajishop.ma\/shop\/herbes-et-apothicaire\/herbes\/shikakai\/\",\"name\":\"Shikakai \/ \u0639\u0634\u0628\u0629 \u0627\u0644\u0634\u064a\u0643\u0627\u0643\u0627\u064a - AjiShop.ma\",\"isPartOf\":{\"@id\":\"https:\/\/ajishop.ma\/#website\"},\"primaryImageOfPage\":{\"@id\":\"https:\/\/ajishop.ma\/shop\/herbes-et-apothicaire\/herbes\/shikakai\/#primaryimage\"},\"image\":{\"@id\":\"https:\/\/ajishop.ma\/shop\/herbes-et-apothicaire\/herbes\/shikakai\/#primaryimage\"},\"thumbnailUrl\":\"https:\/\/ajishop.ma\/wp-content\/uploads\/2024\/11\/shikakai.jpg\",\"datePublished\":\"2024-11-07T21:20:27+00:00\",\"dateModified\":\"2026-03-27T00:17:16+00:00\",\"breadcrumb\":{\"@id\":\"https:\/\/ajishop.ma\/shop\/herbes-et-apothicaire\/herbes\/shikakai\/#breadcrumb\"},\"inLanguage\":\"ar\",\"potentialAction\":[{\"@type\":\"ReadAction\",\"target\":[\"https:\/\/ajishop.ma\/shop\/herbes-et-apothicaire\/herbes\/shikakai\/\"]}]},{\"@type\":\"ImageObject\",\"inLanguage\":\"ar\",\"@id\":\"https:\/\/ajishop.ma\/shop\/herbes-et-apothicaire\/herbes\/shikakai\/#primaryimage\",\"url\":\"https:\/\/ajishop.ma\/wp-content\/uploads\/2024\/11\/shikakai.jpg\",\"contentUrl\":\"https:\/\/ajishop.ma\/wp-content\/uploads\/2024\/11\/shikakai.jpg\",\"width\":550,\"height\":550},{\"@type\":\"BreadcrumbList\",\"@id\":\"https:\/\/ajishop.ma\/shop\/herbes-et-apothicaire\/herbes\/shikakai\/#breadcrumb\",\"itemListElement\":[{\"@type\":\"ListItem\",\"position\":1,\"name\":\"Accueil\",\"item\":\"https:\/\/ajishop.ma\/\"},{\"@type\":\"ListItem\",\"position\":2,\"name\":\"Magasin\",\"item\":\"https:\/\/ajishop.ma\/shop\/\"},{\"@type\":\"ListItem\",\"position\":3,\"name\":\"Shikakai \/ \u0639\u0634\u0628\u0629 \u0627\u0644\u0634\u064a\u0643\u0627\u0643\u0627\u064a\"}]},{\"@type\":\"WebSite\",\"@id\":\"https:\/\/ajishop.ma\/#website\",\"url\":\"https:\/\/ajishop.ma\/\",\"name\":\"AjiShop.ma\",\"description\":\"Produits 100% naturels, Pour votre bien \u00eatre...\",\"publisher\":{\"@id\":\"https:\/\/ajishop.ma\/#organization\"},\"potentialAction\":[{\"@type\":\"SearchAction\",\"target\":{\"@type\":\"EntryPoint\",\"urlTemplate\":\"https:\/\/ajishop.ma\/?s={search_term_string}\"},\"query-input\":{\"@type\":\"PropertyValueSpecification\",\"valueRequired\":true,\"valueName\":\"search_term_string\"}}],\"inLanguage\":\"ar\"},{\"@type\":\"Organization\",\"@id\":\"https:\/\/ajishop.ma\/#organization\",\"name\":\"AjiShop.ma\",\"url\":\"https:\/\/ajishop.ma\/\",\"logo\":{\"@type\":\"ImageObject\",\"inLanguage\":\"ar\",\"@id\":\"https:\/\/ajishop.ma\/#\/schema\/logo\/image\/\",\"url\":\"https:\/\/ajishop.ma\/wp-content\/uploads\/2024\/09\/AjiShop.ma-Horizontal-Logo-Green.png\",\"contentUrl\":\"https:\/\/ajishop.ma\/wp-content\/uploads\/2024\/09\/AjiShop.ma-Horizontal-Logo-Green.png\",\"width\":1917,\"height\":276,\"caption\":\"AjiShop.ma\"},\"image\":{\"@id\":\"https:\/\/ajishop.ma\/#\/schema\/logo\/image\/\"}}]}<\/script>\n<!-- \/ Yoast SEO plugin. -->","yoast_head_json":{"title":"Shikakai \/ \u0639\u0634\u0628\u0629 \u0627\u0644\u0634\u064a\u0643\u0627\u0643\u0627\u064a - AjiShop.ma","robots":{"index":"index","follow":"follow","max-snippet":"max-snippet:-1","max-image-preview":"max-image-preview:large","max-video-preview":"max-video-preview:-1"},"canonical":"https:\/\/ajishop.ma\/ar\/shop\/herbes-et-apothicaire\/herbes\/shikakai\/","og_locale":"ar_AR","og_type":"article","og_title":"Shikakai \/ \u0639\u0634\u0628\u0629 \u0627\u0644\u0634\u064a\u0643\u0627\u0643\u0627\u064a - AjiShop.ma","og_description":"Voici comment vous pouvez l&#8217;utiliser : M\u00e9langez la poudre de shikakai avec de l&#8217;eau ti\u00e8de pour obtenir une p\u00e2te \u00e9paisse","og_url":"https:\/\/ajishop.ma\/ar\/shop\/herbes-et-apothicaire\/herbes\/shikakai\/","og_site_name":"AjiShop.ma","article_modified_time":"2026-03-27T00:17:16+00:00","og_image":[{"width":550,"height":550,"url":"https:\/\/ajishop.ma\/wp-content\/uploads\/2024\/11\/shikakai.jpg","type":"image\/jpeg"}],"twitter_card":"summary_large_image","twitter_misc":{"\u0648\u0642\u062a \u0627\u0644\u0642\u0631\u0627\u0621\u0629 \u0627\u0644\u0645\u064f\u0642\u062f\u0651\u0631":"4 \u062f\u0642\u0627\u0626\u0642"},"schema":{"@context":"https:\/\/schema.org","@graph":[{"@type":"WebPage","@id":"https:\/\/ajishop.ma\/shop\/herbes-et-apothicaire\/herbes\/shikakai\/","url":"https:\/\/ajishop.ma\/shop\/herbes-et-apothicaire\/herbes\/shikakai\/","name":"Shikakai \/ \u0639\u0634\u0628\u0629 \u0627\u0644\u0634\u064a\u0643\u0627\u0643\u0627\u064a - AjiShop.ma","isPartOf":{"@id":"https:\/\/ajishop.ma\/#website"},"primaryImageOfPage":{"@id":"https:\/\/ajishop.ma\/shop\/herbes-et-apothicaire\/herbes\/shikakai\/#primaryimage"},"image":{"@id":"https:\/\/ajishop.ma\/shop\/herbes-et-apothicaire\/herbes\/shikakai\/#primaryimage"},"thumbnailUrl":"https:\/\/ajishop.ma\/wp-content\/uploads\/2024\/11\/shikakai.jpg","datePublished":"2024-11-07T21:20:27+00:00","dateModified":"2026-03-27T00:17:16+00:00","breadcrumb":{"@id":"https:\/\/ajishop.ma\/shop\/herbes-et-apothicaire\/herbes\/shikakai\/#breadcrumb"},"inLanguage":"ar","potentialAction":[{"@type":"ReadAction","target":["https:\/\/ajishop.ma\/shop\/herbes-et-apothicaire\/herbes\/shikakai\/"]}]},{"@type":"ImageObject","inLanguage":"ar","@id":"https:\/\/ajishop.ma\/shop\/herbes-et-apothicaire\/herbes\/shikakai\/#primaryimage","url":"https:\/\/ajishop.ma\/wp-content\/uploads\/2024\/11\/shikakai.jpg","contentUrl":"https:\/\/ajishop.ma\/wp-content\/uploads\/2024\/11\/shikakai.jpg","width":550,"height":550},{"@type":"BreadcrumbList","@id":"https:\/\/ajishop.ma\/shop\/herbes-et-apothicaire\/herbes\/shikakai\/#breadcrumb","itemListElement":[{"@type":"ListItem","position":1,"name":"Accueil","item":"https:\/\/ajishop.ma\/"},{"@type":"ListItem","position":2,"name":"Magasin","item":"https:\/\/ajishop.ma\/shop\/"},{"@type":"ListItem","position":3,"name":"Shikakai \/ \u0639\u0634\u0628\u0629 \u0627\u0644\u0634\u064a\u0643\u0627\u0643\u0627\u064a"}]},{"@type":"WebSite","@id":"https:\/\/ajishop.ma\/#website","url":"https:\/\/ajishop.ma\/","name":"AjiShop.ma","description":"Produits 100% naturels, Pour votre bien \u00eatre...","publisher":{"@id":"https:\/\/ajishop.ma\/#organization"},"potentialAction":[{"@type":"SearchAction","target":{"@type":"EntryPoint","urlTemplate":"https:\/\/ajishop.ma\/?s={search_term_string}"},"query-input":{"@type":"PropertyValueSpecification","valueRequired":true,"valueName":"search_term_string"}}],"inLanguage":"ar"},{"@type":"Organization","@id":"https:\/\/ajishop.ma\/#organization","name":"AjiShop.ma","url":"https:\/\/ajishop.ma\/","logo":{"@type":"ImageObject","inLanguage":"ar","@id":"https:\/\/ajishop.ma\/#\/schema\/logo\/image\/","url":"https:\/\/ajishop.ma\/wp-content\/uploads\/2024\/09\/AjiShop.ma-Horizontal-Logo-Green.png","contentUrl":"https:\/\/ajishop.ma\/wp-content\/uploads\/2024\/09\/AjiShop.ma-Horizontal-Logo-Green.png","width":1917,"height":276,"caption":"AjiShop.ma"},"image":{"@id":"https:\/\/ajishop.ma\/#\/schema\/logo\/image\/"}}]}},"_links":{"self":[{"href":"https:\/\/ajishop.ma\/ar\/wp-json\/wp\/v2\/product\/16735"}],"collection":[{"href":"https:\/\/ajishop.ma\/ar\/wp-json\/wp\/v2\/product"}],"about":[{"href":"https:\/\/ajishop.ma\/ar\/wp-json\/wp\/v2\/types\/product"}],"replies":[{"embeddable":true,"href":"https:\/\/ajishop.ma\/ar\/wp-json\/wp\/v2\/comments?post=16735"}],"version-history":[{"count":12,"href":"https:\/\/ajishop.ma\/ar\/wp-json\/wp\/v2\/product\/16735\/revisions"}],"predecessor-version":[{"id":19238,"href":"https:\/\/ajishop.ma\/ar\/wp-json\/wp\/v2\/product\/16735\/revisions\/19238"}],"wp:featuredmedia":[{"embeddable":true,"href":"https:\/\/ajishop.ma\/ar\/wp-json\/wp\/v2\/media\/16736"}],"wp:attachment":[{"href":"https:\/\/ajishop.ma\/ar\/wp-json\/wp\/v2\/media?parent=16735"}],"wp:term":[{"taxonomy":"product_cat","embeddable":true,"href":"https:\/\/ajishop.ma\/ar\/wp-json\/wp\/v2\/product_cat?post=16735"},{"taxonomy":"product_tag","embeddable":true,"href":"https:\/\/ajishop.ma\/ar\/wp-json\/wp\/v2\/product_tag?post=16735"}],"curies":[{"name":"wp","href":"https:\/\/api.w.org\/{rel}","templated":true}]}}