{"id":16757,"date":"2024-11-07T23:05:55","date_gmt":"2024-11-07T22:05:55","guid":{"rendered":"https:\/\/ajishop.ma\/?post_type=product&#038;p=16757"},"modified":"2026-03-27T01:20:05","modified_gmt":"2026-03-27T00:20:05","slug":"mahlab-mahlep-mahlepi","status":"publish","type":"product","link":"https:\/\/ajishop.ma\/ar\/shop\/herbes-et-apothicaire\/herbes\/mahlab-mahlep-mahlepi\/","title":{"rendered":"Mahlab Mahlep Mahlepi \/ \u0639\u0634\u0628\u0629 \u0627\u0644\u0645\u062d\u0644\u0628"},"content":{"rendered":"<div data-elementor-type=\"wp-post\" data-elementor-id=\"16757\" class=\"elementor elementor-16757\">\n\t\t\t\t<div class=\"wd-negative-gap elementor-element elementor-element-17532431 lang-fr e-flex e-con-boxed e-con e-parent\" data-id=\"17532431\" data-element_type=\"container\">\n\t\t\t\t\t<div class=\"e-con-inner\">\n\t\t\t\t<div class=\"elementor-element elementor-element-7e6c84e8 color-scheme-inherit text-left elementor-widget elementor-widget-text-editor\" data-id=\"7e6c84e8\" data-element_type=\"widget\" data-widget_type=\"text-editor.default\">\n\t\t\t\t<div class=\"elementor-widget-container\">\n\t\t\t\t\t\t\tLe mahlab est une \u00e9pice aromatique tir\u00e9e du noyau de la cerise noire du bois de Sainte-Lucie.\r\n\r\nUtilis\u00e9 comme aromatisant pour les beignets, les g\u00e2teaux, les brioches, les p\u00e2tisseries,\r\n\r\nLe\u00a0<strong>mahaleb<\/strong>\u00a0est exactement une amande miniature avec un go\u00fbt d&#8217;amande am\u00e8re et de cerise.\t\t\t\t\t\t<\/div>\n\t\t\t\t<\/div>\n\t\t\t\t\t<\/div>\n\t\t\t\t<\/div>\n\t\t<div class=\"wd-negative-gap elementor-element elementor-element-86e4cf0 e-flex e-con-boxed e-con e-parent\" data-id=\"86e4cf0\" data-element_type=\"container\">\n\t\t\t\t\t<div class=\"e-con-inner\">\n\t\t\t\t<div class=\"elementor-element elementor-element-bf00f63 lang-ar color-scheme-inherit text-left elementor-widget elementor-widget-text-editor\" data-id=\"bf00f63\" data-element_type=\"widget\" data-widget_type=\"text-editor.default\">\n\t\t\t\t<div class=\"elementor-widget-container\">\n\t\t\t\t\t\t\t<p style=\"text-align: right\">\u0641\u0648\u0627\u0626\u062f \u0627\u0644\u0645\u062d\u0644\u0628 \u0647\u0646\u0627\u0643 \u0627\u0644\u0639\u062f\u064a\u062f \u0645\u0646 \u0627\u0644\u0641\u0648\u0627\u0626\u062f \u0627\u0644\u0645\u062e\u062a\u0644\u0641\u0629 \u0644\u0644\u0645\u062d\u0644\u0628\u060c \u0648\u0645\u0646\u0647\u0627 \u0645\u0627 \u064a\u0644\u064a<\/p><p style=\"text-align: right\">:[\u0663] \u0627\u0633\u062a\u064f\u0639\u0645\u0644 \u0627\u0644\u0645\u062d\u0644\u0628 \u0641\u064a \u0627\u0644\u0637\u0628 \u0627\u0644\u0634\u0639\u0628\u064a \u0643\u0645\u0642\u0648\u064a \u0644\u0644\u0623\u0645\u0631\u0627\u0636 \u0627\u0644\u062d\u0633\u064a\u0629 \u0648\u0627\u0644\u0642\u0644\u0628\u064a\u0629\u060c \u0643\u0645\u0627 \u0627\u0633\u062a\u064f\u062e\u062f\u0645 \u0623\u064a\u0636\u0627\u064b \u0641\u064a \u0639\u0644\u0627\u062c \u0627\u0644\u0631\u0628\u0648\u060c \u0648\u062a\u062e\u0641\u064a\u0641 \u0622\u0644\u0627\u0645 \u0627\u0644\u0643\u0628\u062f \u0648\u0627\u0644\u0643\u0644\u0649 \u0648\u0627\u0636\u0637\u0631\u0627\u0628\u0627\u062a \u0627\u0644\u0645\u0639\u062f\u064a\u0629 \u0627\u0644\u0645\u0639\u0648\u064a\u0629. \u062a\u064f\u0639\u062f \u0627\u0644\u0645\u062d\u0644\u0628 \u0645\u0641\u062d\u0641\u0632\u0627\u064b \u0644\u062a\u0639\u0632\u064a\u0632 \u0648\u0638\u064a\u0641\u0629 \u0627\u0644\u062c\u0647\u0627\u0632 \u0627\u0644\u062a\u0646\u0641\u0633\u064a\u060c \u0643\u0645\u0627 \u064a\u062f\u0639\u0645 \u0639\u0645\u0644\u064a\u0629 \u0627\u0644\u0647\u0636\u0645 \u0639\u0646\u062f\u0645\u0627 \u064a\u062a\u0645 \u062a\u0646\u0627\u0648\u0644\u0647 \u0628\u0643\u0645\u064a\u0627\u062a\u064d \u0642\u0644\u064a\u0644\u0629\u060c \u0628\u0627\u0644\u0625\u0636\u0627\u0641\u0629 \u0625\u0644\u0649 \u0630\u0644\u0643 \u0641\u0647\u0648 \u064a\u0639\u062a\u0628\u0631 \u0645\u0636\u0627\u062f\u0627\u064b \u0644\u0644\u0627\u0644\u062a\u0647\u0627\u0628 \u0623\u064a\u0636\u0627\u064b.[\u0662<\/p><p style=\"text-align: right\">] \u064a\u0642\u064a \u0645\u0646 \u0627\u0644\u0625\u0635\u0627\u0628\u0629 \u0628\u0627\u0644\u0623\u0645\u0631\u0627\u0636 \u0627\u0644\u062a\u064a \u062a\u0646\u062a\u0634\u0631 \u0641\u064a \u0641\u0635\u0644 \u0627\u0644\u0634\u062a\u0627\u0621.[\u0662<\/p><p style=\"text-align: right\">] \u064a\u064f\u0633\u062a\u0639\u0645\u0644 \u0643\u062c\u0630\u0648\u0631\u064d \u0645\u0633\u0627\u0639\u062f\u0629 \u0639\u0644\u0649 \u0632\u0631\u0627\u0639\u0629 \u0627\u0644\u0643\u0631\u0632 \u0627\u0644\u062d\u0644\u0648 \u0648\u0627\u0644\u062d\u0627\u0645\u0636<\/p>\t\t\t\t\t\t<\/div>\n\t\t\t\t<\/div>\n\t\t\t\t\t<\/div>\n\t\t\t\t<\/div>\n\t\t\t\t<\/div>","protected":false},"excerpt":{"rendered":"<p>Le mahlab est une \u00e9pice aromatique tir\u00e9e du noyau de la cerise noire du bois de Sainte-Lucie. Utilis\u00e9 comme aromatisant<\/p>","protected":false},"featured_media":16763,"comment_status":"open","ping_status":"closed","template":"","meta":[],"product_cat":[32,75],"product_tag":[],"yoast_head":"<!-- This site is optimized with the Yoast SEO plugin v23.4 - https:\/\/yoast.com\/wordpress\/plugins\/seo\/ -->\n<title>Mahlab Mahlep Mahlepi \/ \u0639\u0634\u0628\u0629 \u0627\u0644\u0645\u062d\u0644\u0628 - AjiShop.ma<\/title>\n<meta name=\"robots\" content=\"index, follow, max-snippet:-1, max-image-preview:large, max-video-preview:-1\" \/>\n<link rel=\"canonical\" href=\"https:\/\/ajishop.ma\/ar\/shop\/herbes-et-apothicaire\/herbes\/mahlab-mahlep-mahlepi\/\" \/>\n<meta property=\"og:locale\" content=\"ar_AR\" \/>\n<meta property=\"og:type\" content=\"article\" \/>\n<meta property=\"og:title\" content=\"Mahlab Mahlep Mahlepi \/ \u0639\u0634\u0628\u0629 \u0627\u0644\u0645\u062d\u0644\u0628 - AjiShop.ma\" \/>\n<meta property=\"og:description\" content=\"Le mahlab est une \u00e9pice aromatique tir\u00e9e du noyau de la cerise noire du bois de Sainte-Lucie. Utilis\u00e9 comme aromatisant\" \/>\n<meta property=\"og:url\" content=\"https:\/\/ajishop.ma\/ar\/shop\/herbes-et-apothicaire\/herbes\/mahlab-mahlep-mahlepi\/\" \/>\n<meta property=\"og:site_name\" content=\"AjiShop.ma\" \/>\n<meta property=\"article:modified_time\" content=\"2026-03-27T00:20:05+00:00\" \/>\n<meta property=\"og:image\" content=\"https:\/\/ajishop.ma\/wp-content\/uploads\/2024\/11\/1639891427-Mahaleb-1100x1100w.jpg\" \/>\n\t<meta property=\"og:image:width\" content=\"1100\" \/>\n\t<meta property=\"og:image:height\" content=\"1100\" \/>\n\t<meta property=\"og:image:type\" content=\"image\/jpeg\" \/>\n<meta name=\"twitter:card\" content=\"summary_large_image\" \/>\n<meta name=\"twitter:label1\" content=\"\u0648\u0642\u062a \u0627\u0644\u0642\u0631\u0627\u0621\u0629 \u0627\u0644\u0645\u064f\u0642\u062f\u0651\u0631\" \/>\n\t<meta name=\"twitter:data1\" content=\"\u062f\u0642\u064a\u0642\u0629 \u0648\u0627\u062d\u062f\u0629\" \/>\n<script type=\"application\/ld+json\" class=\"yoast-schema-graph\">{\"@context\":\"https:\/\/schema.org\",\"@graph\":[{\"@type\":\"WebPage\",\"@id\":\"https:\/\/ajishop.ma\/shop\/herbes-et-apothicaire\/herbes\/mahlab-mahlep-mahlepi\/\",\"url\":\"https:\/\/ajishop.ma\/shop\/herbes-et-apothicaire\/herbes\/mahlab-mahlep-mahlepi\/\",\"name\":\"Mahlab Mahlep Mahlepi \/ \u0639\u0634\u0628\u0629 \u0627\u0644\u0645\u062d\u0644\u0628 - AjiShop.ma\",\"isPartOf\":{\"@id\":\"https:\/\/ajishop.ma\/#website\"},\"primaryImageOfPage\":{\"@id\":\"https:\/\/ajishop.ma\/shop\/herbes-et-apothicaire\/herbes\/mahlab-mahlep-mahlepi\/#primaryimage\"},\"image\":{\"@id\":\"https:\/\/ajishop.ma\/shop\/herbes-et-apothicaire\/herbes\/mahlab-mahlep-mahlepi\/#primaryimage\"},\"thumbnailUrl\":\"https:\/\/ajishop.ma\/wp-content\/uploads\/2024\/11\/1639891427-Mahaleb-1100x1100w.jpg\",\"datePublished\":\"2024-11-07T22:05:55+00:00\",\"dateModified\":\"2026-03-27T00:20:05+00:00\",\"breadcrumb\":{\"@id\":\"https:\/\/ajishop.ma\/shop\/herbes-et-apothicaire\/herbes\/mahlab-mahlep-mahlepi\/#breadcrumb\"},\"inLanguage\":\"ar\",\"potentialAction\":[{\"@type\":\"ReadAction\",\"target\":[\"https:\/\/ajishop.ma\/shop\/herbes-et-apothicaire\/herbes\/mahlab-mahlep-mahlepi\/\"]}]},{\"@type\":\"ImageObject\",\"inLanguage\":\"ar\",\"@id\":\"https:\/\/ajishop.ma\/shop\/herbes-et-apothicaire\/herbes\/mahlab-mahlep-mahlepi\/#primaryimage\",\"url\":\"https:\/\/ajishop.ma\/wp-content\/uploads\/2024\/11\/1639891427-Mahaleb-1100x1100w.jpg\",\"contentUrl\":\"https:\/\/ajishop.ma\/wp-content\/uploads\/2024\/11\/1639891427-Mahaleb-1100x1100w.jpg\",\"width\":1100,\"height\":1100},{\"@type\":\"BreadcrumbList\",\"@id\":\"https:\/\/ajishop.ma\/shop\/herbes-et-apothicaire\/herbes\/mahlab-mahlep-mahlepi\/#breadcrumb\",\"itemListElement\":[{\"@type\":\"ListItem\",\"position\":1,\"name\":\"Accueil\",\"item\":\"https:\/\/ajishop.ma\/\"},{\"@type\":\"ListItem\",\"position\":2,\"name\":\"Magasin\",\"item\":\"https:\/\/ajishop.ma\/shop\/\"},{\"@type\":\"ListItem\",\"position\":3,\"name\":\"Mahlab Mahlep Mahlepi \/ \u0639\u0634\u0628\u0629 \u0627\u0644\u0645\u062d\u0644\u0628\"}]},{\"@type\":\"WebSite\",\"@id\":\"https:\/\/ajishop.ma\/#website\",\"url\":\"https:\/\/ajishop.ma\/\",\"name\":\"AjiShop.ma\",\"description\":\"Produits 100% naturels, Pour votre bien \u00eatre...\",\"publisher\":{\"@id\":\"https:\/\/ajishop.ma\/#organization\"},\"potentialAction\":[{\"@type\":\"SearchAction\",\"target\":{\"@type\":\"EntryPoint\",\"urlTemplate\":\"https:\/\/ajishop.ma\/?s={search_term_string}\"},\"query-input\":{\"@type\":\"PropertyValueSpecification\",\"valueRequired\":true,\"valueName\":\"search_term_string\"}}],\"inLanguage\":\"ar\"},{\"@type\":\"Organization\",\"@id\":\"https:\/\/ajishop.ma\/#organization\",\"name\":\"AjiShop.ma\",\"url\":\"https:\/\/ajishop.ma\/\",\"logo\":{\"@type\":\"ImageObject\",\"inLanguage\":\"ar\",\"@id\":\"https:\/\/ajishop.ma\/#\/schema\/logo\/image\/\",\"url\":\"https:\/\/ajishop.ma\/wp-content\/uploads\/2024\/09\/AjiShop.ma-Horizontal-Logo-Green.png\",\"contentUrl\":\"https:\/\/ajishop.ma\/wp-content\/uploads\/2024\/09\/AjiShop.ma-Horizontal-Logo-Green.png\",\"width\":1917,\"height\":276,\"caption\":\"AjiShop.ma\"},\"image\":{\"@id\":\"https:\/\/ajishop.ma\/#\/schema\/logo\/image\/\"}}]}<\/script>\n<!-- \/ Yoast SEO plugin. -->","yoast_head_json":{"title":"Mahlab Mahlep Mahlepi \/ \u0639\u0634\u0628\u0629 \u0627\u0644\u0645\u062d\u0644\u0628 - AjiShop.ma","robots":{"index":"index","follow":"follow","max-snippet":"max-snippet:-1","max-image-preview":"max-image-preview:large","max-video-preview":"max-video-preview:-1"},"canonical":"https:\/\/ajishop.ma\/ar\/shop\/herbes-et-apothicaire\/herbes\/mahlab-mahlep-mahlepi\/","og_locale":"ar_AR","og_type":"article","og_title":"Mahlab Mahlep Mahlepi \/ \u0639\u0634\u0628\u0629 \u0627\u0644\u0645\u062d\u0644\u0628 - AjiShop.ma","og_description":"Le mahlab est une \u00e9pice aromatique tir\u00e9e du noyau de la cerise noire du bois de Sainte-Lucie. Utilis\u00e9 comme aromatisant","og_url":"https:\/\/ajishop.ma\/ar\/shop\/herbes-et-apothicaire\/herbes\/mahlab-mahlep-mahlepi\/","og_site_name":"AjiShop.ma","article_modified_time":"2026-03-27T00:20:05+00:00","og_image":[{"width":1100,"height":1100,"url":"https:\/\/ajishop.ma\/wp-content\/uploads\/2024\/11\/1639891427-Mahaleb-1100x1100w.jpg","type":"image\/jpeg"}],"twitter_card":"summary_large_image","twitter_misc":{"\u0648\u0642\u062a \u0627\u0644\u0642\u0631\u0627\u0621\u0629 \u0627\u0644\u0645\u064f\u0642\u062f\u0651\u0631":"\u062f\u0642\u064a\u0642\u0629 \u0648\u0627\u062d\u062f\u0629"},"schema":{"@context":"https:\/\/schema.org","@graph":[{"@type":"WebPage","@id":"https:\/\/ajishop.ma\/shop\/herbes-et-apothicaire\/herbes\/mahlab-mahlep-mahlepi\/","url":"https:\/\/ajishop.ma\/shop\/herbes-et-apothicaire\/herbes\/mahlab-mahlep-mahlepi\/","name":"Mahlab Mahlep Mahlepi \/ \u0639\u0634\u0628\u0629 \u0627\u0644\u0645\u062d\u0644\u0628 - AjiShop.ma","isPartOf":{"@id":"https:\/\/ajishop.ma\/#website"},"primaryImageOfPage":{"@id":"https:\/\/ajishop.ma\/shop\/herbes-et-apothicaire\/herbes\/mahlab-mahlep-mahlepi\/#primaryimage"},"image":{"@id":"https:\/\/ajishop.ma\/shop\/herbes-et-apothicaire\/herbes\/mahlab-mahlep-mahlepi\/#primaryimage"},"thumbnailUrl":"https:\/\/ajishop.ma\/wp-content\/uploads\/2024\/11\/1639891427-Mahaleb-1100x1100w.jpg","datePublished":"2024-11-07T22:05:55+00:00","dateModified":"2026-03-27T00:20:05+00:00","breadcrumb":{"@id":"https:\/\/ajishop.ma\/shop\/herbes-et-apothicaire\/herbes\/mahlab-mahlep-mahlepi\/#breadcrumb"},"inLanguage":"ar","potentialAction":[{"@type":"ReadAction","target":["https:\/\/ajishop.ma\/shop\/herbes-et-apothicaire\/herbes\/mahlab-mahlep-mahlepi\/"]}]},{"@type":"ImageObject","inLanguage":"ar","@id":"https:\/\/ajishop.ma\/shop\/herbes-et-apothicaire\/herbes\/mahlab-mahlep-mahlepi\/#primaryimage","url":"https:\/\/ajishop.ma\/wp-content\/uploads\/2024\/11\/1639891427-Mahaleb-1100x1100w.jpg","contentUrl":"https:\/\/ajishop.ma\/wp-content\/uploads\/2024\/11\/1639891427-Mahaleb-1100x1100w.jpg","width":1100,"height":1100},{"@type":"BreadcrumbList","@id":"https:\/\/ajishop.ma\/shop\/herbes-et-apothicaire\/herbes\/mahlab-mahlep-mahlepi\/#breadcrumb","itemListElement":[{"@type":"ListItem","position":1,"name":"Accueil","item":"https:\/\/ajishop.ma\/"},{"@type":"ListItem","position":2,"name":"Magasin","item":"https:\/\/ajishop.ma\/shop\/"},{"@type":"ListItem","position":3,"name":"Mahlab Mahlep Mahlepi \/ \u0639\u0634\u0628\u0629 \u0627\u0644\u0645\u062d\u0644\u0628"}]},{"@type":"WebSite","@id":"https:\/\/ajishop.ma\/#website","url":"https:\/\/ajishop.ma\/","name":"AjiShop.ma","description":"Produits 100% naturels, Pour votre bien \u00eatre...","publisher":{"@id":"https:\/\/ajishop.ma\/#organization"},"potentialAction":[{"@type":"SearchAction","target":{"@type":"EntryPoint","urlTemplate":"https:\/\/ajishop.ma\/?s={search_term_string}"},"query-input":{"@type":"PropertyValueSpecification","valueRequired":true,"valueName":"search_term_string"}}],"inLanguage":"ar"},{"@type":"Organization","@id":"https:\/\/ajishop.ma\/#organization","name":"AjiShop.ma","url":"https:\/\/ajishop.ma\/","logo":{"@type":"ImageObject","inLanguage":"ar","@id":"https:\/\/ajishop.ma\/#\/schema\/logo\/image\/","url":"https:\/\/ajishop.ma\/wp-content\/uploads\/2024\/09\/AjiShop.ma-Horizontal-Logo-Green.png","contentUrl":"https:\/\/ajishop.ma\/wp-content\/uploads\/2024\/09\/AjiShop.ma-Horizontal-Logo-Green.png","width":1917,"height":276,"caption":"AjiShop.ma"},"image":{"@id":"https:\/\/ajishop.ma\/#\/schema\/logo\/image\/"}}]}},"_links":{"self":[{"href":"https:\/\/ajishop.ma\/ar\/wp-json\/wp\/v2\/product\/16757"}],"collection":[{"href":"https:\/\/ajishop.ma\/ar\/wp-json\/wp\/v2\/product"}],"about":[{"href":"https:\/\/ajishop.ma\/ar\/wp-json\/wp\/v2\/types\/product"}],"replies":[{"embeddable":true,"href":"https:\/\/ajishop.ma\/ar\/wp-json\/wp\/v2\/comments?post=16757"}],"version-history":[{"count":5,"href":"https:\/\/ajishop.ma\/ar\/wp-json\/wp\/v2\/product\/16757\/revisions"}],"predecessor-version":[{"id":16768,"href":"https:\/\/ajishop.ma\/ar\/wp-json\/wp\/v2\/product\/16757\/revisions\/16768"}],"wp:featuredmedia":[{"embeddable":true,"href":"https:\/\/ajishop.ma\/ar\/wp-json\/wp\/v2\/media\/16763"}],"wp:attachment":[{"href":"https:\/\/ajishop.ma\/ar\/wp-json\/wp\/v2\/media?parent=16757"}],"wp:term":[{"taxonomy":"product_cat","embeddable":true,"href":"https:\/\/ajishop.ma\/ar\/wp-json\/wp\/v2\/product_cat?post=16757"},{"taxonomy":"product_tag","embeddable":true,"href":"https:\/\/ajishop.ma\/ar\/wp-json\/wp\/v2\/product_tag?post=16757"}],"curies":[{"name":"wp","href":"https:\/\/api.w.org\/{rel}","templated":true}]}}