{"id":16800,"date":"2024-11-08T00:16:31","date_gmt":"2024-11-07T23:16:31","guid":{"rendered":"https:\/\/ajishop.ma\/?post_type=product&#038;p=16800"},"modified":"2024-11-08T00:27:39","modified_gmt":"2024-11-07T23:27:39","slug":"karkade","status":"publish","type":"product","link":"https:\/\/ajishop.ma\/ar\/shop\/herbes-et-apothicaire\/herbes\/karkade\/","title":{"rendered":"karkad\u00e9 \/  \u0643\u0631\u0643\u062f\u064a\u0647"},"content":{"rendered":"<div data-elementor-type=\"wp-post\" data-elementor-id=\"16800\" class=\"elementor elementor-16800\">\n\t\t\t\t<div class=\"wd-negative-gap elementor-element elementor-element-6a436b1e lang-fr e-flex e-con-boxed e-con e-parent\" data-id=\"6a436b1e\" data-element_type=\"container\">\n\t\t\t\t\t<div class=\"e-con-inner\">\n\t\t\t\t<div class=\"elementor-element elementor-element-6aec7b01 color-scheme-inherit text-left elementor-widget elementor-widget-text-editor\" data-id=\"6aec7b01\" data-element_type=\"widget\" data-widget_type=\"text-editor.default\">\n\t\t\t\t<div class=\"elementor-widget-container\">\n\t\t\t\t\t\t\t<strong>Hibiscus en Fleurs S\u00e9ch\u00e9es : La Tendresse Florale dans Votre Tasse<\/strong>\r\n\r\nD\u00e9couvrez la beaut\u00e9 et la saveur enchanteresse de l&#8217;Hibiscus en Fleurs S\u00e9ch\u00e9es, une infusion naturelle qui \u00e9veille les sens et offre une exp\u00e9rience gustative unique. Les fleurs s\u00e9ch\u00e9es d&#8217;hibiscus sont appr\u00e9ci\u00e9es pour leur couleur vive, leur ar\u00f4me d\u00e9licat et leurs bienfaits pour la sant\u00e9. Plongez dans une tasse de cette infusion florale et d\u00e9couvrez un monde de saveurs et de bien-\u00eatre.\r\n\r\n<strong>Vibrantes Couleurs :<\/strong>\u00a0Les Fleurs S\u00e9ch\u00e9es d&#8217;Hibiscus apportent une couleur vibrante \u00e0 votre infusion, cr\u00e9ant une esth\u00e9tique visuelle attrayante.\r\n\r\n<strong>Saveurs D\u00e9licates :<\/strong>\r\n<ul>\r\n \t<li><strong>Note Acidul\u00e9e :<\/strong>\u00a0L&#8217;infusion d&#8217;hibiscus offre une saveur l\u00e9g\u00e8rement acidul\u00e9e et fruit\u00e9e qui rafra\u00eechit les papilles.<\/li>\r\n \t<li><strong>Tendresse Florale :<\/strong>\u00a0L&#8217;ar\u00f4me doux et floral des fleurs s\u00e9ch\u00e9es d&#8217;hibiscus cr\u00e9e une exp\u00e9rience apaisante.<\/li>\r\n<\/ul>\r\n<strong>Avantages pour la Sant\u00e9 :<\/strong>\r\n<ul>\r\n \t<li><strong>Riche en Antioxydants :<\/strong>\u00a0L&#8217;hibiscus est riche en antioxydants, qui peuvent aider \u00e0 prot\u00e9ger les cellules contre les dommages oxydatifs.<\/li>\r\n \t<li><strong>Soutien Digestif :<\/strong>\u00a0Certaines propri\u00e9t\u00e9s de l&#8217;hibiscus peuvent favoriser une digestion saine.<\/li>\r\n<\/ul>\r\n<strong>Utilisation Apaisante :<\/strong>\u00a0Pr\u00e9parez une infusion en versant de l&#8217;eau chaude sur les Fleurs S\u00e9ch\u00e9es d&#8217;Hibiscus et laissez infuser. Vous pouvez \u00e9galement ajouter un soup\u00e7on de miel ou une tranche de citron pour une touche d&#8217;ar\u00f4me suppl\u00e9mentaire.\r\n\r\n<strong>Engagement de Fra\u00eecheur :<\/strong>\u00a0Les Fleurs S\u00e9ch\u00e9es d&#8217;Hibiscus sont cueillies et s\u00e9ch\u00e9es avec soin pour pr\u00e9server leur qualit\u00e9 et leur fra\u00eecheur. Elles sont emball\u00e9es pour garantir une exp\u00e9rience gustative optimale.\r\n\r\nExplorez la magie florale de l&#8217;Hibiscus en Fleurs S\u00e9ch\u00e9es et laissez-vous emporter par ses couleurs et ses ar\u00f4mes uniques. D\u00e9couvrez comment cette infusion peut \u00e9gayer vos moments de d\u00e9tente tout en vous offrant des bienfaits pour la sant\u00e9. Plongez dans une tasse de tendresse florale et savourez chaque gorg\u00e9e de cette exp\u00e9rience apaisante.\t\t\t\t\t\t<\/div>\n\t\t\t\t<\/div>\n\t\t\t\t\t<\/div>\n\t\t\t\t<\/div>\n\t\t<div class=\"wd-negative-gap elementor-element elementor-element-ad5e125 lang-ar e-flex e-con-boxed e-con e-parent\" data-id=\"ad5e125\" data-element_type=\"container\">\n\t\t\t\t\t<div class=\"e-con-inner\">\n\t\t\t\t<div class=\"elementor-element elementor-element-26644fd lang-ar color-scheme-inherit text-left elementor-widget elementor-widget-text-editor\" data-id=\"26644fd\" data-element_type=\"widget\" data-widget_type=\"text-editor.default\">\n\t\t\t\t<div class=\"elementor-widget-container\">\n\t\t\t\t\t\t\t<p style=\"text-align: center\"><span>\u0627\u0643\u062a\u0634\u0641 \u0627\u0644\u062c\u0645\u0627\u0644 \u0648\u0627\u0644\u0646\u0643\u0647\u0629 \u0627\u0644\u0633\u0627\u062d\u0631\u0629 \u0644\u0632\u0647\u0648\u0631 \u0627\u0644\u0643\u0631\u0643\u062f\u064a\u0647 \u0627\u0644\u0645\u062c\u0641\u0641\u0629\u060c \u0648\u0647\u064a \u0645\u0646\u0642\u0648\u0639 \u0637\u0628\u064a\u0639\u064a \u064a\u0648\u0642\u0638 \u0627\u0644\u062d\u0648\u0627\u0633 \u0648\u064a\u0642\u062f\u0645 \u062a\u062c\u0631\u0628\u0629 \u062a\u0630\u0648\u0642 \u0641\u0631\u064a\u062f\u0629 \u0645\u0646 \u0646\u0648\u0639\u0647\u0627. \u062a\u064f\u0642\u062f\u0631 \u0632\u0647\u0648\u0631 \u0627\u0644\u0643\u0631\u0643\u062f\u064a\u0647 \u0627\u0644\u0645\u062c\u0641\u0641\u0629 \u0628\u0623\u0644\u0648\u0627\u0646\u0647\u0627 \u0627\u0644\u0632\u0627\u0647\u064a\u0629 \u0648\u0631\u0627\u0626\u062d\u062a\u0647\u0627 \u0627\u0644\u0631\u0642\u064a\u0642\u0629 \u0648\u0641\u0648\u0627\u0626\u062f\u0647\u0627 \u0627\u0644\u0635\u062d\u064a\u0629. \u0627\u0646\u063a\u0645\u0633 \u0641\u064a \u0643\u0648\u0628 \u0645\u0646 \u0647\u0630\u0627 \u0627\u0644\u0645\u0646\u0642\u0648\u0639 \u0627\u0644\u0632\u0647\u0631\u064a \u0648\u0627\u0643\u062a\u0634\u0641 \u0639\u0627\u0644\u0645\u064b\u0627 \u0645\u0646 \u0627\u0644\u0646\u0643\u0647\u0627\u062a \u0648\u0627\u0644\u0631\u0641\u0627\u0647\u064a\u0629.<\/span><\/p><p style=\"text-align: center\"><strong><span>\u0623\u0644\u0648\u0627\u0646 \u0646\u0627\u0628\u0636\u0629 \u0628\u0627\u0644\u062d\u064a\u0627\u0629:<\/span><\/strong><span>\u00a0\u0632\u0647\u0648\u0631 \u0627\u0644\u0643\u0631\u0643\u062f\u064a\u0647 \u0627\u0644\u0645\u062c\u0641\u0641\u0629 \u062a\u0636\u0641\u064a \u0644\u0648\u0646\u064b\u0627 \u0646\u0627\u0628\u0636\u064b\u0627 \u0628\u0627\u0644\u062d\u064a\u0627\u0629 \u0639\u0644\u0649 \u0645\u0646\u0642\u0648\u0639\u0643\u060c \u0645\u0645\u0627 \u064a\u062e\u0644\u0642 \u062c\u0645\u0627\u0644\u064a\u0629 \u0628\u0635\u0631\u064a\u0629 \u062c\u0630\u0627\u0628\u0629.<\/span><\/p><p style=\"text-align: center\"><strong><span>\u0627\u0644\u0646\u0643\u0647\u0627\u062a \u0627\u0644\u0644\u0630\u064a\u0630\u0629:<\/span><\/strong><\/p><ul style=\"text-align: center\"><li><p><strong><span>\u0645\u0644\u0627\u062d\u0638\u0629 \u0645\u0646\u0639\u0634\u0629:<\/span><\/strong><span>\u00a0\u064a\u0642\u062f\u0645 \u0645\u0646\u0642\u0648\u0639 \u0627\u0644\u0643\u0631\u0643\u062f\u064a\u0647 \u0646\u0643\u0647\u0629 \u0641\u0627\u0643\u0647\u064a\u0629 \u0645\u0646\u0639\u0634\u0629 \u0642\u0644\u064a\u0644\u0627\u064b \u062a\u0646\u0639\u0634 \u0628\u0631\u0627\u0639\u0645 \u0627\u0644\u062a\u0630\u0648\u0642.<\/span><\/p><\/li><li><p><strong><span>\u0631\u0642\u0629 \u0627\u0644\u0623\u0632\u0647\u0627\u0631:<\/span><\/strong><span>\u00a0\u062a\u062e\u0644\u0642 \u0627\u0644\u0631\u0627\u0626\u062d\u0629 \u0627\u0644\u0632\u0647\u0631\u064a\u0629 \u0627\u0644\u062d\u0644\u0648\u0629 \u0644\u0632\u0647\u0648\u0631 \u0627\u0644\u0643\u0631\u0643\u062f\u064a\u0647 \u0627\u0644\u0645\u062c\u0641\u0641\u0629 \u062a\u062c\u0631\u0628\u0629 \u0645\u0647\u062f\u0626\u0629.<\/span><\/p><\/li><\/ul><p style=\"text-align: center\"><strong><span>\u0627\u0644\u0641\u0648\u0627\u0626\u062f \u0627\u0644\u0635\u062d\u064a\u0629:<\/span><\/strong><\/p><ul style=\"text-align: center\"><li><p><strong><span>\u063a\u0646\u064a \u0628\u0645\u0636\u0627\u062f\u0627\u062a \u0627\u0644\u0623\u0643\u0633\u062f\u0629:<\/span><\/strong><span>\u00a0\u0627\u0644\u0643\u0631\u0643\u062f\u064a\u0647 \u063a\u0646\u064a \u0628\u0645\u0636\u0627\u062f\u0627\u062a \u0627\u0644\u0623\u0643\u0633\u062f\u0629\u060c \u0648\u0627\u0644\u062a\u064a \u064a\u0645\u0643\u0646 \u0623\u0646 \u062a\u0633\u0627\u0639\u062f \u0641\u064a \u062d\u0645\u0627\u064a\u0629 \u0627\u0644\u062e\u0644\u0627\u064a\u0627 \u0645\u0646 \u0627\u0644\u0623\u0643\u0633\u062f\u0629.<\/span><\/p><\/li><li><p><strong><span>\u062f\u0639\u0645 \u0627\u0644\u062c\u0647\u0627\u0632 \u0627\u0644\u0647\u0636\u0645\u064a:<\/span><\/strong><span>\u00a0\u0628\u0639\u0636 \u062e\u0635\u0627\u0626\u0635 \u0627\u0644\u0643\u0631\u0643\u062f\u064a\u0647 \u064a\u0645\u0643\u0646 \u0623\u0646 \u062a\u062f\u0639\u0645 \u0639\u0645\u0644\u064a\u0629 \u0627\u0644\u0647\u0636\u0645 \u0627\u0644\u0635\u062d\u064a.<\/span><\/p><\/li><\/ul><p style=\"text-align: center\"><strong><span>\u0627\u0644\u0627\u0633\u062a\u062e\u062f\u0627\u0645 \u0627\u0644\u0645\u0647\u062f\u0626:<\/span><\/strong><span>\u00a0\u0642\u0645 \u0628\u0625\u0639\u062f\u0627\u062f \u0645\u0646\u0642\u0648\u0639 \u0639\u0646 \u0637\u0631\u064a\u0642 \u0633\u0643\u0628 \u0627\u0644\u0645\u0627\u0621 \u0627\u0644\u0633\u0627\u062e\u0646 \u0639\u0644\u0649 \u0632\u0647\u0648\u0631 \u0627\u0644\u0643\u0631\u0643\u062f\u064a\u0647 \u0627\u0644\u0645\u062c\u0641\u0641\u0629 \u0648\u0627\u062a\u0631\u0643\u0647\u0627 \u0644\u062a\u0646\u0642\u0639. \u064a\u0645\u0643\u0646\u0643 \u0623\u064a\u0636\u064b\u0627 \u0625\u0636\u0627\u0641\u0629 \u0627\u0644\u0642\u0644\u064a\u0644 \u0645\u0646 \u0627\u0644\u0639\u0633\u0644 \u0623\u0648 \u0634\u0631\u064a\u062d\u0629 \u0645\u0646 \u0627\u0644\u0644\u064a\u0645\u0648\u0646 \u0644\u0644\u062d\u0635\u0648\u0644 \u0639\u0644\u0649 \u0644\u0645\u0633\u0629 \u0625\u0636\u0627\u0641\u064a\u0629 \u0645\u0646 \u0627\u0644\u0646\u0643\u0647\u0629.<\/span><\/p><p style=\"text-align: center\"><strong><span>\u0627\u0644\u0627\u0644\u062a\u0632\u0627\u0645 \u0628\u0627\u0644\u0646\u0636\u0627\u0631\u0629:<\/span><\/strong><span>\u00a0\u064a\u062a\u0645 \u0642\u0637\u0641 \u0632\u0647\u0648\u0631 \u0627\u0644\u0643\u0631\u0643\u062f\u064a\u0647 \u0627\u0644\u0645\u062c\u0641\u0641\u0629 \u0628\u0639\u0646\u0627\u064a\u0629 \u0648\u062a\u062c\u0641\u064a\u0641\u0647\u0627 \u0644\u0644\u062d\u0641\u0627\u0638 \u0639\u0644\u0649 \u062c\u0648\u062f\u062a\u0647\u0627 \u0648\u0646\u0636\u0627\u0631\u062a\u0647\u0627. \u064a\u062a\u0645 \u062a\u0639\u0628\u0626\u062a\u0647\u0627 \u0644\u0636\u0645\u0627\u0646 \u062a\u062c\u0631\u0628\u0629 \u0627\u0644\u0630\u0648\u0642 \u0627\u0644\u0623\u0645\u062b\u0644.<\/span><\/p><p style=\"text-align: center\"><span>\u0627\u0633\u062a\u0643\u0634\u0641 \u0633\u062d\u0631 \u0627\u0644\u0623\u0632\u0647\u0627\u0631 \u0644\u0632\u0647\u0648\u0631 \u0627\u0644\u0643\u0631\u0643\u062f\u064a\u0647 \u0627\u0644\u0645\u062c\u0641\u0641\u0629 \u0648\u0627\u062a\u0631\u0643 \u0646\u0641\u0633\u0643 \u062a\u0646\u0628\u0647\u0631 \u0628\u0623\u0644\u0648\u0627\u0646\u0647\u0627 \u0648\u0631\u0627\u0626\u062d\u062a\u0647\u0627 \u0627\u0644\u0641\u0631\u064a\u062f\u0629. \u0627\u0643\u062a\u0634\u0641 \u0643\u064a\u0641 \u064a\u0645\u0643\u0646 \u0644\u0647\u0630\u0627 \u0627\u0644\u0645\u0646\u0642\u0648\u0639 \u0623\u0646 \u064a\u0636\u064a\u0621 \u0644\u062d\u0638\u0627\u062a \u0627\u0644\u0627\u0633\u062a\u0631\u062e\u0627\u0621 \u0627\u0644\u062e\u0627\u0635\u0629 \u0628\u0643 \u0628\u064a\u0646\u0645\u0627 \u064a\u0648\u0641\u0631 \u0644\u0643 \u0641\u0648\u0627\u0626\u062f \u0635\u062d\u064a\u0629. \u0627\u0646\u063a\u0645\u0633 \u0641\u064a \u0643\u0648\u0628 \u0645\u0646 \u0631\u0642\u0629 \u0627\u0644\u0623\u0632\u0647\u0627\u0631 \u0648\u062a\u0630\u0648\u0642 \u0643\u0644 \u0631\u0634\u0641\u0629 \u0645\u0646 \u0647\u0630\u0647 \u0627\u0644\u062a\u062c\u0631\u0628\u0629 \u0627\u0644\u0645\u0647\u062f\u0626\u0629.<\/span><\/p>\t\t\t\t\t\t<\/div>\n\t\t\t\t<\/div>\n\t\t\t\t\t<\/div>\n\t\t\t\t<\/div>\n\t\t\t\t<\/div>","protected":false},"excerpt":{"rendered":"<p>Hibiscus en Fleurs S\u00e9ch\u00e9es : La Tendresse Florale dans Votre Tasse D\u00e9couvrez la beaut\u00e9 et la saveur enchanteresse de l&#8217;Hibiscus<\/p>","protected":false},"featured_media":16809,"comment_status":"open","ping_status":"closed","template":"","meta":[],"product_cat":[32,75],"product_tag":[],"yoast_head":"<!-- This site is optimized with the Yoast SEO plugin v23.4 - https:\/\/yoast.com\/wordpress\/plugins\/seo\/ -->\n<title>karkad\u00e9 \/ \u0643\u0631\u0643\u062f\u064a\u0647 - AjiShop.ma<\/title>\n<meta name=\"robots\" content=\"index, follow, max-snippet:-1, max-image-preview:large, max-video-preview:-1\" \/>\n<link rel=\"canonical\" href=\"https:\/\/ajishop.ma\/ar\/shop\/herbes-et-apothicaire\/herbes\/karkade\/\" \/>\n<meta property=\"og:locale\" content=\"ar_AR\" \/>\n<meta property=\"og:type\" content=\"article\" \/>\n<meta property=\"og:title\" content=\"karkad\u00e9 \/ \u0643\u0631\u0643\u062f\u064a\u0647 - AjiShop.ma\" \/>\n<meta property=\"og:description\" content=\"Hibiscus en Fleurs S\u00e9ch\u00e9es : La Tendresse Florale dans Votre Tasse D\u00e9couvrez la beaut\u00e9 et la saveur enchanteresse de l&#8217;Hibiscus\" \/>\n<meta property=\"og:url\" content=\"https:\/\/ajishop.ma\/ar\/shop\/herbes-et-apothicaire\/herbes\/karkade\/\" \/>\n<meta property=\"og:site_name\" content=\"AjiShop.ma\" \/>\n<meta property=\"article:modified_time\" content=\"2024-11-07T23:27:39+00:00\" \/>\n<meta property=\"og:image\" content=\"https:\/\/ajishop.ma\/wp-content\/uploads\/2024\/11\/kakadi.jpg\" \/>\n\t<meta property=\"og:image:width\" content=\"1000\" \/>\n\t<meta property=\"og:image:height\" content=\"1000\" \/>\n\t<meta property=\"og:image:type\" content=\"image\/jpeg\" \/>\n<meta name=\"twitter:card\" content=\"summary_large_image\" \/>\n<meta name=\"twitter:label1\" content=\"\u0648\u0642\u062a \u0627\u0644\u0642\u0631\u0627\u0621\u0629 \u0627\u0644\u0645\u064f\u0642\u062f\u0651\u0631\" \/>\n\t<meta name=\"twitter:data1\" content=\"\u062f\u0642\u064a\u0642\u062a\u0627\u0646\" \/>\n<script type=\"application\/ld+json\" class=\"yoast-schema-graph\">{\"@context\":\"https:\/\/schema.org\",\"@graph\":[{\"@type\":\"WebPage\",\"@id\":\"https:\/\/ajishop.ma\/shop\/herbes-et-apothicaire\/herbes\/karkade\/\",\"url\":\"https:\/\/ajishop.ma\/shop\/herbes-et-apothicaire\/herbes\/karkade\/\",\"name\":\"karkad\u00e9 \/ \u0643\u0631\u0643\u062f\u064a\u0647 - AjiShop.ma\",\"isPartOf\":{\"@id\":\"https:\/\/ajishop.ma\/#website\"},\"primaryImageOfPage\":{\"@id\":\"https:\/\/ajishop.ma\/shop\/herbes-et-apothicaire\/herbes\/karkade\/#primaryimage\"},\"image\":{\"@id\":\"https:\/\/ajishop.ma\/shop\/herbes-et-apothicaire\/herbes\/karkade\/#primaryimage\"},\"thumbnailUrl\":\"https:\/\/ajishop.ma\/wp-content\/uploads\/2024\/11\/kakadi.jpg\",\"datePublished\":\"2024-11-07T23:16:31+00:00\",\"dateModified\":\"2024-11-07T23:27:39+00:00\",\"breadcrumb\":{\"@id\":\"https:\/\/ajishop.ma\/shop\/herbes-et-apothicaire\/herbes\/karkade\/#breadcrumb\"},\"inLanguage\":\"ar\",\"potentialAction\":[{\"@type\":\"ReadAction\",\"target\":[\"https:\/\/ajishop.ma\/shop\/herbes-et-apothicaire\/herbes\/karkade\/\"]}]},{\"@type\":\"ImageObject\",\"inLanguage\":\"ar\",\"@id\":\"https:\/\/ajishop.ma\/shop\/herbes-et-apothicaire\/herbes\/karkade\/#primaryimage\",\"url\":\"https:\/\/ajishop.ma\/wp-content\/uploads\/2024\/11\/kakadi.jpg\",\"contentUrl\":\"https:\/\/ajishop.ma\/wp-content\/uploads\/2024\/11\/kakadi.jpg\",\"width\":1000,\"height\":1000},{\"@type\":\"BreadcrumbList\",\"@id\":\"https:\/\/ajishop.ma\/shop\/herbes-et-apothicaire\/herbes\/karkade\/#breadcrumb\",\"itemListElement\":[{\"@type\":\"ListItem\",\"position\":1,\"name\":\"Accueil\",\"item\":\"https:\/\/ajishop.ma\/\"},{\"@type\":\"ListItem\",\"position\":2,\"name\":\"Magasin\",\"item\":\"https:\/\/ajishop.ma\/shop\/\"},{\"@type\":\"ListItem\",\"position\":3,\"name\":\"karkad\u00e9 \/ \u0643\u0631\u0643\u062f\u064a\u0647\"}]},{\"@type\":\"WebSite\",\"@id\":\"https:\/\/ajishop.ma\/#website\",\"url\":\"https:\/\/ajishop.ma\/\",\"name\":\"AjiShop.ma\",\"description\":\"Produits 100% naturels, Pour votre bien \u00eatre...\",\"publisher\":{\"@id\":\"https:\/\/ajishop.ma\/#organization\"},\"potentialAction\":[{\"@type\":\"SearchAction\",\"target\":{\"@type\":\"EntryPoint\",\"urlTemplate\":\"https:\/\/ajishop.ma\/?s={search_term_string}\"},\"query-input\":{\"@type\":\"PropertyValueSpecification\",\"valueRequired\":true,\"valueName\":\"search_term_string\"}}],\"inLanguage\":\"ar\"},{\"@type\":\"Organization\",\"@id\":\"https:\/\/ajishop.ma\/#organization\",\"name\":\"AjiShop.ma\",\"url\":\"https:\/\/ajishop.ma\/\",\"logo\":{\"@type\":\"ImageObject\",\"inLanguage\":\"ar\",\"@id\":\"https:\/\/ajishop.ma\/#\/schema\/logo\/image\/\",\"url\":\"https:\/\/ajishop.ma\/wp-content\/uploads\/2024\/09\/AjiShop.ma-Horizontal-Logo-Green.png\",\"contentUrl\":\"https:\/\/ajishop.ma\/wp-content\/uploads\/2024\/09\/AjiShop.ma-Horizontal-Logo-Green.png\",\"width\":1917,\"height\":276,\"caption\":\"AjiShop.ma\"},\"image\":{\"@id\":\"https:\/\/ajishop.ma\/#\/schema\/logo\/image\/\"}}]}<\/script>\n<!-- \/ Yoast SEO plugin. -->","yoast_head_json":{"title":"karkad\u00e9 \/ \u0643\u0631\u0643\u062f\u064a\u0647 - AjiShop.ma","robots":{"index":"index","follow":"follow","max-snippet":"max-snippet:-1","max-image-preview":"max-image-preview:large","max-video-preview":"max-video-preview:-1"},"canonical":"https:\/\/ajishop.ma\/ar\/shop\/herbes-et-apothicaire\/herbes\/karkade\/","og_locale":"ar_AR","og_type":"article","og_title":"karkad\u00e9 \/ \u0643\u0631\u0643\u062f\u064a\u0647 - AjiShop.ma","og_description":"Hibiscus en Fleurs S\u00e9ch\u00e9es : La Tendresse Florale dans Votre Tasse D\u00e9couvrez la beaut\u00e9 et la saveur enchanteresse de l&#8217;Hibiscus","og_url":"https:\/\/ajishop.ma\/ar\/shop\/herbes-et-apothicaire\/herbes\/karkade\/","og_site_name":"AjiShop.ma","article_modified_time":"2024-11-07T23:27:39+00:00","og_image":[{"width":1000,"height":1000,"url":"https:\/\/ajishop.ma\/wp-content\/uploads\/2024\/11\/kakadi.jpg","type":"image\/jpeg"}],"twitter_card":"summary_large_image","twitter_misc":{"\u0648\u0642\u062a \u0627\u0644\u0642\u0631\u0627\u0621\u0629 \u0627\u0644\u0645\u064f\u0642\u062f\u0651\u0631":"\u062f\u0642\u064a\u0642\u062a\u0627\u0646"},"schema":{"@context":"https:\/\/schema.org","@graph":[{"@type":"WebPage","@id":"https:\/\/ajishop.ma\/shop\/herbes-et-apothicaire\/herbes\/karkade\/","url":"https:\/\/ajishop.ma\/shop\/herbes-et-apothicaire\/herbes\/karkade\/","name":"karkad\u00e9 \/ \u0643\u0631\u0643\u062f\u064a\u0647 - AjiShop.ma","isPartOf":{"@id":"https:\/\/ajishop.ma\/#website"},"primaryImageOfPage":{"@id":"https:\/\/ajishop.ma\/shop\/herbes-et-apothicaire\/herbes\/karkade\/#primaryimage"},"image":{"@id":"https:\/\/ajishop.ma\/shop\/herbes-et-apothicaire\/herbes\/karkade\/#primaryimage"},"thumbnailUrl":"https:\/\/ajishop.ma\/wp-content\/uploads\/2024\/11\/kakadi.jpg","datePublished":"2024-11-07T23:16:31+00:00","dateModified":"2024-11-07T23:27:39+00:00","breadcrumb":{"@id":"https:\/\/ajishop.ma\/shop\/herbes-et-apothicaire\/herbes\/karkade\/#breadcrumb"},"inLanguage":"ar","potentialAction":[{"@type":"ReadAction","target":["https:\/\/ajishop.ma\/shop\/herbes-et-apothicaire\/herbes\/karkade\/"]}]},{"@type":"ImageObject","inLanguage":"ar","@id":"https:\/\/ajishop.ma\/shop\/herbes-et-apothicaire\/herbes\/karkade\/#primaryimage","url":"https:\/\/ajishop.ma\/wp-content\/uploads\/2024\/11\/kakadi.jpg","contentUrl":"https:\/\/ajishop.ma\/wp-content\/uploads\/2024\/11\/kakadi.jpg","width":1000,"height":1000},{"@type":"BreadcrumbList","@id":"https:\/\/ajishop.ma\/shop\/herbes-et-apothicaire\/herbes\/karkade\/#breadcrumb","itemListElement":[{"@type":"ListItem","position":1,"name":"Accueil","item":"https:\/\/ajishop.ma\/"},{"@type":"ListItem","position":2,"name":"Magasin","item":"https:\/\/ajishop.ma\/shop\/"},{"@type":"ListItem","position":3,"name":"karkad\u00e9 \/ \u0643\u0631\u0643\u062f\u064a\u0647"}]},{"@type":"WebSite","@id":"https:\/\/ajishop.ma\/#website","url":"https:\/\/ajishop.ma\/","name":"AjiShop.ma","description":"Produits 100% naturels, Pour votre bien \u00eatre...","publisher":{"@id":"https:\/\/ajishop.ma\/#organization"},"potentialAction":[{"@type":"SearchAction","target":{"@type":"EntryPoint","urlTemplate":"https:\/\/ajishop.ma\/?s={search_term_string}"},"query-input":{"@type":"PropertyValueSpecification","valueRequired":true,"valueName":"search_term_string"}}],"inLanguage":"ar"},{"@type":"Organization","@id":"https:\/\/ajishop.ma\/#organization","name":"AjiShop.ma","url":"https:\/\/ajishop.ma\/","logo":{"@type":"ImageObject","inLanguage":"ar","@id":"https:\/\/ajishop.ma\/#\/schema\/logo\/image\/","url":"https:\/\/ajishop.ma\/wp-content\/uploads\/2024\/09\/AjiShop.ma-Horizontal-Logo-Green.png","contentUrl":"https:\/\/ajishop.ma\/wp-content\/uploads\/2024\/09\/AjiShop.ma-Horizontal-Logo-Green.png","width":1917,"height":276,"caption":"AjiShop.ma"},"image":{"@id":"https:\/\/ajishop.ma\/#\/schema\/logo\/image\/"}}]}},"_links":{"self":[{"href":"https:\/\/ajishop.ma\/ar\/wp-json\/wp\/v2\/product\/16800"}],"collection":[{"href":"https:\/\/ajishop.ma\/ar\/wp-json\/wp\/v2\/product"}],"about":[{"href":"https:\/\/ajishop.ma\/ar\/wp-json\/wp\/v2\/types\/product"}],"replies":[{"embeddable":true,"href":"https:\/\/ajishop.ma\/ar\/wp-json\/wp\/v2\/comments?post=16800"}],"version-history":[{"count":8,"href":"https:\/\/ajishop.ma\/ar\/wp-json\/wp\/v2\/product\/16800\/revisions"}],"predecessor-version":[{"id":16808,"href":"https:\/\/ajishop.ma\/ar\/wp-json\/wp\/v2\/product\/16800\/revisions\/16808"}],"wp:featuredmedia":[{"embeddable":true,"href":"https:\/\/ajishop.ma\/ar\/wp-json\/wp\/v2\/media\/16809"}],"wp:attachment":[{"href":"https:\/\/ajishop.ma\/ar\/wp-json\/wp\/v2\/media?parent=16800"}],"wp:term":[{"taxonomy":"product_cat","embeddable":true,"href":"https:\/\/ajishop.ma\/ar\/wp-json\/wp\/v2\/product_cat?post=16800"},{"taxonomy":"product_tag","embeddable":true,"href":"https:\/\/ajishop.ma\/ar\/wp-json\/wp\/v2\/product_tag?post=16800"}],"curies":[{"name":"wp","href":"https:\/\/api.w.org\/{rel}","templated":true}]}}