{"id":16830,"date":"2024-11-08T01:00:55","date_gmt":"2024-11-08T00:00:55","guid":{"rendered":"https:\/\/ajishop.ma\/?post_type=product&#038;p=16830"},"modified":"2025-01-19T21:51:00","modified_gmt":"2025-01-19T20:51:00","slug":"feuilles-de-jujubier","status":"publish","type":"product","link":"https:\/\/ajishop.ma\/ar\/shop\/herbes-et-apothicaire\/herbes\/feuilles-de-jujubier\/","title":{"rendered":"Feuilles de Jujubier \/ \u0648\u0631\u0642 \u0627\u0644\u0633\u062f\u0631"},"content":{"rendered":"<div data-elementor-type=\"wp-post\" data-elementor-id=\"16830\" class=\"elementor elementor-16830\">\n\t\t\t\t<div class=\"wd-negative-gap elementor-element elementor-element-58efa288 lang-fr e-flex e-con-boxed e-con e-parent\" data-id=\"58efa288\" data-element_type=\"container\">\n\t\t\t\t\t<div class=\"e-con-inner\">\n\t\t\t\t<div class=\"elementor-element elementor-element-29fd8c85 color-scheme-inherit text-left elementor-widget elementor-widget-text-editor\" data-id=\"29fd8c85\" data-element_type=\"widget\" data-widget_type=\"text-editor.default\">\n\t\t\t\t<div class=\"elementor-widget-container\">\n\t\t\t\t\t\t\t<strong>Feuilles de Jujubier &#8211; Sidr &#8211; \u0648\u0631\u0642 \u0627\u0644\u0633\u062f\u0631<\/strong>\r\n\r\nFeuilles \u00e0 base de jujubiers. arbre a de nombreuses utilisations: le fruit (pulpe et graines) a une valeur nutritionnelle et th\u00e9rapeutique. Ils sont riches en prot\u00e9ines et les feuilles sont riches en calcium, fer et magn\u00e9sium. Nous l&#8217;utilisons pour laver les malades et les morts. Les abeilles adorent ses fleurs, ce qui nous donne un miel fabuleux.\r\n\r\nla poudre de sidr est obtenue\u00a0\u00e0 partir du\u00a0<strong>sidr<\/strong>.\r\n\r\nLes Feuilles de Jujubier ou\u00a0<strong>Sidr<\/strong>\u00a0ou\u00a0POUDRE AYURV\u00c9DIQUE DE SIDR BIO\u00a0sont utilis\u00e9s pour traiter les probl\u00e8mes de cheveux et de peau, ou plus particuli\u00e8rement dans de cadre de la Roqya.\r\n\r\n<strong>Composition:<\/strong>\r\n<ul>\r\n \t<li>Saponosides<\/li>\r\n \t<li>Flavono\u00efdes<\/li>\r\n \t<li>Glycosides triterp\u00e9niques<\/li>\r\n \t<li>Mucilages<\/li>\r\n<\/ul>\r\n<strong>Feuille de sidr bienfaits:<\/strong>\r\n<ul>\r\n \t<li>Nettoie les blessures<\/li>\r\n \t<li>Aide \u00e0 soulager les br\u00fblures<\/li>\r\n \t<li>Contribue \u00e0 la r\u00e9g\u00e9n\u00e8ration des cellules<\/li>\r\n \t<li>Soigne le foie<\/li>\r\n \t<li>Permet de nettoyer le corps et les cheveux<\/li>\r\n \t<li>Donne un peau douce<\/li>\r\n \t<li>Lutte contre la chute des cheveux<\/li>\r\n \t<li>Traite les maladies respiratoires<\/li>\r\n \t<li>Augmente\u00a0\u00a0l\u2019\u00e9nergie\u00a0 du corps,etc<\/li>\r\n<\/ul>\r\n<strong>Conseil d&#8217;utilisation:\u00a0<\/strong>\r\n\r\nM\u00e9langez simplement les feuilles de jujube (Sidr) avec de l&#8217;eau et appliquez sur la zone touch\u00e9e.\t\t\t\t\t\t<\/div>\n\t\t\t\t<\/div>\n\t\t\t\t\t<\/div>\n\t\t\t\t<\/div>\n\t\t<div class=\"wd-negative-gap elementor-element elementor-element-ed2723b e-flex e-con-boxed e-con e-parent\" data-id=\"ed2723b\" data-element_type=\"container\">\n\t\t\t\t\t<div class=\"e-con-inner\">\n\t\t\t\t<div class=\"elementor-element elementor-element-ecdceca lang-ar color-scheme-inherit text-left elementor-widget elementor-widget-text-editor\" data-id=\"ecdceca\" data-element_type=\"widget\" data-widget_type=\"text-editor.default\">\n\t\t\t\t<div class=\"elementor-widget-container\">\n\t\t\t\t\t\t\t<p style=\"text-align: center\"><span>\u0623<span style=\"font-size: 14pt\"><strong>\u0648\u0631\u0627\u0642 \u0645\u0635\u0646\u0648\u0639\u0629 \u0645\u0646 \u0623\u0634\u062c\u0627\u0631 \u0627\u0644\u0639\u0646\u0627\u0628. \u0648\u0644\u0644\u0634\u062c\u0631\u0629 \u0627\u0633\u062a\u062e\u062f\u0627\u0645\u0627\u062a \u0639\u062f\u064a\u062f\u0629: \u0641\u0627\u0644\u062b\u0645\u0631\u0629 (\u0627\u0644\u0644\u0628 \u0648\u0627\u0644\u0628\u0630\u0648\u0631) \u0644\u0647\u0627 \u0642\u064a\u0645\u0629 \u063a\u0630\u0627\u0626\u064a\u0629 \u0648\u0639\u0644\u0627\u062c\u064a\u0629. \u0641\u0647\u064a \u063a\u0646\u064a\u0629 \u0628\u0627\u0644\u0628\u0631\u0648\u062a\u064a\u0646 \u0648\u0627\u0644\u0623\u0648\u0631\u0627\u0642 \u063a\u0646\u064a\u0629 \u0628\u0627\u0644\u0643\u0627\u0644\u0633\u064a\u0648\u0645 \u0648\u0627\u0644\u062d\u062f\u064a\u062f \u0648\u0627\u0644\u0645\u063a\u0646\u064a\u0633\u064a\u0648\u0645. \u0648\u0646\u0633\u062a\u062e\u062f\u0645\u0647 \u0644\u063a\u0633\u0644 \u0627\u0644\u0645\u0631\u0636\u0649 \u0648\u0627\u0644\u0623\u0645\u0648\u0627\u062a. \u064a\u062d\u0628 \u0627\u0644\u0646\u062d\u0644 \u0632\u0647\u0648\u0631\u0647 \u0627\u0644\u062a\u064a \u062a\u0639\u0637\u064a\u0646\u0627 \u0639\u0633\u0644\u064b\u0627 \u0631\u0627\u0626\u0639\u064b\u0627.\u00a0<\/strong><\/span><\/span><\/p><p style=\"text-align: center\"><span style=\"font-size: 14pt\"><strong>\u064a\u062a\u0645 \u0627\u0644\u062d\u0635\u0648\u0644 \u0639\u0644\u0649 \u0645\u0633\u062d\u0648\u0642 \u0627\u0644\u0633\u062f\u0631 \u0645\u0646\u00a0\u0646\u0628\u0627\u062a \u0627\u0644\u0633\u062f\u0631\u00a0.<\/strong><\/span><\/p><p style=\"text-align: center\"><span style=\"font-size: 14pt\"><strong>\u062a\u064f\u0633\u062a\u062e\u062f\u0645 \u0623\u0648\u0631\u0627\u0642 \u0627\u0644\u0639\u0646\u0627\u0628 \u0623\u0648\u00a0\u0627\u0644\u0633\u062f\u0631\u00a0\u0623\u0648\u00a0\u00a0\u0645\u0633\u062d\u0648\u0642 \u0627\u0644\u0633\u062f\u0631 \u0627\u0644\u0623\u064a\u0648\u0631\u0641\u064a\u062f\u064a \u0627\u0644\u0639\u0636\u0648\u064a\u00a0\u00a0\u0644\u0639\u0644\u0627\u062c \u0645\u0634\u0627\u0643\u0644 \u0627\u0644\u0634\u0639\u0631 \u0648\u0627\u0644\u062c\u0644\u062f\u060c \u0623\u0648 \u0628\u0634\u0643\u0644 \u062e\u0627\u0635 \u0641\u064a \u0633\u064a\u0627\u0642 \u0627\u0644\u0631\u0642\u064a\u0629.<\/strong><\/span><\/p><p style=\"text-align: center\"><span style=\"font-size: 14pt\"><strong>\u062a\u0639\u0628\u064a\u0631:<\/strong><\/span><\/p><ul style=\"text-align: center\"><li><span style=\"font-size: 14pt\"><strong>\u0633\u0627\u0628\u0648\u0646\u0648\u0633\u064a\u062f\u0633<\/strong><\/span><\/li><li><span style=\"font-size: 14pt\"><strong>\u0641\u0644\u0627\u0641\u0648\u0646\u064a\u062f\u0627\u062a<\/strong><\/span><\/li><li><span style=\"font-size: 14pt\"><strong>\u062c\u0644\u064a\u0643\u0648\u0633\u064a\u062f\u0627\u062a \u062a\u0631\u0627\u064a\u062a\u064a\u0631\u0628\u064a\u0646<\/strong><\/span><\/li><li><span style=\"font-size: 14pt\"><strong>\u0627\u0644\u0635\u0645\u063a<\/strong><\/span><\/li><\/ul><p style=\"text-align: center\"><span style=\"font-size: 14pt\"><strong>\u0641\u0648\u0627\u0626\u062f \u0648\u0631\u0642 \u0627\u0644\u0633\u062f\u0631 :<\/strong><\/span><\/p><ul style=\"text-align: center\"><li><span style=\"font-size: 14pt\"><strong>\u064a\u0646\u0638\u0641 \u0627\u0644\u062c\u0631\u0648\u062d<\/strong><\/span><\/li><li><span style=\"font-size: 14pt\"><strong>\u064a\u0633\u0627\u0639\u062f \u0641\u064a \u062a\u062e\u0641\u064a\u0641 \u0627\u0644\u062d\u0631\u0648\u0642<\/strong><\/span><\/li><li><span style=\"font-size: 14pt\"><strong>\u064a\u0633\u0627\u0647\u0645 \u0641\u064a \u062a\u062c\u062f\u064a\u062f \u0627\u0644\u062e\u0644\u0627\u064a\u0627<\/strong><\/span><\/li><li><span style=\"font-size: 14pt\"><strong>\u064a\u0639\u0627\u0644\u062c \u0627\u0644\u0643\u0628\u062f<\/strong><\/span><\/li><li><span style=\"font-size: 14pt\"><strong>\u064a\u0633\u0645\u062d \u0644\u0643 \u0628\u062a\u0646\u0638\u064a\u0641 \u0627\u0644\u062c\u0633\u0645 \u0648\u0627\u0644\u0634\u0639\u0631<\/strong><\/span><\/li><li><span style=\"font-size: 14pt\"><strong>\u064a\u0639\u0637\u064a \u0628\u0634\u0631\u0629 \u0646\u0627\u0639\u0645\u0629<\/strong><\/span><\/li><li><span style=\"font-size: 14pt\"><strong>\u0645\u062d\u0627\u0631\u0628\u0629 \u062a\u0633\u0627\u0642\u0637 \u0627\u0644\u0634\u0639\u0631<\/strong><\/span><\/li><li><span style=\"font-size: 14pt\"><strong>\u064a\u0639\u0627\u0644\u062c \u0623\u0645\u0631\u0627\u0636 \u0627\u0644\u062c\u0647\u0627\u0632 \u0627\u0644\u062a\u0646\u0641\u0633\u064a<\/strong><\/span><\/li><li><span style=\"font-size: 14pt\"><strong>\u064a\u0632\u064a\u062f \u0645\u0646 \u0637\u0627\u0642\u0629 \u0627\u0644\u062c\u0633\u0645 \u0648\u063a\u064a\u0631\u0647\u0627.<\/strong><\/span><\/li><\/ul><p style=\"text-align: center\"><span style=\"font-size: 14pt\"><strong>\u0627\u062a\u062c\u0627\u0647\u0627\u062a \u0644\u0644\u0627\u0633\u062a\u062e\u062f\u0627\u0645:\u00a0<\/strong><\/span><\/p><p style=\"text-align: center\"><span style=\"font-size: 14pt\"><strong>\u0645\u0627 \u0639\u0644\u064a\u0643 \u0633\u0648\u0649 \u062e\u0644\u0637 \u0623\u0648\u0631\u0627\u0642 \u0627\u0644\u0639\u0646\u0627\u0628 (\u0627\u0644\u0633\u062f\u0631) \u0645\u0639 \u0627\u0644\u0645\u0627\u0621 \u0648\u062a\u0637\u0628\u064a\u0642\u0647\u0627 \u0639\u0644\u0649 \u0627\u0644\u0645\u0646\u0637\u0642\u0629 \u0627\u0644\u0645\u0635\u0627\u0628\u0629.<\/strong><\/span><\/p><p style=\"text-align: right\">.<\/p>\t\t\t\t\t\t<\/div>\n\t\t\t\t<\/div>\n\t\t\t\t\t<\/div>\n\t\t\t\t<\/div>\n\t\t\t\t<\/div>","protected":false},"excerpt":{"rendered":"<p>Feuilles de Jujubier &#8211; Sidr &#8211; \u0648\u0631\u0642 \u0627\u0644\u0633\u062f\u0631 Feuilles \u00e0 base de jujubiers. arbre a de nombreuses utilisations: le fruit<\/p>","protected":false},"featured_media":16831,"comment_status":"open","ping_status":"closed","template":"","meta":[],"product_cat":[32,75],"product_tag":[],"yoast_head":"<!-- This site is optimized with the Yoast SEO plugin v23.4 - https:\/\/yoast.com\/wordpress\/plugins\/seo\/ -->\n<title>Feuilles de Jujubier \/ \u0648\u0631\u0642 \u0627\u0644\u0633\u062f\u0631 - AjiShop.ma<\/title>\n<meta name=\"robots\" content=\"index, follow, max-snippet:-1, max-image-preview:large, max-video-preview:-1\" \/>\n<link rel=\"canonical\" href=\"https:\/\/ajishop.ma\/ar\/shop\/herbes-et-apothicaire\/herbes\/feuilles-de-jujubier\/\" \/>\n<meta property=\"og:locale\" content=\"ar_AR\" \/>\n<meta property=\"og:type\" content=\"article\" \/>\n<meta property=\"og:title\" content=\"Feuilles de Jujubier \/ \u0648\u0631\u0642 \u0627\u0644\u0633\u062f\u0631 - AjiShop.ma\" \/>\n<meta property=\"og:description\" content=\"Feuilles de Jujubier &#8211; Sidr &#8211; \u0648\u0631\u0642 \u0627\u0644\u0633\u062f\u0631 Feuilles \u00e0 base de jujubiers. arbre a de nombreuses utilisations: le fruit\" \/>\n<meta property=\"og:url\" content=\"https:\/\/ajishop.ma\/ar\/shop\/herbes-et-apothicaire\/herbes\/feuilles-de-jujubier\/\" \/>\n<meta property=\"og:site_name\" content=\"AjiShop.ma\" \/>\n<meta property=\"article:modified_time\" content=\"2025-01-19T20:51:00+00:00\" \/>\n<meta property=\"og:image\" content=\"https:\/\/ajishop.ma\/wp-content\/uploads\/2024\/11\/sidr.jpg\" \/>\n\t<meta property=\"og:image:width\" content=\"771\" \/>\n\t<meta property=\"og:image:height\" content=\"1000\" \/>\n\t<meta property=\"og:image:type\" content=\"image\/jpeg\" \/>\n<meta name=\"twitter:card\" content=\"summary_large_image\" \/>\n<meta name=\"twitter:label1\" content=\"\u0648\u0642\u062a \u0627\u0644\u0642\u0631\u0627\u0621\u0629 \u0627\u0644\u0645\u064f\u0642\u062f\u0651\u0631\" \/>\n\t<meta name=\"twitter:data1\" content=\"\u062f\u0642\u064a\u0642\u062a\u0627\u0646\" \/>\n<script type=\"application\/ld+json\" class=\"yoast-schema-graph\">{\"@context\":\"https:\/\/schema.org\",\"@graph\":[{\"@type\":\"WebPage\",\"@id\":\"https:\/\/ajishop.ma\/shop\/herbes-et-apothicaire\/herbes\/feuilles-de-jujubier\/\",\"url\":\"https:\/\/ajishop.ma\/shop\/herbes-et-apothicaire\/herbes\/feuilles-de-jujubier\/\",\"name\":\"Feuilles de Jujubier \/ \u0648\u0631\u0642 \u0627\u0644\u0633\u062f\u0631 - AjiShop.ma\",\"isPartOf\":{\"@id\":\"https:\/\/ajishop.ma\/#website\"},\"primaryImageOfPage\":{\"@id\":\"https:\/\/ajishop.ma\/shop\/herbes-et-apothicaire\/herbes\/feuilles-de-jujubier\/#primaryimage\"},\"image\":{\"@id\":\"https:\/\/ajishop.ma\/shop\/herbes-et-apothicaire\/herbes\/feuilles-de-jujubier\/#primaryimage\"},\"thumbnailUrl\":\"https:\/\/ajishop.ma\/wp-content\/uploads\/2024\/11\/sidr.jpg\",\"datePublished\":\"2024-11-08T00:00:55+00:00\",\"dateModified\":\"2025-01-19T20:51:00+00:00\",\"breadcrumb\":{\"@id\":\"https:\/\/ajishop.ma\/shop\/herbes-et-apothicaire\/herbes\/feuilles-de-jujubier\/#breadcrumb\"},\"inLanguage\":\"ar\",\"potentialAction\":[{\"@type\":\"ReadAction\",\"target\":[\"https:\/\/ajishop.ma\/shop\/herbes-et-apothicaire\/herbes\/feuilles-de-jujubier\/\"]}]},{\"@type\":\"ImageObject\",\"inLanguage\":\"ar\",\"@id\":\"https:\/\/ajishop.ma\/shop\/herbes-et-apothicaire\/herbes\/feuilles-de-jujubier\/#primaryimage\",\"url\":\"https:\/\/ajishop.ma\/wp-content\/uploads\/2024\/11\/sidr.jpg\",\"contentUrl\":\"https:\/\/ajishop.ma\/wp-content\/uploads\/2024\/11\/sidr.jpg\",\"width\":771,\"height\":1000},{\"@type\":\"BreadcrumbList\",\"@id\":\"https:\/\/ajishop.ma\/shop\/herbes-et-apothicaire\/herbes\/feuilles-de-jujubier\/#breadcrumb\",\"itemListElement\":[{\"@type\":\"ListItem\",\"position\":1,\"name\":\"Accueil\",\"item\":\"https:\/\/ajishop.ma\/\"},{\"@type\":\"ListItem\",\"position\":2,\"name\":\"Magasin\",\"item\":\"https:\/\/ajishop.ma\/shop\/\"},{\"@type\":\"ListItem\",\"position\":3,\"name\":\"Feuilles de Jujubier \/ \u0648\u0631\u0642 \u0627\u0644\u0633\u062f\u0631\"}]},{\"@type\":\"WebSite\",\"@id\":\"https:\/\/ajishop.ma\/#website\",\"url\":\"https:\/\/ajishop.ma\/\",\"name\":\"AjiShop.ma\",\"description\":\"Produits 100% naturels, Pour votre bien \u00eatre...\",\"publisher\":{\"@id\":\"https:\/\/ajishop.ma\/#organization\"},\"potentialAction\":[{\"@type\":\"SearchAction\",\"target\":{\"@type\":\"EntryPoint\",\"urlTemplate\":\"https:\/\/ajishop.ma\/?s={search_term_string}\"},\"query-input\":{\"@type\":\"PropertyValueSpecification\",\"valueRequired\":true,\"valueName\":\"search_term_string\"}}],\"inLanguage\":\"ar\"},{\"@type\":\"Organization\",\"@id\":\"https:\/\/ajishop.ma\/#organization\",\"name\":\"AjiShop.ma\",\"url\":\"https:\/\/ajishop.ma\/\",\"logo\":{\"@type\":\"ImageObject\",\"inLanguage\":\"ar\",\"@id\":\"https:\/\/ajishop.ma\/#\/schema\/logo\/image\/\",\"url\":\"https:\/\/ajishop.ma\/wp-content\/uploads\/2024\/09\/AjiShop.ma-Horizontal-Logo-Green.png\",\"contentUrl\":\"https:\/\/ajishop.ma\/wp-content\/uploads\/2024\/09\/AjiShop.ma-Horizontal-Logo-Green.png\",\"width\":1917,\"height\":276,\"caption\":\"AjiShop.ma\"},\"image\":{\"@id\":\"https:\/\/ajishop.ma\/#\/schema\/logo\/image\/\"}}]}<\/script>\n<!-- \/ Yoast SEO plugin. -->","yoast_head_json":{"title":"Feuilles de Jujubier \/ \u0648\u0631\u0642 \u0627\u0644\u0633\u062f\u0631 - AjiShop.ma","robots":{"index":"index","follow":"follow","max-snippet":"max-snippet:-1","max-image-preview":"max-image-preview:large","max-video-preview":"max-video-preview:-1"},"canonical":"https:\/\/ajishop.ma\/ar\/shop\/herbes-et-apothicaire\/herbes\/feuilles-de-jujubier\/","og_locale":"ar_AR","og_type":"article","og_title":"Feuilles de Jujubier \/ \u0648\u0631\u0642 \u0627\u0644\u0633\u062f\u0631 - AjiShop.ma","og_description":"Feuilles de Jujubier &#8211; Sidr &#8211; \u0648\u0631\u0642 \u0627\u0644\u0633\u062f\u0631 Feuilles \u00e0 base de jujubiers. arbre a de nombreuses utilisations: le fruit","og_url":"https:\/\/ajishop.ma\/ar\/shop\/herbes-et-apothicaire\/herbes\/feuilles-de-jujubier\/","og_site_name":"AjiShop.ma","article_modified_time":"2025-01-19T20:51:00+00:00","og_image":[{"width":771,"height":1000,"url":"https:\/\/ajishop.ma\/wp-content\/uploads\/2024\/11\/sidr.jpg","type":"image\/jpeg"}],"twitter_card":"summary_large_image","twitter_misc":{"\u0648\u0642\u062a \u0627\u0644\u0642\u0631\u0627\u0621\u0629 \u0627\u0644\u0645\u064f\u0642\u062f\u0651\u0631":"\u062f\u0642\u064a\u0642\u062a\u0627\u0646"},"schema":{"@context":"https:\/\/schema.org","@graph":[{"@type":"WebPage","@id":"https:\/\/ajishop.ma\/shop\/herbes-et-apothicaire\/herbes\/feuilles-de-jujubier\/","url":"https:\/\/ajishop.ma\/shop\/herbes-et-apothicaire\/herbes\/feuilles-de-jujubier\/","name":"Feuilles de Jujubier \/ \u0648\u0631\u0642 \u0627\u0644\u0633\u062f\u0631 - AjiShop.ma","isPartOf":{"@id":"https:\/\/ajishop.ma\/#website"},"primaryImageOfPage":{"@id":"https:\/\/ajishop.ma\/shop\/herbes-et-apothicaire\/herbes\/feuilles-de-jujubier\/#primaryimage"},"image":{"@id":"https:\/\/ajishop.ma\/shop\/herbes-et-apothicaire\/herbes\/feuilles-de-jujubier\/#primaryimage"},"thumbnailUrl":"https:\/\/ajishop.ma\/wp-content\/uploads\/2024\/11\/sidr.jpg","datePublished":"2024-11-08T00:00:55+00:00","dateModified":"2025-01-19T20:51:00+00:00","breadcrumb":{"@id":"https:\/\/ajishop.ma\/shop\/herbes-et-apothicaire\/herbes\/feuilles-de-jujubier\/#breadcrumb"},"inLanguage":"ar","potentialAction":[{"@type":"ReadAction","target":["https:\/\/ajishop.ma\/shop\/herbes-et-apothicaire\/herbes\/feuilles-de-jujubier\/"]}]},{"@type":"ImageObject","inLanguage":"ar","@id":"https:\/\/ajishop.ma\/shop\/herbes-et-apothicaire\/herbes\/feuilles-de-jujubier\/#primaryimage","url":"https:\/\/ajishop.ma\/wp-content\/uploads\/2024\/11\/sidr.jpg","contentUrl":"https:\/\/ajishop.ma\/wp-content\/uploads\/2024\/11\/sidr.jpg","width":771,"height":1000},{"@type":"BreadcrumbList","@id":"https:\/\/ajishop.ma\/shop\/herbes-et-apothicaire\/herbes\/feuilles-de-jujubier\/#breadcrumb","itemListElement":[{"@type":"ListItem","position":1,"name":"Accueil","item":"https:\/\/ajishop.ma\/"},{"@type":"ListItem","position":2,"name":"Magasin","item":"https:\/\/ajishop.ma\/shop\/"},{"@type":"ListItem","position":3,"name":"Feuilles de Jujubier \/ \u0648\u0631\u0642 \u0627\u0644\u0633\u062f\u0631"}]},{"@type":"WebSite","@id":"https:\/\/ajishop.ma\/#website","url":"https:\/\/ajishop.ma\/","name":"AjiShop.ma","description":"Produits 100% naturels, Pour votre bien \u00eatre...","publisher":{"@id":"https:\/\/ajishop.ma\/#organization"},"potentialAction":[{"@type":"SearchAction","target":{"@type":"EntryPoint","urlTemplate":"https:\/\/ajishop.ma\/?s={search_term_string}"},"query-input":{"@type":"PropertyValueSpecification","valueRequired":true,"valueName":"search_term_string"}}],"inLanguage":"ar"},{"@type":"Organization","@id":"https:\/\/ajishop.ma\/#organization","name":"AjiShop.ma","url":"https:\/\/ajishop.ma\/","logo":{"@type":"ImageObject","inLanguage":"ar","@id":"https:\/\/ajishop.ma\/#\/schema\/logo\/image\/","url":"https:\/\/ajishop.ma\/wp-content\/uploads\/2024\/09\/AjiShop.ma-Horizontal-Logo-Green.png","contentUrl":"https:\/\/ajishop.ma\/wp-content\/uploads\/2024\/09\/AjiShop.ma-Horizontal-Logo-Green.png","width":1917,"height":276,"caption":"AjiShop.ma"},"image":{"@id":"https:\/\/ajishop.ma\/#\/schema\/logo\/image\/"}}]}},"_links":{"self":[{"href":"https:\/\/ajishop.ma\/ar\/wp-json\/wp\/v2\/product\/16830"}],"collection":[{"href":"https:\/\/ajishop.ma\/ar\/wp-json\/wp\/v2\/product"}],"about":[{"href":"https:\/\/ajishop.ma\/ar\/wp-json\/wp\/v2\/types\/product"}],"replies":[{"embeddable":true,"href":"https:\/\/ajishop.ma\/ar\/wp-json\/wp\/v2\/comments?post=16830"}],"version-history":[{"count":9,"href":"https:\/\/ajishop.ma\/ar\/wp-json\/wp\/v2\/product\/16830\/revisions"}],"predecessor-version":[{"id":18760,"href":"https:\/\/ajishop.ma\/ar\/wp-json\/wp\/v2\/product\/16830\/revisions\/18760"}],"wp:featuredmedia":[{"embeddable":true,"href":"https:\/\/ajishop.ma\/ar\/wp-json\/wp\/v2\/media\/16831"}],"wp:attachment":[{"href":"https:\/\/ajishop.ma\/ar\/wp-json\/wp\/v2\/media?parent=16830"}],"wp:term":[{"taxonomy":"product_cat","embeddable":true,"href":"https:\/\/ajishop.ma\/ar\/wp-json\/wp\/v2\/product_cat?post=16830"},{"taxonomy":"product_tag","embeddable":true,"href":"https:\/\/ajishop.ma\/ar\/wp-json\/wp\/v2\/product_tag?post=16830"}],"curies":[{"name":"wp","href":"https:\/\/api.w.org\/{rel}","templated":true}]}}