{"id":16849,"date":"2024-11-08T01:14:52","date_gmt":"2024-11-08T00:14:52","guid":{"rendered":"https:\/\/ajishop.ma\/?post_type=product&#038;p=16849"},"modified":"2024-11-08T22:35:13","modified_gmt":"2024-11-08T21:35:13","slug":"roses-sechees-de-mgouna","status":"publish","type":"product","link":"https:\/\/ajishop.ma\/ar\/shop\/herbes-et-apothicaire\/herbes\/roses-sechees-de-mgouna\/","title":{"rendered":"Roses s\u00e9ch\u00e9es de M&#8217;GOUNA \/ \u0648\u0631\u062f \u0642\u0644\u0639\u0629 \u0645\u0643\u0648\u0646\u0629"},"content":{"rendered":"<div data-elementor-type=\"wp-post\" data-elementor-id=\"16849\" class=\"elementor elementor-16849\">\n\t\t\t\t<div class=\"wd-negative-gap elementor-element elementor-element-5aa24d15 lang-fr e-flex e-con-boxed e-con e-parent\" data-id=\"5aa24d15\" data-element_type=\"container\">\n\t\t\t\t\t<div class=\"e-con-inner\">\n\t\t\t\t<div class=\"elementor-element elementor-element-769f1752 color-scheme-inherit text-left elementor-widget elementor-widget-text-editor\" data-id=\"769f1752\" data-element_type=\"widget\" data-widget_type=\"text-editor.default\">\n\t\t\t\t<div class=\"elementor-widget-container\">\n\t\t\t\t\t\t\t<strong>Roses s\u00e9ch\u00e9es de M&#8217;GOUNA<\/strong>\r\n\r\n<strong>En parfumerie :<\/strong>\u00a0Odeur de rose dans toute sa pl\u00e9nitude, avec une note fleurie, acidul\u00e9e et fruit\u00e9e. Apr\u00e8s cueillette, les boutons de rose seront s\u00e9par\u00e9s des p\u00e9tales, ils seront mis \u00e0 s\u00e9cher \u00e0 l\u2019int\u00e9rieur des kasbahs. La rose , fleur des milles et une nuit, vous surprendra par son parfum envo\u00fbtant. Jet\u00e9s \u00e0 la surface d\u2019une fontaine ou dans l\u2019eau de votre bain, ils vous assurent un d\u00e9cor et un d\u00e9paysement total.\r\n\r\n<strong>Pour la peau :\u00a0<\/strong>nous vous conseillons de mettre quelques poign\u00e9es dans votre bain chaud pour un moment de d\u00e9tente tout en douceur. Vous pouvez aussi associer les boutons de roses s\u00e9ch\u00e9s au savon noir dans votre bain.\r\n\r\n<strong>Pour votre\u00a0visage :<\/strong>\u00a0vous pouvez aussi utiliser quelques poign\u00e9es de boutons de roses s\u00e9ch\u00e9s lors d\u2019un\u00a0bain de vapeur\u00a0ou \u00ab\u00a0hammam facial\u00a0\u00bb pour\u00a0purifier\u00a0votre peau,\u00a0ouvrir les pores\u00a0et la pr\u00e9parer \u00e0 des soins comme un\u00a0masque\u00a0au\u00a0ghassoul, ou \u00e0 l\u2019argile verte, \u00e0 l\u2019argile blanche\u00a0etc pour la\u00a0nettoyer\u00a0en profondeur, \u00e9liminer les\u00a0impuret\u00e9s\u00a0dont les\u00a0points noirs\u00a0(associ\u00e9 aux boutons de roses s\u00e9ch\u00e9s pour\u00a0avoir un jolie teint).\r\n\r\n<strong>En cuisine<\/strong>\u00a0: les boutons de rose pris en infusion sont excellents pour aider les digestions difficiles et les troubles intestinaux, en d\u00e9coration de vos g\u00e2teaux ou plats ou encore dans la confection des pots pourris.elle sert aussi bien \u00e0 d\u00e9corer les plats qu\u2019en \u00e9pices sous forme de poudre de rose;\t\t\t\t\t\t<\/div>\n\t\t\t\t<\/div>\n\t\t\t\t\t<\/div>\n\t\t\t\t<\/div>\n\t\t<div class=\"wd-negative-gap elementor-element elementor-element-e014541 lang-ar e-flex e-con-boxed e-con e-parent\" data-id=\"e014541\" data-element_type=\"container\">\n\t\t\t\t\t<div class=\"e-con-inner\">\n\t\t\t\t<div class=\"elementor-element elementor-element-ef45f5b lang-ar color-scheme-inherit text-left elementor-widget elementor-widget-text-editor\" data-id=\"ef45f5b\" data-element_type=\"widget\" data-widget_type=\"text-editor.default\">\n\t\t\t\t<div class=\"elementor-widget-container\">\n\t\t\t\t\t\t\t<p style=\"text-align: center\"><strong>\u0641<\/strong><span style=\"font-size: 14pt\">\u064a \u0635\u0646\u0627\u0639\u0629 \u0627\u0644\u0639\u0637\u0648\u0631:<\/span><span style=\"font-size: 14pt\">\u00a0\u0631\u0627\u0626\u062d\u0629 \u0627\u0644\u0648\u0631\u062f \u0628\u0643\u0644 \u0627\u0645\u062a\u0644\u0627\u0621\u0647\u0627\u060c \u0645\u0639 \u0631\u0627\u0626\u062d\u0629 \u0632\u0647\u0631\u064a\u0629 \u0645\u0646\u0639\u0634\u0629 \u0648\u0641\u0627\u0643\u0647\u064a\u0629. \u0628\u0639\u062f \u0627\u0644\u0642\u0637\u0641\u060c \u064a\u062a\u0645 \u0641\u0635\u0644 \u0628\u0631\u0627\u0639\u0645 \u0627\u0644\u0648\u0631\u062f \u0639\u0646 \u0627\u0644\u0628\u062a\u0644\u0627\u062a \u0648\u062a\u0631\u0643\u0647\u0627 \u0644\u062a\u062c\u0641 \u062f\u0627\u062e\u0644 \u0627\u0644\u0642\u0635\u0628\u0629. \u0627\u0644\u0648\u0631\u062f\u0629\u060c \u0632\u0647\u0631\u0629 \u0623\u0644\u0641 \u0644\u064a\u0644\u0629 \u0648\u0644\u064a\u0644\u0629\u060c \u0633\u062a\u0641\u0627\u062c\u0626\u0643 \u0628\u0631\u0627\u0626\u062d\u062a\u0647\u0627 \u0627\u0644\u0622\u0633\u0631\u0629. \u064a\u062a\u0645 \u0625\u0644\u0642\u0627\u0624\u0647\u0627 \u0639\u0644\u0649 \u0633\u0637\u062d \u0627\u0644\u0646\u0627\u0641\u0648\u0631\u0629 \u0623\u0648 \u0641\u064a \u0645\u064a\u0627\u0647 \u062d\u0645\u0627\u0645\u0643\u060c \u0645\u0645\u0627 \u064a\u0648\u0641\u0631 \u0644\u0643 \u062f\u064a\u0643\u0648\u0631\u064b\u0627 \u0648\u062a\u063a\u064a\u064a\u0631\u064b\u0627 \u0643\u0627\u0645\u0644\u0627\u064b \u0644\u0644\u0645\u0634\u0647\u062f.<\/span><\/p><p style=\"text-align: center\"><span style=\"font-size: 14pt\">\u0644\u0644\u0628\u0634\u0631\u0629:\u00a0\u00a0\u0646\u0646\u0635\u062d\u0643 \u0628\u0648\u0636\u0639 \u062d\u0641\u0646\u0627\u062a \u0642\u0644\u064a\u0644\u0629 \u0641\u064a \u062d\u0645\u0627\u0645\u0643 \u0627\u0644\u0633\u0627\u062e\u0646 \u0644\u0644\u062d\u0638\u0629 \u0645\u0646 \u0627\u0644\u0627\u0633\u062a\u0631\u062e\u0627\u0621 \u0627\u0644\u0644\u0637\u064a\u0641. \u064a\u0645\u0643\u0646\u0643 \u0623\u064a\u0636\u064b\u0627 \u0627\u0644\u062c\u0645\u0639 \u0628\u064a\u0646 \u0628\u0631\u0627\u0639\u0645 \u0627\u0644\u0648\u0631\u062f \u0627\u0644\u0645\u062c\u0641\u0641\u0629 \u0648\u0627\u0644\u0635\u0627\u0628\u0648\u0646 \u0627\u0644\u0623\u0633\u0648\u062f \u0641\u064a \u062d\u0645\u0627\u0645\u0643.<\/span><\/p><p style=\"text-align: center\"><br \/><span style=\"font-size: 14pt\">\u0644\u0644\u0648\u062c\u0647:\u00a0\u00a0\u064a\u0645\u0643\u0646\u0643 \u0623\u064a\u0636\u0627\u064b \u0627\u0633\u062a\u062e\u062f\u0627\u0645 \u062d\u0641\u0646\u0629 \u0645\u0646 \u0628\u0631\u0627\u0639\u0645 \u0627\u0644\u0648\u0631\u062f \u0627\u0644\u0645\u062c\u0641\u0641 \u0623\u062b\u0646\u0627\u0621 \u062d\u0645\u0627\u0645 \u0627\u0644\u0628\u062e\u0627\u0631 \u0623\u0648 \u201c\u062d\u0645\u0627\u0645 \u0627\u0644\u0648\u062c\u0647\u201d \u0644\u062a\u0646\u0642\u064a\u0629 \u0627\u0644\u0628\u0634\u0631\u0629 \u0648\u0641\u062a\u062d \u0627\u0644\u0645\u0633\u0627\u0645 \u0648\u062a\u062d\u0636\u064a\u0631\u0647\u0627 \u0644\u0644\u0639\u0644\u0627\u062c\u0627\u062a \u0645\u062b\u0644 \u0642\u0646\u0627\u0639 \u0627\u0644\u063a\u0633\u0648\u0644 \u0623\u0648 \u0627\u0644\u0637\u064a\u0646 \u0627\u0644\u0623\u062e\u0636\u0631 \u0623\u0648 \u200b\u200b\u0627\u0644\u0637\u064a\u0646 \u0627\u0644\u0623\u0628\u064a\u0636 \u0648\u063a\u064a\u0631\u0647\u0627. \u0644\u062a\u0646\u0638\u064a\u0641\u0647 \u0628\u0639\u0645\u0642 \u0648\u0627\u0644\u062a\u062e\u0644\u0635 \u0645\u0646 \u0627\u0644\u0634\u0648\u0627\u0626\u0628 \u0628\u0645\u0627 \u0641\u064a \u0630\u0644\u0643 \u0627\u0644\u0631\u0624\u0648\u0633 \u0627\u0644\u0633\u0648\u062f\u0627\u0621 (\u0645\u0639 \u0628\u0631\u0627\u0639\u0645 \u0627\u0644\u0648\u0631\u062f \u0627\u0644\u0645\u062c\u0641\u0641\u0629 \u0644\u0644\u062d\u0635\u0648\u0644 \u0639\u0644\u0649 \u0628\u0634\u0631\u0629 \u062c\u0645\u064a\u0644\u0629).<\/span><\/p><p style=\"text-align: center\"><br \/><span style=\"font-size: 14pt\">\u0641\u064a \u0627\u0644\u0637\u0628\u062e\u00a0\u00a0: \u064a\u062a\u0645 \u062a\u0646\u0627\u0648\u0644 \u0628\u0631\u0627\u0639\u0645 \u0627\u0644\u0648\u0631\u062f \u0639\u0644\u0649 \u0634\u0643\u0644 \u0645\u0646\u0642\u0648\u0639 \u0645\u0645\u062a\u0627\u0632 \u0644\u0644\u0645\u0633\u0627\u0639\u062f\u0629 \u0639\u0644\u0649 \u0627\u0644\u0647\u0636\u0645 \u0627\u0644\u0635\u0639\u0628 \u0648\u0627\u0644\u0627\u0636\u0637\u0631\u0627\u0628\u0627\u062a \u0627\u0644\u0645\u0639\u0648\u064a\u0629\u060c \u0648\u062a\u0632\u064a\u064a\u0646 \u0627\u0644\u0643\u0639\u0643 \u0623\u0648 \u0627\u0644\u0623\u0637\u0628\u0627\u0642 \u0623\u0648 \u062d\u062a\u0649 \u0641\u064a \u0635\u0646\u0639 \u0648\u0631\u0642 \u0627\u0644\u0648\u0631\u062f\u060c \u0648\u064a\u062a\u0645 \u0627\u0633\u062a\u062e\u062f\u0627\u0645\u0647 \u0644\u062a\u0632\u064a\u064a\u0646 \u0627\u0644\u0623\u0637\u0628\u0627\u0642 \u0648\u0643\u062a\u0648\u0627\u0628\u0644 \u0639\u0644\u0649 \u0634\u0643\u0644 \u0645\u0633\u062d\u0648\u0642 \u0627\u0644\u0648\u0631\u062f.<\/span><\/p><p style=\"text-align: center\">.<\/p>\t\t\t\t\t\t<\/div>\n\t\t\t\t<\/div>\n\t\t\t\t\t<\/div>\n\t\t\t\t<\/div>\n\t\t\t\t<\/div>","protected":false},"excerpt":{"rendered":"<p>Roses s\u00e9ch\u00e9es de M&#8217;GOUNA En parfumerie :\u00a0Odeur de rose dans toute sa pl\u00e9nitude, avec une note fleurie, acidul\u00e9e et fruit\u00e9e.<\/p>","protected":false},"featured_media":16855,"comment_status":"open","ping_status":"closed","template":"","meta":[],"product_cat":[32,75],"product_tag":[],"yoast_head":"<!-- This site is optimized with the Yoast SEO plugin v23.4 - https:\/\/yoast.com\/wordpress\/plugins\/seo\/ -->\n<title>Roses s\u00e9ch\u00e9es de M&#039;GOUNA \/ \u0648\u0631\u062f \u0642\u0644\u0639\u0629 \u0645\u0643\u0648\u0646\u0629 - AjiShop.ma<\/title>\n<meta name=\"robots\" content=\"index, follow, max-snippet:-1, max-image-preview:large, max-video-preview:-1\" \/>\n<link rel=\"canonical\" href=\"https:\/\/ajishop.ma\/ar\/shop\/herbes-et-apothicaire\/herbes\/roses-sechees-de-mgouna\/\" \/>\n<meta property=\"og:locale\" content=\"ar_AR\" \/>\n<meta property=\"og:type\" content=\"article\" \/>\n<meta property=\"og:title\" content=\"Roses s\u00e9ch\u00e9es de M&#039;GOUNA \/ \u0648\u0631\u062f \u0642\u0644\u0639\u0629 \u0645\u0643\u0648\u0646\u0629 - AjiShop.ma\" \/>\n<meta property=\"og:description\" content=\"Roses s\u00e9ch\u00e9es de M&#8217;GOUNA En parfumerie :\u00a0Odeur de rose dans toute sa pl\u00e9nitude, avec une note fleurie, acidul\u00e9e et fruit\u00e9e.\" \/>\n<meta property=\"og:url\" content=\"https:\/\/ajishop.ma\/ar\/shop\/herbes-et-apothicaire\/herbes\/roses-sechees-de-mgouna\/\" \/>\n<meta property=\"og:site_name\" content=\"AjiShop.ma\" \/>\n<meta property=\"article:modified_time\" content=\"2024-11-08T21:35:13+00:00\" \/>\n<meta property=\"og:image\" content=\"https:\/\/ajishop.ma\/wp-content\/uploads\/2024\/11\/ward-600x672-1.jpg\" \/>\n\t<meta property=\"og:image:width\" content=\"600\" \/>\n\t<meta property=\"og:image:height\" content=\"672\" \/>\n\t<meta property=\"og:image:type\" content=\"image\/jpeg\" \/>\n<meta name=\"twitter:card\" content=\"summary_large_image\" \/>\n<meta name=\"twitter:label1\" content=\"\u0648\u0642\u062a \u0627\u0644\u0642\u0631\u0627\u0621\u0629 \u0627\u0644\u0645\u064f\u0642\u062f\u0651\u0631\" \/>\n\t<meta name=\"twitter:data1\" content=\"3 \u062f\u0642\u0627\u0626\u0642\" \/>\n<script type=\"application\/ld+json\" class=\"yoast-schema-graph\">{\"@context\":\"https:\/\/schema.org\",\"@graph\":[{\"@type\":\"WebPage\",\"@id\":\"https:\/\/ajishop.ma\/shop\/herbes-et-apothicaire\/herbes\/roses-sechees-de-mgouna\/\",\"url\":\"https:\/\/ajishop.ma\/shop\/herbes-et-apothicaire\/herbes\/roses-sechees-de-mgouna\/\",\"name\":\"Roses s\u00e9ch\u00e9es de M'GOUNA \/ \u0648\u0631\u062f \u0642\u0644\u0639\u0629 \u0645\u0643\u0648\u0646\u0629 - AjiShop.ma\",\"isPartOf\":{\"@id\":\"https:\/\/ajishop.ma\/#website\"},\"primaryImageOfPage\":{\"@id\":\"https:\/\/ajishop.ma\/shop\/herbes-et-apothicaire\/herbes\/roses-sechees-de-mgouna\/#primaryimage\"},\"image\":{\"@id\":\"https:\/\/ajishop.ma\/shop\/herbes-et-apothicaire\/herbes\/roses-sechees-de-mgouna\/#primaryimage\"},\"thumbnailUrl\":\"https:\/\/ajishop.ma\/wp-content\/uploads\/2024\/11\/ward-600x672-1.jpg\",\"datePublished\":\"2024-11-08T00:14:52+00:00\",\"dateModified\":\"2024-11-08T21:35:13+00:00\",\"breadcrumb\":{\"@id\":\"https:\/\/ajishop.ma\/shop\/herbes-et-apothicaire\/herbes\/roses-sechees-de-mgouna\/#breadcrumb\"},\"inLanguage\":\"ar\",\"potentialAction\":[{\"@type\":\"ReadAction\",\"target\":[\"https:\/\/ajishop.ma\/shop\/herbes-et-apothicaire\/herbes\/roses-sechees-de-mgouna\/\"]}]},{\"@type\":\"ImageObject\",\"inLanguage\":\"ar\",\"@id\":\"https:\/\/ajishop.ma\/shop\/herbes-et-apothicaire\/herbes\/roses-sechees-de-mgouna\/#primaryimage\",\"url\":\"https:\/\/ajishop.ma\/wp-content\/uploads\/2024\/11\/ward-600x672-1.jpg\",\"contentUrl\":\"https:\/\/ajishop.ma\/wp-content\/uploads\/2024\/11\/ward-600x672-1.jpg\",\"width\":600,\"height\":672},{\"@type\":\"BreadcrumbList\",\"@id\":\"https:\/\/ajishop.ma\/shop\/herbes-et-apothicaire\/herbes\/roses-sechees-de-mgouna\/#breadcrumb\",\"itemListElement\":[{\"@type\":\"ListItem\",\"position\":1,\"name\":\"Accueil\",\"item\":\"https:\/\/ajishop.ma\/\"},{\"@type\":\"ListItem\",\"position\":2,\"name\":\"Magasin\",\"item\":\"https:\/\/ajishop.ma\/shop\/\"},{\"@type\":\"ListItem\",\"position\":3,\"name\":\"Roses s\u00e9ch\u00e9es de M&#8217;GOUNA \/ \u0648\u0631\u062f \u0642\u0644\u0639\u0629 \u0645\u0643\u0648\u0646\u0629\"}]},{\"@type\":\"WebSite\",\"@id\":\"https:\/\/ajishop.ma\/#website\",\"url\":\"https:\/\/ajishop.ma\/\",\"name\":\"AjiShop.ma\",\"description\":\"Produits 100% naturels, Pour votre bien \u00eatre...\",\"publisher\":{\"@id\":\"https:\/\/ajishop.ma\/#organization\"},\"potentialAction\":[{\"@type\":\"SearchAction\",\"target\":{\"@type\":\"EntryPoint\",\"urlTemplate\":\"https:\/\/ajishop.ma\/?s={search_term_string}\"},\"query-input\":{\"@type\":\"PropertyValueSpecification\",\"valueRequired\":true,\"valueName\":\"search_term_string\"}}],\"inLanguage\":\"ar\"},{\"@type\":\"Organization\",\"@id\":\"https:\/\/ajishop.ma\/#organization\",\"name\":\"AjiShop.ma\",\"url\":\"https:\/\/ajishop.ma\/\",\"logo\":{\"@type\":\"ImageObject\",\"inLanguage\":\"ar\",\"@id\":\"https:\/\/ajishop.ma\/#\/schema\/logo\/image\/\",\"url\":\"https:\/\/ajishop.ma\/wp-content\/uploads\/2024\/09\/AjiShop.ma-Horizontal-Logo-Green.png\",\"contentUrl\":\"https:\/\/ajishop.ma\/wp-content\/uploads\/2024\/09\/AjiShop.ma-Horizontal-Logo-Green.png\",\"width\":1917,\"height\":276,\"caption\":\"AjiShop.ma\"},\"image\":{\"@id\":\"https:\/\/ajishop.ma\/#\/schema\/logo\/image\/\"}}]}<\/script>\n<!-- \/ Yoast SEO plugin. -->","yoast_head_json":{"title":"Roses s\u00e9ch\u00e9es de M'GOUNA \/ \u0648\u0631\u062f \u0642\u0644\u0639\u0629 \u0645\u0643\u0648\u0646\u0629 - AjiShop.ma","robots":{"index":"index","follow":"follow","max-snippet":"max-snippet:-1","max-image-preview":"max-image-preview:large","max-video-preview":"max-video-preview:-1"},"canonical":"https:\/\/ajishop.ma\/ar\/shop\/herbes-et-apothicaire\/herbes\/roses-sechees-de-mgouna\/","og_locale":"ar_AR","og_type":"article","og_title":"Roses s\u00e9ch\u00e9es de M'GOUNA \/ \u0648\u0631\u062f \u0642\u0644\u0639\u0629 \u0645\u0643\u0648\u0646\u0629 - AjiShop.ma","og_description":"Roses s\u00e9ch\u00e9es de M&#8217;GOUNA En parfumerie :\u00a0Odeur de rose dans toute sa pl\u00e9nitude, avec une note fleurie, acidul\u00e9e et fruit\u00e9e.","og_url":"https:\/\/ajishop.ma\/ar\/shop\/herbes-et-apothicaire\/herbes\/roses-sechees-de-mgouna\/","og_site_name":"AjiShop.ma","article_modified_time":"2024-11-08T21:35:13+00:00","og_image":[{"width":600,"height":672,"url":"https:\/\/ajishop.ma\/wp-content\/uploads\/2024\/11\/ward-600x672-1.jpg","type":"image\/jpeg"}],"twitter_card":"summary_large_image","twitter_misc":{"\u0648\u0642\u062a \u0627\u0644\u0642\u0631\u0627\u0621\u0629 \u0627\u0644\u0645\u064f\u0642\u062f\u0651\u0631":"3 \u062f\u0642\u0627\u0626\u0642"},"schema":{"@context":"https:\/\/schema.org","@graph":[{"@type":"WebPage","@id":"https:\/\/ajishop.ma\/shop\/herbes-et-apothicaire\/herbes\/roses-sechees-de-mgouna\/","url":"https:\/\/ajishop.ma\/shop\/herbes-et-apothicaire\/herbes\/roses-sechees-de-mgouna\/","name":"Roses s\u00e9ch\u00e9es de M'GOUNA \/ \u0648\u0631\u062f \u0642\u0644\u0639\u0629 \u0645\u0643\u0648\u0646\u0629 - AjiShop.ma","isPartOf":{"@id":"https:\/\/ajishop.ma\/#website"},"primaryImageOfPage":{"@id":"https:\/\/ajishop.ma\/shop\/herbes-et-apothicaire\/herbes\/roses-sechees-de-mgouna\/#primaryimage"},"image":{"@id":"https:\/\/ajishop.ma\/shop\/herbes-et-apothicaire\/herbes\/roses-sechees-de-mgouna\/#primaryimage"},"thumbnailUrl":"https:\/\/ajishop.ma\/wp-content\/uploads\/2024\/11\/ward-600x672-1.jpg","datePublished":"2024-11-08T00:14:52+00:00","dateModified":"2024-11-08T21:35:13+00:00","breadcrumb":{"@id":"https:\/\/ajishop.ma\/shop\/herbes-et-apothicaire\/herbes\/roses-sechees-de-mgouna\/#breadcrumb"},"inLanguage":"ar","potentialAction":[{"@type":"ReadAction","target":["https:\/\/ajishop.ma\/shop\/herbes-et-apothicaire\/herbes\/roses-sechees-de-mgouna\/"]}]},{"@type":"ImageObject","inLanguage":"ar","@id":"https:\/\/ajishop.ma\/shop\/herbes-et-apothicaire\/herbes\/roses-sechees-de-mgouna\/#primaryimage","url":"https:\/\/ajishop.ma\/wp-content\/uploads\/2024\/11\/ward-600x672-1.jpg","contentUrl":"https:\/\/ajishop.ma\/wp-content\/uploads\/2024\/11\/ward-600x672-1.jpg","width":600,"height":672},{"@type":"BreadcrumbList","@id":"https:\/\/ajishop.ma\/shop\/herbes-et-apothicaire\/herbes\/roses-sechees-de-mgouna\/#breadcrumb","itemListElement":[{"@type":"ListItem","position":1,"name":"Accueil","item":"https:\/\/ajishop.ma\/"},{"@type":"ListItem","position":2,"name":"Magasin","item":"https:\/\/ajishop.ma\/shop\/"},{"@type":"ListItem","position":3,"name":"Roses s\u00e9ch\u00e9es de M&#8217;GOUNA \/ \u0648\u0631\u062f \u0642\u0644\u0639\u0629 \u0645\u0643\u0648\u0646\u0629"}]},{"@type":"WebSite","@id":"https:\/\/ajishop.ma\/#website","url":"https:\/\/ajishop.ma\/","name":"AjiShop.ma","description":"Produits 100% naturels, Pour votre bien \u00eatre...","publisher":{"@id":"https:\/\/ajishop.ma\/#organization"},"potentialAction":[{"@type":"SearchAction","target":{"@type":"EntryPoint","urlTemplate":"https:\/\/ajishop.ma\/?s={search_term_string}"},"query-input":{"@type":"PropertyValueSpecification","valueRequired":true,"valueName":"search_term_string"}}],"inLanguage":"ar"},{"@type":"Organization","@id":"https:\/\/ajishop.ma\/#organization","name":"AjiShop.ma","url":"https:\/\/ajishop.ma\/","logo":{"@type":"ImageObject","inLanguage":"ar","@id":"https:\/\/ajishop.ma\/#\/schema\/logo\/image\/","url":"https:\/\/ajishop.ma\/wp-content\/uploads\/2024\/09\/AjiShop.ma-Horizontal-Logo-Green.png","contentUrl":"https:\/\/ajishop.ma\/wp-content\/uploads\/2024\/09\/AjiShop.ma-Horizontal-Logo-Green.png","width":1917,"height":276,"caption":"AjiShop.ma"},"image":{"@id":"https:\/\/ajishop.ma\/#\/schema\/logo\/image\/"}}]}},"_links":{"self":[{"href":"https:\/\/ajishop.ma\/ar\/wp-json\/wp\/v2\/product\/16849"}],"collection":[{"href":"https:\/\/ajishop.ma\/ar\/wp-json\/wp\/v2\/product"}],"about":[{"href":"https:\/\/ajishop.ma\/ar\/wp-json\/wp\/v2\/types\/product"}],"replies":[{"embeddable":true,"href":"https:\/\/ajishop.ma\/ar\/wp-json\/wp\/v2\/comments?post=16849"}],"version-history":[{"count":11,"href":"https:\/\/ajishop.ma\/ar\/wp-json\/wp\/v2\/product\/16849\/revisions"}],"predecessor-version":[{"id":16866,"href":"https:\/\/ajishop.ma\/ar\/wp-json\/wp\/v2\/product\/16849\/revisions\/16866"}],"wp:featuredmedia":[{"embeddable":true,"href":"https:\/\/ajishop.ma\/ar\/wp-json\/wp\/v2\/media\/16855"}],"wp:attachment":[{"href":"https:\/\/ajishop.ma\/ar\/wp-json\/wp\/v2\/media?parent=16849"}],"wp:term":[{"taxonomy":"product_cat","embeddable":true,"href":"https:\/\/ajishop.ma\/ar\/wp-json\/wp\/v2\/product_cat?post=16849"},{"taxonomy":"product_tag","embeddable":true,"href":"https:\/\/ajishop.ma\/ar\/wp-json\/wp\/v2\/product_tag?post=16849"}],"curies":[{"name":"wp","href":"https:\/\/api.w.org\/{rel}","templated":true}]}}