{"id":16891,"date":"2024-11-08T23:20:05","date_gmt":"2024-11-08T22:20:05","guid":{"rendered":"https:\/\/ajishop.ma\/?post_type=product&#038;p=16891"},"modified":"2024-11-08T23:20:59","modified_gmt":"2024-11-08T22:20:59","slug":"meska-horra-mastic-de-chios","status":"publish","type":"product","link":"https:\/\/ajishop.ma\/ar\/shop\/herbes-et-apothicaire\/herbes\/meska-horra-mastic-de-chios\/","title":{"rendered":"Meska horra mastic de Chios \/ \u0645\u0633\u0643\u0629 \u062d\u0631\u0629"},"content":{"rendered":"<div data-elementor-type=\"wp-post\" data-elementor-id=\"16891\" class=\"elementor elementor-16891\">\n\t\t\t\t<div class=\"wd-negative-gap elementor-element elementor-element-1c2486ea e-flex e-con-boxed e-con e-parent\" data-id=\"1c2486ea\" data-element_type=\"container\">\n\t\t\t\t\t<div class=\"e-con-inner\">\n\t\t\t\t<div class=\"elementor-element elementor-element-51947423 lang-fr color-scheme-inherit text-left elementor-widget elementor-widget-text-editor\" data-id=\"51947423\" data-element_type=\"widget\" data-widget_type=\"text-editor.default\">\n\t\t\t\t<div class=\"elementor-widget-container\">\n\t\t\t\t\t\t\t<h4>Meska horra mastic de Chios \u0645\u0633\u0643\u0629 \u062d\u0631\u0629<\/h4>\r\nLa gomme Arabique (ou meska horra ou gomme d\u2019acacia ou\u00a0mastic gum\u00a0) est un additif totalement naturel, employ\u00e9 comme \u00e9paississant et \u00e9mulsifiant. Souvent utilis\u00e9e dans les p\u00e2tisseries orientales, on la retrouve aussi dans de nombreuses confiseries : guimauve, loukoums, p\u00e2tes de fruits.\r\n\r\nLe mastic\u00a0est une\u00a0<strong>substance aromatique et r\u00e9sineuse<\/strong>\u00a0qui suinte du tronc et des branches principales du\u00a0<strong>lentisque ou arbre \u00e0 mastic<\/strong>\u00a0(<em>Pistacia Lentiscus)<\/em>. Il s\u2019agit d\u2019un arbuste \u00e0 feuilles persistantes de\u00a0deux ou\u00a0trois m\u00e8tres de hauteur \u00e0 d\u00e9veloppement tr\u00e8s rapide. Il commence \u00e0 produire du mastic dans sa cinqui\u00e8me ann\u00e9e et a une dur\u00e9e de vie de 100 ans.\r\n<h4>ANTI-INFLAMMATOIRE\u00a0&amp; ANTI-OXYDANT<\/h4>\r\n<ul>\r\n \t<li>Le mastic a une\u00a0activit\u00e9\u00a0<strong>anti-inflammatoire<\/strong>\u00a0attribu\u00e9e \u00e0 l\u2019acide\u00a0<em>oleanonique<\/em>, qu&#8217;il contient. Le\u00a0<strong>mastic<\/strong>\u00a0<strong>de chios<\/strong>\u00a0agit et\u00a0<strong>cicatrise<\/strong>\u00a0en mettant fin \u00e0\u00a0l&#8217;inflammation des organes. Il est votre alli\u00e9 pour vous soulager en cas de parodontite, d&#8217;\u0153sophagite, de gastrite, d\u2019ulc\u00e8re duod\u00e9nal et de cicatrice voir m\u00eame la colite et les h\u00e9morro\u00efdes. Le Mastic de Chios vous permettra \u00e9galement de vous prot\u00e9ger de ces soucis avant leur apparition en offrant une revitalisation stimulante permettant d\u2019\u00e9viter des situations d\u00e9sagr\u00e9ables telles que l\u2019indigestion ou les tympanismes. Retrouvez-le sous forme de\u00a0<strong>savon pour apaiser vos inflammations cutan\u00e9es<\/strong>\u00a0!<\/li>\r\n \t<li>Il a de fortes propri\u00e9t\u00e9s\u00a0<strong>anti-oxydantes<\/strong>\u00a0en offrant une sant\u00e9 globale \u00e0 l\u2019organisme et en neutralisant les libres racines produites.<\/li>\r\n \t<li>L\u2019utilisation du mastic vous\u00a0<strong>aide en cas d\u2019indigestion, de br\u00fblures d\u2019estomac et de tympanismes<\/strong>.<\/li>\r\n \t<li>Il aide au\u00a0<strong>traitement de l\u2019ulc\u00e8re gastroduod\u00e9nal<\/strong>, puisqu&#8217;avec ses propri\u00e9t\u00e9s antimicrobiennes, il combat l&#8217;helicobacter pylori. \u00a0-1 g chaque jour- de mastic pour 2 semaines peuvent gu\u00e9rir les\u00a0<strong>ulc\u00e8res gastroduod\u00e9naux en peu de temps&#8221;<\/strong><\/li>\r\n<\/ul>\t\t\t\t\t\t<\/div>\n\t\t\t\t<\/div>\n\t\t\t\t\t<\/div>\n\t\t\t\t<\/div>\n\t\t<div class=\"wd-negative-gap elementor-element elementor-element-b1c6b89 e-flex e-con-boxed e-con e-parent\" data-id=\"b1c6b89\" data-element_type=\"container\">\n\t\t\t\t\t<div class=\"e-con-inner\">\n\t\t\t\t<div class=\"elementor-element elementor-element-412d222 lang-ar color-scheme-inherit text-left elementor-widget elementor-widget-text-editor\" data-id=\"412d222\" data-element_type=\"widget\" data-widget_type=\"text-editor.default\">\n\t\t\t\t<div class=\"elementor-widget-container\">\n\t\t\t\t\t\t\t<div class=\"post-image\" style=\"text-align: center\"><a href=\"https:\/\/santeplus.ma\/ar\/wp-content\/uploads\/2018\/12\/%D8%A7%D9%84%D9%85%D8%B3%D9%83%D8%A9-%D8%A7%D9%84%D8%AD%D8%B1%D8%A9.jpg\" data-rel=\"penci-gallery-image-content\"><img decoding=\"async\" class=\"attachment-penci-full-thumb size-penci-full-thumb penci-lazy wp-post-image\" src=\"https:\/\/i0.wp.com\/santeplus.ma\/ar\/wp-content\/uploads\/2018\/12\/%D8%A7%D9%84%D9%85%D8%B3%D9%83%D8%A9-%D8%A7%D9%84%D8%AD%D8%B1%D8%A9.jpg?resize=720%2C400&amp;ssl=1\" alt=\"\u0627\u0644\u0645\u0633\u0643\u0629 \u0627\u0644\u062d\u0640\u064f\u0631\u0651\u0629 \u0639\u0644\u0627\u062c \u0637\u0628\u064a\u0639\u064a \u0644\u0644\u062c\u0647\u0627\u0632 \u0627\u0644\u0647\u0636\u0645\u064a\" \/><\/a><\/div><div class=\"post-entry blockquote-style-1\"><div class=\"inner-post-entry\"><div id=\"quads-ad1\" class=\"quads-location quads-ad1\" style=\"text-align: center\"><div id=\"div-gpt-ad-1611842792838-0\" data-google-query-id=\"CIymxffhzYkDFatkQQIdD8oW6w\"><div id=\"google_ads_iframe_\/14727465\/sihaty_top_article_0__container__\">\u00a0<\/div><\/div><\/div><h3 style=\"text-align: center\"><span style=\"color: #000080\"><strong><span style=\"font-size: 18pt\">\u0627\u0644\u0644\u0628\u0627\u0646 \u0627\u0644\u0639\u0631\u0628\u064a \u0623\u0648 \u0643\u0645\u0627 \u064a\u064f\u0633\u0645\u064a\u0647\u0627 \u0627\u0644\u0645\u063a\u0627\u0631\u0628\u0629 \u201c\u0627\u0644\u0645\u0633\u0640\u0643\u0629 \u0627\u0644\u062d\u0640\u0631\u0629\u201d\u060c \u0647\u064a \u0639\u0628\u0627\u0631\u0629 \u0639\u0646 \u062d\u0628\u064a\u0628\u0627\u062a \u0628\u0644\u0648\u0631\u064a\u0629 \u0648\u0635\u0645\u063a\u064a\u0629\u060c \u0630\u0627\u062a \u0644\u0648\u0646 \u0634\u0641\u0627\u0641 \u0645\u0627\u0626\u0644 \u0625\u0644\u0649 \u0628\u0646\u064a\u060c \u0630\u0627\u062a \u0631\u0627\u0626\u062d\u0629 \u0632\u0643\u064a\u0629 \u0648 \u0637\u0639\u0645 \u0645\u0645\u064a\u0632\u060c \u062a\u062f\u062e\u0644 \u0643\u062b\u064a\u0631\u0627 \u0641\u064a \u0627\u0644\u0635\u0646\u0627\u0639\u0627\u062a \u0627\u0644\u063a\u0630\u0627\u0626\u064a\u0629\u060c \u0648\u062a\u0633\u0645\u0649 \u0628 e414. \u0641\u0647\u0644 \u0644\u0647\u0627 \u0641\u0648\u0627\u0626\u062f \u0635\u062d\u064a\u0629\u061f<\/span><\/strong><\/span><\/h3><p style=\"text-align: center\"><span style=\"color: #000080\"><strong><span style=\"font-size: 18pt\">\u064a\u062a\u0645 \u0627\u0633\u062a\u062e\u0631\u0627\u062c \u0647\u0630\u0627 \u0627\u0644\u0645\u0643\u0648\u0646 \u0627\u0644\u0637\u0628\u064a\u0639\u064a \u0645\u0646 \u062c\u0630\u0648\u0639 \u0627\u0644\u0623\u0634\u062c\u0627\u0631\u060c \u0628\u0639\u062f \u0623\u0646 \u064a\u062a\u0645 \u0625\u062d\u062f\u0627\u062b \u0634\u0642 \u0641\u064a\u0647 \u062a\u0633\u064a\u0644 \u0647\u0630\u0647 \u0627\u0644\u0645\u0627\u062f\u0629 \u0627\u0644\u0635\u0645\u063a\u064a\u0629 \u0639\u0644\u0649 \u0627\u0644\u062c\u0630\u0631\u060c \u062b\u0645 \u062a\u062a\u062c\u0645\u062f \u0644\u062a\u064f\u0639\u0637\u064a\u0646\u0627 \u0647\u0630\u0647 \u0627\u0644\u062d\u0628\u064a\u0628\u0627\u062a \u0627\u0644\u0628\u0644\u0648\u0631\u064a\u0629 \u0627\u0644\u0635\u063a\u064a\u0631\u0629\u060c \u0627\u0644\u062a\u064a \u062a\u062a\u0645\u064a\u0632 \u0628\u0637\u0639\u0645 \u0645\u0627\u0626\u0644 \u0625\u0644\u0649 \u0627\u0644\u0645\u0631\u0627\u0631\u0629.<\/span><\/strong><\/span><\/p><p style=\"text-align: center\"><span style=\"color: #000080\"><strong><span style=\"font-size: 18pt\">\u062a\u0633\u062a\u062e\u062f\u0645 \u0627\u0644\u0646\u0633\u0627\u0621 \u0627\u0644\u0645\u063a\u0631\u0628\u064a\u0627\u062a \u0627\u0644\u0645\u0633\u0643\u0629 \u0627\u0644\u062d\u0631\u0629 \u0639\u0627\u062f\u0629 \u0644\u062a\u062d\u0636\u064a\u0631 \u0628\u0639\u0636 \u0623\u0646\u0648\u0627\u0639 \u0627\u0644\u062d\u0644\u0648\u064a\u0627\u062a\u060c \u0643\u0645\u0627 \u064a\u064f\u0645\u0643\u0646 \u062a\u0646\u0627\u0648\u0644\u0647\u0627 \u0628\u0634\u0643\u0644 \u0645\u0628\u0627\u0634\u0631 \u0628\u0648\u0636\u0639 \u062d\u0628\u0629 \u0623\u0648 \u0623\u0643\u062b\u0631 \u0641\u064a \u0627\u0644\u0641\u0645 \u0648\u0645\u0636\u063a\u0647\u0627\u060c \u0648\u0627\u0644\u0627\u0633\u062a\u0641\u0627\u062f\u0629 \u0645\u0646 \u0641\u0648\u0627\u0626\u062f\u0647\u0627 \u0627\u0644\u0635\u062d\u064a\u0629 \u0627\u0644\u0643\u062b\u064a\u0631\u0629.<\/span><\/strong><\/span><\/p><p style=\"text-align: center\"><span style=\"color: #000080\"><strong><span style=\"font-size: 18pt\">\u062a\u0646\u0627\u0648\u0644 \u0627\u0644\u0645\u0633\u0643\u0629 \u0627\u0644\u062d\u0631\u0629 \u064a\u0648\u0645\u064a\u0627 \u064a\u0642\u064a \u0645\u0646 \u0645\u062c\u0645\u0648\u0639\u0629 \u0645\u0646 \u0627\u0644\u0645\u0634\u0627\u0643\u0644 \u0627\u0644\u0635\u062d\u064a\u0629\u060c \u0646\u0630\u0643\u0631 \u0645\u0646\u0647\u0627:<\/span><\/strong><\/span><\/p><p style=\"text-align: center\"><span style=\"color: #000080\"><strong><span style=\"font-size: 18pt\">-\u0645\u0634\u0627\u0643\u0644 \u0627\u0644\u062c\u0647\u0627\u0632 \u0627\u0644\u0647\u0636\u0645\u064a \u062e\u0635\u0648\u0635\u0627 \u0627\u0644\u0623\u0645\u0639\u0627\u0621: \u062a\u0639\u062a\u0628\u0631 \u0627\u0644\u0645\u0633\u0643\u0629 \u0623\u0642\u0648\u0649 \u0628\u0631\u0648\u0628\u064a\u0648\u062a\u064a\u0643 \u0637\u0628\u064a\u0639\u064a \u0627\u0644\u0630\u064a \u062a\u062d\u062a\u0627\u062c\u0647 \u0627\u0644\u0623\u0645\u0639\u0627\u0621 \u0644\u062a\u062d\u0633\u064a\u0646 \u0639\u0645\u0644\u064a\u0629 \u0627\u0645\u062a\u0635\u0627\u0635 \u0627\u0644\u0639\u0646\u0627\u0635\u0631 \u0627\u0644\u063a\u0630\u0627\u0626\u064a\u060c \u0644\u0627\u062d\u062a\u0648\u0627\u0626\u0647\u0627 \u0639\u0644\u0649 \u0646\u0633\u0628\u0629 \u0639\u0627\u0644\u064a\u0629 \u0645\u0646 \u0627\u0644\u0623\u0644\u064a\u0627\u0641 \u0627\u0644\u063a\u0630\u0627\u0626\u064a\u0629\u060c \u062d\u064a\u062b \u062a\u0639\u0645\u0644 \u0639\u0644\u0649 \u062a\u062c\u062f\u064a\u062f \u0627\u0644\u0628\u0643\u062a\u064a\u0631\u064a\u0627 \u0627\u0644\u0646\u0627\u0641\u0639\u0629 \u0639\u0644\u0649 \u0645\u0633\u062a\u0648\u0649 \u0627\u0644\u0623\u0645\u0639\u0627\u0621\u060c \u0643\u0645\u0627 \u062a\u0633\u0627\u0639\u062f \u0627\u0644\u0645\u0639\u062f\u0629 \u0639\u0644\u0649 \u0627\u0644\u0647\u0636\u0645 \u0648\u062a\u062d\u0645\u064a \u0645\u0646 \u0627\u0644\u062d\u0631\u0642\u0629 \u0648\u0627\u0644\u0634\u0639\u0648\u0631 \u0628\u0627\u0644\u0627\u0646\u062a\u0641\u0627\u062e \u0648\u0627\u0644\u062a\u062e\u0645\u0629.<\/span><\/strong><\/span><\/p><p style=\"text-align: center\"><span style=\"color: #000080\"><strong><span style=\"font-size: 18pt\">-\u0645\u0642\u0627\u0648\u0645\u0629 \u0644\u0644\u0633\u0631\u0637\u0627\u0646:\u00a0\u062a\u062d\u062a\u0648\u064a \u0627\u0644\u0645\u0633\u0643\u0629 \u0627\u0644\u062d\u0631\u0629 \u0639\u0644\u0649 \u0645\u062c\u0645\u0648\u0639\u0629 \u0645\u0646 \u0645\u0636\u0627\u062f\u0627\u062a \u0627\u0644\u0623\u0643\u0633\u062f\u0629 \u0627\u0644\u062a\u064a \u062a\u0642\u0636\u064a \u0639\u0644\u0649 \u0627\u0644\u062c\u0630\u0648\u0631 \u0627\u0644\u062d\u0631\u0629\u060c \u0648\u062a\u0642\u064a \u0645\u0646 \u0627\u0644\u062e\u0644\u0627\u064a\u0627 \u0627\u0644\u0633\u0631\u0637\u0627\u0646\u064a\u0629.<\/span><\/strong><\/span><\/p><div id=\"quads-ad2\" class=\"quads-location quads-ad2\" style=\"text-align: center\">\u00a0<\/div><p style=\"text-align: center\"><span style=\"color: #000080\"><strong><span style=\"font-size: 18pt\">-\u062a\u0642\u0644\u064a\u0644 \u0646\u0633\u0628\u0629 \u0627\u0644\u0643\u0648\u0644\u0633\u062a\u0631\u0648\u0644 \u0627\u0644\u0636\u0627\u0631 \u0641\u064a \u0627\u0644\u062c\u0633\u0645:\u00a0\u062a\u0631\u0641\u0639 \u0627\u0644\u0643\u0648\u0644\u0633\u062a\u0631\u0648\u0644 \u0627\u0644\u062c\u064a\u062f \u0648\u062a\u0642\u064a \u0645\u0646 \u0645\u0634\u0627\u0643\u0644 \u0627\u0644\u0642\u0644\u0628 \u0648\u0627\u0644\u0623\u0648\u0639\u064a\u0629 \u0627\u0644\u062f\u0645\u0648\u064a\u0629\u060c \u0648\u0628\u0627\u0644\u062a\u0627\u0644\u064a \u062a\u062e\u0641\u0636 \u0645\u0646 \u0627\u0644\u0643\u0648\u0644\u0633\u062a\u0631\u0648\u0644 \u0627\u0644\u0636\u0627\u0631 \u0641\u064a \u0627\u0644\u062c\u0633\u0645.<\/span><\/strong><\/span><\/p><p style=\"text-align: center\"><span style=\"color: #000080\"><strong><span style=\"font-size: 18pt\">-\u062a\u062c\u062f\u062f \u0627\u0644\u0628\u0634\u0631\u0629:\u00a0\u0645\u0646 \u0627\u0644\u0645\u0648\u0627\u062f \u0627\u0644\u0637\u0628\u064a\u0639\u064a\u0629 \u0627\u0644\u0645\u0645\u062a\u0627\u0632\u0629 \u0644\u0635\u062d\u0629 \u0627\u0644\u0628\u0634\u0631\u0629\u060c \u0625\u0630 \u062a\u0636\u0645 \u0645\u062c\u0645\u0648\u0639\u0629 \u0645\u0646 \u0627\u0644\u0632\u064a\u0648\u062a \u0627\u0644\u0637\u064a\u0627\u0631\u0629 \u0627\u0644\u0645\u0641\u064a\u062f\u0629 \u0644\u0644\u062c\u0644\u062f\u060c \u064a\u064f\u0645\u0643\u0646\u0643\u0645 \u0637\u062d\u0646\u0647\u0627 \u062c\u064a\u062f\u0627\u060c \u0648\u0627\u0633\u062a\u062e\u062f\u0627\u0645\u0647\u0627 \u0641\u064a \u0627\u0644\u0623\u0642\u0646\u0639\u0629 \u0627\u0644\u0637\u0628\u064a\u0639\u064a\u0629.<\/span><\/strong><\/span><\/p><p style=\"text-align: center\"><span style=\"color: #000080\"><strong><span style=\"font-size: 18pt\">-\u062a\u064f\u0632\u064a\u0644 \u0631\u0627\u0626\u062d\u0629 \u0627\u0644\u0639\u0631\u0642 \u0627\u0644\u0643\u0631\u064a\u0647\u0629:\u00a0\u062a\u062d\u062a\u0648\u064a \u0627\u0644\u0645\u0633\u0643\u0629 \u0627\u0644\u062d\u0631\u0629 \u0639\u0644\u0649 \u0645\u0648\u0627\u062f \u0642\u0627\u0628\u0636\u0629 \u0645\u0636\u0627\u062f\u0629 \u0644\u0644\u0628\u0643\u062a\u064a\u0631\u064a\u0627\u060c \u0639\u0646 \u0637\u0631\u064a\u0642 \u0637\u062d\u0646\u0647\u0627 \u062c\u064a\u062f\u0627 \u0648\u0648\u0636\u0639\u0647\u0627 \u062a\u062d\u062a \u0627\u0644\u0625\u0628\u0637\u064a\u0646 \u0628\u062f\u0644\u0627 \u0645\u0646 \u0645\u0632\u064a \u0627\u0644\u0639\u0631\u0642.<\/span><\/strong><\/span><\/p><p style=\"text-align: center\"><span style=\"color: #000080\"><strong><span style=\"font-size: 18pt\">\u0643\u064a\u0641\u064a\u0629 \u062a\u0646\u0627\u0648\u0644 \u0627\u0644\u0645\u0633\u0643\u0629 \u0627\u0644\u062d\u0631\u0629:<\/span><\/strong><\/span><\/p><p style=\"text-align: center\"><span style=\"color: #000080\"><strong><span style=\"font-size: 18pt\">\u064a\u064f\u0645\u0643\u0646\u0643\u0645 \u062a\u0646\u0627\u0648\u0644\u0647\u0627 \u0639\u0644\u0649 \u0634\u0643\u0644 \u0639\u0644\u0643\u0629\u060c \u0623\u0648 \u0627\u0633\u062a\u062e\u062f\u0627\u0645\u0647\u0627 \u0643\u0645\u0634\u0631\u0648\u0628 \u062f\u0627\u0641\u0626 \u0639\u0646 \u0637\u0631\u064a\u0642 \u0648\u0636\u0639 \u062d\u0628\u0627\u062a \u0642\u0644\u064a\u0644\u0629 \u0645\u0646\u0647\u0627 \u0641\u064a \u0645\u0627\u0621 \u0633\u0627\u062e\u0646 \u0648\u062a\u0631\u0643\u0647 \u0644\u0628\u0636\u0639 \u062f\u0642\u0627\u0626\u0642 \u0642\u0628\u0644 \u062a\u0646\u0627\u0648\u0644\u0647\u060c \u0623\u0648 \u0633\u062d\u0642\u0647\u0627 \u062c\u064a\u062f\u0627 \u0648\u0627\u0633\u062a\u062e\u062f\u0627\u0645 \u0628\u0648\u062f\u0631\u062a\u0647\u0627 \u0641\u064a \u0643\u0648\u0628 \u0627\u0644\u062d\u0644\u064a\u0628 \u0627\u0644\u0633\u0627\u062e\u0646\u060c \u0623\u0648 \u062a\u0646\u0627\u0648\u0644\u0647 \u0645\u0639 \u0627\u0644\u0645\u0627\u0621. \u064a\u064f\u0645\u0643\u0646 \u0627\u0633\u062a\u062e\u062f\u0627\u0645\u0647\u0627 \u0623\u064a\u0636\u0627 \u0641\u064a \u062a\u062d\u0636\u064a\u0631 \u0627\u0644\u062d\u0644\u0648\u064a\u0627\u062a.<\/span><\/strong><\/span><\/p><\/div><\/div>\t\t\t\t\t\t<\/div>\n\t\t\t\t<\/div>\n\t\t\t\t\t<\/div>\n\t\t\t\t<\/div>\n\t\t\t\t<\/div>","protected":false},"excerpt":{"rendered":"<p>Meska horra mastic de Chios \u0645\u0633\u0643\u0629 \u062d\u0631\u0629 La gomme Arabique (ou meska horra ou gomme d\u2019acacia ou\u00a0mastic gum\u00a0) est un<\/p>","protected":false},"featured_media":16892,"comment_status":"open","ping_status":"closed","template":"","meta":[],"product_cat":[32,75],"product_tag":[],"yoast_head":"<!-- This site is optimized with the Yoast SEO plugin v23.4 - https:\/\/yoast.com\/wordpress\/plugins\/seo\/ -->\n<title>Meska horra mastic de Chios \/ \u0645\u0633\u0643\u0629 \u062d\u0631\u0629 - AjiShop.ma<\/title>\n<meta name=\"robots\" content=\"index, follow, max-snippet:-1, max-image-preview:large, max-video-preview:-1\" \/>\n<link rel=\"canonical\" href=\"https:\/\/ajishop.ma\/ar\/shop\/herbes-et-apothicaire\/herbes\/meska-horra-mastic-de-chios\/\" \/>\n<meta property=\"og:locale\" content=\"ar_AR\" \/>\n<meta property=\"og:type\" content=\"article\" \/>\n<meta property=\"og:title\" content=\"Meska horra mastic de Chios \/ \u0645\u0633\u0643\u0629 \u062d\u0631\u0629 - AjiShop.ma\" \/>\n<meta property=\"og:description\" content=\"Meska horra mastic de Chios \u0645\u0633\u0643\u0629 \u062d\u0631\u0629 La gomme Arabique (ou meska horra ou gomme d\u2019acacia ou\u00a0mastic gum\u00a0) est un\" \/>\n<meta property=\"og:url\" content=\"https:\/\/ajishop.ma\/ar\/shop\/herbes-et-apothicaire\/herbes\/meska-horra-mastic-de-chios\/\" \/>\n<meta property=\"og:site_name\" content=\"AjiShop.ma\" \/>\n<meta property=\"article:modified_time\" content=\"2024-11-08T22:20:59+00:00\" \/>\n<meta property=\"og:image\" content=\"https:\/\/ajishop.ma\/wp-content\/uploads\/2024\/11\/mska-1.png\" \/>\n\t<meta property=\"og:image:width\" content=\"600\" \/>\n\t<meta property=\"og:image:height\" content=\"600\" \/>\n\t<meta property=\"og:image:type\" content=\"image\/png\" \/>\n<meta name=\"twitter:card\" content=\"summary_large_image\" \/>\n<meta name=\"twitter:label1\" content=\"\u0648\u0642\u062a \u0627\u0644\u0642\u0631\u0627\u0621\u0629 \u0627\u0644\u0645\u064f\u0642\u062f\u0651\u0631\" \/>\n\t<meta name=\"twitter:data1\" content=\"4 \u062f\u0642\u0627\u0626\u0642\" \/>\n<script type=\"application\/ld+json\" class=\"yoast-schema-graph\">{\"@context\":\"https:\/\/schema.org\",\"@graph\":[{\"@type\":\"WebPage\",\"@id\":\"https:\/\/ajishop.ma\/shop\/herbes-et-apothicaire\/herbes\/meska-horra-mastic-de-chios\/\",\"url\":\"https:\/\/ajishop.ma\/shop\/herbes-et-apothicaire\/herbes\/meska-horra-mastic-de-chios\/\",\"name\":\"Meska horra mastic de Chios \/ \u0645\u0633\u0643\u0629 \u062d\u0631\u0629 - AjiShop.ma\",\"isPartOf\":{\"@id\":\"https:\/\/ajishop.ma\/#website\"},\"primaryImageOfPage\":{\"@id\":\"https:\/\/ajishop.ma\/shop\/herbes-et-apothicaire\/herbes\/meska-horra-mastic-de-chios\/#primaryimage\"},\"image\":{\"@id\":\"https:\/\/ajishop.ma\/shop\/herbes-et-apothicaire\/herbes\/meska-horra-mastic-de-chios\/#primaryimage\"},\"thumbnailUrl\":\"https:\/\/ajishop.ma\/wp-content\/uploads\/2024\/11\/mska-1.png\",\"datePublished\":\"2024-11-08T22:20:05+00:00\",\"dateModified\":\"2024-11-08T22:20:59+00:00\",\"breadcrumb\":{\"@id\":\"https:\/\/ajishop.ma\/shop\/herbes-et-apothicaire\/herbes\/meska-horra-mastic-de-chios\/#breadcrumb\"},\"inLanguage\":\"ar\",\"potentialAction\":[{\"@type\":\"ReadAction\",\"target\":[\"https:\/\/ajishop.ma\/shop\/herbes-et-apothicaire\/herbes\/meska-horra-mastic-de-chios\/\"]}]},{\"@type\":\"ImageObject\",\"inLanguage\":\"ar\",\"@id\":\"https:\/\/ajishop.ma\/shop\/herbes-et-apothicaire\/herbes\/meska-horra-mastic-de-chios\/#primaryimage\",\"url\":\"https:\/\/ajishop.ma\/wp-content\/uploads\/2024\/11\/mska-1.png\",\"contentUrl\":\"https:\/\/ajishop.ma\/wp-content\/uploads\/2024\/11\/mska-1.png\",\"width\":600,\"height\":600},{\"@type\":\"BreadcrumbList\",\"@id\":\"https:\/\/ajishop.ma\/shop\/herbes-et-apothicaire\/herbes\/meska-horra-mastic-de-chios\/#breadcrumb\",\"itemListElement\":[{\"@type\":\"ListItem\",\"position\":1,\"name\":\"Accueil\",\"item\":\"https:\/\/ajishop.ma\/\"},{\"@type\":\"ListItem\",\"position\":2,\"name\":\"Magasin\",\"item\":\"https:\/\/ajishop.ma\/shop\/\"},{\"@type\":\"ListItem\",\"position\":3,\"name\":\"Meska horra mastic de Chios \/ \u0645\u0633\u0643\u0629 \u062d\u0631\u0629\"}]},{\"@type\":\"WebSite\",\"@id\":\"https:\/\/ajishop.ma\/#website\",\"url\":\"https:\/\/ajishop.ma\/\",\"name\":\"AjiShop.ma\",\"description\":\"Produits 100% naturels, Pour votre bien \u00eatre...\",\"publisher\":{\"@id\":\"https:\/\/ajishop.ma\/#organization\"},\"potentialAction\":[{\"@type\":\"SearchAction\",\"target\":{\"@type\":\"EntryPoint\",\"urlTemplate\":\"https:\/\/ajishop.ma\/?s={search_term_string}\"},\"query-input\":{\"@type\":\"PropertyValueSpecification\",\"valueRequired\":true,\"valueName\":\"search_term_string\"}}],\"inLanguage\":\"ar\"},{\"@type\":\"Organization\",\"@id\":\"https:\/\/ajishop.ma\/#organization\",\"name\":\"AjiShop.ma\",\"url\":\"https:\/\/ajishop.ma\/\",\"logo\":{\"@type\":\"ImageObject\",\"inLanguage\":\"ar\",\"@id\":\"https:\/\/ajishop.ma\/#\/schema\/logo\/image\/\",\"url\":\"https:\/\/ajishop.ma\/wp-content\/uploads\/2024\/09\/AjiShop.ma-Horizontal-Logo-Green.png\",\"contentUrl\":\"https:\/\/ajishop.ma\/wp-content\/uploads\/2024\/09\/AjiShop.ma-Horizontal-Logo-Green.png\",\"width\":1917,\"height\":276,\"caption\":\"AjiShop.ma\"},\"image\":{\"@id\":\"https:\/\/ajishop.ma\/#\/schema\/logo\/image\/\"}}]}<\/script>\n<!-- \/ Yoast SEO plugin. -->","yoast_head_json":{"title":"Meska horra mastic de Chios \/ \u0645\u0633\u0643\u0629 \u062d\u0631\u0629 - AjiShop.ma","robots":{"index":"index","follow":"follow","max-snippet":"max-snippet:-1","max-image-preview":"max-image-preview:large","max-video-preview":"max-video-preview:-1"},"canonical":"https:\/\/ajishop.ma\/ar\/shop\/herbes-et-apothicaire\/herbes\/meska-horra-mastic-de-chios\/","og_locale":"ar_AR","og_type":"article","og_title":"Meska horra mastic de Chios \/ \u0645\u0633\u0643\u0629 \u062d\u0631\u0629 - AjiShop.ma","og_description":"Meska horra mastic de Chios \u0645\u0633\u0643\u0629 \u062d\u0631\u0629 La gomme Arabique (ou meska horra ou gomme d\u2019acacia ou\u00a0mastic gum\u00a0) est un","og_url":"https:\/\/ajishop.ma\/ar\/shop\/herbes-et-apothicaire\/herbes\/meska-horra-mastic-de-chios\/","og_site_name":"AjiShop.ma","article_modified_time":"2024-11-08T22:20:59+00:00","og_image":[{"width":600,"height":600,"url":"https:\/\/ajishop.ma\/wp-content\/uploads\/2024\/11\/mska-1.png","type":"image\/png"}],"twitter_card":"summary_large_image","twitter_misc":{"\u0648\u0642\u062a \u0627\u0644\u0642\u0631\u0627\u0621\u0629 \u0627\u0644\u0645\u064f\u0642\u062f\u0651\u0631":"4 \u062f\u0642\u0627\u0626\u0642"},"schema":{"@context":"https:\/\/schema.org","@graph":[{"@type":"WebPage","@id":"https:\/\/ajishop.ma\/shop\/herbes-et-apothicaire\/herbes\/meska-horra-mastic-de-chios\/","url":"https:\/\/ajishop.ma\/shop\/herbes-et-apothicaire\/herbes\/meska-horra-mastic-de-chios\/","name":"Meska horra mastic de Chios \/ \u0645\u0633\u0643\u0629 \u062d\u0631\u0629 - AjiShop.ma","isPartOf":{"@id":"https:\/\/ajishop.ma\/#website"},"primaryImageOfPage":{"@id":"https:\/\/ajishop.ma\/shop\/herbes-et-apothicaire\/herbes\/meska-horra-mastic-de-chios\/#primaryimage"},"image":{"@id":"https:\/\/ajishop.ma\/shop\/herbes-et-apothicaire\/herbes\/meska-horra-mastic-de-chios\/#primaryimage"},"thumbnailUrl":"https:\/\/ajishop.ma\/wp-content\/uploads\/2024\/11\/mska-1.png","datePublished":"2024-11-08T22:20:05+00:00","dateModified":"2024-11-08T22:20:59+00:00","breadcrumb":{"@id":"https:\/\/ajishop.ma\/shop\/herbes-et-apothicaire\/herbes\/meska-horra-mastic-de-chios\/#breadcrumb"},"inLanguage":"ar","potentialAction":[{"@type":"ReadAction","target":["https:\/\/ajishop.ma\/shop\/herbes-et-apothicaire\/herbes\/meska-horra-mastic-de-chios\/"]}]},{"@type":"ImageObject","inLanguage":"ar","@id":"https:\/\/ajishop.ma\/shop\/herbes-et-apothicaire\/herbes\/meska-horra-mastic-de-chios\/#primaryimage","url":"https:\/\/ajishop.ma\/wp-content\/uploads\/2024\/11\/mska-1.png","contentUrl":"https:\/\/ajishop.ma\/wp-content\/uploads\/2024\/11\/mska-1.png","width":600,"height":600},{"@type":"BreadcrumbList","@id":"https:\/\/ajishop.ma\/shop\/herbes-et-apothicaire\/herbes\/meska-horra-mastic-de-chios\/#breadcrumb","itemListElement":[{"@type":"ListItem","position":1,"name":"Accueil","item":"https:\/\/ajishop.ma\/"},{"@type":"ListItem","position":2,"name":"Magasin","item":"https:\/\/ajishop.ma\/shop\/"},{"@type":"ListItem","position":3,"name":"Meska horra mastic de Chios \/ \u0645\u0633\u0643\u0629 \u062d\u0631\u0629"}]},{"@type":"WebSite","@id":"https:\/\/ajishop.ma\/#website","url":"https:\/\/ajishop.ma\/","name":"AjiShop.ma","description":"Produits 100% naturels, Pour votre bien \u00eatre...","publisher":{"@id":"https:\/\/ajishop.ma\/#organization"},"potentialAction":[{"@type":"SearchAction","target":{"@type":"EntryPoint","urlTemplate":"https:\/\/ajishop.ma\/?s={search_term_string}"},"query-input":{"@type":"PropertyValueSpecification","valueRequired":true,"valueName":"search_term_string"}}],"inLanguage":"ar"},{"@type":"Organization","@id":"https:\/\/ajishop.ma\/#organization","name":"AjiShop.ma","url":"https:\/\/ajishop.ma\/","logo":{"@type":"ImageObject","inLanguage":"ar","@id":"https:\/\/ajishop.ma\/#\/schema\/logo\/image\/","url":"https:\/\/ajishop.ma\/wp-content\/uploads\/2024\/09\/AjiShop.ma-Horizontal-Logo-Green.png","contentUrl":"https:\/\/ajishop.ma\/wp-content\/uploads\/2024\/09\/AjiShop.ma-Horizontal-Logo-Green.png","width":1917,"height":276,"caption":"AjiShop.ma"},"image":{"@id":"https:\/\/ajishop.ma\/#\/schema\/logo\/image\/"}}]}},"_links":{"self":[{"href":"https:\/\/ajishop.ma\/ar\/wp-json\/wp\/v2\/product\/16891"}],"collection":[{"href":"https:\/\/ajishop.ma\/ar\/wp-json\/wp\/v2\/product"}],"about":[{"href":"https:\/\/ajishop.ma\/ar\/wp-json\/wp\/v2\/types\/product"}],"replies":[{"embeddable":true,"href":"https:\/\/ajishop.ma\/ar\/wp-json\/wp\/v2\/comments?post=16891"}],"version-history":[{"count":8,"href":"https:\/\/ajishop.ma\/ar\/wp-json\/wp\/v2\/product\/16891\/revisions"}],"predecessor-version":[{"id":16906,"href":"https:\/\/ajishop.ma\/ar\/wp-json\/wp\/v2\/product\/16891\/revisions\/16906"}],"wp:featuredmedia":[{"embeddable":true,"href":"https:\/\/ajishop.ma\/ar\/wp-json\/wp\/v2\/media\/16892"}],"wp:attachment":[{"href":"https:\/\/ajishop.ma\/ar\/wp-json\/wp\/v2\/media?parent=16891"}],"wp:term":[{"taxonomy":"product_cat","embeddable":true,"href":"https:\/\/ajishop.ma\/ar\/wp-json\/wp\/v2\/product_cat?post=16891"},{"taxonomy":"product_tag","embeddable":true,"href":"https:\/\/ajishop.ma\/ar\/wp-json\/wp\/v2\/product_tag?post=16891"}],"curies":[{"name":"wp","href":"https:\/\/api.w.org\/{rel}","templated":true}]}}