{"id":16926,"date":"2024-11-08T23:52:55","date_gmt":"2024-11-08T22:52:55","guid":{"rendered":"https:\/\/ajishop.ma\/?post_type=product&#038;p=16926"},"modified":"2024-11-08T23:53:21","modified_gmt":"2024-11-08T22:53:21","slug":"herbe-de-palmier-de-maryam","status":"publish","type":"product","link":"https:\/\/ajishop.ma\/ar\/shop\/herbes-et-apothicaire\/herbes\/herbe-de-palmier-de-maryam\/","title":{"rendered":"Herbe de palmier de Maryam \/  \u0639\u0634\u0628\u0629 \u0643\u0641 \u0645\u0631\u064a\u0645"},"content":{"rendered":"<div data-elementor-type=\"wp-post\" data-elementor-id=\"16926\" class=\"elementor elementor-16926\">\n\t\t\t\t<div class=\"wd-negative-gap elementor-element elementor-element-7e86ed8b e-flex e-con-boxed e-con e-parent\" data-id=\"7e86ed8b\" data-element_type=\"container\">\n\t\t\t\t\t<div class=\"e-con-inner\">\n\t\t\t\t<div class=\"elementor-element elementor-element-46116d4e lang-fr color-scheme-inherit text-left elementor-widget elementor-widget-text-editor\" data-id=\"46116d4e\" data-element_type=\"widget\" data-widget_type=\"text-editor.default\">\n\t\t\t\t<div class=\"elementor-widget-container\">\n\t\t\t\t\t\t\t<h1 style=\"font-weight: 500\"><b><strong>Herbe de palmier de Maryam<\/strong><\/b><\/h1>\r\n<p style=\"font-weight: 400\">Bienvenue dans le monde de Mary&#8217;s Palm, une plante naturelle qui allie force et efficacit\u00e9 pour soutenir votre sant\u00e9 et votre bien-\u00eatre. Connu depuis des si\u00e8cles en m\u00e9decine traditionnelle, le palmier sclar\u00e9 est utilis\u00e9 pour favoriser la fertilit\u00e9, r\u00e9guler les hormones et apporter de nombreux bienfaits pour la sant\u00e9 des femmes et des hommes.&#8221;<\/p>\r\n\r\n<h2 style=\"font-weight: 500\"><b><strong>Avantages de l&#8217;herbe de palmier de Marie<\/strong><\/b><\/h2>\r\n<p style=\"font-weight: 400\">Favoriser la fertilit\u00e9 et r\u00e9guler le cycle menstruel:\r\nPalm Maryam aide \u00e0 am\u00e9liorer la fertilit\u00e9 et \u00e0 r\u00e9guler le cycle menstruel, ce qui en fait un choix id\u00e9al pour les femmes qui souhaitent tomber enceinte.<\/p>\r\n<p style=\"font-weight: 400\">Soutenir la sant\u00e9 du syst\u00e8me reproducteur:\r\nAtt\u00e9nue les sympt\u00f4mes du syndrome pr\u00e9menstruel et contribue \u00e0 am\u00e9liorer la sant\u00e9 des seins.<\/p>\r\n<p style=\"font-weight: 400\">Am\u00e9liorer la sant\u00e9 publique:\r\nRenforce le syst\u00e8me immunitaire et contribue \u00e0 am\u00e9liorer la sant\u00e9 digestive et \u00e0 r\u00e9duire l&#8217;inflammation.<\/p>\r\n\r\n<h3 style=\"font-weight: 500\"><b><strong>Fa\u00e7ons d\u2019utiliser l\u2019herbe de palmier Maryam<\/strong><\/b><\/h3>\r\n<p style=\"font-weight: 400\">Maryam peut \u00eatre utilis\u00e9e de nombreuses fa\u00e7ons, que ce soit sous forme de compl\u00e9ments nutritionnels, de th\u00e9 ou m\u00eame comme \u00e9pice. Pour de meilleurs r\u00e9sultats, il est recommand\u00e9 de le prendre r\u00e9guli\u00e8rement selon les directives recommand\u00e9es.<\/p>\r\n<p style=\"font-weight: 400\">Achetez maintenant et recevez un cadeau sp\u00e9cial avec votre commande chez Zeina Store\u00a0!<\/p>\r\n<p style=\"font-weight: 400\">Le produit et le cadeau arrivent \u00e0 votre porte, vous offrant confort et luxe.<\/p>\t\t\t\t\t\t<\/div>\n\t\t\t\t<\/div>\n\t\t\t\t\t<\/div>\n\t\t\t\t<\/div>\n\t\t<div class=\"wd-negative-gap elementor-element elementor-element-ce0b774 e-flex e-con-boxed e-con e-parent\" data-id=\"ce0b774\" data-element_type=\"container\">\n\t\t\t\t\t<div class=\"e-con-inner\">\n\t\t\t\t<div class=\"elementor-element elementor-element-df50d2c lang-ar color-scheme-inherit text-left elementor-widget elementor-widget-text-editor\" data-id=\"df50d2c\" data-element_type=\"widget\" data-widget_type=\"text-editor.default\">\n\t\t\t\t<div class=\"elementor-widget-container\">\n\t\t\t\t\t\t\t<h1 style=\"font-weight: 500;text-align: center\"><b><strong>\u0639\u0634\u0628\u0629 \u0643\u0641 \u0645\u0631\u064a\u0645<\/strong><\/b><\/h1><p style=\"font-weight: 400;text-align: center\"><span style=\"font-size: 14pt\">\u0645\u0631\u062d\u0628\u064b\u0627 \u0628\u0643 \u0641\u064a \u0639\u0627\u0644\u0645 \u0639\u0634\u0628\u0629 \u0643\u0641 \u0645\u0631\u064a\u0645\u060c \u0627\u0644\u0639\u0634\u0628\u0629 \u0627\u0644\u0637\u0628\u064a\u0639\u064a\u0629 \u0627\u0644\u062a\u064a \u062a\u062c\u0645\u0639 \u0628\u064a\u0646 \u0627\u0644\u0642\u0648\u0629 \u0648\u0627\u0644\u0641\u0639\u0627\u0644\u064a\u0629 \u0644\u062f\u0639\u0645 \u0635\u062d\u062a\u0643 \u0648\u0631\u0641\u0627\u0647\u064a\u062a\u0643. \u0645\u0639\u0631\u0648\u0641\u0629 \u0645\u0646\u0630 \u0642\u0631\u0648\u0646 \u0641\u064a \u0627\u0644\u0637\u0628 \u0627\u0644\u062a\u0642\u0644\u064a\u062f\u064a\u060c \u062a\u064f\u0633\u062a\u062e\u062f\u0645 \u0643\u0641 \u0645\u0631\u064a\u0645 \u0644\u062a\u0639\u0632\u064a\u0632 \u0627\u0644\u062e\u0635\u0648\u0628\u0629\u060c \u062a\u0646\u0638\u064a\u0645 \u0627\u0644\u0647\u0631\u0645\u0648\u0646\u0627\u062a\u060c \u0648\u062a\u0642\u062f\u064a\u0645 \u0627\u0644\u0639\u062f\u064a\u062f \u0645\u0646 \u0627\u0644\u0641\u0648\u0627\u0626\u062f \u0627\u0644\u0635\u062d\u064a\u0629 \u0644\u0643\u0644 \u0645\u0646 \u0627\u0644\u0646\u0633\u0627\u0621 \u0648\u0627\u0644\u0631\u062c\u0627\u0644.&#8221;<\/span><\/p><h2 style=\"font-weight: 500;text-align: center\"><span style=\"font-size: 14pt\"><b><strong>\u0641\u0648\u0627\u0626\u062f \u0639\u0634\u0628\u0629 \u0643\u0641 \u0645\u0631\u064a\u0645<\/strong><\/b><\/span><\/h2><p style=\"font-weight: 400;text-align: center\"><span style=\"font-size: 14pt\">\u062a\u0639\u0632\u064a\u0632 \u0627\u0644\u062e\u0635\u0648\u0628\u0629 \u0648\u062a\u0646\u0638\u064a\u0645 \u0627\u0644\u062f\u0648\u0631\u0629 \u0627\u0644\u0634\u0647\u0631\u064a\u0629:<\/span><br \/><span style=\"font-size: 14pt\">\u062a\u0633\u0627\u0639\u062f \u0639\u0634\u0628\u0629 \u0643\u0641 \u0645\u0631\u064a\u0645 \u0641\u064a \u062a\u062d\u0633\u064a\u0646 \u0627\u0644\u062e\u0635\u0648\u0628\u0629 \u0648\u062a\u0646\u0638\u064a\u0645 \u0627\u0644\u062f\u0648\u0631\u0629 \u0627\u0644\u0634\u0647\u0631\u064a\u0629\u060c \u0645\u0645\u0627 \u064a\u062c\u0639\u0644\u0647\u0627 \u062e\u064a\u0627\u0631\u064b\u0627 \u0645\u062b\u0627\u0644\u064a\u064b\u0627 \u0644\u0644\u0646\u0633\u0627\u0621 \u0627\u0644\u0631\u0627\u063a\u0628\u0627\u062a \u0641\u064a \u062a\u062d\u0642\u064a\u0642 \u0627\u0644\u062d\u0645\u0644.<\/span><\/p><p style=\"font-weight: 400;text-align: center\"><span style=\"font-size: 14pt\">\u062f\u0639\u0645 \u0635\u062d\u0629 \u0627\u0644\u062c\u0647\u0627\u0632 \u0627\u0644\u062a\u0646\u0627\u0633\u0644\u064a:<\/span><br \/><span style=\"font-size: 14pt\">\u062a\u062e\u0641\u0641 \u0645\u0646 \u0623\u0639\u0631\u0627\u0636 \u0645\u062a\u0644\u0627\u0632\u0645\u0629 \u0645\u0627 \u0642\u0628\u0644 \u0627\u0644\u062d\u064a\u0636 \u0648\u062a\u0633\u0627\u0639\u062f \u0641\u064a \u062a\u062d\u0633\u064a\u0646 \u0635\u062d\u0629 \u0627\u0644\u062b\u062f\u064a.<\/span><\/p><p style=\"font-weight: 400;text-align: center\"><span style=\"font-size: 14pt\">\u062a\u062d\u0633\u064a\u0646 \u0627\u0644\u0635\u062d\u0629 \u0627\u0644\u0639\u0627\u0645\u0629:<\/span><br \/><span style=\"font-size: 14pt\">\u062a\u0642\u0648\u064a \u0627\u0644\u062c\u0647\u0627\u0632 \u0627\u0644\u0645\u0646\u0627\u0639\u064a \u0648\u062a\u0633\u0627\u0647\u0645 \u0641\u064a \u062a\u062d\u0633\u064a\u0646 \u0627\u0644\u0635\u062d\u0629 \u0627\u0644\u0647\u0636\u0645\u064a\u0629 \u0648\u062a\u062e\u0641\u064a\u0641 \u0627\u0644\u0627\u0644\u062a\u0647\u0627\u0628\u0627\u062a.<\/span><\/p><h3 style=\"font-weight: 500;text-align: center\"><span style=\"font-size: 14pt\"><b><strong>\u0637\u0631\u0642 \u0627\u0633\u062a\u062e\u062f\u0627\u0645 \u0639\u0634\u0628\u0629 \u0643\u0641 \u0645\u0631\u064a\u0645<\/strong><\/b><\/span><\/h3><p style=\"font-weight: 400;text-align: center\"><span style=\"font-size: 14pt\">\u064a\u0645\u0643\u0646 \u0627\u0633\u062a\u062e\u062f\u0627\u0645 \u0639\u0634\u0628\u0629 \u0643\u0641 \u0645\u0631\u064a\u0645 \u0628\u0639\u062f\u0629 \u0637\u0631\u0642\u060c \u0633\u0648\u0627\u0621 \u0639\u0644\u0649 \u0634\u0643\u0644 \u0645\u0643\u0645\u0644\u0627\u062a \u063a\u0630\u0627\u0626\u064a\u0629\u060c \u0634\u0627\u064a\u060c \u0623\u0648 \u062d\u062a\u0649 \u0643\u062a\u0648\u0627\u0628\u0644. \u0644\u0644\u062d\u0635\u0648\u0644 \u0639\u0644\u0649 \u0623\u0641\u0636\u0644 \u0627\u0644\u0646\u062a\u0627\u0626\u062c\u060c \u064a\u0646\u0635\u062d \u0628\u062a\u0646\u0627\u0648\u0644\u0647\u0627 \u0628\u0627\u0646\u062a\u0638\u0627\u0645 \u0648\u0641\u0642\u064b\u0627 \u0644\u0644\u0625\u0631\u0634\u0627\u062f\u0627\u062a \u0627\u0644\u0645\u0648\u0635\u064a \u0628\u0647\u0627<\/span><\/p>\t\t\t\t\t\t<\/div>\n\t\t\t\t<\/div>\n\t\t\t\t\t<\/div>\n\t\t\t\t<\/div>\n\t\t\t\t<\/div>","protected":false},"excerpt":{"rendered":"<p>Herbe de palmier de Maryam Bienvenue dans le monde de Mary&#8217;s Palm, une plante naturelle qui allie force et efficacit\u00e9<\/p>","protected":false},"featured_media":16927,"comment_status":"open","ping_status":"closed","template":"","meta":[],"product_cat":[32,75],"product_tag":[],"yoast_head":"<!-- This site is optimized with the Yoast SEO plugin v23.4 - https:\/\/yoast.com\/wordpress\/plugins\/seo\/ -->\n<title>Herbe de palmier de Maryam \/ \u0639\u0634\u0628\u0629 \u0643\u0641 \u0645\u0631\u064a\u0645 - AjiShop.ma<\/title>\n<meta name=\"robots\" content=\"index, follow, max-snippet:-1, max-image-preview:large, max-video-preview:-1\" \/>\n<link rel=\"canonical\" href=\"https:\/\/ajishop.ma\/ar\/shop\/herbes-et-apothicaire\/herbes\/herbe-de-palmier-de-maryam\/\" \/>\n<meta property=\"og:locale\" content=\"ar_AR\" \/>\n<meta property=\"og:type\" content=\"article\" \/>\n<meta property=\"og:title\" content=\"Herbe de palmier de Maryam \/ \u0639\u0634\u0628\u0629 \u0643\u0641 \u0645\u0631\u064a\u0645 - AjiShop.ma\" \/>\n<meta property=\"og:description\" content=\"Herbe de palmier de Maryam Bienvenue dans le monde de Mary&#8217;s Palm, une plante naturelle qui allie force et efficacit\u00e9\" \/>\n<meta property=\"og:url\" content=\"https:\/\/ajishop.ma\/ar\/shop\/herbes-et-apothicaire\/herbes\/herbe-de-palmier-de-maryam\/\" \/>\n<meta property=\"og:site_name\" content=\"AjiShop.ma\" \/>\n<meta property=\"article:modified_time\" content=\"2024-11-08T22:53:21+00:00\" \/>\n<meta property=\"og:image\" content=\"https:\/\/ajishop.ma\/wp-content\/uploads\/2024\/11\/mariam.jpg\" \/>\n\t<meta property=\"og:image:width\" content=\"400\" \/>\n\t<meta property=\"og:image:height\" content=\"400\" \/>\n\t<meta property=\"og:image:type\" content=\"image\/jpeg\" \/>\n<meta name=\"twitter:card\" content=\"summary_large_image\" \/>\n<meta name=\"twitter:label1\" content=\"\u0648\u0642\u062a \u0627\u0644\u0642\u0631\u0627\u0621\u0629 \u0627\u0644\u0645\u064f\u0642\u062f\u0651\u0631\" \/>\n\t<meta name=\"twitter:data1\" content=\"\u062f\u0642\u064a\u0642\u062a\u0627\u0646\" \/>\n<script type=\"application\/ld+json\" class=\"yoast-schema-graph\">{\"@context\":\"https:\/\/schema.org\",\"@graph\":[{\"@type\":\"WebPage\",\"@id\":\"https:\/\/ajishop.ma\/shop\/herbes-et-apothicaire\/herbes\/herbe-de-palmier-de-maryam\/\",\"url\":\"https:\/\/ajishop.ma\/shop\/herbes-et-apothicaire\/herbes\/herbe-de-palmier-de-maryam\/\",\"name\":\"Herbe de palmier de Maryam \/ \u0639\u0634\u0628\u0629 \u0643\u0641 \u0645\u0631\u064a\u0645 - AjiShop.ma\",\"isPartOf\":{\"@id\":\"https:\/\/ajishop.ma\/#website\"},\"primaryImageOfPage\":{\"@id\":\"https:\/\/ajishop.ma\/shop\/herbes-et-apothicaire\/herbes\/herbe-de-palmier-de-maryam\/#primaryimage\"},\"image\":{\"@id\":\"https:\/\/ajishop.ma\/shop\/herbes-et-apothicaire\/herbes\/herbe-de-palmier-de-maryam\/#primaryimage\"},\"thumbnailUrl\":\"https:\/\/ajishop.ma\/wp-content\/uploads\/2024\/11\/mariam.jpg\",\"datePublished\":\"2024-11-08T22:52:55+00:00\",\"dateModified\":\"2024-11-08T22:53:21+00:00\",\"breadcrumb\":{\"@id\":\"https:\/\/ajishop.ma\/shop\/herbes-et-apothicaire\/herbes\/herbe-de-palmier-de-maryam\/#breadcrumb\"},\"inLanguage\":\"ar\",\"potentialAction\":[{\"@type\":\"ReadAction\",\"target\":[\"https:\/\/ajishop.ma\/shop\/herbes-et-apothicaire\/herbes\/herbe-de-palmier-de-maryam\/\"]}]},{\"@type\":\"ImageObject\",\"inLanguage\":\"ar\",\"@id\":\"https:\/\/ajishop.ma\/shop\/herbes-et-apothicaire\/herbes\/herbe-de-palmier-de-maryam\/#primaryimage\",\"url\":\"https:\/\/ajishop.ma\/wp-content\/uploads\/2024\/11\/mariam.jpg\",\"contentUrl\":\"https:\/\/ajishop.ma\/wp-content\/uploads\/2024\/11\/mariam.jpg\",\"width\":400,\"height\":400},{\"@type\":\"BreadcrumbList\",\"@id\":\"https:\/\/ajishop.ma\/shop\/herbes-et-apothicaire\/herbes\/herbe-de-palmier-de-maryam\/#breadcrumb\",\"itemListElement\":[{\"@type\":\"ListItem\",\"position\":1,\"name\":\"Accueil\",\"item\":\"https:\/\/ajishop.ma\/\"},{\"@type\":\"ListItem\",\"position\":2,\"name\":\"Magasin\",\"item\":\"https:\/\/ajishop.ma\/shop\/\"},{\"@type\":\"ListItem\",\"position\":3,\"name\":\"Herbe de palmier de Maryam \/ \u0639\u0634\u0628\u0629 \u0643\u0641 \u0645\u0631\u064a\u0645\"}]},{\"@type\":\"WebSite\",\"@id\":\"https:\/\/ajishop.ma\/#website\",\"url\":\"https:\/\/ajishop.ma\/\",\"name\":\"AjiShop.ma\",\"description\":\"Produits 100% naturels, Pour votre bien \u00eatre...\",\"publisher\":{\"@id\":\"https:\/\/ajishop.ma\/#organization\"},\"potentialAction\":[{\"@type\":\"SearchAction\",\"target\":{\"@type\":\"EntryPoint\",\"urlTemplate\":\"https:\/\/ajishop.ma\/?s={search_term_string}\"},\"query-input\":{\"@type\":\"PropertyValueSpecification\",\"valueRequired\":true,\"valueName\":\"search_term_string\"}}],\"inLanguage\":\"ar\"},{\"@type\":\"Organization\",\"@id\":\"https:\/\/ajishop.ma\/#organization\",\"name\":\"AjiShop.ma\",\"url\":\"https:\/\/ajishop.ma\/\",\"logo\":{\"@type\":\"ImageObject\",\"inLanguage\":\"ar\",\"@id\":\"https:\/\/ajishop.ma\/#\/schema\/logo\/image\/\",\"url\":\"https:\/\/ajishop.ma\/wp-content\/uploads\/2024\/09\/AjiShop.ma-Horizontal-Logo-Green.png\",\"contentUrl\":\"https:\/\/ajishop.ma\/wp-content\/uploads\/2024\/09\/AjiShop.ma-Horizontal-Logo-Green.png\",\"width\":1917,\"height\":276,\"caption\":\"AjiShop.ma\"},\"image\":{\"@id\":\"https:\/\/ajishop.ma\/#\/schema\/logo\/image\/\"}}]}<\/script>\n<!-- \/ Yoast SEO plugin. -->","yoast_head_json":{"title":"Herbe de palmier de Maryam \/ \u0639\u0634\u0628\u0629 \u0643\u0641 \u0645\u0631\u064a\u0645 - AjiShop.ma","robots":{"index":"index","follow":"follow","max-snippet":"max-snippet:-1","max-image-preview":"max-image-preview:large","max-video-preview":"max-video-preview:-1"},"canonical":"https:\/\/ajishop.ma\/ar\/shop\/herbes-et-apothicaire\/herbes\/herbe-de-palmier-de-maryam\/","og_locale":"ar_AR","og_type":"article","og_title":"Herbe de palmier de Maryam \/ \u0639\u0634\u0628\u0629 \u0643\u0641 \u0645\u0631\u064a\u0645 - AjiShop.ma","og_description":"Herbe de palmier de Maryam Bienvenue dans le monde de Mary&#8217;s Palm, une plante naturelle qui allie force et efficacit\u00e9","og_url":"https:\/\/ajishop.ma\/ar\/shop\/herbes-et-apothicaire\/herbes\/herbe-de-palmier-de-maryam\/","og_site_name":"AjiShop.ma","article_modified_time":"2024-11-08T22:53:21+00:00","og_image":[{"width":400,"height":400,"url":"https:\/\/ajishop.ma\/wp-content\/uploads\/2024\/11\/mariam.jpg","type":"image\/jpeg"}],"twitter_card":"summary_large_image","twitter_misc":{"\u0648\u0642\u062a \u0627\u0644\u0642\u0631\u0627\u0621\u0629 \u0627\u0644\u0645\u064f\u0642\u062f\u0651\u0631":"\u062f\u0642\u064a\u0642\u062a\u0627\u0646"},"schema":{"@context":"https:\/\/schema.org","@graph":[{"@type":"WebPage","@id":"https:\/\/ajishop.ma\/shop\/herbes-et-apothicaire\/herbes\/herbe-de-palmier-de-maryam\/","url":"https:\/\/ajishop.ma\/shop\/herbes-et-apothicaire\/herbes\/herbe-de-palmier-de-maryam\/","name":"Herbe de palmier de Maryam \/ \u0639\u0634\u0628\u0629 \u0643\u0641 \u0645\u0631\u064a\u0645 - AjiShop.ma","isPartOf":{"@id":"https:\/\/ajishop.ma\/#website"},"primaryImageOfPage":{"@id":"https:\/\/ajishop.ma\/shop\/herbes-et-apothicaire\/herbes\/herbe-de-palmier-de-maryam\/#primaryimage"},"image":{"@id":"https:\/\/ajishop.ma\/shop\/herbes-et-apothicaire\/herbes\/herbe-de-palmier-de-maryam\/#primaryimage"},"thumbnailUrl":"https:\/\/ajishop.ma\/wp-content\/uploads\/2024\/11\/mariam.jpg","datePublished":"2024-11-08T22:52:55+00:00","dateModified":"2024-11-08T22:53:21+00:00","breadcrumb":{"@id":"https:\/\/ajishop.ma\/shop\/herbes-et-apothicaire\/herbes\/herbe-de-palmier-de-maryam\/#breadcrumb"},"inLanguage":"ar","potentialAction":[{"@type":"ReadAction","target":["https:\/\/ajishop.ma\/shop\/herbes-et-apothicaire\/herbes\/herbe-de-palmier-de-maryam\/"]}]},{"@type":"ImageObject","inLanguage":"ar","@id":"https:\/\/ajishop.ma\/shop\/herbes-et-apothicaire\/herbes\/herbe-de-palmier-de-maryam\/#primaryimage","url":"https:\/\/ajishop.ma\/wp-content\/uploads\/2024\/11\/mariam.jpg","contentUrl":"https:\/\/ajishop.ma\/wp-content\/uploads\/2024\/11\/mariam.jpg","width":400,"height":400},{"@type":"BreadcrumbList","@id":"https:\/\/ajishop.ma\/shop\/herbes-et-apothicaire\/herbes\/herbe-de-palmier-de-maryam\/#breadcrumb","itemListElement":[{"@type":"ListItem","position":1,"name":"Accueil","item":"https:\/\/ajishop.ma\/"},{"@type":"ListItem","position":2,"name":"Magasin","item":"https:\/\/ajishop.ma\/shop\/"},{"@type":"ListItem","position":3,"name":"Herbe de palmier de Maryam \/ \u0639\u0634\u0628\u0629 \u0643\u0641 \u0645\u0631\u064a\u0645"}]},{"@type":"WebSite","@id":"https:\/\/ajishop.ma\/#website","url":"https:\/\/ajishop.ma\/","name":"AjiShop.ma","description":"Produits 100% naturels, Pour votre bien \u00eatre...","publisher":{"@id":"https:\/\/ajishop.ma\/#organization"},"potentialAction":[{"@type":"SearchAction","target":{"@type":"EntryPoint","urlTemplate":"https:\/\/ajishop.ma\/?s={search_term_string}"},"query-input":{"@type":"PropertyValueSpecification","valueRequired":true,"valueName":"search_term_string"}}],"inLanguage":"ar"},{"@type":"Organization","@id":"https:\/\/ajishop.ma\/#organization","name":"AjiShop.ma","url":"https:\/\/ajishop.ma\/","logo":{"@type":"ImageObject","inLanguage":"ar","@id":"https:\/\/ajishop.ma\/#\/schema\/logo\/image\/","url":"https:\/\/ajishop.ma\/wp-content\/uploads\/2024\/09\/AjiShop.ma-Horizontal-Logo-Green.png","contentUrl":"https:\/\/ajishop.ma\/wp-content\/uploads\/2024\/09\/AjiShop.ma-Horizontal-Logo-Green.png","width":1917,"height":276,"caption":"AjiShop.ma"},"image":{"@id":"https:\/\/ajishop.ma\/#\/schema\/logo\/image\/"}}]}},"_links":{"self":[{"href":"https:\/\/ajishop.ma\/ar\/wp-json\/wp\/v2\/product\/16926"}],"collection":[{"href":"https:\/\/ajishop.ma\/ar\/wp-json\/wp\/v2\/product"}],"about":[{"href":"https:\/\/ajishop.ma\/ar\/wp-json\/wp\/v2\/types\/product"}],"replies":[{"embeddable":true,"href":"https:\/\/ajishop.ma\/ar\/wp-json\/wp\/v2\/comments?post=16926"}],"version-history":[{"count":9,"href":"https:\/\/ajishop.ma\/ar\/wp-json\/wp\/v2\/product\/16926\/revisions"}],"predecessor-version":[{"id":16941,"href":"https:\/\/ajishop.ma\/ar\/wp-json\/wp\/v2\/product\/16926\/revisions\/16941"}],"wp:featuredmedia":[{"embeddable":true,"href":"https:\/\/ajishop.ma\/ar\/wp-json\/wp\/v2\/media\/16927"}],"wp:attachment":[{"href":"https:\/\/ajishop.ma\/ar\/wp-json\/wp\/v2\/media?parent=16926"}],"wp:term":[{"taxonomy":"product_cat","embeddable":true,"href":"https:\/\/ajishop.ma\/ar\/wp-json\/wp\/v2\/product_cat?post=16926"},{"taxonomy":"product_tag","embeddable":true,"href":"https:\/\/ajishop.ma\/ar\/wp-json\/wp\/v2\/product_tag?post=16926"}],"curies":[{"name":"wp","href":"https:\/\/api.w.org\/{rel}","templated":true}]}}