{"id":16942,"date":"2024-11-09T00:02:27","date_gmt":"2024-11-08T23:02:27","guid":{"rendered":"https:\/\/ajishop.ma\/?post_type=product&#038;p=16942"},"modified":"2024-11-09T00:02:58","modified_gmt":"2024-11-08T23:02:58","slug":"herbe-de-verveine","status":"publish","type":"product","link":"https:\/\/ajishop.ma\/ar\/shop\/herbes-et-apothicaire\/herbes\/herbe-de-verveine\/","title":{"rendered":"Herbe de Verveine \/  \u0639\u0634\u0628\u0629 \u0627\u0644\u0644\u0648\u064a\u0632\u0629"},"content":{"rendered":"<div data-elementor-type=\"wp-post\" data-elementor-id=\"16942\" class=\"elementor elementor-16942\">\n\t\t\t\t<div class=\"wd-negative-gap elementor-element elementor-element-5482b902 e-flex e-con-boxed e-con e-parent\" data-id=\"5482b902\" data-element_type=\"container\">\n\t\t\t\t\t<div class=\"e-con-inner\">\n\t\t\t\t<div class=\"elementor-element elementor-element-3abe1050 lang-fr color-scheme-inherit text-left elementor-widget elementor-widget-text-editor\" data-id=\"3abe1050\" data-element_type=\"widget\" data-widget_type=\"text-editor.default\">\n\t\t\t\t<div class=\"elementor-widget-container\">\n\t\t\t\t\t\t\t<h1 style=\"font-weight: 500\"><b><strong>Herbe de verveine marocaine<\/strong><\/b><\/h1>\r\n<p style=\"font-weight: 400\">La verveine du Maroc est un type de plante vivace aux grands bienfaits et propri\u00e9t\u00e9s aromatiques et m\u00e9dicinales qui la rendent utilis\u00e9e dans la pr\u00e9paration de nombreux m\u00e9dicaments. Elle est \u00e9galement utilis\u00e9e comme boisson m\u00e9dicinale et est utilis\u00e9e dans la fabrication de parfums..<\/p>\r\n<p style=\"font-weight: 400\"><b><strong>Bienfaits de la verveine\u00a0\u00a0du Maroc<\/strong><\/b><\/p>\r\n\r\n<ul style=\"font-weight: 400\">\r\n \t<li>R\u00e9duction des crampes menstruelles.<\/li>\r\n \t<li>Cela am\u00e9liore la digestion.<\/li>\r\n \t<li>Utile pour mincir et lutter contre les probl\u00e8mes d\u2019ob\u00e9sit\u00e9.<\/li>\r\n \t<li>Utile\u00a0Faible taux de cholest\u00e9rol sanguin.<\/li>\r\n \t<li>La verveine poss\u00e8de les \u00e9l\u00e9ments n\u00e9cessaires pour entretenir et soigner la peau.<\/li>\r\n \t<li>Soulage le stress et aide \u00e0 se d\u00e9tendre.<\/li>\r\n<\/ul>\r\n<p style=\"font-weight: 400\"><b><strong>Comment utiliser\u00a0Herbe\u00a0verveine marocaine<\/strong><\/b><\/p>\r\n<p style=\"font-weight: 400\">L&#8217;eau doit \u00eatre chauff\u00e9e jusqu&#8217;\u00e0 ce qu&#8217;elle atteigne environ 90 degr\u00e9s (il est important de ne pas la laisser bouillir). Une fois le feu \u00e9teint, placez la verveine dans la th\u00e9i\u00e8re avec l&#8217;eau, couvrez-la et laissez-la reposer plusieurs minutes avant de la boire..<\/p>\r\n<p style=\"font-weight: 400\">Pour rendre la boisson sp\u00e9ciale, vous pouvez ajouter du miel ou un certain type d&#8217;\u00e9dulcorant. Si vous aimez les saveurs acides, vous pouvez ajouter un peu de jus de citron. Pour obtenir un go\u00fbt plus rafra\u00eechissant, il est pr\u00e9f\u00e9rable d&#8217;ajouter de la menthe<\/p>\t\t\t\t\t\t<\/div>\n\t\t\t\t<\/div>\n\t\t\t\t\t<\/div>\n\t\t\t\t<\/div>\n\t\t<div class=\"wd-negative-gap elementor-element elementor-element-5053956 e-flex e-con-boxed e-con e-parent\" data-id=\"5053956\" data-element_type=\"container\">\n\t\t\t\t\t<div class=\"e-con-inner\">\n\t\t\t\t<div class=\"elementor-element elementor-element-ee920b1 lang-ar color-scheme-inherit text-left elementor-widget elementor-widget-text-editor\" data-id=\"ee920b1\" data-element_type=\"widget\" data-widget_type=\"text-editor.default\">\n\t\t\t\t<div class=\"elementor-widget-container\">\n\t\t\t\t\t\t\t<p style=\"text-align: right\">.<\/p><h1 style=\"font-weight: 500;text-align: right\"><span style=\"font-size: 14pt\"><b><strong>\u0639\u0634\u0628\u0629 \u0627\u0644\u0644\u0648\u064a\u0632\u0629 \u0627\u0644\u0645\u063a\u0631\u0628\u064a\u0629<\/strong><\/b><\/span><\/h1><p style=\"font-weight: 400;text-align: right\"><span style=\"font-size: 14pt\">\u0639\u0634\u0628\u0629 \u0627\u0644\u0644\u0648\u064a\u0632\u0629 \u0627\u0644\u0645\u063a\u0631\u0628\u064a\u0629 \u0647\u064a \u0646\u0648\u0639\u064c \u0645\u0646 \u0627\u0644\u0646\u0628\u0627\u062a\u0627\u062a \u0627\u0644\u0645\u0639\u0645\u0631\u0629 \u0630\u0627\u062a \u0641\u0648\u0627\u0626\u062f \u0648 \u062e\u0635\u0627\u0626\u0635 \u0639\u0637\u0631\u064a\u0629 \u0648\u0637\u0628\u064a\u0629 \u0643\u0628\u064a\u0631\u0629 \u062a\u062c\u0639\u0644\u0647\u0627 \u062a\u062f\u062e\u0644 \u0641\u064a \u0625\u0639\u062f\u0627\u062f \u0627\u0644\u0643\u062b\u064a\u0631 \u0645\u0646 \u0627\u0644\u0623\u062f\u0648\u064a\u0629\u060c \u0643\u0645\u0627 \u062a\u064f\u0633\u062a\u062e\u062f\u0645 \u0643\u0645\u0634\u0631\u0648\u0628\u064d \u0637\u0628\u064a\u060c \u0648 \u062a\u062f\u062e\u0644 \u0641\u064a \u062a\u0635\u0646\u064a\u0639 \u0627\u0644\u0639\u0637\u0648\u0631.<\/span><\/p><p style=\"font-weight: 400;text-align: right\"><span style=\"font-size: 14pt\"><b><strong>\u0641\u0648\u0627\u0626\u062f \u0639\u0634\u0628\u0629\u00a0\u0627\u0644\u0644\u0648\u064a\u0632\u0629\u00a0\u0627\u0644\u0645\u063a\u0631\u0628\u064a\u0629<\/strong><\/b><\/span><\/p><ul style=\"font-weight: 400;text-align: right\"><li><span style=\"font-size: 14pt\">\u0627\u0646\u062e\u0641\u0627\u0636 \u062a\u0634\u0646\u062c\u0627\u062a \u0627\u0644\u062f\u0648\u0631\u0629 \u0627\u0644\u0634\u0647\u0631\u064a\u0629.<\/span><\/li><li><span style=\"font-size: 14pt\">\u062a\u0639\u0645\u0644 \u0639\u0644\u0649\u00a0\u062a\u062d\u0633\u064a\u0646 \u0627\u0644\u0647\u0636\u0645.<\/span><\/li><li><span style=\"font-size: 14pt\">\u0645\u0641\u064a\u062f\u0629 \u0644\u0644\u062a\u0646\u062d\u064a\u0641 \u0648\u0645\u062d\u0627\u0631\u0628\u0629 \u0645\u0634\u0627\u0643\u0644 \u0627\u0644\u0633\u0645\u0646\u0629.<\/span><\/li><li><span style=\"font-size: 14pt\">\u0645\u0641\u064a\u062f\u0629\u00a0\u0627\u0646\u062e\u0641\u0627\u0636 \u0627\u0644\u0643\u0648\u0644\u064a\u0633\u062a\u0631\u0648\u0644 \u0641\u064a \u0627\u0644\u062f\u0645.<\/span><\/li><li><span style=\"font-size: 14pt\">\u0644\u062f\u0649 \u0639\u0634\u0628\u0629 \u0627\u0644\u0644\u0648\u064a\u0632\u0629 \u0627\u0644\u0639\u0646\u0627\u0635\u0631 \u0627\u0644\u0636\u0631\u0648\u0631\u064a\u0629 \u0644\u0644\u062d\u0641\u0627\u0638 \u0648 \u0627\u0644\u0639\u0646\u0627\u064a\u0629 \u0628\u0627\u0644\u0628\u0634\u0631\u0629.<\/span><\/li><li><span style=\"font-size: 14pt\">\u062a\u062e\u0641\u0641 \u0627\u0644\u062a\u0648\u062a\u0631 \u0648 \u062a\u0633\u0627\u0639\u062f \u0639\u0644\u0649 \u0627\u0644\u0625\u0633\u062a\u0631\u062e\u0627\u0621.<\/span><br \/><br \/><\/li><\/ul><p style=\"font-weight: 400;text-align: right\"><span style=\"font-size: 14pt\"><b><strong>\u0637\u0631\u064a\u0642\u0629 \u0627\u0633\u062a\u0639\u0645\u0627\u0644\u00a0\u0639\u0634\u0628\u0629\u00a0\u0627\u0644\u0644\u0648\u064a\u0632\u0629 \u0627\u0644\u0645\u063a\u0631\u0628\u064a\u0629<\/strong><\/b><\/span><\/p><p style=\"font-weight: 400;text-align: right\"><span style=\"font-size: 14pt\">\u064a\u062c\u0628\u00a0\u062a\u0633\u062e\u064a\u0646 \u0627\u0644\u0645\u0627\u0621 \u062d\u062a\u0649 \u064a\u0635\u0644 \u0625\u0644\u0649 \u062d\u0648\u0627\u0644\u064a 90 \u062f\u0631\u062c\u0629 (\u0645\u0646 \u0627\u0644\u0645\u0647\u0645 \u0623\u0644\u0627 \u062a\u062f\u0639\u0647 \u064a\u063a\u0644\u064a). \u0628\u0645\u062c\u0631\u062f \u0625\u0637\u0641\u0627\u0621 \u0627\u0644\u0646\u0627\u0631\u060c \u0636\u0639 \u0639\u0634\u0628\u0629 \u0627\u0644\u0644\u0648\u064a\u0632\u0629 \u0641\u064a \u0625\u0628\u0631\u064a\u0642 \u0627\u0644\u0634\u0627\u064a \u0645\u0639 \u0627\u0644\u0645\u0627\u0621\u060c \u0648\u0642\u0645 \u0628\u062a\u063a\u0637\u064a\u062a\u0647 \u060c \u0648\u0627\u062a\u0631\u0643\u0647 \u064a\u0633\u062a\u0631\u064a\u062d \u0644\u0639\u062f\u0629 \u062f\u0642\u0627\u0626\u0642 \u0642\u0628\u0644 \u0634\u0631\u0628\u0647.<\/span><\/p><p style=\"font-weight: 400;text-align: right\"><span style=\"font-size: 14pt\">\u0648 \u0644\u064a\u0643\u0648\u0646 \u0644\u0644\u0645\u0634\u0631\u0648\u0628 \u0644\u0630\u0629 \u062e\u0627\u0635\u0629\u060c \u064a\u0645\u0643\u0646\u0643 \u0625\u0636\u0627\u0641\u0629 \u0627\u0644\u0639\u0633\u0644 \u0623\u0648 \u0646\u0648\u0639 \u0645\u0646 \u0623\u0646\u0648\u0627\u0639 \u0627\u0644\u062a\u062d\u0644\u064a\u0629. \u0623\u0645\u0627 \u0625\u0630\u0627 \u0643\u0646\u062a \u0645\u0646 \u0645\u062d\u0628\u064a \u0627\u0644\u0646\u0643\u0647\u0627\u062a \u0627\u0644\u062d\u0645\u0636\u064a\u0629 \u0641\u064a\u0645\u0643\u0646\u0643 \u0625\u0636\u0627\u0641\u0629 \u0628\u0639\u0636 \u0645\u0646 \u0639\u0635\u064a\u0631 \u0627\u0644\u0644\u064a\u0645\u0648\u0646. \u0648\u00a0 \u0644\u0644\u062d\u0635\u0648\u0644 \u0639\u0644\u0649 \u0645\u0630\u0627\u0642 \u0623\u0643\u062b\u0631 \u0627\u0646\u062a\u0639\u0627\u0634 \u064a\u0641\u0636\u0644 \u0625\u0636\u0627\u0641\u0629 \u0627\u0644\u0646\u0639\u0646\u0627\u0639.<\/span><\/p>\t\t\t\t\t\t<\/div>\n\t\t\t\t<\/div>\n\t\t\t\t\t<\/div>\n\t\t\t\t<\/div>\n\t\t\t\t<\/div>","protected":false},"excerpt":{"rendered":"<p>Herbe de verveine marocaine La verveine du Maroc est un type de plante vivace aux grands bienfaits et propri\u00e9t\u00e9s aromatiques<\/p>","protected":false},"featured_media":16943,"comment_status":"open","ping_status":"closed","template":"","meta":[],"product_cat":[32,75],"product_tag":[],"yoast_head":"<!-- This site is optimized with the Yoast SEO plugin v23.4 - https:\/\/yoast.com\/wordpress\/plugins\/seo\/ -->\n<title>Herbe de Verveine \/ \u0639\u0634\u0628\u0629 \u0627\u0644\u0644\u0648\u064a\u0632\u0629 - AjiShop.ma<\/title>\n<meta name=\"robots\" content=\"index, follow, max-snippet:-1, max-image-preview:large, max-video-preview:-1\" \/>\n<link rel=\"canonical\" href=\"https:\/\/ajishop.ma\/ar\/shop\/herbes-et-apothicaire\/herbes\/herbe-de-verveine\/\" \/>\n<meta property=\"og:locale\" content=\"ar_AR\" \/>\n<meta property=\"og:type\" content=\"article\" \/>\n<meta property=\"og:title\" content=\"Herbe de Verveine \/ \u0639\u0634\u0628\u0629 \u0627\u0644\u0644\u0648\u064a\u0632\u0629 - AjiShop.ma\" \/>\n<meta property=\"og:description\" content=\"Herbe de verveine marocaine La verveine du Maroc est un type de plante vivace aux grands bienfaits et propri\u00e9t\u00e9s aromatiques\" \/>\n<meta property=\"og:url\" content=\"https:\/\/ajishop.ma\/ar\/shop\/herbes-et-apothicaire\/herbes\/herbe-de-verveine\/\" \/>\n<meta property=\"og:site_name\" content=\"AjiShop.ma\" \/>\n<meta property=\"article:modified_time\" content=\"2024-11-08T23:02:58+00:00\" \/>\n<meta property=\"og:image\" content=\"https:\/\/ajishop.ma\/wp-content\/uploads\/2024\/11\/lwiza-600x600-1.jpg\" \/>\n\t<meta property=\"og:image:width\" content=\"600\" \/>\n\t<meta property=\"og:image:height\" content=\"600\" \/>\n\t<meta property=\"og:image:type\" content=\"image\/jpeg\" \/>\n<meta name=\"twitter:card\" content=\"summary_large_image\" \/>\n<meta name=\"twitter:label1\" content=\"\u0648\u0642\u062a \u0627\u0644\u0642\u0631\u0627\u0621\u0629 \u0627\u0644\u0645\u064f\u0642\u062f\u0651\u0631\" \/>\n\t<meta name=\"twitter:data1\" content=\"\u062f\u0642\u064a\u0642\u062a\u0627\u0646\" \/>\n<script type=\"application\/ld+json\" class=\"yoast-schema-graph\">{\"@context\":\"https:\/\/schema.org\",\"@graph\":[{\"@type\":\"WebPage\",\"@id\":\"https:\/\/ajishop.ma\/shop\/herbes-et-apothicaire\/herbes\/herbe-de-verveine\/\",\"url\":\"https:\/\/ajishop.ma\/shop\/herbes-et-apothicaire\/herbes\/herbe-de-verveine\/\",\"name\":\"Herbe de Verveine \/ \u0639\u0634\u0628\u0629 \u0627\u0644\u0644\u0648\u064a\u0632\u0629 - AjiShop.ma\",\"isPartOf\":{\"@id\":\"https:\/\/ajishop.ma\/#website\"},\"primaryImageOfPage\":{\"@id\":\"https:\/\/ajishop.ma\/shop\/herbes-et-apothicaire\/herbes\/herbe-de-verveine\/#primaryimage\"},\"image\":{\"@id\":\"https:\/\/ajishop.ma\/shop\/herbes-et-apothicaire\/herbes\/herbe-de-verveine\/#primaryimage\"},\"thumbnailUrl\":\"https:\/\/ajishop.ma\/wp-content\/uploads\/2024\/11\/lwiza-600x600-1.jpg\",\"datePublished\":\"2024-11-08T23:02:27+00:00\",\"dateModified\":\"2024-11-08T23:02:58+00:00\",\"breadcrumb\":{\"@id\":\"https:\/\/ajishop.ma\/shop\/herbes-et-apothicaire\/herbes\/herbe-de-verveine\/#breadcrumb\"},\"inLanguage\":\"ar\",\"potentialAction\":[{\"@type\":\"ReadAction\",\"target\":[\"https:\/\/ajishop.ma\/shop\/herbes-et-apothicaire\/herbes\/herbe-de-verveine\/\"]}]},{\"@type\":\"ImageObject\",\"inLanguage\":\"ar\",\"@id\":\"https:\/\/ajishop.ma\/shop\/herbes-et-apothicaire\/herbes\/herbe-de-verveine\/#primaryimage\",\"url\":\"https:\/\/ajishop.ma\/wp-content\/uploads\/2024\/11\/lwiza-600x600-1.jpg\",\"contentUrl\":\"https:\/\/ajishop.ma\/wp-content\/uploads\/2024\/11\/lwiza-600x600-1.jpg\",\"width\":600,\"height\":600},{\"@type\":\"BreadcrumbList\",\"@id\":\"https:\/\/ajishop.ma\/shop\/herbes-et-apothicaire\/herbes\/herbe-de-verveine\/#breadcrumb\",\"itemListElement\":[{\"@type\":\"ListItem\",\"position\":1,\"name\":\"Accueil\",\"item\":\"https:\/\/ajishop.ma\/\"},{\"@type\":\"ListItem\",\"position\":2,\"name\":\"Magasin\",\"item\":\"https:\/\/ajishop.ma\/shop\/\"},{\"@type\":\"ListItem\",\"position\":3,\"name\":\"Herbe de Verveine \/ \u0639\u0634\u0628\u0629 \u0627\u0644\u0644\u0648\u064a\u0632\u0629\"}]},{\"@type\":\"WebSite\",\"@id\":\"https:\/\/ajishop.ma\/#website\",\"url\":\"https:\/\/ajishop.ma\/\",\"name\":\"AjiShop.ma\",\"description\":\"Produits 100% naturels, Pour votre bien \u00eatre...\",\"publisher\":{\"@id\":\"https:\/\/ajishop.ma\/#organization\"},\"potentialAction\":[{\"@type\":\"SearchAction\",\"target\":{\"@type\":\"EntryPoint\",\"urlTemplate\":\"https:\/\/ajishop.ma\/?s={search_term_string}\"},\"query-input\":{\"@type\":\"PropertyValueSpecification\",\"valueRequired\":true,\"valueName\":\"search_term_string\"}}],\"inLanguage\":\"ar\"},{\"@type\":\"Organization\",\"@id\":\"https:\/\/ajishop.ma\/#organization\",\"name\":\"AjiShop.ma\",\"url\":\"https:\/\/ajishop.ma\/\",\"logo\":{\"@type\":\"ImageObject\",\"inLanguage\":\"ar\",\"@id\":\"https:\/\/ajishop.ma\/#\/schema\/logo\/image\/\",\"url\":\"https:\/\/ajishop.ma\/wp-content\/uploads\/2024\/09\/AjiShop.ma-Horizontal-Logo-Green.png\",\"contentUrl\":\"https:\/\/ajishop.ma\/wp-content\/uploads\/2024\/09\/AjiShop.ma-Horizontal-Logo-Green.png\",\"width\":1917,\"height\":276,\"caption\":\"AjiShop.ma\"},\"image\":{\"@id\":\"https:\/\/ajishop.ma\/#\/schema\/logo\/image\/\"}}]}<\/script>\n<!-- \/ Yoast SEO plugin. -->","yoast_head_json":{"title":"Herbe de Verveine \/ \u0639\u0634\u0628\u0629 \u0627\u0644\u0644\u0648\u064a\u0632\u0629 - AjiShop.ma","robots":{"index":"index","follow":"follow","max-snippet":"max-snippet:-1","max-image-preview":"max-image-preview:large","max-video-preview":"max-video-preview:-1"},"canonical":"https:\/\/ajishop.ma\/ar\/shop\/herbes-et-apothicaire\/herbes\/herbe-de-verveine\/","og_locale":"ar_AR","og_type":"article","og_title":"Herbe de Verveine \/ \u0639\u0634\u0628\u0629 \u0627\u0644\u0644\u0648\u064a\u0632\u0629 - AjiShop.ma","og_description":"Herbe de verveine marocaine La verveine du Maroc est un type de plante vivace aux grands bienfaits et propri\u00e9t\u00e9s aromatiques","og_url":"https:\/\/ajishop.ma\/ar\/shop\/herbes-et-apothicaire\/herbes\/herbe-de-verveine\/","og_site_name":"AjiShop.ma","article_modified_time":"2024-11-08T23:02:58+00:00","og_image":[{"width":600,"height":600,"url":"https:\/\/ajishop.ma\/wp-content\/uploads\/2024\/11\/lwiza-600x600-1.jpg","type":"image\/jpeg"}],"twitter_card":"summary_large_image","twitter_misc":{"\u0648\u0642\u062a \u0627\u0644\u0642\u0631\u0627\u0621\u0629 \u0627\u0644\u0645\u064f\u0642\u062f\u0651\u0631":"\u062f\u0642\u064a\u0642\u062a\u0627\u0646"},"schema":{"@context":"https:\/\/schema.org","@graph":[{"@type":"WebPage","@id":"https:\/\/ajishop.ma\/shop\/herbes-et-apothicaire\/herbes\/herbe-de-verveine\/","url":"https:\/\/ajishop.ma\/shop\/herbes-et-apothicaire\/herbes\/herbe-de-verveine\/","name":"Herbe de Verveine \/ \u0639\u0634\u0628\u0629 \u0627\u0644\u0644\u0648\u064a\u0632\u0629 - AjiShop.ma","isPartOf":{"@id":"https:\/\/ajishop.ma\/#website"},"primaryImageOfPage":{"@id":"https:\/\/ajishop.ma\/shop\/herbes-et-apothicaire\/herbes\/herbe-de-verveine\/#primaryimage"},"image":{"@id":"https:\/\/ajishop.ma\/shop\/herbes-et-apothicaire\/herbes\/herbe-de-verveine\/#primaryimage"},"thumbnailUrl":"https:\/\/ajishop.ma\/wp-content\/uploads\/2024\/11\/lwiza-600x600-1.jpg","datePublished":"2024-11-08T23:02:27+00:00","dateModified":"2024-11-08T23:02:58+00:00","breadcrumb":{"@id":"https:\/\/ajishop.ma\/shop\/herbes-et-apothicaire\/herbes\/herbe-de-verveine\/#breadcrumb"},"inLanguage":"ar","potentialAction":[{"@type":"ReadAction","target":["https:\/\/ajishop.ma\/shop\/herbes-et-apothicaire\/herbes\/herbe-de-verveine\/"]}]},{"@type":"ImageObject","inLanguage":"ar","@id":"https:\/\/ajishop.ma\/shop\/herbes-et-apothicaire\/herbes\/herbe-de-verveine\/#primaryimage","url":"https:\/\/ajishop.ma\/wp-content\/uploads\/2024\/11\/lwiza-600x600-1.jpg","contentUrl":"https:\/\/ajishop.ma\/wp-content\/uploads\/2024\/11\/lwiza-600x600-1.jpg","width":600,"height":600},{"@type":"BreadcrumbList","@id":"https:\/\/ajishop.ma\/shop\/herbes-et-apothicaire\/herbes\/herbe-de-verveine\/#breadcrumb","itemListElement":[{"@type":"ListItem","position":1,"name":"Accueil","item":"https:\/\/ajishop.ma\/"},{"@type":"ListItem","position":2,"name":"Magasin","item":"https:\/\/ajishop.ma\/shop\/"},{"@type":"ListItem","position":3,"name":"Herbe de Verveine \/ \u0639\u0634\u0628\u0629 \u0627\u0644\u0644\u0648\u064a\u0632\u0629"}]},{"@type":"WebSite","@id":"https:\/\/ajishop.ma\/#website","url":"https:\/\/ajishop.ma\/","name":"AjiShop.ma","description":"Produits 100% naturels, Pour votre bien \u00eatre...","publisher":{"@id":"https:\/\/ajishop.ma\/#organization"},"potentialAction":[{"@type":"SearchAction","target":{"@type":"EntryPoint","urlTemplate":"https:\/\/ajishop.ma\/?s={search_term_string}"},"query-input":{"@type":"PropertyValueSpecification","valueRequired":true,"valueName":"search_term_string"}}],"inLanguage":"ar"},{"@type":"Organization","@id":"https:\/\/ajishop.ma\/#organization","name":"AjiShop.ma","url":"https:\/\/ajishop.ma\/","logo":{"@type":"ImageObject","inLanguage":"ar","@id":"https:\/\/ajishop.ma\/#\/schema\/logo\/image\/","url":"https:\/\/ajishop.ma\/wp-content\/uploads\/2024\/09\/AjiShop.ma-Horizontal-Logo-Green.png","contentUrl":"https:\/\/ajishop.ma\/wp-content\/uploads\/2024\/09\/AjiShop.ma-Horizontal-Logo-Green.png","width":1917,"height":276,"caption":"AjiShop.ma"},"image":{"@id":"https:\/\/ajishop.ma\/#\/schema\/logo\/image\/"}}]}},"_links":{"self":[{"href":"https:\/\/ajishop.ma\/ar\/wp-json\/wp\/v2\/product\/16942"}],"collection":[{"href":"https:\/\/ajishop.ma\/ar\/wp-json\/wp\/v2\/product"}],"about":[{"href":"https:\/\/ajishop.ma\/ar\/wp-json\/wp\/v2\/types\/product"}],"replies":[{"embeddable":true,"href":"https:\/\/ajishop.ma\/ar\/wp-json\/wp\/v2\/comments?post=16942"}],"version-history":[{"count":11,"href":"https:\/\/ajishop.ma\/ar\/wp-json\/wp\/v2\/product\/16942\/revisions"}],"predecessor-version":[{"id":16959,"href":"https:\/\/ajishop.ma\/ar\/wp-json\/wp\/v2\/product\/16942\/revisions\/16959"}],"wp:featuredmedia":[{"embeddable":true,"href":"https:\/\/ajishop.ma\/ar\/wp-json\/wp\/v2\/media\/16943"}],"wp:attachment":[{"href":"https:\/\/ajishop.ma\/ar\/wp-json\/wp\/v2\/media?parent=16942"}],"wp:term":[{"taxonomy":"product_cat","embeddable":true,"href":"https:\/\/ajishop.ma\/ar\/wp-json\/wp\/v2\/product_cat?post=16942"},{"taxonomy":"product_tag","embeddable":true,"href":"https:\/\/ajishop.ma\/ar\/wp-json\/wp\/v2\/product_tag?post=16942"}],"curies":[{"name":"wp","href":"https:\/\/api.w.org\/{rel}","templated":true}]}}