{"id":16993,"date":"2024-11-09T01:05:54","date_gmt":"2024-11-09T00:05:54","guid":{"rendered":"https:\/\/ajishop.ma\/?post_type=product&#038;p=16993"},"modified":"2024-11-09T01:05:54","modified_gmt":"2024-11-09T00:05:54","slug":"graines-de-carvi-indien","status":"publish","type":"product","link":"https:\/\/ajishop.ma\/ar\/shop\/herbes-et-apothicaire\/herbes\/graines-de-carvi-indien\/","title":{"rendered":"Graines de carvi indien  \/  \u0628\u0630\u0648\u0631 \u0627\u0644\u0643\u0631\u0648\u064a\u0629 \u0627\u0644\u0631\u0648\u0645\u064a\u0629"},"content":{"rendered":"<p><strong>Graines de carvi &#8211; Graines des Cara\u00efbes<\/strong><\/p>\n<p>Les bienfaits\u00a0<strong>des graines de carvi<\/strong>\u00a0pour la sant\u00e9 incluent\u00a0la promotion de la production de lait maternel, la r\u00e9duction des allergies, la lutte contre les bact\u00e9ries, la pr\u00e9vention des vers intestinaux, le soulagement des crampes, etc.<\/p>\n<p>Avantages pour la sant\u00e9\u00a0:<\/p>\n<ul>\n<li><strong>crampes menstruelles,<\/strong><\/li>\n<li><strong>Aide \u00e0 traiter les naus\u00e9es et les vomissements,<\/strong><\/li>\n<li><strong>R\u00e9duire le taux de cholest\u00e9rol LDL dans l&#8217;organisme,<\/strong><\/li>\n<li><strong>Peut abaisser le taux de sucre dans le sang,<\/strong><\/li>\n<\/ul>\n<p>Pour traiter\u00a0<strong>les coliques<\/strong>\u00a0du\u00a0<strong>nourrisson<\/strong>\u00a0, il est recommand\u00e9 de boire\u00a0<strong>une infusion<\/strong>\u00a0de carvi .<\/p>\n<p>Pour ce faire, vous pouvez le pr\u00e9parer seul ou le m\u00e9langer avec des feuilles de menthe, de la fleur de camomille et des graines de fenouil.<\/p>\n<p>Mesurez 25 grammes de chaque plante et ajoutez 1 cuill\u00e8re \u00e0 caf\u00e9 par tasse d&#8217;eau.<\/p>\n<p>A partir\u00a0<strong>du flacon<\/strong>\u00a0, donnez cette infusion \u00e0 votre enfant.\u00a0Sph\u00e9rique sph\u00e9rique<\/p>","protected":false},"excerpt":{"rendered":"<p>Graines de carvi &#8211; Graines des Cara\u00efbes Les bienfaits\u00a0des graines de carvi\u00a0pour la sant\u00e9 incluent\u00a0la promotion de la production de<\/p>","protected":false},"featured_media":16999,"comment_status":"open","ping_status":"closed","template":"","meta":[],"product_cat":[32,75,76],"product_tag":[],"yoast_head":"<!-- This site is optimized with the Yoast SEO plugin v23.4 - https:\/\/yoast.com\/wordpress\/plugins\/seo\/ -->\n<title>Graines de carvi indien \/ \u0628\u0630\u0648\u0631 \u0627\u0644\u0643\u0631\u0648\u064a\u0629 \u0627\u0644\u0631\u0648\u0645\u064a\u0629 - AjiShop.ma<\/title>\n<meta name=\"robots\" content=\"index, follow, max-snippet:-1, max-image-preview:large, max-video-preview:-1\" \/>\n<link rel=\"canonical\" href=\"https:\/\/ajishop.ma\/ar\/shop\/herbes-et-apothicaire\/herbes\/graines-de-carvi-indien\/\" \/>\n<meta property=\"og:locale\" content=\"ar_AR\" \/>\n<meta property=\"og:type\" content=\"article\" \/>\n<meta property=\"og:title\" content=\"Graines de carvi indien \/ \u0628\u0630\u0648\u0631 \u0627\u0644\u0643\u0631\u0648\u064a\u0629 \u0627\u0644\u0631\u0648\u0645\u064a\u0629 - AjiShop.ma\" \/>\n<meta property=\"og:description\" content=\"Graines de carvi &#8211; Graines des Cara\u00efbes Les bienfaits\u00a0des graines de carvi\u00a0pour la sant\u00e9 incluent\u00a0la promotion de la production de\" \/>\n<meta property=\"og:url\" content=\"https:\/\/ajishop.ma\/ar\/shop\/herbes-et-apothicaire\/herbes\/graines-de-carvi-indien\/\" \/>\n<meta property=\"og:site_name\" content=\"AjiShop.ma\" \/>\n<meta property=\"og:image\" content=\"https:\/\/ajishop.ma\/wp-content\/uploads\/2024\/11\/pile-caraway-seeds-wooden-bowl-white-wall_29402-1091.webp\" \/>\n\t<meta property=\"og:image:width\" content=\"600\" \/>\n\t<meta property=\"og:image:height\" content=\"598\" \/>\n\t<meta property=\"og:image:type\" content=\"image\/webp\" \/>\n<meta name=\"twitter:card\" content=\"summary_large_image\" \/>\n<meta name=\"twitter:label1\" content=\"\u0648\u0642\u062a \u0627\u0644\u0642\u0631\u0627\u0621\u0629 \u0627\u0644\u0645\u064f\u0642\u062f\u0651\u0631\" \/>\n\t<meta name=\"twitter:data1\" content=\"\u062f\u0642\u064a\u0642\u0629 \u0648\u0627\u062d\u062f\u0629\" \/>\n<script type=\"application\/ld+json\" class=\"yoast-schema-graph\">{\"@context\":\"https:\/\/schema.org\",\"@graph\":[{\"@type\":\"WebPage\",\"@id\":\"https:\/\/ajishop.ma\/shop\/herbes-et-apothicaire\/herbes\/graines-de-carvi-indien\/\",\"url\":\"https:\/\/ajishop.ma\/shop\/herbes-et-apothicaire\/herbes\/graines-de-carvi-indien\/\",\"name\":\"Graines de carvi indien \/ \u0628\u0630\u0648\u0631 \u0627\u0644\u0643\u0631\u0648\u064a\u0629 \u0627\u0644\u0631\u0648\u0645\u064a\u0629 - AjiShop.ma\",\"isPartOf\":{\"@id\":\"https:\/\/ajishop.ma\/#website\"},\"primaryImageOfPage\":{\"@id\":\"https:\/\/ajishop.ma\/shop\/herbes-et-apothicaire\/herbes\/graines-de-carvi-indien\/#primaryimage\"},\"image\":{\"@id\":\"https:\/\/ajishop.ma\/shop\/herbes-et-apothicaire\/herbes\/graines-de-carvi-indien\/#primaryimage\"},\"thumbnailUrl\":\"https:\/\/ajishop.ma\/wp-content\/uploads\/2024\/11\/pile-caraway-seeds-wooden-bowl-white-wall_29402-1091.webp\",\"datePublished\":\"2024-11-09T00:05:54+00:00\",\"dateModified\":\"2024-11-09T00:05:54+00:00\",\"breadcrumb\":{\"@id\":\"https:\/\/ajishop.ma\/shop\/herbes-et-apothicaire\/herbes\/graines-de-carvi-indien\/#breadcrumb\"},\"inLanguage\":\"ar\",\"potentialAction\":[{\"@type\":\"ReadAction\",\"target\":[\"https:\/\/ajishop.ma\/shop\/herbes-et-apothicaire\/herbes\/graines-de-carvi-indien\/\"]}]},{\"@type\":\"ImageObject\",\"inLanguage\":\"ar\",\"@id\":\"https:\/\/ajishop.ma\/shop\/herbes-et-apothicaire\/herbes\/graines-de-carvi-indien\/#primaryimage\",\"url\":\"https:\/\/ajishop.ma\/wp-content\/uploads\/2024\/11\/pile-caraway-seeds-wooden-bowl-white-wall_29402-1091.webp\",\"contentUrl\":\"https:\/\/ajishop.ma\/wp-content\/uploads\/2024\/11\/pile-caraway-seeds-wooden-bowl-white-wall_29402-1091.webp\",\"width\":600,\"height\":598},{\"@type\":\"BreadcrumbList\",\"@id\":\"https:\/\/ajishop.ma\/shop\/herbes-et-apothicaire\/herbes\/graines-de-carvi-indien\/#breadcrumb\",\"itemListElement\":[{\"@type\":\"ListItem\",\"position\":1,\"name\":\"Accueil\",\"item\":\"https:\/\/ajishop.ma\/\"},{\"@type\":\"ListItem\",\"position\":2,\"name\":\"Magasin\",\"item\":\"https:\/\/ajishop.ma\/shop\/\"},{\"@type\":\"ListItem\",\"position\":3,\"name\":\"Graines de carvi indien \/ \u0628\u0630\u0648\u0631 \u0627\u0644\u0643\u0631\u0648\u064a\u0629 \u0627\u0644\u0631\u0648\u0645\u064a\u0629\"}]},{\"@type\":\"WebSite\",\"@id\":\"https:\/\/ajishop.ma\/#website\",\"url\":\"https:\/\/ajishop.ma\/\",\"name\":\"AjiShop.ma\",\"description\":\"Produits 100% naturels, Pour votre bien \u00eatre...\",\"publisher\":{\"@id\":\"https:\/\/ajishop.ma\/#organization\"},\"potentialAction\":[{\"@type\":\"SearchAction\",\"target\":{\"@type\":\"EntryPoint\",\"urlTemplate\":\"https:\/\/ajishop.ma\/?s={search_term_string}\"},\"query-input\":{\"@type\":\"PropertyValueSpecification\",\"valueRequired\":true,\"valueName\":\"search_term_string\"}}],\"inLanguage\":\"ar\"},{\"@type\":\"Organization\",\"@id\":\"https:\/\/ajishop.ma\/#organization\",\"name\":\"AjiShop.ma\",\"url\":\"https:\/\/ajishop.ma\/\",\"logo\":{\"@type\":\"ImageObject\",\"inLanguage\":\"ar\",\"@id\":\"https:\/\/ajishop.ma\/#\/schema\/logo\/image\/\",\"url\":\"https:\/\/ajishop.ma\/wp-content\/uploads\/2024\/09\/AjiShop.ma-Horizontal-Logo-Green.png\",\"contentUrl\":\"https:\/\/ajishop.ma\/wp-content\/uploads\/2024\/09\/AjiShop.ma-Horizontal-Logo-Green.png\",\"width\":1917,\"height\":276,\"caption\":\"AjiShop.ma\"},\"image\":{\"@id\":\"https:\/\/ajishop.ma\/#\/schema\/logo\/image\/\"}}]}<\/script>\n<!-- \/ Yoast SEO plugin. -->","yoast_head_json":{"title":"Graines de carvi indien \/ \u0628\u0630\u0648\u0631 \u0627\u0644\u0643\u0631\u0648\u064a\u0629 \u0627\u0644\u0631\u0648\u0645\u064a\u0629 - AjiShop.ma","robots":{"index":"index","follow":"follow","max-snippet":"max-snippet:-1","max-image-preview":"max-image-preview:large","max-video-preview":"max-video-preview:-1"},"canonical":"https:\/\/ajishop.ma\/ar\/shop\/herbes-et-apothicaire\/herbes\/graines-de-carvi-indien\/","og_locale":"ar_AR","og_type":"article","og_title":"Graines de carvi indien \/ \u0628\u0630\u0648\u0631 \u0627\u0644\u0643\u0631\u0648\u064a\u0629 \u0627\u0644\u0631\u0648\u0645\u064a\u0629 - AjiShop.ma","og_description":"Graines de carvi &#8211; Graines des Cara\u00efbes Les bienfaits\u00a0des graines de carvi\u00a0pour la sant\u00e9 incluent\u00a0la promotion de la production de","og_url":"https:\/\/ajishop.ma\/ar\/shop\/herbes-et-apothicaire\/herbes\/graines-de-carvi-indien\/","og_site_name":"AjiShop.ma","og_image":[{"width":600,"height":598,"url":"https:\/\/ajishop.ma\/wp-content\/uploads\/2024\/11\/pile-caraway-seeds-wooden-bowl-white-wall_29402-1091.webp","type":"image\/webp"}],"twitter_card":"summary_large_image","twitter_misc":{"\u0648\u0642\u062a \u0627\u0644\u0642\u0631\u0627\u0621\u0629 \u0627\u0644\u0645\u064f\u0642\u062f\u0651\u0631":"\u062f\u0642\u064a\u0642\u0629 \u0648\u0627\u062d\u062f\u0629"},"schema":{"@context":"https:\/\/schema.org","@graph":[{"@type":"WebPage","@id":"https:\/\/ajishop.ma\/shop\/herbes-et-apothicaire\/herbes\/graines-de-carvi-indien\/","url":"https:\/\/ajishop.ma\/shop\/herbes-et-apothicaire\/herbes\/graines-de-carvi-indien\/","name":"Graines de carvi indien \/ \u0628\u0630\u0648\u0631 \u0627\u0644\u0643\u0631\u0648\u064a\u0629 \u0627\u0644\u0631\u0648\u0645\u064a\u0629 - AjiShop.ma","isPartOf":{"@id":"https:\/\/ajishop.ma\/#website"},"primaryImageOfPage":{"@id":"https:\/\/ajishop.ma\/shop\/herbes-et-apothicaire\/herbes\/graines-de-carvi-indien\/#primaryimage"},"image":{"@id":"https:\/\/ajishop.ma\/shop\/herbes-et-apothicaire\/herbes\/graines-de-carvi-indien\/#primaryimage"},"thumbnailUrl":"https:\/\/ajishop.ma\/wp-content\/uploads\/2024\/11\/pile-caraway-seeds-wooden-bowl-white-wall_29402-1091.webp","datePublished":"2024-11-09T00:05:54+00:00","dateModified":"2024-11-09T00:05:54+00:00","breadcrumb":{"@id":"https:\/\/ajishop.ma\/shop\/herbes-et-apothicaire\/herbes\/graines-de-carvi-indien\/#breadcrumb"},"inLanguage":"ar","potentialAction":[{"@type":"ReadAction","target":["https:\/\/ajishop.ma\/shop\/herbes-et-apothicaire\/herbes\/graines-de-carvi-indien\/"]}]},{"@type":"ImageObject","inLanguage":"ar","@id":"https:\/\/ajishop.ma\/shop\/herbes-et-apothicaire\/herbes\/graines-de-carvi-indien\/#primaryimage","url":"https:\/\/ajishop.ma\/wp-content\/uploads\/2024\/11\/pile-caraway-seeds-wooden-bowl-white-wall_29402-1091.webp","contentUrl":"https:\/\/ajishop.ma\/wp-content\/uploads\/2024\/11\/pile-caraway-seeds-wooden-bowl-white-wall_29402-1091.webp","width":600,"height":598},{"@type":"BreadcrumbList","@id":"https:\/\/ajishop.ma\/shop\/herbes-et-apothicaire\/herbes\/graines-de-carvi-indien\/#breadcrumb","itemListElement":[{"@type":"ListItem","position":1,"name":"Accueil","item":"https:\/\/ajishop.ma\/"},{"@type":"ListItem","position":2,"name":"Magasin","item":"https:\/\/ajishop.ma\/shop\/"},{"@type":"ListItem","position":3,"name":"Graines de carvi indien \/ \u0628\u0630\u0648\u0631 \u0627\u0644\u0643\u0631\u0648\u064a\u0629 \u0627\u0644\u0631\u0648\u0645\u064a\u0629"}]},{"@type":"WebSite","@id":"https:\/\/ajishop.ma\/#website","url":"https:\/\/ajishop.ma\/","name":"AjiShop.ma","description":"Produits 100% naturels, Pour votre bien \u00eatre...","publisher":{"@id":"https:\/\/ajishop.ma\/#organization"},"potentialAction":[{"@type":"SearchAction","target":{"@type":"EntryPoint","urlTemplate":"https:\/\/ajishop.ma\/?s={search_term_string}"},"query-input":{"@type":"PropertyValueSpecification","valueRequired":true,"valueName":"search_term_string"}}],"inLanguage":"ar"},{"@type":"Organization","@id":"https:\/\/ajishop.ma\/#organization","name":"AjiShop.ma","url":"https:\/\/ajishop.ma\/","logo":{"@type":"ImageObject","inLanguage":"ar","@id":"https:\/\/ajishop.ma\/#\/schema\/logo\/image\/","url":"https:\/\/ajishop.ma\/wp-content\/uploads\/2024\/09\/AjiShop.ma-Horizontal-Logo-Green.png","contentUrl":"https:\/\/ajishop.ma\/wp-content\/uploads\/2024\/09\/AjiShop.ma-Horizontal-Logo-Green.png","width":1917,"height":276,"caption":"AjiShop.ma"},"image":{"@id":"https:\/\/ajishop.ma\/#\/schema\/logo\/image\/"}}]}},"_links":{"self":[{"href":"https:\/\/ajishop.ma\/ar\/wp-json\/wp\/v2\/product\/16993"}],"collection":[{"href":"https:\/\/ajishop.ma\/ar\/wp-json\/wp\/v2\/product"}],"about":[{"href":"https:\/\/ajishop.ma\/ar\/wp-json\/wp\/v2\/types\/product"}],"replies":[{"embeddable":true,"href":"https:\/\/ajishop.ma\/ar\/wp-json\/wp\/v2\/comments?post=16993"}],"version-history":[{"count":2,"href":"https:\/\/ajishop.ma\/ar\/wp-json\/wp\/v2\/product\/16993\/revisions"}],"predecessor-version":[{"id":17000,"href":"https:\/\/ajishop.ma\/ar\/wp-json\/wp\/v2\/product\/16993\/revisions\/17000"}],"wp:featuredmedia":[{"embeddable":true,"href":"https:\/\/ajishop.ma\/ar\/wp-json\/wp\/v2\/media\/16999"}],"wp:attachment":[{"href":"https:\/\/ajishop.ma\/ar\/wp-json\/wp\/v2\/media?parent=16993"}],"wp:term":[{"taxonomy":"product_cat","embeddable":true,"href":"https:\/\/ajishop.ma\/ar\/wp-json\/wp\/v2\/product_cat?post=16993"},{"taxonomy":"product_tag","embeddable":true,"href":"https:\/\/ajishop.ma\/ar\/wp-json\/wp\/v2\/product_tag?post=16993"}],"curies":[{"name":"wp","href":"https:\/\/api.w.org\/{rel}","templated":true}]}}