{"id":17043,"date":"2024-11-09T23:12:28","date_gmt":"2024-11-09T22:12:28","guid":{"rendered":"https:\/\/ajishop.ma\/?post_type=product&#038;p=17043"},"modified":"2024-11-09T23:21:40","modified_gmt":"2024-11-09T22:21:40","slug":"rouge-a-levres-magique","status":"publish","type":"product","link":"https:\/\/ajishop.ma\/ar\/shop\/produits-de-beaute\/soins-des-mains-des-pieds-et-du-corps\/rouge-a-levres-magique\/","title":{"rendered":"Rouge \u00e0 l\u00e8vres Magique \/ \u0627\u062d\u0645\u0631 \u0634\u0641\u0627\u0647 \u0627\u0644\u0633\u062d\u0631\u064a \u0645\u0642\u0627\u0648\u0645 \u0644\u0644\u0645\u0627\u0621"},"content":{"rendered":"<div data-elementor-type=\"wp-post\" data-elementor-id=\"17043\" class=\"elementor elementor-17043\">\n\t\t\t\t<div class=\"wd-negative-gap elementor-element elementor-element-49bc7a62 e-flex e-con-boxed e-con e-parent\" data-id=\"49bc7a62\" data-element_type=\"container\">\n\t\t\t\t\t<div class=\"e-con-inner\">\n\t\t\t\t<div class=\"elementor-element elementor-element-c2ed4c8 lang-fr color-scheme-inherit text-left elementor-widget elementor-widget-text-editor\" data-id=\"c2ed4c8\" data-element_type=\"widget\" data-widget_type=\"text-editor.default\">\n\t\t\t\t<div class=\"elementor-widget-container\">\n\t\t\t\t\t\t\t<header class=\"-pvs -bb\">\r\n<h2 class=\"-fs20 -m -phm -pvxs\" style=\"text-align: center\">D\u00e9tails<\/h2>\r\n<\/header>\r\n<div class=\"markup -mhm -pvl -oxa -sc\">Pour quelles raisons devriez-vous opter pour le rouge \u00e0 l\u00e8vres magique ?\r\n\u00cates-vous \u00e0 la recherche d\u2019un rouge \u00e0 l\u00e8vres qui correspond le mieux \u00e0 vos besoins ?\r\nLe Kit De Maquillage Qu\u2019il Vous FautAussi connu sous le nom rouge \u00e0 l\u00e8vre \u00ab cam\u00e9l\u00e9on \u00bb, le rouge \u00e0 l\u00e8vre magique peut garder vos l\u00e8vres hydrat\u00e9es pendant 24 heures. Hautement pigment\u00e9, non collant avec une texture douce, il rosit vos l\u00e8vres de mani\u00e8re tr\u00e8s \u00e9l\u00e9gante. Brillant et irr\u00e9sistible, il vous permet de cr\u00e9er une couleur exclusive \u00e0 tout moment, et ce en toute occasion. Le rouge \u00e0 l\u00e8vres magique n\u2019est pas seulement durable, il r\u00e9siste \u00e9galement \u00e0 l\u2019eau. Velout\u00e9e et \u00e0 haut pigment, sa couleur reste intense, m\u00eame lors du contact avec l\u2019eau.\r\nL\u2019article Parfait Au Meilleur PrixCertes, le rouge \u00e0 l\u00e8vres cam\u00e9l\u00e9on en provenance du Maroc doit son aspect hydratant \u00e0 l\u2019aloe vera, un des \u00e9l\u00e9ments qui le composent. L\u2019\u00e9l\u00e9ment ad\u00e9quat pour vos l\u00e8vres gerc\u00e9es, l\u2019aloe vera r\u00e9pare et prot\u00e8ge vos l\u00e8vres contre l\u2019air froid et les temp\u00e9ratures basses. Il est clair que nombreux sont les boutiques et les sites qui vendent des rouges \u00e0 l\u00e8vres magiques, mais ce que nous vous proposons fait partie des meilleurs \u00e0 un prix raisonnable.\r\nLe rouge \u00e0 l\u00e8vres magique ou rouge a l\u00e8vres cam\u00e9l\u00e9on qui s\u2019adapte a la couleur de vos l\u00e8vres.\r\n<b><i>Rouge \u00e0 l\u00e8vres Magique<\/i><\/b>\r\n<ul>\r\n \t<li style=\"text-align: center\">Tenue longue dur\u00e9e jusqu&#8217;\u00e0 24 heures<\/li>\r\n \t<li style=\"text-align: center\">Rouge \u00e0 l\u00e8vres qui change de couleur<\/li>\r\n \t<li style=\"text-align: center\">Formule waterproof \u00e0 l&#8217;alo\u00e9 vera<\/li>\r\n \t<li style=\"text-align: center\">Le niveau d&#8217;alcalinit\u00e9 de vos l\u00e8vres d\u00e9termine la tonalit\u00e9 de rose du rouge \u00e0 l\u00e8vres<\/li>\r\n<\/ul>\r\n<\/div>\t\t\t\t\t\t<\/div>\n\t\t\t\t<\/div>\n\t\t\t\t\t<\/div>\n\t\t\t\t<\/div>\n\t\t<div class=\"wd-negative-gap elementor-element elementor-element-889fe82 e-flex e-con-boxed e-con e-parent\" data-id=\"889fe82\" data-element_type=\"container\">\n\t\t\t\t\t<div class=\"e-con-inner\">\n\t\t\t\t<div class=\"elementor-element elementor-element-daea35d lang-ar color-scheme-inherit text-left elementor-widget elementor-widget-text-editor\" data-id=\"daea35d\" data-element_type=\"widget\" data-widget_type=\"text-editor.default\">\n\t\t\t\t<div class=\"elementor-widget-container\">\n\t\t\t\t\t\t\t<p style=\"text-align: center\">.<\/p><p style=\"text-align: center\"><strong><span style=\"font-size: 18pt\">\u0647\u0644 \u062a\u0628\u062d\u062b\u064a\u0646 \u0639\u0646 \u0623\u062d\u0645\u0631 \u0634\u0641\u0627\u0647 \u064a\u0646\u0627\u0633\u0628 \u0627\u062d\u062a\u064a\u0627\u062c\u0627\u062a\u0643\u061f<\/span><\/strong><\/p><p style=\"text-align: center\"><strong><span style=\"font-size: 18pt\">\u0645\u062c\u0645\u0648\u0639\u0629 \u0627\u0644\u0645\u0643\u064a\u0627\u062c \u0627\u0644\u062a\u064a \u062a\u062d\u062a\u0627\u062c\u0647\u0627<\/span><\/strong><br \/><strong><span style=\"font-size: 18pt\">\u064a\u064f\u0639\u0631\u0641 \u0623\u062d\u0645\u0631 \u0627\u0644\u0634\u0641\u0627\u0647 \u0627\u0644\u0633\u062d\u0631\u064a \u0623\u064a\u0636\u064b\u0627 \u0628\u0627\u0633\u0645 \u0623\u062d\u0645\u0631 \u0627\u0644\u0634\u0641\u0627\u0647 \u201c\u0627\u0644\u062d\u0631\u0628\u0627\u0621\u201d \u060c \u0648\u064a\u0645\u0643\u0646\u0647 \u0627\u0644\u062d\u0641\u0627\u0638 \u0639\u0644\u0649 \u062a\u0631\u0637\u064a\u0628 \u0634\u0641\u062a\u064a\u0643 \u0644\u0645\u062f\u0629 24 \u0633\u0627\u0639\u0629. \u0645\u0635\u0637\u0628\u063a\u0629 \u0644\u0644\u063a\u0627\u064a\u0629 \u0648\u063a\u064a\u0631 \u0644\u0632\u062c\u0629 \u0648\u0630\u0627\u062a \u0645\u0644\u0645\u0633 \u0646\u0627\u0639\u0645 \u060c \u0641\u0647\u064a \u062a\u062c\u0639\u0644 \u0634\u0641\u062a\u064a\u0643 \u0623\u0646\u064a\u0642\u0629 \u0644\u0644\u063a\u0627\u064a\u0629. \u0625\u0646\u0647 \u0644\u0627\u0645\u0639 \u0648\u0644\u0627 \u064a\u0642\u0627\u0648\u0645 \u060c \u0641\u0647\u0648 \u064a\u062a\u064a\u062d \u0644\u0643 \u0625\u0646\u0634\u0627\u0621 \u0644\u0648\u0646 \u062e\u0627\u0635 \u0641\u064a \u0623\u064a \u0648\u0642\u062a \u0648\u0641\u064a \u0623\u064a \u0645\u0646\u0627\u0633\u0628\u0629. \u0644\u064a\u0633 \u0623\u062d\u0645\u0631 \u0627\u0644\u0634\u0641\u0627\u0647 \u0627\u0644\u0633\u062d\u0631\u064a \u0645\u062a\u064a\u0646\u064b\u0627 \u0641\u062d\u0633\u0628 \u060c \u0628\u0644 \u0625\u0646\u0647 \u0645\u0642\u0627\u0648\u0645 \u0644\u0644\u0645\u0627\u0621 \u0623\u064a\u0636\u064b\u0627. \u0645\u062e\u0645\u0644\u064a \u0648\u0634\u062f\u064a\u062f \u0627\u0644\u0635\u0628\u063a\u0629 \u060c \u064a\u0638\u0644 \u0644\u0648\u0646\u0647 \u0643\u062b\u064a\u0641\u064b\u0627 \u060c \u062d\u062a\u0649 \u0639\u0646\u062f \u0645\u0644\u0627\u0645\u0633\u062a\u0647 \u0644\u0644\u0645\u0627\u0621.<\/span><\/strong><\/p><p style=\"text-align: center\"><strong><span style=\"font-size: 18pt\">\u0627\u0644\u0639\u0646\u0635\u0631 \u0627\u0644\u0645\u062b\u0627\u0644\u064a \u0628\u0623\u0641\u0636\u0644 \u0633\u0639\u0631<\/span><\/strong><br \/><strong><span style=\"font-size: 18pt\">\u0645\u0646 \u0627\u0644\u0645\u0624\u0643\u062f \u0623\u0646 \u0623\u062d\u0645\u0631 \u0627\u0644\u0634\u0641\u0627\u0647 \u0627\u0644\u062d\u0631\u0628\u0627\u0621 \u0645\u0646 \u0627\u0644\u0645\u063a\u0631\u0628 \u064a\u062f\u064a\u0646 \u0628\u0645\u0638\u0647\u0631\u0647 \u0627\u0644\u0645\u0631\u0637\u0628 \u0625\u0644\u0649 \u0627\u0644\u0623\u0644\u0648\u0629 \u0641\u064a\u0631\u0627 \u060c \u0623\u062d\u062f \u0645\u0643\u0648\u0646\u0627\u062a\u0647. \u0627\u0644\u0645\u0643\u0648\u0646 \u0627\u0644\u0635\u062d\u064a\u062d \u0644\u0634\u0641\u0627\u0647\u0643 \u0627\u0644\u0645\u062a\u0634\u0642\u0642\u0629 \u060c \u0627\u0644\u0635\u0628\u0627\u0631 \u064a\u0635\u0644\u062d \u0648\u064a\u062d\u0645\u064a \u0634\u0641\u062a\u064a\u0643 \u0645\u0646 \u0627\u0644\u0647\u0648\u0627\u0621 \u0627\u0644\u0628\u0627\u0631\u062f \u0648\u062f\u0631\u062c\u0627\u062a \u0627\u0644\u062d\u0631\u0627\u0631\u0629 \u0627\u0644\u0645\u0646\u062e\u0641\u0636\u0629. \u0645\u0646 \u0627\u0644\u0648\u0627\u0636\u062d \u0623\u0646 \u0647\u0646\u0627\u0643 \u0627\u0644\u0639\u062f\u064a\u062f \u0645\u0646 \u0627\u0644\u0645\u062d\u0644\u0627\u062a \u0627\u0644\u062a\u062c\u0627\u0631\u064a\u0629 \u0648\u0627\u0644\u0645\u0648\u0627\u0642\u0639 \u0627\u0644\u062a\u064a \u062a\u0628\u064a\u0639 \u0623\u062d\u0645\u0631 \u0627\u0644\u0634\u0641\u0627\u0647 \u0627\u0644\u0633\u062d\u0631\u064a \u060c \u0644\u0643\u0646 \u0645\u0627 \u0646\u0642\u062f\u0645\u0647 \u0647\u0648 \u0628\u0639\u0636 \u0645\u0646 \u0627\u0644\u0623\u0641\u0636\u0644 \u0628\u0633\u0639\u0631 \u0645\u0639\u0642\u0648\u0644.<\/span><\/strong><\/p><p style=\"text-align: center\"><strong><span style=\"font-size: 18pt\">\u0623\u062d\u0645\u0631 \u0627\u0644\u0634\u0641\u0627\u0647 \u0627\u0644\u0633\u062d\u0631\u064a \u0623\u0648 \u0623\u062d\u0645\u0631 \u0627\u0644\u0634\u0641\u0627\u0647 \u0627\u0644\u062d\u0631\u0628\u0627\u0621 \u0627\u0644\u0630\u064a \u064a\u062a\u0646\u0627\u0633\u0628 \u0645\u0639 \u0644\u0648\u0646 \u0634\u0641\u062a\u064a\u0643.<\/span><\/strong><br \/><strong><span style=\"font-size: 18pt\">\u0627\u062d\u0645\u0631 \u0634\u0641\u0627\u0647 \u0645\u0627\u062c\u064a\u0643<\/span><\/strong><br \/><strong><span style=\"font-size: 18pt\">\u064a\u062f\u0648\u0645 \u0637\u0648\u064a\u0644\u0627\u064b \u062d\u062a\u0649 24 \u0633\u0627\u0639\u0629<\/span><\/strong><br \/><strong><span style=\"font-size: 18pt\">\u0623\u062d\u0645\u0631 \u0627\u0644\u0634\u0641\u0627\u0647 \u0627\u0644\u0630\u064a \u064a\u062a\u063a\u064a\u0631 \u0644\u0648\u0646\u0647<\/span><\/strong><br \/><strong><span style=\"font-size: 18pt\">\u062a\u0631\u0643\u064a\u0628\u0629 \u0645\u0642\u0627\u0648\u0645\u0629 \u0644\u0644\u0645\u0627\u0621 \u0645\u0639 \u0627\u0644\u0635\u0628\u0627\u0631<\/span><\/strong><br \/><strong><span style=\"font-size: 18pt\">\u064a\u062d\u062f\u062f \u0645\u0633\u062a\u0648\u0649 \u0642\u0644\u0648\u064a\u0629 \u0634\u0641\u062a\u064a\u0643 \u062f\u0631\u062c\u0629 \u0627\u0644\u0644\u0648\u0646 \u0627\u0644\u0648\u0631\u062f\u064a \u0644\u0623\u062d\u0645\u0631 \u0627\u0644\u0634\u0641\u0627<\/span><\/strong><\/p>\t\t\t\t\t\t<\/div>\n\t\t\t\t<\/div>\n\t\t\t\t\t<\/div>\n\t\t\t\t<\/div>\n\t\t\t\t<\/div>","protected":false},"excerpt":{"rendered":"<p>D\u00e9tails Pour quelles raisons devriez-vous opter pour le rouge \u00e0 l\u00e8vres magique ? \u00cates-vous \u00e0 la recherche d\u2019un rouge \u00e0<\/p>","protected":false},"featured_media":17049,"comment_status":"open","ping_status":"closed","template":"","meta":[],"product_cat":[32,75,42,80],"product_tag":[],"yoast_head":"<!-- This site is optimized with the Yoast SEO plugin v23.4 - https:\/\/yoast.com\/wordpress\/plugins\/seo\/ -->\n<title>Rouge \u00e0 l\u00e8vres Magique \/ \u0627\u062d\u0645\u0631 \u0634\u0641\u0627\u0647 \u0627\u0644\u0633\u062d\u0631\u064a \u0645\u0642\u0627\u0648\u0645 \u0644\u0644\u0645\u0627\u0621 - AjiShop.ma<\/title>\n<meta name=\"robots\" content=\"index, follow, max-snippet:-1, max-image-preview:large, max-video-preview:-1\" \/>\n<link rel=\"canonical\" href=\"https:\/\/ajishop.ma\/ar\/shop\/produits-de-beaute\/soins-des-mains-des-pieds-et-du-corps\/rouge-a-levres-magique\/\" \/>\n<meta property=\"og:locale\" content=\"ar_AR\" \/>\n<meta property=\"og:type\" content=\"article\" \/>\n<meta property=\"og:title\" content=\"Rouge \u00e0 l\u00e8vres Magique \/ \u0627\u062d\u0645\u0631 \u0634\u0641\u0627\u0647 \u0627\u0644\u0633\u062d\u0631\u064a \u0645\u0642\u0627\u0648\u0645 \u0644\u0644\u0645\u0627\u0621 - AjiShop.ma\" \/>\n<meta property=\"og:description\" content=\"D\u00e9tails Pour quelles raisons devriez-vous opter pour le rouge \u00e0 l\u00e8vres magique ? \u00cates-vous \u00e0 la recherche d\u2019un rouge \u00e0\" \/>\n<meta property=\"og:url\" content=\"https:\/\/ajishop.ma\/ar\/shop\/produits-de-beaute\/soins-des-mains-des-pieds-et-du-corps\/rouge-a-levres-magique\/\" \/>\n<meta property=\"og:site_name\" content=\"AjiShop.ma\" \/>\n<meta property=\"article:modified_time\" content=\"2024-11-09T22:21:40+00:00\" \/>\n<meta property=\"og:image\" content=\"https:\/\/ajishop.ma\/wp-content\/uploads\/2024\/11\/24-h.jpg\" \/>\n\t<meta property=\"og:image:width\" content=\"500\" \/>\n\t<meta property=\"og:image:height\" content=\"500\" \/>\n\t<meta property=\"og:image:type\" content=\"image\/jpeg\" \/>\n<meta name=\"twitter:card\" content=\"summary_large_image\" \/>\n<meta name=\"twitter:label1\" content=\"\u0648\u0642\u062a \u0627\u0644\u0642\u0631\u0627\u0621\u0629 \u0627\u0644\u0645\u064f\u0642\u062f\u0651\u0631\" \/>\n\t<meta name=\"twitter:data1\" content=\"3 \u062f\u0642\u0627\u0626\u0642\" \/>\n<script type=\"application\/ld+json\" class=\"yoast-schema-graph\">{\"@context\":\"https:\/\/schema.org\",\"@graph\":[{\"@type\":\"WebPage\",\"@id\":\"https:\/\/ajishop.ma\/shop\/produits-de-beaute\/soins-des-mains-des-pieds-et-du-corps\/rouge-a-levres-magique\/\",\"url\":\"https:\/\/ajishop.ma\/shop\/produits-de-beaute\/soins-des-mains-des-pieds-et-du-corps\/rouge-a-levres-magique\/\",\"name\":\"Rouge \u00e0 l\u00e8vres Magique \/ \u0627\u062d\u0645\u0631 \u0634\u0641\u0627\u0647 \u0627\u0644\u0633\u062d\u0631\u064a \u0645\u0642\u0627\u0648\u0645 \u0644\u0644\u0645\u0627\u0621 - AjiShop.ma\",\"isPartOf\":{\"@id\":\"https:\/\/ajishop.ma\/#website\"},\"primaryImageOfPage\":{\"@id\":\"https:\/\/ajishop.ma\/shop\/produits-de-beaute\/soins-des-mains-des-pieds-et-du-corps\/rouge-a-levres-magique\/#primaryimage\"},\"image\":{\"@id\":\"https:\/\/ajishop.ma\/shop\/produits-de-beaute\/soins-des-mains-des-pieds-et-du-corps\/rouge-a-levres-magique\/#primaryimage\"},\"thumbnailUrl\":\"https:\/\/ajishop.ma\/wp-content\/uploads\/2024\/11\/24-h.jpg\",\"datePublished\":\"2024-11-09T22:12:28+00:00\",\"dateModified\":\"2024-11-09T22:21:40+00:00\",\"breadcrumb\":{\"@id\":\"https:\/\/ajishop.ma\/shop\/produits-de-beaute\/soins-des-mains-des-pieds-et-du-corps\/rouge-a-levres-magique\/#breadcrumb\"},\"inLanguage\":\"ar\",\"potentialAction\":[{\"@type\":\"ReadAction\",\"target\":[\"https:\/\/ajishop.ma\/shop\/produits-de-beaute\/soins-des-mains-des-pieds-et-du-corps\/rouge-a-levres-magique\/\"]}]},{\"@type\":\"ImageObject\",\"inLanguage\":\"ar\",\"@id\":\"https:\/\/ajishop.ma\/shop\/produits-de-beaute\/soins-des-mains-des-pieds-et-du-corps\/rouge-a-levres-magique\/#primaryimage\",\"url\":\"https:\/\/ajishop.ma\/wp-content\/uploads\/2024\/11\/24-h.jpg\",\"contentUrl\":\"https:\/\/ajishop.ma\/wp-content\/uploads\/2024\/11\/24-h.jpg\",\"width\":500,\"height\":500},{\"@type\":\"BreadcrumbList\",\"@id\":\"https:\/\/ajishop.ma\/shop\/produits-de-beaute\/soins-des-mains-des-pieds-et-du-corps\/rouge-a-levres-magique\/#breadcrumb\",\"itemListElement\":[{\"@type\":\"ListItem\",\"position\":1,\"name\":\"Accueil\",\"item\":\"https:\/\/ajishop.ma\/\"},{\"@type\":\"ListItem\",\"position\":2,\"name\":\"Magasin\",\"item\":\"https:\/\/ajishop.ma\/shop\/\"},{\"@type\":\"ListItem\",\"position\":3,\"name\":\"Rouge \u00e0 l\u00e8vres Magique \/ \u0627\u062d\u0645\u0631 \u0634\u0641\u0627\u0647 \u0627\u0644\u0633\u062d\u0631\u064a \u0645\u0642\u0627\u0648\u0645 \u0644\u0644\u0645\u0627\u0621\"}]},{\"@type\":\"WebSite\",\"@id\":\"https:\/\/ajishop.ma\/#website\",\"url\":\"https:\/\/ajishop.ma\/\",\"name\":\"AjiShop.ma\",\"description\":\"Produits 100% naturels, Pour votre bien \u00eatre...\",\"publisher\":{\"@id\":\"https:\/\/ajishop.ma\/#organization\"},\"potentialAction\":[{\"@type\":\"SearchAction\",\"target\":{\"@type\":\"EntryPoint\",\"urlTemplate\":\"https:\/\/ajishop.ma\/?s={search_term_string}\"},\"query-input\":{\"@type\":\"PropertyValueSpecification\",\"valueRequired\":true,\"valueName\":\"search_term_string\"}}],\"inLanguage\":\"ar\"},{\"@type\":\"Organization\",\"@id\":\"https:\/\/ajishop.ma\/#organization\",\"name\":\"AjiShop.ma\",\"url\":\"https:\/\/ajishop.ma\/\",\"logo\":{\"@type\":\"ImageObject\",\"inLanguage\":\"ar\",\"@id\":\"https:\/\/ajishop.ma\/#\/schema\/logo\/image\/\",\"url\":\"https:\/\/ajishop.ma\/wp-content\/uploads\/2024\/09\/AjiShop.ma-Horizontal-Logo-Green.png\",\"contentUrl\":\"https:\/\/ajishop.ma\/wp-content\/uploads\/2024\/09\/AjiShop.ma-Horizontal-Logo-Green.png\",\"width\":1917,\"height\":276,\"caption\":\"AjiShop.ma\"},\"image\":{\"@id\":\"https:\/\/ajishop.ma\/#\/schema\/logo\/image\/\"}}]}<\/script>\n<!-- \/ Yoast SEO plugin. -->","yoast_head_json":{"title":"Rouge \u00e0 l\u00e8vres Magique \/ \u0627\u062d\u0645\u0631 \u0634\u0641\u0627\u0647 \u0627\u0644\u0633\u062d\u0631\u064a \u0645\u0642\u0627\u0648\u0645 \u0644\u0644\u0645\u0627\u0621 - AjiShop.ma","robots":{"index":"index","follow":"follow","max-snippet":"max-snippet:-1","max-image-preview":"max-image-preview:large","max-video-preview":"max-video-preview:-1"},"canonical":"https:\/\/ajishop.ma\/ar\/shop\/produits-de-beaute\/soins-des-mains-des-pieds-et-du-corps\/rouge-a-levres-magique\/","og_locale":"ar_AR","og_type":"article","og_title":"Rouge \u00e0 l\u00e8vres Magique \/ \u0627\u062d\u0645\u0631 \u0634\u0641\u0627\u0647 \u0627\u0644\u0633\u062d\u0631\u064a \u0645\u0642\u0627\u0648\u0645 \u0644\u0644\u0645\u0627\u0621 - AjiShop.ma","og_description":"D\u00e9tails Pour quelles raisons devriez-vous opter pour le rouge \u00e0 l\u00e8vres magique ? \u00cates-vous \u00e0 la recherche d\u2019un rouge \u00e0","og_url":"https:\/\/ajishop.ma\/ar\/shop\/produits-de-beaute\/soins-des-mains-des-pieds-et-du-corps\/rouge-a-levres-magique\/","og_site_name":"AjiShop.ma","article_modified_time":"2024-11-09T22:21:40+00:00","og_image":[{"width":500,"height":500,"url":"https:\/\/ajishop.ma\/wp-content\/uploads\/2024\/11\/24-h.jpg","type":"image\/jpeg"}],"twitter_card":"summary_large_image","twitter_misc":{"\u0648\u0642\u062a \u0627\u0644\u0642\u0631\u0627\u0621\u0629 \u0627\u0644\u0645\u064f\u0642\u062f\u0651\u0631":"3 \u062f\u0642\u0627\u0626\u0642"},"schema":{"@context":"https:\/\/schema.org","@graph":[{"@type":"WebPage","@id":"https:\/\/ajishop.ma\/shop\/produits-de-beaute\/soins-des-mains-des-pieds-et-du-corps\/rouge-a-levres-magique\/","url":"https:\/\/ajishop.ma\/shop\/produits-de-beaute\/soins-des-mains-des-pieds-et-du-corps\/rouge-a-levres-magique\/","name":"Rouge \u00e0 l\u00e8vres Magique \/ \u0627\u062d\u0645\u0631 \u0634\u0641\u0627\u0647 \u0627\u0644\u0633\u062d\u0631\u064a \u0645\u0642\u0627\u0648\u0645 \u0644\u0644\u0645\u0627\u0621 - AjiShop.ma","isPartOf":{"@id":"https:\/\/ajishop.ma\/#website"},"primaryImageOfPage":{"@id":"https:\/\/ajishop.ma\/shop\/produits-de-beaute\/soins-des-mains-des-pieds-et-du-corps\/rouge-a-levres-magique\/#primaryimage"},"image":{"@id":"https:\/\/ajishop.ma\/shop\/produits-de-beaute\/soins-des-mains-des-pieds-et-du-corps\/rouge-a-levres-magique\/#primaryimage"},"thumbnailUrl":"https:\/\/ajishop.ma\/wp-content\/uploads\/2024\/11\/24-h.jpg","datePublished":"2024-11-09T22:12:28+00:00","dateModified":"2024-11-09T22:21:40+00:00","breadcrumb":{"@id":"https:\/\/ajishop.ma\/shop\/produits-de-beaute\/soins-des-mains-des-pieds-et-du-corps\/rouge-a-levres-magique\/#breadcrumb"},"inLanguage":"ar","potentialAction":[{"@type":"ReadAction","target":["https:\/\/ajishop.ma\/shop\/produits-de-beaute\/soins-des-mains-des-pieds-et-du-corps\/rouge-a-levres-magique\/"]}]},{"@type":"ImageObject","inLanguage":"ar","@id":"https:\/\/ajishop.ma\/shop\/produits-de-beaute\/soins-des-mains-des-pieds-et-du-corps\/rouge-a-levres-magique\/#primaryimage","url":"https:\/\/ajishop.ma\/wp-content\/uploads\/2024\/11\/24-h.jpg","contentUrl":"https:\/\/ajishop.ma\/wp-content\/uploads\/2024\/11\/24-h.jpg","width":500,"height":500},{"@type":"BreadcrumbList","@id":"https:\/\/ajishop.ma\/shop\/produits-de-beaute\/soins-des-mains-des-pieds-et-du-corps\/rouge-a-levres-magique\/#breadcrumb","itemListElement":[{"@type":"ListItem","position":1,"name":"Accueil","item":"https:\/\/ajishop.ma\/"},{"@type":"ListItem","position":2,"name":"Magasin","item":"https:\/\/ajishop.ma\/shop\/"},{"@type":"ListItem","position":3,"name":"Rouge \u00e0 l\u00e8vres Magique \/ \u0627\u062d\u0645\u0631 \u0634\u0641\u0627\u0647 \u0627\u0644\u0633\u062d\u0631\u064a \u0645\u0642\u0627\u0648\u0645 \u0644\u0644\u0645\u0627\u0621"}]},{"@type":"WebSite","@id":"https:\/\/ajishop.ma\/#website","url":"https:\/\/ajishop.ma\/","name":"AjiShop.ma","description":"Produits 100% naturels, Pour votre bien \u00eatre...","publisher":{"@id":"https:\/\/ajishop.ma\/#organization"},"potentialAction":[{"@type":"SearchAction","target":{"@type":"EntryPoint","urlTemplate":"https:\/\/ajishop.ma\/?s={search_term_string}"},"query-input":{"@type":"PropertyValueSpecification","valueRequired":true,"valueName":"search_term_string"}}],"inLanguage":"ar"},{"@type":"Organization","@id":"https:\/\/ajishop.ma\/#organization","name":"AjiShop.ma","url":"https:\/\/ajishop.ma\/","logo":{"@type":"ImageObject","inLanguage":"ar","@id":"https:\/\/ajishop.ma\/#\/schema\/logo\/image\/","url":"https:\/\/ajishop.ma\/wp-content\/uploads\/2024\/09\/AjiShop.ma-Horizontal-Logo-Green.png","contentUrl":"https:\/\/ajishop.ma\/wp-content\/uploads\/2024\/09\/AjiShop.ma-Horizontal-Logo-Green.png","width":1917,"height":276,"caption":"AjiShop.ma"},"image":{"@id":"https:\/\/ajishop.ma\/#\/schema\/logo\/image\/"}}]}},"_links":{"self":[{"href":"https:\/\/ajishop.ma\/ar\/wp-json\/wp\/v2\/product\/17043"}],"collection":[{"href":"https:\/\/ajishop.ma\/ar\/wp-json\/wp\/v2\/product"}],"about":[{"href":"https:\/\/ajishop.ma\/ar\/wp-json\/wp\/v2\/types\/product"}],"replies":[{"embeddable":true,"href":"https:\/\/ajishop.ma\/ar\/wp-json\/wp\/v2\/comments?post=17043"}],"version-history":[{"count":5,"href":"https:\/\/ajishop.ma\/ar\/wp-json\/wp\/v2\/product\/17043\/revisions"}],"predecessor-version":[{"id":17050,"href":"https:\/\/ajishop.ma\/ar\/wp-json\/wp\/v2\/product\/17043\/revisions\/17050"}],"wp:featuredmedia":[{"embeddable":true,"href":"https:\/\/ajishop.ma\/ar\/wp-json\/wp\/v2\/media\/17049"}],"wp:attachment":[{"href":"https:\/\/ajishop.ma\/ar\/wp-json\/wp\/v2\/media?parent=17043"}],"wp:term":[{"taxonomy":"product_cat","embeddable":true,"href":"https:\/\/ajishop.ma\/ar\/wp-json\/wp\/v2\/product_cat?post=17043"},{"taxonomy":"product_tag","embeddable":true,"href":"https:\/\/ajishop.ma\/ar\/wp-json\/wp\/v2\/product_tag?post=17043"}],"curies":[{"name":"wp","href":"https:\/\/api.w.org\/{rel}","templated":true}]}}