{"id":17051,"date":"2024-11-09T23:45:14","date_gmt":"2024-11-09T22:45:14","guid":{"rendered":"https:\/\/ajishop.ma\/?post_type=product&#038;p=17051"},"modified":"2024-11-10T14:43:08","modified_gmt":"2024-11-10T13:43:08","slug":"fassoukh-beldi-blanc","status":"publish","type":"product","link":"https:\/\/ajishop.ma\/ar\/shop\/herbes-et-apothicaire\/herbes\/fassoukh-beldi-blanc\/","title":{"rendered":"Fassoukh beldi  \/ \u0627\u0644\u0641\u0627\u0633\u0648\u062e"},"content":{"rendered":"<p style=\"text-align: center\"><span style=\"font-size: 18pt;color: #0000ff\">Con\u00e7u pour vous prot\u00e9ger des mauvais esprits et attirer la chance dans votre vie.<\/span><\/p>\n<p style=\"text-align: center\"><span style=\"font-size: 18pt;color: #0000ff\"> Ce talisman, utilis\u00e9 depuis des g\u00e9n\u00e9rations, purifie l&#8217;\u00e9nergie autour de vous, \u00e9loigne le mauvais \u0153il et favorise l\u2019harmonie. <\/span><\/p>\n<p style=\"text-align: center\"><span style=\"font-size: 18pt;color: #0000ff\">Compos\u00e9 d&#8217;ingr\u00e9dients naturels, il vous entoure d&#8217;une aura de protection et de bien-\u00eatre.<\/span><\/p>\n<p style=\"text-align: center\"><span style=\"font-size: 18pt;color: #0000ff\"> Un petit geste simple, un grand changement dans votre quotidien.<\/span><\/p>\n<p style=\"text-align: center\"><span style=\"font-size: 18pt;color: #0000ff\">Apportez paix et prosp\u00e9rit\u00e9 avec ce symbole mystique et authentique !<\/span><\/p>","protected":false},"excerpt":{"rendered":"<p>Con\u00e7u pour vous prot\u00e9ger des mauvais esprits et attirer la chance dans votre vie. Ce talisman, utilis\u00e9 depuis des g\u00e9n\u00e9rations,<\/p>","protected":false},"featured_media":17052,"comment_status":"open","ping_status":"closed","template":"","meta":[],"product_cat":[32,75,79],"product_tag":[],"yoast_head":"<!-- This site is optimized with the Yoast SEO plugin v23.4 - https:\/\/yoast.com\/wordpress\/plugins\/seo\/ -->\n<title>Fassoukh beldi \/ \u0627\u0644\u0641\u0627\u0633\u0648\u062e - AjiShop.ma<\/title>\n<meta name=\"robots\" content=\"index, follow, max-snippet:-1, max-image-preview:large, max-video-preview:-1\" \/>\n<link rel=\"canonical\" href=\"https:\/\/ajishop.ma\/ar\/shop\/herbes-et-apothicaire\/herbes\/fassoukh-beldi-blanc\/\" \/>\n<meta property=\"og:locale\" content=\"ar_AR\" \/>\n<meta property=\"og:type\" content=\"article\" \/>\n<meta property=\"og:title\" content=\"Fassoukh beldi \/ \u0627\u0644\u0641\u0627\u0633\u0648\u062e - AjiShop.ma\" \/>\n<meta property=\"og:description\" content=\"Con\u00e7u pour vous prot\u00e9ger des mauvais esprits et attirer la chance dans votre vie. Ce talisman, utilis\u00e9 depuis des g\u00e9n\u00e9rations,\" \/>\n<meta property=\"og:url\" content=\"https:\/\/ajishop.ma\/ar\/shop\/herbes-et-apothicaire\/herbes\/fassoukh-beldi-blanc\/\" \/>\n<meta property=\"og:site_name\" content=\"AjiShop.ma\" \/>\n<meta property=\"article:modified_time\" content=\"2024-11-10T13:43:08+00:00\" \/>\n<meta property=\"og:image\" content=\"https:\/\/ajishop.ma\/wp-content\/uploads\/2024\/11\/Fassoukh-Blanc-1.webp\" \/>\n\t<meta property=\"og:image:width\" content=\"300\" \/>\n\t<meta property=\"og:image:height\" content=\"300\" \/>\n\t<meta property=\"og:image:type\" content=\"image\/webp\" \/>\n<meta name=\"twitter:card\" content=\"summary_large_image\" \/>\n<meta name=\"twitter:label1\" content=\"\u0648\u0642\u062a \u0627\u0644\u0642\u0631\u0627\u0621\u0629 \u0627\u0644\u0645\u064f\u0642\u062f\u0651\u0631\" \/>\n\t<meta name=\"twitter:data1\" content=\"\u062f\u0642\u064a\u0642\u0629 \u0648\u0627\u062d\u062f\u0629\" \/>\n<script type=\"application\/ld+json\" class=\"yoast-schema-graph\">{\"@context\":\"https:\/\/schema.org\",\"@graph\":[{\"@type\":\"WebPage\",\"@id\":\"https:\/\/ajishop.ma\/shop\/herbes-et-apothicaire\/herbes\/fassoukh-beldi-blanc\/\",\"url\":\"https:\/\/ajishop.ma\/shop\/herbes-et-apothicaire\/herbes\/fassoukh-beldi-blanc\/\",\"name\":\"Fassoukh beldi \/ \u0627\u0644\u0641\u0627\u0633\u0648\u062e - AjiShop.ma\",\"isPartOf\":{\"@id\":\"https:\/\/ajishop.ma\/#website\"},\"primaryImageOfPage\":{\"@id\":\"https:\/\/ajishop.ma\/shop\/herbes-et-apothicaire\/herbes\/fassoukh-beldi-blanc\/#primaryimage\"},\"image\":{\"@id\":\"https:\/\/ajishop.ma\/shop\/herbes-et-apothicaire\/herbes\/fassoukh-beldi-blanc\/#primaryimage\"},\"thumbnailUrl\":\"https:\/\/ajishop.ma\/wp-content\/uploads\/2024\/11\/Fassoukh-Blanc-1.webp\",\"datePublished\":\"2024-11-09T22:45:14+00:00\",\"dateModified\":\"2024-11-10T13:43:08+00:00\",\"breadcrumb\":{\"@id\":\"https:\/\/ajishop.ma\/shop\/herbes-et-apothicaire\/herbes\/fassoukh-beldi-blanc\/#breadcrumb\"},\"inLanguage\":\"ar\",\"potentialAction\":[{\"@type\":\"ReadAction\",\"target\":[\"https:\/\/ajishop.ma\/shop\/herbes-et-apothicaire\/herbes\/fassoukh-beldi-blanc\/\"]}]},{\"@type\":\"ImageObject\",\"inLanguage\":\"ar\",\"@id\":\"https:\/\/ajishop.ma\/shop\/herbes-et-apothicaire\/herbes\/fassoukh-beldi-blanc\/#primaryimage\",\"url\":\"https:\/\/ajishop.ma\/wp-content\/uploads\/2024\/11\/Fassoukh-Blanc-1.webp\",\"contentUrl\":\"https:\/\/ajishop.ma\/wp-content\/uploads\/2024\/11\/Fassoukh-Blanc-1.webp\",\"width\":300,\"height\":300},{\"@type\":\"BreadcrumbList\",\"@id\":\"https:\/\/ajishop.ma\/shop\/herbes-et-apothicaire\/herbes\/fassoukh-beldi-blanc\/#breadcrumb\",\"itemListElement\":[{\"@type\":\"ListItem\",\"position\":1,\"name\":\"Accueil\",\"item\":\"https:\/\/ajishop.ma\/\"},{\"@type\":\"ListItem\",\"position\":2,\"name\":\"Magasin\",\"item\":\"https:\/\/ajishop.ma\/shop\/\"},{\"@type\":\"ListItem\",\"position\":3,\"name\":\"Fassoukh beldi \/ \u0627\u0644\u0641\u0627\u0633\u0648\u062e\"}]},{\"@type\":\"WebSite\",\"@id\":\"https:\/\/ajishop.ma\/#website\",\"url\":\"https:\/\/ajishop.ma\/\",\"name\":\"AjiShop.ma\",\"description\":\"Produits 100% naturels, Pour votre bien \u00eatre...\",\"publisher\":{\"@id\":\"https:\/\/ajishop.ma\/#organization\"},\"potentialAction\":[{\"@type\":\"SearchAction\",\"target\":{\"@type\":\"EntryPoint\",\"urlTemplate\":\"https:\/\/ajishop.ma\/?s={search_term_string}\"},\"query-input\":{\"@type\":\"PropertyValueSpecification\",\"valueRequired\":true,\"valueName\":\"search_term_string\"}}],\"inLanguage\":\"ar\"},{\"@type\":\"Organization\",\"@id\":\"https:\/\/ajishop.ma\/#organization\",\"name\":\"AjiShop.ma\",\"url\":\"https:\/\/ajishop.ma\/\",\"logo\":{\"@type\":\"ImageObject\",\"inLanguage\":\"ar\",\"@id\":\"https:\/\/ajishop.ma\/#\/schema\/logo\/image\/\",\"url\":\"https:\/\/ajishop.ma\/wp-content\/uploads\/2024\/09\/AjiShop.ma-Horizontal-Logo-Green.png\",\"contentUrl\":\"https:\/\/ajishop.ma\/wp-content\/uploads\/2024\/09\/AjiShop.ma-Horizontal-Logo-Green.png\",\"width\":1917,\"height\":276,\"caption\":\"AjiShop.ma\"},\"image\":{\"@id\":\"https:\/\/ajishop.ma\/#\/schema\/logo\/image\/\"}}]}<\/script>\n<!-- \/ Yoast SEO plugin. -->","yoast_head_json":{"title":"Fassoukh beldi \/ \u0627\u0644\u0641\u0627\u0633\u0648\u062e - AjiShop.ma","robots":{"index":"index","follow":"follow","max-snippet":"max-snippet:-1","max-image-preview":"max-image-preview:large","max-video-preview":"max-video-preview:-1"},"canonical":"https:\/\/ajishop.ma\/ar\/shop\/herbes-et-apothicaire\/herbes\/fassoukh-beldi-blanc\/","og_locale":"ar_AR","og_type":"article","og_title":"Fassoukh beldi \/ \u0627\u0644\u0641\u0627\u0633\u0648\u062e - AjiShop.ma","og_description":"Con\u00e7u pour vous prot\u00e9ger des mauvais esprits et attirer la chance dans votre vie. Ce talisman, utilis\u00e9 depuis des g\u00e9n\u00e9rations,","og_url":"https:\/\/ajishop.ma\/ar\/shop\/herbes-et-apothicaire\/herbes\/fassoukh-beldi-blanc\/","og_site_name":"AjiShop.ma","article_modified_time":"2024-11-10T13:43:08+00:00","og_image":[{"width":300,"height":300,"url":"https:\/\/ajishop.ma\/wp-content\/uploads\/2024\/11\/Fassoukh-Blanc-1.webp","type":"image\/webp"}],"twitter_card":"summary_large_image","twitter_misc":{"\u0648\u0642\u062a \u0627\u0644\u0642\u0631\u0627\u0621\u0629 \u0627\u0644\u0645\u064f\u0642\u062f\u0651\u0631":"\u062f\u0642\u064a\u0642\u0629 \u0648\u0627\u062d\u062f\u0629"},"schema":{"@context":"https:\/\/schema.org","@graph":[{"@type":"WebPage","@id":"https:\/\/ajishop.ma\/shop\/herbes-et-apothicaire\/herbes\/fassoukh-beldi-blanc\/","url":"https:\/\/ajishop.ma\/shop\/herbes-et-apothicaire\/herbes\/fassoukh-beldi-blanc\/","name":"Fassoukh beldi \/ \u0627\u0644\u0641\u0627\u0633\u0648\u062e - AjiShop.ma","isPartOf":{"@id":"https:\/\/ajishop.ma\/#website"},"primaryImageOfPage":{"@id":"https:\/\/ajishop.ma\/shop\/herbes-et-apothicaire\/herbes\/fassoukh-beldi-blanc\/#primaryimage"},"image":{"@id":"https:\/\/ajishop.ma\/shop\/herbes-et-apothicaire\/herbes\/fassoukh-beldi-blanc\/#primaryimage"},"thumbnailUrl":"https:\/\/ajishop.ma\/wp-content\/uploads\/2024\/11\/Fassoukh-Blanc-1.webp","datePublished":"2024-11-09T22:45:14+00:00","dateModified":"2024-11-10T13:43:08+00:00","breadcrumb":{"@id":"https:\/\/ajishop.ma\/shop\/herbes-et-apothicaire\/herbes\/fassoukh-beldi-blanc\/#breadcrumb"},"inLanguage":"ar","potentialAction":[{"@type":"ReadAction","target":["https:\/\/ajishop.ma\/shop\/herbes-et-apothicaire\/herbes\/fassoukh-beldi-blanc\/"]}]},{"@type":"ImageObject","inLanguage":"ar","@id":"https:\/\/ajishop.ma\/shop\/herbes-et-apothicaire\/herbes\/fassoukh-beldi-blanc\/#primaryimage","url":"https:\/\/ajishop.ma\/wp-content\/uploads\/2024\/11\/Fassoukh-Blanc-1.webp","contentUrl":"https:\/\/ajishop.ma\/wp-content\/uploads\/2024\/11\/Fassoukh-Blanc-1.webp","width":300,"height":300},{"@type":"BreadcrumbList","@id":"https:\/\/ajishop.ma\/shop\/herbes-et-apothicaire\/herbes\/fassoukh-beldi-blanc\/#breadcrumb","itemListElement":[{"@type":"ListItem","position":1,"name":"Accueil","item":"https:\/\/ajishop.ma\/"},{"@type":"ListItem","position":2,"name":"Magasin","item":"https:\/\/ajishop.ma\/shop\/"},{"@type":"ListItem","position":3,"name":"Fassoukh beldi \/ \u0627\u0644\u0641\u0627\u0633\u0648\u062e"}]},{"@type":"WebSite","@id":"https:\/\/ajishop.ma\/#website","url":"https:\/\/ajishop.ma\/","name":"AjiShop.ma","description":"Produits 100% naturels, Pour votre bien \u00eatre...","publisher":{"@id":"https:\/\/ajishop.ma\/#organization"},"potentialAction":[{"@type":"SearchAction","target":{"@type":"EntryPoint","urlTemplate":"https:\/\/ajishop.ma\/?s={search_term_string}"},"query-input":{"@type":"PropertyValueSpecification","valueRequired":true,"valueName":"search_term_string"}}],"inLanguage":"ar"},{"@type":"Organization","@id":"https:\/\/ajishop.ma\/#organization","name":"AjiShop.ma","url":"https:\/\/ajishop.ma\/","logo":{"@type":"ImageObject","inLanguage":"ar","@id":"https:\/\/ajishop.ma\/#\/schema\/logo\/image\/","url":"https:\/\/ajishop.ma\/wp-content\/uploads\/2024\/09\/AjiShop.ma-Horizontal-Logo-Green.png","contentUrl":"https:\/\/ajishop.ma\/wp-content\/uploads\/2024\/09\/AjiShop.ma-Horizontal-Logo-Green.png","width":1917,"height":276,"caption":"AjiShop.ma"},"image":{"@id":"https:\/\/ajishop.ma\/#\/schema\/logo\/image\/"}}]}},"_links":{"self":[{"href":"https:\/\/ajishop.ma\/ar\/wp-json\/wp\/v2\/product\/17051"}],"collection":[{"href":"https:\/\/ajishop.ma\/ar\/wp-json\/wp\/v2\/product"}],"about":[{"href":"https:\/\/ajishop.ma\/ar\/wp-json\/wp\/v2\/types\/product"}],"replies":[{"embeddable":true,"href":"https:\/\/ajishop.ma\/ar\/wp-json\/wp\/v2\/comments?post=17051"}],"version-history":[{"count":3,"href":"https:\/\/ajishop.ma\/ar\/wp-json\/wp\/v2\/product\/17051\/revisions"}],"predecessor-version":[{"id":17073,"href":"https:\/\/ajishop.ma\/ar\/wp-json\/wp\/v2\/product\/17051\/revisions\/17073"}],"wp:featuredmedia":[{"embeddable":true,"href":"https:\/\/ajishop.ma\/ar\/wp-json\/wp\/v2\/media\/17052"}],"wp:attachment":[{"href":"https:\/\/ajishop.ma\/ar\/wp-json\/wp\/v2\/media?parent=17051"}],"wp:term":[{"taxonomy":"product_cat","embeddable":true,"href":"https:\/\/ajishop.ma\/ar\/wp-json\/wp\/v2\/product_cat?post=17051"},{"taxonomy":"product_tag","embeddable":true,"href":"https:\/\/ajishop.ma\/ar\/wp-json\/wp\/v2\/product_tag?post=17051"}],"curies":[{"name":"wp","href":"https:\/\/api.w.org\/{rel}","templated":true}]}}