{"id":17098,"date":"2024-11-10T23:28:12","date_gmt":"2024-11-10T22:28:12","guid":{"rendered":"https:\/\/ajishop.ma\/?post_type=product&#038;p=17098"},"modified":"2025-12-25T23:34:03","modified_gmt":"2025-12-25T22:34:03","slug":"arachide","status":"publish","type":"product","link":"https:\/\/ajishop.ma\/ar\/shop\/herbes-et-apothicaire\/herbes\/arachide\/","title":{"rendered":"Arachide \/  \u062d\u0628 \u0627\u0644\u0639\u0632\u064a\u0632"},"content":{"rendered":"<div data-elementor-type=\"wp-post\" data-elementor-id=\"17098\" class=\"elementor elementor-17098\">\n\t\t\t\t<div class=\"wd-negative-gap elementor-element elementor-element-11077cd3 e-flex e-con-boxed e-con e-parent\" data-id=\"11077cd3\" data-element_type=\"container\">\n\t\t\t\t\t<div class=\"e-con-inner\">\n\t\t\t\t<div class=\"elementor-element elementor-element-2d6ab260 lang-fr color-scheme-inherit text-left elementor-widget elementor-widget-text-editor\" data-id=\"2d6ab260\" data-element_type=\"widget\" data-widget_type=\"text-editor.default\">\n\t\t\t\t<div class=\"elementor-widget-container\">\n\t\t\t\t\t\t\t<span>La consommation d&#8217;amandes moulues est tr\u00e8s importante, surtout pour les femmes, car elle permet de stimuler le cycle menstruel, d&#8217;am\u00e9liorer son apparence et de lutter contre l&#8217;infertilit\u00e9, la frigidit\u00e9, etc.<\/span>\r\n\r\n<span>L&#8217;amande moulue a \u00e9galement d&#8217;autres noms tels que\u00a0<\/span><strong><span>cyperus esculentus<\/span><\/strong><span>\u00a0, noix de coco\u00a0<strong>comestible\u00a0<\/strong><\/span><strong><span>et<\/span><\/strong>\u00a0<span>plante herbac\u00e9e vivace avec tubercules et houx.<\/span>\r\n<div class=\"jss168\"><span>En plus de ses effets digestifs, diur\u00e9tiques, nourrissants, stimulants et am\u00e9liorant la peau, gr\u00e2ce \u00e0 sa concentration en vitamine E, les amandes sont \u00e9galement tr\u00e8s efficaces pour traiter la dysfonction \u00e9rectile, la faible libido et la mauvaise qualit\u00e9 du sperme. Et B8 et oligo-\u00e9l\u00e9ments.<\/span><\/div>\r\n<h2 style=\"font-size: 18px\"><span>Avantages des amandes moulues<\/span><\/h2>\r\n<span>La poudre d\u2019amandes poss\u00e8de plusieurs vertus, parmi lesquelles :<\/span>\r\n<ul>\r\n \t<li><span>Sans gluten<\/span><\/li>\r\n \t<li><span>Riche en min\u00e9raux<\/span><\/li>\r\n \t<li><span>Parfait contre les petites fringales<\/span><\/li>\r\n \t<li><span>Facile \u00e0 traverser<\/span><\/li>\r\n \t<li><span>Diminution de la libido (sel rose de l&#8217;Himalaya)<\/span><\/li>\r\n \t<li><span>Sans lactose<\/span><\/li>\r\n \t<li><span>Riche en vitamines et min\u00e9raux<\/span><\/li>\r\n \t<li><span>Alli\u00e9 minceur (poudre de matcha)<\/span><\/li>\r\n<\/ul>\r\n<h2 style=\"font-size: 18px\"><span>Composition<\/span><\/h2>\r\n<span>Les \u00ab amandes de terre \u00bb sont riches en de multiples aliments :<\/span>\r\n<ul>\r\n \t<li><span>Huile fixe<\/span><\/li>\r\n \t<li><span>amidon,<\/span><\/li>\r\n \t<li><span>Vitamines<\/span><\/li>\r\n \t<li><span>Fibres<\/span><\/li>\r\n \t<li><span>Glucides<\/span><\/li>\r\n<\/ul>\r\n<h2 style=\"font-size: 18px\"><span>Quelles vitamines contiennent les noix tigr\u00e9es bio ?<\/span><\/h2>\r\n<span>Les noix tigr\u00e9es biologiques contiennent \u00e9galement des nutriments tr\u00e8s importants tels que les vitamines C et E.<\/span>\r\n\r\n<a title=\"Vitamine C\" href=\"https:\/\/www.passeportsante.net\/fr\/Solutions\/PlantesSupplements\/Fiche.aspx?doc=vitamine_c_ps\" target=\"_blank\" rel=\"noopener\"><span>La vitamine C<\/span><\/a><span>\u00a0aide\u00a0\u00e0 pr\u00e9venir la goutte, le cancer, les maladies cardiovasculaires, etc.<\/span>\r\n\r\n<span>Mais elle aide \u00e9galement \u00e0 pr\u00e9venir les rhumes (poudre de costus indien) et am\u00e9liore l&#8217;absorption du fer.<\/span>\r\n<div class=\"jss168\"><span>Quant \u00e0 la vitamine E, elle aide \u00e0 r\u00e9sister au stress oxydatif, stimule l\u2019immunit\u00e9, pr\u00e9vient le cancer et a un effet protecteur sur le c\u0153ur.<\/span><\/div>\r\n<h2 style=\"font-size: 18px\"><span>est utilis\u00e9<\/span><\/h2>\r\n<h3 style=\"font-size: 16px\">indication:<\/h3>\r\n<ul>\r\n \t<li>Troubles digestifs<\/li>\r\n \t<li>Cholest\u00e9rol<\/li>\r\n<\/ul>\r\n<h2 style=\"font-size: 18px\"><span>Conseils d&#8217;utilisation<\/span><\/h2>\r\n<div class=\"jss168\"><span>Utiliser 2 \u00e0 3 cuill\u00e8res \u00e0 caf\u00e9 par jour dans le muesli, les salades de fruits et l\u00e9gumes et les smoothies. arachide<\/span><\/div>\t\t\t\t\t\t<\/div>\n\t\t\t\t<\/div>\n\t\t\t\t\t<\/div>\n\t\t\t\t<\/div>\n\t\t<div class=\"wd-negative-gap elementor-element elementor-element-4fe7fff e-flex e-con-boxed e-con e-parent\" data-id=\"4fe7fff\" data-element_type=\"container\">\n\t\t\t\t\t<div class=\"e-con-inner\">\n\t\t\t\t<div class=\"elementor-element elementor-element-7068e74 lang-ar color-scheme-inherit text-left elementor-widget elementor-widget-text-editor\" data-id=\"7068e74\" data-element_type=\"widget\" data-widget_type=\"text-editor.default\">\n\t\t\t\t<div class=\"elementor-widget-container\">\n\t\t\t\t\t\t\t<h4 style=\"text-align: right\">\u0627<span style=\"color: #000000\"><strong><span style=\"font-size: 18pt\">\u0644\u0644\u0648\u0632 \u0627\u0644\u0645\u0637\u062d\u0648\u0646\u060c \u0627\u0644\u062c\u0648\u0632 \u0627\u0644\u0635\u0627\u0644\u062d \u0644\u0644\u0623\u0643\u0644 &#8211; \u062d\u0628 \u0627\u0644\u0639\u0632\u064a\u0632<\/span><\/strong><\/span><\/h4><p style=\"text-align: right\"><span style=\"color: #000000\"><strong><span style=\"font-size: 18pt\">\u0627\u0633\u062a\u0647\u0644\u0627\u0643 \u0627\u0644\u0644\u0648\u0632 \u0627\u0644\u0645\u0637\u062d\u0648\u0646 \u0645\u0647\u0645 \u062c\u062f\u0627\u064b\u060c \u062e\u0627\u0635\u0629 \u0644\u0644\u0646\u0633\u0627\u0621\u060c \u0644\u0623\u0646\u0647 \u064a\u0633\u0627\u0639\u062f \u0639\u0644\u0649 \u062a\u062d\u0641\u064a\u0632 \u0627\u0644\u062f\u0648\u0631\u0629 \u0627\u0644\u0634\u0647\u0631\u064a\u0629 \u0648\u062a\u0639\u0632\u064a\u0632 \u0638\u0647\u0648\u0631\u0647\u0627\u060c \u0648\u0645\u0642\u0627\u0648\u0645\u0629 \u0627\u0644\u0639\u0642\u0645 \u0648\u0627\u0644\u0628\u0631\u0648\u062f \u0627\u0644\u062c\u0646\u0633\u064a \u0648\u063a\u064a\u0631\u0647\u0627.<\/span><\/strong><\/span><\/p><p style=\"text-align: right\"><span style=\"color: #000000\"><strong><span style=\"font-size: 18pt\">\u0627\u0644\u0644\u0648\u0632 \u0627\u0644\u0645\u0637\u062d\u0648\u0646 \u0644\u0647 \u0623\u064a\u0636\u064b\u0627 \u0623\u0633\u0645\u0627\u0621 \u0623\u062e\u0631\u0649 \u0645\u062b\u0644\u00a0cyperus esculentus\u00a0\u060c\u00a0\u0648\u062c\u0648\u0632 \u0627\u0644\u0647\u0646\u062f\u00a0\u0627\u0644\u0635\u0627\u0644\u062d \u0644\u0644\u0623\u0643\u0644<\/span><\/strong><\/span><br \/><span style=\"color: #000000\"><strong><span style=\"font-size: 18pt\">\u0639\u0634\u0628\u0629 \u0645\u0639\u0645\u0631\u0629 \u0645\u0639 \u0627\u0644\u062f\u0631\u0646\u0627\u062a \u0648\u0627\u0644\u0635\u0642\u064a\u0639.<\/span><\/strong><\/span><\/p><div class=\"jss168\" style=\"text-align: right\"><span style=\"color: #000000\"><strong><span style=\"font-size: 18pt\">\u0628\u0627\u0644\u0625\u0636\u0627\u0641\u0629 \u0625\u0644\u0649 \u0622\u062b\u0627\u0631\u0647 \u0627\u0644\u0647\u0636\u0645\u064a\u0629\u060c \u0627\u0644\u0645\u062f\u0631\u0629 \u0644\u0644\u0628\u0648\u0644\u060c \u0627\u0644\u0645\u063a\u0630\u064a\u0629\u060c \u0627\u0644\u0645\u062d\u0641\u0632\u0629 \u0648\u062a\u062d\u0633\u064a\u0646 \u0627\u0644\u062c\u0644\u062f\u060c \u0628\u0633\u0628\u0628 \u062a\u0631\u0643\u064a\u0632\u0647 \u0628\u0641\u064a\u062a\u0627\u0645\u064a\u0646 E\u060c \u0641\u0625\u0646 \u0627\u0644\u0644\u0648\u0632 \u0623\u064a\u0636\u064b\u0627 \u0641\u0639\u0627\u0644 \u062c\u062f\u064b\u0627 \u0641\u064a \u0639\u0644\u0627\u062c \u0636\u0639\u0641 \u0627\u0644\u0627\u0646\u062a\u0635\u0627\u0628\u060c \u0627\u0646\u062e\u0641\u0627\u0636 \u0627\u0644\u0631\u063a\u0628\u0629 \u0627\u0644\u062c\u0646\u0633\u064a\u0629 \u0648\u0627\u0646\u062e\u0641\u0627\u0636 \u062c\u0648\u062f\u0629 \u0627\u0644\u062d\u064a\u0648\u0627\u0646\u0627\u062a \u0627\u0644\u0645\u0646\u0648\u064a\u0629. \u0648B8 \u0648\u0627\u0644\u0639\u0646\u0627\u0635\u0631 \u0627\u0644\u0646\u0632\u0631\u0629.<\/span><\/strong><\/span><\/div><h2 style=\"font-size: 18px;text-align: right\"><span style=\"color: #000000\"><strong><span style=\"font-size: 18pt\">\u0641\u0648\u0627\u0626\u062f \u0627\u0644\u0644\u0648\u0632 \u0627\u0644\u0645\u0637\u062d\u0648\u0646<\/span><\/strong><\/span><\/h2><p style=\"text-align: right\"><span style=\"color: #000000\"><strong><span style=\"font-size: 18pt\">\u0644\u0644\u0648\u0632 \u0627\u0644\u0645\u0637\u062d\u0648\u0646 \u0639\u062f\u0629 \u0641\u0636\u0627\u0626\u0644\u060c \u0648\u0647\u064a:<\/span><\/strong><\/span><\/p><ul style=\"text-align: right\"><li><span style=\"color: #000000\"><strong><span style=\"font-size: 18pt\">\u0628\u062f\u0648\u0646 \u063a\u0644\u0648\u062a\u064a\u0646<\/span><\/strong><\/span><\/li><li><span style=\"color: #000000\"><strong><span style=\"font-size: 18pt\">\u063a\u0646\u064a\u0629 \u0628\u0627\u0644\u0645\u0639\u0627\u062f\u0646<\/span><\/strong><\/span><\/li><li><span style=\"color: #000000\"><strong><span style=\"font-size: 18pt\">\u0645\u062b\u0627\u0644\u064a \u0636\u062f \u0622\u0644\u0627\u0645 \u0627\u0644\u062c\u0648\u0639 \u0627\u0644\u0635\u063a\u064a\u0631\u0629<\/span><\/strong><\/span><\/li><li><span style=\"color: #000000\"><strong><span style=\"font-size: 18pt\">\u064a\u0633\u0647\u0644 \u0627\u0644\u0639\u0628\u0648\u0631<\/span><\/strong><\/span><\/li><li><span style=\"color: #000000\"><strong><span style=\"font-size: 18pt\">\u0627\u0646\u062e\u0641\u0627\u0636 \u0627\u0644\u0631\u063a\u0628\u0629 \u0627\u0644\u062c\u0646\u0633\u064a\u0629 (\u0645\u0644\u062d \u0627\u0644\u0647\u064a\u0645\u0627\u0644\u0627\u064a\u0627 \u0627\u0644\u0648\u0631\u062f\u064a)<\/span><\/strong><\/span><\/li><li><span style=\"color: #000000\"><strong><span style=\"font-size: 18pt\">\u062e\u0627\u0644\u064a \u0645\u0646 \u0627\u0644\u0644\u0627\u0643\u062a\u0648\u0632<\/span><\/strong><\/span><\/li><li><span style=\"color: #000000\"><strong><span style=\"font-size: 18pt\">\u063a\u0646\u064a \u0628\u0627\u0644\u0641\u064a\u062a\u0627\u0645\u064a\u0646\u0627\u062a \u0648\u0627\u0644\u0645\u0639\u0627\u062f\u0646<\/span><\/strong><\/span><\/li><li><span style=\"color: #000000\"><strong><span style=\"font-size: 18pt\">\u062d\u0644\u064a\u0641 \u0627\u0644\u062a\u062e\u0633\u064a\u0633 (\u0628\u0648\u062f\u0631\u0629 \u0627\u0644\u0645\u0627\u062a\u0634\u0627)<\/span><\/strong><\/span><\/li><\/ul><h2 style=\"font-size: 18px;text-align: right\"><span style=\"color: #000000\"><strong><span style=\"font-size: 18pt\">\u0627\u0644\u062a\u0631\u0643\u064a\u0628\u0629<\/span><\/strong><\/span><\/h2><p style=\"text-align: right\"><span style=\"color: #000000\"><strong><span style=\"font-size: 18pt\">&#8220;\u0644\u0648\u0632 \u0627\u0644\u0623\u0631\u0636&#8221; \u063a\u0646\u064a \u0628\u0623\u0637\u0639\u0645\u0629 \u0645\u062a\u0639\u062f\u062f\u0629:<\/span><\/strong><\/span><\/p><ul style=\"text-align: right\"><li><span style=\"color: #000000\"><strong><span style=\"font-size: 18pt\">\u0632\u064a\u062a \u062b\u0627\u0628\u062a<\/span><\/strong><\/span><\/li><li><span style=\"color: #000000\"><strong><span style=\"font-size: 18pt\">\u0646\u0634\u0627\u0621\u060c<\/span><\/strong><\/span><\/li><li><span style=\"color: #000000\"><strong><span style=\"font-size: 18pt\">\u0627\u0644\u0641\u064a\u062a\u0627\u0645\u064a\u0646\u0627\u062a<\/span><\/strong><\/span><\/li><li><span style=\"color: #000000\"><strong><span style=\"font-size: 18pt\">\u0623\u0644\u064a\u0627\u0641<\/span><\/strong><\/span><\/li><li><span style=\"color: #000000\"><strong><span style=\"font-size: 18pt\">\u0627\u0644\u0643\u0631\u0628\u0648\u0647\u064a\u062f\u0631\u0627\u062a<\/span><\/strong><\/span><\/li><\/ul><h2 style=\"font-size: 18px;text-align: right\"><span style=\"color: #000000\"><strong><span style=\"font-size: 18pt\">\u0645\u0627 \u0647\u064a \u0627\u0644\u0641\u064a\u062a\u0627\u0645\u064a\u0646\u0627\u062a \u0627\u0644\u0645\u0648\u062c\u0648\u062f\u0629 \u0641\u064a \u062c\u0648\u0632 \u0627\u0644\u0646\u0645\u0631 \u0627\u0644\u0639\u0636\u0648\u064a\u061f<\/span><\/strong><\/span><\/h2><p style=\"text-align: right\"><span style=\"color: #000000\"><strong><span style=\"font-size: 18pt\">\u064a\u062d\u062a\u0648\u064a \u062c\u0648\u0632 \u0627\u0644\u0646\u0645\u0631 \u0627\u0644\u0639\u0636\u0648\u064a \u0623\u064a\u0636\u064b\u0627 \u0639\u0644\u0649 \u0639\u0646\u0627\u0635\u0631 \u063a\u0630\u0627\u0626\u064a\u0629 \u0645\u0647\u0645\u0629 \u062c\u062f\u064b\u0627 \u0645\u062b\u0644 \u0641\u064a\u062a\u0627\u0645\u064a\u0646 C \u0648E.<\/span><\/strong><\/span><\/p><p style=\"text-align: right\"><span style=\"color: #000000\"><strong><span style=\"font-size: 18pt\">\u064a\u0633\u0627\u0639\u062f\u00a0<a style=\"color: #000000\" title=\"\u0641\u064a\u062a\u0627\u0645\u064a\u0646 \u062c\" href=\"https:\/\/www.passeportsante.net\/fr\/Solutions\/PlantesSupplements\/Fiche.aspx?doc=vitamine_c_ps\" target=\"_blank\" rel=\"noopener\">\u0641\u064a\u062a\u0627\u0645\u064a\u0646 C<\/a>\u00a0\u0639\u0644\u0649 \u0627\u0644\u0648\u0642\u0627\u064a\u0629 \u0645\u0646 \u0627\u0644\u0646\u0642\u0631\u0633\u060c \u0648\u0627\u0644\u0633\u0631\u0637\u0627\u0646\u060c \u0648\u0623\u0645\u0631\u0627\u0636 \u0627\u0644\u0642\u0644\u0628 \u0648\u0627\u0644\u0623\u0648\u0639\u064a\u0629 \u0627\u0644\u062f\u0645\u0648\u064a\u0629\u060c \u0648\u0645\u0627 \u0625\u0644\u0649 \u0630\u0644\u0643.<\/span><\/strong><\/span><\/p><p style=\"text-align: right\"><span style=\"color: #000000\"><strong><span style=\"font-size: 18pt\">\u0648\u0644\u0643\u0646\u0647 \u064a\u0633\u0627\u0639\u062f \u0623\u064a\u0636\u064b\u0627 \u0641\u064a \u0627\u0644\u0648\u0642\u0627\u064a\u0629 \u0645\u0646 \u0646\u0632\u0644\u0627\u062a \u0627\u0644\u0628\u0631\u062f (\u0645\u0633\u062d\u0648\u0642 \u0627\u0644\u0642\u0633\u0637 \u0627\u0644\u0647\u0646\u062f\u064a) \u0648\u064a\u0639\u0632\u0632 \u0627\u0645\u062a\u0635\u0627\u0635 \u0627\u0644\u062d\u062f\u064a\u062f.<\/span><\/strong><\/span><\/p><div class=\"jss168\" style=\"text-align: right\"><span style=\"color: #000000\"><strong><span style=\"font-size: 18pt\">\u0623\u0645\u0627 \u0641\u064a\u062a\u0627\u0645\u064a\u0646 E \u0641\u0647\u0648 \u064a\u0633\u0627\u0639\u062f \u0639\u0644\u0649 \u0645\u0642\u0627\u0648\u0645\u0629 \u0627\u0644\u0625\u062c\u0647\u0627\u062f \u0627\u0644\u062a\u0623\u0643\u0633\u062f\u064a\u060c \u0648\u064a\u062d\u0641\u0632 \u0627\u0644\u0645\u0646\u0627\u0639\u0629\u060c \u0648\u064a\u0645\u0646\u0639 \u0627\u0644\u0633\u0631\u0637\u0627\u0646\u060c \u0648\u0644\u0647 \u062a\u0623\u062b\u064a\u0631 \u0648\u0642\u0627\u0626\u064a \u0644\u0644\u0642\u0644\u0628.<\/span><\/strong><\/span><\/div><h2 style=\"font-size: 18px;text-align: right\"><span style=\"color: #000000\"><strong><span style=\"font-size: 18pt\">\u064a\u0633\u062a\u062e\u062f\u0645<\/span><\/strong><\/span><\/h2><h3 style=\"font-size: 16px;text-align: right\"><span style=\"color: #000000\"><strong><span style=\"font-size: 18pt\">\u062f\u0648\u0627\u0639\u064a \u0627\u0644\u0625\u0633\u062a\u0639\u0645\u0627\u0644:<\/span><\/strong><\/span><\/h3><ul style=\"text-align: right\"><li><span style=\"color: #000000\"><strong><span style=\"font-size: 18pt\">\u0627\u0636\u0637\u0631\u0627\u0628\u0627\u062a \u0647\u0636\u0645\u064a\u0629<\/span><\/strong><\/span><\/li><li><span style=\"color: #000000\"><strong><span style=\"font-size: 18pt\">\u0627\u0644\u0643\u0648\u0644\u064a\u0633\u062a\u0631\u0648\u0644<\/span><\/strong><\/span><\/li><\/ul><h2 style=\"font-size: 18px;text-align: right\"><span style=\"color: #000000\"><strong><span style=\"font-size: 18pt\">\u0646\u0635\u0627\u0626\u062d \u0627\u0644\u0627\u0633\u062a\u0639\u0645\u0627\u0644<\/span><\/strong><\/span><\/h2><div class=\"jss168\" style=\"text-align: right\"><span style=\"color: #000000\"><strong><span style=\"font-size: 18pt\">\u0627\u0633\u062a\u062e\u062f\u0645 2 \u0625\u0644\u0649 3 \u0645\u0644\u0627\u0639\u0642 \u0635\u063a\u064a\u0631\u0629 \u064a\u0648\u0645\u064a\u064b\u0627 \u0641\u064a \u0627\u0644\u0645\u0648\u0633\u0644\u064a \u0648\u0633\u0644\u0637\u0629 \u0627\u0644\u0641\u0648\u0627\u0643\u0647 \u0648\u0627\u0644\u062e\u0636\u0631\u0648\u0627\u062a \u0648\u0627\u0644\u0639\u0635\u0627\u0626\u0631. \u062d\u0628 \u0627\u0644\u0639\u0632\u064a\u0632<\/span><\/strong><\/span><\/div>\t\t\t\t\t\t<\/div>\n\t\t\t\t<\/div>\n\t\t\t\t\t<\/div>\n\t\t\t\t<\/div>\n\t\t\t\t<\/div>","protected":false},"excerpt":{"rendered":"<p>La consommation d&#8217;amandes moulues est tr\u00e8s importante, surtout pour les femmes, car elle permet de stimuler le cycle menstruel, d&#8217;am\u00e9liorer<\/p>","protected":false},"featured_media":17099,"comment_status":"open","ping_status":"closed","template":"","meta":[],"product_cat":[32,75],"product_tag":[],"yoast_head":"<!-- This site is optimized with the Yoast SEO plugin v23.4 - https:\/\/yoast.com\/wordpress\/plugins\/seo\/ -->\n<title>Arachide \/ \u062d\u0628 \u0627\u0644\u0639\u0632\u064a\u0632 - AjiShop.ma<\/title>\n<meta name=\"robots\" content=\"index, follow, max-snippet:-1, max-image-preview:large, max-video-preview:-1\" \/>\n<link rel=\"canonical\" href=\"https:\/\/ajishop.ma\/ar\/shop\/herbes-et-apothicaire\/herbes\/arachide\/\" \/>\n<meta property=\"og:locale\" content=\"ar_AR\" \/>\n<meta property=\"og:type\" content=\"article\" \/>\n<meta property=\"og:title\" content=\"Arachide \/ \u062d\u0628 \u0627\u0644\u0639\u0632\u064a\u0632 - AjiShop.ma\" \/>\n<meta property=\"og:description\" content=\"La consommation d&#8217;amandes moulues est tr\u00e8s importante, surtout pour les femmes, car elle permet de stimuler le cycle menstruel, d&#8217;am\u00e9liorer\" \/>\n<meta property=\"og:url\" content=\"https:\/\/ajishop.ma\/ar\/shop\/herbes-et-apothicaire\/herbes\/arachide\/\" \/>\n<meta property=\"og:site_name\" content=\"AjiShop.ma\" \/>\n<meta property=\"article:modified_time\" content=\"2025-12-25T22:34:03+00:00\" \/>\n<meta property=\"og:image\" content=\"https:\/\/ajishop.ma\/wp-content\/uploads\/2024\/11\/Souchet-web-2_0.webp\" \/>\n\t<meta property=\"og:image:width\" content=\"600\" \/>\n\t<meta property=\"og:image:height\" content=\"588\" \/>\n\t<meta property=\"og:image:type\" content=\"image\/webp\" \/>\n<meta name=\"twitter:card\" content=\"summary_large_image\" \/>\n<meta name=\"twitter:label1\" content=\"\u0648\u0642\u062a \u0627\u0644\u0642\u0631\u0627\u0621\u0629 \u0627\u0644\u0645\u064f\u0642\u062f\u0651\u0631\" \/>\n\t<meta name=\"twitter:data1\" content=\"3 \u062f\u0642\u0627\u0626\u0642\" \/>\n<script type=\"application\/ld+json\" class=\"yoast-schema-graph\">{\"@context\":\"https:\/\/schema.org\",\"@graph\":[{\"@type\":\"WebPage\",\"@id\":\"https:\/\/ajishop.ma\/shop\/herbes-et-apothicaire\/herbes\/arachide\/\",\"url\":\"https:\/\/ajishop.ma\/shop\/herbes-et-apothicaire\/herbes\/arachide\/\",\"name\":\"Arachide \/ \u062d\u0628 \u0627\u0644\u0639\u0632\u064a\u0632 - AjiShop.ma\",\"isPartOf\":{\"@id\":\"https:\/\/ajishop.ma\/#website\"},\"primaryImageOfPage\":{\"@id\":\"https:\/\/ajishop.ma\/shop\/herbes-et-apothicaire\/herbes\/arachide\/#primaryimage\"},\"image\":{\"@id\":\"https:\/\/ajishop.ma\/shop\/herbes-et-apothicaire\/herbes\/arachide\/#primaryimage\"},\"thumbnailUrl\":\"https:\/\/ajishop.ma\/wp-content\/uploads\/2024\/11\/Souchet-web-2_0.webp\",\"datePublished\":\"2024-11-10T22:28:12+00:00\",\"dateModified\":\"2025-12-25T22:34:03+00:00\",\"breadcrumb\":{\"@id\":\"https:\/\/ajishop.ma\/shop\/herbes-et-apothicaire\/herbes\/arachide\/#breadcrumb\"},\"inLanguage\":\"ar\",\"potentialAction\":[{\"@type\":\"ReadAction\",\"target\":[\"https:\/\/ajishop.ma\/shop\/herbes-et-apothicaire\/herbes\/arachide\/\"]}]},{\"@type\":\"ImageObject\",\"inLanguage\":\"ar\",\"@id\":\"https:\/\/ajishop.ma\/shop\/herbes-et-apothicaire\/herbes\/arachide\/#primaryimage\",\"url\":\"https:\/\/ajishop.ma\/wp-content\/uploads\/2024\/11\/Souchet-web-2_0.webp\",\"contentUrl\":\"https:\/\/ajishop.ma\/wp-content\/uploads\/2024\/11\/Souchet-web-2_0.webp\",\"width\":600,\"height\":588},{\"@type\":\"BreadcrumbList\",\"@id\":\"https:\/\/ajishop.ma\/shop\/herbes-et-apothicaire\/herbes\/arachide\/#breadcrumb\",\"itemListElement\":[{\"@type\":\"ListItem\",\"position\":1,\"name\":\"Accueil\",\"item\":\"https:\/\/ajishop.ma\/\"},{\"@type\":\"ListItem\",\"position\":2,\"name\":\"Magasin\",\"item\":\"https:\/\/ajishop.ma\/shop\/\"},{\"@type\":\"ListItem\",\"position\":3,\"name\":\"Arachide \/ \u062d\u0628 \u0627\u0644\u0639\u0632\u064a\u0632\"}]},{\"@type\":\"WebSite\",\"@id\":\"https:\/\/ajishop.ma\/#website\",\"url\":\"https:\/\/ajishop.ma\/\",\"name\":\"AjiShop.ma\",\"description\":\"Produits 100% naturels, Pour votre bien \u00eatre...\",\"publisher\":{\"@id\":\"https:\/\/ajishop.ma\/#organization\"},\"potentialAction\":[{\"@type\":\"SearchAction\",\"target\":{\"@type\":\"EntryPoint\",\"urlTemplate\":\"https:\/\/ajishop.ma\/?s={search_term_string}\"},\"query-input\":{\"@type\":\"PropertyValueSpecification\",\"valueRequired\":true,\"valueName\":\"search_term_string\"}}],\"inLanguage\":\"ar\"},{\"@type\":\"Organization\",\"@id\":\"https:\/\/ajishop.ma\/#organization\",\"name\":\"AjiShop.ma\",\"url\":\"https:\/\/ajishop.ma\/\",\"logo\":{\"@type\":\"ImageObject\",\"inLanguage\":\"ar\",\"@id\":\"https:\/\/ajishop.ma\/#\/schema\/logo\/image\/\",\"url\":\"https:\/\/ajishop.ma\/wp-content\/uploads\/2024\/09\/AjiShop.ma-Horizontal-Logo-Green.png\",\"contentUrl\":\"https:\/\/ajishop.ma\/wp-content\/uploads\/2024\/09\/AjiShop.ma-Horizontal-Logo-Green.png\",\"width\":1917,\"height\":276,\"caption\":\"AjiShop.ma\"},\"image\":{\"@id\":\"https:\/\/ajishop.ma\/#\/schema\/logo\/image\/\"}}]}<\/script>\n<!-- \/ Yoast SEO plugin. -->","yoast_head_json":{"title":"Arachide \/ \u062d\u0628 \u0627\u0644\u0639\u0632\u064a\u0632 - AjiShop.ma","robots":{"index":"index","follow":"follow","max-snippet":"max-snippet:-1","max-image-preview":"max-image-preview:large","max-video-preview":"max-video-preview:-1"},"canonical":"https:\/\/ajishop.ma\/ar\/shop\/herbes-et-apothicaire\/herbes\/arachide\/","og_locale":"ar_AR","og_type":"article","og_title":"Arachide \/ \u062d\u0628 \u0627\u0644\u0639\u0632\u064a\u0632 - AjiShop.ma","og_description":"La consommation d&#8217;amandes moulues est tr\u00e8s importante, surtout pour les femmes, car elle permet de stimuler le cycle menstruel, d&#8217;am\u00e9liorer","og_url":"https:\/\/ajishop.ma\/ar\/shop\/herbes-et-apothicaire\/herbes\/arachide\/","og_site_name":"AjiShop.ma","article_modified_time":"2025-12-25T22:34:03+00:00","og_image":[{"width":600,"height":588,"url":"https:\/\/ajishop.ma\/wp-content\/uploads\/2024\/11\/Souchet-web-2_0.webp","type":"image\/webp"}],"twitter_card":"summary_large_image","twitter_misc":{"\u0648\u0642\u062a \u0627\u0644\u0642\u0631\u0627\u0621\u0629 \u0627\u0644\u0645\u064f\u0642\u062f\u0651\u0631":"3 \u062f\u0642\u0627\u0626\u0642"},"schema":{"@context":"https:\/\/schema.org","@graph":[{"@type":"WebPage","@id":"https:\/\/ajishop.ma\/shop\/herbes-et-apothicaire\/herbes\/arachide\/","url":"https:\/\/ajishop.ma\/shop\/herbes-et-apothicaire\/herbes\/arachide\/","name":"Arachide \/ \u062d\u0628 \u0627\u0644\u0639\u0632\u064a\u0632 - AjiShop.ma","isPartOf":{"@id":"https:\/\/ajishop.ma\/#website"},"primaryImageOfPage":{"@id":"https:\/\/ajishop.ma\/shop\/herbes-et-apothicaire\/herbes\/arachide\/#primaryimage"},"image":{"@id":"https:\/\/ajishop.ma\/shop\/herbes-et-apothicaire\/herbes\/arachide\/#primaryimage"},"thumbnailUrl":"https:\/\/ajishop.ma\/wp-content\/uploads\/2024\/11\/Souchet-web-2_0.webp","datePublished":"2024-11-10T22:28:12+00:00","dateModified":"2025-12-25T22:34:03+00:00","breadcrumb":{"@id":"https:\/\/ajishop.ma\/shop\/herbes-et-apothicaire\/herbes\/arachide\/#breadcrumb"},"inLanguage":"ar","potentialAction":[{"@type":"ReadAction","target":["https:\/\/ajishop.ma\/shop\/herbes-et-apothicaire\/herbes\/arachide\/"]}]},{"@type":"ImageObject","inLanguage":"ar","@id":"https:\/\/ajishop.ma\/shop\/herbes-et-apothicaire\/herbes\/arachide\/#primaryimage","url":"https:\/\/ajishop.ma\/wp-content\/uploads\/2024\/11\/Souchet-web-2_0.webp","contentUrl":"https:\/\/ajishop.ma\/wp-content\/uploads\/2024\/11\/Souchet-web-2_0.webp","width":600,"height":588},{"@type":"BreadcrumbList","@id":"https:\/\/ajishop.ma\/shop\/herbes-et-apothicaire\/herbes\/arachide\/#breadcrumb","itemListElement":[{"@type":"ListItem","position":1,"name":"Accueil","item":"https:\/\/ajishop.ma\/"},{"@type":"ListItem","position":2,"name":"Magasin","item":"https:\/\/ajishop.ma\/shop\/"},{"@type":"ListItem","position":3,"name":"Arachide \/ \u062d\u0628 \u0627\u0644\u0639\u0632\u064a\u0632"}]},{"@type":"WebSite","@id":"https:\/\/ajishop.ma\/#website","url":"https:\/\/ajishop.ma\/","name":"AjiShop.ma","description":"Produits 100% naturels, Pour votre bien \u00eatre...","publisher":{"@id":"https:\/\/ajishop.ma\/#organization"},"potentialAction":[{"@type":"SearchAction","target":{"@type":"EntryPoint","urlTemplate":"https:\/\/ajishop.ma\/?s={search_term_string}"},"query-input":{"@type":"PropertyValueSpecification","valueRequired":true,"valueName":"search_term_string"}}],"inLanguage":"ar"},{"@type":"Organization","@id":"https:\/\/ajishop.ma\/#organization","name":"AjiShop.ma","url":"https:\/\/ajishop.ma\/","logo":{"@type":"ImageObject","inLanguage":"ar","@id":"https:\/\/ajishop.ma\/#\/schema\/logo\/image\/","url":"https:\/\/ajishop.ma\/wp-content\/uploads\/2024\/09\/AjiShop.ma-Horizontal-Logo-Green.png","contentUrl":"https:\/\/ajishop.ma\/wp-content\/uploads\/2024\/09\/AjiShop.ma-Horizontal-Logo-Green.png","width":1917,"height":276,"caption":"AjiShop.ma"},"image":{"@id":"https:\/\/ajishop.ma\/#\/schema\/logo\/image\/"}}]}},"_links":{"self":[{"href":"https:\/\/ajishop.ma\/ar\/wp-json\/wp\/v2\/product\/17098"}],"collection":[{"href":"https:\/\/ajishop.ma\/ar\/wp-json\/wp\/v2\/product"}],"about":[{"href":"https:\/\/ajishop.ma\/ar\/wp-json\/wp\/v2\/types\/product"}],"replies":[{"embeddable":true,"href":"https:\/\/ajishop.ma\/ar\/wp-json\/wp\/v2\/comments?post=17098"}],"version-history":[{"count":8,"href":"https:\/\/ajishop.ma\/ar\/wp-json\/wp\/v2\/product\/17098\/revisions"}],"predecessor-version":[{"id":17108,"href":"https:\/\/ajishop.ma\/ar\/wp-json\/wp\/v2\/product\/17098\/revisions\/17108"}],"wp:featuredmedia":[{"embeddable":true,"href":"https:\/\/ajishop.ma\/ar\/wp-json\/wp\/v2\/media\/17099"}],"wp:attachment":[{"href":"https:\/\/ajishop.ma\/ar\/wp-json\/wp\/v2\/media?parent=17098"}],"wp:term":[{"taxonomy":"product_cat","embeddable":true,"href":"https:\/\/ajishop.ma\/ar\/wp-json\/wp\/v2\/product_cat?post=17098"},{"taxonomy":"product_tag","embeddable":true,"href":"https:\/\/ajishop.ma\/ar\/wp-json\/wp\/v2\/product_tag?post=17098"}],"curies":[{"name":"wp","href":"https:\/\/api.w.org\/{rel}","templated":true}]}}