{"id":17153,"date":"2024-11-11T00:02:15","date_gmt":"2024-11-10T23:02:15","guid":{"rendered":"https:\/\/ajishop.ma\/?post_type=product&#038;p=17153"},"modified":"2024-11-15T07:45:17","modified_gmt":"2024-11-15T06:45:17","slug":"encens-cosmetique-pour-la-beaute","status":"publish","type":"product","link":"https:\/\/ajishop.ma\/ar\/shop\/produits-de-beaute\/soins-des-mains-des-pieds-et-du-corps\/encens-cosmetique-pour-la-beaute\/","title":{"rendered":"Encens Cosm\u00e9tique pour la Beaut\u00e9 \/ \u0627\u0644\u0644\u0628\u0627\u0646 \u0627\u0644\u0630\u0643\u0631 \u0644\u0644\u062a\u062c\u0645\u064a\u0644"},"content":{"rendered":"<div data-elementor-type=\"wp-post\" data-elementor-id=\"17153\" class=\"elementor elementor-17153\">\n\t\t\t\t<div class=\"wd-negative-gap elementor-element elementor-element-45ad980d e-flex e-con-boxed e-con e-parent\" data-id=\"45ad980d\" data-element_type=\"container\">\n\t\t\t\t\t<div class=\"e-con-inner\">\n\t\t\t\t<div class=\"elementor-element elementor-element-2a891ed8 lang-fr color-scheme-inherit text-left elementor-widget elementor-widget-text-editor\" data-id=\"2a891ed8\" data-element_type=\"widget\" data-widget_type=\"text-editor.default\">\n\t\t\t\t<div class=\"elementor-widget-container\">\n\t\t\t\t\t\t\t<strong>Encens pur, encens cosm\u00e9tique pour la beaut\u00e9<\/strong>\r\n\r\nUn tr\u00e9sor naturel utilis\u00e9 depuis des si\u00e8cles pour ses propri\u00e9t\u00e9s aromatiques et cosm\u00e9tiques. \u00c9galement appel\u00e9e \u00ab encens \u00bb ou \u00ab encens \u00bb, cette r\u00e9sine pr\u00e9cieuse est appr\u00e9ci\u00e9e pour son ar\u00f4me attractif et ses nombreuses vertus pour la peau et le bien-\u00eatre.\r\n<h4>Caract\u00e9ristiques:<\/h4>\r\n<ul>\r\n \t<li><strong>Produit 100% naturel<\/strong>\u00a0: sans additifs ni conservateurs.<\/li>\r\n \t<li><strong>Source du parfum<\/strong>\u00a0: Riche parfum balsamique, id\u00e9al pour l&#8217;aromath\u00e9rapie et la relaxation.<\/li>\r\n \t<li><strong>Qualit\u00e9 exceptionnelle<\/strong>\u00a0: Soigneusement s\u00e9lectionn\u00e9 pour une puret\u00e9 et une puissance optimales.<\/li>\r\n<\/ul>\r\n<h4>avantages :<\/h4>\r\n<ul>\r\n \t<li><strong>Ses propri\u00e9t\u00e9s cosm\u00e9tiques<\/strong>\u00a0: Elle est utilis\u00e9e pour ses bienfaits hydratants, apaisants et rajeunissants pour la peau.<\/li>\r\n \t<li><strong>Polyvalent<\/strong>\u00a0: Parfait pour les soins de la peau, les massages, les bains relaxants et les encens.<\/li>\r\n \t<li><strong>Bien-\u00eatre<\/strong>\u00a0: Il contribue \u00e0 r\u00e9duire le stress et \u00e0 cr\u00e9er une atmosph\u00e8re apaisante gr\u00e2ce \u00e0 ses propri\u00e9t\u00e9s aromatiques.<\/li>\r\n<\/ul>\r\n<h4>Utilisations\u00a0:<\/h4>\r\n<ul>\r\n \t<li><strong>Cosm\u00e9tiques<\/strong>\u00a0: M\u00e9langez quelques gouttes d&#8217;huile essentielle d&#8217;encens avec de l&#8217;huile v\u00e9g\u00e9tale pour hydrater et rajeunir la peau. Ajoutez-le \u00e0 vos cr\u00e8mes et lotions pour b\u00e9n\u00e9ficier de ses propri\u00e9t\u00e9s apaisantes.<\/li>\r\n \t<li><strong>Aromath\u00e9rapie<\/strong>\u00a0: Br\u00fblez de l&#8217;encens pur dans un br\u00fble-encens pour profiter de son parfum attrayant et relaxant.<\/li>\r\n \t<li><strong>Bains relaxants<\/strong>\u00a0: Ajoutez quelques gouttes d&#8217;huile essentielle d&#8217;encens \u00e0 votre bain pour une exp\u00e9rience relaxante et luxueuse.<\/li>\r\n<\/ul>\r\n<h4>ingr\u00e9dients :<\/h4>\r\n<ul>\r\n \t<li>R\u00e9sine d&#8217;encens pure de haute qualit\u00e9<\/li>\r\n<\/ul>\r\n<h4>Maintenir:<\/h4>\r\nConserver dans un endroit frais et sec. Bien refermer le r\u00e9cipient apr\u00e8s chaque utilisation pour conserver la fra\u00eecheur et la qualit\u00e9 de la r\u00e9sine.\r\n\r\nChoisissez la qualit\u00e9 et les bienfaits naturels avec l&#8217;encens pur de Goji.ma. Ajoutez une touche d&#8217;\u00e9l\u00e9gance et de luxe \u00e0 votre routine beaut\u00e9 et \u00e0 votre espace de vie\t\t\t\t\t\t<\/div>\n\t\t\t\t<\/div>\n\t\t\t\t\t<\/div>\n\t\t\t\t<\/div>\n\t\t<div class=\"wd-negative-gap elementor-element elementor-element-5f8905a e-flex e-con-boxed e-con e-parent\" data-id=\"5f8905a\" data-element_type=\"container\">\n\t\t\t\t\t<div class=\"e-con-inner\">\n\t\t\t\t<div class=\"elementor-element elementor-element-ad708b3 lang-ar color-scheme-inherit text-left elementor-widget elementor-widget-text-editor\" data-id=\"ad708b3\" data-element_type=\"widget\" data-widget_type=\"text-editor.default\">\n\t\t\t\t<div class=\"elementor-widget-container\">\n\t\t\t\t\t\t\t<p style=\"text-align: right\"><span style=\"font-size: 18pt;color: #000000\"><strong>\u0628\u062e\u0648\u0631 \u0627\u0644\u0644\u0628\u0627\u0646 \u0627\u0644\u0646\u0642\u064a\u060c \u0645\u0633\u062a\u062d\u0636\u0631\u0627\u062a \u0627\u0644\u062a\u062c\u0645\u064a\u0644 \u0627\u0644\u0644\u0628\u0627\u0646 \u0627\u0644\u0630\u0643\u0631 \u0644\u0644\u062a\u062c\u0645\u064a\u0644<\/strong><\/span><\/p><p style=\"text-align: right\"><span style=\"font-size: 18pt;color: #000000\">\u0643\u0646\u0632 \u0637\u0628\u064a\u0639\u064a \u0627\u0633\u062a\u062e\u062f\u0645 \u0645\u0646\u0630 \u0642\u0631\u0648\u0646 \u0644\u062e\u0635\u0627\u0626\u0635\u0647 \u0627\u0644\u0639\u0637\u0631\u064a\u0629 \u0648\u0627\u0644\u062a\u062c\u0645\u064a\u0644\u064a\u0629. \u064a\u064f\u0639\u0631\u0641 \u0647\u0630\u0627 \u0627\u0644\u0631\u0627\u062a\u0646\u062c \u0627\u0644\u062b\u0645\u064a\u0646 \u0623\u064a\u0636\u064b\u0627 \u0628\u0627\u0633\u0645 &#8220;\u0627\u0644\u0644\u0628\u0627\u0646 \u0627\u0644\u0630\u0643\u0631&#8221; \u0623\u0648 &#8220;\u0627\u0644\u0644\u0628\u0627\u0646 \u0627\u0644\u0630\u0643\u0631&#8221;\u060c \u0648\u0647\u0648 \u0645\u0648\u0636\u0639 \u062a\u0642\u062f\u064a\u0631 \u0644\u0631\u0627\u0626\u062d\u062a\u0647 \u0627\u0644\u062c\u0630\u0627\u0628\u0629 \u0648\u0641\u0636\u0627\u0626\u0644\u0647 \u0627\u0644\u0645\u062a\u0639\u062f\u062f\u0629 \u0644\u0644\u0628\u0634\u0631\u0629 \u0648\u0627\u0644\u0631\u0641\u0627\u0647\u064a\u0629.<\/span><\/p><h4 style=\"text-align: right\"><span style=\"font-size: 18pt;color: #000000\">\u0633\u0645\u0627\u062a :<\/span><\/h4><ul style=\"text-align: right\"><li><span style=\"font-size: 18pt;color: #000000\"><strong>\u0645\u0646\u062a\u062c \u0637\u0628\u064a\u0639\u064a 100%<\/strong>\u00a0: \u0628\u062f\u0648\u0646 \u0625\u0636\u0627\u0641\u0627\u062a \u0623\u0648 \u0645\u0648\u0627\u062f \u062d\u0627\u0641\u0638\u0629.<\/span><\/li><li><span style=\"font-size: 18pt;color: #000000\"><strong>\u0645\u0635\u062f\u0631 \u0627\u0644\u0631\u0627\u0626\u062d\u0629<\/strong>\u00a0: \u0631\u0627\u0626\u062d\u0629 \u0628\u0644\u0633\u0645\u064a\u0629 \u063a\u0646\u064a\u0629\u060c \u0645\u062b\u0627\u0644\u064a\u0629 \u0644\u0644\u0639\u0644\u0627\u062c \u0628\u0627\u0644\u0631\u0648\u0627\u0626\u062d \u0648\u0627\u0644\u0627\u0633\u062a\u0631\u062e\u0627\u0621.<\/span><\/li><li><span style=\"font-size: 18pt;color: #000000\"><strong>\u0627\u0644\u062c\u0648\u062f\u0629 \u0627\u0644\u0645\u062a\u0645\u064a\u0632\u0629<\/strong>\u00a0: \u062a\u0645 \u0627\u062e\u062a\u064a\u0627\u0631\u0647\u0627 \u0628\u0639\u0646\u0627\u064a\u0629 \u0644\u062a\u062d\u0642\u064a\u0642 \u0627\u0644\u0646\u0642\u0627\u0621 \u0648\u0627\u0644\u0641\u0639\u0627\u0644\u064a\u0629 \u0627\u0644\u0623\u0645\u062b\u0644.<\/span><\/li><\/ul><h4 style=\"text-align: right\"><span style=\"font-size: 18pt;color: #000000\">\u0641\u0648\u0627\u0626\u062f :<\/span><\/h4><ul style=\"text-align: right\"><li><span style=\"font-size: 18pt;color: #000000\"><strong>\u062e\u0635\u0627\u0626\u0635\u0647 \u0627\u0644\u062a\u062c\u0645\u064a\u0644\u064a\u0629<\/strong>\u00a0: \u064a\u0633\u062a\u062e\u062f\u0645 \u0644\u0641\u0648\u0627\u0626\u062f\u0647 \u0627\u0644\u0645\u0631\u0637\u0628\u0629 \u0648\u0627\u0644\u0645\u0647\u062f\u0626\u0629 \u0648\u0627\u0644\u0645\u062c\u062f\u062f\u0629 \u0644\u0644\u0628\u0634\u0631\u0629.<\/span><\/li><li><span style=\"font-size: 18pt;color: #000000\"><strong>\u0645\u062a\u0639\u062f\u062f\u0629 \u0627\u0644\u0627\u0633\u062a\u062e\u062f\u0627\u0645\u0627\u062a<\/strong>\u00a0: \u0645\u062b\u0627\u0644\u064a \u0644\u0644\u0639\u0646\u0627\u064a\u0629 \u0628\u0627\u0644\u0628\u0634\u0631\u0629 \u0648\u0627\u0644\u062a\u062f\u0644\u064a\u0643 \u0648\u062d\u0645\u0627\u0645\u0627\u062a \u0627\u0644\u0627\u0633\u062a\u0631\u062e\u0627\u0621 \u0648\u0627\u0644\u0628\u062e\u0648\u0631.<\/span><\/li><li><span style=\"font-size: 18pt;color: #000000\"><strong>\u0627\u0644\u0631\u0641\u0627\u0647\u064a\u0629<\/strong>\u00a0: \u064a\u0633\u0627\u0639\u062f \u0639\u0644\u0649 \u062a\u0642\u0644\u064a\u0644 \u0627\u0644\u062a\u0648\u062a\u0631 \u0648\u062e\u0644\u0642 \u062c\u0648 \u0645\u0647\u062f\u0626 \u0628\u0641\u0636\u0644 \u062e\u0635\u0627\u0626\u0635\u0647 \u0627\u0644\u0639\u0637\u0631\u064a\u0629.<\/span><\/li><\/ul><h4 style=\"text-align: right\"><span style=\"font-size: 18pt;color: #000000\">\u064a\u0633\u062a\u062e\u062f\u0645 :<\/span><\/h4><ul style=\"text-align: right\"><li><span style=\"font-size: 18pt;color: #000000\"><strong>\u0645\u0633\u062a\u062d\u0636\u0631\u0627\u062a \u0627\u0644\u062a\u062c\u0645\u064a\u0644<\/strong>\u00a0: \u0642\u0648\u0645\u064a \u0628\u062e\u0644\u0637 \u0628\u0636\u0639 \u0642\u0637\u0631\u0627\u062a \u0645\u0646 \u0632\u064a\u062a \u0627\u0644\u0644\u0628\u0627\u0646 \u0627\u0644\u0639\u0637\u0631\u064a \u0645\u0639 \u0632\u064a\u062a \u0646\u0628\u0627\u062a\u064a \u0644\u062a\u0631\u0637\u064a\u0628 \u0627\u0644\u0628\u0634\u0631\u0629 \u0648\u062a\u062c\u062f\u064a\u062f\u0647\u0627. \u0623\u0636\u0641 \u0625\u0644\u0649 \u0627\u0644\u0643\u0631\u064a\u0645\u0627\u062a \u0648\u0627\u0644\u0645\u0633\u062a\u062d\u0636\u0631\u0627\u062a \u0627\u0644\u062e\u0627\u0635\u0629 \u0628\u0643 \u0644\u0644\u0627\u0633\u062a\u0641\u0627\u062f\u0629 \u0645\u0646 \u062e\u0635\u0627\u0626\u0635\u0647 \u0627\u0644\u0645\u0647\u062f\u0626\u0629.<\/span><\/li><li><span style=\"font-size: 18pt;color: #000000\"><strong>\u0627\u0644\u0639\u0644\u0627\u062c \u0628\u0627\u0644\u0631\u0648\u0627\u0626\u062d \u0627\u0644\u0639\u0637\u0631\u064a\u0629<\/strong>\u00a0: \u0627\u062d\u0631\u0642 \u0627\u0644\u0644\u0628\u0627\u0646 \u0627\u0644\u0646\u0642\u064a \u0641\u064a \u0645\u0628\u062e\u0631\u0629 \u0644\u062a\u0633\u062a\u0645\u062a\u0639 \u0628\u0631\u0627\u0626\u062d\u062a\u0647 \u0627\u0644\u062c\u0630\u0627\u0628\u0629 \u0648\u0627\u0644\u0645\u0631\u064a\u062d\u0629.<\/span><\/li><li><span style=\"font-size: 18pt;color: #000000\"><strong>\u062d\u0645\u0627\u0645\u0627\u062a \u0627\u0644\u0627\u0633\u062a\u0631\u062e\u0627\u0621<\/strong>\u00a0: \u0623\u0636\u0641 \u0628\u0636\u0639 \u0642\u0637\u0631\u0627\u062a \u0645\u0646 \u0632\u064a\u062a \u0627\u0644\u0644\u0628\u0627\u0646 \u0627\u0644\u0639\u0637\u0631\u064a \u0625\u0644\u0649 \u062d\u0645\u0627\u0645\u0643 \u0644\u0644\u0627\u0633\u062a\u0645\u062a\u0627\u0639 \u0628\u062a\u062c\u0631\u0628\u0629 \u0627\u0644\u0627\u0633\u062a\u0631\u062e\u0627\u0621 \u0648\u0627\u0644\u0631\u0641\u0627\u0647\u064a\u0629.<\/span><\/li><\/ul><h4 style=\"text-align: right\"><span style=\"font-size: 18pt;color: #000000\">\u0645\u0643\u0648\u0646\u0627\u062a :<\/span><\/h4><ul style=\"text-align: right\"><li><span style=\"font-size: 18pt;color: #000000\">\u0631\u0627\u062a\u0646\u062c \u0627\u0644\u0644\u0628\u0627\u0646 \u0627\u0644\u0646\u0642\u064a \u0639\u0627\u0644\u064a \u0627\u0644\u062c\u0648\u062f\u0629<\/span><\/li><\/ul><h4 style=\"text-align: right\"><span style=\"font-size: 18pt;color: #000000\">\u0627\u0644\u062d\u0641\u0627\u0638 \u0639\u0644\u0649 :<\/span><\/h4><p style=\"text-align: right\"><span style=\"font-size: 18pt;color: #000000\">\u062a\u062e\u0632\u064a\u0646 \u0641\u064a \u0645\u0643\u0627\u0646 \u0628\u0627\u0631\u062f \u0648\u062c\u0627\u0641. \u0623\u063a\u0644\u0642 \u0627\u0644\u062d\u0627\u0648\u064a\u0629 \u0628\u0625\u062d\u0643\u0627\u0645 \u0628\u0639\u062f \u0643\u0644 \u0627\u0633\u062a\u062e\u062f\u0627\u0645 \u0644\u0644\u062d\u0641\u0627\u0638 \u0639\u0644\u0649 \u0646\u0636\u0627\u0631\u0629 \u0648\u062c\u0648\u062f\u0629 \u0627\u0644\u0631\u0627\u062a\u0646\u062c.<\/span><\/p><p style=\"text-align: right\"><span style=\"font-size: 18pt;color: #000000\">\u0627\u062e\u062a\u0631 \u0627\u0644\u062c\u0648\u062f\u0629 \u0648\u0627\u0644\u0641\u0648\u0627\u0626\u062f \u0627\u0644\u0637\u0628\u064a\u0639\u064a\u0629 \u0645\u0639 \u0627\u0644\u0644\u0628\u0627\u0646 \u0627\u0644\u0646\u0642\u064a \u0645\u0646 Goji.ma. \u0623\u0636\u0641 \u0644\u0645\u0633\u0629 \u0645\u0646 \u0627\u0644\u0641\u062e\u0627\u0645\u0629 \u0648\u0627\u0644\u0631\u0641\u0627\u0647\u064a\u0629 \u0625\u0644\u0649 \u0631\u0648\u062a\u064a\u0646 \u062c\u0645\u0627\u0644\u0643 \u0648\u0645\u0633\u0627\u062d\u0629 \u0645\u0639\u064a\u0634\u062a\u0643!<\/span><\/p>\t\t\t\t\t\t<\/div>\n\t\t\t\t<\/div>\n\t\t\t\t\t<\/div>\n\t\t\t\t<\/div>\n\t\t\t\t<\/div>","protected":false},"excerpt":{"rendered":"<p>Encens pur, encens cosm\u00e9tique pour la beaut\u00e9 Un tr\u00e9sor naturel utilis\u00e9 depuis des si\u00e8cles pour ses propri\u00e9t\u00e9s aromatiques et cosm\u00e9tiques.<\/p>","protected":false},"featured_media":17155,"comment_status":"open","ping_status":"closed","template":"","meta":[],"product_cat":[32,75,42,80],"product_tag":[],"yoast_head":"<!-- This site is optimized with the Yoast SEO plugin v23.4 - https:\/\/yoast.com\/wordpress\/plugins\/seo\/ -->\n<title>Encens Cosm\u00e9tique pour la Beaut\u00e9 \/ \u0627\u0644\u0644\u0628\u0627\u0646 \u0627\u0644\u0630\u0643\u0631 \u0644\u0644\u062a\u062c\u0645\u064a\u0644 - AjiShop.ma<\/title>\n<meta name=\"robots\" content=\"index, follow, max-snippet:-1, max-image-preview:large, max-video-preview:-1\" \/>\n<link rel=\"canonical\" href=\"https:\/\/ajishop.ma\/ar\/shop\/produits-de-beaute\/soins-des-mains-des-pieds-et-du-corps\/encens-cosmetique-pour-la-beaute\/\" \/>\n<meta property=\"og:locale\" content=\"ar_AR\" \/>\n<meta property=\"og:type\" content=\"article\" \/>\n<meta property=\"og:title\" content=\"Encens Cosm\u00e9tique pour la Beaut\u00e9 \/ \u0627\u0644\u0644\u0628\u0627\u0646 \u0627\u0644\u0630\u0643\u0631 \u0644\u0644\u062a\u062c\u0645\u064a\u0644 - AjiShop.ma\" \/>\n<meta property=\"og:description\" content=\"Encens pur, encens cosm\u00e9tique pour la beaut\u00e9 Un tr\u00e9sor naturel utilis\u00e9 depuis des si\u00e8cles pour ses propri\u00e9t\u00e9s aromatiques et cosm\u00e9tiques.\" \/>\n<meta property=\"og:url\" content=\"https:\/\/ajishop.ma\/ar\/shop\/produits-de-beaute\/soins-des-mains-des-pieds-et-du-corps\/encens-cosmetique-pour-la-beaute\/\" \/>\n<meta property=\"og:site_name\" content=\"AjiShop.ma\" \/>\n<meta property=\"article:modified_time\" content=\"2024-11-15T06:45:17+00:00\" \/>\n<meta property=\"og:image\" content=\"https:\/\/ajishop.ma\/wp-content\/uploads\/2024\/11\/encens-ethiopien-pur-olibanum-1-kg_68f79cc3-e5bc-46b9-8209-a6cd7bf8fe48.webp\" \/>\n\t<meta property=\"og:image:width\" content=\"600\" \/>\n\t<meta property=\"og:image:height\" content=\"600\" \/>\n\t<meta property=\"og:image:type\" content=\"image\/webp\" \/>\n<meta name=\"twitter:card\" content=\"summary_large_image\" \/>\n<meta name=\"twitter:label1\" content=\"\u0648\u0642\u062a \u0627\u0644\u0642\u0631\u0627\u0621\u0629 \u0627\u0644\u0645\u064f\u0642\u062f\u0651\u0631\" \/>\n\t<meta name=\"twitter:data1\" content=\"3 \u062f\u0642\u0627\u0626\u0642\" \/>\n<script type=\"application\/ld+json\" class=\"yoast-schema-graph\">{\"@context\":\"https:\/\/schema.org\",\"@graph\":[{\"@type\":\"WebPage\",\"@id\":\"https:\/\/ajishop.ma\/shop\/produits-de-beaute\/soins-des-mains-des-pieds-et-du-corps\/encens-cosmetique-pour-la-beaute\/\",\"url\":\"https:\/\/ajishop.ma\/shop\/produits-de-beaute\/soins-des-mains-des-pieds-et-du-corps\/encens-cosmetique-pour-la-beaute\/\",\"name\":\"Encens Cosm\u00e9tique pour la Beaut\u00e9 \/ \u0627\u0644\u0644\u0628\u0627\u0646 \u0627\u0644\u0630\u0643\u0631 \u0644\u0644\u062a\u062c\u0645\u064a\u0644 - AjiShop.ma\",\"isPartOf\":{\"@id\":\"https:\/\/ajishop.ma\/#website\"},\"primaryImageOfPage\":{\"@id\":\"https:\/\/ajishop.ma\/shop\/produits-de-beaute\/soins-des-mains-des-pieds-et-du-corps\/encens-cosmetique-pour-la-beaute\/#primaryimage\"},\"image\":{\"@id\":\"https:\/\/ajishop.ma\/shop\/produits-de-beaute\/soins-des-mains-des-pieds-et-du-corps\/encens-cosmetique-pour-la-beaute\/#primaryimage\"},\"thumbnailUrl\":\"https:\/\/ajishop.ma\/wp-content\/uploads\/2024\/11\/encens-ethiopien-pur-olibanum-1-kg_68f79cc3-e5bc-46b9-8209-a6cd7bf8fe48.webp\",\"datePublished\":\"2024-11-10T23:02:15+00:00\",\"dateModified\":\"2024-11-15T06:45:17+00:00\",\"breadcrumb\":{\"@id\":\"https:\/\/ajishop.ma\/shop\/produits-de-beaute\/soins-des-mains-des-pieds-et-du-corps\/encens-cosmetique-pour-la-beaute\/#breadcrumb\"},\"inLanguage\":\"ar\",\"potentialAction\":[{\"@type\":\"ReadAction\",\"target\":[\"https:\/\/ajishop.ma\/shop\/produits-de-beaute\/soins-des-mains-des-pieds-et-du-corps\/encens-cosmetique-pour-la-beaute\/\"]}]},{\"@type\":\"ImageObject\",\"inLanguage\":\"ar\",\"@id\":\"https:\/\/ajishop.ma\/shop\/produits-de-beaute\/soins-des-mains-des-pieds-et-du-corps\/encens-cosmetique-pour-la-beaute\/#primaryimage\",\"url\":\"https:\/\/ajishop.ma\/wp-content\/uploads\/2024\/11\/encens-ethiopien-pur-olibanum-1-kg_68f79cc3-e5bc-46b9-8209-a6cd7bf8fe48.webp\",\"contentUrl\":\"https:\/\/ajishop.ma\/wp-content\/uploads\/2024\/11\/encens-ethiopien-pur-olibanum-1-kg_68f79cc3-e5bc-46b9-8209-a6cd7bf8fe48.webp\",\"width\":600,\"height\":600},{\"@type\":\"BreadcrumbList\",\"@id\":\"https:\/\/ajishop.ma\/shop\/produits-de-beaute\/soins-des-mains-des-pieds-et-du-corps\/encens-cosmetique-pour-la-beaute\/#breadcrumb\",\"itemListElement\":[{\"@type\":\"ListItem\",\"position\":1,\"name\":\"Accueil\",\"item\":\"https:\/\/ajishop.ma\/\"},{\"@type\":\"ListItem\",\"position\":2,\"name\":\"Magasin\",\"item\":\"https:\/\/ajishop.ma\/shop\/\"},{\"@type\":\"ListItem\",\"position\":3,\"name\":\"Encens Cosm\u00e9tique pour la Beaut\u00e9 \/ \u0627\u0644\u0644\u0628\u0627\u0646 \u0627\u0644\u0630\u0643\u0631 \u0644\u0644\u062a\u062c\u0645\u064a\u0644\"}]},{\"@type\":\"WebSite\",\"@id\":\"https:\/\/ajishop.ma\/#website\",\"url\":\"https:\/\/ajishop.ma\/\",\"name\":\"AjiShop.ma\",\"description\":\"Produits 100% naturels, Pour votre bien \u00eatre...\",\"publisher\":{\"@id\":\"https:\/\/ajishop.ma\/#organization\"},\"potentialAction\":[{\"@type\":\"SearchAction\",\"target\":{\"@type\":\"EntryPoint\",\"urlTemplate\":\"https:\/\/ajishop.ma\/?s={search_term_string}\"},\"query-input\":{\"@type\":\"PropertyValueSpecification\",\"valueRequired\":true,\"valueName\":\"search_term_string\"}}],\"inLanguage\":\"ar\"},{\"@type\":\"Organization\",\"@id\":\"https:\/\/ajishop.ma\/#organization\",\"name\":\"AjiShop.ma\",\"url\":\"https:\/\/ajishop.ma\/\",\"logo\":{\"@type\":\"ImageObject\",\"inLanguage\":\"ar\",\"@id\":\"https:\/\/ajishop.ma\/#\/schema\/logo\/image\/\",\"url\":\"https:\/\/ajishop.ma\/wp-content\/uploads\/2024\/09\/AjiShop.ma-Horizontal-Logo-Green.png\",\"contentUrl\":\"https:\/\/ajishop.ma\/wp-content\/uploads\/2024\/09\/AjiShop.ma-Horizontal-Logo-Green.png\",\"width\":1917,\"height\":276,\"caption\":\"AjiShop.ma\"},\"image\":{\"@id\":\"https:\/\/ajishop.ma\/#\/schema\/logo\/image\/\"}}]}<\/script>\n<!-- \/ Yoast SEO plugin. -->","yoast_head_json":{"title":"Encens Cosm\u00e9tique pour la Beaut\u00e9 \/ \u0627\u0644\u0644\u0628\u0627\u0646 \u0627\u0644\u0630\u0643\u0631 \u0644\u0644\u062a\u062c\u0645\u064a\u0644 - AjiShop.ma","robots":{"index":"index","follow":"follow","max-snippet":"max-snippet:-1","max-image-preview":"max-image-preview:large","max-video-preview":"max-video-preview:-1"},"canonical":"https:\/\/ajishop.ma\/ar\/shop\/produits-de-beaute\/soins-des-mains-des-pieds-et-du-corps\/encens-cosmetique-pour-la-beaute\/","og_locale":"ar_AR","og_type":"article","og_title":"Encens Cosm\u00e9tique pour la Beaut\u00e9 \/ \u0627\u0644\u0644\u0628\u0627\u0646 \u0627\u0644\u0630\u0643\u0631 \u0644\u0644\u062a\u062c\u0645\u064a\u0644 - AjiShop.ma","og_description":"Encens pur, encens cosm\u00e9tique pour la beaut\u00e9 Un tr\u00e9sor naturel utilis\u00e9 depuis des si\u00e8cles pour ses propri\u00e9t\u00e9s aromatiques et cosm\u00e9tiques.","og_url":"https:\/\/ajishop.ma\/ar\/shop\/produits-de-beaute\/soins-des-mains-des-pieds-et-du-corps\/encens-cosmetique-pour-la-beaute\/","og_site_name":"AjiShop.ma","article_modified_time":"2024-11-15T06:45:17+00:00","og_image":[{"width":600,"height":600,"url":"https:\/\/ajishop.ma\/wp-content\/uploads\/2024\/11\/encens-ethiopien-pur-olibanum-1-kg_68f79cc3-e5bc-46b9-8209-a6cd7bf8fe48.webp","type":"image\/webp"}],"twitter_card":"summary_large_image","twitter_misc":{"\u0648\u0642\u062a \u0627\u0644\u0642\u0631\u0627\u0621\u0629 \u0627\u0644\u0645\u064f\u0642\u062f\u0651\u0631":"3 \u062f\u0642\u0627\u0626\u0642"},"schema":{"@context":"https:\/\/schema.org","@graph":[{"@type":"WebPage","@id":"https:\/\/ajishop.ma\/shop\/produits-de-beaute\/soins-des-mains-des-pieds-et-du-corps\/encens-cosmetique-pour-la-beaute\/","url":"https:\/\/ajishop.ma\/shop\/produits-de-beaute\/soins-des-mains-des-pieds-et-du-corps\/encens-cosmetique-pour-la-beaute\/","name":"Encens Cosm\u00e9tique pour la Beaut\u00e9 \/ \u0627\u0644\u0644\u0628\u0627\u0646 \u0627\u0644\u0630\u0643\u0631 \u0644\u0644\u062a\u062c\u0645\u064a\u0644 - AjiShop.ma","isPartOf":{"@id":"https:\/\/ajishop.ma\/#website"},"primaryImageOfPage":{"@id":"https:\/\/ajishop.ma\/shop\/produits-de-beaute\/soins-des-mains-des-pieds-et-du-corps\/encens-cosmetique-pour-la-beaute\/#primaryimage"},"image":{"@id":"https:\/\/ajishop.ma\/shop\/produits-de-beaute\/soins-des-mains-des-pieds-et-du-corps\/encens-cosmetique-pour-la-beaute\/#primaryimage"},"thumbnailUrl":"https:\/\/ajishop.ma\/wp-content\/uploads\/2024\/11\/encens-ethiopien-pur-olibanum-1-kg_68f79cc3-e5bc-46b9-8209-a6cd7bf8fe48.webp","datePublished":"2024-11-10T23:02:15+00:00","dateModified":"2024-11-15T06:45:17+00:00","breadcrumb":{"@id":"https:\/\/ajishop.ma\/shop\/produits-de-beaute\/soins-des-mains-des-pieds-et-du-corps\/encens-cosmetique-pour-la-beaute\/#breadcrumb"},"inLanguage":"ar","potentialAction":[{"@type":"ReadAction","target":["https:\/\/ajishop.ma\/shop\/produits-de-beaute\/soins-des-mains-des-pieds-et-du-corps\/encens-cosmetique-pour-la-beaute\/"]}]},{"@type":"ImageObject","inLanguage":"ar","@id":"https:\/\/ajishop.ma\/shop\/produits-de-beaute\/soins-des-mains-des-pieds-et-du-corps\/encens-cosmetique-pour-la-beaute\/#primaryimage","url":"https:\/\/ajishop.ma\/wp-content\/uploads\/2024\/11\/encens-ethiopien-pur-olibanum-1-kg_68f79cc3-e5bc-46b9-8209-a6cd7bf8fe48.webp","contentUrl":"https:\/\/ajishop.ma\/wp-content\/uploads\/2024\/11\/encens-ethiopien-pur-olibanum-1-kg_68f79cc3-e5bc-46b9-8209-a6cd7bf8fe48.webp","width":600,"height":600},{"@type":"BreadcrumbList","@id":"https:\/\/ajishop.ma\/shop\/produits-de-beaute\/soins-des-mains-des-pieds-et-du-corps\/encens-cosmetique-pour-la-beaute\/#breadcrumb","itemListElement":[{"@type":"ListItem","position":1,"name":"Accueil","item":"https:\/\/ajishop.ma\/"},{"@type":"ListItem","position":2,"name":"Magasin","item":"https:\/\/ajishop.ma\/shop\/"},{"@type":"ListItem","position":3,"name":"Encens Cosm\u00e9tique pour la Beaut\u00e9 \/ \u0627\u0644\u0644\u0628\u0627\u0646 \u0627\u0644\u0630\u0643\u0631 \u0644\u0644\u062a\u062c\u0645\u064a\u0644"}]},{"@type":"WebSite","@id":"https:\/\/ajishop.ma\/#website","url":"https:\/\/ajishop.ma\/","name":"AjiShop.ma","description":"Produits 100% naturels, Pour votre bien \u00eatre...","publisher":{"@id":"https:\/\/ajishop.ma\/#organization"},"potentialAction":[{"@type":"SearchAction","target":{"@type":"EntryPoint","urlTemplate":"https:\/\/ajishop.ma\/?s={search_term_string}"},"query-input":{"@type":"PropertyValueSpecification","valueRequired":true,"valueName":"search_term_string"}}],"inLanguage":"ar"},{"@type":"Organization","@id":"https:\/\/ajishop.ma\/#organization","name":"AjiShop.ma","url":"https:\/\/ajishop.ma\/","logo":{"@type":"ImageObject","inLanguage":"ar","@id":"https:\/\/ajishop.ma\/#\/schema\/logo\/image\/","url":"https:\/\/ajishop.ma\/wp-content\/uploads\/2024\/09\/AjiShop.ma-Horizontal-Logo-Green.png","contentUrl":"https:\/\/ajishop.ma\/wp-content\/uploads\/2024\/09\/AjiShop.ma-Horizontal-Logo-Green.png","width":1917,"height":276,"caption":"AjiShop.ma"},"image":{"@id":"https:\/\/ajishop.ma\/#\/schema\/logo\/image\/"}}]}},"_links":{"self":[{"href":"https:\/\/ajishop.ma\/ar\/wp-json\/wp\/v2\/product\/17153"}],"collection":[{"href":"https:\/\/ajishop.ma\/ar\/wp-json\/wp\/v2\/product"}],"about":[{"href":"https:\/\/ajishop.ma\/ar\/wp-json\/wp\/v2\/types\/product"}],"replies":[{"embeddable":true,"href":"https:\/\/ajishop.ma\/ar\/wp-json\/wp\/v2\/comments?post=17153"}],"version-history":[{"count":8,"href":"https:\/\/ajishop.ma\/ar\/wp-json\/wp\/v2\/product\/17153\/revisions"}],"predecessor-version":[{"id":17163,"href":"https:\/\/ajishop.ma\/ar\/wp-json\/wp\/v2\/product\/17153\/revisions\/17163"}],"wp:featuredmedia":[{"embeddable":true,"href":"https:\/\/ajishop.ma\/ar\/wp-json\/wp\/v2\/media\/17155"}],"wp:attachment":[{"href":"https:\/\/ajishop.ma\/ar\/wp-json\/wp\/v2\/media?parent=17153"}],"wp:term":[{"taxonomy":"product_cat","embeddable":true,"href":"https:\/\/ajishop.ma\/ar\/wp-json\/wp\/v2\/product_cat?post=17153"},{"taxonomy":"product_tag","embeddable":true,"href":"https:\/\/ajishop.ma\/ar\/wp-json\/wp\/v2\/product_tag?post=17153"}],"curies":[{"name":"wp","href":"https:\/\/api.w.org\/{rel}","templated":true}]}}