{"id":17182,"date":"2024-11-11T00:50:06","date_gmt":"2024-11-10T23:50:06","guid":{"rendered":"https:\/\/ajishop.ma\/?post_type=product&#038;p=17182"},"modified":"2024-11-15T07:30:48","modified_gmt":"2024-11-15T06:30:48","slug":"maca","status":"publish","type":"product","link":"https:\/\/ajishop.ma\/ar\/shop\/herbes-et-apothicaire\/herbes\/maca\/","title":{"rendered":"Maca  \/  \u0645\u0627\u0643\u0627"},"content":{"rendered":"<div data-elementor-type=\"wp-post\" data-elementor-id=\"17182\" class=\"elementor elementor-17182\">\n\t\t\t\t<div class=\"wd-negative-gap elementor-element elementor-element-638911a2 e-flex e-con-boxed e-con e-parent\" data-id=\"638911a2\" data-element_type=\"container\">\n\t\t\t\t\t<div class=\"e-con-inner\">\n\t\t\t\t<div class=\"elementor-element elementor-element-75abf503 lang-fr color-scheme-inherit text-left elementor-widget elementor-widget-text-editor\" data-id=\"75abf503\" data-element_type=\"widget\" data-widget_type=\"text-editor.default\">\n\t\t\t\t<div class=\"elementor-widget-container\">\n\t\t\t\t\t\t\t<p class=\"product__text inline-richtext caption-with-letter-spacing\"><\/p>\n\n<div class=\"product__description rte quick-add-hidden\">\n<h3><\/h3>\n<strong><span>Poudre de Maca : \u00c9nergie naturelle pour nourrir le corps et l&#8217;esprit &#8211; Maca<\/span><\/strong>\n\n<span>D\u00e9couvrez les bienfaits exceptionnels de la poudre de Maca, un superaliment riche en nutriments qui a retenu l&#8217;attention de nombreux passionn\u00e9s de sant\u00e9 et de bien-\u00eatre. La poudre de maca est issue de la racine de maca, plante originaire des montagnes du P\u00e9rou, et offre de nombreux bienfaits pour la vitalit\u00e9 et l&#8217;\u00e9quilibre.<\/span>\n\n<strong><span>BOOST NATUREL\u00a0:<\/span><\/strong><span>\u00a0La poudre de maca est obtenue en s\u00e9chant et en broyant des racines de maca pour cr\u00e9er une poudre concentr\u00e9e en nutriments.<\/span>\n\n<strong><span>Bienfaits \u00e9nergisants de la Maca :<\/span><\/strong>\n<ul>\n \t<li><strong><span>\u00c9nergie soutenue :<\/span><\/strong><span>\u00a0la poudre de Maca est connue pour sa capacit\u00e9 \u00e0 augmenter naturellement l\u2019\u00e9nergie et \u00e0 am\u00e9liorer l\u2019endurance physique.<\/span><\/li>\n \t<li><strong><span>\u00c9quilibre hormonal :<\/span><\/strong><span>\u00a0Certaines personnes consomment de la poudre de maca pour soutenir l\u2019\u00e9quilibre hormonal, notamment chez les femmes.<\/span><\/li>\n \t<li><strong><span>Sant\u00e9 mentale :<\/span><\/strong><span>\u00a0la poudre de Maca est \u00e9galement li\u00e9e \u00e0 l\u2019am\u00e9lioration de l\u2019humeur et au soutien de la sant\u00e9 mentale.<\/span><\/li>\n \t<li><strong><span>Bio-Support :<\/span><\/strong><span>\u00a0Gr\u00e2ce \u00e0 ses vitamines, min\u00e9raux et antioxydants, la poudre de Maca peut aider \u00e0 nourrir l&#8217;organisme en profondeur.<\/span><\/li>\n<\/ul>\n<strong><span>Utilisation cr\u00e9ative\u00a0:<\/span><\/strong><span>\u00a0Incorporez la poudre de maca dans des recettes de smoothies, de c\u00e9r\u00e9ales, de yaourts ou de p\u00e2tisseries pour profiter de ses bienfaits. Il peut \u00e9galement \u00eatre m\u00e9lang\u00e9 \u00e0 des boissons chaudes comme du caf\u00e9 ou du th\u00e9 pour un regain d&#8217;\u00e9nergie.<\/span>\n\n<strong><span>ENGAGEMENT DE QUALIT\u00c9 :<\/span><\/strong><span>\u00a0La poudre de Maca a \u00e9t\u00e9 soigneusement pr\u00e9par\u00e9e pour pr\u00e9server ses propri\u00e9t\u00e9s nutritionnelles. Ils sont conditionn\u00e9s en conservant leur fra\u00eecheur et leur qualit\u00e9.<\/span>\n\n<span>D\u00e9couvrez le pouvoir naturel de la poudre de Maca et ajoutez ce superaliment \u00e0 votre routine quotidienne pour une \u00e9nergie et un soutien \u00e9quilibr\u00e9s. D\u00e9couvrez comment la poudre de maca peut soutenir votre sant\u00e9 globale en nourrissant votre corps avec des \u00e9l\u00e9ments naturels essentiels.<\/span>\n\n<\/div>\t\t\t\t\t\t<\/div>\n\t\t\t\t<\/div>\n\t\t\t\t\t<\/div>\n\t\t\t\t<\/div>\n\t\t<div class=\"wd-negative-gap elementor-element elementor-element-629e221 e-flex e-con-boxed e-con e-parent\" data-id=\"629e221\" data-element_type=\"container\">\n\t\t\t\t\t<div class=\"e-con-inner\">\n\t\t\t\t<div class=\"elementor-element elementor-element-1c2b3f4 lang-ar color-scheme-inherit text-left elementor-widget elementor-widget-text-editor\" data-id=\"1c2b3f4\" data-element_type=\"widget\" data-widget_type=\"text-editor.default\">\n\t\t\t\t<div class=\"elementor-widget-container\">\n\t\t\t\t\t\t\t<p style=\"text-align: right\"><strong>\u0645\u0633\u062d\u0648\u0642 \u0627\u0644\u0645\u0627\u0643\u0627: \u0637\u0627\u0642\u0629 \u0637\u0628\u064a\u0639\u064a\u0629 \u0644\u062a\u063a\u0630\u064a\u0629 \u0627\u0644\u062c\u0633\u0645 \u0648\u0627\u0644\u0639\u0642\u0644 &#8211;\u00a0\u0627\u0644\u0645\u0627\u0643\u0627<\/strong><\/p><p style=\"text-align: right\"><span style=\"font-size: 14pt\">\u0627\u0643\u062a\u0634\u0641 \u0627\u0644\u0641\u0648\u0627\u0626\u062f \u0627\u0644\u0627\u0633\u062a\u062b\u0646\u0627\u0626\u064a\u0629 \u0644\u0645\u0633\u062d\u0648\u0642 \u0627\u0644\u0645\u0627\u0643\u0627\u060c \u0648\u0647\u0648 \u0637\u0639\u0627\u0645 \u0641\u0627\u0626\u0642 \u0627\u0644\u062c\u0648\u062f\u0629 \u063a\u0646\u064a \u0628\u0627\u0644\u0645\u063a\u0630\u064a\u0627\u062a \u0648\u0627\u0644\u0630\u064a \u0627\u0633\u062a\u062d\u0648\u0630 \u0639\u0644\u0649 \u0627\u0646\u062a\u0628\u0627\u0647 \u0627\u0644\u0639\u062f\u064a\u062f \u0645\u0646 \u0639\u0634\u0627\u0642 \u0627\u0644\u0635\u062d\u0629 \u0648\u0627\u0644\u0639\u0627\u0641\u064a\u0629. \u0645\u0633\u062d\u0648\u0642 \u0627\u0644\u0645\u0627\u0643\u0627 \u0645\u0634\u062a\u0642 \u0645\u0646 \u062c\u0630\u0648\u0631 \u0627\u0644\u0645\u0627\u0643\u0627\u060c \u0648\u0647\u0648 \u0646\u0628\u0627\u062a \u0645\u0648\u0637\u0646\u0647 \u062c\u0628\u0627\u0644 \u0627\u0644\u0628\u064a\u0631\u0648\u060c \u0648\u064a\u0642\u062f\u0645 \u0627\u0644\u0639\u062f\u064a\u062f \u0645\u0646 \u0627\u0644\u0641\u0648\u0627\u0626\u062f \u0644\u0644\u062d\u064a\u0648\u064a\u0629 \u0648\u0627\u0644\u062a\u0648\u0627\u0632\u0646.<\/span><\/p><p style=\"text-align: right\"><span style=\"font-size: 14pt\"><strong>\u062a\u0639\u0632\u064a\u0632 \u0637\u0628\u064a\u0639\u064a:<\/strong>\u00a0\u064a\u062a\u0645 \u062a\u0635\u0646\u064a\u0639 \u0645\u0633\u062d\u0648\u0642 \u0627\u0644\u0645\u0627\u0643\u0627 \u0639\u0646 \u0637\u0631\u064a\u0642 \u062a\u062c\u0641\u064a\u0641 \u0648\u0637\u062d\u0646 \u062c\u0630\u0648\u0631 \u0627\u0644\u0645\u0627\u0643\u0627 \u0644\u0625\u0646\u0634\u0627\u0621 \u0645\u0633\u062d\u0648\u0642 \u0645\u0631\u0643\u0632 \u0628\u0627\u0644\u0645\u063a\u0630\u064a\u0627\u062a.<\/span><\/p><p style=\"text-align: right\"><span style=\"font-size: 14pt\"><strong>\u0641\u0648\u0627\u0626\u062f \u0627\u0644\u0645\u0627\u0643\u0627 \u0627\u0644\u062a\u0646\u0634\u064a\u0637:<\/strong><\/span><\/p><ul style=\"text-align: right\"><li><p><span style=\"font-size: 14pt\"><strong>\u0627\u0644\u0637\u0627\u0642\u0629 \u0627\u0644\u0645\u0633\u062a\u062f\u0627\u0645\u0629:<\/strong>\u00a0\u064a\u0634\u062a\u0647\u0631 \u0645\u0633\u062d\u0648\u0642 \u0627\u0644\u0645\u0627\u0643\u0627 \u0628\u0642\u062f\u0631\u062a\u0647 \u0639\u0644\u0649 \u0632\u064a\u0627\u062f\u0629 \u0627\u0644\u0637\u0627\u0642\u0629 \u0628\u0634\u0643\u0644 \u0637\u0628\u064a\u0639\u064a \u0648\u062a\u062d\u0633\u064a\u0646 \u0627\u0644\u0642\u062f\u0631\u0629 \u0639\u0644\u0649 \u0627\u0644\u062a\u062d\u0645\u0644 \u0627\u0644\u0628\u062f\u0646\u064a.<\/span><\/p><\/li><li><p><span style=\"font-size: 14pt\"><strong>\u0627\u0644\u062a\u0648\u0627\u0632\u0646 \u0627\u0644\u0647\u0631\u0645\u0648\u0646\u064a:<\/strong>\u00a0\u064a\u0633\u062a\u0647\u0644\u0643 \u0628\u0639\u0636 \u0627\u0644\u0623\u0634\u062e\u0627\u0635 \u0645\u0633\u062d\u0648\u0642 \u0627\u0644\u0645\u0627\u0643\u0627 \u0644\u062f\u0639\u0645 \u0627\u0644\u062a\u0648\u0627\u0632\u0646 \u0627\u0644\u0647\u0631\u0645\u0648\u0646\u064a\u060c \u062e\u0627\u0635\u0629 \u0639\u0646\u062f \u0627\u0644\u0646\u0633\u0627\u0621.<\/span><\/p><\/li><li><p><span style=\"font-size: 14pt\"><strong>\u0627\u0644\u0635\u062d\u0629 \u0627\u0644\u0639\u0642\u0644\u064a\u0629:<\/strong>\u00a0\u064a\u0631\u062a\u0628\u0637 \u0645\u0633\u062d\u0648\u0642 \u0627\u0644\u0645\u0627\u0643\u0627 \u0623\u064a\u0636\u064b\u0627 \u0628\u062a\u062d\u0633\u064a\u0646 \u0627\u0644\u062d\u0627\u0644\u0629 \u0627\u0644\u0645\u0632\u0627\u062c\u064a\u0629 \u0648\u062f\u0639\u0645 \u0627\u0644\u0635\u062d\u0629 \u0627\u0644\u0639\u0642\u0644\u064a\u0629.<\/span><\/p><\/li><li><p><span style=\"font-size: 14pt\"><strong>\u0627\u0644\u062f\u0639\u0645 \u0627\u0644\u062d\u064a\u0648\u064a:<\/strong>\u00a0\u0628\u0641\u0636\u0644 \u0627\u0644\u0641\u064a\u062a\u0627\u0645\u064a\u0646\u0627\u062a \u0648\u0627\u0644\u0645\u0639\u0627\u062f\u0646 \u0648\u0645\u0636\u0627\u062f\u0627\u062a \u0627\u0644\u0623\u0643\u0633\u062f\u0629\u060c \u064a\u0645\u0643\u0646 \u0623\u0646 \u064a\u0633\u0627\u0639\u062f \u0645\u0633\u062d\u0648\u0642 \u0627\u0644\u0645\u0627\u0643\u0627 \u0639\u0644\u0649 \u062a\u063a\u0630\u064a\u0629 \u0627\u0644\u062c\u0633\u0645 \u0628\u0639\u0645\u0642.<\/span><\/p><\/li><\/ul><p style=\"text-align: right\"><span style=\"font-size: 14pt\"><strong>\u0627\u0644\u0627\u0633\u062a\u062e\u062f\u0627\u0645 \u0627\u0644\u0625\u0628\u062f\u0627\u0639\u064a:<\/strong>\u00a0\u200b\u200b\u0642\u0645 \u0628\u062f\u0645\u062c \u0645\u0633\u062d\u0648\u0642 \u0627\u0644\u0645\u0627\u0643\u0627 \u0641\u064a \u0627\u0644\u0639\u0635\u0627\u0626\u0631 \u0623\u0648 \u0627\u0644\u062d\u0628\u0648\u0628 \u0623\u0648 \u0627\u0644\u0632\u0628\u0627\u062f\u064a \u0623\u0648 \u0648\u0635\u0641\u0627\u062a \u0627\u0644\u0645\u0639\u062c\u0646\u0627\u062a \u0644\u0644\u0627\u0633\u062a\u0641\u0627\u062f\u0629 \u0645\u0646 \u0641\u0648\u0627\u0626\u062f\u0647. \u0648\u064a\u0645\u0643\u0646 \u0623\u064a\u0636\u064b\u0627 \u0645\u0632\u062c\u0647 \u0645\u0639 \u0627\u0644\u0645\u0634\u0631\u0648\u0628\u0627\u062a \u0627\u0644\u0633\u0627\u062e\u0646\u0629 \u0645\u062b\u0644 \u0627\u0644\u0642\u0647\u0648\u0629 \u0623\u0648 \u0627\u0644\u0634\u0627\u064a \u0644\u0644\u062d\u0635\u0648\u0644 \u0639\u0644\u0649 \u062f\u0641\u0639\u0629 \u0645\u0646\u0634\u0637\u0629.<\/span><\/p><p style=\"text-align: right\"><span style=\"font-size: 14pt\"><strong>\u0627\u0644\u0627\u0644\u062a\u0632\u0627\u0645 \u0628\u0627\u0644\u062c\u0648\u062f\u0629:<\/strong>\u00a0\u062a\u0645 \u0625\u0639\u062f\u0627\u062f \u0645\u0633\u062d\u0648\u0642 \u0627\u0644\u0645\u0627\u0643\u0627 \u0628\u0639\u0646\u0627\u064a\u0629 \u0644\u0644\u062d\u0641\u0627\u0638 \u0639\u0644\u0649 \u062e\u0635\u0627\u0626\u0635\u0647 \u0627\u0644\u063a\u0630\u0627\u0626\u064a\u0629. \u064a\u062a\u0645 \u062a\u0639\u0628\u0626\u062a\u0647\u0627 \u0645\u0639 \u0627\u0644\u062d\u0641\u0627\u0638 \u0639\u0644\u0649 \u0646\u0636\u0627\u0631\u062a\u0647\u0627 \u0648\u062c\u0648\u062f\u062a\u0647\u0627.<\/span><\/p><p style=\"text-align: right\"><span style=\"font-size: 14pt\">\u0627\u0643\u062a\u0634\u0641 \u0627\u0644\u0642\u0648\u0629 \u0627\u0644\u0637\u0628\u064a\u0639\u064a\u0629 \u0644\u0645\u0633\u062d\u0648\u0642 Maca \u0648\u0623\u0636\u0641 \u0647\u0630\u0627 \u0627\u0644\u0637\u0639\u0627\u0645 \u0627\u0644\u0641\u0627\u0626\u0642 \u0625\u0644\u0649 \u0631\u0648\u062a\u064a\u0646\u0643 \u0627\u0644\u064a\u0648\u0645\u064a \u0644\u0644\u062d\u0635\u0648\u0644 \u0639\u0644\u0649 \u0627\u0644\u0637\u0627\u0642\u0629 \u0648\u0627\u0644\u062f\u0639\u0645 \u0627\u0644\u0645\u062a\u0648\u0627\u0632\u0646. \u0627\u0643\u062a\u0634\u0641 \u0643\u064a\u0641 \u064a\u0645\u0643\u0646 \u0644\u0645\u0633\u062d\u0648\u0642 \u0627\u0644\u0645\u0627\u0643\u0627 \u0623\u0646 \u064a\u062f\u0639\u0645 \u0635\u062d\u062a\u0643 \u0627\u0644\u0639\u0627\u0645\u0629 \u0639\u0646 \u0637\u0631\u064a\u0642 \u062a\u063a\u0630\u064a\u0629 \u062c\u0633\u0645\u0643 \u0628\u0627\u0644\u0639\u0646\u0627\u0635\u0631 \u0627\u0644\u0637\u0628\u064a\u0639\u064a\u0629 \u0627\u0644\u0623\u0633\u0627\u0633\u064a\u0629.<\/span><\/p>\t\t\t\t\t\t<\/div>\n\t\t\t\t<\/div>\n\t\t\t\t\t<\/div>\n\t\t\t\t<\/div>\n\t\t\t\t<\/div>","protected":false},"excerpt":{"rendered":"<p>Poudre de Maca : \u00c9nergie naturelle pour nourrir le corps et l&#8217;esprit &#8211; Maca D\u00e9couvrez les bienfaits exceptionnels de la<\/p>","protected":false},"featured_media":17753,"comment_status":"open","ping_status":"closed","template":"","meta":[],"product_cat":[32,75],"product_tag":[],"yoast_head":"<!-- This site is optimized with the Yoast SEO plugin v23.4 - https:\/\/yoast.com\/wordpress\/plugins\/seo\/ -->\n<title>Maca \/ \u0645\u0627\u0643\u0627 - AjiShop.ma<\/title>\n<meta name=\"robots\" content=\"index, follow, max-snippet:-1, max-image-preview:large, max-video-preview:-1\" \/>\n<link rel=\"canonical\" href=\"https:\/\/ajishop.ma\/ar\/shop\/herbes-et-apothicaire\/herbes\/maca\/\" \/>\n<meta property=\"og:locale\" content=\"ar_AR\" \/>\n<meta property=\"og:type\" content=\"article\" \/>\n<meta property=\"og:title\" content=\"Maca \/ \u0645\u0627\u0643\u0627 - AjiShop.ma\" \/>\n<meta property=\"og:description\" content=\"Poudre de Maca : \u00c9nergie naturelle pour nourrir le corps et l&#8217;esprit &#8211; Maca D\u00e9couvrez les bienfaits exceptionnels de la\" \/>\n<meta property=\"og:url\" content=\"https:\/\/ajishop.ma\/ar\/shop\/herbes-et-apothicaire\/herbes\/maca\/\" \/>\n<meta property=\"og:site_name\" content=\"AjiShop.ma\" \/>\n<meta property=\"article:modified_time\" content=\"2024-11-15T06:30:48+00:00\" \/>\n<meta property=\"og:image\" content=\"https:\/\/ajishop.ma\/wp-content\/uploads\/2024\/11\/Maca-1500X1500.jpg\" \/>\n\t<meta property=\"og:image:width\" content=\"1500\" \/>\n\t<meta property=\"og:image:height\" content=\"1500\" \/>\n\t<meta property=\"og:image:type\" content=\"image\/jpeg\" \/>\n<meta name=\"twitter:card\" content=\"summary_large_image\" \/>\n<meta name=\"twitter:label1\" content=\"\u0648\u0642\u062a \u0627\u0644\u0642\u0631\u0627\u0621\u0629 \u0627\u0644\u0645\u064f\u0642\u062f\u0651\u0631\" \/>\n\t<meta name=\"twitter:data1\" content=\"3 \u062f\u0642\u0627\u0626\u0642\" \/>\n<script type=\"application\/ld+json\" class=\"yoast-schema-graph\">{\"@context\":\"https:\/\/schema.org\",\"@graph\":[{\"@type\":\"WebPage\",\"@id\":\"https:\/\/ajishop.ma\/shop\/herbes-et-apothicaire\/herbes\/maca\/\",\"url\":\"https:\/\/ajishop.ma\/shop\/herbes-et-apothicaire\/herbes\/maca\/\",\"name\":\"Maca \/ \u0645\u0627\u0643\u0627 - AjiShop.ma\",\"isPartOf\":{\"@id\":\"https:\/\/ajishop.ma\/#website\"},\"primaryImageOfPage\":{\"@id\":\"https:\/\/ajishop.ma\/shop\/herbes-et-apothicaire\/herbes\/maca\/#primaryimage\"},\"image\":{\"@id\":\"https:\/\/ajishop.ma\/shop\/herbes-et-apothicaire\/herbes\/maca\/#primaryimage\"},\"thumbnailUrl\":\"https:\/\/ajishop.ma\/wp-content\/uploads\/2024\/11\/Maca-1500X1500.jpg\",\"datePublished\":\"2024-11-10T23:50:06+00:00\",\"dateModified\":\"2024-11-15T06:30:48+00:00\",\"breadcrumb\":{\"@id\":\"https:\/\/ajishop.ma\/shop\/herbes-et-apothicaire\/herbes\/maca\/#breadcrumb\"},\"inLanguage\":\"ar\",\"potentialAction\":[{\"@type\":\"ReadAction\",\"target\":[\"https:\/\/ajishop.ma\/shop\/herbes-et-apothicaire\/herbes\/maca\/\"]}]},{\"@type\":\"ImageObject\",\"inLanguage\":\"ar\",\"@id\":\"https:\/\/ajishop.ma\/shop\/herbes-et-apothicaire\/herbes\/maca\/#primaryimage\",\"url\":\"https:\/\/ajishop.ma\/wp-content\/uploads\/2024\/11\/Maca-1500X1500.jpg\",\"contentUrl\":\"https:\/\/ajishop.ma\/wp-content\/uploads\/2024\/11\/Maca-1500X1500.jpg\",\"width\":1500,\"height\":1500},{\"@type\":\"BreadcrumbList\",\"@id\":\"https:\/\/ajishop.ma\/shop\/herbes-et-apothicaire\/herbes\/maca\/#breadcrumb\",\"itemListElement\":[{\"@type\":\"ListItem\",\"position\":1,\"name\":\"Accueil\",\"item\":\"https:\/\/ajishop.ma\/\"},{\"@type\":\"ListItem\",\"position\":2,\"name\":\"Magasin\",\"item\":\"https:\/\/ajishop.ma\/shop\/\"},{\"@type\":\"ListItem\",\"position\":3,\"name\":\"Maca \/ \u0645\u0627\u0643\u0627\"}]},{\"@type\":\"WebSite\",\"@id\":\"https:\/\/ajishop.ma\/#website\",\"url\":\"https:\/\/ajishop.ma\/\",\"name\":\"AjiShop.ma\",\"description\":\"Produits 100% naturels, Pour votre bien \u00eatre...\",\"publisher\":{\"@id\":\"https:\/\/ajishop.ma\/#organization\"},\"potentialAction\":[{\"@type\":\"SearchAction\",\"target\":{\"@type\":\"EntryPoint\",\"urlTemplate\":\"https:\/\/ajishop.ma\/?s={search_term_string}\"},\"query-input\":{\"@type\":\"PropertyValueSpecification\",\"valueRequired\":true,\"valueName\":\"search_term_string\"}}],\"inLanguage\":\"ar\"},{\"@type\":\"Organization\",\"@id\":\"https:\/\/ajishop.ma\/#organization\",\"name\":\"AjiShop.ma\",\"url\":\"https:\/\/ajishop.ma\/\",\"logo\":{\"@type\":\"ImageObject\",\"inLanguage\":\"ar\",\"@id\":\"https:\/\/ajishop.ma\/#\/schema\/logo\/image\/\",\"url\":\"https:\/\/ajishop.ma\/wp-content\/uploads\/2024\/09\/AjiShop.ma-Horizontal-Logo-Green.png\",\"contentUrl\":\"https:\/\/ajishop.ma\/wp-content\/uploads\/2024\/09\/AjiShop.ma-Horizontal-Logo-Green.png\",\"width\":1917,\"height\":276,\"caption\":\"AjiShop.ma\"},\"image\":{\"@id\":\"https:\/\/ajishop.ma\/#\/schema\/logo\/image\/\"}}]}<\/script>\n<!-- \/ Yoast SEO plugin. -->","yoast_head_json":{"title":"Maca \/ \u0645\u0627\u0643\u0627 - AjiShop.ma","robots":{"index":"index","follow":"follow","max-snippet":"max-snippet:-1","max-image-preview":"max-image-preview:large","max-video-preview":"max-video-preview:-1"},"canonical":"https:\/\/ajishop.ma\/ar\/shop\/herbes-et-apothicaire\/herbes\/maca\/","og_locale":"ar_AR","og_type":"article","og_title":"Maca \/ \u0645\u0627\u0643\u0627 - AjiShop.ma","og_description":"Poudre de Maca : \u00c9nergie naturelle pour nourrir le corps et l&#8217;esprit &#8211; Maca D\u00e9couvrez les bienfaits exceptionnels de la","og_url":"https:\/\/ajishop.ma\/ar\/shop\/herbes-et-apothicaire\/herbes\/maca\/","og_site_name":"AjiShop.ma","article_modified_time":"2024-11-15T06:30:48+00:00","og_image":[{"width":1500,"height":1500,"url":"https:\/\/ajishop.ma\/wp-content\/uploads\/2024\/11\/Maca-1500X1500.jpg","type":"image\/jpeg"}],"twitter_card":"summary_large_image","twitter_misc":{"\u0648\u0642\u062a \u0627\u0644\u0642\u0631\u0627\u0621\u0629 \u0627\u0644\u0645\u064f\u0642\u062f\u0651\u0631":"3 \u062f\u0642\u0627\u0626\u0642"},"schema":{"@context":"https:\/\/schema.org","@graph":[{"@type":"WebPage","@id":"https:\/\/ajishop.ma\/shop\/herbes-et-apothicaire\/herbes\/maca\/","url":"https:\/\/ajishop.ma\/shop\/herbes-et-apothicaire\/herbes\/maca\/","name":"Maca \/ \u0645\u0627\u0643\u0627 - AjiShop.ma","isPartOf":{"@id":"https:\/\/ajishop.ma\/#website"},"primaryImageOfPage":{"@id":"https:\/\/ajishop.ma\/shop\/herbes-et-apothicaire\/herbes\/maca\/#primaryimage"},"image":{"@id":"https:\/\/ajishop.ma\/shop\/herbes-et-apothicaire\/herbes\/maca\/#primaryimage"},"thumbnailUrl":"https:\/\/ajishop.ma\/wp-content\/uploads\/2024\/11\/Maca-1500X1500.jpg","datePublished":"2024-11-10T23:50:06+00:00","dateModified":"2024-11-15T06:30:48+00:00","breadcrumb":{"@id":"https:\/\/ajishop.ma\/shop\/herbes-et-apothicaire\/herbes\/maca\/#breadcrumb"},"inLanguage":"ar","potentialAction":[{"@type":"ReadAction","target":["https:\/\/ajishop.ma\/shop\/herbes-et-apothicaire\/herbes\/maca\/"]}]},{"@type":"ImageObject","inLanguage":"ar","@id":"https:\/\/ajishop.ma\/shop\/herbes-et-apothicaire\/herbes\/maca\/#primaryimage","url":"https:\/\/ajishop.ma\/wp-content\/uploads\/2024\/11\/Maca-1500X1500.jpg","contentUrl":"https:\/\/ajishop.ma\/wp-content\/uploads\/2024\/11\/Maca-1500X1500.jpg","width":1500,"height":1500},{"@type":"BreadcrumbList","@id":"https:\/\/ajishop.ma\/shop\/herbes-et-apothicaire\/herbes\/maca\/#breadcrumb","itemListElement":[{"@type":"ListItem","position":1,"name":"Accueil","item":"https:\/\/ajishop.ma\/"},{"@type":"ListItem","position":2,"name":"Magasin","item":"https:\/\/ajishop.ma\/shop\/"},{"@type":"ListItem","position":3,"name":"Maca \/ \u0645\u0627\u0643\u0627"}]},{"@type":"WebSite","@id":"https:\/\/ajishop.ma\/#website","url":"https:\/\/ajishop.ma\/","name":"AjiShop.ma","description":"Produits 100% naturels, Pour votre bien \u00eatre...","publisher":{"@id":"https:\/\/ajishop.ma\/#organization"},"potentialAction":[{"@type":"SearchAction","target":{"@type":"EntryPoint","urlTemplate":"https:\/\/ajishop.ma\/?s={search_term_string}"},"query-input":{"@type":"PropertyValueSpecification","valueRequired":true,"valueName":"search_term_string"}}],"inLanguage":"ar"},{"@type":"Organization","@id":"https:\/\/ajishop.ma\/#organization","name":"AjiShop.ma","url":"https:\/\/ajishop.ma\/","logo":{"@type":"ImageObject","inLanguage":"ar","@id":"https:\/\/ajishop.ma\/#\/schema\/logo\/image\/","url":"https:\/\/ajishop.ma\/wp-content\/uploads\/2024\/09\/AjiShop.ma-Horizontal-Logo-Green.png","contentUrl":"https:\/\/ajishop.ma\/wp-content\/uploads\/2024\/09\/AjiShop.ma-Horizontal-Logo-Green.png","width":1917,"height":276,"caption":"AjiShop.ma"},"image":{"@id":"https:\/\/ajishop.ma\/#\/schema\/logo\/image\/"}}]}},"_links":{"self":[{"href":"https:\/\/ajishop.ma\/ar\/wp-json\/wp\/v2\/product\/17182"}],"collection":[{"href":"https:\/\/ajishop.ma\/ar\/wp-json\/wp\/v2\/product"}],"about":[{"href":"https:\/\/ajishop.ma\/ar\/wp-json\/wp\/v2\/types\/product"}],"replies":[{"embeddable":true,"href":"https:\/\/ajishop.ma\/ar\/wp-json\/wp\/v2\/comments?post=17182"}],"version-history":[{"count":5,"href":"https:\/\/ajishop.ma\/ar\/wp-json\/wp\/v2\/product\/17182\/revisions"}],"predecessor-version":[{"id":17745,"href":"https:\/\/ajishop.ma\/ar\/wp-json\/wp\/v2\/product\/17182\/revisions\/17745"}],"wp:featuredmedia":[{"embeddable":true,"href":"https:\/\/ajishop.ma\/ar\/wp-json\/wp\/v2\/media\/17753"}],"wp:attachment":[{"href":"https:\/\/ajishop.ma\/ar\/wp-json\/wp\/v2\/media?parent=17182"}],"wp:term":[{"taxonomy":"product_cat","embeddable":true,"href":"https:\/\/ajishop.ma\/ar\/wp-json\/wp\/v2\/product_cat?post=17182"},{"taxonomy":"product_tag","embeddable":true,"href":"https:\/\/ajishop.ma\/ar\/wp-json\/wp\/v2\/product_tag?post=17182"}],"curies":[{"name":"wp","href":"https:\/\/api.w.org\/{rel}","templated":true}]}}