{"id":17187,"date":"2024-11-11T00:54:59","date_gmt":"2024-11-10T23:54:59","guid":{"rendered":"https:\/\/ajishop.ma\/?post_type=product&#038;p=17187"},"modified":"2026-03-27T00:49:10","modified_gmt":"2026-03-26T23:49:10","slug":"ginko-biloba","status":"publish","type":"product","link":"https:\/\/ajishop.ma\/ar\/shop\/herbes-et-apothicaire\/herbes\/ginko-biloba\/","title":{"rendered":"Ginko Biloba \/ \u062c\u064a\u0646\u0643\u0648 \u0628\u064a\u0644\u0648\u0628\u0627"},"content":{"rendered":"<div data-elementor-type=\"wp-post\" data-elementor-id=\"17187\" class=\"elementor elementor-17187\">\n\t\t\t\t<div class=\"wd-negative-gap elementor-element elementor-element-392f8b86 e-flex e-con-boxed e-con e-parent\" data-id=\"392f8b86\" data-element_type=\"container\">\n\t\t\t\t\t<div class=\"e-con-inner\">\n\t\t\t\t<div class=\"elementor-element elementor-element-2e5b650a lang-ar color-scheme-inherit text-left elementor-widget elementor-widget-text-editor\" data-id=\"2e5b650a\" data-element_type=\"widget\" data-widget_type=\"text-editor.default\">\n\t\t\t\t<div class=\"elementor-widget-container\">\n\t\t\t\t\t\t\t<p style=\"text-align: center\"><span style=\"font-size: 18pt\"><strong>Consommez 1 \u00e0 3 grammes. de poudre de ginkgo par jour. Exemples : Vous pouvez l&#8217;ajouter au lait, aux jus de fruits, aux yaourts, aux salades ou aux desserts. Dans le cadre d&#8217;une alimentation \u00e9quilibr\u00e9e et respectant les doses recommand\u00e9es.<\/strong><\/span><\/p>\t\t\t\t\t\t<\/div>\n\t\t\t\t<\/div>\n\t\t\t\t\t<\/div>\n\t\t\t\t<\/div>\n\t\t<div class=\"wd-negative-gap elementor-element elementor-element-1aa3d47 e-flex e-con-boxed e-con e-parent\" data-id=\"1aa3d47\" data-element_type=\"container\">\n\t\t\t\t\t<div class=\"e-con-inner\">\n\t\t\t\t<div class=\"elementor-element elementor-element-49def92 lang-ar color-scheme-inherit text-left elementor-widget elementor-widget-text-editor\" data-id=\"49def92\" data-element_type=\"widget\" data-widget_type=\"text-editor.default\">\n\t\t\t\t<div class=\"elementor-widget-container\">\n\t\t\t\t\t\t\t<div data-hveid=\"CDYQAQ\" data-ved=\"2ahUKEwit8rzE-9KJAxW-K_sDHZmCC4QQj7gIegQINhAB\"><div class=\"dnXCYb\" role=\"button\" aria-controls=\"_-kcxZ62NI77X7M8PmYWuoAg_67\" aria-expanded=\"true\"><div class=\"JlqpRe\" style=\"text-align: center\"><span class=\"JCzEY tNxQIb\"><span class=\"CSkcDe\" dir=\"rtl\">\u0645\u0627 \u0647\u064a<span style=\"font-size: 18pt\"><strong> \u0641\u0648\u0627\u0626\u062f \u062c\u064a\u0646\u0643\u0648 \u0628\u064a\u0644\u0648\u0628\u0627\u061f<\/strong><\/span><\/span><\/span><\/div><div class=\"p8Jhnd\" style=\"text-align: center\"><div class=\"aj35ze\">\u00a0<\/div><\/div><div class=\"L3Ezfd\" style=\"text-align: center\" data-ved=\"2ahUKEwit8rzE-9KJAxW-K_sDHZmCC4QQuk56BAg2EAI\">\u00a0<\/div><\/div><\/div><div id=\"_-kcxZ62NI77X7M8PmYWuoAg_67\" class=\"bCOlv\" data-ved=\"2ahUKEwit8rzE-9KJAxW-K_sDHZmCC4QQ7NUEegQINhAE\"><div class=\"IZE3Td\"><div class=\"r2fjmd t0bRye\" data-hveid=\"CDYQBQ\" data-ved=\"2ahUKEwit8rzE-9KJAxW-K_sDHZmCC4QQu04oAHoECDYQBQ\"><div id=\"-kcxZ62NI77X7M8PmYWuoAg__121\" style=\"text-align: center\"><div class=\"wDYxhc NFQFxe oHglmf xzPb7d\" data-md=\"32\" data-hveid=\"CEgQAA\" data-ved=\"2ahUKEwit8rzE-9KJAxW-K_sDHZmCC4QQ4dMGKAB6BAhIEAA\"><div id=\"media_result_group\" class=\"H8O85d kno-mrg-si kno-mrg kno-swp\" data-hveid=\"CEgQAQ\"><div class=\"iKjSFe aUc9Gd\"><div data-count=\"1\" data-hveid=\"CEMQAA\"><div class=\"xte2qe OXEsB o6uAG bHDlT\"><div data-ivep=\"true\"><div class=\"RYdNQb\" data-h=\"130\" data-nr=\"1\" data-ved=\"2ahUKEwit8rzE-9KJAxW-K_sDHZmCC4QQyQ0oAHoECEMQAg\"><div class=\"eA0Zlc WghbWd FnEtTd ivg-i PZPZlf img-kc-m GMCzAd\" aria-hidden=\"true\" data-attrid=\"image\" data-docid=\"D1FkEX3faVN-zM\" data-ivep=\"true\" data-lpage=\"https:\/\/altibbi.com\/%D9%85%D8%B5%D8%B7%D9%84%D8%AD%D8%A7%D8%AA-%D8%B7%D8%A8%D9%8A%D8%A9\/%D8%A7%D8%B9%D8%B4%D8%A7%D8%A8-%D8%B7%D8%A8%D9%8A%D8%A9\/%D8%AC%D9%8A%D9%86%D9%83%D8%BA%D9%88\" data-ni=\"1\" data-ref-docid=\"T1ktG0QpkI635M\" data-hveid=\"CEIQAA\" data-ved=\"2ahUKEwit8rzE-9KJAxW-K_sDHZmCC4QQzkx6BAhCEAA\"><div><div class=\"XOEbc\" role=\"button\"><div><div class=\"uhHOwf BYbUcd\" data-bla=\"\">\u00a0<\/div><\/div><\/div><div class=\"BfmEZb Xn9Tkc oGwWse y0jvId lM9tvf\">\u00a0<\/div><\/div><\/div><\/div><\/div><\/div><\/div><\/div><\/div><\/div><\/div><div id=\"-kcxZ62NI77X7M8PmYWuoAg__124\"><div class=\"wDYxhc\" data-md=\"83\"><div class=\"di3YZe\"><div class=\"co8aDb\" style=\"text-align: center\" role=\"heading\"><span style=\"font-size: 18pt\"><strong><span dir=\"rtl\">\u062c\u062f\u0644 \u062d\u0648\u0644\u00a0\u0641\u0648\u0627\u0626\u062f\u00a0\u0639\u0634\u0628\u0629 \u0627\u0644\u062c\u0646\u0643\u0629\u00a0\u0628\u064a\u0644\u0648\u0628\u0627<\/span><\/strong><\/span><\/div><div class=\"RqBzHd\"><ul class=\"i8Z77e\"><li class=\"TrT0Xe\" style=\"text-align: center\"><span style=\"font-size: 18pt\"><strong><span dir=\"rtl\">\u062a\u062d\u0633\u0646 \u0627\u0644\u0630\u0627\u0643\u0631\u0629 \u0628\u064a\u0646 \u0627\u0644\u0623\u0634\u062e\u0627\u0635 \u0627\u0644\u0623\u0635\u062d\u0627\u0621.<\/span><\/strong><\/span><\/li><li class=\"TrT0Xe\" style=\"text-align: center\"><span style=\"font-size: 18pt\"><strong><span dir=\"rtl\">\u0645\u0646\u0639 \u0627\u0644\u062a\u0628\u0648\u0644 \u0641\u064a \u0627\u0644\u0641\u0631\u0627\u0634.<\/span><\/strong><\/span><\/li><li class=\"TrT0Xe\" style=\"text-align: center\"><span style=\"font-size: 18pt\"><strong><span dir=\"rtl\">\u0632\u064a\u0627\u062f\u0629 \u0627\u0644\u0637\u0627\u0642\u0629 \u0627\u0644\u062c\u0646\u0633\u064a\u0629.<\/span><\/strong><\/span><\/li><li class=\"TrT0Xe\" style=\"text-align: center\"><span style=\"font-size: 18pt\"><strong><span dir=\"rtl\">\u062a\u0647\u062f\u0626\u0629 \u062a\u0647\u064a\u062c \u0627\u0644\u0645\u062b\u0627\u0646\u0629.<\/span><\/strong><\/span><\/li><li class=\"TrT0Xe\" style=\"text-align: center\"><span style=\"font-size: 18pt\"><strong><span dir=\"rtl\">\u0639\u0644\u0627\u062c \u0627\u0644\u062f\u064a\u062f\u0627\u0646 \u0627\u0644\u0645\u0639\u0648\u064a\u0629.<\/span><\/strong><\/span><\/li><li class=\"TrT0Xe\" style=\"text-align: center\"><span style=\"font-size: 18pt\"><strong><span dir=\"rtl\">\u0639\u0644\u0627\u062c \u0645\u0631\u0636 \u0627\u0644\u0633\u064a\u0644\u0627\u0646.<\/span><\/strong><\/span><\/li><li class=\"TrT0Xe\"><span dir=\"rtl\">\u062a\u062d\u0633\u064a\u0646 \u0627\u0644\u0630\u0627\u0643\u0631\u0629.<\/span><\/li><li class=\"TrT0Xe\"><span dir=\"rtl\">\u0639\u0644\u0627\u062c \u0628\u0639\u0636 \u0627\u0644\u0623\u0645\u0631\u0627\u0636 \u0627\u0644\u0639\u0642\u0644\u064a\u0629.<\/span><\/li><\/ul><\/div><\/div><\/div><\/div><\/div><\/div><\/div>\t\t\t\t\t\t<\/div>\n\t\t\t\t<\/div>\n\t\t\t\t\t<\/div>\n\t\t\t\t<\/div>\n\t\t\t\t<\/div>","protected":false},"excerpt":{"rendered":"<p>Consommez 1 \u00e0 3 grammes. de poudre de ginkgo par jour. Exemples : Vous pouvez l&#8217;ajouter au lait, aux jus<\/p>","protected":false},"featured_media":17188,"comment_status":"open","ping_status":"closed","template":"","meta":[],"product_cat":[32,75],"product_tag":[],"yoast_head":"<!-- This site is optimized with the Yoast SEO plugin v23.4 - https:\/\/yoast.com\/wordpress\/plugins\/seo\/ -->\n<title>Ginko Biloba \/ \u062c\u064a\u0646\u0643\u0648 \u0628\u064a\u0644\u0648\u0628\u0627 - AjiShop.ma<\/title>\n<meta name=\"robots\" content=\"index, follow, max-snippet:-1, max-image-preview:large, max-video-preview:-1\" \/>\n<link rel=\"canonical\" href=\"https:\/\/ajishop.ma\/ar\/shop\/herbes-et-apothicaire\/herbes\/ginko-biloba\/\" \/>\n<meta property=\"og:locale\" content=\"ar_AR\" \/>\n<meta property=\"og:type\" content=\"article\" \/>\n<meta property=\"og:title\" content=\"Ginko Biloba \/ \u062c\u064a\u0646\u0643\u0648 \u0628\u064a\u0644\u0648\u0628\u0627 - AjiShop.ma\" \/>\n<meta property=\"og:description\" content=\"Consommez 1 \u00e0 3 grammes. de poudre de ginkgo par jour. Exemples : Vous pouvez l&#8217;ajouter au lait, aux jus\" \/>\n<meta property=\"og:url\" content=\"https:\/\/ajishop.ma\/ar\/shop\/herbes-et-apothicaire\/herbes\/ginko-biloba\/\" \/>\n<meta property=\"og:site_name\" content=\"AjiShop.ma\" \/>\n<meta property=\"article:modified_time\" content=\"2026-03-26T23:49:10+00:00\" \/>\n<meta property=\"og:image\" content=\"https:\/\/ajishop.ma\/wp-content\/uploads\/2024\/11\/feuilles-ginkgo-biloba-sechees-poudre-isole-blanc-vue-dessus-pose-plat_313215-1227.webp\" \/>\n\t<meta property=\"og:image:width\" content=\"600\" \/>\n\t<meta property=\"og:image:height\" content=\"600\" \/>\n\t<meta property=\"og:image:type\" content=\"image\/webp\" \/>\n<meta name=\"twitter:card\" content=\"summary_large_image\" \/>\n<meta name=\"twitter:label1\" content=\"\u0648\u0642\u062a \u0627\u0644\u0642\u0631\u0627\u0621\u0629 \u0627\u0644\u0645\u064f\u0642\u062f\u0651\u0631\" \/>\n\t<meta name=\"twitter:data1\" content=\"\u062f\u0642\u064a\u0642\u0629 \u0648\u0627\u062d\u062f\u0629\" \/>\n<script type=\"application\/ld+json\" class=\"yoast-schema-graph\">{\"@context\":\"https:\/\/schema.org\",\"@graph\":[{\"@type\":\"WebPage\",\"@id\":\"https:\/\/ajishop.ma\/shop\/herbes-et-apothicaire\/herbes\/ginko-biloba\/\",\"url\":\"https:\/\/ajishop.ma\/shop\/herbes-et-apothicaire\/herbes\/ginko-biloba\/\",\"name\":\"Ginko Biloba \/ \u062c\u064a\u0646\u0643\u0648 \u0628\u064a\u0644\u0648\u0628\u0627 - AjiShop.ma\",\"isPartOf\":{\"@id\":\"https:\/\/ajishop.ma\/#website\"},\"primaryImageOfPage\":{\"@id\":\"https:\/\/ajishop.ma\/shop\/herbes-et-apothicaire\/herbes\/ginko-biloba\/#primaryimage\"},\"image\":{\"@id\":\"https:\/\/ajishop.ma\/shop\/herbes-et-apothicaire\/herbes\/ginko-biloba\/#primaryimage\"},\"thumbnailUrl\":\"https:\/\/ajishop.ma\/wp-content\/uploads\/2024\/11\/feuilles-ginkgo-biloba-sechees-poudre-isole-blanc-vue-dessus-pose-plat_313215-1227.webp\",\"datePublished\":\"2024-11-10T23:54:59+00:00\",\"dateModified\":\"2026-03-26T23:49:10+00:00\",\"breadcrumb\":{\"@id\":\"https:\/\/ajishop.ma\/shop\/herbes-et-apothicaire\/herbes\/ginko-biloba\/#breadcrumb\"},\"inLanguage\":\"ar\",\"potentialAction\":[{\"@type\":\"ReadAction\",\"target\":[\"https:\/\/ajishop.ma\/shop\/herbes-et-apothicaire\/herbes\/ginko-biloba\/\"]}]},{\"@type\":\"ImageObject\",\"inLanguage\":\"ar\",\"@id\":\"https:\/\/ajishop.ma\/shop\/herbes-et-apothicaire\/herbes\/ginko-biloba\/#primaryimage\",\"url\":\"https:\/\/ajishop.ma\/wp-content\/uploads\/2024\/11\/feuilles-ginkgo-biloba-sechees-poudre-isole-blanc-vue-dessus-pose-plat_313215-1227.webp\",\"contentUrl\":\"https:\/\/ajishop.ma\/wp-content\/uploads\/2024\/11\/feuilles-ginkgo-biloba-sechees-poudre-isole-blanc-vue-dessus-pose-plat_313215-1227.webp\",\"width\":600,\"height\":600},{\"@type\":\"BreadcrumbList\",\"@id\":\"https:\/\/ajishop.ma\/shop\/herbes-et-apothicaire\/herbes\/ginko-biloba\/#breadcrumb\",\"itemListElement\":[{\"@type\":\"ListItem\",\"position\":1,\"name\":\"Accueil\",\"item\":\"https:\/\/ajishop.ma\/\"},{\"@type\":\"ListItem\",\"position\":2,\"name\":\"Magasin\",\"item\":\"https:\/\/ajishop.ma\/shop\/\"},{\"@type\":\"ListItem\",\"position\":3,\"name\":\"Ginko Biloba \/ \u062c\u064a\u0646\u0643\u0648 \u0628\u064a\u0644\u0648\u0628\u0627\"}]},{\"@type\":\"WebSite\",\"@id\":\"https:\/\/ajishop.ma\/#website\",\"url\":\"https:\/\/ajishop.ma\/\",\"name\":\"AjiShop.ma\",\"description\":\"Produits 100% naturels, Pour votre bien \u00eatre...\",\"publisher\":{\"@id\":\"https:\/\/ajishop.ma\/#organization\"},\"potentialAction\":[{\"@type\":\"SearchAction\",\"target\":{\"@type\":\"EntryPoint\",\"urlTemplate\":\"https:\/\/ajishop.ma\/?s={search_term_string}\"},\"query-input\":{\"@type\":\"PropertyValueSpecification\",\"valueRequired\":true,\"valueName\":\"search_term_string\"}}],\"inLanguage\":\"ar\"},{\"@type\":\"Organization\",\"@id\":\"https:\/\/ajishop.ma\/#organization\",\"name\":\"AjiShop.ma\",\"url\":\"https:\/\/ajishop.ma\/\",\"logo\":{\"@type\":\"ImageObject\",\"inLanguage\":\"ar\",\"@id\":\"https:\/\/ajishop.ma\/#\/schema\/logo\/image\/\",\"url\":\"https:\/\/ajishop.ma\/wp-content\/uploads\/2024\/09\/AjiShop.ma-Horizontal-Logo-Green.png\",\"contentUrl\":\"https:\/\/ajishop.ma\/wp-content\/uploads\/2024\/09\/AjiShop.ma-Horizontal-Logo-Green.png\",\"width\":1917,\"height\":276,\"caption\":\"AjiShop.ma\"},\"image\":{\"@id\":\"https:\/\/ajishop.ma\/#\/schema\/logo\/image\/\"}}]}<\/script>\n<!-- \/ Yoast SEO plugin. -->","yoast_head_json":{"title":"Ginko Biloba \/ \u062c\u064a\u0646\u0643\u0648 \u0628\u064a\u0644\u0648\u0628\u0627 - AjiShop.ma","robots":{"index":"index","follow":"follow","max-snippet":"max-snippet:-1","max-image-preview":"max-image-preview:large","max-video-preview":"max-video-preview:-1"},"canonical":"https:\/\/ajishop.ma\/ar\/shop\/herbes-et-apothicaire\/herbes\/ginko-biloba\/","og_locale":"ar_AR","og_type":"article","og_title":"Ginko Biloba \/ \u062c\u064a\u0646\u0643\u0648 \u0628\u064a\u0644\u0648\u0628\u0627 - AjiShop.ma","og_description":"Consommez 1 \u00e0 3 grammes. de poudre de ginkgo par jour. Exemples : Vous pouvez l&#8217;ajouter au lait, aux jus","og_url":"https:\/\/ajishop.ma\/ar\/shop\/herbes-et-apothicaire\/herbes\/ginko-biloba\/","og_site_name":"AjiShop.ma","article_modified_time":"2026-03-26T23:49:10+00:00","og_image":[{"width":600,"height":600,"url":"https:\/\/ajishop.ma\/wp-content\/uploads\/2024\/11\/feuilles-ginkgo-biloba-sechees-poudre-isole-blanc-vue-dessus-pose-plat_313215-1227.webp","type":"image\/webp"}],"twitter_card":"summary_large_image","twitter_misc":{"\u0648\u0642\u062a \u0627\u0644\u0642\u0631\u0627\u0621\u0629 \u0627\u0644\u0645\u064f\u0642\u062f\u0651\u0631":"\u062f\u0642\u064a\u0642\u0629 \u0648\u0627\u062d\u062f\u0629"},"schema":{"@context":"https:\/\/schema.org","@graph":[{"@type":"WebPage","@id":"https:\/\/ajishop.ma\/shop\/herbes-et-apothicaire\/herbes\/ginko-biloba\/","url":"https:\/\/ajishop.ma\/shop\/herbes-et-apothicaire\/herbes\/ginko-biloba\/","name":"Ginko Biloba \/ \u062c\u064a\u0646\u0643\u0648 \u0628\u064a\u0644\u0648\u0628\u0627 - AjiShop.ma","isPartOf":{"@id":"https:\/\/ajishop.ma\/#website"},"primaryImageOfPage":{"@id":"https:\/\/ajishop.ma\/shop\/herbes-et-apothicaire\/herbes\/ginko-biloba\/#primaryimage"},"image":{"@id":"https:\/\/ajishop.ma\/shop\/herbes-et-apothicaire\/herbes\/ginko-biloba\/#primaryimage"},"thumbnailUrl":"https:\/\/ajishop.ma\/wp-content\/uploads\/2024\/11\/feuilles-ginkgo-biloba-sechees-poudre-isole-blanc-vue-dessus-pose-plat_313215-1227.webp","datePublished":"2024-11-10T23:54:59+00:00","dateModified":"2026-03-26T23:49:10+00:00","breadcrumb":{"@id":"https:\/\/ajishop.ma\/shop\/herbes-et-apothicaire\/herbes\/ginko-biloba\/#breadcrumb"},"inLanguage":"ar","potentialAction":[{"@type":"ReadAction","target":["https:\/\/ajishop.ma\/shop\/herbes-et-apothicaire\/herbes\/ginko-biloba\/"]}]},{"@type":"ImageObject","inLanguage":"ar","@id":"https:\/\/ajishop.ma\/shop\/herbes-et-apothicaire\/herbes\/ginko-biloba\/#primaryimage","url":"https:\/\/ajishop.ma\/wp-content\/uploads\/2024\/11\/feuilles-ginkgo-biloba-sechees-poudre-isole-blanc-vue-dessus-pose-plat_313215-1227.webp","contentUrl":"https:\/\/ajishop.ma\/wp-content\/uploads\/2024\/11\/feuilles-ginkgo-biloba-sechees-poudre-isole-blanc-vue-dessus-pose-plat_313215-1227.webp","width":600,"height":600},{"@type":"BreadcrumbList","@id":"https:\/\/ajishop.ma\/shop\/herbes-et-apothicaire\/herbes\/ginko-biloba\/#breadcrumb","itemListElement":[{"@type":"ListItem","position":1,"name":"Accueil","item":"https:\/\/ajishop.ma\/"},{"@type":"ListItem","position":2,"name":"Magasin","item":"https:\/\/ajishop.ma\/shop\/"},{"@type":"ListItem","position":3,"name":"Ginko Biloba \/ \u062c\u064a\u0646\u0643\u0648 \u0628\u064a\u0644\u0648\u0628\u0627"}]},{"@type":"WebSite","@id":"https:\/\/ajishop.ma\/#website","url":"https:\/\/ajishop.ma\/","name":"AjiShop.ma","description":"Produits 100% naturels, Pour votre bien \u00eatre...","publisher":{"@id":"https:\/\/ajishop.ma\/#organization"},"potentialAction":[{"@type":"SearchAction","target":{"@type":"EntryPoint","urlTemplate":"https:\/\/ajishop.ma\/?s={search_term_string}"},"query-input":{"@type":"PropertyValueSpecification","valueRequired":true,"valueName":"search_term_string"}}],"inLanguage":"ar"},{"@type":"Organization","@id":"https:\/\/ajishop.ma\/#organization","name":"AjiShop.ma","url":"https:\/\/ajishop.ma\/","logo":{"@type":"ImageObject","inLanguage":"ar","@id":"https:\/\/ajishop.ma\/#\/schema\/logo\/image\/","url":"https:\/\/ajishop.ma\/wp-content\/uploads\/2024\/09\/AjiShop.ma-Horizontal-Logo-Green.png","contentUrl":"https:\/\/ajishop.ma\/wp-content\/uploads\/2024\/09\/AjiShop.ma-Horizontal-Logo-Green.png","width":1917,"height":276,"caption":"AjiShop.ma"},"image":{"@id":"https:\/\/ajishop.ma\/#\/schema\/logo\/image\/"}}]}},"_links":{"self":[{"href":"https:\/\/ajishop.ma\/ar\/wp-json\/wp\/v2\/product\/17187"}],"collection":[{"href":"https:\/\/ajishop.ma\/ar\/wp-json\/wp\/v2\/product"}],"about":[{"href":"https:\/\/ajishop.ma\/ar\/wp-json\/wp\/v2\/types\/product"}],"replies":[{"embeddable":true,"href":"https:\/\/ajishop.ma\/ar\/wp-json\/wp\/v2\/comments?post=17187"}],"version-history":[{"count":5,"href":"https:\/\/ajishop.ma\/ar\/wp-json\/wp\/v2\/product\/17187\/revisions"}],"predecessor-version":[{"id":17194,"href":"https:\/\/ajishop.ma\/ar\/wp-json\/wp\/v2\/product\/17187\/revisions\/17194"}],"wp:featuredmedia":[{"embeddable":true,"href":"https:\/\/ajishop.ma\/ar\/wp-json\/wp\/v2\/media\/17188"}],"wp:attachment":[{"href":"https:\/\/ajishop.ma\/ar\/wp-json\/wp\/v2\/media?parent=17187"}],"wp:term":[{"taxonomy":"product_cat","embeddable":true,"href":"https:\/\/ajishop.ma\/ar\/wp-json\/wp\/v2\/product_cat?post=17187"},{"taxonomy":"product_tag","embeddable":true,"href":"https:\/\/ajishop.ma\/ar\/wp-json\/wp\/v2\/product_tag?post=17187"}],"curies":[{"name":"wp","href":"https:\/\/api.w.org\/{rel}","templated":true}]}}