{"id":17197,"date":"2024-11-11T01:02:50","date_gmt":"2024-11-11T00:02:50","guid":{"rendered":"https:\/\/ajishop.ma\/?post_type=product&#038;p=17197"},"modified":"2024-11-15T01:01:59","modified_gmt":"2024-11-15T00:01:59","slug":"graines-de-tournesol","status":"publish","type":"product","link":"https:\/\/ajishop.ma\/ar\/shop\/herbes-et-apothicaire\/herbes\/graines-de-tournesol\/","title":{"rendered":"Graines de tournesol \/ \u0628\u0630\u0648\u0631 \u0646\u0648\u0627\u0631 \u0627\u0644\u0634\u0645\u0633"},"content":{"rendered":"<div data-elementor-type=\"wp-post\" data-elementor-id=\"17197\" class=\"elementor elementor-17197\">\n\t\t\t\t<div class=\"wd-negative-gap elementor-element elementor-element-883c768 e-flex e-con-boxed e-con e-parent\" data-id=\"883c768\" data-element_type=\"container\">\n\t\t\t\t\t<div class=\"e-con-inner\">\n\t\t\t\t<div class=\"elementor-element elementor-element-6aa56437 lang-fr color-scheme-inherit text-left elementor-widget elementor-widget-text-editor\" data-id=\"6aa56437\" data-element_type=\"widget\" data-widget_type=\"text-editor.default\">\n\t\t\t\t<div class=\"elementor-widget-container\">\n\t\t\t\t\t\t\t<strong><span>Graines de tournesol en grande quantit\u00e9 &#8211; la source est le tournesol<\/span><\/strong>\n<ul>\n \t<li><span>Doux et croquant<\/span><\/li>\n \t<li><span>Antioxydants<\/span><\/li>\n \t<li><span>Riche en vitamine E<\/span><\/li>\n<\/ul>\n<span>Comme les autres graines ol\u00e9agineuses, les graines de tournesol sont riches en fer et en fibres mais sont \u00e9galement une source d&#8217;acides gras polyinsatur\u00e9s qui prot\u00e8gent des maladies cardiovasculaires.<\/span><span>\u00a0Il est \u00e9galement riche en vitamine E et renforce le syst\u00e8me immunitaire.<\/span>\n\n<span>Les graines de tournesol aident \u00e9galement \u00e0 r\u00e9duire le mauvais cholest\u00e9rol et constituent \u00e9galement une prot\u00e9ine qui vous rassasie lorsque vous avez faim.<\/span>\n\n<span>Vous pouvez retrouver des graines de tournesol d\u00e9cortiqu\u00e9es dans notre m\u00e9lange \u00e0 salade !<\/span>\t\t\t\t\t\t<\/div>\n\t\t\t\t<\/div>\n\t\t\t\t\t<\/div>\n\t\t\t\t<\/div>\n\t\t<div class=\"wd-negative-gap elementor-element elementor-element-cb2d3de e-flex e-con-boxed e-con e-parent\" data-id=\"cb2d3de\" data-element_type=\"container\">\n\t\t\t\t\t<div class=\"e-con-inner\">\n\t\t\t\t<div class=\"elementor-element elementor-element-b777ca0 lang-ar color-scheme-inherit text-left elementor-widget elementor-widget-text-editor\" data-id=\"b777ca0\" data-element_type=\"widget\" data-widget_type=\"text-editor.default\">\n\t\t\t\t<div class=\"elementor-widget-container\">\n\t\t\t\t\t\t\t<p style=\"text-align: center\"><strong>\u0628\u0630\u0648\u0631<span style=\"font-size: 14pt\"> \u0639\u0628\u0627\u062f \u0627\u0644\u0634\u0645\u0633 \u0628\u0643\u0645\u064a\u0627\u062a \u0643\u0628\u064a\u0631\u0629 &#8211; \u0627\u0644\u0645\u0635\u062f\u0631 \u0646\u0648\u0631\u0629 \u0627\u0644\u0634\u0645\u0633<\/span><\/strong><\/p><ul style=\"text-align: center\"><li><span style=\"font-size: 14pt\">\u0646\u0627\u0639\u0645\u0629 \u0648\u0645\u0642\u0631\u0645\u0634\u0629<\/span><\/li><li><span style=\"font-size: 14pt\">\u0645\u0636\u0627\u062f\u0627\u062a \u0627\u0644\u0623\u0643\u0633\u062f\u0629<\/span><\/li><li><span style=\"font-size: 14pt\">\u063a\u0646\u064a \u0628\u0641\u064a\u062a\u0627\u0645\u064a\u0646 \u0647\u0640<\/span><\/li><\/ul><p style=\"text-align: center\"><span style=\"font-size: 14pt\">\u0645\u062b\u0644 \u0627\u0644\u0628\u0630\u0648\u0631 \u0627\u0644\u0632\u064a\u062a\u064a\u0629 \u0627\u0644\u0623\u062e\u0631\u0649\u060c \u0628\u0630\u0648\u0631 \u0639\u0628\u0627\u062f \u0627\u0644\u0634\u0645\u0633 \u063a\u0646\u064a\u0629 \u0628\u0627\u0644\u062d\u062f\u064a\u062f \u0648\u0627\u0644\u0623\u0644\u064a\u0627\u0641 \u0648\u0644\u0643\u0646\u0647\u0627 \u0623\u064a\u0636\u064b\u0627 \u0645\u0635\u062f\u0631 \u0644\u0644\u0623\u062d\u0645\u0627\u0636 \u0627\u0644\u062f\u0647\u0646\u064a\u0629 \u0627\u0644\u0645\u062a\u0639\u062f\u062f\u0629 \u063a\u064a\u0631 \u0627\u0644\u0645\u0634\u0628\u0639\u0629 \u0627\u0644\u062a\u064a \u062a\u062d\u0645\u064a \u0645\u0646 \u0623\u0645\u0631\u0627\u0636 \u0627\u0644\u0642\u0644\u0628 \u0648\u0627\u0644\u0623\u0648\u0639\u064a\u0629 \u0627\u0644\u062f\u0645\u0648\u064a\u0629.\u00a0\u0643\u0645\u0627 \u0623\u0646\u0647\u0627 \u063a\u0646\u064a\u0629 \u0628\u0641\u064a\u062a\u0627\u0645\u064a\u0646 E\u060c \u0643\u0645\u0627 \u0623\u0646\u0647\u0627 \u062a\u0642\u0648\u064a \u062c\u0647\u0627\u0632 \u0627\u0644\u0645\u0646\u0627\u0639\u0629.<\/span><\/p><p style=\"text-align: center\"><span style=\"font-size: 14pt\">\u062a\u0633\u0627\u0639\u062f \u0628\u0630\u0648\u0631 \u0639\u0628\u0627\u062f \u0627\u0644\u0634\u0645\u0633 \u0623\u064a\u0636\u064b\u0627 \u0639\u0644\u0649 \u062a\u0642\u0644\u064a\u0644 \u0646\u0633\u0628\u0629 \u0627\u0644\u0643\u0648\u0644\u064a\u0633\u062a\u0631\u0648\u0644 \u0627\u0644\u0633\u064a\u0626\u060c \u0648\u0647\u064a \u0623\u064a\u0636\u064b\u0627 \u0628\u0631\u0648\u062a\u064a\u0646 \u064a\u062c\u0639\u0644\u0643 \u062a\u0634\u0639\u0631 \u0628\u0627\u0644\u0634\u0628\u0639 \u0639\u0646\u062f\u0645\u0627 \u062a\u0634\u0639\u0631 \u0628\u0627\u0644\u062c\u0648\u0639.<\/span><\/p><p>\u064a\u0645\u0643\u0646\u0643 \u0627\u0644\u0639\u062b\u0648\u0631 \u0639\u0644\u0649 \u0628\u0630\u0648\u0631 \u0639\u0628\u0627\u062f \u0627\u0644\u0634\u0645\u0633 \u0627\u0644\u0645\u0642\u0634\u0631\u0629 \u0645\u0639 \u0645\u0632\u064a\u062c \u0627\u0644\u0633\u0644\u0637\u0629 \u0627\u0644\u0630\u064a \u0646\u0635\u0646\u0639\u0647!<\/p>\t\t\t\t\t\t<\/div>\n\t\t\t\t<\/div>\n\t\t\t\t\t<\/div>\n\t\t\t\t<\/div>\n\t\t\t\t<\/div>","protected":false},"excerpt":{"rendered":"<p>Graines de tournesol en grande quantit\u00e9 &#8211; la source est le tournesol Doux et croquant Antioxydants Riche en vitamine E<\/p>","protected":false},"featured_media":17198,"comment_status":"open","ping_status":"closed","template":"","meta":[],"product_cat":[32,75,76],"product_tag":[],"yoast_head":"<!-- This site is optimized with the Yoast SEO plugin v23.4 - https:\/\/yoast.com\/wordpress\/plugins\/seo\/ -->\n<title>Graines de tournesol \/ \u0628\u0630\u0648\u0631 \u0646\u0648\u0627\u0631 \u0627\u0644\u0634\u0645\u0633 - AjiShop.ma<\/title>\n<meta name=\"robots\" content=\"index, follow, max-snippet:-1, max-image-preview:large, max-video-preview:-1\" \/>\n<link rel=\"canonical\" href=\"https:\/\/ajishop.ma\/ar\/shop\/herbes-et-apothicaire\/herbes\/graines-de-tournesol\/\" \/>\n<meta property=\"og:locale\" content=\"ar_AR\" \/>\n<meta property=\"og:type\" content=\"article\" \/>\n<meta property=\"og:title\" content=\"Graines de tournesol \/ \u0628\u0630\u0648\u0631 \u0646\u0648\u0627\u0631 \u0627\u0644\u0634\u0645\u0633 - AjiShop.ma\" \/>\n<meta property=\"og:description\" content=\"Graines de tournesol en grande quantit\u00e9 &#8211; la source est le tournesol Doux et croquant Antioxydants Riche en vitamine E\" \/>\n<meta property=\"og:url\" content=\"https:\/\/ajishop.ma\/ar\/shop\/herbes-et-apothicaire\/herbes\/graines-de-tournesol\/\" \/>\n<meta property=\"og:site_name\" content=\"AjiShop.ma\" \/>\n<meta property=\"article:modified_time\" content=\"2024-11-15T00:01:59+00:00\" \/>\n<meta property=\"og:image\" content=\"https:\/\/ajishop.ma\/wp-content\/uploads\/2024\/11\/graine-de-tournesol-decortiquee.webp\" \/>\n\t<meta property=\"og:image:width\" content=\"600\" \/>\n\t<meta property=\"og:image:height\" content=\"601\" \/>\n\t<meta property=\"og:image:type\" content=\"image\/webp\" \/>\n<meta name=\"twitter:card\" content=\"summary_large_image\" \/>\n<meta name=\"twitter:label1\" content=\"\u0648\u0642\u062a \u0627\u0644\u0642\u0631\u0627\u0621\u0629 \u0627\u0644\u0645\u064f\u0642\u062f\u0651\u0631\" \/>\n\t<meta name=\"twitter:data1\" content=\"\u062f\u0642\u064a\u0642\u062a\u0627\u0646\" \/>\n<script type=\"application\/ld+json\" class=\"yoast-schema-graph\">{\"@context\":\"https:\/\/schema.org\",\"@graph\":[{\"@type\":\"WebPage\",\"@id\":\"https:\/\/ajishop.ma\/shop\/herbes-et-apothicaire\/herbes\/graines-de-tournesol\/\",\"url\":\"https:\/\/ajishop.ma\/shop\/herbes-et-apothicaire\/herbes\/graines-de-tournesol\/\",\"name\":\"Graines de tournesol \/ \u0628\u0630\u0648\u0631 \u0646\u0648\u0627\u0631 \u0627\u0644\u0634\u0645\u0633 - AjiShop.ma\",\"isPartOf\":{\"@id\":\"https:\/\/ajishop.ma\/#website\"},\"primaryImageOfPage\":{\"@id\":\"https:\/\/ajishop.ma\/shop\/herbes-et-apothicaire\/herbes\/graines-de-tournesol\/#primaryimage\"},\"image\":{\"@id\":\"https:\/\/ajishop.ma\/shop\/herbes-et-apothicaire\/herbes\/graines-de-tournesol\/#primaryimage\"},\"thumbnailUrl\":\"https:\/\/ajishop.ma\/wp-content\/uploads\/2024\/11\/graine-de-tournesol-decortiquee.webp\",\"datePublished\":\"2024-11-11T00:02:50+00:00\",\"dateModified\":\"2024-11-15T00:01:59+00:00\",\"breadcrumb\":{\"@id\":\"https:\/\/ajishop.ma\/shop\/herbes-et-apothicaire\/herbes\/graines-de-tournesol\/#breadcrumb\"},\"inLanguage\":\"ar\",\"potentialAction\":[{\"@type\":\"ReadAction\",\"target\":[\"https:\/\/ajishop.ma\/shop\/herbes-et-apothicaire\/herbes\/graines-de-tournesol\/\"]}]},{\"@type\":\"ImageObject\",\"inLanguage\":\"ar\",\"@id\":\"https:\/\/ajishop.ma\/shop\/herbes-et-apothicaire\/herbes\/graines-de-tournesol\/#primaryimage\",\"url\":\"https:\/\/ajishop.ma\/wp-content\/uploads\/2024\/11\/graine-de-tournesol-decortiquee.webp\",\"contentUrl\":\"https:\/\/ajishop.ma\/wp-content\/uploads\/2024\/11\/graine-de-tournesol-decortiquee.webp\",\"width\":600,\"height\":601},{\"@type\":\"BreadcrumbList\",\"@id\":\"https:\/\/ajishop.ma\/shop\/herbes-et-apothicaire\/herbes\/graines-de-tournesol\/#breadcrumb\",\"itemListElement\":[{\"@type\":\"ListItem\",\"position\":1,\"name\":\"Accueil\",\"item\":\"https:\/\/ajishop.ma\/\"},{\"@type\":\"ListItem\",\"position\":2,\"name\":\"Magasin\",\"item\":\"https:\/\/ajishop.ma\/shop\/\"},{\"@type\":\"ListItem\",\"position\":3,\"name\":\"Graines de tournesol \/ \u0628\u0630\u0648\u0631 \u0646\u0648\u0627\u0631 \u0627\u0644\u0634\u0645\u0633\"}]},{\"@type\":\"WebSite\",\"@id\":\"https:\/\/ajishop.ma\/#website\",\"url\":\"https:\/\/ajishop.ma\/\",\"name\":\"AjiShop.ma\",\"description\":\"Produits 100% naturels, Pour votre bien \u00eatre...\",\"publisher\":{\"@id\":\"https:\/\/ajishop.ma\/#organization\"},\"potentialAction\":[{\"@type\":\"SearchAction\",\"target\":{\"@type\":\"EntryPoint\",\"urlTemplate\":\"https:\/\/ajishop.ma\/?s={search_term_string}\"},\"query-input\":{\"@type\":\"PropertyValueSpecification\",\"valueRequired\":true,\"valueName\":\"search_term_string\"}}],\"inLanguage\":\"ar\"},{\"@type\":\"Organization\",\"@id\":\"https:\/\/ajishop.ma\/#organization\",\"name\":\"AjiShop.ma\",\"url\":\"https:\/\/ajishop.ma\/\",\"logo\":{\"@type\":\"ImageObject\",\"inLanguage\":\"ar\",\"@id\":\"https:\/\/ajishop.ma\/#\/schema\/logo\/image\/\",\"url\":\"https:\/\/ajishop.ma\/wp-content\/uploads\/2024\/09\/AjiShop.ma-Horizontal-Logo-Green.png\",\"contentUrl\":\"https:\/\/ajishop.ma\/wp-content\/uploads\/2024\/09\/AjiShop.ma-Horizontal-Logo-Green.png\",\"width\":1917,\"height\":276,\"caption\":\"AjiShop.ma\"},\"image\":{\"@id\":\"https:\/\/ajishop.ma\/#\/schema\/logo\/image\/\"}}]}<\/script>\n<!-- \/ Yoast SEO plugin. -->","yoast_head_json":{"title":"Graines de tournesol \/ \u0628\u0630\u0648\u0631 \u0646\u0648\u0627\u0631 \u0627\u0644\u0634\u0645\u0633 - AjiShop.ma","robots":{"index":"index","follow":"follow","max-snippet":"max-snippet:-1","max-image-preview":"max-image-preview:large","max-video-preview":"max-video-preview:-1"},"canonical":"https:\/\/ajishop.ma\/ar\/shop\/herbes-et-apothicaire\/herbes\/graines-de-tournesol\/","og_locale":"ar_AR","og_type":"article","og_title":"Graines de tournesol \/ \u0628\u0630\u0648\u0631 \u0646\u0648\u0627\u0631 \u0627\u0644\u0634\u0645\u0633 - AjiShop.ma","og_description":"Graines de tournesol en grande quantit\u00e9 &#8211; la source est le tournesol Doux et croquant Antioxydants Riche en vitamine E","og_url":"https:\/\/ajishop.ma\/ar\/shop\/herbes-et-apothicaire\/herbes\/graines-de-tournesol\/","og_site_name":"AjiShop.ma","article_modified_time":"2024-11-15T00:01:59+00:00","og_image":[{"width":600,"height":601,"url":"https:\/\/ajishop.ma\/wp-content\/uploads\/2024\/11\/graine-de-tournesol-decortiquee.webp","type":"image\/webp"}],"twitter_card":"summary_large_image","twitter_misc":{"\u0648\u0642\u062a \u0627\u0644\u0642\u0631\u0627\u0621\u0629 \u0627\u0644\u0645\u064f\u0642\u062f\u0651\u0631":"\u062f\u0642\u064a\u0642\u062a\u0627\u0646"},"schema":{"@context":"https:\/\/schema.org","@graph":[{"@type":"WebPage","@id":"https:\/\/ajishop.ma\/shop\/herbes-et-apothicaire\/herbes\/graines-de-tournesol\/","url":"https:\/\/ajishop.ma\/shop\/herbes-et-apothicaire\/herbes\/graines-de-tournesol\/","name":"Graines de tournesol \/ \u0628\u0630\u0648\u0631 \u0646\u0648\u0627\u0631 \u0627\u0644\u0634\u0645\u0633 - AjiShop.ma","isPartOf":{"@id":"https:\/\/ajishop.ma\/#website"},"primaryImageOfPage":{"@id":"https:\/\/ajishop.ma\/shop\/herbes-et-apothicaire\/herbes\/graines-de-tournesol\/#primaryimage"},"image":{"@id":"https:\/\/ajishop.ma\/shop\/herbes-et-apothicaire\/herbes\/graines-de-tournesol\/#primaryimage"},"thumbnailUrl":"https:\/\/ajishop.ma\/wp-content\/uploads\/2024\/11\/graine-de-tournesol-decortiquee.webp","datePublished":"2024-11-11T00:02:50+00:00","dateModified":"2024-11-15T00:01:59+00:00","breadcrumb":{"@id":"https:\/\/ajishop.ma\/shop\/herbes-et-apothicaire\/herbes\/graines-de-tournesol\/#breadcrumb"},"inLanguage":"ar","potentialAction":[{"@type":"ReadAction","target":["https:\/\/ajishop.ma\/shop\/herbes-et-apothicaire\/herbes\/graines-de-tournesol\/"]}]},{"@type":"ImageObject","inLanguage":"ar","@id":"https:\/\/ajishop.ma\/shop\/herbes-et-apothicaire\/herbes\/graines-de-tournesol\/#primaryimage","url":"https:\/\/ajishop.ma\/wp-content\/uploads\/2024\/11\/graine-de-tournesol-decortiquee.webp","contentUrl":"https:\/\/ajishop.ma\/wp-content\/uploads\/2024\/11\/graine-de-tournesol-decortiquee.webp","width":600,"height":601},{"@type":"BreadcrumbList","@id":"https:\/\/ajishop.ma\/shop\/herbes-et-apothicaire\/herbes\/graines-de-tournesol\/#breadcrumb","itemListElement":[{"@type":"ListItem","position":1,"name":"Accueil","item":"https:\/\/ajishop.ma\/"},{"@type":"ListItem","position":2,"name":"Magasin","item":"https:\/\/ajishop.ma\/shop\/"},{"@type":"ListItem","position":3,"name":"Graines de tournesol \/ \u0628\u0630\u0648\u0631 \u0646\u0648\u0627\u0631 \u0627\u0644\u0634\u0645\u0633"}]},{"@type":"WebSite","@id":"https:\/\/ajishop.ma\/#website","url":"https:\/\/ajishop.ma\/","name":"AjiShop.ma","description":"Produits 100% naturels, Pour votre bien \u00eatre...","publisher":{"@id":"https:\/\/ajishop.ma\/#organization"},"potentialAction":[{"@type":"SearchAction","target":{"@type":"EntryPoint","urlTemplate":"https:\/\/ajishop.ma\/?s={search_term_string}"},"query-input":{"@type":"PropertyValueSpecification","valueRequired":true,"valueName":"search_term_string"}}],"inLanguage":"ar"},{"@type":"Organization","@id":"https:\/\/ajishop.ma\/#organization","name":"AjiShop.ma","url":"https:\/\/ajishop.ma\/","logo":{"@type":"ImageObject","inLanguage":"ar","@id":"https:\/\/ajishop.ma\/#\/schema\/logo\/image\/","url":"https:\/\/ajishop.ma\/wp-content\/uploads\/2024\/09\/AjiShop.ma-Horizontal-Logo-Green.png","contentUrl":"https:\/\/ajishop.ma\/wp-content\/uploads\/2024\/09\/AjiShop.ma-Horizontal-Logo-Green.png","width":1917,"height":276,"caption":"AjiShop.ma"},"image":{"@id":"https:\/\/ajishop.ma\/#\/schema\/logo\/image\/"}}]}},"_links":{"self":[{"href":"https:\/\/ajishop.ma\/ar\/wp-json\/wp\/v2\/product\/17197"}],"collection":[{"href":"https:\/\/ajishop.ma\/ar\/wp-json\/wp\/v2\/product"}],"about":[{"href":"https:\/\/ajishop.ma\/ar\/wp-json\/wp\/v2\/types\/product"}],"replies":[{"embeddable":true,"href":"https:\/\/ajishop.ma\/ar\/wp-json\/wp\/v2\/comments?post=17197"}],"version-history":[{"count":10,"href":"https:\/\/ajishop.ma\/ar\/wp-json\/wp\/v2\/product\/17197\/revisions"}],"predecessor-version":[{"id":17208,"href":"https:\/\/ajishop.ma\/ar\/wp-json\/wp\/v2\/product\/17197\/revisions\/17208"}],"wp:featuredmedia":[{"embeddable":true,"href":"https:\/\/ajishop.ma\/ar\/wp-json\/wp\/v2\/media\/17198"}],"wp:attachment":[{"href":"https:\/\/ajishop.ma\/ar\/wp-json\/wp\/v2\/media?parent=17197"}],"wp:term":[{"taxonomy":"product_cat","embeddable":true,"href":"https:\/\/ajishop.ma\/ar\/wp-json\/wp\/v2\/product_cat?post=17197"},{"taxonomy":"product_tag","embeddable":true,"href":"https:\/\/ajishop.ma\/ar\/wp-json\/wp\/v2\/product_tag?post=17197"}],"curies":[{"name":"wp","href":"https:\/\/api.w.org\/{rel}","templated":true}]}}