{"id":17209,"date":"2024-11-11T01:08:20","date_gmt":"2024-11-11T00:08:20","guid":{"rendered":"https:\/\/ajishop.ma\/?post_type=product&#038;p=17209"},"modified":"2025-10-01T00:38:32","modified_gmt":"2025-09-30T23:38:32","slug":"graines-de-citrouille","status":"publish","type":"product","link":"https:\/\/ajishop.ma\/ar\/shop\/herbes-et-apothicaire\/herbes\/graines-de-citrouille\/","title":{"rendered":"Graines de citrouille \/ \u0628\u0630\u0648\u0631 \u0627\u0644\u064a\u0642\u0637\u064a\u0646"},"content":{"rendered":"<div data-elementor-type=\"wp-post\" data-elementor-id=\"17209\" class=\"elementor elementor-17209\">\n\t\t\t\t<div class=\"wd-negative-gap elementor-element elementor-element-4662ea8f lang-fr e-flex e-con-boxed e-con e-parent\" data-id=\"4662ea8f\" data-element_type=\"container\">\n\t\t\t\t\t<div class=\"e-con-inner\">\n\t\t\t\t<div class=\"elementor-element elementor-element-2db3b67e color-scheme-inherit text-left elementor-widget elementor-widget-text-editor\" data-id=\"2db3b67e\" data-element_type=\"widget\" data-widget_type=\"text-editor.default\">\n\t\t\t\t<div class=\"elementor-widget-container\">\n\t\t\t\t\t\t\t<p class=\"product__text inline-richtext caption-with-letter-spacing\"><span>Installation:<\/span><\/p>\r\n\r\n<div class=\"product__description rte quick-add-hidden\">\r\n\r\n<strong><span>Graines de courge ou\u00a0<\/span><span>graines\u00a0<\/span><span>de courge<\/span><span>\u00a0d\u00e9cortiqu\u00e9es :<\/span><\/strong>\r\n<ul>\r\n \t<li><span>Non r\u00f4ti\/non sal\u00e9<\/span><\/li>\r\n \t<li><span>Riche en magn\u00e9sium<\/span><\/li>\r\n \t<li><span>Nourrissante et tonique<\/span><\/li>\r\n<\/ul>\r\n<strong><span>Avantages des graines de citrouille<\/span><\/strong>\r\n\r\n<span>Les graines de citrouille extraites du potiron aident \u00e0 lutter contre la fatigue et l\u2019an\u00e9mie.<\/span>\r\n\r\n<span>Source de magn\u00e9sium, c&#8217;est une solution naturelle pour r\u00e9duire le stress et l&#8217;anxi\u00e9t\u00e9 ainsi que le syndrome pr\u00e9menstruel.<\/span>\r\n\r\n<span>Gr\u00e2ce \u00e0 leur tr\u00e8s forte teneur en fibres, ces petites graines sont un tr\u00e8s bon rem\u00e8de contre le transit lent et la constipation chronique.<\/span>\r\n\r\n<span>Les graines de citrouille sont une source importante de fer. Un paquet de 28 grammes de graines de citrouille peut fournir environ 5 % de l&#8217;apport quotidien recommand\u00e9.<\/span>\r\n<span>Les graines de citrouille peuvent \u00e9galement fournir une dose \u00e9lev\u00e9e de fibres. Chaque 28 grammes de graines de citrouille peut fournir 5 grammes de fibres, soit 20 % de l&#8217;apport quotidien recommand\u00e9. En plus de soulager la faim, les fibres peuvent \u00e9galement favoriser une digestion saine et aider \u00e0 r\u00e9guler la fonction intestinale.<\/span><strong>\u00a0<\/strong>\r\n\r\n<strong><span>Am\u00e9liorer l&#8217;\u00e9tat g\u00e9n\u00e9ral de la prostate<\/span><\/strong>\r\n\r\n<\/div>\t\t\t\t\t\t<\/div>\n\t\t\t\t<\/div>\n\t\t\t\t\t<\/div>\n\t\t\t\t<\/div>\n\t\t<div class=\"wd-negative-gap elementor-element elementor-element-263cd99 e-flex e-con-boxed e-con e-parent\" data-id=\"263cd99\" data-element_type=\"container\">\n\t\t\t\t\t<div class=\"e-con-inner\">\n\t\t\t\t<div class=\"elementor-element elementor-element-6d0f3f0 lang-ar color-scheme-inherit text-left elementor-widget elementor-widget-text-editor\" data-id=\"6d0f3f0\" data-element_type=\"widget\" data-widget_type=\"text-editor.default\">\n\t\t\t\t<div class=\"elementor-widget-container\">\n\t\t\t\t\t\t\t<p class=\"product__text inline-richtext caption-with-letter-spacing\" style=\"text-align: center\">\u0627\u0644\u062a\u0631\u0643\u064a\u0628:<\/p><div class=\"product__description rte quick-add-hidden\"><p style=\"text-align: center\"><span style=\"font-size: 14pt\"><strong>\u0628\u0630\u0648\u0631 \u0627\u0644\u064a\u0642\u0637\u064a\u0646 \u0627\u0644\u0645\u0642\u0634\u0631\u0629 \u0623\u0648\u00a0\u0628\u0630\u0648\u0631\u00a0\u0627\u0644\u0642\u0631\u0639\u00a0:<\/strong><\/span><\/p><ul style=\"text-align: center\"><li><span style=\"font-size: 14pt\"><strong>\u063a\u064a\u0631 \u0645\u062d\u0645\u0635 \/ \u063a\u064a\u0631 \u0645\u0645\u0644\u062d<\/strong><\/span><\/li><li><span style=\"font-size: 14pt\"><strong>\u063a\u0646\u064a \u0628\u0627\u0644\u0645\u063a\u0646\u064a\u0633\u064a\u0648\u0645<\/strong><\/span><\/li><li><span style=\"font-size: 14pt\"><strong>\u0645\u063a\u0630\u064a \u0648\u0645\u0646\u0634\u0637<\/strong><\/span><\/li><\/ul><p style=\"text-align: center\"><span style=\"font-size: 14pt\"><strong>\u0641\u0648\u0627\u0626\u062f \u0628\u0630\u0648\u0631 \u0627\u0644\u064a\u0642\u0637\u064a\u0646<\/strong><\/span><\/p><p style=\"text-align: center\"><span style=\"font-size: 14pt\"><strong>\u062a\u0633\u0627\u0639\u062f \u0628\u0630\u0648\u0631 \u0627\u0644\u064a\u0642\u0637\u064a\u0646 \u0627\u0644\u0645\u0633\u062a\u062e\u0631\u062c\u0629 \u0645\u0646 \u0627\u0644\u064a\u0642\u0637\u064a\u0646 \u0639\u0644\u0649 \u0645\u062d\u0627\u0631\u0628\u0629 \u0627\u0644\u062a\u0639\u0628 \u0648\u0641\u0642\u0631 \u0627\u0644\u062f\u0645.<\/strong><\/span><\/p><p style=\"text-align: center\"><span style=\"font-size: 14pt\"><strong>\u0645\u0635\u062f\u0631 \u0644\u0644\u0645\u063a\u0646\u064a\u0633\u064a\u0648\u0645\u060c \u0641\u0647\u0648 \u062d\u0644 \u0637\u0628\u064a\u0639\u064a \u0644\u062a\u0642\u0644\u064a\u0644 \u0627\u0644\u062a\u0648\u062a\u0631 \u0648\u0627\u0644\u0642\u0644\u0642 \u0648\u0643\u0630\u0644\u0643 \u0645\u062a\u0644\u0627\u0632\u0645\u0627\u062a \u0645\u0627 \u0642\u0628\u0644 \u0627\u0644\u062d\u064a\u0636.<\/strong><\/span><\/p><p style=\"text-align: center\"><span style=\"font-size: 14pt\"><strong>\u0628\u0641\u0636\u0644 \u0645\u062d\u062a\u0648\u0627\u0647\u0627 \u0627\u0644\u0639\u0627\u0644\u064a \u062c\u062f\u064b\u0627 \u0645\u0646 \u0627\u0644\u0623\u0644\u064a\u0627\u0641\u060c \u062a\u0639\u062f \u0647\u0630\u0647 \u0627\u0644\u0628\u0630\u0648\u0631 \u0627\u0644\u0635\u063a\u064a\u0631\u0629 \u0639\u0644\u0627\u062c\u064b\u0627 \u062c\u064a\u062f\u064b\u0627 \u062c\u062f\u064b\u0627 \u0644\u0628\u0637\u0621 \u0627\u0644\u0639\u0628\u0648\u0631 \u0648\u0627\u0644\u0625\u0645\u0633\u0627\u0643 \u0627\u0644\u0645\u0632\u0645\u0646.<\/strong><\/span><\/p><p style=\"text-align: center\"><span style=\"font-size: 14pt\"><strong>\u0628\u0630\u0648\u0631 \u0627\u0644\u064a\u0642\u0637\u064a\u0646 \u0647\u064a \u0645\u0635\u062f\u0631 \u0645\u0647\u0645 \u0644\u0644\u062d\u062f\u064a\u062f. \u064a\u0645\u0643\u0646 \u0644\u062d\u0632\u0645\u0629 28 \u062c\u0631\u0627\u0645 \u0645\u0646 \u0628\u0630\u0648\u0631 \u0627\u0644\u064a\u0642\u0637\u064a\u0646 \u0623\u0646 \u062a\u0648\u0641\u0631 \u0645\u0627 \u064a\u0642\u0631\u0628 \u0645\u0646 5% \u0645\u0646 \u0627\u0644\u0627\u0633\u062a\u0647\u0644\u0627\u0643 \u0627\u0644\u064a\u0648\u0645\u064a \u0627\u0644\u0645\u0648\u0635\u0649 \u0628\u0647.<\/strong><\/span><br \/><span style=\"font-size: 14pt\"><strong>\u064a\u0645\u0643\u0646 \u0623\u0646 \u062a\u0648\u0641\u0631 \u0628\u0630\u0648\u0631 \u0627\u0644\u064a\u0642\u0637\u064a\u0646 \u0623\u064a\u0636\u064b\u0627 \u062c\u0631\u0639\u0629 \u0639\u0627\u0644\u064a\u0629 \u0645\u0646 \u0627\u0644\u0623\u0644\u064a\u0627\u0641\u060c \u0641\u0643\u0644 28 \u062c\u0631\u0627\u0645\u064b\u0627 \u0645\u0646 \u0628\u0630\u0648\u0631 \u0627\u0644\u064a\u0642\u0637\u064a\u0646 \u064a\u0645\u0643\u0646 \u0623\u0646 \u062a\u0648\u0641\u0631 5 \u062c\u0631\u0627\u0645\u064b\u0627 \u0645\u0646 \u0627\u0644\u0623\u0644\u064a\u0627\u0641\u060c \u0623\u0648 20\u066a \u0645\u0646 \u0627\u0644\u0627\u0633\u062a\u0647\u0644\u0627\u0643 \u0627\u0644\u064a\u0648\u0645\u064a \u0627\u0644\u0645\u0648\u0635\u0649 \u0628\u0647. \u0628\u0627\u0644\u0625\u0636\u0627\u0641\u0629 \u0625\u0644\u0649 \u062a\u062e\u0641\u064a\u0641 \u0627\u0644\u062c\u0648\u0639\u060c \u064a\u0645\u0643\u0646 \u0644\u0644\u0623\u0644\u064a\u0627\u0641 \u0623\u064a\u0636\u064b\u0627 \u0623\u0646 \u062a\u062f\u0639\u0645 \u0627\u0644\u0647\u0636\u0645 \u0627\u0644\u0635\u062d\u064a \u0648\u062a\u0633\u0627\u0639\u062f \u0641\u064a \u062a\u0646\u0638\u064a\u0645 \u0648\u0638\u064a\u0641\u0629 \u0627\u0644\u0623\u0645\u0639\u0627\u0621.\u00a0<\/strong><\/span><\/p><p style=\"text-align: center\"><span style=\"font-size: 14pt\"><strong>\u062a\u062d\u0633\u064a\u0646 \u0627\u0644\u062d\u0627\u0644\u0629 \u0627\u0644\u0639\u0627\u0645\u0629 \u0644\u0644\u0628\u0631\u0648\u0633\u062a\u0627\u062a\u0627<\/strong><\/span><\/p><\/div>\t\t\t\t\t\t<\/div>\n\t\t\t\t<\/div>\n\t\t\t\t\t<\/div>\n\t\t\t\t<\/div>\n\t\t\t\t<\/div>","protected":false},"excerpt":{"rendered":"<p>Installation: Graines de courge ou\u00a0graines\u00a0de courge\u00a0d\u00e9cortiqu\u00e9es : Non r\u00f4ti\/non sal\u00e9 Riche en magn\u00e9sium Nourrissante et tonique Avantages des graines de<\/p>","protected":false},"featured_media":17210,"comment_status":"open","ping_status":"closed","template":"","meta":[],"product_cat":[32,75,76],"product_tag":[],"yoast_head":"<!-- This site is optimized with the Yoast SEO plugin v23.4 - https:\/\/yoast.com\/wordpress\/plugins\/seo\/ -->\n<title>Graines de citrouille \/ \u0628\u0630\u0648\u0631 \u0627\u0644\u064a\u0642\u0637\u064a\u0646 - AjiShop.ma<\/title>\n<meta name=\"robots\" content=\"index, follow, max-snippet:-1, max-image-preview:large, max-video-preview:-1\" \/>\n<link rel=\"canonical\" href=\"https:\/\/ajishop.ma\/ar\/shop\/herbes-et-apothicaire\/herbes\/graines-de-citrouille\/\" \/>\n<meta property=\"og:locale\" content=\"ar_AR\" \/>\n<meta property=\"og:type\" content=\"article\" \/>\n<meta property=\"og:title\" content=\"Graines de citrouille \/ \u0628\u0630\u0648\u0631 \u0627\u0644\u064a\u0642\u0637\u064a\u0646 - AjiShop.ma\" \/>\n<meta property=\"og:description\" content=\"Installation: Graines de courge ou\u00a0graines\u00a0de courge\u00a0d\u00e9cortiqu\u00e9es : Non r\u00f4ti\/non sal\u00e9 Riche en magn\u00e9sium Nourrissante et tonique Avantages des graines de\" \/>\n<meta property=\"og:url\" content=\"https:\/\/ajishop.ma\/ar\/shop\/herbes-et-apothicaire\/herbes\/graines-de-citrouille\/\" \/>\n<meta property=\"og:site_name\" content=\"AjiShop.ma\" \/>\n<meta property=\"article:modified_time\" content=\"2025-09-30T23:38:32+00:00\" \/>\n<meta property=\"og:image\" content=\"https:\/\/ajishop.ma\/wp-content\/uploads\/2024\/11\/graine-de-courge-decortiquee.webp\" \/>\n\t<meta property=\"og:image:width\" content=\"600\" \/>\n\t<meta property=\"og:image:height\" content=\"597\" \/>\n\t<meta property=\"og:image:type\" content=\"image\/webp\" \/>\n<meta name=\"twitter:card\" content=\"summary_large_image\" \/>\n<meta name=\"twitter:label1\" content=\"\u0648\u0642\u062a \u0627\u0644\u0642\u0631\u0627\u0621\u0629 \u0627\u0644\u0645\u064f\u0642\u062f\u0651\u0631\" \/>\n\t<meta name=\"twitter:data1\" content=\"\u062f\u0642\u064a\u0642\u062a\u0627\u0646\" \/>\n<script type=\"application\/ld+json\" class=\"yoast-schema-graph\">{\"@context\":\"https:\/\/schema.org\",\"@graph\":[{\"@type\":\"WebPage\",\"@id\":\"https:\/\/ajishop.ma\/shop\/herbes-et-apothicaire\/herbes\/graines-de-citrouille\/\",\"url\":\"https:\/\/ajishop.ma\/shop\/herbes-et-apothicaire\/herbes\/graines-de-citrouille\/\",\"name\":\"Graines de citrouille \/ \u0628\u0630\u0648\u0631 \u0627\u0644\u064a\u0642\u0637\u064a\u0646 - AjiShop.ma\",\"isPartOf\":{\"@id\":\"https:\/\/ajishop.ma\/#website\"},\"primaryImageOfPage\":{\"@id\":\"https:\/\/ajishop.ma\/shop\/herbes-et-apothicaire\/herbes\/graines-de-citrouille\/#primaryimage\"},\"image\":{\"@id\":\"https:\/\/ajishop.ma\/shop\/herbes-et-apothicaire\/herbes\/graines-de-citrouille\/#primaryimage\"},\"thumbnailUrl\":\"https:\/\/ajishop.ma\/wp-content\/uploads\/2024\/11\/graine-de-courge-decortiquee.webp\",\"datePublished\":\"2024-11-11T00:08:20+00:00\",\"dateModified\":\"2025-09-30T23:38:32+00:00\",\"breadcrumb\":{\"@id\":\"https:\/\/ajishop.ma\/shop\/herbes-et-apothicaire\/herbes\/graines-de-citrouille\/#breadcrumb\"},\"inLanguage\":\"ar\",\"potentialAction\":[{\"@type\":\"ReadAction\",\"target\":[\"https:\/\/ajishop.ma\/shop\/herbes-et-apothicaire\/herbes\/graines-de-citrouille\/\"]}]},{\"@type\":\"ImageObject\",\"inLanguage\":\"ar\",\"@id\":\"https:\/\/ajishop.ma\/shop\/herbes-et-apothicaire\/herbes\/graines-de-citrouille\/#primaryimage\",\"url\":\"https:\/\/ajishop.ma\/wp-content\/uploads\/2024\/11\/graine-de-courge-decortiquee.webp\",\"contentUrl\":\"https:\/\/ajishop.ma\/wp-content\/uploads\/2024\/11\/graine-de-courge-decortiquee.webp\",\"width\":600,\"height\":597},{\"@type\":\"BreadcrumbList\",\"@id\":\"https:\/\/ajishop.ma\/shop\/herbes-et-apothicaire\/herbes\/graines-de-citrouille\/#breadcrumb\",\"itemListElement\":[{\"@type\":\"ListItem\",\"position\":1,\"name\":\"Accueil\",\"item\":\"https:\/\/ajishop.ma\/\"},{\"@type\":\"ListItem\",\"position\":2,\"name\":\"Magasin\",\"item\":\"https:\/\/ajishop.ma\/shop\/\"},{\"@type\":\"ListItem\",\"position\":3,\"name\":\"Graines de citrouille \/ \u0628\u0630\u0648\u0631 \u0627\u0644\u064a\u0642\u0637\u064a\u0646\"}]},{\"@type\":\"WebSite\",\"@id\":\"https:\/\/ajishop.ma\/#website\",\"url\":\"https:\/\/ajishop.ma\/\",\"name\":\"AjiShop.ma\",\"description\":\"Produits 100% naturels, Pour votre bien \u00eatre...\",\"publisher\":{\"@id\":\"https:\/\/ajishop.ma\/#organization\"},\"potentialAction\":[{\"@type\":\"SearchAction\",\"target\":{\"@type\":\"EntryPoint\",\"urlTemplate\":\"https:\/\/ajishop.ma\/?s={search_term_string}\"},\"query-input\":{\"@type\":\"PropertyValueSpecification\",\"valueRequired\":true,\"valueName\":\"search_term_string\"}}],\"inLanguage\":\"ar\"},{\"@type\":\"Organization\",\"@id\":\"https:\/\/ajishop.ma\/#organization\",\"name\":\"AjiShop.ma\",\"url\":\"https:\/\/ajishop.ma\/\",\"logo\":{\"@type\":\"ImageObject\",\"inLanguage\":\"ar\",\"@id\":\"https:\/\/ajishop.ma\/#\/schema\/logo\/image\/\",\"url\":\"https:\/\/ajishop.ma\/wp-content\/uploads\/2024\/09\/AjiShop.ma-Horizontal-Logo-Green.png\",\"contentUrl\":\"https:\/\/ajishop.ma\/wp-content\/uploads\/2024\/09\/AjiShop.ma-Horizontal-Logo-Green.png\",\"width\":1917,\"height\":276,\"caption\":\"AjiShop.ma\"},\"image\":{\"@id\":\"https:\/\/ajishop.ma\/#\/schema\/logo\/image\/\"}}]}<\/script>\n<!-- \/ Yoast SEO plugin. -->","yoast_head_json":{"title":"Graines de citrouille \/ \u0628\u0630\u0648\u0631 \u0627\u0644\u064a\u0642\u0637\u064a\u0646 - AjiShop.ma","robots":{"index":"index","follow":"follow","max-snippet":"max-snippet:-1","max-image-preview":"max-image-preview:large","max-video-preview":"max-video-preview:-1"},"canonical":"https:\/\/ajishop.ma\/ar\/shop\/herbes-et-apothicaire\/herbes\/graines-de-citrouille\/","og_locale":"ar_AR","og_type":"article","og_title":"Graines de citrouille \/ \u0628\u0630\u0648\u0631 \u0627\u0644\u064a\u0642\u0637\u064a\u0646 - AjiShop.ma","og_description":"Installation: Graines de courge ou\u00a0graines\u00a0de courge\u00a0d\u00e9cortiqu\u00e9es : Non r\u00f4ti\/non sal\u00e9 Riche en magn\u00e9sium Nourrissante et tonique Avantages des graines de","og_url":"https:\/\/ajishop.ma\/ar\/shop\/herbes-et-apothicaire\/herbes\/graines-de-citrouille\/","og_site_name":"AjiShop.ma","article_modified_time":"2025-09-30T23:38:32+00:00","og_image":[{"width":600,"height":597,"url":"https:\/\/ajishop.ma\/wp-content\/uploads\/2024\/11\/graine-de-courge-decortiquee.webp","type":"image\/webp"}],"twitter_card":"summary_large_image","twitter_misc":{"\u0648\u0642\u062a \u0627\u0644\u0642\u0631\u0627\u0621\u0629 \u0627\u0644\u0645\u064f\u0642\u062f\u0651\u0631":"\u062f\u0642\u064a\u0642\u062a\u0627\u0646"},"schema":{"@context":"https:\/\/schema.org","@graph":[{"@type":"WebPage","@id":"https:\/\/ajishop.ma\/shop\/herbes-et-apothicaire\/herbes\/graines-de-citrouille\/","url":"https:\/\/ajishop.ma\/shop\/herbes-et-apothicaire\/herbes\/graines-de-citrouille\/","name":"Graines de citrouille \/ \u0628\u0630\u0648\u0631 \u0627\u0644\u064a\u0642\u0637\u064a\u0646 - AjiShop.ma","isPartOf":{"@id":"https:\/\/ajishop.ma\/#website"},"primaryImageOfPage":{"@id":"https:\/\/ajishop.ma\/shop\/herbes-et-apothicaire\/herbes\/graines-de-citrouille\/#primaryimage"},"image":{"@id":"https:\/\/ajishop.ma\/shop\/herbes-et-apothicaire\/herbes\/graines-de-citrouille\/#primaryimage"},"thumbnailUrl":"https:\/\/ajishop.ma\/wp-content\/uploads\/2024\/11\/graine-de-courge-decortiquee.webp","datePublished":"2024-11-11T00:08:20+00:00","dateModified":"2025-09-30T23:38:32+00:00","breadcrumb":{"@id":"https:\/\/ajishop.ma\/shop\/herbes-et-apothicaire\/herbes\/graines-de-citrouille\/#breadcrumb"},"inLanguage":"ar","potentialAction":[{"@type":"ReadAction","target":["https:\/\/ajishop.ma\/shop\/herbes-et-apothicaire\/herbes\/graines-de-citrouille\/"]}]},{"@type":"ImageObject","inLanguage":"ar","@id":"https:\/\/ajishop.ma\/shop\/herbes-et-apothicaire\/herbes\/graines-de-citrouille\/#primaryimage","url":"https:\/\/ajishop.ma\/wp-content\/uploads\/2024\/11\/graine-de-courge-decortiquee.webp","contentUrl":"https:\/\/ajishop.ma\/wp-content\/uploads\/2024\/11\/graine-de-courge-decortiquee.webp","width":600,"height":597},{"@type":"BreadcrumbList","@id":"https:\/\/ajishop.ma\/shop\/herbes-et-apothicaire\/herbes\/graines-de-citrouille\/#breadcrumb","itemListElement":[{"@type":"ListItem","position":1,"name":"Accueil","item":"https:\/\/ajishop.ma\/"},{"@type":"ListItem","position":2,"name":"Magasin","item":"https:\/\/ajishop.ma\/shop\/"},{"@type":"ListItem","position":3,"name":"Graines de citrouille \/ \u0628\u0630\u0648\u0631 \u0627\u0644\u064a\u0642\u0637\u064a\u0646"}]},{"@type":"WebSite","@id":"https:\/\/ajishop.ma\/#website","url":"https:\/\/ajishop.ma\/","name":"AjiShop.ma","description":"Produits 100% naturels, Pour votre bien \u00eatre...","publisher":{"@id":"https:\/\/ajishop.ma\/#organization"},"potentialAction":[{"@type":"SearchAction","target":{"@type":"EntryPoint","urlTemplate":"https:\/\/ajishop.ma\/?s={search_term_string}"},"query-input":{"@type":"PropertyValueSpecification","valueRequired":true,"valueName":"search_term_string"}}],"inLanguage":"ar"},{"@type":"Organization","@id":"https:\/\/ajishop.ma\/#organization","name":"AjiShop.ma","url":"https:\/\/ajishop.ma\/","logo":{"@type":"ImageObject","inLanguage":"ar","@id":"https:\/\/ajishop.ma\/#\/schema\/logo\/image\/","url":"https:\/\/ajishop.ma\/wp-content\/uploads\/2024\/09\/AjiShop.ma-Horizontal-Logo-Green.png","contentUrl":"https:\/\/ajishop.ma\/wp-content\/uploads\/2024\/09\/AjiShop.ma-Horizontal-Logo-Green.png","width":1917,"height":276,"caption":"AjiShop.ma"},"image":{"@id":"https:\/\/ajishop.ma\/#\/schema\/logo\/image\/"}}]}},"_links":{"self":[{"href":"https:\/\/ajishop.ma\/ar\/wp-json\/wp\/v2\/product\/17209"}],"collection":[{"href":"https:\/\/ajishop.ma\/ar\/wp-json\/wp\/v2\/product"}],"about":[{"href":"https:\/\/ajishop.ma\/ar\/wp-json\/wp\/v2\/types\/product"}],"replies":[{"embeddable":true,"href":"https:\/\/ajishop.ma\/ar\/wp-json\/wp\/v2\/comments?post=17209"}],"version-history":[{"count":8,"href":"https:\/\/ajishop.ma\/ar\/wp-json\/wp\/v2\/product\/17209\/revisions"}],"predecessor-version":[{"id":17218,"href":"https:\/\/ajishop.ma\/ar\/wp-json\/wp\/v2\/product\/17209\/revisions\/17218"}],"wp:featuredmedia":[{"embeddable":true,"href":"https:\/\/ajishop.ma\/ar\/wp-json\/wp\/v2\/media\/17210"}],"wp:attachment":[{"href":"https:\/\/ajishop.ma\/ar\/wp-json\/wp\/v2\/media?parent=17209"}],"wp:term":[{"taxonomy":"product_cat","embeddable":true,"href":"https:\/\/ajishop.ma\/ar\/wp-json\/wp\/v2\/product_cat?post=17209"},{"taxonomy":"product_tag","embeddable":true,"href":"https:\/\/ajishop.ma\/ar\/wp-json\/wp\/v2\/product_tag?post=17209"}],"curies":[{"name":"wp","href":"https:\/\/api.w.org\/{rel}","templated":true}]}}