{"id":17243,"date":"2024-11-11T01:25:35","date_gmt":"2024-11-11T00:25:35","guid":{"rendered":"https:\/\/ajishop.ma\/?post_type=product&#038;p=17243"},"modified":"2024-11-15T00:46:26","modified_gmt":"2024-11-14T23:46:26","slug":"propolis-bio","status":"publish","type":"product","link":"https:\/\/ajishop.ma\/ar\/shop\/herbes-et-apothicaire\/herbes\/propolis-bio\/","title":{"rendered":"Propolis  bio   \/\u0628\u0631\u0648\u0628\u0648\u0644\u064a\u0633 &#8211; \u0627\u0644\u0639\u0643\u0628\u0631"},"content":{"rendered":"<div data-elementor-type=\"wp-post\" data-elementor-id=\"17243\" class=\"elementor elementor-17243\">\n\t\t\t\t<div class=\"wd-negative-gap elementor-element elementor-element-28890459 e-flex e-con-boxed e-con e-parent\" data-id=\"28890459\" data-element_type=\"container\">\n\t\t\t\t\t<div class=\"e-con-inner\">\n\t\t\t\t<div class=\"elementor-element elementor-element-9179001 lang-fr color-scheme-inherit text-left elementor-widget elementor-widget-text-editor\" data-id=\"9179001\" data-element_type=\"widget\" data-widget_type=\"text-editor.default\">\n\t\t\t\t<div class=\"elementor-widget-container\">\n\t\t\t\t\t\t\t<strong>La propolis\u00a0\u0628\u0631\u0648\u0628\u0648\u0644\u064a\u0633<\/strong>\u00a0maroc est une substance fabriqu\u00e9e \u00e0 partir de diverses r\u00e9sines recueillies par les abeilles \u00e0 partir des bourgeons et de l&#8217;\u00e9corce de certains arbres, et des s\u00e9cr\u00e9tions de cire et de salive y sont ajout\u00e9es.\n<h2>Bienfaits\u00a0de la poudre de propolis<\/h2>\n<ul>\n \t<li>Elle\u00a0poss\u00e9de une portion tr\u00e9s importante d&#8217;antioxydants et flavono\u00efdes<\/li>\n \t<li>Consid\u00e9r\u00e9e comme un antibiotique naturel<\/li>\n \t<li>Aide \u00e9galement \u00e0 favoriser l&#8217;absorption de la vitamine C<\/li>\n \t<li>Elle a des effets antiseptiques, cicatrisants et anesth\u00e9siques l\u00e9gers<\/li>\n<\/ul>\nen plus,La propolis en poudre bio poss\u00e9de \u00e9galement plusiers propri\u00e9tes:\n<ul>\n \t<li>\u00e9liminer les toxines<\/li>\n \t<li>Permet de purifier le syst\u00e8me digestif<\/li>\n \t<li>Il aide \u00e9galement \u00e0 stimuler l\u2019activit\u00e9 des macrophages, soutenant ainsi les d\u00e9fenses naturelles de l\u2019organisme<\/li>\n<\/ul>\nCette poudre incarne pleinement les puissantes propri\u00e9t\u00e9s de la propolis. Le proc\u00e9d\u00e9 de purification et de micronisation permet d&#8217;obtenir des poudres extr\u00eamement fines qui peuvent \u00eatre facilement m\u00e9lang\u00e9es \u00e0 votre formulation.\n<h3>Utilisations<\/h3>\n<b>Prendre<\/b>\u00a0environ 2 grammes de\u00a0<b>poudre<\/b>\u00a0par jour, pendant 2 \u00e0 4 semaines. La\u00a0<b>propolis<\/b>\u00a0se m\u00e9lange bien avec le miel. D&#8217;ailleurs, la m\u00e9lang\u00e9 \u00e0 du miel augmente les effets de la\u00a0<b>propolis<\/b>. Pour une assimilation plus facile, m\u00e9langer 10 grammes de\u00a0<b>propolis<\/b>\u00a0\u00e0 250g de miel.\n<ul>\n \t<li>Elle permet de renforcer les d\u00e9fenses naturelles<\/li>\n \t<li>Pr\u00e9venir et lutter contre le cancer<\/li>\n \t<li>Lutter contre les maladies cardiovasculaires<\/li>\n<\/ul>\nl&#8217;avantage principale de la propolis en poudre\u00a0est 100% naturelle.En plus, elle ne contient aucun conservateur ou ingr\u00e9dient chimique.\n<h3><\/h3>\n<ul>\n \t<li><strong>Pr\u00e9cautions\u00a0<\/strong><\/li>\n<\/ul>\nElle est d\u00e9conseill\u00e9 aux personnes allergiques aux produits de la ruche.\n<ul>\n \t<li><strong>Conseil d\u2019utilisation<\/strong><\/li>\n<\/ul>\n<strong>Les irritations et les dommages cutan\u00e9s :<\/strong>\n\nessayez de la saupoudrer une fine couche de poudre sur la zone concern\u00e9e\n\n<strong>Vos gencives et votre haleine :<\/strong>\n\nVous devez la m\u00e9langer avec votre dentifrice.\n\n<strong>Les probl\u00e8mes de gorge :<\/strong>\n\nIng\u00e9rez avec du miel ou en infusion.\t\t\t\t\t\t<\/div>\n\t\t\t\t<\/div>\n\t\t\t\t\t<\/div>\n\t\t\t\t<\/div>\n\t\t<div class=\"wd-negative-gap elementor-element elementor-element-72b215e e-flex e-con-boxed e-con e-parent\" data-id=\"72b215e\" data-element_type=\"container\">\n\t\t\t\t\t<div class=\"e-con-inner\">\n\t\t\t\t<div class=\"elementor-element elementor-element-22a4e8f lang-ar color-scheme-inherit text-left elementor-widget elementor-widget-text-editor\" data-id=\"22a4e8f\" data-element_type=\"widget\" data-widget_type=\"text-editor.default\">\n\t\t\t\t<div class=\"elementor-widget-container\">\n\t\t\t\t\t\t\t<div class=\"product__description rte quick-add-hidden\"><p style=\"text-align: right\"><strong>\u0627\u0644\u0639\u0643\u0628\u0631 (\u0628\u0631\u0648\u0628\u0648\u0644\u064a\u0633<\/strong>\u00a0\u0627\u0644\u0645\u063a\u0631\u0628) \u0647\u0648 \u0645\u0627\u062f\u0629 \u0645\u0635\u0646\u0648\u0639\u0629 \u0645\u0646 \u0631\u0627\u062a\u0646\u062c\u0627\u062a \u0645\u062e\u062a\u0644\u0641\u0629 \u064a\u062c\u0645\u0639\u0647\u0627 \u0627\u0644\u0646\u062d\u0644 \u0645\u0646 \u0628\u0631\u0627\u0639\u0645 \u0648\u0644\u062d\u0627\u0621 \u0628\u0639\u0636 \u0627\u0644\u0623\u0634\u062c\u0627\u0631\u060c \u0648\u064a\u0636\u0627\u0641 \u0625\u0644\u064a\u0647\u0627 \u0625\u0641\u0631\u0627\u0632\u0627\u062a \u0627\u0644\u0634\u0645\u0639 \u0648\u0627\u0644\u0644\u0639\u0627\u0628.<\/p><h2 style=\"text-align: right\">\u0641\u0648\u0627\u0626\u062f\u00a0\u00a0\u0645\u0633\u062d\u0648\u0642 \u0627\u0644\u0628\u0631\u0648\u0628\u0648\u0644\u064a\u0633<\/h2><ul style=\"text-align: right\"><li>\u064a\u062d\u062a\u0648\u064a \u0639\u0644\u0649 \u0646\u0633\u0628\u0629 \u0643\u0628\u064a\u0631\u0629 \u062c\u062f\u0627\u064b \u0645\u0646 \u0645\u0636\u0627\u062f\u0627\u062a \u0627\u0644\u0623\u0643\u0633\u062f\u0629 \u0648\u0627\u0644\u0641\u0644\u0627\u0641\u0648\u0646\u0648\u064a\u062f\u0627\u062a<\/li><li>\u064a\u0639\u062a\u0628\u0631 \u0645\u0636\u0627\u062f \u062d\u064a\u0648\u064a \u0637\u0628\u064a\u0639\u064a<\/li><li>\u064a\u0633\u0627\u0639\u062f \u0623\u064a\u0636\u064b\u0627 \u0639\u0644\u0649 \u062a\u0639\u0632\u064a\u0632 \u0627\u0645\u062a\u0635\u0627\u0635 \u0641\u064a\u062a\u0627\u0645\u064a\u0646 C<\/li><li>\u0644\u0647 \u062a\u0623\u062b\u064a\u0631\u0627\u062a \u0645\u0637\u0647\u0631\u0629 \u0648\u0634\u0641\u0627\u0626\u064a\u0629 \u0648\u0645\u062e\u062f\u0631 \u062e\u0641\u064a\u0641.<\/li><\/ul><p style=\"text-align: right\">\u0648\u0628\u0627\u0644\u0625\u0636\u0627\u0641\u0629 \u0625\u0644\u0649 \u0630\u0644\u0643\u060c \u0641\u0625\u0646 \u0645\u0633\u062d\u0648\u0642 \u0627\u0644\u0628\u0631\u0648\u0628\u0648\u0644\u064a\u0633 \u0627\u0644\u0639\u0636\u0648\u064a \u0644\u0647 \u0623\u064a\u0636\u064b\u0627 \u0627\u0644\u0639\u062f\u064a\u062f \u0645\u0646 \u0627\u0644\u062e\u0635\u0627\u0626\u0635:<\/p><ul style=\"text-align: right\"><li>\u0627\u0644\u0642\u0636\u0627\u0621 \u0639\u0644\u0649 \u0627\u0644\u0633\u0645\u0648\u0645<\/li><li>\u064a\u0633\u0627\u0639\u062f \u0639\u0644\u0649 \u062a\u0646\u0642\u064a\u0629 \u0627\u0644\u062c\u0647\u0627\u0632 \u0627\u0644\u0647\u0636\u0645\u064a<\/li><li>\u0643\u0645\u0627 \u0623\u0646\u0647 \u064a\u0633\u0627\u0639\u062f \u0639\u0644\u0649 \u062a\u062d\u0641\u064a\u0632 \u0646\u0634\u0627\u0637 \u0627\u0644\u0628\u0644\u0627\u0639\u0645\u060c \u0648\u062f\u0639\u0645 \u062f\u0641\u0627\u0639\u0627\u062a \u0627\u0644\u062c\u0633\u0645 \u0627\u0644\u0637\u0628\u064a\u0639\u064a\u0629<\/li><\/ul><p style=\"text-align: right\">\u064a\u062c\u0633\u062f \u0647\u0630\u0627 \u0627\u0644\u0645\u0633\u062d\u0648\u0642 \u0628\u0634\u0643\u0644 \u0643\u0627\u0645\u0644 \u0627\u0644\u062e\u0635\u0627\u0626\u0635 \u0627\u0644\u0642\u0648\u064a\u0629 \u0644\u0644\u062f\u0646\u062c. \u062a\u0624\u062f\u064a \u0639\u0645\u0644\u064a\u0629 \u0627\u0644\u062a\u0646\u0642\u064a\u0629 \u0648\u0627\u0644\u062a\u062f\u0642\u064a\u0642 \u0625\u0644\u0649 \u0625\u0646\u062a\u0627\u062c \u0645\u0633\u0627\u062d\u064a\u0642 \u062f\u0642\u064a\u0642\u0629 \u0644\u0644\u063a\u0627\u064a\u0629 \u064a\u0645\u0643\u0646 \u062e\u0644\u0637\u0647\u0627 \u0628\u0633\u0647\u0648\u0644\u0629 \u0641\u064a \u062a\u0631\u0643\u064a\u0628\u062a\u0643.<\/p><h3 style=\"text-align: right\">\u0627\u0644\u0627\u0633\u062a\u062e\u062f\u0627\u0645\u0627\u062a<\/h3><p style=\"text-align: right\"><b>\u062a\u0646\u0627\u0648\u0644<\/b>\u00a0\u00a0\u062d\u0648\u0627\u0644\u064a 2 \u062c\u0631\u0627\u0645 \u0645\u0646\u00a0\u00a0<b>\u0627\u0644\u0645\u0633\u062d\u0648\u0642<\/b>\u00a0\u00a0\u064a\u0648\u0645\u064a\u064b\u0627 \u0644\u0645\u062f\u0629 2 \u0625\u0644\u0649 4 \u0623\u0633\u0627\u0628\u064a\u0639. \u064a\u0645\u062a\u0632\u062c\u00a0\u0627\u0644\u0628\u0631\u0648\u0628\u0648\u0644\u064a\u0633\u00a0 \u062c\u064a\u062f\u064b\u0627\u00a0<b>\u0645\u0639<\/b>\u00a0\u00a0\u0627\u0644\u0639\u0633\u0644. \u0639\u0644\u0627\u0648\u0629 \u0639\u0644\u0649 \u0630\u0644\u0643\u060c \u0641\u0625\u0646 \u062e\u0644\u0637\u0647 \u0645\u0639 \u0627\u0644\u0639\u0633\u0644 \u064a\u0632\u064a\u062f \u0645\u0646 \u0622\u062b\u0627\u0631\u00a0\u00a0<b>\u0627\u0644\u0628\u0631\u0648\u0628\u0648\u0644\u064a\u0633<\/b>\u00a0. \u0644\u062a\u0633\u0647\u064a\u0644 \u0627\u0644\u0627\u0633\u062a\u064a\u0639\u0627\u0628\u060c \u0642\u0645 \u0628\u062e\u0644\u0637 10 \u062c\u0631\u0627\u0645 \u0645\u0646\u00a0\u00a0<b>\u0627\u0644\u0628\u0631\u0648\u0628\u0648\u0644\u064a\u0633<\/b>\u00a0\u00a0\u0645\u0639 250 \u062c\u0631\u0627\u0645 \u0645\u0646 \u0627\u0644\u0639\u0633\u0644.<\/p><ul style=\"text-align: right\"><li>\u064a\u0633\u0627\u0639\u062f \u0639\u0644\u0649 \u062a\u0642\u0648\u064a\u0629 \u0627\u0644\u062f\u0641\u0627\u0639\u0627\u062a \u0627\u0644\u0637\u0628\u064a\u0639\u064a\u0629<\/li><li>\u0627\u0644\u0648\u0642\u0627\u064a\u0629 \u0645\u0646 \u0645\u0631\u0636 \u0627\u0644\u0633\u0631\u0637\u0627\u0646 \u0648\u0645\u0643\u0627\u0641\u062d\u062a\u0647<\/li><li>\u0645\u0643\u0627\u0641\u062d\u0629 \u0623\u0645\u0631\u0627\u0636 \u0627\u0644\u0642\u0644\u0628 \u0648\u0627\u0644\u0623\u0648\u0639\u064a\u0629 \u0627\u0644\u062f\u0645\u0648\u064a\u0629\u00a0<\/li><\/ul><p style=\"text-align: right\">\u0627\u0644\u0645\u064a\u0632\u0629 \u0627\u0644\u0631\u0626\u064a\u0633\u064a\u0629 \u0644\u0645\u0633\u062d\u0648\u0642 \u0627\u0644\u0628\u0631\u0648\u0628\u0648\u0644\u064a\u0633 \u0647\u0648 \u0623\u0646\u0647 \u0637\u0628\u064a\u0639\u064a 100%\u060c \u0628\u0627\u0644\u0625\u0636\u0627\u0641\u0629 \u0625\u0644\u0649 \u0623\u0646\u0647 \u0644\u0627 \u064a\u062d\u062a\u0648\u064a \u0639\u0644\u0649 \u0623\u064a \u0645\u0648\u0627\u062f \u062d\u0627\u0641\u0638\u0629 \u0623\u0648 \u0645\u0643\u0648\u0646\u0627\u062a \u0643\u064a\u0645\u064a\u0627\u0626\u064a\u0629.<\/p><h3 style=\"text-align: right\">\u00a0<\/h3><ul style=\"text-align: right\"><li><strong>\u0627\u062d\u062a\u064a\u0627\u0637\u0627\u062a\u00a0<\/strong><\/li><\/ul><p style=\"text-align: right\">\u0644\u0627 \u064a\u0646\u0635\u062d \u0628\u0647 \u0644\u0644\u0623\u0634\u062e\u0627\u0635 \u0627\u0644\u0630\u064a\u0646 \u064a\u0639\u0627\u0646\u0648\u0646 \u0645\u0646 \u062d\u0633\u0627\u0633\u064a\u0629 \u062a\u062c\u0627\u0647 \u0645\u0646\u062a\u062c\u0627\u062a \u0627\u0644\u0646\u062d\u0644.<\/p><ul style=\"text-align: right\"><li><strong>\u0627\u062a\u062c\u0627\u0647\u0627\u062a \u0644\u0644\u0627\u0633\u062a\u062e\u062f\u0627\u0645<\/strong><\/li><\/ul><p style=\"text-align: right\"><strong>\u062a\u0647\u064a\u062c \u0627\u0644\u062c\u0644\u062f \u0648\u062a\u0644\u0641\u0647:<\/strong><\/p><p style=\"text-align: right\">\u062d\u0627\u0648\u0644 \u0631\u0634 \u0637\u0628\u0642\u0629 \u0631\u0642\u064a\u0642\u0629 \u0645\u0646 \u0627\u0644\u0645\u0633\u062d\u0648\u0642 \u0639\u0644\u0649 \u0627\u0644\u0645\u0646\u0637\u0642\u0629 \u0627\u0644\u0645\u0635\u0627\u0628\u0629<\/p><p style=\"text-align: right\"><strong>\u0644\u062b\u062a\u0643 \u0648\u0623\u0646\u0641\u0627\u0633\u0643:<\/strong><\/p><p style=\"text-align: right\">\u062a\u062d\u062a\u0627\u062c \u0625\u0644\u0649 \u0645\u0632\u062c\u0647 \u0645\u0639 \u0645\u0639\u062c\u0648\u0646 \u0627\u0644\u0623\u0633\u0646\u0627\u0646 \u0627\u0644\u062e\u0627\u0635 \u0628\u0643.<\/p><p style=\"text-align: right\"><strong>\u0645\u0634\u0627\u0643\u0644 \u0627\u0644\u062d\u0644\u0642:<\/strong><\/p><p style=\"text-align: right\">\u062a\u0646\u0627\u0648\u0644\u0647 \u0645\u0639 \u0627\u0644\u0639\u0633\u0644 \u0623\u0648 \u0645\u0646\u0642\u0648\u0639\u064b\u0627.\u00a0<\/p><p style=\"text-align: right\">\u0643\u0628\u0631 \u0627\u0644\u0628\u064a\u0644<\/p><\/div><p>\u00a0<\/p>\t\t\t\t\t\t<\/div>\n\t\t\t\t<\/div>\n\t\t\t\t\t<\/div>\n\t\t\t\t<\/div>\n\t\t\t\t<\/div>","protected":false},"excerpt":{"rendered":"<p>La propolis\u00a0\u0628\u0631\u0648\u0628\u0648\u0644\u064a\u0633\u00a0maroc est une substance fabriqu\u00e9e \u00e0 partir de diverses r\u00e9sines recueillies par les abeilles \u00e0 partir des bourgeons et<\/p>","protected":false},"featured_media":17244,"comment_status":"open","ping_status":"closed","template":"","meta":[],"product_cat":[32,75,28],"product_tag":[],"yoast_head":"<!-- This site is optimized with the Yoast SEO plugin v23.4 - https:\/\/yoast.com\/wordpress\/plugins\/seo\/ -->\n<title>Propolis bio  \/\u0628\u0631\u0648\u0628\u0648\u0644\u064a\u0633 - \u0627\u0644\u0639\u0643\u0628\u0631 - AjiShop.ma<\/title>\n<meta name=\"robots\" content=\"index, follow, max-snippet:-1, max-image-preview:large, max-video-preview:-1\" \/>\n<link rel=\"canonical\" href=\"https:\/\/ajishop.ma\/ar\/shop\/herbes-et-apothicaire\/herbes\/propolis-bio\/\" \/>\n<meta property=\"og:locale\" content=\"ar_AR\" \/>\n<meta property=\"og:type\" content=\"article\" \/>\n<meta property=\"og:title\" content=\"Propolis bio  \/\u0628\u0631\u0648\u0628\u0648\u0644\u064a\u0633 - \u0627\u0644\u0639\u0643\u0628\u0631 - AjiShop.ma\" \/>\n<meta property=\"og:description\" content=\"La propolis\u00a0\u0628\u0631\u0648\u0628\u0648\u0644\u064a\u0633\u00a0maroc est une substance fabriqu\u00e9e \u00e0 partir de diverses r\u00e9sines recueillies par les abeilles \u00e0 partir des bourgeons et\" \/>\n<meta property=\"og:url\" content=\"https:\/\/ajishop.ma\/ar\/shop\/herbes-et-apothicaire\/herbes\/propolis-bio\/\" \/>\n<meta property=\"og:site_name\" content=\"AjiShop.ma\" \/>\n<meta property=\"article:modified_time\" content=\"2024-11-14T23:46:26+00:00\" \/>\n<meta property=\"og:image\" content=\"https:\/\/ajishop.ma\/wp-content\/uploads\/2024\/11\/propolis_9b8f9ef7-8f3b-4f0e-be63-bfacd01b2179.webp\" \/>\n\t<meta property=\"og:image:width\" content=\"600\" \/>\n\t<meta property=\"og:image:height\" content=\"499\" \/>\n\t<meta property=\"og:image:type\" content=\"image\/webp\" \/>\n<meta name=\"twitter:card\" content=\"summary_large_image\" \/>\n<meta name=\"twitter:label1\" content=\"\u0648\u0642\u062a \u0627\u0644\u0642\u0631\u0627\u0621\u0629 \u0627\u0644\u0645\u064f\u0642\u062f\u0651\u0631\" \/>\n\t<meta name=\"twitter:data1\" content=\"3 \u062f\u0642\u0627\u0626\u0642\" \/>\n<script type=\"application\/ld+json\" class=\"yoast-schema-graph\">{\"@context\":\"https:\/\/schema.org\",\"@graph\":[{\"@type\":\"WebPage\",\"@id\":\"https:\/\/ajishop.ma\/shop\/herbes-et-apothicaire\/herbes\/propolis-bio\/\",\"url\":\"https:\/\/ajishop.ma\/shop\/herbes-et-apothicaire\/herbes\/propolis-bio\/\",\"name\":\"Propolis bio \/\u0628\u0631\u0648\u0628\u0648\u0644\u064a\u0633 - \u0627\u0644\u0639\u0643\u0628\u0631 - AjiShop.ma\",\"isPartOf\":{\"@id\":\"https:\/\/ajishop.ma\/#website\"},\"primaryImageOfPage\":{\"@id\":\"https:\/\/ajishop.ma\/shop\/herbes-et-apothicaire\/herbes\/propolis-bio\/#primaryimage\"},\"image\":{\"@id\":\"https:\/\/ajishop.ma\/shop\/herbes-et-apothicaire\/herbes\/propolis-bio\/#primaryimage\"},\"thumbnailUrl\":\"https:\/\/ajishop.ma\/wp-content\/uploads\/2024\/11\/propolis_9b8f9ef7-8f3b-4f0e-be63-bfacd01b2179.webp\",\"datePublished\":\"2024-11-11T00:25:35+00:00\",\"dateModified\":\"2024-11-14T23:46:26+00:00\",\"breadcrumb\":{\"@id\":\"https:\/\/ajishop.ma\/shop\/herbes-et-apothicaire\/herbes\/propolis-bio\/#breadcrumb\"},\"inLanguage\":\"ar\",\"potentialAction\":[{\"@type\":\"ReadAction\",\"target\":[\"https:\/\/ajishop.ma\/shop\/herbes-et-apothicaire\/herbes\/propolis-bio\/\"]}]},{\"@type\":\"ImageObject\",\"inLanguage\":\"ar\",\"@id\":\"https:\/\/ajishop.ma\/shop\/herbes-et-apothicaire\/herbes\/propolis-bio\/#primaryimage\",\"url\":\"https:\/\/ajishop.ma\/wp-content\/uploads\/2024\/11\/propolis_9b8f9ef7-8f3b-4f0e-be63-bfacd01b2179.webp\",\"contentUrl\":\"https:\/\/ajishop.ma\/wp-content\/uploads\/2024\/11\/propolis_9b8f9ef7-8f3b-4f0e-be63-bfacd01b2179.webp\",\"width\":600,\"height\":499},{\"@type\":\"BreadcrumbList\",\"@id\":\"https:\/\/ajishop.ma\/shop\/herbes-et-apothicaire\/herbes\/propolis-bio\/#breadcrumb\",\"itemListElement\":[{\"@type\":\"ListItem\",\"position\":1,\"name\":\"Accueil\",\"item\":\"https:\/\/ajishop.ma\/\"},{\"@type\":\"ListItem\",\"position\":2,\"name\":\"Magasin\",\"item\":\"https:\/\/ajishop.ma\/shop\/\"},{\"@type\":\"ListItem\",\"position\":3,\"name\":\"Propolis bio \/\u0628\u0631\u0648\u0628\u0648\u0644\u064a\u0633 &#8211; \u0627\u0644\u0639\u0643\u0628\u0631\"}]},{\"@type\":\"WebSite\",\"@id\":\"https:\/\/ajishop.ma\/#website\",\"url\":\"https:\/\/ajishop.ma\/\",\"name\":\"AjiShop.ma\",\"description\":\"Produits 100% naturels, Pour votre bien \u00eatre...\",\"publisher\":{\"@id\":\"https:\/\/ajishop.ma\/#organization\"},\"potentialAction\":[{\"@type\":\"SearchAction\",\"target\":{\"@type\":\"EntryPoint\",\"urlTemplate\":\"https:\/\/ajishop.ma\/?s={search_term_string}\"},\"query-input\":{\"@type\":\"PropertyValueSpecification\",\"valueRequired\":true,\"valueName\":\"search_term_string\"}}],\"inLanguage\":\"ar\"},{\"@type\":\"Organization\",\"@id\":\"https:\/\/ajishop.ma\/#organization\",\"name\":\"AjiShop.ma\",\"url\":\"https:\/\/ajishop.ma\/\",\"logo\":{\"@type\":\"ImageObject\",\"inLanguage\":\"ar\",\"@id\":\"https:\/\/ajishop.ma\/#\/schema\/logo\/image\/\",\"url\":\"https:\/\/ajishop.ma\/wp-content\/uploads\/2024\/09\/AjiShop.ma-Horizontal-Logo-Green.png\",\"contentUrl\":\"https:\/\/ajishop.ma\/wp-content\/uploads\/2024\/09\/AjiShop.ma-Horizontal-Logo-Green.png\",\"width\":1917,\"height\":276,\"caption\":\"AjiShop.ma\"},\"image\":{\"@id\":\"https:\/\/ajishop.ma\/#\/schema\/logo\/image\/\"}}]}<\/script>\n<!-- \/ Yoast SEO plugin. -->","yoast_head_json":{"title":"Propolis bio  \/\u0628\u0631\u0648\u0628\u0648\u0644\u064a\u0633 - \u0627\u0644\u0639\u0643\u0628\u0631 - AjiShop.ma","robots":{"index":"index","follow":"follow","max-snippet":"max-snippet:-1","max-image-preview":"max-image-preview:large","max-video-preview":"max-video-preview:-1"},"canonical":"https:\/\/ajishop.ma\/ar\/shop\/herbes-et-apothicaire\/herbes\/propolis-bio\/","og_locale":"ar_AR","og_type":"article","og_title":"Propolis bio  \/\u0628\u0631\u0648\u0628\u0648\u0644\u064a\u0633 - \u0627\u0644\u0639\u0643\u0628\u0631 - AjiShop.ma","og_description":"La propolis\u00a0\u0628\u0631\u0648\u0628\u0648\u0644\u064a\u0633\u00a0maroc est une substance fabriqu\u00e9e \u00e0 partir de diverses r\u00e9sines recueillies par les abeilles \u00e0 partir des bourgeons et","og_url":"https:\/\/ajishop.ma\/ar\/shop\/herbes-et-apothicaire\/herbes\/propolis-bio\/","og_site_name":"AjiShop.ma","article_modified_time":"2024-11-14T23:46:26+00:00","og_image":[{"width":600,"height":499,"url":"https:\/\/ajishop.ma\/wp-content\/uploads\/2024\/11\/propolis_9b8f9ef7-8f3b-4f0e-be63-bfacd01b2179.webp","type":"image\/webp"}],"twitter_card":"summary_large_image","twitter_misc":{"\u0648\u0642\u062a \u0627\u0644\u0642\u0631\u0627\u0621\u0629 \u0627\u0644\u0645\u064f\u0642\u062f\u0651\u0631":"3 \u062f\u0642\u0627\u0626\u0642"},"schema":{"@context":"https:\/\/schema.org","@graph":[{"@type":"WebPage","@id":"https:\/\/ajishop.ma\/shop\/herbes-et-apothicaire\/herbes\/propolis-bio\/","url":"https:\/\/ajishop.ma\/shop\/herbes-et-apothicaire\/herbes\/propolis-bio\/","name":"Propolis bio \/\u0628\u0631\u0648\u0628\u0648\u0644\u064a\u0633 - \u0627\u0644\u0639\u0643\u0628\u0631 - AjiShop.ma","isPartOf":{"@id":"https:\/\/ajishop.ma\/#website"},"primaryImageOfPage":{"@id":"https:\/\/ajishop.ma\/shop\/herbes-et-apothicaire\/herbes\/propolis-bio\/#primaryimage"},"image":{"@id":"https:\/\/ajishop.ma\/shop\/herbes-et-apothicaire\/herbes\/propolis-bio\/#primaryimage"},"thumbnailUrl":"https:\/\/ajishop.ma\/wp-content\/uploads\/2024\/11\/propolis_9b8f9ef7-8f3b-4f0e-be63-bfacd01b2179.webp","datePublished":"2024-11-11T00:25:35+00:00","dateModified":"2024-11-14T23:46:26+00:00","breadcrumb":{"@id":"https:\/\/ajishop.ma\/shop\/herbes-et-apothicaire\/herbes\/propolis-bio\/#breadcrumb"},"inLanguage":"ar","potentialAction":[{"@type":"ReadAction","target":["https:\/\/ajishop.ma\/shop\/herbes-et-apothicaire\/herbes\/propolis-bio\/"]}]},{"@type":"ImageObject","inLanguage":"ar","@id":"https:\/\/ajishop.ma\/shop\/herbes-et-apothicaire\/herbes\/propolis-bio\/#primaryimage","url":"https:\/\/ajishop.ma\/wp-content\/uploads\/2024\/11\/propolis_9b8f9ef7-8f3b-4f0e-be63-bfacd01b2179.webp","contentUrl":"https:\/\/ajishop.ma\/wp-content\/uploads\/2024\/11\/propolis_9b8f9ef7-8f3b-4f0e-be63-bfacd01b2179.webp","width":600,"height":499},{"@type":"BreadcrumbList","@id":"https:\/\/ajishop.ma\/shop\/herbes-et-apothicaire\/herbes\/propolis-bio\/#breadcrumb","itemListElement":[{"@type":"ListItem","position":1,"name":"Accueil","item":"https:\/\/ajishop.ma\/"},{"@type":"ListItem","position":2,"name":"Magasin","item":"https:\/\/ajishop.ma\/shop\/"},{"@type":"ListItem","position":3,"name":"Propolis bio \/\u0628\u0631\u0648\u0628\u0648\u0644\u064a\u0633 &#8211; \u0627\u0644\u0639\u0643\u0628\u0631"}]},{"@type":"WebSite","@id":"https:\/\/ajishop.ma\/#website","url":"https:\/\/ajishop.ma\/","name":"AjiShop.ma","description":"Produits 100% naturels, Pour votre bien \u00eatre...","publisher":{"@id":"https:\/\/ajishop.ma\/#organization"},"potentialAction":[{"@type":"SearchAction","target":{"@type":"EntryPoint","urlTemplate":"https:\/\/ajishop.ma\/?s={search_term_string}"},"query-input":{"@type":"PropertyValueSpecification","valueRequired":true,"valueName":"search_term_string"}}],"inLanguage":"ar"},{"@type":"Organization","@id":"https:\/\/ajishop.ma\/#organization","name":"AjiShop.ma","url":"https:\/\/ajishop.ma\/","logo":{"@type":"ImageObject","inLanguage":"ar","@id":"https:\/\/ajishop.ma\/#\/schema\/logo\/image\/","url":"https:\/\/ajishop.ma\/wp-content\/uploads\/2024\/09\/AjiShop.ma-Horizontal-Logo-Green.png","contentUrl":"https:\/\/ajishop.ma\/wp-content\/uploads\/2024\/09\/AjiShop.ma-Horizontal-Logo-Green.png","width":1917,"height":276,"caption":"AjiShop.ma"},"image":{"@id":"https:\/\/ajishop.ma\/#\/schema\/logo\/image\/"}}]}},"_links":{"self":[{"href":"https:\/\/ajishop.ma\/ar\/wp-json\/wp\/v2\/product\/17243"}],"collection":[{"href":"https:\/\/ajishop.ma\/ar\/wp-json\/wp\/v2\/product"}],"about":[{"href":"https:\/\/ajishop.ma\/ar\/wp-json\/wp\/v2\/types\/product"}],"replies":[{"embeddable":true,"href":"https:\/\/ajishop.ma\/ar\/wp-json\/wp\/v2\/comments?post=17243"}],"version-history":[{"count":11,"href":"https:\/\/ajishop.ma\/ar\/wp-json\/wp\/v2\/product\/17243\/revisions"}],"predecessor-version":[{"id":17727,"href":"https:\/\/ajishop.ma\/ar\/wp-json\/wp\/v2\/product\/17243\/revisions\/17727"}],"wp:featuredmedia":[{"embeddable":true,"href":"https:\/\/ajishop.ma\/ar\/wp-json\/wp\/v2\/media\/17244"}],"wp:attachment":[{"href":"https:\/\/ajishop.ma\/ar\/wp-json\/wp\/v2\/media?parent=17243"}],"wp:term":[{"taxonomy":"product_cat","embeddable":true,"href":"https:\/\/ajishop.ma\/ar\/wp-json\/wp\/v2\/product_cat?post=17243"},{"taxonomy":"product_tag","embeddable":true,"href":"https:\/\/ajishop.ma\/ar\/wp-json\/wp\/v2\/product_tag?post=17243"}],"curies":[{"name":"wp","href":"https:\/\/api.w.org\/{rel}","templated":true}]}}