{"id":17270,"date":"2024-11-11T01:36:38","date_gmt":"2024-11-11T00:36:38","guid":{"rendered":"https:\/\/ajishop.ma\/?post_type=product&#038;p=17270"},"modified":"2024-11-15T00:17:50","modified_gmt":"2024-11-14T23:17:50","slug":"graines-de-pavot","status":"publish","type":"product","link":"https:\/\/ajishop.ma\/ar\/shop\/herbes-et-apothicaire\/herbes\/graines-de-pavot\/","title":{"rendered":"Graines de pavot \/ \u0628\u0630\u0648\u0631 \u0627\u0644\u062e\u0634\u062e\u0627\u0634"},"content":{"rendered":"<div>\n<h3 class=\"h2\">Graines de pavot \u0628\u0630\u0648\u0631 \u0627\u0644\u062e\u0634\u062e\u0627\u0634<\/h3>\n<p>La graines de pavot est une graine ol\u00e9agineuse produite par le Pavot somnif\u00e8re et utilis\u00e9e comme \u00e9pice<\/p>\n<h3 class=\"h2\"><strong>Les principaux nutriments contenus dans le pavot<\/strong><strong><br \/>\n<\/strong><\/h3>\n<ul>\n<li>Acides gras poly et mono-instaur\u00e9s<\/li>\n<li>\u00a0Calcium<\/li>\n<li>\u00a0Magn\u00e9sium<\/li>\n<li>\u00a0Fer<\/li>\n<li>\u00a0Mangan\u00e8se<\/li>\n<li>\u00a0Phosphore<\/li>\n<\/ul>\n<h3 class=\"h2\"><strong>USAGE CULINAIRE:<\/strong><\/h3>\n<\/div>\n<div>Les graines de pavot parfument les plats mijot\u00e9s, les currys, les salades mais aussi les pains, les\u00a0g\u00e2teaux\u00a0et les p\u00e2tisseries.<\/div>\n<div><\/div>\n<div>\n<h2>Conservation<\/h2>\n<div class=\"article-part-text is-wysiwyg\">\n<p>Dans un r\u00e9cipient herm\u00e9tique, \u00e0 l&#8217;abri de l&#8217;humidit\u00e9 et de la lumi\u00e8re, les graines de pavot se conservent plusieurs ann\u00e9es.<\/p>\n<\/div>\n<\/div>","protected":false},"excerpt":{"rendered":"<p>Graines de pavot \u0628\u0630\u0648\u0631 \u0627\u0644\u062e\u0634\u062e\u0627\u0634 La graines de pavot est une graine ol\u00e9agineuse produite par le Pavot somnif\u00e8re et utilis\u00e9e<\/p>","protected":false},"featured_media":17271,"comment_status":"open","ping_status":"closed","template":"","meta":[],"product_cat":[32,75,76,72],"product_tag":[],"yoast_head":"<!-- This site is optimized with the Yoast SEO plugin v23.4 - https:\/\/yoast.com\/wordpress\/plugins\/seo\/ -->\n<title>Graines de pavot \/ \u0628\u0630\u0648\u0631 \u0627\u0644\u062e\u0634\u062e\u0627\u0634 - AjiShop.ma<\/title>\n<meta name=\"robots\" content=\"index, follow, max-snippet:-1, max-image-preview:large, max-video-preview:-1\" \/>\n<link rel=\"canonical\" href=\"https:\/\/ajishop.ma\/ar\/shop\/herbes-et-apothicaire\/herbes\/graines-de-pavot\/\" \/>\n<meta property=\"og:locale\" content=\"ar_AR\" \/>\n<meta property=\"og:type\" content=\"article\" \/>\n<meta property=\"og:title\" content=\"Graines de pavot \/ \u0628\u0630\u0648\u0631 \u0627\u0644\u062e\u0634\u062e\u0627\u0634 - AjiShop.ma\" \/>\n<meta property=\"og:description\" content=\"Graines de pavot \u0628\u0630\u0648\u0631 \u0627\u0644\u062e\u0634\u062e\u0627\u0634 La graines de pavot est une graine ol\u00e9agineuse produite par le Pavot somnif\u00e8re et utilis\u00e9e\" \/>\n<meta property=\"og:url\" content=\"https:\/\/ajishop.ma\/ar\/shop\/herbes-et-apothicaire\/herbes\/graines-de-pavot\/\" \/>\n<meta property=\"og:site_name\" content=\"AjiShop.ma\" \/>\n<meta property=\"article:modified_time\" content=\"2024-11-14T23:17:50+00:00\" \/>\n<meta property=\"og:image\" content=\"https:\/\/ajishop.ma\/wp-content\/uploads\/2024\/11\/pavot-graine.webp\" \/>\n\t<meta property=\"og:image:width\" content=\"600\" \/>\n\t<meta property=\"og:image:height\" content=\"600\" \/>\n\t<meta property=\"og:image:type\" content=\"image\/webp\" \/>\n<meta name=\"twitter:card\" content=\"summary_large_image\" \/>\n<meta name=\"twitter:label1\" content=\"\u0648\u0642\u062a \u0627\u0644\u0642\u0631\u0627\u0621\u0629 \u0627\u0644\u0645\u064f\u0642\u062f\u0651\u0631\" \/>\n\t<meta name=\"twitter:data1\" content=\"\u062f\u0642\u064a\u0642\u0629 \u0648\u0627\u062d\u062f\u0629\" \/>\n<script type=\"application\/ld+json\" class=\"yoast-schema-graph\">{\"@context\":\"https:\/\/schema.org\",\"@graph\":[{\"@type\":\"WebPage\",\"@id\":\"https:\/\/ajishop.ma\/shop\/herbes-et-apothicaire\/herbes\/graines-de-pavot\/\",\"url\":\"https:\/\/ajishop.ma\/shop\/herbes-et-apothicaire\/herbes\/graines-de-pavot\/\",\"name\":\"Graines de pavot \/ \u0628\u0630\u0648\u0631 \u0627\u0644\u062e\u0634\u062e\u0627\u0634 - AjiShop.ma\",\"isPartOf\":{\"@id\":\"https:\/\/ajishop.ma\/#website\"},\"primaryImageOfPage\":{\"@id\":\"https:\/\/ajishop.ma\/shop\/herbes-et-apothicaire\/herbes\/graines-de-pavot\/#primaryimage\"},\"image\":{\"@id\":\"https:\/\/ajishop.ma\/shop\/herbes-et-apothicaire\/herbes\/graines-de-pavot\/#primaryimage\"},\"thumbnailUrl\":\"https:\/\/ajishop.ma\/wp-content\/uploads\/2024\/11\/pavot-graine.webp\",\"datePublished\":\"2024-11-11T00:36:38+00:00\",\"dateModified\":\"2024-11-14T23:17:50+00:00\",\"breadcrumb\":{\"@id\":\"https:\/\/ajishop.ma\/shop\/herbes-et-apothicaire\/herbes\/graines-de-pavot\/#breadcrumb\"},\"inLanguage\":\"ar\",\"potentialAction\":[{\"@type\":\"ReadAction\",\"target\":[\"https:\/\/ajishop.ma\/shop\/herbes-et-apothicaire\/herbes\/graines-de-pavot\/\"]}]},{\"@type\":\"ImageObject\",\"inLanguage\":\"ar\",\"@id\":\"https:\/\/ajishop.ma\/shop\/herbes-et-apothicaire\/herbes\/graines-de-pavot\/#primaryimage\",\"url\":\"https:\/\/ajishop.ma\/wp-content\/uploads\/2024\/11\/pavot-graine.webp\",\"contentUrl\":\"https:\/\/ajishop.ma\/wp-content\/uploads\/2024\/11\/pavot-graine.webp\",\"width\":600,\"height\":600},{\"@type\":\"BreadcrumbList\",\"@id\":\"https:\/\/ajishop.ma\/shop\/herbes-et-apothicaire\/herbes\/graines-de-pavot\/#breadcrumb\",\"itemListElement\":[{\"@type\":\"ListItem\",\"position\":1,\"name\":\"Accueil\",\"item\":\"https:\/\/ajishop.ma\/\"},{\"@type\":\"ListItem\",\"position\":2,\"name\":\"Magasin\",\"item\":\"https:\/\/ajishop.ma\/shop\/\"},{\"@type\":\"ListItem\",\"position\":3,\"name\":\"Graines de pavot \/ \u0628\u0630\u0648\u0631 \u0627\u0644\u062e\u0634\u062e\u0627\u0634\"}]},{\"@type\":\"WebSite\",\"@id\":\"https:\/\/ajishop.ma\/#website\",\"url\":\"https:\/\/ajishop.ma\/\",\"name\":\"AjiShop.ma\",\"description\":\"Produits 100% naturels, Pour votre bien \u00eatre...\",\"publisher\":{\"@id\":\"https:\/\/ajishop.ma\/#organization\"},\"potentialAction\":[{\"@type\":\"SearchAction\",\"target\":{\"@type\":\"EntryPoint\",\"urlTemplate\":\"https:\/\/ajishop.ma\/?s={search_term_string}\"},\"query-input\":{\"@type\":\"PropertyValueSpecification\",\"valueRequired\":true,\"valueName\":\"search_term_string\"}}],\"inLanguage\":\"ar\"},{\"@type\":\"Organization\",\"@id\":\"https:\/\/ajishop.ma\/#organization\",\"name\":\"AjiShop.ma\",\"url\":\"https:\/\/ajishop.ma\/\",\"logo\":{\"@type\":\"ImageObject\",\"inLanguage\":\"ar\",\"@id\":\"https:\/\/ajishop.ma\/#\/schema\/logo\/image\/\",\"url\":\"https:\/\/ajishop.ma\/wp-content\/uploads\/2024\/09\/AjiShop.ma-Horizontal-Logo-Green.png\",\"contentUrl\":\"https:\/\/ajishop.ma\/wp-content\/uploads\/2024\/09\/AjiShop.ma-Horizontal-Logo-Green.png\",\"width\":1917,\"height\":276,\"caption\":\"AjiShop.ma\"},\"image\":{\"@id\":\"https:\/\/ajishop.ma\/#\/schema\/logo\/image\/\"}}]}<\/script>\n<!-- \/ Yoast SEO plugin. -->","yoast_head_json":{"title":"Graines de pavot \/ \u0628\u0630\u0648\u0631 \u0627\u0644\u062e\u0634\u062e\u0627\u0634 - AjiShop.ma","robots":{"index":"index","follow":"follow","max-snippet":"max-snippet:-1","max-image-preview":"max-image-preview:large","max-video-preview":"max-video-preview:-1"},"canonical":"https:\/\/ajishop.ma\/ar\/shop\/herbes-et-apothicaire\/herbes\/graines-de-pavot\/","og_locale":"ar_AR","og_type":"article","og_title":"Graines de pavot \/ \u0628\u0630\u0648\u0631 \u0627\u0644\u062e\u0634\u062e\u0627\u0634 - AjiShop.ma","og_description":"Graines de pavot \u0628\u0630\u0648\u0631 \u0627\u0644\u062e\u0634\u062e\u0627\u0634 La graines de pavot est une graine ol\u00e9agineuse produite par le Pavot somnif\u00e8re et utilis\u00e9e","og_url":"https:\/\/ajishop.ma\/ar\/shop\/herbes-et-apothicaire\/herbes\/graines-de-pavot\/","og_site_name":"AjiShop.ma","article_modified_time":"2024-11-14T23:17:50+00:00","og_image":[{"width":600,"height":600,"url":"https:\/\/ajishop.ma\/wp-content\/uploads\/2024\/11\/pavot-graine.webp","type":"image\/webp"}],"twitter_card":"summary_large_image","twitter_misc":{"\u0648\u0642\u062a \u0627\u0644\u0642\u0631\u0627\u0621\u0629 \u0627\u0644\u0645\u064f\u0642\u062f\u0651\u0631":"\u062f\u0642\u064a\u0642\u0629 \u0648\u0627\u062d\u062f\u0629"},"schema":{"@context":"https:\/\/schema.org","@graph":[{"@type":"WebPage","@id":"https:\/\/ajishop.ma\/shop\/herbes-et-apothicaire\/herbes\/graines-de-pavot\/","url":"https:\/\/ajishop.ma\/shop\/herbes-et-apothicaire\/herbes\/graines-de-pavot\/","name":"Graines de pavot \/ \u0628\u0630\u0648\u0631 \u0627\u0644\u062e\u0634\u062e\u0627\u0634 - AjiShop.ma","isPartOf":{"@id":"https:\/\/ajishop.ma\/#website"},"primaryImageOfPage":{"@id":"https:\/\/ajishop.ma\/shop\/herbes-et-apothicaire\/herbes\/graines-de-pavot\/#primaryimage"},"image":{"@id":"https:\/\/ajishop.ma\/shop\/herbes-et-apothicaire\/herbes\/graines-de-pavot\/#primaryimage"},"thumbnailUrl":"https:\/\/ajishop.ma\/wp-content\/uploads\/2024\/11\/pavot-graine.webp","datePublished":"2024-11-11T00:36:38+00:00","dateModified":"2024-11-14T23:17:50+00:00","breadcrumb":{"@id":"https:\/\/ajishop.ma\/shop\/herbes-et-apothicaire\/herbes\/graines-de-pavot\/#breadcrumb"},"inLanguage":"ar","potentialAction":[{"@type":"ReadAction","target":["https:\/\/ajishop.ma\/shop\/herbes-et-apothicaire\/herbes\/graines-de-pavot\/"]}]},{"@type":"ImageObject","inLanguage":"ar","@id":"https:\/\/ajishop.ma\/shop\/herbes-et-apothicaire\/herbes\/graines-de-pavot\/#primaryimage","url":"https:\/\/ajishop.ma\/wp-content\/uploads\/2024\/11\/pavot-graine.webp","contentUrl":"https:\/\/ajishop.ma\/wp-content\/uploads\/2024\/11\/pavot-graine.webp","width":600,"height":600},{"@type":"BreadcrumbList","@id":"https:\/\/ajishop.ma\/shop\/herbes-et-apothicaire\/herbes\/graines-de-pavot\/#breadcrumb","itemListElement":[{"@type":"ListItem","position":1,"name":"Accueil","item":"https:\/\/ajishop.ma\/"},{"@type":"ListItem","position":2,"name":"Magasin","item":"https:\/\/ajishop.ma\/shop\/"},{"@type":"ListItem","position":3,"name":"Graines de pavot \/ \u0628\u0630\u0648\u0631 \u0627\u0644\u062e\u0634\u062e\u0627\u0634"}]},{"@type":"WebSite","@id":"https:\/\/ajishop.ma\/#website","url":"https:\/\/ajishop.ma\/","name":"AjiShop.ma","description":"Produits 100% naturels, Pour votre bien \u00eatre...","publisher":{"@id":"https:\/\/ajishop.ma\/#organization"},"potentialAction":[{"@type":"SearchAction","target":{"@type":"EntryPoint","urlTemplate":"https:\/\/ajishop.ma\/?s={search_term_string}"},"query-input":{"@type":"PropertyValueSpecification","valueRequired":true,"valueName":"search_term_string"}}],"inLanguage":"ar"},{"@type":"Organization","@id":"https:\/\/ajishop.ma\/#organization","name":"AjiShop.ma","url":"https:\/\/ajishop.ma\/","logo":{"@type":"ImageObject","inLanguage":"ar","@id":"https:\/\/ajishop.ma\/#\/schema\/logo\/image\/","url":"https:\/\/ajishop.ma\/wp-content\/uploads\/2024\/09\/AjiShop.ma-Horizontal-Logo-Green.png","contentUrl":"https:\/\/ajishop.ma\/wp-content\/uploads\/2024\/09\/AjiShop.ma-Horizontal-Logo-Green.png","width":1917,"height":276,"caption":"AjiShop.ma"},"image":{"@id":"https:\/\/ajishop.ma\/#\/schema\/logo\/image\/"}}]}},"_links":{"self":[{"href":"https:\/\/ajishop.ma\/ar\/wp-json\/wp\/v2\/product\/17270"}],"collection":[{"href":"https:\/\/ajishop.ma\/ar\/wp-json\/wp\/v2\/product"}],"about":[{"href":"https:\/\/ajishop.ma\/ar\/wp-json\/wp\/v2\/types\/product"}],"replies":[{"embeddable":true,"href":"https:\/\/ajishop.ma\/ar\/wp-json\/wp\/v2\/comments?post=17270"}],"version-history":[{"count":1,"href":"https:\/\/ajishop.ma\/ar\/wp-json\/wp\/v2\/product\/17270\/revisions"}],"predecessor-version":[{"id":17272,"href":"https:\/\/ajishop.ma\/ar\/wp-json\/wp\/v2\/product\/17270\/revisions\/17272"}],"wp:featuredmedia":[{"embeddable":true,"href":"https:\/\/ajishop.ma\/ar\/wp-json\/wp\/v2\/media\/17271"}],"wp:attachment":[{"href":"https:\/\/ajishop.ma\/ar\/wp-json\/wp\/v2\/media?parent=17270"}],"wp:term":[{"taxonomy":"product_cat","embeddable":true,"href":"https:\/\/ajishop.ma\/ar\/wp-json\/wp\/v2\/product_cat?post=17270"},{"taxonomy":"product_tag","embeddable":true,"href":"https:\/\/ajishop.ma\/ar\/wp-json\/wp\/v2\/product_tag?post=17270"}],"curies":[{"name":"wp","href":"https:\/\/api.w.org\/{rel}","templated":true}]}}