{"id":17276,"date":"2024-11-11T01:42:09","date_gmt":"2024-11-11T00:42:09","guid":{"rendered":"https:\/\/ajishop.ma\/?post_type=product&#038;p=17276"},"modified":"2024-11-15T00:13:06","modified_gmt":"2024-11-14T23:13:06","slug":"graines-de-nigelle-darabie-saoudite","status":"publish","type":"product","link":"https:\/\/ajishop.ma\/ar\/shop\/herbes-et-apothicaire\/herbes\/graines-de-nigelle-darabie-saoudite\/","title":{"rendered":"Graines de nigelle d&#8217;Arabie Saoudite \/ \u062d\u0628\u0629 \u0627\u0644\u0628\u0631\u0643\u0629"},"content":{"rendered":"<div data-elementor-type=\"wp-post\" data-elementor-id=\"17276\" class=\"elementor elementor-17276\">\n\t\t\t\t<div class=\"wd-negative-gap elementor-element elementor-element-23eb756d e-flex e-con-boxed e-con e-parent\" data-id=\"23eb756d\" data-element_type=\"container\">\n\t\t\t\t\t<div class=\"e-con-inner\">\n\t\t\t\t<div class=\"elementor-element elementor-element-2522bd54 lang-fr color-scheme-inherit text-left elementor-widget elementor-widget-text-editor\" data-id=\"2522bd54\" data-element_type=\"widget\" data-widget_type=\"text-editor.default\">\n\t\t\t\t<div class=\"elementor-widget-container\">\n\t\t\t\t\t\t\t<strong>Grosse Graines de Nigelle &#8211; \u062d\u0628\u0629 \u0627\u0644\u0628\u0631\u0643\u0629 \/ \u0627\u0644\u062d\u0628\u0629 \u0627\u0644\u0633\u0648\u062f\u0627\u0621 : Les grosse graine de nigelle Graines aux Grands Bienfaits<\/strong>\n\nD\u00e9couvrez les Graines de Nigelle, \u00e9galement connues sous les noms \u062d\u0628\u0629 \u0627\u0644\u0628\u0631\u0643\u0629 \/ \u0627\u0644\u062d\u0628\u0629 \u0627\u0644\u0633\u0648\u062f\u0627\u0621. Ces petites graines noires renferment une multitude de bienfaits pour la sant\u00e9 et ont \u00e9t\u00e9 utilis\u00e9es depuis des si\u00e8cles pour leurs propri\u00e9t\u00e9s m\u00e9dicinales. Voici comment les Graines de Nigelle peuvent enrichir votre vie :\n\n<strong>Propri\u00e9t\u00e9s B\u00e9n\u00e9fiques :<\/strong>\n<ul>\n \t<li><strong>Tradition Ancienne :<\/strong>\u00a0Les Graines de Nigelle ont une longue histoire d&#8217;utilisation dans les rem\u00e8des traditionnels.<\/li>\n \t<li><strong>Bienfaits Potentiels :<\/strong>\u00a0On pense qu&#8217;elles pourraient contribuer \u00e0 diff\u00e9rents aspects de la sant\u00e9.<\/li>\n<\/ul>\n<strong>Soutien Immunitaire :<\/strong>\n<ul>\n \t<li><strong>Renforcement Naturel :<\/strong>\u00a0Les Graines de Nigelle sont r\u00e9put\u00e9es pour leur potentiel de soutien immunitaire.<\/li>\n \t<li><strong>Bien-\u00catre Global :<\/strong>\u00a0Explorez comment elles peuvent contribuer \u00e0 votre bien-\u00eatre g\u00e9n\u00e9ral.<\/li>\n<\/ul>\n<strong>Utilisation Polyvalente :<\/strong>\n<ul>\n \t<li><strong>Cuisine et Culinaire :<\/strong>\u00a0Int\u00e9grez les graines dans vos plats, pains ou salades pour ajouter une saveur unique.<\/li>\n \t<li><strong>Usage Topique :<\/strong>\u00a0Certaines personnes utilisent l&#8217;huile de nigelle \u00e0 base de ces graines pour des soins cutan\u00e9s.<\/li>\n<\/ul>\n<strong>Astuce Bien-\u00catre :<\/strong>\n<ul>\n \t<li><strong>Infusions Nourrissantes :<\/strong>\u00a0Pr\u00e9parez une infusion avec les graines pour profiter de leurs bienfaits.<\/li>\n \t<li><strong>Consultation M\u00e9dicale :<\/strong>\u00a0Si vous envisagez d&#8217;utiliser les graines de nigelle \u00e0 des fins m\u00e9dicinales, consultez un professionnel de la sant\u00e9.<\/li>\n<\/ul>\nExplorez les bienfaits anciens des Graines de Nigelle. Commandez d\u00e8s maintenant sur Goji.ma pour d\u00e9couvrir comment ces petites graines peuvent jouer un r\u00f4le dans votre qu\u00eate d&#8217;un mode de vie \u00e9quilibr\u00e9 et naturel.\t\t\t\t\t\t<\/div>\n\t\t\t\t<\/div>\n\t\t\t\t\t<\/div>\n\t\t\t\t<\/div>\n\t\t<div class=\"wd-negative-gap elementor-element elementor-element-95d0018 e-flex e-con-boxed e-con e-parent\" data-id=\"95d0018\" data-element_type=\"container\">\n\t\t\t\t\t<div class=\"e-con-inner\">\n\t\t\t\t<div class=\"elementor-element elementor-element-c7d9f8c lang-ar color-scheme-inherit text-left elementor-widget elementor-widget-text-editor\" data-id=\"c7d9f8c\" data-element_type=\"widget\" data-widget_type=\"text-editor.default\">\n\t\t\t\t<div class=\"elementor-widget-container\">\n\t\t\t\t\t\t\t<p style=\"text-align: center\"><strong><span>\u0628\u0630\u0648\u0631 <\/span><span style=\"font-size: 14pt\">\u062d\u0628\u0629 \u0627\u0644\u0628\u0631\u0643\u0629 \u0627\u0644\u0643\u0628\u064a\u0631\u0629 &#8211; \u062d\u0628\u0629 \u0627\u0644\u0628\u0631\u0643\u0629 \/ \u0627\u0644\u062d\u0628\u0629 \u0627\u0644\u0633\u0648\u062f\u0627\u0621: \u0628\u0630\u0648\u0631 \u062d\u0628\u0629 \u0627\u0644\u0628\u0631\u0643\u0629 \u0627\u0644\u0643\u0628\u064a\u0631\u0629 \u0630\u0627\u062a \u0641\u0648\u0627\u0626\u062f \u0639\u0638\u064a\u0645\u0629<\/span><\/strong><\/p><p style=\"text-align: center\"><span style=\"font-size: 14pt\"><strong>\u0627\u0643\u062a\u0634\u0641 \u0628\u0630\u0648\u0631 \u062d\u0628\u0629 \u0627\u0644\u0628\u0631\u0643\u0629\u060c \u0627\u0644\u0645\u0639\u0631\u0648\u0641\u0629 \u0623\u064a\u0636\u064b\u0627 \u0628\u0627\u0633\u0645 \u062d\u0628\u0629 \u0627\u0644\u0628\u0631\u0643\u0629 \/ \u0627\u0644\u062d\u0628\u0629 \u0627\u0644\u0633\u0648\u062f\u0627\u0621. \u062a\u062d\u062a\u0648\u064a \u0647\u0630\u0647 \u0627\u0644\u0628\u0630\u0648\u0631 \u0627\u0644\u0633\u0648\u062f\u0627\u0621 \u0627\u0644\u0635\u063a\u064a\u0631\u0629 \u0639\u0644\u0649 \u0627\u0644\u0639\u062f\u064a\u062f \u0645\u0646 \u0627\u0644\u0641\u0648\u0627\u0626\u062f \u0627\u0644\u0635\u062d\u064a\u0629 \u0648\u0642\u062f \u062a\u0645 \u0627\u0633\u062a\u062e\u062f\u0627\u0645\u0647\u0627 \u0644\u0639\u062f\u0629 \u0642\u0631\u0648\u0646 \u0644\u062e\u0635\u0627\u0626\u0635\u0647\u0627 \u0627\u0644\u0637\u0628\u064a\u0629. \u0625\u0644\u064a\u0643 \u0643\u064a\u0641 \u064a\u0645\u0643\u0646 \u0644\u0644\u0628\u0630\u0648\u0631 \u0627\u0644\u0633\u0648\u062f\u0627\u0621 \u0623\u0646 \u062a\u062b\u0631\u064a \u062d\u064a\u0627\u062a\u0643:<\/strong><\/span><\/p><p style=\"text-align: center\"><span style=\"font-size: 14pt\"><strong>\u062e\u0635\u0627\u0626\u0635 \u0645\u0641\u064a\u062f\u0629:<\/strong><\/span><\/p><ul style=\"text-align: center\"><li><p><span style=\"font-size: 14pt\"><strong>\u0627\u0644\u062a\u0642\u0644\u064a\u062f \u0627\u0644\u0642\u062f\u064a\u0645:\u00a0\u0627\u0644\u0628\u0630\u0648\u0631 \u0627\u0644\u0633\u0648\u062f\u0627\u0621 \u0644\u0647\u0627 \u062a\u0627\u0631\u064a\u062e \u0637\u0648\u064a\u0644 \u0645\u0646 \u0627\u0644\u0627\u0633\u062a\u062e\u062f\u0627\u0645 \u0641\u064a \u0627\u0644\u0639\u0644\u0627\u062c\u0627\u062a \u0627\u0644\u062a\u0642\u0644\u064a\u062f\u064a\u0629.<\/strong><\/span><\/p><\/li><li><p><span style=\"font-size: 14pt\"><strong>\u0627\u0644\u0641\u0648\u0627\u0626\u062f \u0627\u0644\u0645\u062d\u062a\u0645\u0644\u0629:\u00a0\u064a\u064f\u0639\u062a\u0642\u062f \u0623\u0646\u0647\u0627 \u064a\u0645\u0643\u0646 \u0623\u0646 \u062a\u0633\u0627\u0647\u0645 \u0641\u064a \u062c\u0648\u0627\u0646\u0628 \u0645\u062e\u062a\u0644\u0641\u0629 \u0645\u0646 \u0627\u0644\u0635\u062d\u0629.<\/strong><\/span><\/p><\/li><\/ul><p style=\"text-align: center\"><span style=\"font-size: 14pt\"><strong>\u062f\u0639\u0645 \u0627\u0644\u0645\u0646\u0627\u0639\u0629:<\/strong><\/span><\/p><ul style=\"text-align: center\"><li><p><span style=\"font-size: 14pt\"><strong>\u0627\u0644\u062a\u0639\u0632\u064a\u0632 \u0627\u0644\u0637\u0628\u064a\u0639\u064a:\u00a0\u062a\u0634\u062a\u0647\u0631 \u0627\u0644\u0628\u0630\u0648\u0631 \u0627\u0644\u0633\u0648\u062f\u0627\u0621 \u0628\u0642\u062f\u0631\u0627\u062a\u0647\u0627 \u0639\u0644\u0649 \u062f\u0639\u0645 \u0627\u0644\u0645\u0646\u0627\u0639\u0629.<\/strong><\/span><\/p><\/li><li><p><span style=\"font-size: 14pt\"><strong>\u0627\u0644\u0631\u0641\u0627\u0647\u064a\u0629 \u0627\u0644\u0639\u0627\u0645\u0629:\u00a0\u0627\u0643\u062a\u0634\u0641 \u0643\u064a\u0641 \u064a\u0645\u0643\u0646\u0647\u0645 \u0627\u0644\u0645\u0633\u0627\u0647\u0645\u0629 \u0641\u064a \u0631\u0641\u0627\u0647\u062a\u0643 \u0627\u0644\u0639\u0627\u0645\u0629.<\/strong><\/span><\/p><\/li><\/ul><p style=\"text-align: center\"><span style=\"font-size: 14pt\"><strong>\u0627\u0633\u062a\u062e\u062f\u0627\u0645 \u0645\u062a\u0639\u062f\u062f \u0627\u0644\u0627\u0633\u062a\u062e\u062f\u0627\u0645\u0627\u062a:<\/strong><\/span><\/p><ul style=\"text-align: center\"><li><p><span style=\"font-size: 14pt\"><strong>\u0627\u0644\u0637\u0628\u062e \u0648\u0627\u0644\u0637\u0647\u064a:\u00a0\u0642\u0645 \u0628\u062f\u0645\u062c \u0627\u0644\u0628\u0630\u0648\u0631 \u0641\u064a \u0623\u0637\u0628\u0627\u0642\u0643 \u0623\u0648 \u0627\u0644\u062e\u0628\u0632 \u0623\u0648 \u0627\u0644\u0633\u0644\u0637\u0627\u062a \u0644\u0625\u0636\u0627\u0641\u0629 \u0646\u0643\u0647\u0629 \u0641\u0631\u064a\u062f\u0629 \u0645\u0646 \u0646\u0648\u0639\u0647\u0627.<\/strong><\/span><\/p><\/li><li><p><span style=\"font-size: 14pt\"><strong>\u0627\u0644\u0627\u0633\u062a\u062e\u062f\u0627\u0645 \u0627\u0644\u0645\u0648\u0636\u0639\u064a:\u00a0\u064a\u0633\u062a\u062e\u062f\u0645 \u0628\u0639\u0636 \u0627\u0644\u0623\u0634\u062e\u0627\u0635 \u0632\u064a\u062a \u0627\u0644\u062d\u0628\u0629 \u0627\u0644\u0633\u0648\u062f\u0627\u0621 \u0627\u0644\u0645\u0635\u0646\u0648\u0639 \u0645\u0646 \u0647\u0630\u0647 \u0627\u0644\u0628\u0630\u0648\u0631 \u0644\u0644\u0639\u0646\u0627\u064a\u0629 \u0628\u0627\u0644\u0628\u0634\u0631\u0629.<\/strong><\/span><\/p><\/li><\/ul><p style=\"text-align: center\"><span style=\"font-size: 14pt\"><strong>\u0646\u0635\u064a\u062d\u0629 \u0627\u0644\u0639\u0627\u0641\u064a\u0629:<\/strong><\/span><\/p><ul style=\"text-align: center\"><li><p><span style=\"font-size: 14pt\"><strong>\u0645\u0646\u0642\u0648\u0639 \u0645\u063a\u0630\u064d:\u00a0\u0642\u0645 \u0628\u0625\u0639\u062f\u0627\u062f \u0645\u0646\u0642\u0648\u0639 \u0645\u0646 \u0627\u0644\u0628\u0630\u0648\u0631 \u0644\u0644\u0627\u0633\u062a\u0641\u0627\u062f\u0629 \u0645\u0646 \u0641\u0648\u0627\u0626\u062f\u0647\u0627.<\/strong><\/span><\/p><\/li><li><p><span style=\"font-size: 14pt\"><strong>\u0627\u0644\u0627\u0633\u062a\u0634\u0627\u0631\u0629 \u0627\u0644\u0637\u0628\u064a\u0629:\u00a0\u0625\u0630\u0627 \u0643\u0646\u062a \u062a\u0641\u0643\u0631 \u0641\u064a \u0627\u0633\u062a\u062e\u062f\u0627\u0645 \u0628\u0630\u0648\u0631 \u062d\u0628\u0629 \u0627\u0644\u0628\u0631\u0643\u0629 \u0644\u0644\u0623\u063a\u0631\u0627\u0636 \u0627\u0644\u0637\u0628\u064a\u0629\u060c \u0627\u0633\u062a\u0634\u0631 \u0623\u062e\u0635\u0627\u0626\u064a \u0627\u0644\u0631\u0639\u0627\u064a\u0629 \u0627\u0644\u0635\u062d\u064a\u0629.<\/strong><\/span><\/p><\/li><\/ul><p style=\"text-align: center\"><span><span style=\"font-size: 14pt\"><strong>\u00a0\u0641\u064a \u0633\u0639\u064a\u0643 \u0644\u062a\u062d\u0642\u064a\u0642 \u0646\u0645\u0637 \u062d\u064a\u0627\u0629 \u0645\u062a\u0648\u0627\u0632\u0646<\/strong><\/span> \u0648\u0637\u0628\u064a\u0639\u064a.<\/span><\/p>\t\t\t\t\t\t<\/div>\n\t\t\t\t<\/div>\n\t\t\t\t\t<\/div>\n\t\t\t\t<\/div>\n\t\t\t\t<\/div>","protected":false},"excerpt":{"rendered":"<p>Grosse Graines de Nigelle &#8211; \u062d\u0628\u0629 \u0627\u0644\u0628\u0631\u0643\u0629 \/ \u0627\u0644\u062d\u0628\u0629 \u0627\u0644\u0633\u0648\u062f\u0627\u0621 : Les grosse graine de nigelle Graines aux Grands Bienfaits<\/p>","protected":false},"featured_media":17286,"comment_status":"open","ping_status":"closed","template":"","meta":[],"product_cat":[32,75,76],"product_tag":[],"yoast_head":"<!-- This site is optimized with the Yoast SEO plugin v23.4 - https:\/\/yoast.com\/wordpress\/plugins\/seo\/ -->\n<title>Graines de nigelle d&#039;Arabie Saoudite \/ \u062d\u0628\u0629 \u0627\u0644\u0628\u0631\u0643\u0629 - AjiShop.ma<\/title>\n<meta name=\"robots\" content=\"index, follow, max-snippet:-1, max-image-preview:large, max-video-preview:-1\" \/>\n<link rel=\"canonical\" href=\"https:\/\/ajishop.ma\/ar\/shop\/herbes-et-apothicaire\/herbes\/graines-de-nigelle-darabie-saoudite\/\" \/>\n<meta property=\"og:locale\" content=\"ar_AR\" \/>\n<meta property=\"og:type\" content=\"article\" \/>\n<meta property=\"og:title\" content=\"Graines de nigelle d&#039;Arabie Saoudite \/ \u062d\u0628\u0629 \u0627\u0644\u0628\u0631\u0643\u0629 - AjiShop.ma\" \/>\n<meta property=\"og:description\" content=\"Grosse Graines de Nigelle &#8211; \u062d\u0628\u0629 \u0627\u0644\u0628\u0631\u0643\u0629 \/ \u0627\u0644\u062d\u0628\u0629 \u0627\u0644\u0633\u0648\u062f\u0627\u0621 : Les grosse graine de nigelle Graines aux Grands Bienfaits\" \/>\n<meta property=\"og:url\" content=\"https:\/\/ajishop.ma\/ar\/shop\/herbes-et-apothicaire\/herbes\/graines-de-nigelle-darabie-saoudite\/\" \/>\n<meta property=\"og:site_name\" content=\"AjiShop.ma\" \/>\n<meta property=\"article:modified_time\" content=\"2024-11-14T23:13:06+00:00\" \/>\n<meta property=\"og:image\" content=\"https:\/\/ajishop.ma\/wp-content\/uploads\/2024\/11\/Graines-de-nigelle-darabie-Saoudite-qualite-premium.webp\" \/>\n\t<meta property=\"og:image:width\" content=\"600\" \/>\n\t<meta property=\"og:image:height\" content=\"450\" \/>\n\t<meta property=\"og:image:type\" content=\"image\/webp\" \/>\n<meta name=\"twitter:card\" content=\"summary_large_image\" \/>\n<meta name=\"twitter:label1\" content=\"\u0648\u0642\u062a \u0627\u0644\u0642\u0631\u0627\u0621\u0629 \u0627\u0644\u0645\u064f\u0642\u062f\u0651\u0631\" \/>\n\t<meta name=\"twitter:data1\" content=\"3 \u062f\u0642\u0627\u0626\u0642\" \/>\n<script type=\"application\/ld+json\" class=\"yoast-schema-graph\">{\"@context\":\"https:\/\/schema.org\",\"@graph\":[{\"@type\":\"WebPage\",\"@id\":\"https:\/\/ajishop.ma\/shop\/herbes-et-apothicaire\/herbes\/graines-de-nigelle-darabie-saoudite\/\",\"url\":\"https:\/\/ajishop.ma\/shop\/herbes-et-apothicaire\/herbes\/graines-de-nigelle-darabie-saoudite\/\",\"name\":\"Graines de nigelle d'Arabie Saoudite \/ \u062d\u0628\u0629 \u0627\u0644\u0628\u0631\u0643\u0629 - AjiShop.ma\",\"isPartOf\":{\"@id\":\"https:\/\/ajishop.ma\/#website\"},\"primaryImageOfPage\":{\"@id\":\"https:\/\/ajishop.ma\/shop\/herbes-et-apothicaire\/herbes\/graines-de-nigelle-darabie-saoudite\/#primaryimage\"},\"image\":{\"@id\":\"https:\/\/ajishop.ma\/shop\/herbes-et-apothicaire\/herbes\/graines-de-nigelle-darabie-saoudite\/#primaryimage\"},\"thumbnailUrl\":\"https:\/\/ajishop.ma\/wp-content\/uploads\/2024\/11\/Graines-de-nigelle-darabie-Saoudite-qualite-premium.webp\",\"datePublished\":\"2024-11-11T00:42:09+00:00\",\"dateModified\":\"2024-11-14T23:13:06+00:00\",\"breadcrumb\":{\"@id\":\"https:\/\/ajishop.ma\/shop\/herbes-et-apothicaire\/herbes\/graines-de-nigelle-darabie-saoudite\/#breadcrumb\"},\"inLanguage\":\"ar\",\"potentialAction\":[{\"@type\":\"ReadAction\",\"target\":[\"https:\/\/ajishop.ma\/shop\/herbes-et-apothicaire\/herbes\/graines-de-nigelle-darabie-saoudite\/\"]}]},{\"@type\":\"ImageObject\",\"inLanguage\":\"ar\",\"@id\":\"https:\/\/ajishop.ma\/shop\/herbes-et-apothicaire\/herbes\/graines-de-nigelle-darabie-saoudite\/#primaryimage\",\"url\":\"https:\/\/ajishop.ma\/wp-content\/uploads\/2024\/11\/Graines-de-nigelle-darabie-Saoudite-qualite-premium.webp\",\"contentUrl\":\"https:\/\/ajishop.ma\/wp-content\/uploads\/2024\/11\/Graines-de-nigelle-darabie-Saoudite-qualite-premium.webp\",\"width\":600,\"height\":450},{\"@type\":\"BreadcrumbList\",\"@id\":\"https:\/\/ajishop.ma\/shop\/herbes-et-apothicaire\/herbes\/graines-de-nigelle-darabie-saoudite\/#breadcrumb\",\"itemListElement\":[{\"@type\":\"ListItem\",\"position\":1,\"name\":\"Accueil\",\"item\":\"https:\/\/ajishop.ma\/\"},{\"@type\":\"ListItem\",\"position\":2,\"name\":\"Magasin\",\"item\":\"https:\/\/ajishop.ma\/shop\/\"},{\"@type\":\"ListItem\",\"position\":3,\"name\":\"Graines de nigelle d&#8217;Arabie Saoudite \/ \u062d\u0628\u0629 \u0627\u0644\u0628\u0631\u0643\u0629\"}]},{\"@type\":\"WebSite\",\"@id\":\"https:\/\/ajishop.ma\/#website\",\"url\":\"https:\/\/ajishop.ma\/\",\"name\":\"AjiShop.ma\",\"description\":\"Produits 100% naturels, Pour votre bien \u00eatre...\",\"publisher\":{\"@id\":\"https:\/\/ajishop.ma\/#organization\"},\"potentialAction\":[{\"@type\":\"SearchAction\",\"target\":{\"@type\":\"EntryPoint\",\"urlTemplate\":\"https:\/\/ajishop.ma\/?s={search_term_string}\"},\"query-input\":{\"@type\":\"PropertyValueSpecification\",\"valueRequired\":true,\"valueName\":\"search_term_string\"}}],\"inLanguage\":\"ar\"},{\"@type\":\"Organization\",\"@id\":\"https:\/\/ajishop.ma\/#organization\",\"name\":\"AjiShop.ma\",\"url\":\"https:\/\/ajishop.ma\/\",\"logo\":{\"@type\":\"ImageObject\",\"inLanguage\":\"ar\",\"@id\":\"https:\/\/ajishop.ma\/#\/schema\/logo\/image\/\",\"url\":\"https:\/\/ajishop.ma\/wp-content\/uploads\/2024\/09\/AjiShop.ma-Horizontal-Logo-Green.png\",\"contentUrl\":\"https:\/\/ajishop.ma\/wp-content\/uploads\/2024\/09\/AjiShop.ma-Horizontal-Logo-Green.png\",\"width\":1917,\"height\":276,\"caption\":\"AjiShop.ma\"},\"image\":{\"@id\":\"https:\/\/ajishop.ma\/#\/schema\/logo\/image\/\"}}]}<\/script>\n<!-- \/ Yoast SEO plugin. -->","yoast_head_json":{"title":"Graines de nigelle d'Arabie Saoudite \/ \u062d\u0628\u0629 \u0627\u0644\u0628\u0631\u0643\u0629 - AjiShop.ma","robots":{"index":"index","follow":"follow","max-snippet":"max-snippet:-1","max-image-preview":"max-image-preview:large","max-video-preview":"max-video-preview:-1"},"canonical":"https:\/\/ajishop.ma\/ar\/shop\/herbes-et-apothicaire\/herbes\/graines-de-nigelle-darabie-saoudite\/","og_locale":"ar_AR","og_type":"article","og_title":"Graines de nigelle d'Arabie Saoudite \/ \u062d\u0628\u0629 \u0627\u0644\u0628\u0631\u0643\u0629 - AjiShop.ma","og_description":"Grosse Graines de Nigelle &#8211; \u062d\u0628\u0629 \u0627\u0644\u0628\u0631\u0643\u0629 \/ \u0627\u0644\u062d\u0628\u0629 \u0627\u0644\u0633\u0648\u062f\u0627\u0621 : Les grosse graine de nigelle Graines aux Grands Bienfaits","og_url":"https:\/\/ajishop.ma\/ar\/shop\/herbes-et-apothicaire\/herbes\/graines-de-nigelle-darabie-saoudite\/","og_site_name":"AjiShop.ma","article_modified_time":"2024-11-14T23:13:06+00:00","og_image":[{"width":600,"height":450,"url":"https:\/\/ajishop.ma\/wp-content\/uploads\/2024\/11\/Graines-de-nigelle-darabie-Saoudite-qualite-premium.webp","type":"image\/webp"}],"twitter_card":"summary_large_image","twitter_misc":{"\u0648\u0642\u062a \u0627\u0644\u0642\u0631\u0627\u0621\u0629 \u0627\u0644\u0645\u064f\u0642\u062f\u0651\u0631":"3 \u062f\u0642\u0627\u0626\u0642"},"schema":{"@context":"https:\/\/schema.org","@graph":[{"@type":"WebPage","@id":"https:\/\/ajishop.ma\/shop\/herbes-et-apothicaire\/herbes\/graines-de-nigelle-darabie-saoudite\/","url":"https:\/\/ajishop.ma\/shop\/herbes-et-apothicaire\/herbes\/graines-de-nigelle-darabie-saoudite\/","name":"Graines de nigelle d'Arabie Saoudite \/ \u062d\u0628\u0629 \u0627\u0644\u0628\u0631\u0643\u0629 - AjiShop.ma","isPartOf":{"@id":"https:\/\/ajishop.ma\/#website"},"primaryImageOfPage":{"@id":"https:\/\/ajishop.ma\/shop\/herbes-et-apothicaire\/herbes\/graines-de-nigelle-darabie-saoudite\/#primaryimage"},"image":{"@id":"https:\/\/ajishop.ma\/shop\/herbes-et-apothicaire\/herbes\/graines-de-nigelle-darabie-saoudite\/#primaryimage"},"thumbnailUrl":"https:\/\/ajishop.ma\/wp-content\/uploads\/2024\/11\/Graines-de-nigelle-darabie-Saoudite-qualite-premium.webp","datePublished":"2024-11-11T00:42:09+00:00","dateModified":"2024-11-14T23:13:06+00:00","breadcrumb":{"@id":"https:\/\/ajishop.ma\/shop\/herbes-et-apothicaire\/herbes\/graines-de-nigelle-darabie-saoudite\/#breadcrumb"},"inLanguage":"ar","potentialAction":[{"@type":"ReadAction","target":["https:\/\/ajishop.ma\/shop\/herbes-et-apothicaire\/herbes\/graines-de-nigelle-darabie-saoudite\/"]}]},{"@type":"ImageObject","inLanguage":"ar","@id":"https:\/\/ajishop.ma\/shop\/herbes-et-apothicaire\/herbes\/graines-de-nigelle-darabie-saoudite\/#primaryimage","url":"https:\/\/ajishop.ma\/wp-content\/uploads\/2024\/11\/Graines-de-nigelle-darabie-Saoudite-qualite-premium.webp","contentUrl":"https:\/\/ajishop.ma\/wp-content\/uploads\/2024\/11\/Graines-de-nigelle-darabie-Saoudite-qualite-premium.webp","width":600,"height":450},{"@type":"BreadcrumbList","@id":"https:\/\/ajishop.ma\/shop\/herbes-et-apothicaire\/herbes\/graines-de-nigelle-darabie-saoudite\/#breadcrumb","itemListElement":[{"@type":"ListItem","position":1,"name":"Accueil","item":"https:\/\/ajishop.ma\/"},{"@type":"ListItem","position":2,"name":"Magasin","item":"https:\/\/ajishop.ma\/shop\/"},{"@type":"ListItem","position":3,"name":"Graines de nigelle d&#8217;Arabie Saoudite \/ \u062d\u0628\u0629 \u0627\u0644\u0628\u0631\u0643\u0629"}]},{"@type":"WebSite","@id":"https:\/\/ajishop.ma\/#website","url":"https:\/\/ajishop.ma\/","name":"AjiShop.ma","description":"Produits 100% naturels, Pour votre bien \u00eatre...","publisher":{"@id":"https:\/\/ajishop.ma\/#organization"},"potentialAction":[{"@type":"SearchAction","target":{"@type":"EntryPoint","urlTemplate":"https:\/\/ajishop.ma\/?s={search_term_string}"},"query-input":{"@type":"PropertyValueSpecification","valueRequired":true,"valueName":"search_term_string"}}],"inLanguage":"ar"},{"@type":"Organization","@id":"https:\/\/ajishop.ma\/#organization","name":"AjiShop.ma","url":"https:\/\/ajishop.ma\/","logo":{"@type":"ImageObject","inLanguage":"ar","@id":"https:\/\/ajishop.ma\/#\/schema\/logo\/image\/","url":"https:\/\/ajishop.ma\/wp-content\/uploads\/2024\/09\/AjiShop.ma-Horizontal-Logo-Green.png","contentUrl":"https:\/\/ajishop.ma\/wp-content\/uploads\/2024\/09\/AjiShop.ma-Horizontal-Logo-Green.png","width":1917,"height":276,"caption":"AjiShop.ma"},"image":{"@id":"https:\/\/ajishop.ma\/#\/schema\/logo\/image\/"}}]}},"_links":{"self":[{"href":"https:\/\/ajishop.ma\/ar\/wp-json\/wp\/v2\/product\/17276"}],"collection":[{"href":"https:\/\/ajishop.ma\/ar\/wp-json\/wp\/v2\/product"}],"about":[{"href":"https:\/\/ajishop.ma\/ar\/wp-json\/wp\/v2\/types\/product"}],"replies":[{"embeddable":true,"href":"https:\/\/ajishop.ma\/ar\/wp-json\/wp\/v2\/comments?post=17276"}],"version-history":[{"count":10,"href":"https:\/\/ajishop.ma\/ar\/wp-json\/wp\/v2\/product\/17276\/revisions"}],"predecessor-version":[{"id":17287,"href":"https:\/\/ajishop.ma\/ar\/wp-json\/wp\/v2\/product\/17276\/revisions\/17287"}],"wp:featuredmedia":[{"embeddable":true,"href":"https:\/\/ajishop.ma\/ar\/wp-json\/wp\/v2\/media\/17286"}],"wp:attachment":[{"href":"https:\/\/ajishop.ma\/ar\/wp-json\/wp\/v2\/media?parent=17276"}],"wp:term":[{"taxonomy":"product_cat","embeddable":true,"href":"https:\/\/ajishop.ma\/ar\/wp-json\/wp\/v2\/product_cat?post=17276"},{"taxonomy":"product_tag","embeddable":true,"href":"https:\/\/ajishop.ma\/ar\/wp-json\/wp\/v2\/product_tag?post=17276"}],"curies":[{"name":"wp","href":"https:\/\/api.w.org\/{rel}","templated":true}]}}