{"id":17288,"date":"2024-11-11T01:51:52","date_gmt":"2024-11-11T00:51:52","guid":{"rendered":"https:\/\/ajishop.ma\/?post_type=product&#038;p=17288"},"modified":"2024-11-15T00:10:46","modified_gmt":"2024-11-14T23:10:46","slug":"graines-de-cresson","status":"publish","type":"product","link":"https:\/\/ajishop.ma\/ar\/shop\/herbes-et-apothicaire\/herbes\/graines-de-cresson\/","title":{"rendered":"Graines de cresson &#8211; \u062d\u0628 \u0627\u0644\u0631\u0634\u0627\u062f"},"content":{"rendered":"<div data-elementor-type=\"wp-post\" data-elementor-id=\"17288\" class=\"elementor elementor-17288\">\n\t\t\t\t<div class=\"wd-negative-gap elementor-element elementor-element-39dc00bf e-flex e-con-boxed e-con e-parent\" data-id=\"39dc00bf\" data-element_type=\"container\">\n\t\t\t\t\t<div class=\"e-con-inner\">\n\t\t\t\t<div class=\"elementor-element elementor-element-481ace31 lang-fr color-scheme-inherit text-left elementor-widget elementor-widget-text-editor\" data-id=\"481ace31\" data-element_type=\"widget\" data-widget_type=\"text-editor.default\">\n\t\t\t\t<div class=\"elementor-widget-container\">\n\t\t\t\t\t\t\t<strong>Graines de cresson &#8211; \u062d\u0628 \u0627\u0644\u0631\u0634\u0627\u062f<\/strong>\n\nLa graine de cresson est g\u00e9n\u00e9ralement appel\u00e9 cresson. C\u2019est une herbe comestible \u00e0 croissance rapide qui est \u00e9troitement li\u00e9e \u00e0 la moutarde et au cresson de fontaine. En raison de sa saveur piquante, la graine de cresson est tr\u00e8s populaire comme garniture pour les p\u00e2tes ou les sandwichs.\n\nCependant, le cresson cru pourrait \u00eatre consomm\u00e9 sous forme de pousses pour \u00eatre ajout\u00e9 \u00e0 la salade et \u00e0 la soupe parce qu\u2019ils sont fondamentalement comme des mini-l\u00e9gumes \u00e0 feuilles.\n\nVertus sant\u00e9:\n\n&#8211; R\u00e9duit les sympt\u00f4mes de l\u2019asthme\n&#8211; Excellent pour la perte de poids\n&#8211; Solution naturelle \u00e0 la constipation\n&#8211; Utilis\u00e9 comme amplificateur d\u2019immunit\u00e9\n&#8211; Favorise la production de RBC\n&#8211; Soigne l\u2019an\u00e9mie\n&#8211; Aide \u00e0 normaliser le cycle menstruel\n&#8211; Recommand\u00e9 pour la m\u00e8re pendant l\u2019allaitement maternel\n&#8211; Excellent stimulateur de m\u00e9moire\n&#8211; Pourrait agir comme expectorant naturel\n&#8211; Traite certaines affections cutan\u00e9es\n&#8211; Peut pr\u00e9venir la chute des cheveux\t\t\t\t\t\t<\/div>\n\t\t\t\t<\/div>\n\t\t\t\t\t<\/div>\n\t\t\t\t<\/div>\n\t\t<div class=\"wd-negative-gap elementor-element elementor-element-f1ef794 e-flex e-con-boxed e-con e-parent\" data-id=\"f1ef794\" data-element_type=\"container\">\n\t\t\t\t\t<div class=\"e-con-inner\">\n\t\t\t\t<div class=\"elementor-element elementor-element-0516d28 lang-ar color-scheme-inherit text-left elementor-widget elementor-widget-text-editor\" data-id=\"0516d28\" data-element_type=\"widget\" data-widget_type=\"text-editor.default\">\n\t\t\t\t<div class=\"elementor-widget-container\">\n\t\t\t\t\t\t\t<p style=\"text-align: right\"><strong><span style=\"font-size: 14pt\">&#8211; \u064a\u0642\u0644\u0644 \u0645\u0646 \u0623\u0639\u0631\u0627\u0636 \u0627\u0644\u0631\u0628\u0648<\/span><\/strong><br \/><strong><span style=\"font-size: 14pt\">&#8211; \u0645\u0645\u062a\u0627\u0632 \u0644\u0641\u0642\u062f\u0627\u0646 \u0627\u0644\u0648\u0632\u0646<\/span><\/strong><br \/><strong><span style=\"font-size: 14pt\">&#8211; \u062d\u0644 \u0637\u0628\u064a\u0639\u064a \u0644\u0644\u0625\u0645\u0633\u0627\u0643<\/span><\/strong><br \/><strong><span style=\"font-size: 14pt\">&#8211; \u064a\u0633\u062a\u062e\u062f\u0645 \u0643\u0645\u0642\u0648\u064a \u0644\u0644\u0645\u0646\u0627\u0639\u0629<\/span><\/strong><br \/><strong><span style=\"font-size: 14pt\">&#8211; \u064a\u0639\u0632\u0632 \u0625\u0646\u062a\u0627\u062c \u0643\u0631\u0627\u062a \u0627\u0644\u062f\u0645 \u0627\u0644\u062d\u0645\u0631\u0627\u0621 &#8211;<\/span><\/strong><br \/><strong><span style=\"font-size: 14pt\">\u064a\u0639\u0627\u0644\u062c \u0641\u0642\u0631 \u0627\u0644\u062f\u0645<\/span><\/strong><br \/><strong><span style=\"font-size: 14pt\">&#8211; \u064a\u0633\u0627\u0639\u062f \u0639\u0644\u0649 \u062a\u0646\u0638\u064a\u0645 \u0627\u0644\u062f\u0648\u0631\u0629 \u0627\u0644\u0634\u0647\u0631\u064a\u0629<\/span><\/strong><br \/><strong><span style=\"font-size: 14pt\">&#8211; \u064a\u0648\u0635\u0649 \u0628\u0647 \u0644\u0644\u0623\u0645 \u0623\u062b\u0646\u0627\u0621 \u0627\u0644\u0631\u0636\u0627\u0639\u0629<\/span><\/strong><br \/><strong><span style=\"font-size: 14pt\">\u0627\u0644\u0637\u0628\u064a\u0639\u064a\u0629 &#8211; \u0645\u062d\u0633\u0646 \u0645\u0645\u062a\u0627\u0632 \u0644\u0644\u0630\u0627\u0643\u0631\u0629<\/span><\/strong><br \/><strong><span style=\"font-size: 14pt\">&#8211; \u064a\u0645\u0643\u0646 \u0623\u0646 \u064a\u0643\u0648\u0646 \u0628\u0645\u062b\u0627\u0628\u0629 \u0645\u0642\u0634\u0639 \u0637\u0628\u064a\u0639\u064a<\/span><\/strong><br \/><strong><span style=\"font-size: 14pt\">&#8211; \u064a\u0639\u0627\u0644\u062c \u0628\u0639\u0636 \u0627\u0644\u0623\u0645\u0631\u0627\u0636 \u0627\u0644\u062c\u0644\u062f\u064a\u0629<\/span><\/strong><br \/><strong><span style=\"font-size: 14pt\">. &#8211; \u0642\u062f \u064a\u0645\u0646\u0639 \u062a\u0633\u0627\u0642\u0637 \u0627\u0644\u0634\u0639\u0631<\/span><\/strong><\/p>\t\t\t\t\t\t<\/div>\n\t\t\t\t<\/div>\n\t\t\t\t\t<\/div>\n\t\t\t\t<\/div>\n\t\t\t\t<\/div>","protected":false},"excerpt":{"rendered":"<p>Graines de cresson &#8211; \u062d\u0628 \u0627\u0644\u0631\u0634\u0627\u062f La graine de cresson est g\u00e9n\u00e9ralement appel\u00e9 cresson. C\u2019est une herbe comestible \u00e0 croissance<\/p>","protected":false},"featured_media":0,"comment_status":"open","ping_status":"closed","template":"","meta":[],"product_cat":[32,75,76],"product_tag":[],"yoast_head":"<!-- This site is optimized with the Yoast SEO plugin v23.4 - https:\/\/yoast.com\/wordpress\/plugins\/seo\/ -->\n<title>Graines de cresson - \u062d\u0628 \u0627\u0644\u0631\u0634\u0627\u062f - AjiShop.ma<\/title>\n<meta name=\"robots\" content=\"index, follow, max-snippet:-1, max-image-preview:large, max-video-preview:-1\" \/>\n<link rel=\"canonical\" href=\"https:\/\/ajishop.ma\/ar\/shop\/herbes-et-apothicaire\/herbes\/graines-de-cresson\/\" \/>\n<meta property=\"og:locale\" content=\"ar_AR\" \/>\n<meta property=\"og:type\" content=\"article\" \/>\n<meta property=\"og:title\" content=\"Graines de cresson - \u062d\u0628 \u0627\u0644\u0631\u0634\u0627\u062f - AjiShop.ma\" \/>\n<meta property=\"og:description\" content=\"Graines de cresson &#8211; \u062d\u0628 \u0627\u0644\u0631\u0634\u0627\u062f La graine de cresson est g\u00e9n\u00e9ralement appel\u00e9 cresson. C\u2019est une herbe comestible \u00e0 croissance\" \/>\n<meta property=\"og:url\" content=\"https:\/\/ajishop.ma\/ar\/shop\/herbes-et-apothicaire\/herbes\/graines-de-cresson\/\" \/>\n<meta property=\"og:site_name\" content=\"AjiShop.ma\" \/>\n<meta property=\"article:modified_time\" content=\"2024-11-14T23:10:46+00:00\" \/>\n<meta name=\"twitter:card\" content=\"summary_large_image\" \/>\n<meta name=\"twitter:label1\" content=\"\u0648\u0642\u062a \u0627\u0644\u0642\u0631\u0627\u0621\u0629 \u0627\u0644\u0645\u064f\u0642\u062f\u0651\u0631\" \/>\n\t<meta name=\"twitter:data1\" content=\"\u062f\u0642\u064a\u0642\u0629 \u0648\u0627\u062d\u062f\u0629\" \/>\n<script type=\"application\/ld+json\" class=\"yoast-schema-graph\">{\"@context\":\"https:\/\/schema.org\",\"@graph\":[{\"@type\":\"WebPage\",\"@id\":\"https:\/\/ajishop.ma\/shop\/herbes-et-apothicaire\/herbes\/graines-de-cresson\/\",\"url\":\"https:\/\/ajishop.ma\/shop\/herbes-et-apothicaire\/herbes\/graines-de-cresson\/\",\"name\":\"Graines de cresson - \u062d\u0628 \u0627\u0644\u0631\u0634\u0627\u062f - AjiShop.ma\",\"isPartOf\":{\"@id\":\"https:\/\/ajishop.ma\/#website\"},\"datePublished\":\"2024-11-11T00:51:52+00:00\",\"dateModified\":\"2024-11-14T23:10:46+00:00\",\"breadcrumb\":{\"@id\":\"https:\/\/ajishop.ma\/shop\/herbes-et-apothicaire\/herbes\/graines-de-cresson\/#breadcrumb\"},\"inLanguage\":\"ar\",\"potentialAction\":[{\"@type\":\"ReadAction\",\"target\":[\"https:\/\/ajishop.ma\/shop\/herbes-et-apothicaire\/herbes\/graines-de-cresson\/\"]}]},{\"@type\":\"BreadcrumbList\",\"@id\":\"https:\/\/ajishop.ma\/shop\/herbes-et-apothicaire\/herbes\/graines-de-cresson\/#breadcrumb\",\"itemListElement\":[{\"@type\":\"ListItem\",\"position\":1,\"name\":\"Accueil\",\"item\":\"https:\/\/ajishop.ma\/\"},{\"@type\":\"ListItem\",\"position\":2,\"name\":\"Magasin\",\"item\":\"https:\/\/ajishop.ma\/shop\/\"},{\"@type\":\"ListItem\",\"position\":3,\"name\":\"Graines de cresson &#8211; \u062d\u0628 \u0627\u0644\u0631\u0634\u0627\u062f\"}]},{\"@type\":\"WebSite\",\"@id\":\"https:\/\/ajishop.ma\/#website\",\"url\":\"https:\/\/ajishop.ma\/\",\"name\":\"AjiShop.ma\",\"description\":\"Produits 100% naturels, Pour votre bien \u00eatre...\",\"publisher\":{\"@id\":\"https:\/\/ajishop.ma\/#organization\"},\"potentialAction\":[{\"@type\":\"SearchAction\",\"target\":{\"@type\":\"EntryPoint\",\"urlTemplate\":\"https:\/\/ajishop.ma\/?s={search_term_string}\"},\"query-input\":{\"@type\":\"PropertyValueSpecification\",\"valueRequired\":true,\"valueName\":\"search_term_string\"}}],\"inLanguage\":\"ar\"},{\"@type\":\"Organization\",\"@id\":\"https:\/\/ajishop.ma\/#organization\",\"name\":\"AjiShop.ma\",\"url\":\"https:\/\/ajishop.ma\/\",\"logo\":{\"@type\":\"ImageObject\",\"inLanguage\":\"ar\",\"@id\":\"https:\/\/ajishop.ma\/#\/schema\/logo\/image\/\",\"url\":\"https:\/\/ajishop.ma\/wp-content\/uploads\/2024\/09\/AjiShop.ma-Horizontal-Logo-Green.png\",\"contentUrl\":\"https:\/\/ajishop.ma\/wp-content\/uploads\/2024\/09\/AjiShop.ma-Horizontal-Logo-Green.png\",\"width\":1917,\"height\":276,\"caption\":\"AjiShop.ma\"},\"image\":{\"@id\":\"https:\/\/ajishop.ma\/#\/schema\/logo\/image\/\"}}]}<\/script>\n<!-- \/ Yoast SEO plugin. -->","yoast_head_json":{"title":"Graines de cresson - \u062d\u0628 \u0627\u0644\u0631\u0634\u0627\u062f - AjiShop.ma","robots":{"index":"index","follow":"follow","max-snippet":"max-snippet:-1","max-image-preview":"max-image-preview:large","max-video-preview":"max-video-preview:-1"},"canonical":"https:\/\/ajishop.ma\/ar\/shop\/herbes-et-apothicaire\/herbes\/graines-de-cresson\/","og_locale":"ar_AR","og_type":"article","og_title":"Graines de cresson - \u062d\u0628 \u0627\u0644\u0631\u0634\u0627\u062f - AjiShop.ma","og_description":"Graines de cresson &#8211; \u062d\u0628 \u0627\u0644\u0631\u0634\u0627\u062f La graine de cresson est g\u00e9n\u00e9ralement appel\u00e9 cresson. C\u2019est une herbe comestible \u00e0 croissance","og_url":"https:\/\/ajishop.ma\/ar\/shop\/herbes-et-apothicaire\/herbes\/graines-de-cresson\/","og_site_name":"AjiShop.ma","article_modified_time":"2024-11-14T23:10:46+00:00","twitter_card":"summary_large_image","twitter_misc":{"\u0648\u0642\u062a \u0627\u0644\u0642\u0631\u0627\u0621\u0629 \u0627\u0644\u0645\u064f\u0642\u062f\u0651\u0631":"\u062f\u0642\u064a\u0642\u0629 \u0648\u0627\u062d\u062f\u0629"},"schema":{"@context":"https:\/\/schema.org","@graph":[{"@type":"WebPage","@id":"https:\/\/ajishop.ma\/shop\/herbes-et-apothicaire\/herbes\/graines-de-cresson\/","url":"https:\/\/ajishop.ma\/shop\/herbes-et-apothicaire\/herbes\/graines-de-cresson\/","name":"Graines de cresson - \u062d\u0628 \u0627\u0644\u0631\u0634\u0627\u062f - AjiShop.ma","isPartOf":{"@id":"https:\/\/ajishop.ma\/#website"},"datePublished":"2024-11-11T00:51:52+00:00","dateModified":"2024-11-14T23:10:46+00:00","breadcrumb":{"@id":"https:\/\/ajishop.ma\/shop\/herbes-et-apothicaire\/herbes\/graines-de-cresson\/#breadcrumb"},"inLanguage":"ar","potentialAction":[{"@type":"ReadAction","target":["https:\/\/ajishop.ma\/shop\/herbes-et-apothicaire\/herbes\/graines-de-cresson\/"]}]},{"@type":"BreadcrumbList","@id":"https:\/\/ajishop.ma\/shop\/herbes-et-apothicaire\/herbes\/graines-de-cresson\/#breadcrumb","itemListElement":[{"@type":"ListItem","position":1,"name":"Accueil","item":"https:\/\/ajishop.ma\/"},{"@type":"ListItem","position":2,"name":"Magasin","item":"https:\/\/ajishop.ma\/shop\/"},{"@type":"ListItem","position":3,"name":"Graines de cresson &#8211; \u062d\u0628 \u0627\u0644\u0631\u0634\u0627\u062f"}]},{"@type":"WebSite","@id":"https:\/\/ajishop.ma\/#website","url":"https:\/\/ajishop.ma\/","name":"AjiShop.ma","description":"Produits 100% naturels, Pour votre bien \u00eatre...","publisher":{"@id":"https:\/\/ajishop.ma\/#organization"},"potentialAction":[{"@type":"SearchAction","target":{"@type":"EntryPoint","urlTemplate":"https:\/\/ajishop.ma\/?s={search_term_string}"},"query-input":{"@type":"PropertyValueSpecification","valueRequired":true,"valueName":"search_term_string"}}],"inLanguage":"ar"},{"@type":"Organization","@id":"https:\/\/ajishop.ma\/#organization","name":"AjiShop.ma","url":"https:\/\/ajishop.ma\/","logo":{"@type":"ImageObject","inLanguage":"ar","@id":"https:\/\/ajishop.ma\/#\/schema\/logo\/image\/","url":"https:\/\/ajishop.ma\/wp-content\/uploads\/2024\/09\/AjiShop.ma-Horizontal-Logo-Green.png","contentUrl":"https:\/\/ajishop.ma\/wp-content\/uploads\/2024\/09\/AjiShop.ma-Horizontal-Logo-Green.png","width":1917,"height":276,"caption":"AjiShop.ma"},"image":{"@id":"https:\/\/ajishop.ma\/#\/schema\/logo\/image\/"}}]}},"_links":{"self":[{"href":"https:\/\/ajishop.ma\/ar\/wp-json\/wp\/v2\/product\/17288"}],"collection":[{"href":"https:\/\/ajishop.ma\/ar\/wp-json\/wp\/v2\/product"}],"about":[{"href":"https:\/\/ajishop.ma\/ar\/wp-json\/wp\/v2\/types\/product"}],"replies":[{"embeddable":true,"href":"https:\/\/ajishop.ma\/ar\/wp-json\/wp\/v2\/comments?post=17288"}],"version-history":[{"count":7,"href":"https:\/\/ajishop.ma\/ar\/wp-json\/wp\/v2\/product\/17288\/revisions"}],"predecessor-version":[{"id":17295,"href":"https:\/\/ajishop.ma\/ar\/wp-json\/wp\/v2\/product\/17288\/revisions\/17295"}],"wp:attachment":[{"href":"https:\/\/ajishop.ma\/ar\/wp-json\/wp\/v2\/media?parent=17288"}],"wp:term":[{"taxonomy":"product_cat","embeddable":true,"href":"https:\/\/ajishop.ma\/ar\/wp-json\/wp\/v2\/product_cat?post=17288"},{"taxonomy":"product_tag","embeddable":true,"href":"https:\/\/ajishop.ma\/ar\/wp-json\/wp\/v2\/product_tag?post=17288"}],"curies":[{"name":"wp","href":"https:\/\/api.w.org\/{rel}","templated":true}]}}