{"id":17299,"date":"2024-11-11T01:56:15","date_gmt":"2024-11-11T00:56:15","guid":{"rendered":"https:\/\/ajishop.ma\/?post_type=product&#038;p=17299"},"modified":"2026-03-27T00:00:21","modified_gmt":"2026-03-26T23:00:21","slug":"graines-d-ortie-piquante","status":"publish","type":"product","link":"https:\/\/ajishop.ma\/ar\/shop\/herbes-et-apothicaire\/herbes\/graines-d-ortie-piquante\/","title":{"rendered":"Graines d&#8217; Ortie piquante &#8211; \u0632\u0631\u064a\u0639\u0629 \u0627\u0644\u062d\u0631\u064a\u0643\u0629"},"content":{"rendered":"<div data-elementor-type=\"wp-post\" data-elementor-id=\"17299\" class=\"elementor elementor-17299\">\n\t\t\t\t<div class=\"wd-negative-gap elementor-element elementor-element-bb4332e e-flex e-con-boxed e-con e-parent\" data-id=\"bb4332e\" data-element_type=\"container\">\n\t\t\t\t\t<div class=\"e-con-inner\">\n\t\t\t\t<div class=\"elementor-element elementor-element-155a2c07 lang-fr color-scheme-inherit text-left elementor-widget elementor-widget-text-editor\" data-id=\"155a2c07\" data-element_type=\"widget\" data-widget_type=\"text-editor.default\">\n\t\t\t\t<div class=\"elementor-widget-container\">\n\t\t\t\t\t\t\t<strong>Graines d&#8217;Ortie Piquante &#8211; \u0632\u0631\u064a\u0639\u0629 \u0627\u0644\u062d\u0631\u064a\u0643\u0629 \u00a0 stinging nettle seeds : Un Tr\u00e9sor de Vitalit\u00e9 V\u00e9g\u00e9tale<\/strong>\n\nD\u00e9couvrez le tr\u00e9sor de vitalit\u00e9 v\u00e9g\u00e9tale des Graines d&#8217;Ortie Piquante. Des graines nourrissantes qui offrent une vari\u00e9t\u00e9 de bienfaits pour la sant\u00e9 et une saveur unique \u00e0 vos plats. Voici comment ces graines peuvent enrichir votre alimentation :\n\n<strong>Nutrition Naturelle :<\/strong>\n<ul>\n \t<li><strong>Richesse en Nutriments :<\/strong>\u00a0Les graines d&#8217;ortie piquante sont une source naturelle de vitamines, min\u00e9raux et acides gras essentiels.<\/li>\n \t<li><strong>Soutien \u00c9nerg\u00e9tique :<\/strong>\u00a0Elles peuvent contribuer \u00e0 renforcer votre vitalit\u00e9 et votre bien-\u00eatre.<\/li>\n<\/ul>\n<strong>Saveur Terreuse :<\/strong>\n<ul>\n \t<li><strong>Go\u00fbt Subtil :<\/strong>\u00a0Les graines offrent une saveur l\u00e9g\u00e8rement terreuse, parfaite pour compl\u00e9ter vos recettes.<\/li>\n \t<li><strong>Assaisonnement Naturel :<\/strong>\u00a0Utilisez-les comme une \u00e9pice nutritive pour ajouter une note subtile \u00e0 vos plats.<\/li>\n<\/ul>\n<strong>Utilisation Cr\u00e9ative :<\/strong>\n<ul>\n \t<li><strong>Smoothies et Bols :<\/strong>\u00a0Ajoutez les graines \u00e0 vos smoothies ou bols pour une dose de nutrition.<\/li>\n \t<li><strong>Cuisson et P\u00e2tisserie :<\/strong>\u00a0Int\u00e9grez-les \u00e0 vos plats cuisin\u00e9s ou \u00e0 vos p\u00e2tisseries pour une touche originale.<\/li>\n<\/ul>\n<strong>Bienfaits Naturels :<\/strong>\n<ul>\n \t<li><strong>Soutien Immunitaire :<\/strong>\u00a0Les graines d&#8217;ortie piquante sont r\u00e9put\u00e9es pour leurs propri\u00e9t\u00e9s de renforcement du syst\u00e8me immunitaire.<\/li>\n \t<li><strong>Soutien Articulaire :<\/strong>\u00a0Elles peuvent aider \u00e0 maintenir la sant\u00e9 des articulations.<\/li>\n<\/ul>\n<strong>Astuce Culinaires :<\/strong>\n<ul>\n \t<li><strong>M\u00e9lange d&#8217;Ingr\u00e9dients :<\/strong>\u00a0Combinez les graines d&#8217;ortie avec d&#8217;autres superaliments pour des recettes nourrissantes.<\/li>\n \t<li><strong>Texturiseur de Plats :<\/strong>\u00a0Utilisez-les pour ajouter une texture croquante et b\u00e9n\u00e9fique \u00e0 vos plats.<\/li>\n<\/ul>\nD\u00e9couvrez la vitalit\u00e9 et les bienfaits des Graines d&#8217;Ortie Piquante. Transformez chaque repas en une source de nutrition et de plaisir. Commandez d\u00e8s maintenant sur Goji.ma pour ajouter cette pr\u00e9cieuse source de vitalit\u00e9 \u00e0 votre alimentation \u00e9quilibr\u00e9e.\t\t\t\t\t\t<\/div>\n\t\t\t\t<\/div>\n\t\t\t\t\t<\/div>\n\t\t\t\t<\/div>\n\t\t<div class=\"wd-negative-gap elementor-element elementor-element-824d80f e-flex e-con-boxed e-con e-parent\" data-id=\"824d80f\" data-element_type=\"container\">\n\t\t\t\t\t<div class=\"e-con-inner\">\n\t\t\t\t<div class=\"elementor-element elementor-element-c129aa1 lang-ar color-scheme-inherit text-left elementor-widget elementor-widget-text-editor\" data-id=\"c129aa1\" data-element_type=\"widget\" data-widget_type=\"text-editor.default\">\n\t\t\t\t<div class=\"elementor-widget-container\">\n\t\t\t\t\t\t\t<p style=\"text-align: center\"><span style=\"font-size: 14pt\">\u0628\u0630\u0648\u0631 \u0646\u0628\u0627\u062a \u0627\u0644\u0642\u0631\u0627\u0635 \u0627\u0644\u0644\u0627\u0630\u0639: \u0643\u0646\u0632 \u0645\u0646 \u062d\u064a\u0648\u064a\u0629 \u0627\u0644\u0646\u0628\u0627\u062a<\/span><\/p><p style=\"text-align: center\"><span style=\"font-size: 14pt\">\u0627\u0643\u062a\u0634\u0641 \u0643\u0646\u0632 \u062d\u064a\u0648\u064a\u0629 \u0627\u0644\u0646\u0628\u0627\u062a \u0641\u064a \u0628\u0630\u0648\u0631 \u0646\u0628\u0627\u062a \u0627\u0644\u0642\u0631\u0627\u0635 \u0627\u0644\u0644\u0627\u0630\u0639. \u0628\u0630\u0648\u0631 \u0645\u063a\u0630\u064a\u0629 \u062a\u0648\u0641\u0631 \u0645\u062c\u0645\u0648\u0639\u0629 \u0645\u062a\u0646\u0648\u0639\u0629 \u0645\u0646 \u0627\u0644\u0641\u0648\u0627\u0626\u062f \u0627\u0644\u0635\u062d\u064a\u0629 \u0648\u0646\u0643\u0647\u0629 \u0641\u0631\u064a\u062f\u0629 \u0644\u0623\u0637\u0628\u0627\u0642\u0643. \u0648\u0625\u0644\u064a\u0643 \u0643\u064a\u0641 \u064a\u0645\u0643\u0646 \u0644\u0647\u0630\u0647 \u0627\u0644\u0628\u0630\u0648\u0631 \u0625\u062b\u0631\u0627\u0621 \u0646\u0638\u0627\u0645\u0643 \u0627\u0644\u063a\u0630\u0627\u0626\u064a:<\/span><\/p><p style=\"text-align: center\"><span style=\"font-size: 14pt\">\u0627\u0644\u062a\u063a\u0630\u064a\u0629 \u0627\u0644\u0637\u0628\u064a\u0639\u064a\u0629:<\/span><\/p><ul style=\"text-align: center\"><li><p><span style=\"font-size: 14pt\">\u063a\u0646\u064a\u0629 \u0628\u0627\u0644\u0645\u0648\u0627\u062f \u0627\u0644\u0645\u063a\u0630\u064a\u0629:\u00a0\u0628\u0630\u0648\u0631 \u0646\u0628\u0627\u062a \u0627\u0644\u0642\u0631\u0627\u0635 \u0627\u0644\u0644\u0627\u0630\u0639\u0629 \u0647\u064a \u0645\u0635\u062f\u0631 \u0637\u0628\u064a\u0639\u064a \u0644\u0644\u0641\u064a\u062a\u0627\u0645\u064a\u0646\u0627\u062a \u0648\u0627\u0644\u0645\u0639\u0627\u062f\u0646 \u0648\u0627\u0644\u0623\u062d\u0645\u0627\u0636 \u0627\u0644\u062f\u0647\u0646\u064a\u0629 \u0627\u0644\u0623\u0633\u0627\u0633\u064a\u0629.<\/span><\/p><\/li><li><p><span style=\"font-size: 14pt\">\u062f\u0639\u0645 \u0627\u0644\u0637\u0627\u0642\u0629:\u00a0\u064a\u0645\u0643\u0646 \u0623\u0646 \u062a\u0633\u0627\u0639\u062f \u0641\u064a \u062a\u0639\u0632\u064a\u0632 \u062d\u064a\u0648\u064a\u062a\u0643 \u0648\u0631\u0641\u0627\u0647\u064a\u062a\u0643.<\/span><\/p><\/li><\/ul><p style=\"text-align: center\"><span style=\"font-size: 14pt\">\u0627\u0644\u0646\u0643\u0647\u0629 \u0627\u0644\u062a\u0631\u0627\u0628\u064a\u0629:<\/span><\/p><ul style=\"text-align: center\"><li><p><span style=\"font-size: 14pt\">\u0637\u0639\u0645 \u0631\u0642\u064a\u0642:\u00a0\u062a\u0642\u062f\u0645 \u0627\u0644\u0628\u0630\u0648\u0631 \u0646\u0643\u0647\u0629 \u062a\u0631\u0627\u0628\u064a\u0629 \u0642\u0644\u064a\u0644\u0627\u064b\u060c \u0645\u062b\u0627\u0644\u064a\u0629 \u0644\u0627\u0633\u062a\u0643\u0645\u0627\u0644 \u0648\u0635\u0641\u0627\u062a\u0643.<\/span><\/p><\/li><li><p><span style=\"font-size: 14pt\">\u0627\u0644\u062a\u0648\u0627\u0628\u0644 \u0627\u0644\u0637\u0628\u064a\u0639\u064a\u0629:\u00a0\u0627\u0633\u062a\u062e\u062f\u0645\u0647\u0627 \u0643\u062a\u0648\u0627\u0628\u0644 \u0645\u063a\u0630\u064a\u0629 \u0644\u0625\u0636\u0627\u0641\u0629 \u0644\u0645\u0633\u0629 \u0631\u0642\u064a\u0642\u0629 \u0625\u0644\u0649 \u0623\u0637\u0628\u0627\u0642\u0643.<\/span><\/p><\/li><\/ul><p style=\"text-align: center\"><span style=\"font-size: 14pt\">\u0627\u0644\u0627\u0633\u062a\u062e\u062f\u0627\u0645 \u0627\u0644\u0625\u0628\u062f\u0627\u0639\u064a:<\/span><\/p><ul style=\"text-align: center\"><li><p><span style=\"font-size: 14pt\">\u0627\u0644\u0639\u0635\u0627\u0626\u0631 \u0648\u0627\u0644\u0623\u0648\u0639\u064a\u0629:\u00a0\u0623\u0636\u0641 \u0627\u0644\u0628\u0630\u0648\u0631 \u0625\u0644\u0649 \u0627\u0644\u0639\u0635\u0627\u0626\u0631 \u0623\u0648 \u0627\u0644\u0623\u0637\u0628\u0627\u0642 \u0627\u0644\u062e\u0627\u0635\u0629 \u0628\u0643 \u0644\u0644\u062d\u0635\u0648\u0644 \u0639\u0644\u0649 \u062c\u0631\u0639\u0629 \u0645\u0646 \u0627\u0644\u062a\u063a\u0630\u064a\u0629.<\/span><\/p><\/li><li><p><span style=\"font-size: 14pt\">\u0627\u0644\u0637\u0628\u062e \u0648\u0627\u0644\u0645\u0639\u062c\u0646\u0627\u062a:\u00a0\u0642\u0645 \u0628\u062f\u0645\u062c\u0647\u0627 \u0641\u064a \u0623\u0637\u0628\u0627\u0642\u0643 \u0623\u0648 \u0645\u0639\u062c\u0646\u0627\u062a\u0643 \u0627\u0644\u0645\u0637\u0628\u0648\u062e\u0629 \u0644\u0644\u062d\u0635\u0648\u0644 \u0639\u0644\u0649 \u0644\u0645\u0633\u0629 \u0623\u0635\u0644\u064a\u0629.<\/span><\/p><\/li><\/ul><p style=\"text-align: center\"><span style=\"font-size: 14pt\">\u0627\u0644\u0641\u0648\u0627\u0626\u062f \u0627\u0644\u0637\u0628\u064a\u0639\u064a\u0629:<\/span><\/p><ul style=\"text-align: center\"><li><p><span style=\"font-size: 14pt\">\u062f\u0639\u0645 \u0627\u0644\u0645\u0646\u0627\u0639\u0629:\u00a0\u0628\u0630\u0648\u0631 \u0646\u0628\u0627\u062a \u0627\u0644\u0642\u0631\u0627\u0635 \u0627\u0644\u0644\u0627\u0630\u0639\u0629 \u0645\u0639\u0631\u0648\u0641\u0629 \u0628\u062e\u0635\u0627\u0626\u0635\u0647\u0627 \u0627\u0644\u0642\u0648\u064a\u0629 \u0641\u064a \u062a\u0642\u0648\u064a\u0629 \u062c\u0647\u0627\u0632 \u0627\u0644\u0645\u0646\u0627\u0639\u0629.<\/span><\/p><\/li><li><p><span style=\"font-size: 14pt\">\u0627\u0644\u062f\u0639\u0645 \u0627\u0644\u0645\u0634\u062a\u0631\u0643:\u00a0\u064a\u0645\u0643\u0646\u0647\u0645 \u0627\u0644\u0645\u0633\u0627\u0639\u062f\u0629 \u0641\u064a \u0627\u0644\u062d\u0641\u0627\u0638 \u0639\u0644\u0649 \u0635\u062d\u0629 \u0627\u0644\u0645\u0641\u0627\u0635\u0644.<\/span><\/p><\/li><\/ul><p style=\"text-align: center\"><span style=\"font-size: 14pt\">\u0646\u0635\u064a\u062d\u0629 \u0627\u0644\u0637\u0647\u064a:<\/span><\/p><ul style=\"text-align: center\"><li><p><span style=\"font-size: 14pt\">\u0645\u0632\u064a\u062c \u0627\u0644\u0645\u0643\u0648\u0646\u0627\u062a:\u00a0\u0627\u062c\u0645\u0639 \u0628\u0630\u0648\u0631 \u0646\u0628\u0627\u062a \u0627\u0644\u0642\u0631\u0627\u0635 \u0645\u0639 \u0627\u0644\u0623\u0637\u0639\u0645\u0629 \u0627\u0644\u0641\u0627\u0626\u0642\u0629 \u0627\u0644\u0623\u062e\u0631\u0649 \u0644\u0644\u062d\u0635\u0648\u0644 \u0639\u0644\u0649 \u0648\u0635\u0641\u0627\u062a \u0645\u063a\u0630\u064a\u0629.<\/span><\/p><\/li><li><p><span style=\"font-size: 14pt\">\u0645\u0643\u0648\u0651\u0646 \u0627\u0644\u0623\u0637\u0628\u0627\u0642:\u00a0\u0627\u0633\u062a\u062e\u062f\u0645\u0647\u0627 \u0644\u0625\u0636\u0627\u0641\u0629 \u0645\u0644\u0645\u0633 \u0645\u0642\u0631\u0645\u0634 \u0648\u0645\u0641\u064a\u062f \u0625\u0644\u0649 \u0623\u0637\u0628\u0627\u0642\u0643.<\/span><\/p><\/li><\/ul><p style=\"text-align: center\"><span style=\"font-size: 14pt\">\u0627\u0643\u062a\u0634\u0641 \u062d\u064a\u0648\u064a\u0629 \u0648\u0641\u0648\u0627\u0626\u062f \u0628\u0630\u0648\u0631 \u0646\u0628\u0627\u062a \u0627\u0644\u0642\u0631\u0627\u0635 \u0627\u0644\u0644\u0627\u0630\u0639. \u062a\u062d\u0648\u064a\u0644 \u0643\u0644 \u0648\u062c\u0628\u0629 \u0625\u0644\u0649 \u0645\u0635\u062f\u0631 \u0644\u0644\u062a\u063a\u0630\u064a\u0629 \u0648\u0627\u0644\u0645\u062a\u0639\u0629. \u0627\u0637\u0644\u0628 \u0627\u0644\u0622\u0646 \u0639\u0644\u0649 Goji.ma \u0644\u0625\u0636\u0627\u0641\u0629 \u0647\u0630\u0627 \u0627\u0644\u0645\u0635\u062f\u0631 \u0627\u0644\u062b\u0645\u064a\u0646 \u0644\u0644\u062d\u064a\u0648\u064a\u0629 \u0625\u0644\u0649 \u0646\u0638\u0627\u0645\u0643 \u0627\u0644\u063a\u0630\u0627\u0626\u064a \u0627\u0644\u0645\u062a\u0648\u0627\u0632\u0646<\/span><\/p><p>.<\/p>\t\t\t\t\t\t<\/div>\n\t\t\t\t<\/div>\n\t\t\t\t\t<\/div>\n\t\t\t\t<\/div>\n\t\t\t\t<\/div>","protected":false},"excerpt":{"rendered":"<p>Graines d&#8217;Ortie Piquante &#8211; \u0632\u0631\u064a\u0639\u0629 \u0627\u0644\u062d\u0631\u064a\u0643\u0629 \u00a0 stinging nettle seeds : Un Tr\u00e9sor de Vitalit\u00e9 V\u00e9g\u00e9tale D\u00e9couvrez le tr\u00e9sor de<\/p>","protected":false},"featured_media":17309,"comment_status":"open","ping_status":"closed","template":"","meta":[],"product_cat":[32,75,76],"product_tag":[],"yoast_head":"<!-- This site is optimized with the Yoast SEO plugin v23.4 - https:\/\/yoast.com\/wordpress\/plugins\/seo\/ -->\n<title>Graines d&#039; Ortie piquante - \u0632\u0631\u064a\u0639\u0629 \u0627\u0644\u062d\u0631\u064a\u0643\u0629 - AjiShop.ma<\/title>\n<meta name=\"robots\" content=\"index, follow, max-snippet:-1, max-image-preview:large, max-video-preview:-1\" \/>\n<link rel=\"canonical\" href=\"https:\/\/ajishop.ma\/ar\/shop\/herbes-et-apothicaire\/herbes\/graines-d-ortie-piquante\/\" \/>\n<meta property=\"og:locale\" content=\"ar_AR\" \/>\n<meta property=\"og:type\" content=\"article\" \/>\n<meta property=\"og:title\" content=\"Graines d&#039; Ortie piquante - \u0632\u0631\u064a\u0639\u0629 \u0627\u0644\u062d\u0631\u064a\u0643\u0629 - AjiShop.ma\" \/>\n<meta property=\"og:description\" content=\"Graines d&#8217;Ortie Piquante &#8211; \u0632\u0631\u064a\u0639\u0629 \u0627\u0644\u062d\u0631\u064a\u0643\u0629 \u00a0 stinging nettle seeds : Un Tr\u00e9sor de Vitalit\u00e9 V\u00e9g\u00e9tale D\u00e9couvrez le tr\u00e9sor de\" \/>\n<meta property=\"og:url\" content=\"https:\/\/ajishop.ma\/ar\/shop\/herbes-et-apothicaire\/herbes\/graines-d-ortie-piquante\/\" \/>\n<meta property=\"og:site_name\" content=\"AjiShop.ma\" \/>\n<meta property=\"article:modified_time\" content=\"2026-03-26T23:00:21+00:00\" \/>\n<meta property=\"og:image\" content=\"https:\/\/ajishop.ma\/wp-content\/uploads\/2024\/11\/9bb3a6b2-d8f1-419f-884e-1a68e3be27bd.webp\" \/>\n\t<meta property=\"og:image:width\" content=\"600\" \/>\n\t<meta property=\"og:image:height\" content=\"600\" \/>\n\t<meta property=\"og:image:type\" content=\"image\/webp\" \/>\n<meta name=\"twitter:card\" content=\"summary_large_image\" \/>\n<meta name=\"twitter:label1\" content=\"\u0648\u0642\u062a \u0627\u0644\u0642\u0631\u0627\u0621\u0629 \u0627\u0644\u0645\u064f\u0642\u062f\u0651\u0631\" \/>\n\t<meta name=\"twitter:data1\" content=\"3 \u062f\u0642\u0627\u0626\u0642\" \/>\n<script type=\"application\/ld+json\" class=\"yoast-schema-graph\">{\"@context\":\"https:\/\/schema.org\",\"@graph\":[{\"@type\":\"WebPage\",\"@id\":\"https:\/\/ajishop.ma\/shop\/herbes-et-apothicaire\/herbes\/graines-d-ortie-piquante\/\",\"url\":\"https:\/\/ajishop.ma\/shop\/herbes-et-apothicaire\/herbes\/graines-d-ortie-piquante\/\",\"name\":\"Graines d' Ortie piquante - \u0632\u0631\u064a\u0639\u0629 \u0627\u0644\u062d\u0631\u064a\u0643\u0629 - AjiShop.ma\",\"isPartOf\":{\"@id\":\"https:\/\/ajishop.ma\/#website\"},\"primaryImageOfPage\":{\"@id\":\"https:\/\/ajishop.ma\/shop\/herbes-et-apothicaire\/herbes\/graines-d-ortie-piquante\/#primaryimage\"},\"image\":{\"@id\":\"https:\/\/ajishop.ma\/shop\/herbes-et-apothicaire\/herbes\/graines-d-ortie-piquante\/#primaryimage\"},\"thumbnailUrl\":\"https:\/\/ajishop.ma\/wp-content\/uploads\/2024\/11\/9bb3a6b2-d8f1-419f-884e-1a68e3be27bd.webp\",\"datePublished\":\"2024-11-11T00:56:15+00:00\",\"dateModified\":\"2026-03-26T23:00:21+00:00\",\"breadcrumb\":{\"@id\":\"https:\/\/ajishop.ma\/shop\/herbes-et-apothicaire\/herbes\/graines-d-ortie-piquante\/#breadcrumb\"},\"inLanguage\":\"ar\",\"potentialAction\":[{\"@type\":\"ReadAction\",\"target\":[\"https:\/\/ajishop.ma\/shop\/herbes-et-apothicaire\/herbes\/graines-d-ortie-piquante\/\"]}]},{\"@type\":\"ImageObject\",\"inLanguage\":\"ar\",\"@id\":\"https:\/\/ajishop.ma\/shop\/herbes-et-apothicaire\/herbes\/graines-d-ortie-piquante\/#primaryimage\",\"url\":\"https:\/\/ajishop.ma\/wp-content\/uploads\/2024\/11\/9bb3a6b2-d8f1-419f-884e-1a68e3be27bd.webp\",\"contentUrl\":\"https:\/\/ajishop.ma\/wp-content\/uploads\/2024\/11\/9bb3a6b2-d8f1-419f-884e-1a68e3be27bd.webp\",\"width\":600,\"height\":600},{\"@type\":\"BreadcrumbList\",\"@id\":\"https:\/\/ajishop.ma\/shop\/herbes-et-apothicaire\/herbes\/graines-d-ortie-piquante\/#breadcrumb\",\"itemListElement\":[{\"@type\":\"ListItem\",\"position\":1,\"name\":\"Accueil\",\"item\":\"https:\/\/ajishop.ma\/\"},{\"@type\":\"ListItem\",\"position\":2,\"name\":\"Magasin\",\"item\":\"https:\/\/ajishop.ma\/shop\/\"},{\"@type\":\"ListItem\",\"position\":3,\"name\":\"Graines d&#8217; Ortie piquante &#8211; \u0632\u0631\u064a\u0639\u0629 \u0627\u0644\u062d\u0631\u064a\u0643\u0629\"}]},{\"@type\":\"WebSite\",\"@id\":\"https:\/\/ajishop.ma\/#website\",\"url\":\"https:\/\/ajishop.ma\/\",\"name\":\"AjiShop.ma\",\"description\":\"Produits 100% naturels, Pour votre bien \u00eatre...\",\"publisher\":{\"@id\":\"https:\/\/ajishop.ma\/#organization\"},\"potentialAction\":[{\"@type\":\"SearchAction\",\"target\":{\"@type\":\"EntryPoint\",\"urlTemplate\":\"https:\/\/ajishop.ma\/?s={search_term_string}\"},\"query-input\":{\"@type\":\"PropertyValueSpecification\",\"valueRequired\":true,\"valueName\":\"search_term_string\"}}],\"inLanguage\":\"ar\"},{\"@type\":\"Organization\",\"@id\":\"https:\/\/ajishop.ma\/#organization\",\"name\":\"AjiShop.ma\",\"url\":\"https:\/\/ajishop.ma\/\",\"logo\":{\"@type\":\"ImageObject\",\"inLanguage\":\"ar\",\"@id\":\"https:\/\/ajishop.ma\/#\/schema\/logo\/image\/\",\"url\":\"https:\/\/ajishop.ma\/wp-content\/uploads\/2024\/09\/AjiShop.ma-Horizontal-Logo-Green.png\",\"contentUrl\":\"https:\/\/ajishop.ma\/wp-content\/uploads\/2024\/09\/AjiShop.ma-Horizontal-Logo-Green.png\",\"width\":1917,\"height\":276,\"caption\":\"AjiShop.ma\"},\"image\":{\"@id\":\"https:\/\/ajishop.ma\/#\/schema\/logo\/image\/\"}}]}<\/script>\n<!-- \/ Yoast SEO plugin. -->","yoast_head_json":{"title":"Graines d' Ortie piquante - \u0632\u0631\u064a\u0639\u0629 \u0627\u0644\u062d\u0631\u064a\u0643\u0629 - AjiShop.ma","robots":{"index":"index","follow":"follow","max-snippet":"max-snippet:-1","max-image-preview":"max-image-preview:large","max-video-preview":"max-video-preview:-1"},"canonical":"https:\/\/ajishop.ma\/ar\/shop\/herbes-et-apothicaire\/herbes\/graines-d-ortie-piquante\/","og_locale":"ar_AR","og_type":"article","og_title":"Graines d' Ortie piquante - \u0632\u0631\u064a\u0639\u0629 \u0627\u0644\u062d\u0631\u064a\u0643\u0629 - AjiShop.ma","og_description":"Graines d&#8217;Ortie Piquante &#8211; \u0632\u0631\u064a\u0639\u0629 \u0627\u0644\u062d\u0631\u064a\u0643\u0629 \u00a0 stinging nettle seeds : Un Tr\u00e9sor de Vitalit\u00e9 V\u00e9g\u00e9tale D\u00e9couvrez le tr\u00e9sor de","og_url":"https:\/\/ajishop.ma\/ar\/shop\/herbes-et-apothicaire\/herbes\/graines-d-ortie-piquante\/","og_site_name":"AjiShop.ma","article_modified_time":"2026-03-26T23:00:21+00:00","og_image":[{"width":600,"height":600,"url":"https:\/\/ajishop.ma\/wp-content\/uploads\/2024\/11\/9bb3a6b2-d8f1-419f-884e-1a68e3be27bd.webp","type":"image\/webp"}],"twitter_card":"summary_large_image","twitter_misc":{"\u0648\u0642\u062a \u0627\u0644\u0642\u0631\u0627\u0621\u0629 \u0627\u0644\u0645\u064f\u0642\u062f\u0651\u0631":"3 \u062f\u0642\u0627\u0626\u0642"},"schema":{"@context":"https:\/\/schema.org","@graph":[{"@type":"WebPage","@id":"https:\/\/ajishop.ma\/shop\/herbes-et-apothicaire\/herbes\/graines-d-ortie-piquante\/","url":"https:\/\/ajishop.ma\/shop\/herbes-et-apothicaire\/herbes\/graines-d-ortie-piquante\/","name":"Graines d' Ortie piquante - \u0632\u0631\u064a\u0639\u0629 \u0627\u0644\u062d\u0631\u064a\u0643\u0629 - AjiShop.ma","isPartOf":{"@id":"https:\/\/ajishop.ma\/#website"},"primaryImageOfPage":{"@id":"https:\/\/ajishop.ma\/shop\/herbes-et-apothicaire\/herbes\/graines-d-ortie-piquante\/#primaryimage"},"image":{"@id":"https:\/\/ajishop.ma\/shop\/herbes-et-apothicaire\/herbes\/graines-d-ortie-piquante\/#primaryimage"},"thumbnailUrl":"https:\/\/ajishop.ma\/wp-content\/uploads\/2024\/11\/9bb3a6b2-d8f1-419f-884e-1a68e3be27bd.webp","datePublished":"2024-11-11T00:56:15+00:00","dateModified":"2026-03-26T23:00:21+00:00","breadcrumb":{"@id":"https:\/\/ajishop.ma\/shop\/herbes-et-apothicaire\/herbes\/graines-d-ortie-piquante\/#breadcrumb"},"inLanguage":"ar","potentialAction":[{"@type":"ReadAction","target":["https:\/\/ajishop.ma\/shop\/herbes-et-apothicaire\/herbes\/graines-d-ortie-piquante\/"]}]},{"@type":"ImageObject","inLanguage":"ar","@id":"https:\/\/ajishop.ma\/shop\/herbes-et-apothicaire\/herbes\/graines-d-ortie-piquante\/#primaryimage","url":"https:\/\/ajishop.ma\/wp-content\/uploads\/2024\/11\/9bb3a6b2-d8f1-419f-884e-1a68e3be27bd.webp","contentUrl":"https:\/\/ajishop.ma\/wp-content\/uploads\/2024\/11\/9bb3a6b2-d8f1-419f-884e-1a68e3be27bd.webp","width":600,"height":600},{"@type":"BreadcrumbList","@id":"https:\/\/ajishop.ma\/shop\/herbes-et-apothicaire\/herbes\/graines-d-ortie-piquante\/#breadcrumb","itemListElement":[{"@type":"ListItem","position":1,"name":"Accueil","item":"https:\/\/ajishop.ma\/"},{"@type":"ListItem","position":2,"name":"Magasin","item":"https:\/\/ajishop.ma\/shop\/"},{"@type":"ListItem","position":3,"name":"Graines d&#8217; Ortie piquante &#8211; \u0632\u0631\u064a\u0639\u0629 \u0627\u0644\u062d\u0631\u064a\u0643\u0629"}]},{"@type":"WebSite","@id":"https:\/\/ajishop.ma\/#website","url":"https:\/\/ajishop.ma\/","name":"AjiShop.ma","description":"Produits 100% naturels, Pour votre bien \u00eatre...","publisher":{"@id":"https:\/\/ajishop.ma\/#organization"},"potentialAction":[{"@type":"SearchAction","target":{"@type":"EntryPoint","urlTemplate":"https:\/\/ajishop.ma\/?s={search_term_string}"},"query-input":{"@type":"PropertyValueSpecification","valueRequired":true,"valueName":"search_term_string"}}],"inLanguage":"ar"},{"@type":"Organization","@id":"https:\/\/ajishop.ma\/#organization","name":"AjiShop.ma","url":"https:\/\/ajishop.ma\/","logo":{"@type":"ImageObject","inLanguage":"ar","@id":"https:\/\/ajishop.ma\/#\/schema\/logo\/image\/","url":"https:\/\/ajishop.ma\/wp-content\/uploads\/2024\/09\/AjiShop.ma-Horizontal-Logo-Green.png","contentUrl":"https:\/\/ajishop.ma\/wp-content\/uploads\/2024\/09\/AjiShop.ma-Horizontal-Logo-Green.png","width":1917,"height":276,"caption":"AjiShop.ma"},"image":{"@id":"https:\/\/ajishop.ma\/#\/schema\/logo\/image\/"}}]}},"_links":{"self":[{"href":"https:\/\/ajishop.ma\/ar\/wp-json\/wp\/v2\/product\/17299"}],"collection":[{"href":"https:\/\/ajishop.ma\/ar\/wp-json\/wp\/v2\/product"}],"about":[{"href":"https:\/\/ajishop.ma\/ar\/wp-json\/wp\/v2\/types\/product"}],"replies":[{"embeddable":true,"href":"https:\/\/ajishop.ma\/ar\/wp-json\/wp\/v2\/comments?post=17299"}],"version-history":[{"count":10,"href":"https:\/\/ajishop.ma\/ar\/wp-json\/wp\/v2\/product\/17299\/revisions"}],"predecessor-version":[{"id":17310,"href":"https:\/\/ajishop.ma\/ar\/wp-json\/wp\/v2\/product\/17299\/revisions\/17310"}],"wp:featuredmedia":[{"embeddable":true,"href":"https:\/\/ajishop.ma\/ar\/wp-json\/wp\/v2\/media\/17309"}],"wp:attachment":[{"href":"https:\/\/ajishop.ma\/ar\/wp-json\/wp\/v2\/media?parent=17299"}],"wp:term":[{"taxonomy":"product_cat","embeddable":true,"href":"https:\/\/ajishop.ma\/ar\/wp-json\/wp\/v2\/product_cat?post=17299"},{"taxonomy":"product_tag","embeddable":true,"href":"https:\/\/ajishop.ma\/ar\/wp-json\/wp\/v2\/product_tag?post=17299"}],"curies":[{"name":"wp","href":"https:\/\/api.w.org\/{rel}","templated":true}]}}