{"id":17335,"date":"2024-11-11T23:11:18","date_gmt":"2024-11-11T22:11:18","guid":{"rendered":"https:\/\/ajishop.ma\/?post_type=product&#038;p=17335"},"modified":"2024-11-14T01:31:11","modified_gmt":"2024-11-14T00:31:11","slug":"quinoa-blanc-en-vrac","status":"publish","type":"product","link":"https:\/\/ajishop.ma\/ar\/shop\/herbes-et-apothicaire\/herbes\/quinoa-blanc-en-vrac\/","title":{"rendered":"Quinoa blanc en vrac \/ \u0643\u064a\u0646\u0648\u0627 \u0628\u064a\u0636\u0627\u0621"},"content":{"rendered":"<h4>Quinoa blanc en vrac &#8211; \u0643\u064a\u0646\u0648\u0627 \u0628\u064a\u0636\u0627\u0621<\/h4>\n<p>Le quinoa est devenu un aliment star des repas healthy ! Tr\u00e8s tendance, il n&#8217;a pourtant rien de nouveau puisqu&#8217;il est consomm\u00e9 depuis la nuit des temps et est reconnu depuis longtemps pour ses qualit\u00e9s gustatives, nutritionnelles et ses nombreuses propri\u00e9t\u00e9s excellentes pour la sant\u00e9. Tour d&#8217;horizon de cette petite graine originaire d\u2019Am\u00e9rique du Sud, aux multiples bienfaits.<\/p>\n<blockquote>\n<ul>\n<li>Le quinoa est garanti sans gluten<\/li>\n<li>Le quinoa pr\u00e9vient le diab\u00e8te<\/li>\n<li>Le quinoa, pauvre en calorie : un alli\u00e9 minceur<\/li>\n<li>Le quinoa est un antioxydant<\/li>\n<\/ul>\n<\/blockquote>\n<ul>\n<li><strong>Valeur nutritive du Quinoa<\/strong><\/li>\n<\/ul>\n<table width=\"0\">\n<tbody>\n<tr>\n<td><strong>Pour 100g<\/strong><\/td>\n<td><\/td>\n<\/tr>\n<tr>\n<td><strong>Valeurs \u00e9nerg\u00e9tique<\/strong><\/td>\n<td>363 Kcal<\/td>\n<\/tr>\n<tr>\n<td width=\"416\"><strong>Prot\u00e9ines<\/strong><\/td>\n<td width=\"224\">12,2\u00a0g<\/td>\n<\/tr>\n<tr>\n<td><strong>Glucides<\/strong><\/td>\n<td>62,5\u00a0g<\/td>\n<\/tr>\n<tr>\n<td><strong>Mati\u00e8res grasses<\/strong><\/td>\n<td>5,3\u00a0g<\/td>\n<\/tr>\n<tr>\n<td><strong>Fibres alimentaires<\/strong><\/td>\n<td>8,5\u00a0g<\/td>\n<\/tr>\n<\/tbody>\n<\/table>\n<p><strong>\u00a0<\/strong><\/p>\n<ul>\n<li>Livr\u00e9 dans un Sachet ZIP anti-UV et refermable.<\/li>\n<li>Rincer et cuire 1 volume de trio de quinoa dans 2 volumes d&#8217;eau \u00e0 couvert pendant 12 \u00e0 15 mn puis saler.<\/li>\n<\/ul>","protected":false},"excerpt":{"rendered":"<p>Quinoa blanc en vrac &#8211; \u0643\u064a\u0646\u0648\u0627 \u0628\u064a\u0636\u0627\u0621 Le quinoa est devenu un aliment star des repas healthy ! Tr\u00e8s tendance,<\/p>","protected":false},"featured_media":17336,"comment_status":"open","ping_status":"closed","template":"","meta":[],"product_cat":[32,75,76],"product_tag":[],"yoast_head":"<!-- This site is optimized with the Yoast SEO plugin v23.4 - https:\/\/yoast.com\/wordpress\/plugins\/seo\/ -->\n<title>Quinoa blanc en vrac \/ \u0643\u064a\u0646\u0648\u0627 \u0628\u064a\u0636\u0627\u0621 - AjiShop.ma<\/title>\n<meta name=\"robots\" content=\"index, follow, max-snippet:-1, max-image-preview:large, max-video-preview:-1\" \/>\n<link rel=\"canonical\" href=\"https:\/\/ajishop.ma\/ar\/shop\/herbes-et-apothicaire\/herbes\/quinoa-blanc-en-vrac\/\" \/>\n<meta property=\"og:locale\" content=\"ar_AR\" \/>\n<meta property=\"og:type\" content=\"article\" \/>\n<meta property=\"og:title\" content=\"Quinoa blanc en vrac \/ \u0643\u064a\u0646\u0648\u0627 \u0628\u064a\u0636\u0627\u0621 - AjiShop.ma\" \/>\n<meta property=\"og:description\" content=\"Quinoa blanc en vrac &#8211; \u0643\u064a\u0646\u0648\u0627 \u0628\u064a\u0636\u0627\u0621 Le quinoa est devenu un aliment star des repas healthy ! Tr\u00e8s tendance,\" \/>\n<meta property=\"og:url\" content=\"https:\/\/ajishop.ma\/ar\/shop\/herbes-et-apothicaire\/herbes\/quinoa-blanc-en-vrac\/\" \/>\n<meta property=\"og:site_name\" content=\"AjiShop.ma\" \/>\n<meta property=\"article:modified_time\" content=\"2024-11-14T00:31:11+00:00\" \/>\n<meta property=\"og:image\" content=\"https:\/\/ajishop.ma\/wp-content\/uploads\/2024\/11\/quinua-en-granos-250g.webp\" \/>\n\t<meta property=\"og:image:width\" content=\"600\" \/>\n\t<meta property=\"og:image:height\" content=\"600\" \/>\n\t<meta property=\"og:image:type\" content=\"image\/webp\" \/>\n<meta name=\"twitter:card\" content=\"summary_large_image\" \/>\n<meta name=\"twitter:label1\" content=\"\u0648\u0642\u062a \u0627\u0644\u0642\u0631\u0627\u0621\u0629 \u0627\u0644\u0645\u064f\u0642\u062f\u0651\u0631\" \/>\n\t<meta name=\"twitter:data1\" content=\"\u062f\u0642\u064a\u0642\u0629 \u0648\u0627\u062d\u062f\u0629\" \/>\n<script type=\"application\/ld+json\" class=\"yoast-schema-graph\">{\"@context\":\"https:\/\/schema.org\",\"@graph\":[{\"@type\":\"WebPage\",\"@id\":\"https:\/\/ajishop.ma\/shop\/herbes-et-apothicaire\/herbes\/quinoa-blanc-en-vrac\/\",\"url\":\"https:\/\/ajishop.ma\/shop\/herbes-et-apothicaire\/herbes\/quinoa-blanc-en-vrac\/\",\"name\":\"Quinoa blanc en vrac \/ \u0643\u064a\u0646\u0648\u0627 \u0628\u064a\u0636\u0627\u0621 - AjiShop.ma\",\"isPartOf\":{\"@id\":\"https:\/\/ajishop.ma\/#website\"},\"primaryImageOfPage\":{\"@id\":\"https:\/\/ajishop.ma\/shop\/herbes-et-apothicaire\/herbes\/quinoa-blanc-en-vrac\/#primaryimage\"},\"image\":{\"@id\":\"https:\/\/ajishop.ma\/shop\/herbes-et-apothicaire\/herbes\/quinoa-blanc-en-vrac\/#primaryimage\"},\"thumbnailUrl\":\"https:\/\/ajishop.ma\/wp-content\/uploads\/2024\/11\/quinua-en-granos-250g.webp\",\"datePublished\":\"2024-11-11T22:11:18+00:00\",\"dateModified\":\"2024-11-14T00:31:11+00:00\",\"breadcrumb\":{\"@id\":\"https:\/\/ajishop.ma\/shop\/herbes-et-apothicaire\/herbes\/quinoa-blanc-en-vrac\/#breadcrumb\"},\"inLanguage\":\"ar\",\"potentialAction\":[{\"@type\":\"ReadAction\",\"target\":[\"https:\/\/ajishop.ma\/shop\/herbes-et-apothicaire\/herbes\/quinoa-blanc-en-vrac\/\"]}]},{\"@type\":\"ImageObject\",\"inLanguage\":\"ar\",\"@id\":\"https:\/\/ajishop.ma\/shop\/herbes-et-apothicaire\/herbes\/quinoa-blanc-en-vrac\/#primaryimage\",\"url\":\"https:\/\/ajishop.ma\/wp-content\/uploads\/2024\/11\/quinua-en-granos-250g.webp\",\"contentUrl\":\"https:\/\/ajishop.ma\/wp-content\/uploads\/2024\/11\/quinua-en-granos-250g.webp\",\"width\":600,\"height\":600},{\"@type\":\"BreadcrumbList\",\"@id\":\"https:\/\/ajishop.ma\/shop\/herbes-et-apothicaire\/herbes\/quinoa-blanc-en-vrac\/#breadcrumb\",\"itemListElement\":[{\"@type\":\"ListItem\",\"position\":1,\"name\":\"Accueil\",\"item\":\"https:\/\/ajishop.ma\/\"},{\"@type\":\"ListItem\",\"position\":2,\"name\":\"Magasin\",\"item\":\"https:\/\/ajishop.ma\/shop\/\"},{\"@type\":\"ListItem\",\"position\":3,\"name\":\"Quinoa blanc en vrac \/ \u0643\u064a\u0646\u0648\u0627 \u0628\u064a\u0636\u0627\u0621\"}]},{\"@type\":\"WebSite\",\"@id\":\"https:\/\/ajishop.ma\/#website\",\"url\":\"https:\/\/ajishop.ma\/\",\"name\":\"AjiShop.ma\",\"description\":\"Produits 100% naturels, Pour votre bien \u00eatre...\",\"publisher\":{\"@id\":\"https:\/\/ajishop.ma\/#organization\"},\"potentialAction\":[{\"@type\":\"SearchAction\",\"target\":{\"@type\":\"EntryPoint\",\"urlTemplate\":\"https:\/\/ajishop.ma\/?s={search_term_string}\"},\"query-input\":{\"@type\":\"PropertyValueSpecification\",\"valueRequired\":true,\"valueName\":\"search_term_string\"}}],\"inLanguage\":\"ar\"},{\"@type\":\"Organization\",\"@id\":\"https:\/\/ajishop.ma\/#organization\",\"name\":\"AjiShop.ma\",\"url\":\"https:\/\/ajishop.ma\/\",\"logo\":{\"@type\":\"ImageObject\",\"inLanguage\":\"ar\",\"@id\":\"https:\/\/ajishop.ma\/#\/schema\/logo\/image\/\",\"url\":\"https:\/\/ajishop.ma\/wp-content\/uploads\/2024\/09\/AjiShop.ma-Horizontal-Logo-Green.png\",\"contentUrl\":\"https:\/\/ajishop.ma\/wp-content\/uploads\/2024\/09\/AjiShop.ma-Horizontal-Logo-Green.png\",\"width\":1917,\"height\":276,\"caption\":\"AjiShop.ma\"},\"image\":{\"@id\":\"https:\/\/ajishop.ma\/#\/schema\/logo\/image\/\"}}]}<\/script>\n<!-- \/ Yoast SEO plugin. -->","yoast_head_json":{"title":"Quinoa blanc en vrac \/ \u0643\u064a\u0646\u0648\u0627 \u0628\u064a\u0636\u0627\u0621 - AjiShop.ma","robots":{"index":"index","follow":"follow","max-snippet":"max-snippet:-1","max-image-preview":"max-image-preview:large","max-video-preview":"max-video-preview:-1"},"canonical":"https:\/\/ajishop.ma\/ar\/shop\/herbes-et-apothicaire\/herbes\/quinoa-blanc-en-vrac\/","og_locale":"ar_AR","og_type":"article","og_title":"Quinoa blanc en vrac \/ \u0643\u064a\u0646\u0648\u0627 \u0628\u064a\u0636\u0627\u0621 - AjiShop.ma","og_description":"Quinoa blanc en vrac &#8211; \u0643\u064a\u0646\u0648\u0627 \u0628\u064a\u0636\u0627\u0621 Le quinoa est devenu un aliment star des repas healthy ! Tr\u00e8s tendance,","og_url":"https:\/\/ajishop.ma\/ar\/shop\/herbes-et-apothicaire\/herbes\/quinoa-blanc-en-vrac\/","og_site_name":"AjiShop.ma","article_modified_time":"2024-11-14T00:31:11+00:00","og_image":[{"width":600,"height":600,"url":"https:\/\/ajishop.ma\/wp-content\/uploads\/2024\/11\/quinua-en-granos-250g.webp","type":"image\/webp"}],"twitter_card":"summary_large_image","twitter_misc":{"\u0648\u0642\u062a \u0627\u0644\u0642\u0631\u0627\u0621\u0629 \u0627\u0644\u0645\u064f\u0642\u062f\u0651\u0631":"\u062f\u0642\u064a\u0642\u0629 \u0648\u0627\u062d\u062f\u0629"},"schema":{"@context":"https:\/\/schema.org","@graph":[{"@type":"WebPage","@id":"https:\/\/ajishop.ma\/shop\/herbes-et-apothicaire\/herbes\/quinoa-blanc-en-vrac\/","url":"https:\/\/ajishop.ma\/shop\/herbes-et-apothicaire\/herbes\/quinoa-blanc-en-vrac\/","name":"Quinoa blanc en vrac \/ \u0643\u064a\u0646\u0648\u0627 \u0628\u064a\u0636\u0627\u0621 - AjiShop.ma","isPartOf":{"@id":"https:\/\/ajishop.ma\/#website"},"primaryImageOfPage":{"@id":"https:\/\/ajishop.ma\/shop\/herbes-et-apothicaire\/herbes\/quinoa-blanc-en-vrac\/#primaryimage"},"image":{"@id":"https:\/\/ajishop.ma\/shop\/herbes-et-apothicaire\/herbes\/quinoa-blanc-en-vrac\/#primaryimage"},"thumbnailUrl":"https:\/\/ajishop.ma\/wp-content\/uploads\/2024\/11\/quinua-en-granos-250g.webp","datePublished":"2024-11-11T22:11:18+00:00","dateModified":"2024-11-14T00:31:11+00:00","breadcrumb":{"@id":"https:\/\/ajishop.ma\/shop\/herbes-et-apothicaire\/herbes\/quinoa-blanc-en-vrac\/#breadcrumb"},"inLanguage":"ar","potentialAction":[{"@type":"ReadAction","target":["https:\/\/ajishop.ma\/shop\/herbes-et-apothicaire\/herbes\/quinoa-blanc-en-vrac\/"]}]},{"@type":"ImageObject","inLanguage":"ar","@id":"https:\/\/ajishop.ma\/shop\/herbes-et-apothicaire\/herbes\/quinoa-blanc-en-vrac\/#primaryimage","url":"https:\/\/ajishop.ma\/wp-content\/uploads\/2024\/11\/quinua-en-granos-250g.webp","contentUrl":"https:\/\/ajishop.ma\/wp-content\/uploads\/2024\/11\/quinua-en-granos-250g.webp","width":600,"height":600},{"@type":"BreadcrumbList","@id":"https:\/\/ajishop.ma\/shop\/herbes-et-apothicaire\/herbes\/quinoa-blanc-en-vrac\/#breadcrumb","itemListElement":[{"@type":"ListItem","position":1,"name":"Accueil","item":"https:\/\/ajishop.ma\/"},{"@type":"ListItem","position":2,"name":"Magasin","item":"https:\/\/ajishop.ma\/shop\/"},{"@type":"ListItem","position":3,"name":"Quinoa blanc en vrac \/ \u0643\u064a\u0646\u0648\u0627 \u0628\u064a\u0636\u0627\u0621"}]},{"@type":"WebSite","@id":"https:\/\/ajishop.ma\/#website","url":"https:\/\/ajishop.ma\/","name":"AjiShop.ma","description":"Produits 100% naturels, Pour votre bien \u00eatre...","publisher":{"@id":"https:\/\/ajishop.ma\/#organization"},"potentialAction":[{"@type":"SearchAction","target":{"@type":"EntryPoint","urlTemplate":"https:\/\/ajishop.ma\/?s={search_term_string}"},"query-input":{"@type":"PropertyValueSpecification","valueRequired":true,"valueName":"search_term_string"}}],"inLanguage":"ar"},{"@type":"Organization","@id":"https:\/\/ajishop.ma\/#organization","name":"AjiShop.ma","url":"https:\/\/ajishop.ma\/","logo":{"@type":"ImageObject","inLanguage":"ar","@id":"https:\/\/ajishop.ma\/#\/schema\/logo\/image\/","url":"https:\/\/ajishop.ma\/wp-content\/uploads\/2024\/09\/AjiShop.ma-Horizontal-Logo-Green.png","contentUrl":"https:\/\/ajishop.ma\/wp-content\/uploads\/2024\/09\/AjiShop.ma-Horizontal-Logo-Green.png","width":1917,"height":276,"caption":"AjiShop.ma"},"image":{"@id":"https:\/\/ajishop.ma\/#\/schema\/logo\/image\/"}}]}},"_links":{"self":[{"href":"https:\/\/ajishop.ma\/ar\/wp-json\/wp\/v2\/product\/17335"}],"collection":[{"href":"https:\/\/ajishop.ma\/ar\/wp-json\/wp\/v2\/product"}],"about":[{"href":"https:\/\/ajishop.ma\/ar\/wp-json\/wp\/v2\/types\/product"}],"replies":[{"embeddable":true,"href":"https:\/\/ajishop.ma\/ar\/wp-json\/wp\/v2\/comments?post=17335"}],"version-history":[{"count":1,"href":"https:\/\/ajishop.ma\/ar\/wp-json\/wp\/v2\/product\/17335\/revisions"}],"predecessor-version":[{"id":17337,"href":"https:\/\/ajishop.ma\/ar\/wp-json\/wp\/v2\/product\/17335\/revisions\/17337"}],"wp:featuredmedia":[{"embeddable":true,"href":"https:\/\/ajishop.ma\/ar\/wp-json\/wp\/v2\/media\/17336"}],"wp:attachment":[{"href":"https:\/\/ajishop.ma\/ar\/wp-json\/wp\/v2\/media?parent=17335"}],"wp:term":[{"taxonomy":"product_cat","embeddable":true,"href":"https:\/\/ajishop.ma\/ar\/wp-json\/wp\/v2\/product_cat?post=17335"},{"taxonomy":"product_tag","embeddable":true,"href":"https:\/\/ajishop.ma\/ar\/wp-json\/wp\/v2\/product_tag?post=17335"}],"curies":[{"name":"wp","href":"https:\/\/api.w.org\/{rel}","templated":true}]}}