{"id":17338,"date":"2024-11-11T23:13:01","date_gmt":"2024-11-11T22:13:01","guid":{"rendered":"https:\/\/ajishop.ma\/?post_type=product&#038;p=17338"},"modified":"2024-11-14T23:56:32","modified_gmt":"2024-11-14T22:56:32","slug":"graines-de-moutarde-brune","status":"publish","type":"product","link":"https:\/\/ajishop.ma\/ar\/shop\/herbes-et-apothicaire\/herbes\/graines-de-moutarde-brune\/","title":{"rendered":"Graines de Moutarde Brune \/ \u062d\u0628\u0648\u0628 \u0627\u0644\u062e\u0631\u062f\u0644 \u0627\u0644\u0628\u0646\u064a\u0629"},"content":{"rendered":"<p><strong>Graines de Moutarde Brune &#8211; \u062d\u0628\u0648\u0628 \u0627\u0644\u062e\u0631\u062f\u0644 \u0627\u0644\u0628\u0646\u064a\u0629<\/strong><\/p>\n<p>Les graines de moutardes brunes sont les plus fortes, elles sont originaires d\u2019Inde. Les graines enti\u00e8res sont peu odorantes mais lib\u00e8rent leurs saveurs quand on les m\u00e9lange avec un peu d\u2019eau, vinaigre ou vin. Elles sont utilis\u00e9es pour relever de nombreuses vinaigrettes ou plats \u00e9pic\u00e9s et entrent dans la composition de nombreux m\u00e9langes d\u2019\u00e9pices. Les graines de moutarde ont \u00e9galement un effet conservateur, et on les retrouve dans certaines marinades, conserves et pr\u00e9parations \u00e0 base de vinaigre.<\/p>\n<h2>Bienfaits de la moutarde brune<\/h2>\n<p>La moutarde brune propose des bienfaits incontestables. Elle agit sur le syst\u00e8me digestif pour s\u2019assurer de son bon fonctionnement et limiter les troubles.<\/p>\n<p>C\u2019est \u00e9galement une alli\u00e9e incontestable en cas d\u2019affections respiratoires ou encore de bronchites. Elle intervient dans les soins articulaires, agissant \u00e0 la fois comme un antiinflammatoire et un antidouleur. Pour ceux qui souffrent de rhumatisme, sa consommation fr\u00e9quente pourrait \u00eatre une bonne id\u00e9e.<\/p>","protected":false},"excerpt":{"rendered":"<p>Graines de Moutarde Brune &#8211; \u062d\u0628\u0648\u0628 \u0627\u0644\u062e\u0631\u062f\u0644 \u0627\u0644\u0628\u0646\u064a\u0629 Les graines de moutardes brunes sont les plus fortes, elles sont originaires<\/p>","protected":false},"featured_media":17339,"comment_status":"open","ping_status":"closed","template":"","meta":[],"product_cat":[32,75,76],"product_tag":[],"yoast_head":"<!-- This site is optimized with the Yoast SEO plugin v23.4 - https:\/\/yoast.com\/wordpress\/plugins\/seo\/ -->\n<title>Graines de Moutarde Brune \/ \u062d\u0628\u0648\u0628 \u0627\u0644\u062e\u0631\u062f\u0644 \u0627\u0644\u0628\u0646\u064a\u0629 - AjiShop.ma<\/title>\n<meta name=\"robots\" content=\"index, follow, max-snippet:-1, max-image-preview:large, max-video-preview:-1\" \/>\n<link rel=\"canonical\" href=\"https:\/\/ajishop.ma\/ar\/shop\/herbes-et-apothicaire\/herbes\/graines-de-moutarde-brune\/\" \/>\n<meta property=\"og:locale\" content=\"ar_AR\" \/>\n<meta property=\"og:type\" content=\"article\" \/>\n<meta property=\"og:title\" content=\"Graines de Moutarde Brune \/ \u062d\u0628\u0648\u0628 \u0627\u0644\u062e\u0631\u062f\u0644 \u0627\u0644\u0628\u0646\u064a\u0629 - AjiShop.ma\" \/>\n<meta property=\"og:description\" content=\"Graines de Moutarde Brune &#8211; \u062d\u0628\u0648\u0628 \u0627\u0644\u062e\u0631\u062f\u0644 \u0627\u0644\u0628\u0646\u064a\u0629 Les graines de moutardes brunes sont les plus fortes, elles sont originaires\" \/>\n<meta property=\"og:url\" content=\"https:\/\/ajishop.ma\/ar\/shop\/herbes-et-apothicaire\/herbes\/graines-de-moutarde-brune\/\" \/>\n<meta property=\"og:site_name\" content=\"AjiShop.ma\" \/>\n<meta property=\"article:modified_time\" content=\"2024-11-14T22:56:32+00:00\" \/>\n<meta property=\"og:image\" content=\"https:\/\/ajishop.ma\/wp-content\/uploads\/2024\/11\/mustard-seeds-wood-bowl-white-wall.webp\" \/>\n\t<meta property=\"og:image:width\" content=\"600\" \/>\n\t<meta property=\"og:image:height\" content=\"599\" \/>\n\t<meta property=\"og:image:type\" content=\"image\/webp\" \/>\n<meta name=\"twitter:card\" content=\"summary_large_image\" \/>\n<meta name=\"twitter:label1\" content=\"\u0648\u0642\u062a \u0627\u0644\u0642\u0631\u0627\u0621\u0629 \u0627\u0644\u0645\u064f\u0642\u062f\u0651\u0631\" \/>\n\t<meta name=\"twitter:data1\" content=\"\u062f\u0642\u064a\u0642\u0629 \u0648\u0627\u062d\u062f\u0629\" \/>\n<script type=\"application\/ld+json\" class=\"yoast-schema-graph\">{\"@context\":\"https:\/\/schema.org\",\"@graph\":[{\"@type\":\"WebPage\",\"@id\":\"https:\/\/ajishop.ma\/shop\/herbes-et-apothicaire\/herbes\/graines-de-moutarde-brune\/\",\"url\":\"https:\/\/ajishop.ma\/shop\/herbes-et-apothicaire\/herbes\/graines-de-moutarde-brune\/\",\"name\":\"Graines de Moutarde Brune \/ \u062d\u0628\u0648\u0628 \u0627\u0644\u062e\u0631\u062f\u0644 \u0627\u0644\u0628\u0646\u064a\u0629 - AjiShop.ma\",\"isPartOf\":{\"@id\":\"https:\/\/ajishop.ma\/#website\"},\"primaryImageOfPage\":{\"@id\":\"https:\/\/ajishop.ma\/shop\/herbes-et-apothicaire\/herbes\/graines-de-moutarde-brune\/#primaryimage\"},\"image\":{\"@id\":\"https:\/\/ajishop.ma\/shop\/herbes-et-apothicaire\/herbes\/graines-de-moutarde-brune\/#primaryimage\"},\"thumbnailUrl\":\"https:\/\/ajishop.ma\/wp-content\/uploads\/2024\/11\/mustard-seeds-wood-bowl-white-wall.webp\",\"datePublished\":\"2024-11-11T22:13:01+00:00\",\"dateModified\":\"2024-11-14T22:56:32+00:00\",\"breadcrumb\":{\"@id\":\"https:\/\/ajishop.ma\/shop\/herbes-et-apothicaire\/herbes\/graines-de-moutarde-brune\/#breadcrumb\"},\"inLanguage\":\"ar\",\"potentialAction\":[{\"@type\":\"ReadAction\",\"target\":[\"https:\/\/ajishop.ma\/shop\/herbes-et-apothicaire\/herbes\/graines-de-moutarde-brune\/\"]}]},{\"@type\":\"ImageObject\",\"inLanguage\":\"ar\",\"@id\":\"https:\/\/ajishop.ma\/shop\/herbes-et-apothicaire\/herbes\/graines-de-moutarde-brune\/#primaryimage\",\"url\":\"https:\/\/ajishop.ma\/wp-content\/uploads\/2024\/11\/mustard-seeds-wood-bowl-white-wall.webp\",\"contentUrl\":\"https:\/\/ajishop.ma\/wp-content\/uploads\/2024\/11\/mustard-seeds-wood-bowl-white-wall.webp\",\"width\":600,\"height\":599},{\"@type\":\"BreadcrumbList\",\"@id\":\"https:\/\/ajishop.ma\/shop\/herbes-et-apothicaire\/herbes\/graines-de-moutarde-brune\/#breadcrumb\",\"itemListElement\":[{\"@type\":\"ListItem\",\"position\":1,\"name\":\"Accueil\",\"item\":\"https:\/\/ajishop.ma\/\"},{\"@type\":\"ListItem\",\"position\":2,\"name\":\"Magasin\",\"item\":\"https:\/\/ajishop.ma\/shop\/\"},{\"@type\":\"ListItem\",\"position\":3,\"name\":\"Graines de Moutarde Brune \/ \u062d\u0628\u0648\u0628 \u0627\u0644\u062e\u0631\u062f\u0644 \u0627\u0644\u0628\u0646\u064a\u0629\"}]},{\"@type\":\"WebSite\",\"@id\":\"https:\/\/ajishop.ma\/#website\",\"url\":\"https:\/\/ajishop.ma\/\",\"name\":\"AjiShop.ma\",\"description\":\"Produits 100% naturels, Pour votre bien \u00eatre...\",\"publisher\":{\"@id\":\"https:\/\/ajishop.ma\/#organization\"},\"potentialAction\":[{\"@type\":\"SearchAction\",\"target\":{\"@type\":\"EntryPoint\",\"urlTemplate\":\"https:\/\/ajishop.ma\/?s={search_term_string}\"},\"query-input\":{\"@type\":\"PropertyValueSpecification\",\"valueRequired\":true,\"valueName\":\"search_term_string\"}}],\"inLanguage\":\"ar\"},{\"@type\":\"Organization\",\"@id\":\"https:\/\/ajishop.ma\/#organization\",\"name\":\"AjiShop.ma\",\"url\":\"https:\/\/ajishop.ma\/\",\"logo\":{\"@type\":\"ImageObject\",\"inLanguage\":\"ar\",\"@id\":\"https:\/\/ajishop.ma\/#\/schema\/logo\/image\/\",\"url\":\"https:\/\/ajishop.ma\/wp-content\/uploads\/2024\/09\/AjiShop.ma-Horizontal-Logo-Green.png\",\"contentUrl\":\"https:\/\/ajishop.ma\/wp-content\/uploads\/2024\/09\/AjiShop.ma-Horizontal-Logo-Green.png\",\"width\":1917,\"height\":276,\"caption\":\"AjiShop.ma\"},\"image\":{\"@id\":\"https:\/\/ajishop.ma\/#\/schema\/logo\/image\/\"}}]}<\/script>\n<!-- \/ Yoast SEO plugin. -->","yoast_head_json":{"title":"Graines de Moutarde Brune \/ \u062d\u0628\u0648\u0628 \u0627\u0644\u062e\u0631\u062f\u0644 \u0627\u0644\u0628\u0646\u064a\u0629 - AjiShop.ma","robots":{"index":"index","follow":"follow","max-snippet":"max-snippet:-1","max-image-preview":"max-image-preview:large","max-video-preview":"max-video-preview:-1"},"canonical":"https:\/\/ajishop.ma\/ar\/shop\/herbes-et-apothicaire\/herbes\/graines-de-moutarde-brune\/","og_locale":"ar_AR","og_type":"article","og_title":"Graines de Moutarde Brune \/ \u062d\u0628\u0648\u0628 \u0627\u0644\u062e\u0631\u062f\u0644 \u0627\u0644\u0628\u0646\u064a\u0629 - AjiShop.ma","og_description":"Graines de Moutarde Brune &#8211; \u062d\u0628\u0648\u0628 \u0627\u0644\u062e\u0631\u062f\u0644 \u0627\u0644\u0628\u0646\u064a\u0629 Les graines de moutardes brunes sont les plus fortes, elles sont originaires","og_url":"https:\/\/ajishop.ma\/ar\/shop\/herbes-et-apothicaire\/herbes\/graines-de-moutarde-brune\/","og_site_name":"AjiShop.ma","article_modified_time":"2024-11-14T22:56:32+00:00","og_image":[{"width":600,"height":599,"url":"https:\/\/ajishop.ma\/wp-content\/uploads\/2024\/11\/mustard-seeds-wood-bowl-white-wall.webp","type":"image\/webp"}],"twitter_card":"summary_large_image","twitter_misc":{"\u0648\u0642\u062a \u0627\u0644\u0642\u0631\u0627\u0621\u0629 \u0627\u0644\u0645\u064f\u0642\u062f\u0651\u0631":"\u062f\u0642\u064a\u0642\u0629 \u0648\u0627\u062d\u062f\u0629"},"schema":{"@context":"https:\/\/schema.org","@graph":[{"@type":"WebPage","@id":"https:\/\/ajishop.ma\/shop\/herbes-et-apothicaire\/herbes\/graines-de-moutarde-brune\/","url":"https:\/\/ajishop.ma\/shop\/herbes-et-apothicaire\/herbes\/graines-de-moutarde-brune\/","name":"Graines de Moutarde Brune \/ \u062d\u0628\u0648\u0628 \u0627\u0644\u062e\u0631\u062f\u0644 \u0627\u0644\u0628\u0646\u064a\u0629 - AjiShop.ma","isPartOf":{"@id":"https:\/\/ajishop.ma\/#website"},"primaryImageOfPage":{"@id":"https:\/\/ajishop.ma\/shop\/herbes-et-apothicaire\/herbes\/graines-de-moutarde-brune\/#primaryimage"},"image":{"@id":"https:\/\/ajishop.ma\/shop\/herbes-et-apothicaire\/herbes\/graines-de-moutarde-brune\/#primaryimage"},"thumbnailUrl":"https:\/\/ajishop.ma\/wp-content\/uploads\/2024\/11\/mustard-seeds-wood-bowl-white-wall.webp","datePublished":"2024-11-11T22:13:01+00:00","dateModified":"2024-11-14T22:56:32+00:00","breadcrumb":{"@id":"https:\/\/ajishop.ma\/shop\/herbes-et-apothicaire\/herbes\/graines-de-moutarde-brune\/#breadcrumb"},"inLanguage":"ar","potentialAction":[{"@type":"ReadAction","target":["https:\/\/ajishop.ma\/shop\/herbes-et-apothicaire\/herbes\/graines-de-moutarde-brune\/"]}]},{"@type":"ImageObject","inLanguage":"ar","@id":"https:\/\/ajishop.ma\/shop\/herbes-et-apothicaire\/herbes\/graines-de-moutarde-brune\/#primaryimage","url":"https:\/\/ajishop.ma\/wp-content\/uploads\/2024\/11\/mustard-seeds-wood-bowl-white-wall.webp","contentUrl":"https:\/\/ajishop.ma\/wp-content\/uploads\/2024\/11\/mustard-seeds-wood-bowl-white-wall.webp","width":600,"height":599},{"@type":"BreadcrumbList","@id":"https:\/\/ajishop.ma\/shop\/herbes-et-apothicaire\/herbes\/graines-de-moutarde-brune\/#breadcrumb","itemListElement":[{"@type":"ListItem","position":1,"name":"Accueil","item":"https:\/\/ajishop.ma\/"},{"@type":"ListItem","position":2,"name":"Magasin","item":"https:\/\/ajishop.ma\/shop\/"},{"@type":"ListItem","position":3,"name":"Graines de Moutarde Brune \/ \u062d\u0628\u0648\u0628 \u0627\u0644\u062e\u0631\u062f\u0644 \u0627\u0644\u0628\u0646\u064a\u0629"}]},{"@type":"WebSite","@id":"https:\/\/ajishop.ma\/#website","url":"https:\/\/ajishop.ma\/","name":"AjiShop.ma","description":"Produits 100% naturels, Pour votre bien \u00eatre...","publisher":{"@id":"https:\/\/ajishop.ma\/#organization"},"potentialAction":[{"@type":"SearchAction","target":{"@type":"EntryPoint","urlTemplate":"https:\/\/ajishop.ma\/?s={search_term_string}"},"query-input":{"@type":"PropertyValueSpecification","valueRequired":true,"valueName":"search_term_string"}}],"inLanguage":"ar"},{"@type":"Organization","@id":"https:\/\/ajishop.ma\/#organization","name":"AjiShop.ma","url":"https:\/\/ajishop.ma\/","logo":{"@type":"ImageObject","inLanguage":"ar","@id":"https:\/\/ajishop.ma\/#\/schema\/logo\/image\/","url":"https:\/\/ajishop.ma\/wp-content\/uploads\/2024\/09\/AjiShop.ma-Horizontal-Logo-Green.png","contentUrl":"https:\/\/ajishop.ma\/wp-content\/uploads\/2024\/09\/AjiShop.ma-Horizontal-Logo-Green.png","width":1917,"height":276,"caption":"AjiShop.ma"},"image":{"@id":"https:\/\/ajishop.ma\/#\/schema\/logo\/image\/"}}]}},"_links":{"self":[{"href":"https:\/\/ajishop.ma\/ar\/wp-json\/wp\/v2\/product\/17338"}],"collection":[{"href":"https:\/\/ajishop.ma\/ar\/wp-json\/wp\/v2\/product"}],"about":[{"href":"https:\/\/ajishop.ma\/ar\/wp-json\/wp\/v2\/types\/product"}],"replies":[{"embeddable":true,"href":"https:\/\/ajishop.ma\/ar\/wp-json\/wp\/v2\/comments?post=17338"}],"version-history":[{"count":1,"href":"https:\/\/ajishop.ma\/ar\/wp-json\/wp\/v2\/product\/17338\/revisions"}],"predecessor-version":[{"id":17340,"href":"https:\/\/ajishop.ma\/ar\/wp-json\/wp\/v2\/product\/17338\/revisions\/17340"}],"wp:featuredmedia":[{"embeddable":true,"href":"https:\/\/ajishop.ma\/ar\/wp-json\/wp\/v2\/media\/17339"}],"wp:attachment":[{"href":"https:\/\/ajishop.ma\/ar\/wp-json\/wp\/v2\/media?parent=17338"}],"wp:term":[{"taxonomy":"product_cat","embeddable":true,"href":"https:\/\/ajishop.ma\/ar\/wp-json\/wp\/v2\/product_cat?post=17338"},{"taxonomy":"product_tag","embeddable":true,"href":"https:\/\/ajishop.ma\/ar\/wp-json\/wp\/v2\/product_tag?post=17338"}],"curies":[{"name":"wp","href":"https:\/\/api.w.org\/{rel}","templated":true}]}}