{"id":17350,"date":"2024-11-11T23:24:47","date_gmt":"2024-11-11T22:24:47","guid":{"rendered":"https:\/\/ajishop.ma\/?post_type=product&#038;p=17350"},"modified":"2024-11-14T01:33:49","modified_gmt":"2024-11-14T00:33:49","slug":"graines-de-moringa","status":"publish","type":"product","link":"https:\/\/ajishop.ma\/ar\/shop\/herbes-et-apothicaire\/herbes\/graines-de-moringa\/","title":{"rendered":"Graines de moringa \/  \u0628\u0630\u0648\u0631 \u0627\u0644\u0645\u0648\u0631\u064a\u0646\u062c\u0627"},"content":{"rendered":"<h4>Graines de moringa\u00a0 \u0628\u0630\u0648\u0631 \u0627\u0644\u0645\u0648\u0631\u064a\u0646\u062c\u0627<\/h4>\n<p>Tr\u00e8s riche en vitamine C, booste le syst\u00e8me immunitaire\u00a0&#8211; Pr\u00e9vention et lutte contre le diab\u00e8te- R\u00e9duit l\u2019hypertension et le cholest\u00e9rol- Combat la fatigue- Br\u00fble graisse naturel- Propri\u00e9t\u00e9s anti-inflammatoires- Am\u00e9liore la qualit\u00e9 du sommeil- Riche en fibres, am\u00e9liore la sant\u00e9 du syst\u00e8me digestif<img fetchpriority=\"high\" decoding=\"async\" class=\"alignnone size-medium wp-image-17351\" src=\"https:\/\/ajishop.ma\/wp-content\/uploads\/2024\/11\/moringa-oleisera-horseradish-303x300.webp\" alt=\"\" width=\"303\" height=\"300\" srcset=\"https:\/\/ajishop.ma\/wp-content\/uploads\/2024\/11\/moringa-oleisera-horseradish-303x300.webp 303w, https:\/\/ajishop.ma\/wp-content\/uploads\/2024\/11\/moringa-oleisera-horseradish-150x149.webp 150w, https:\/\/ajishop.ma\/wp-content\/uploads\/2024\/11\/moringa-oleisera-horseradish-12x12.webp 12w, https:\/\/ajishop.ma\/wp-content\/uploads\/2024\/11\/moringa-oleisera-horseradish-430x426.webp 430w, https:\/\/ajishop.ma\/wp-content\/uploads\/2024\/11\/moringa-oleisera-horseradish.webp 600w\" sizes=\"(max-width: 303px) 100vw, 303px\" \/><\/p>","protected":false},"excerpt":{"rendered":"<p>Graines de moringa\u00a0 \u0628\u0630\u0648\u0631 \u0627\u0644\u0645\u0648\u0631\u064a\u0646\u062c\u0627 Tr\u00e8s riche en vitamine C, booste le syst\u00e8me immunitaire\u00a0&#8211; Pr\u00e9vention et lutte contre le diab\u00e8te-<\/p>","protected":false},"featured_media":17351,"comment_status":"open","ping_status":"closed","template":"","meta":[],"product_cat":[32,75,76],"product_tag":[],"yoast_head":"<!-- This site is optimized with the Yoast SEO plugin v23.4 - https:\/\/yoast.com\/wordpress\/plugins\/seo\/ -->\n<title>Graines de moringa \/ \u0628\u0630\u0648\u0631 \u0627\u0644\u0645\u0648\u0631\u064a\u0646\u062c\u0627 - AjiShop.ma<\/title>\n<meta name=\"robots\" content=\"index, follow, max-snippet:-1, max-image-preview:large, max-video-preview:-1\" \/>\n<link rel=\"canonical\" href=\"https:\/\/ajishop.ma\/ar\/shop\/herbes-et-apothicaire\/herbes\/graines-de-moringa\/\" \/>\n<meta property=\"og:locale\" content=\"ar_AR\" \/>\n<meta property=\"og:type\" content=\"article\" \/>\n<meta property=\"og:title\" content=\"Graines de moringa \/ \u0628\u0630\u0648\u0631 \u0627\u0644\u0645\u0648\u0631\u064a\u0646\u062c\u0627 - AjiShop.ma\" \/>\n<meta property=\"og:description\" content=\"Graines de moringa\u00a0 \u0628\u0630\u0648\u0631 \u0627\u0644\u0645\u0648\u0631\u064a\u0646\u062c\u0627 Tr\u00e8s riche en vitamine C, booste le syst\u00e8me immunitaire\u00a0&#8211; Pr\u00e9vention et lutte contre le diab\u00e8te-\" \/>\n<meta property=\"og:url\" content=\"https:\/\/ajishop.ma\/ar\/shop\/herbes-et-apothicaire\/herbes\/graines-de-moringa\/\" \/>\n<meta property=\"og:site_name\" content=\"AjiShop.ma\" \/>\n<meta property=\"article:modified_time\" content=\"2024-11-14T00:33:49+00:00\" \/>\n<meta property=\"og:image\" content=\"https:\/\/ajishop.ma\/wp-content\/uploads\/2024\/11\/moringa-oleisera-horseradish.webp\" \/>\n\t<meta property=\"og:image:width\" content=\"600\" \/>\n\t<meta property=\"og:image:height\" content=\"594\" \/>\n\t<meta property=\"og:image:type\" content=\"image\/webp\" \/>\n<meta name=\"twitter:card\" content=\"summary_large_image\" \/>\n<meta name=\"twitter:label1\" content=\"\u0648\u0642\u062a \u0627\u0644\u0642\u0631\u0627\u0621\u0629 \u0627\u0644\u0645\u064f\u0642\u062f\u0651\u0631\" \/>\n\t<meta name=\"twitter:data1\" content=\"\u062f\u0642\u064a\u0642\u0629 \u0648\u0627\u062d\u062f\u0629\" \/>\n<script type=\"application\/ld+json\" class=\"yoast-schema-graph\">{\"@context\":\"https:\/\/schema.org\",\"@graph\":[{\"@type\":\"WebPage\",\"@id\":\"https:\/\/ajishop.ma\/shop\/herbes-et-apothicaire\/herbes\/graines-de-moringa\/\",\"url\":\"https:\/\/ajishop.ma\/shop\/herbes-et-apothicaire\/herbes\/graines-de-moringa\/\",\"name\":\"Graines de moringa \/ \u0628\u0630\u0648\u0631 \u0627\u0644\u0645\u0648\u0631\u064a\u0646\u062c\u0627 - AjiShop.ma\",\"isPartOf\":{\"@id\":\"https:\/\/ajishop.ma\/#website\"},\"primaryImageOfPage\":{\"@id\":\"https:\/\/ajishop.ma\/shop\/herbes-et-apothicaire\/herbes\/graines-de-moringa\/#primaryimage\"},\"image\":{\"@id\":\"https:\/\/ajishop.ma\/shop\/herbes-et-apothicaire\/herbes\/graines-de-moringa\/#primaryimage\"},\"thumbnailUrl\":\"https:\/\/ajishop.ma\/wp-content\/uploads\/2024\/11\/moringa-oleisera-horseradish.webp\",\"datePublished\":\"2024-11-11T22:24:47+00:00\",\"dateModified\":\"2024-11-14T00:33:49+00:00\",\"breadcrumb\":{\"@id\":\"https:\/\/ajishop.ma\/shop\/herbes-et-apothicaire\/herbes\/graines-de-moringa\/#breadcrumb\"},\"inLanguage\":\"ar\",\"potentialAction\":[{\"@type\":\"ReadAction\",\"target\":[\"https:\/\/ajishop.ma\/shop\/herbes-et-apothicaire\/herbes\/graines-de-moringa\/\"]}]},{\"@type\":\"ImageObject\",\"inLanguage\":\"ar\",\"@id\":\"https:\/\/ajishop.ma\/shop\/herbes-et-apothicaire\/herbes\/graines-de-moringa\/#primaryimage\",\"url\":\"https:\/\/ajishop.ma\/wp-content\/uploads\/2024\/11\/moringa-oleisera-horseradish.webp\",\"contentUrl\":\"https:\/\/ajishop.ma\/wp-content\/uploads\/2024\/11\/moringa-oleisera-horseradish.webp\",\"width\":600,\"height\":594},{\"@type\":\"BreadcrumbList\",\"@id\":\"https:\/\/ajishop.ma\/shop\/herbes-et-apothicaire\/herbes\/graines-de-moringa\/#breadcrumb\",\"itemListElement\":[{\"@type\":\"ListItem\",\"position\":1,\"name\":\"Accueil\",\"item\":\"https:\/\/ajishop.ma\/\"},{\"@type\":\"ListItem\",\"position\":2,\"name\":\"Magasin\",\"item\":\"https:\/\/ajishop.ma\/shop\/\"},{\"@type\":\"ListItem\",\"position\":3,\"name\":\"Graines de moringa \/ \u0628\u0630\u0648\u0631 \u0627\u0644\u0645\u0648\u0631\u064a\u0646\u062c\u0627\"}]},{\"@type\":\"WebSite\",\"@id\":\"https:\/\/ajishop.ma\/#website\",\"url\":\"https:\/\/ajishop.ma\/\",\"name\":\"AjiShop.ma\",\"description\":\"Produits 100% naturels, Pour votre bien \u00eatre...\",\"publisher\":{\"@id\":\"https:\/\/ajishop.ma\/#organization\"},\"potentialAction\":[{\"@type\":\"SearchAction\",\"target\":{\"@type\":\"EntryPoint\",\"urlTemplate\":\"https:\/\/ajishop.ma\/?s={search_term_string}\"},\"query-input\":{\"@type\":\"PropertyValueSpecification\",\"valueRequired\":true,\"valueName\":\"search_term_string\"}}],\"inLanguage\":\"ar\"},{\"@type\":\"Organization\",\"@id\":\"https:\/\/ajishop.ma\/#organization\",\"name\":\"AjiShop.ma\",\"url\":\"https:\/\/ajishop.ma\/\",\"logo\":{\"@type\":\"ImageObject\",\"inLanguage\":\"ar\",\"@id\":\"https:\/\/ajishop.ma\/#\/schema\/logo\/image\/\",\"url\":\"https:\/\/ajishop.ma\/wp-content\/uploads\/2024\/09\/AjiShop.ma-Horizontal-Logo-Green.png\",\"contentUrl\":\"https:\/\/ajishop.ma\/wp-content\/uploads\/2024\/09\/AjiShop.ma-Horizontal-Logo-Green.png\",\"width\":1917,\"height\":276,\"caption\":\"AjiShop.ma\"},\"image\":{\"@id\":\"https:\/\/ajishop.ma\/#\/schema\/logo\/image\/\"}}]}<\/script>\n<!-- \/ Yoast SEO plugin. -->","yoast_head_json":{"title":"Graines de moringa \/ \u0628\u0630\u0648\u0631 \u0627\u0644\u0645\u0648\u0631\u064a\u0646\u062c\u0627 - AjiShop.ma","robots":{"index":"index","follow":"follow","max-snippet":"max-snippet:-1","max-image-preview":"max-image-preview:large","max-video-preview":"max-video-preview:-1"},"canonical":"https:\/\/ajishop.ma\/ar\/shop\/herbes-et-apothicaire\/herbes\/graines-de-moringa\/","og_locale":"ar_AR","og_type":"article","og_title":"Graines de moringa \/ \u0628\u0630\u0648\u0631 \u0627\u0644\u0645\u0648\u0631\u064a\u0646\u062c\u0627 - AjiShop.ma","og_description":"Graines de moringa\u00a0 \u0628\u0630\u0648\u0631 \u0627\u0644\u0645\u0648\u0631\u064a\u0646\u062c\u0627 Tr\u00e8s riche en vitamine C, booste le syst\u00e8me immunitaire\u00a0&#8211; Pr\u00e9vention et lutte contre le diab\u00e8te-","og_url":"https:\/\/ajishop.ma\/ar\/shop\/herbes-et-apothicaire\/herbes\/graines-de-moringa\/","og_site_name":"AjiShop.ma","article_modified_time":"2024-11-14T00:33:49+00:00","og_image":[{"width":600,"height":594,"url":"https:\/\/ajishop.ma\/wp-content\/uploads\/2024\/11\/moringa-oleisera-horseradish.webp","type":"image\/webp"}],"twitter_card":"summary_large_image","twitter_misc":{"\u0648\u0642\u062a \u0627\u0644\u0642\u0631\u0627\u0621\u0629 \u0627\u0644\u0645\u064f\u0642\u062f\u0651\u0631":"\u062f\u0642\u064a\u0642\u0629 \u0648\u0627\u062d\u062f\u0629"},"schema":{"@context":"https:\/\/schema.org","@graph":[{"@type":"WebPage","@id":"https:\/\/ajishop.ma\/shop\/herbes-et-apothicaire\/herbes\/graines-de-moringa\/","url":"https:\/\/ajishop.ma\/shop\/herbes-et-apothicaire\/herbes\/graines-de-moringa\/","name":"Graines de moringa \/ \u0628\u0630\u0648\u0631 \u0627\u0644\u0645\u0648\u0631\u064a\u0646\u062c\u0627 - AjiShop.ma","isPartOf":{"@id":"https:\/\/ajishop.ma\/#website"},"primaryImageOfPage":{"@id":"https:\/\/ajishop.ma\/shop\/herbes-et-apothicaire\/herbes\/graines-de-moringa\/#primaryimage"},"image":{"@id":"https:\/\/ajishop.ma\/shop\/herbes-et-apothicaire\/herbes\/graines-de-moringa\/#primaryimage"},"thumbnailUrl":"https:\/\/ajishop.ma\/wp-content\/uploads\/2024\/11\/moringa-oleisera-horseradish.webp","datePublished":"2024-11-11T22:24:47+00:00","dateModified":"2024-11-14T00:33:49+00:00","breadcrumb":{"@id":"https:\/\/ajishop.ma\/shop\/herbes-et-apothicaire\/herbes\/graines-de-moringa\/#breadcrumb"},"inLanguage":"ar","potentialAction":[{"@type":"ReadAction","target":["https:\/\/ajishop.ma\/shop\/herbes-et-apothicaire\/herbes\/graines-de-moringa\/"]}]},{"@type":"ImageObject","inLanguage":"ar","@id":"https:\/\/ajishop.ma\/shop\/herbes-et-apothicaire\/herbes\/graines-de-moringa\/#primaryimage","url":"https:\/\/ajishop.ma\/wp-content\/uploads\/2024\/11\/moringa-oleisera-horseradish.webp","contentUrl":"https:\/\/ajishop.ma\/wp-content\/uploads\/2024\/11\/moringa-oleisera-horseradish.webp","width":600,"height":594},{"@type":"BreadcrumbList","@id":"https:\/\/ajishop.ma\/shop\/herbes-et-apothicaire\/herbes\/graines-de-moringa\/#breadcrumb","itemListElement":[{"@type":"ListItem","position":1,"name":"Accueil","item":"https:\/\/ajishop.ma\/"},{"@type":"ListItem","position":2,"name":"Magasin","item":"https:\/\/ajishop.ma\/shop\/"},{"@type":"ListItem","position":3,"name":"Graines de moringa \/ \u0628\u0630\u0648\u0631 \u0627\u0644\u0645\u0648\u0631\u064a\u0646\u062c\u0627"}]},{"@type":"WebSite","@id":"https:\/\/ajishop.ma\/#website","url":"https:\/\/ajishop.ma\/","name":"AjiShop.ma","description":"Produits 100% naturels, Pour votre bien \u00eatre...","publisher":{"@id":"https:\/\/ajishop.ma\/#organization"},"potentialAction":[{"@type":"SearchAction","target":{"@type":"EntryPoint","urlTemplate":"https:\/\/ajishop.ma\/?s={search_term_string}"},"query-input":{"@type":"PropertyValueSpecification","valueRequired":true,"valueName":"search_term_string"}}],"inLanguage":"ar"},{"@type":"Organization","@id":"https:\/\/ajishop.ma\/#organization","name":"AjiShop.ma","url":"https:\/\/ajishop.ma\/","logo":{"@type":"ImageObject","inLanguage":"ar","@id":"https:\/\/ajishop.ma\/#\/schema\/logo\/image\/","url":"https:\/\/ajishop.ma\/wp-content\/uploads\/2024\/09\/AjiShop.ma-Horizontal-Logo-Green.png","contentUrl":"https:\/\/ajishop.ma\/wp-content\/uploads\/2024\/09\/AjiShop.ma-Horizontal-Logo-Green.png","width":1917,"height":276,"caption":"AjiShop.ma"},"image":{"@id":"https:\/\/ajishop.ma\/#\/schema\/logo\/image\/"}}]}},"_links":{"self":[{"href":"https:\/\/ajishop.ma\/ar\/wp-json\/wp\/v2\/product\/17350"}],"collection":[{"href":"https:\/\/ajishop.ma\/ar\/wp-json\/wp\/v2\/product"}],"about":[{"href":"https:\/\/ajishop.ma\/ar\/wp-json\/wp\/v2\/types\/product"}],"replies":[{"embeddable":true,"href":"https:\/\/ajishop.ma\/ar\/wp-json\/wp\/v2\/comments?post=17350"}],"version-history":[{"count":1,"href":"https:\/\/ajishop.ma\/ar\/wp-json\/wp\/v2\/product\/17350\/revisions"}],"predecessor-version":[{"id":17352,"href":"https:\/\/ajishop.ma\/ar\/wp-json\/wp\/v2\/product\/17350\/revisions\/17352"}],"wp:featuredmedia":[{"embeddable":true,"href":"https:\/\/ajishop.ma\/ar\/wp-json\/wp\/v2\/media\/17351"}],"wp:attachment":[{"href":"https:\/\/ajishop.ma\/ar\/wp-json\/wp\/v2\/media?parent=17350"}],"wp:term":[{"taxonomy":"product_cat","embeddable":true,"href":"https:\/\/ajishop.ma\/ar\/wp-json\/wp\/v2\/product_cat?post=17350"},{"taxonomy":"product_tag","embeddable":true,"href":"https:\/\/ajishop.ma\/ar\/wp-json\/wp\/v2\/product_tag?post=17350"}],"curies":[{"name":"wp","href":"https:\/\/api.w.org\/{rel}","templated":true}]}}