{"id":17363,"date":"2024-11-11T23:32:43","date_gmt":"2024-11-11T22:32:43","guid":{"rendered":"https:\/\/ajishop.ma\/?post_type=product&#038;p=17363"},"modified":"2024-11-14T01:41:00","modified_gmt":"2024-11-14T00:41:00","slug":"graines-de-fenouil-beldi-boustani","status":"publish","type":"product","link":"https:\/\/ajishop.ma\/ar\/shop\/herbes-et-apothicaire\/herbes\/graines-de-fenouil-beldi-boustani\/","title":{"rendered":"Graines de fenouil beldi Boustani &#8211; \u0646\u0627\u0641\u0639 \u0628\u0644\u062f\u064a \u0628\u0633\u062a\u0627\u0646\u064a"},"content":{"rendered":"<div class=\"w-full text-token-text-primary\" data-testid=\"conversation-turn-530\">\n<div class=\"px-4 py-2 justify-center text-base md:gap-6 m-auto\">\n<div class=\"flex flex-1 text-base mx-auto gap-3 md:px-5 lg:px-1 xl:px-5 md:max-w-3xl lg:max-w-[40rem] xl:max-w-[48rem] group\">\n<div class=\"relative flex w-full flex-col lg:w-[calc(100%-115px)] agent-turn\">\n<div class=\"flex-col gap-1 md:gap-3\">\n<div class=\"flex flex-grow flex-col max-w-full\">\n<div class=\"min-h-[20px] text-message flex flex-col items-start gap-3 whitespace-pre-wrap break-words [.text-message+&amp;]:mt-5 overflow-x-auto\" data-message-author-role=\"assistant\" data-message-id=\"8807de61-bd8a-4a1b-ba09-76d5ca866fd7\">\n<div class=\"markdown prose w-full break-words dark:prose-invert light\">\n<p><strong>Fenouil Beldi Boustani &#8211; \u0646\u0627\u0641\u0639 \u0628\u0644\u062f\u064a \u0628\u0633\u062a\u0627\u0646\u064a<\/strong><\/p>\n<\/div>\n<\/div>\n<\/div>\n<\/div>\n<\/div>\n<\/div>\n<\/div>\n<\/div>\n<div class=\"w-full text-token-text-primary\" data-testid=\"conversation-turn-532\">\n<div class=\"px-4 py-2 justify-center text-base md:gap-6 m-auto\">\n<div class=\"flex flex-1 text-base mx-auto gap-3 md:px-5 lg:px-1 xl:px-5 md:max-w-3xl lg:max-w-[40rem] xl:max-w-[48rem] group final-completion\">\n<div class=\"relative flex w-full flex-col lg:w-[calc(100%-115px)] agent-turn\">\n<div class=\"font-semibold select-none\"><\/div>\n<div class=\"flex-col gap-1 md:gap-3\">\n<div class=\"flex flex-grow flex-col max-w-full\">\n<div class=\"min-h-[20px] text-message flex flex-col items-start gap-3 whitespace-pre-wrap break-words [.text-message+&amp;]:mt-5 overflow-x-auto\" data-message-author-role=\"assistant\" data-message-id=\"fd6ec98a-a995-47b2-8aad-ea5a60a25426\">\n<div class=\"markdown prose w-full break-words dark:prose-invert light\">\n<p>D\u00e9couvrez le Fenouil Beldi Boustani, une vari\u00e9t\u00e9 exceptionnelle de fenouil r\u00e9put\u00e9e pour sa saveur d\u00e9licate et son ar\u00f4me envo\u00fbtant. Cultiv\u00e9 avec soin selon des m\u00e9thodes traditionnelles, ce fenouil, \u00e9galement connu sous le nom de \u0646\u0627\u0641\u0639 \u0628\u0644\u062f\u064a \u0628\u0633\u062a\u0627\u0646\u064a en arabe, est un ingr\u00e9dient incontournable pour rehausser vos plats avec une touche m\u00e9diterran\u00e9enne.<\/p>\n<p><strong>Caract\u00e9ristiques :<\/strong><\/p>\n<ul>\n<li><strong>Saveur Subtile :<\/strong>\u00a0Le Fenouil Beldi Boustani offre une saveur subtile, l\u00e9g\u00e8rement anis\u00e9e, qui apporte une dimension unique \u00e0 vos pr\u00e9parations culinaires.<\/li>\n<li><strong>Origine Naturelle :<\/strong>\u00a0Cultiv\u00e9 dans le respect des pratiques agricoles traditionnelles, ce fenouil incarne l&#8217;authenticit\u00e9 et la qualit\u00e9 des produits du terroir.<\/li>\n<li><strong>Polyvalence Culinaire :<\/strong>\u00a0Ajoutez une note de fra\u00eecheur \u00e0 vos salades, plats de poisson ou accompagnements avec ce fenouil polyvalent et d\u00e9licieux.<\/li>\n<\/ul>\n<p>D\u00e9couvrez l&#8217;excellence du Fenouil Beldi Boustani sur Goji.ma et apportez une touche m\u00e9diterran\u00e9enne \u00e0 votre cuisine.<\/p>\n<\/div>\n<\/div>\n<\/div>\n<\/div>\n<\/div>\n<\/div>\n<\/div>\n<\/div>","protected":false},"excerpt":{"rendered":"<p>Fenouil Beldi Boustani &#8211; \u0646\u0627\u0641\u0639 \u0628\u0644\u062f\u064a \u0628\u0633\u062a\u0627\u0646\u064a D\u00e9couvrez le Fenouil Beldi Boustani, une vari\u00e9t\u00e9 exceptionnelle de fenouil r\u00e9put\u00e9e pour sa<\/p>","protected":false},"featured_media":17364,"comment_status":"open","ping_status":"closed","template":"","meta":[],"product_cat":[32,75,76],"product_tag":[],"yoast_head":"<!-- This site is optimized with the Yoast SEO plugin v23.4 - https:\/\/yoast.com\/wordpress\/plugins\/seo\/ -->\n<title>Graines de fenouil beldi Boustani - \u0646\u0627\u0641\u0639 \u0628\u0644\u062f\u064a \u0628\u0633\u062a\u0627\u0646\u064a - AjiShop.ma<\/title>\n<meta name=\"robots\" content=\"index, follow, max-snippet:-1, max-image-preview:large, max-video-preview:-1\" \/>\n<link rel=\"canonical\" href=\"https:\/\/ajishop.ma\/ar\/shop\/herbes-et-apothicaire\/herbes\/graines-de-fenouil-beldi-boustani\/\" \/>\n<meta property=\"og:locale\" content=\"ar_AR\" \/>\n<meta property=\"og:type\" content=\"article\" \/>\n<meta property=\"og:title\" content=\"Graines de fenouil beldi Boustani - \u0646\u0627\u0641\u0639 \u0628\u0644\u062f\u064a \u0628\u0633\u062a\u0627\u0646\u064a - AjiShop.ma\" \/>\n<meta property=\"og:description\" content=\"Fenouil Beldi Boustani &#8211; \u0646\u0627\u0641\u0639 \u0628\u0644\u062f\u064a \u0628\u0633\u062a\u0627\u0646\u064a D\u00e9couvrez le Fenouil Beldi Boustani, une vari\u00e9t\u00e9 exceptionnelle de fenouil r\u00e9put\u00e9e pour sa\" \/>\n<meta property=\"og:url\" content=\"https:\/\/ajishop.ma\/ar\/shop\/herbes-et-apothicaire\/herbes\/graines-de-fenouil-beldi-boustani\/\" \/>\n<meta property=\"og:site_name\" content=\"AjiShop.ma\" \/>\n<meta property=\"article:modified_time\" content=\"2024-11-14T00:41:00+00:00\" \/>\n<meta property=\"og:image\" content=\"https:\/\/ajishop.ma\/wp-content\/uploads\/2024\/11\/Fennelseed1001_300x_61774016-a73b-48e1-81e4-65ca7e188243.webp\" \/>\n\t<meta property=\"og:image:width\" content=\"300\" \/>\n\t<meta property=\"og:image:height\" content=\"300\" \/>\n\t<meta property=\"og:image:type\" content=\"image\/webp\" \/>\n<meta name=\"twitter:card\" content=\"summary_large_image\" \/>\n<meta name=\"twitter:label1\" content=\"\u0648\u0642\u062a \u0627\u0644\u0642\u0631\u0627\u0621\u0629 \u0627\u0644\u0645\u064f\u0642\u062f\u0651\u0631\" \/>\n\t<meta name=\"twitter:data1\" content=\"\u062f\u0642\u064a\u0642\u0629 \u0648\u0627\u062d\u062f\u0629\" \/>\n<script type=\"application\/ld+json\" class=\"yoast-schema-graph\">{\"@context\":\"https:\/\/schema.org\",\"@graph\":[{\"@type\":\"WebPage\",\"@id\":\"https:\/\/ajishop.ma\/shop\/herbes-et-apothicaire\/herbes\/graines-de-fenouil-beldi-boustani\/\",\"url\":\"https:\/\/ajishop.ma\/shop\/herbes-et-apothicaire\/herbes\/graines-de-fenouil-beldi-boustani\/\",\"name\":\"Graines de fenouil beldi Boustani - \u0646\u0627\u0641\u0639 \u0628\u0644\u062f\u064a \u0628\u0633\u062a\u0627\u0646\u064a - AjiShop.ma\",\"isPartOf\":{\"@id\":\"https:\/\/ajishop.ma\/#website\"},\"primaryImageOfPage\":{\"@id\":\"https:\/\/ajishop.ma\/shop\/herbes-et-apothicaire\/herbes\/graines-de-fenouil-beldi-boustani\/#primaryimage\"},\"image\":{\"@id\":\"https:\/\/ajishop.ma\/shop\/herbes-et-apothicaire\/herbes\/graines-de-fenouil-beldi-boustani\/#primaryimage\"},\"thumbnailUrl\":\"https:\/\/ajishop.ma\/wp-content\/uploads\/2024\/11\/Fennelseed1001_300x_61774016-a73b-48e1-81e4-65ca7e188243.webp\",\"datePublished\":\"2024-11-11T22:32:43+00:00\",\"dateModified\":\"2024-11-14T00:41:00+00:00\",\"breadcrumb\":{\"@id\":\"https:\/\/ajishop.ma\/shop\/herbes-et-apothicaire\/herbes\/graines-de-fenouil-beldi-boustani\/#breadcrumb\"},\"inLanguage\":\"ar\",\"potentialAction\":[{\"@type\":\"ReadAction\",\"target\":[\"https:\/\/ajishop.ma\/shop\/herbes-et-apothicaire\/herbes\/graines-de-fenouil-beldi-boustani\/\"]}]},{\"@type\":\"ImageObject\",\"inLanguage\":\"ar\",\"@id\":\"https:\/\/ajishop.ma\/shop\/herbes-et-apothicaire\/herbes\/graines-de-fenouil-beldi-boustani\/#primaryimage\",\"url\":\"https:\/\/ajishop.ma\/wp-content\/uploads\/2024\/11\/Fennelseed1001_300x_61774016-a73b-48e1-81e4-65ca7e188243.webp\",\"contentUrl\":\"https:\/\/ajishop.ma\/wp-content\/uploads\/2024\/11\/Fennelseed1001_300x_61774016-a73b-48e1-81e4-65ca7e188243.webp\",\"width\":300,\"height\":300},{\"@type\":\"BreadcrumbList\",\"@id\":\"https:\/\/ajishop.ma\/shop\/herbes-et-apothicaire\/herbes\/graines-de-fenouil-beldi-boustani\/#breadcrumb\",\"itemListElement\":[{\"@type\":\"ListItem\",\"position\":1,\"name\":\"Accueil\",\"item\":\"https:\/\/ajishop.ma\/\"},{\"@type\":\"ListItem\",\"position\":2,\"name\":\"Magasin\",\"item\":\"https:\/\/ajishop.ma\/shop\/\"},{\"@type\":\"ListItem\",\"position\":3,\"name\":\"Graines de fenouil beldi Boustani &#8211; \u0646\u0627\u0641\u0639 \u0628\u0644\u062f\u064a \u0628\u0633\u062a\u0627\u0646\u064a\"}]},{\"@type\":\"WebSite\",\"@id\":\"https:\/\/ajishop.ma\/#website\",\"url\":\"https:\/\/ajishop.ma\/\",\"name\":\"AjiShop.ma\",\"description\":\"Produits 100% naturels, Pour votre bien \u00eatre...\",\"publisher\":{\"@id\":\"https:\/\/ajishop.ma\/#organization\"},\"potentialAction\":[{\"@type\":\"SearchAction\",\"target\":{\"@type\":\"EntryPoint\",\"urlTemplate\":\"https:\/\/ajishop.ma\/?s={search_term_string}\"},\"query-input\":{\"@type\":\"PropertyValueSpecification\",\"valueRequired\":true,\"valueName\":\"search_term_string\"}}],\"inLanguage\":\"ar\"},{\"@type\":\"Organization\",\"@id\":\"https:\/\/ajishop.ma\/#organization\",\"name\":\"AjiShop.ma\",\"url\":\"https:\/\/ajishop.ma\/\",\"logo\":{\"@type\":\"ImageObject\",\"inLanguage\":\"ar\",\"@id\":\"https:\/\/ajishop.ma\/#\/schema\/logo\/image\/\",\"url\":\"https:\/\/ajishop.ma\/wp-content\/uploads\/2024\/09\/AjiShop.ma-Horizontal-Logo-Green.png\",\"contentUrl\":\"https:\/\/ajishop.ma\/wp-content\/uploads\/2024\/09\/AjiShop.ma-Horizontal-Logo-Green.png\",\"width\":1917,\"height\":276,\"caption\":\"AjiShop.ma\"},\"image\":{\"@id\":\"https:\/\/ajishop.ma\/#\/schema\/logo\/image\/\"}}]}<\/script>\n<!-- \/ Yoast SEO plugin. -->","yoast_head_json":{"title":"Graines de fenouil beldi Boustani - \u0646\u0627\u0641\u0639 \u0628\u0644\u062f\u064a \u0628\u0633\u062a\u0627\u0646\u064a - AjiShop.ma","robots":{"index":"index","follow":"follow","max-snippet":"max-snippet:-1","max-image-preview":"max-image-preview:large","max-video-preview":"max-video-preview:-1"},"canonical":"https:\/\/ajishop.ma\/ar\/shop\/herbes-et-apothicaire\/herbes\/graines-de-fenouil-beldi-boustani\/","og_locale":"ar_AR","og_type":"article","og_title":"Graines de fenouil beldi Boustani - \u0646\u0627\u0641\u0639 \u0628\u0644\u062f\u064a \u0628\u0633\u062a\u0627\u0646\u064a - AjiShop.ma","og_description":"Fenouil Beldi Boustani &#8211; \u0646\u0627\u0641\u0639 \u0628\u0644\u062f\u064a \u0628\u0633\u062a\u0627\u0646\u064a D\u00e9couvrez le Fenouil Beldi Boustani, une vari\u00e9t\u00e9 exceptionnelle de fenouil r\u00e9put\u00e9e pour sa","og_url":"https:\/\/ajishop.ma\/ar\/shop\/herbes-et-apothicaire\/herbes\/graines-de-fenouil-beldi-boustani\/","og_site_name":"AjiShop.ma","article_modified_time":"2024-11-14T00:41:00+00:00","og_image":[{"width":300,"height":300,"url":"https:\/\/ajishop.ma\/wp-content\/uploads\/2024\/11\/Fennelseed1001_300x_61774016-a73b-48e1-81e4-65ca7e188243.webp","type":"image\/webp"}],"twitter_card":"summary_large_image","twitter_misc":{"\u0648\u0642\u062a \u0627\u0644\u0642\u0631\u0627\u0621\u0629 \u0627\u0644\u0645\u064f\u0642\u062f\u0651\u0631":"\u062f\u0642\u064a\u0642\u0629 \u0648\u0627\u062d\u062f\u0629"},"schema":{"@context":"https:\/\/schema.org","@graph":[{"@type":"WebPage","@id":"https:\/\/ajishop.ma\/shop\/herbes-et-apothicaire\/herbes\/graines-de-fenouil-beldi-boustani\/","url":"https:\/\/ajishop.ma\/shop\/herbes-et-apothicaire\/herbes\/graines-de-fenouil-beldi-boustani\/","name":"Graines de fenouil beldi Boustani - \u0646\u0627\u0641\u0639 \u0628\u0644\u062f\u064a \u0628\u0633\u062a\u0627\u0646\u064a - AjiShop.ma","isPartOf":{"@id":"https:\/\/ajishop.ma\/#website"},"primaryImageOfPage":{"@id":"https:\/\/ajishop.ma\/shop\/herbes-et-apothicaire\/herbes\/graines-de-fenouil-beldi-boustani\/#primaryimage"},"image":{"@id":"https:\/\/ajishop.ma\/shop\/herbes-et-apothicaire\/herbes\/graines-de-fenouil-beldi-boustani\/#primaryimage"},"thumbnailUrl":"https:\/\/ajishop.ma\/wp-content\/uploads\/2024\/11\/Fennelseed1001_300x_61774016-a73b-48e1-81e4-65ca7e188243.webp","datePublished":"2024-11-11T22:32:43+00:00","dateModified":"2024-11-14T00:41:00+00:00","breadcrumb":{"@id":"https:\/\/ajishop.ma\/shop\/herbes-et-apothicaire\/herbes\/graines-de-fenouil-beldi-boustani\/#breadcrumb"},"inLanguage":"ar","potentialAction":[{"@type":"ReadAction","target":["https:\/\/ajishop.ma\/shop\/herbes-et-apothicaire\/herbes\/graines-de-fenouil-beldi-boustani\/"]}]},{"@type":"ImageObject","inLanguage":"ar","@id":"https:\/\/ajishop.ma\/shop\/herbes-et-apothicaire\/herbes\/graines-de-fenouil-beldi-boustani\/#primaryimage","url":"https:\/\/ajishop.ma\/wp-content\/uploads\/2024\/11\/Fennelseed1001_300x_61774016-a73b-48e1-81e4-65ca7e188243.webp","contentUrl":"https:\/\/ajishop.ma\/wp-content\/uploads\/2024\/11\/Fennelseed1001_300x_61774016-a73b-48e1-81e4-65ca7e188243.webp","width":300,"height":300},{"@type":"BreadcrumbList","@id":"https:\/\/ajishop.ma\/shop\/herbes-et-apothicaire\/herbes\/graines-de-fenouil-beldi-boustani\/#breadcrumb","itemListElement":[{"@type":"ListItem","position":1,"name":"Accueil","item":"https:\/\/ajishop.ma\/"},{"@type":"ListItem","position":2,"name":"Magasin","item":"https:\/\/ajishop.ma\/shop\/"},{"@type":"ListItem","position":3,"name":"Graines de fenouil beldi Boustani &#8211; \u0646\u0627\u0641\u0639 \u0628\u0644\u062f\u064a \u0628\u0633\u062a\u0627\u0646\u064a"}]},{"@type":"WebSite","@id":"https:\/\/ajishop.ma\/#website","url":"https:\/\/ajishop.ma\/","name":"AjiShop.ma","description":"Produits 100% naturels, Pour votre bien \u00eatre...","publisher":{"@id":"https:\/\/ajishop.ma\/#organization"},"potentialAction":[{"@type":"SearchAction","target":{"@type":"EntryPoint","urlTemplate":"https:\/\/ajishop.ma\/?s={search_term_string}"},"query-input":{"@type":"PropertyValueSpecification","valueRequired":true,"valueName":"search_term_string"}}],"inLanguage":"ar"},{"@type":"Organization","@id":"https:\/\/ajishop.ma\/#organization","name":"AjiShop.ma","url":"https:\/\/ajishop.ma\/","logo":{"@type":"ImageObject","inLanguage":"ar","@id":"https:\/\/ajishop.ma\/#\/schema\/logo\/image\/","url":"https:\/\/ajishop.ma\/wp-content\/uploads\/2024\/09\/AjiShop.ma-Horizontal-Logo-Green.png","contentUrl":"https:\/\/ajishop.ma\/wp-content\/uploads\/2024\/09\/AjiShop.ma-Horizontal-Logo-Green.png","width":1917,"height":276,"caption":"AjiShop.ma"},"image":{"@id":"https:\/\/ajishop.ma\/#\/schema\/logo\/image\/"}}]}},"_links":{"self":[{"href":"https:\/\/ajishop.ma\/ar\/wp-json\/wp\/v2\/product\/17363"}],"collection":[{"href":"https:\/\/ajishop.ma\/ar\/wp-json\/wp\/v2\/product"}],"about":[{"href":"https:\/\/ajishop.ma\/ar\/wp-json\/wp\/v2\/types\/product"}],"replies":[{"embeddable":true,"href":"https:\/\/ajishop.ma\/ar\/wp-json\/wp\/v2\/comments?post=17363"}],"version-history":[{"count":1,"href":"https:\/\/ajishop.ma\/ar\/wp-json\/wp\/v2\/product\/17363\/revisions"}],"predecessor-version":[{"id":17365,"href":"https:\/\/ajishop.ma\/ar\/wp-json\/wp\/v2\/product\/17363\/revisions\/17365"}],"wp:featuredmedia":[{"embeddable":true,"href":"https:\/\/ajishop.ma\/ar\/wp-json\/wp\/v2\/media\/17364"}],"wp:attachment":[{"href":"https:\/\/ajishop.ma\/ar\/wp-json\/wp\/v2\/media?parent=17363"}],"wp:term":[{"taxonomy":"product_cat","embeddable":true,"href":"https:\/\/ajishop.ma\/ar\/wp-json\/wp\/v2\/product_cat?post=17363"},{"taxonomy":"product_tag","embeddable":true,"href":"https:\/\/ajishop.ma\/ar\/wp-json\/wp\/v2\/product_tag?post=17363"}],"curies":[{"name":"wp","href":"https:\/\/api.w.org\/{rel}","templated":true}]}}