{"id":17371,"date":"2024-11-11T23:47:44","date_gmt":"2024-11-11T22:47:44","guid":{"rendered":"https:\/\/ajishop.ma\/?post_type=product&#038;p=17371"},"modified":"2024-11-13T13:06:31","modified_gmt":"2024-11-13T12:06:31","slug":"ail-en-poudre","status":"publish","type":"product","link":"https:\/\/ajishop.ma\/ar\/shop\/herbes-et-apothicaire\/epices\/ail-en-poudre\/","title":{"rendered":"Ail en poudre &#8211; \u0628\u0648\u062f\u0631\u0629 \u0627\u0644\u062b\u0648\u0645"},"content":{"rendered":"<p><strong>Ail en poudre &#8211; \u0628\u0648\u062f\u0631\u0629 \u0627\u0644\u062b\u0648\u0645<\/strong><\/p>\n<p><strong>La poudre d\u2019ail<\/strong>\u00a0est faite \u00e0 base de gousses d\u2019ail d\u00e9shydrat\u00e9es puis r\u00e9duites en poudre. L\u2019int\u00e9r\u00eat de la faire maison est de maitriser la qualit\u00e9 de l\u2019ail que vous utilisez et la temp\u00e9rature de d\u00e9shydratation. Pour pr\u00e9server au maximum les nutriments et les vertus de l\u2019ail frais il est pr\u00e9f\u00e9rable de le s\u00e9cher sous les 40\u00b0C. Les poudres achet\u00e9es dans le commerce sont la plupart du temps faites avec des gousses s\u00e9ch\u00e9es entre 150 et 180\u00b0C. Vous pouvez les d\u00e9shydrater au four \u00e0 temp\u00e9rature minium ou encore mieux au d\u00e9shydrateur.<\/p>\n<p>En pr\u00e9parant votre poudre d\u2019ail maison vous \u00e9vitez aussi par la m\u00eame occasion l\u2019\u00e9ventualit\u00e9 de consommer des antiagglom\u00e9rants.<\/p>\n<p>La saveur de la poudre d\u2019ail maison est incomparable avec les versions du commerce le gout est intense, puissant et peu de poudre suffit \u00e0 aromatiser, pain, bouillon, sauce ou p\u00e2tes\u2026<\/p>\n<p>La poudre d\u2019ail peut \u00eatre utilis\u00e9e dans vos marinades, vos m\u00e9langes d\u2019\u00e9pices maison, vos crackers, potatoes au four, saupoudrez sur vos r\u00f4tis, pendant la cuisson barbecue ou \u00e0 la plancha. Faites des pains \u00e0 l\u2019ail, saupoudrez sur vos pizzas maison, ajoutez \u00e0 vos panures, chips\u2026<\/p>\n<p><strong>Sel d\u2019ail<\/strong><br \/>\nVous aimez les sels aromatis\u00e9s ? Essayez le sel d\u2019ail. M\u00e9langez 1\/3 de poudre d\u2019ail et 2\/3 de sel, mixez et entreposer dans une boite herm\u00e9tique \u00e0 l\u2019abri de l\u2019humidit\u00e9.<\/p>\n<p><strong>Les avantages de la poudre d\u2019ail<\/strong><br \/>\nC\u2019est un mode de conservation simple de l\u2019ail, si vous pouvez vous procurez de l\u2019ail de bonne qualit\u00e9 \u00e0 bon prix c\u2019est le moment d\u2019en d\u00e9shydrater quelques t\u00eates pour vos usages futures. De m\u00eame si vous en faites au jardin.<\/p>\n<p>Bien conserv\u00e9e, la poudre d\u2019ail peut se garder 1 an mais plus vite on la consomme meilleur est le gout. La bonne conservation se fait \u00e0 l\u2019abri de la chaleur, de la lumi\u00e8re et de l\u2019humidit\u00e9.<\/p>\n<p>En cuisine la poudre se m\u00e9lange de mani\u00e8re plus uniforme, plus simple donc \u00e0 utiliser pour certaines recettes. \u00c7a \u00e9vite de tomber sur LE GROS morceau d\u2019ail dans le plat.<\/p>\n<p>Sous cette forme on peut ainsi ajouter facilement de l\u2019ail \u00e0 ses plats.<\/p>\n<p><strong>Vertus de l\u2019ail<\/strong><br \/>\nL\u2019ail est ce qu\u2019on appelle un super aliment. C\u2019est un antibiotique naturel et il est bourr\u00e9 d\u2019antioxydants qui ralentissent le vieillissement de nos petites cellules.<\/p>\n<p>Des \u00e9tudes ont d\u00e9montr\u00e9 que la consommation de l\u2019ail et d\u2019autres l\u00e9gumes de la m\u00eame famille les alliac\u00e9es (poireaux,\u00a0<a href=\"https:\/\/www.goji.ma\/products\/ciboulette\">ciboulette<\/a>,\u00a0<a href=\"https:\/\/www.goji.ma\/products\/250g-ail-en-poudre-1\">oignon<\/a>\u2026) avait un effet protecteur contre les cancers des intestins et de l\u2019estomac.<\/p>\n<p>Les propri\u00e9t\u00e9s de l\u2019ail cru sont sup\u00e9rieures \u00e0 celle de l\u2019ail cuit, donc pr\u00e9f\u00e9rez les poudres d\u2019ail maison de qualit\u00e9 crue (d\u00e9shydrat\u00e9e sous les 40 \u00b0C).<\/p>\n<p><strong>L\u2019ail est aussi r\u00e9put\u00e9 pour \u00eatre cardioprotecteur et il diminue l\u00e9g\u00e8rement le cholest\u00e9rol et les triglyc\u00e9rides.<\/strong><\/p>\n<p>On peut trouver l\u2019ail en extrait sous capsules, mais je trouve \u00e7a tellement agr\u00e9able dans les recettes.<\/p>\n<p>\u0647\u0630\u0647 \u0637\u0631\u064a\u0642\u0629 \u0628\u0633\u064a\u0637\u0629 \u0644\u062a\u062e\u0632\u064a\u0646 \u0627\u0644\u062b\u0648\u0645 \u060c \u0628\u0625\u0645\u0643\u0627\u0646\u0643 \u0627\u0644\u062d\u0635\u0648\u0644 \u0639\u0644\u0649 \u062b\u0648\u0645 \u062c\u064a\u062f \u0627\u0644\u0646\u0648\u0639\u064a\u0629 \u0648\u0628\u0633\u0639\u0631 \u062c\u064a\u062f \u060c \u0641\u0642\u062f \u062d\u0627\u0646 \u0627\u0644\u0648\u0642\u062a \u0644\u062a\u062c\u0641\u064a\u0641 \u0628\u0639\u0636 \u0627\u0644\u0628\u0631\u0627\u0639\u0645 \u0644\u0627\u0633\u062a\u062e\u062f\u0627\u0645\u0647\u0627 \u0641\u064a \u0627\u0644\u0645\u0633\u062a\u0642\u0628\u0644. \u0646\u0641\u0633 \u0627\u0644\u0634\u064a\u0621 \u0625\u0630\u0627 \u0643\u0646\u062a \u062a\u0641\u0639\u0644 \u0630\u0644\u0643 \u0641\u064a \u0627\u0644\u062d\u062f\u064a\u0642\u0629.<\/p>\n<p>\u064a\u0645\u0643\u0646 \u062d\u0641\u0638 \u0645\u0633\u062d\u0648\u0642 \u0627\u0644\u062b\u0648\u0645 \u0627\u0644\u0645\u062e\u0632\u0646 \u062c\u064a\u062f\u064b\u0627 \u0644\u0645\u062f\u0629 \u0639\u0627\u0645 \u0648\u0627\u062d\u062f \u060c \u0648\u0644\u0643\u0646 \u0643\u0644\u0645\u0627 \u0643\u0627\u0646 \u062a\u0646\u0627\u0648\u0644\u0647 \u0623\u0633\u0631\u0639 \u060c \u0643\u0627\u0646 \u0637\u0639\u0645\u0647 \u0623\u0641\u0636\u0644. \u0627\u0644\u062a\u062e\u0632\u064a\u0646 \u0627\u0644\u062c\u064a\u062f \u0645\u062d\u0645\u064a \u0645\u0646 \u0627\u0644\u062d\u0631\u0627\u0631\u0629 \u0648\u0627\u0644\u0636\u0648\u0621 \u0648\u0627\u0644\u0631\u0637\u0648\u0628\u0629.<\/p>\n<p>\u0641\u064a \u0627\u0644\u0637\u0647\u064a \u060c \u064a\u0645\u062a\u0632\u062c \u0627\u0644\u0645\u0633\u062d\u0648\u0642 \u0628\u0634\u0643\u0644 \u0645\u062a\u062c\u0627\u0646\u0633 \u060c \u0645\u0645\u0627 \u064a\u0633\u0647\u0644 \u0627\u0633\u062a\u062e\u062f\u0627\u0645\u0647 \u0644\u0648\u0635\u0641\u0627\u062a \u0645\u0639\u064a\u0646\u0629.<br \/>\n\u0641\u064a \u0647\u0630\u0627 \u0627\u0644\u0634\u0643\u0644 \u064a\u0645\u0643\u0646\u0643 \u0628\u0633\u0647\u0648\u0644\u0629 \u0625\u0636\u0627\u0641\u0629 \u0627\u0644\u062b\u0648\u0645 \u0625\u0644\u0649 \u0623\u0637\u0628\u0627\u0642\u0643.<\/p>\n<p>&nbsp;<\/p>","protected":false},"excerpt":{"rendered":"<p>Ail en poudre &#8211; \u0628\u0648\u062f\u0631\u0629 \u0627\u0644\u062b\u0648\u0645 La poudre d\u2019ail\u00a0est faite \u00e0 base de gousses d\u2019ail d\u00e9shydrat\u00e9es puis r\u00e9duites en poudre.<\/p>","protected":false},"featured_media":17372,"comment_status":"open","ping_status":"closed","template":"","meta":[],"product_cat":[32,74],"product_tag":[],"yoast_head":"<!-- This site is optimized with the Yoast SEO plugin v23.4 - https:\/\/yoast.com\/wordpress\/plugins\/seo\/ -->\n<title>Ail en poudre - \u0628\u0648\u062f\u0631\u0629 \u0627\u0644\u062b\u0648\u0645 - AjiShop.ma<\/title>\n<meta name=\"robots\" content=\"index, follow, max-snippet:-1, max-image-preview:large, max-video-preview:-1\" \/>\n<link rel=\"canonical\" href=\"https:\/\/ajishop.ma\/ar\/shop\/herbes-et-apothicaire\/epices\/ail-en-poudre\/\" \/>\n<meta property=\"og:locale\" content=\"ar_AR\" \/>\n<meta property=\"og:type\" content=\"article\" \/>\n<meta property=\"og:title\" content=\"Ail en poudre - \u0628\u0648\u062f\u0631\u0629 \u0627\u0644\u062b\u0648\u0645 - AjiShop.ma\" \/>\n<meta property=\"og:description\" content=\"Ail en poudre &#8211; \u0628\u0648\u062f\u0631\u0629 \u0627\u0644\u062b\u0648\u0645 La poudre d\u2019ail\u00a0est faite \u00e0 base de gousses d\u2019ail d\u00e9shydrat\u00e9es puis r\u00e9duites en poudre.\" \/>\n<meta property=\"og:url\" content=\"https:\/\/ajishop.ma\/ar\/shop\/herbes-et-apothicaire\/epices\/ail-en-poudre\/\" \/>\n<meta property=\"og:site_name\" content=\"AjiShop.ma\" \/>\n<meta property=\"article:modified_time\" content=\"2024-11-13T12:06:31+00:00\" \/>\n<meta property=\"og:image\" content=\"https:\/\/ajishop.ma\/wp-content\/uploads\/2024\/11\/garlic_powder_2_1-1200x1200-1.webp\" \/>\n\t<meta property=\"og:image:width\" content=\"360\" \/>\n\t<meta property=\"og:image:height\" content=\"360\" \/>\n\t<meta property=\"og:image:type\" content=\"image\/webp\" \/>\n<meta name=\"twitter:card\" content=\"summary_large_image\" \/>\n<meta name=\"twitter:label1\" content=\"\u0648\u0642\u062a \u0627\u0644\u0642\u0631\u0627\u0621\u0629 \u0627\u0644\u0645\u064f\u0642\u062f\u0651\u0631\" \/>\n\t<meta name=\"twitter:data1\" content=\"3 \u062f\u0642\u0627\u0626\u0642\" \/>\n<script type=\"application\/ld+json\" class=\"yoast-schema-graph\">{\"@context\":\"https:\/\/schema.org\",\"@graph\":[{\"@type\":\"WebPage\",\"@id\":\"https:\/\/ajishop.ma\/shop\/herbes-et-apothicaire\/epices\/ail-en-poudre\/\",\"url\":\"https:\/\/ajishop.ma\/shop\/herbes-et-apothicaire\/epices\/ail-en-poudre\/\",\"name\":\"Ail en poudre - \u0628\u0648\u062f\u0631\u0629 \u0627\u0644\u062b\u0648\u0645 - AjiShop.ma\",\"isPartOf\":{\"@id\":\"https:\/\/ajishop.ma\/#website\"},\"primaryImageOfPage\":{\"@id\":\"https:\/\/ajishop.ma\/shop\/herbes-et-apothicaire\/epices\/ail-en-poudre\/#primaryimage\"},\"image\":{\"@id\":\"https:\/\/ajishop.ma\/shop\/herbes-et-apothicaire\/epices\/ail-en-poudre\/#primaryimage\"},\"thumbnailUrl\":\"https:\/\/ajishop.ma\/wp-content\/uploads\/2024\/11\/garlic_powder_2_1-1200x1200-1.webp\",\"datePublished\":\"2024-11-11T22:47:44+00:00\",\"dateModified\":\"2024-11-13T12:06:31+00:00\",\"breadcrumb\":{\"@id\":\"https:\/\/ajishop.ma\/shop\/herbes-et-apothicaire\/epices\/ail-en-poudre\/#breadcrumb\"},\"inLanguage\":\"ar\",\"potentialAction\":[{\"@type\":\"ReadAction\",\"target\":[\"https:\/\/ajishop.ma\/shop\/herbes-et-apothicaire\/epices\/ail-en-poudre\/\"]}]},{\"@type\":\"ImageObject\",\"inLanguage\":\"ar\",\"@id\":\"https:\/\/ajishop.ma\/shop\/herbes-et-apothicaire\/epices\/ail-en-poudre\/#primaryimage\",\"url\":\"https:\/\/ajishop.ma\/wp-content\/uploads\/2024\/11\/garlic_powder_2_1-1200x1200-1.webp\",\"contentUrl\":\"https:\/\/ajishop.ma\/wp-content\/uploads\/2024\/11\/garlic_powder_2_1-1200x1200-1.webp\",\"width\":360,\"height\":360},{\"@type\":\"BreadcrumbList\",\"@id\":\"https:\/\/ajishop.ma\/shop\/herbes-et-apothicaire\/epices\/ail-en-poudre\/#breadcrumb\",\"itemListElement\":[{\"@type\":\"ListItem\",\"position\":1,\"name\":\"Accueil\",\"item\":\"https:\/\/ajishop.ma\/\"},{\"@type\":\"ListItem\",\"position\":2,\"name\":\"Magasin\",\"item\":\"https:\/\/ajishop.ma\/shop\/\"},{\"@type\":\"ListItem\",\"position\":3,\"name\":\"Ail en poudre &#8211; \u0628\u0648\u062f\u0631\u0629 \u0627\u0644\u062b\u0648\u0645\"}]},{\"@type\":\"WebSite\",\"@id\":\"https:\/\/ajishop.ma\/#website\",\"url\":\"https:\/\/ajishop.ma\/\",\"name\":\"AjiShop.ma\",\"description\":\"Produits 100% naturels, Pour votre bien \u00eatre...\",\"publisher\":{\"@id\":\"https:\/\/ajishop.ma\/#organization\"},\"potentialAction\":[{\"@type\":\"SearchAction\",\"target\":{\"@type\":\"EntryPoint\",\"urlTemplate\":\"https:\/\/ajishop.ma\/?s={search_term_string}\"},\"query-input\":{\"@type\":\"PropertyValueSpecification\",\"valueRequired\":true,\"valueName\":\"search_term_string\"}}],\"inLanguage\":\"ar\"},{\"@type\":\"Organization\",\"@id\":\"https:\/\/ajishop.ma\/#organization\",\"name\":\"AjiShop.ma\",\"url\":\"https:\/\/ajishop.ma\/\",\"logo\":{\"@type\":\"ImageObject\",\"inLanguage\":\"ar\",\"@id\":\"https:\/\/ajishop.ma\/#\/schema\/logo\/image\/\",\"url\":\"https:\/\/ajishop.ma\/wp-content\/uploads\/2024\/09\/AjiShop.ma-Horizontal-Logo-Green.png\",\"contentUrl\":\"https:\/\/ajishop.ma\/wp-content\/uploads\/2024\/09\/AjiShop.ma-Horizontal-Logo-Green.png\",\"width\":1917,\"height\":276,\"caption\":\"AjiShop.ma\"},\"image\":{\"@id\":\"https:\/\/ajishop.ma\/#\/schema\/logo\/image\/\"}}]}<\/script>\n<!-- \/ Yoast SEO plugin. -->","yoast_head_json":{"title":"Ail en poudre - \u0628\u0648\u062f\u0631\u0629 \u0627\u0644\u062b\u0648\u0645 - AjiShop.ma","robots":{"index":"index","follow":"follow","max-snippet":"max-snippet:-1","max-image-preview":"max-image-preview:large","max-video-preview":"max-video-preview:-1"},"canonical":"https:\/\/ajishop.ma\/ar\/shop\/herbes-et-apothicaire\/epices\/ail-en-poudre\/","og_locale":"ar_AR","og_type":"article","og_title":"Ail en poudre - \u0628\u0648\u062f\u0631\u0629 \u0627\u0644\u062b\u0648\u0645 - AjiShop.ma","og_description":"Ail en poudre &#8211; \u0628\u0648\u062f\u0631\u0629 \u0627\u0644\u062b\u0648\u0645 La poudre d\u2019ail\u00a0est faite \u00e0 base de gousses d\u2019ail d\u00e9shydrat\u00e9es puis r\u00e9duites en poudre.","og_url":"https:\/\/ajishop.ma\/ar\/shop\/herbes-et-apothicaire\/epices\/ail-en-poudre\/","og_site_name":"AjiShop.ma","article_modified_time":"2024-11-13T12:06:31+00:00","og_image":[{"width":360,"height":360,"url":"https:\/\/ajishop.ma\/wp-content\/uploads\/2024\/11\/garlic_powder_2_1-1200x1200-1.webp","type":"image\/webp"}],"twitter_card":"summary_large_image","twitter_misc":{"\u0648\u0642\u062a \u0627\u0644\u0642\u0631\u0627\u0621\u0629 \u0627\u0644\u0645\u064f\u0642\u062f\u0651\u0631":"3 \u062f\u0642\u0627\u0626\u0642"},"schema":{"@context":"https:\/\/schema.org","@graph":[{"@type":"WebPage","@id":"https:\/\/ajishop.ma\/shop\/herbes-et-apothicaire\/epices\/ail-en-poudre\/","url":"https:\/\/ajishop.ma\/shop\/herbes-et-apothicaire\/epices\/ail-en-poudre\/","name":"Ail en poudre - \u0628\u0648\u062f\u0631\u0629 \u0627\u0644\u062b\u0648\u0645 - AjiShop.ma","isPartOf":{"@id":"https:\/\/ajishop.ma\/#website"},"primaryImageOfPage":{"@id":"https:\/\/ajishop.ma\/shop\/herbes-et-apothicaire\/epices\/ail-en-poudre\/#primaryimage"},"image":{"@id":"https:\/\/ajishop.ma\/shop\/herbes-et-apothicaire\/epices\/ail-en-poudre\/#primaryimage"},"thumbnailUrl":"https:\/\/ajishop.ma\/wp-content\/uploads\/2024\/11\/garlic_powder_2_1-1200x1200-1.webp","datePublished":"2024-11-11T22:47:44+00:00","dateModified":"2024-11-13T12:06:31+00:00","breadcrumb":{"@id":"https:\/\/ajishop.ma\/shop\/herbes-et-apothicaire\/epices\/ail-en-poudre\/#breadcrumb"},"inLanguage":"ar","potentialAction":[{"@type":"ReadAction","target":["https:\/\/ajishop.ma\/shop\/herbes-et-apothicaire\/epices\/ail-en-poudre\/"]}]},{"@type":"ImageObject","inLanguage":"ar","@id":"https:\/\/ajishop.ma\/shop\/herbes-et-apothicaire\/epices\/ail-en-poudre\/#primaryimage","url":"https:\/\/ajishop.ma\/wp-content\/uploads\/2024\/11\/garlic_powder_2_1-1200x1200-1.webp","contentUrl":"https:\/\/ajishop.ma\/wp-content\/uploads\/2024\/11\/garlic_powder_2_1-1200x1200-1.webp","width":360,"height":360},{"@type":"BreadcrumbList","@id":"https:\/\/ajishop.ma\/shop\/herbes-et-apothicaire\/epices\/ail-en-poudre\/#breadcrumb","itemListElement":[{"@type":"ListItem","position":1,"name":"Accueil","item":"https:\/\/ajishop.ma\/"},{"@type":"ListItem","position":2,"name":"Magasin","item":"https:\/\/ajishop.ma\/shop\/"},{"@type":"ListItem","position":3,"name":"Ail en poudre &#8211; \u0628\u0648\u062f\u0631\u0629 \u0627\u0644\u062b\u0648\u0645"}]},{"@type":"WebSite","@id":"https:\/\/ajishop.ma\/#website","url":"https:\/\/ajishop.ma\/","name":"AjiShop.ma","description":"Produits 100% naturels, Pour votre bien \u00eatre...","publisher":{"@id":"https:\/\/ajishop.ma\/#organization"},"potentialAction":[{"@type":"SearchAction","target":{"@type":"EntryPoint","urlTemplate":"https:\/\/ajishop.ma\/?s={search_term_string}"},"query-input":{"@type":"PropertyValueSpecification","valueRequired":true,"valueName":"search_term_string"}}],"inLanguage":"ar"},{"@type":"Organization","@id":"https:\/\/ajishop.ma\/#organization","name":"AjiShop.ma","url":"https:\/\/ajishop.ma\/","logo":{"@type":"ImageObject","inLanguage":"ar","@id":"https:\/\/ajishop.ma\/#\/schema\/logo\/image\/","url":"https:\/\/ajishop.ma\/wp-content\/uploads\/2024\/09\/AjiShop.ma-Horizontal-Logo-Green.png","contentUrl":"https:\/\/ajishop.ma\/wp-content\/uploads\/2024\/09\/AjiShop.ma-Horizontal-Logo-Green.png","width":1917,"height":276,"caption":"AjiShop.ma"},"image":{"@id":"https:\/\/ajishop.ma\/#\/schema\/logo\/image\/"}}]}},"_links":{"self":[{"href":"https:\/\/ajishop.ma\/ar\/wp-json\/wp\/v2\/product\/17371"}],"collection":[{"href":"https:\/\/ajishop.ma\/ar\/wp-json\/wp\/v2\/product"}],"about":[{"href":"https:\/\/ajishop.ma\/ar\/wp-json\/wp\/v2\/types\/product"}],"replies":[{"embeddable":true,"href":"https:\/\/ajishop.ma\/ar\/wp-json\/wp\/v2\/comments?post=17371"}],"version-history":[{"count":1,"href":"https:\/\/ajishop.ma\/ar\/wp-json\/wp\/v2\/product\/17371\/revisions"}],"predecessor-version":[{"id":17373,"href":"https:\/\/ajishop.ma\/ar\/wp-json\/wp\/v2\/product\/17371\/revisions\/17373"}],"wp:featuredmedia":[{"embeddable":true,"href":"https:\/\/ajishop.ma\/ar\/wp-json\/wp\/v2\/media\/17372"}],"wp:attachment":[{"href":"https:\/\/ajishop.ma\/ar\/wp-json\/wp\/v2\/media?parent=17371"}],"wp:term":[{"taxonomy":"product_cat","embeddable":true,"href":"https:\/\/ajishop.ma\/ar\/wp-json\/wp\/v2\/product_cat?post=17371"},{"taxonomy":"product_tag","embeddable":true,"href":"https:\/\/ajishop.ma\/ar\/wp-json\/wp\/v2\/product_tag?post=17371"}],"curies":[{"name":"wp","href":"https:\/\/api.w.org\/{rel}","templated":true}]}}