{"id":17382,"date":"2024-11-11T23:52:30","date_gmt":"2024-11-11T22:52:30","guid":{"rendered":"https:\/\/ajishop.ma\/?post_type=product&#038;p=17382"},"modified":"2024-11-13T00:25:05","modified_gmt":"2024-11-12T23:25:05","slug":"curry-en-poudre","status":"publish","type":"product","link":"https:\/\/ajishop.ma\/ar\/shop\/herbes-et-apothicaire\/epices\/curry-en-poudre\/","title":{"rendered":"Curry en poudre &#8211; \u0628\u0648\u062f\u0631\u0629 \u0643\u0627\u0631\u064a"},"content":{"rendered":"<p><strong>Curry &#8211; \u0643\u0627\u0631\u064a<\/strong><\/p>\n<p><strong>Curry doux<\/strong>\u00a0est un m\u00e9lange traditionnel et harmonieux de plusieurs \u00e9pices, dont le curcuma. Ses notes fruit\u00e9es et velout\u00e9es en font un classique indispensable dans notre cuisine !<\/p>\n<p>Ce\u00a0<strong>curry<\/strong>\u00a0est doux et n&#8217;est pas piquant. Il est facile \u00e0 utiliser pour r\u00e9aliser des petits plats rapides \u00e0 la po\u00eale ou des sauces cr\u00e9meuses au curry pour accompagner : poulet, poisson, l\u00e9gumes&#8230;<\/p>\n<p>Poudre de curry doux marie les saveurs aromatiques de la coriandre, du curcuma, du fenugrec, de l\u2019oignon, du cumin, du gingembre, des clous de girofle et de la noix de muscade pour un r\u00e9sultat d\u00e9licieux et parfum\u00e9. Le tout rehauss\u00e9 d\u2019une infime touche piquante de poivre noir frais.<\/p>","protected":false},"excerpt":{"rendered":"<p>Curry &#8211; \u0643\u0627\u0631\u064a Curry doux\u00a0est un m\u00e9lange traditionnel et harmonieux de plusieurs \u00e9pices, dont le curcuma. Ses notes fruit\u00e9es et<\/p>","protected":false},"featured_media":17527,"comment_status":"open","ping_status":"closed","template":"","meta":[],"product_cat":[32,74],"product_tag":[],"yoast_head":"<!-- This site is optimized with the Yoast SEO plugin v23.4 - https:\/\/yoast.com\/wordpress\/plugins\/seo\/ -->\n<title>Curry en poudre - \u0628\u0648\u062f\u0631\u0629 \u0643\u0627\u0631\u064a - AjiShop.ma<\/title>\n<meta name=\"robots\" content=\"index, follow, max-snippet:-1, max-image-preview:large, max-video-preview:-1\" \/>\n<link rel=\"canonical\" href=\"https:\/\/ajishop.ma\/ar\/shop\/herbes-et-apothicaire\/epices\/curry-en-poudre\/\" \/>\n<meta property=\"og:locale\" content=\"ar_AR\" \/>\n<meta property=\"og:type\" content=\"article\" \/>\n<meta property=\"og:title\" content=\"Curry en poudre - \u0628\u0648\u062f\u0631\u0629 \u0643\u0627\u0631\u064a - AjiShop.ma\" \/>\n<meta property=\"og:description\" content=\"Curry &#8211; \u0643\u0627\u0631\u064a Curry doux\u00a0est un m\u00e9lange traditionnel et harmonieux de plusieurs \u00e9pices, dont le curcuma. Ses notes fruit\u00e9es et\" \/>\n<meta property=\"og:url\" content=\"https:\/\/ajishop.ma\/ar\/shop\/herbes-et-apothicaire\/epices\/curry-en-poudre\/\" \/>\n<meta property=\"og:site_name\" content=\"AjiShop.ma\" \/>\n<meta property=\"article:modified_time\" content=\"2024-11-12T23:25:05+00:00\" \/>\n<meta property=\"og:image\" content=\"https:\/\/ajishop.ma\/wp-content\/uploads\/2024\/11\/curry_8ad50a62-afa1-4f8b-b874-489ad825fbfa.webp\" \/>\n\t<meta property=\"og:image:width\" content=\"600\" \/>\n\t<meta property=\"og:image:height\" content=\"600\" \/>\n\t<meta property=\"og:image:type\" content=\"image\/webp\" \/>\n<meta name=\"twitter:card\" content=\"summary_large_image\" \/>\n<meta name=\"twitter:label1\" content=\"\u0648\u0642\u062a \u0627\u0644\u0642\u0631\u0627\u0621\u0629 \u0627\u0644\u0645\u064f\u0642\u062f\u0651\u0631\" \/>\n\t<meta name=\"twitter:data1\" content=\"\u062f\u0642\u064a\u0642\u0629 \u0648\u0627\u062d\u062f\u0629\" \/>\n<script type=\"application\/ld+json\" class=\"yoast-schema-graph\">{\"@context\":\"https:\/\/schema.org\",\"@graph\":[{\"@type\":\"WebPage\",\"@id\":\"https:\/\/ajishop.ma\/shop\/herbes-et-apothicaire\/epices\/curry-en-poudre\/\",\"url\":\"https:\/\/ajishop.ma\/shop\/herbes-et-apothicaire\/epices\/curry-en-poudre\/\",\"name\":\"Curry en poudre - \u0628\u0648\u062f\u0631\u0629 \u0643\u0627\u0631\u064a - AjiShop.ma\",\"isPartOf\":{\"@id\":\"https:\/\/ajishop.ma\/#website\"},\"primaryImageOfPage\":{\"@id\":\"https:\/\/ajishop.ma\/shop\/herbes-et-apothicaire\/epices\/curry-en-poudre\/#primaryimage\"},\"image\":{\"@id\":\"https:\/\/ajishop.ma\/shop\/herbes-et-apothicaire\/epices\/curry-en-poudre\/#primaryimage\"},\"thumbnailUrl\":\"https:\/\/ajishop.ma\/wp-content\/uploads\/2024\/11\/curry_8ad50a62-afa1-4f8b-b874-489ad825fbfa.webp\",\"datePublished\":\"2024-11-11T22:52:30+00:00\",\"dateModified\":\"2024-11-12T23:25:05+00:00\",\"breadcrumb\":{\"@id\":\"https:\/\/ajishop.ma\/shop\/herbes-et-apothicaire\/epices\/curry-en-poudre\/#breadcrumb\"},\"inLanguage\":\"ar\",\"potentialAction\":[{\"@type\":\"ReadAction\",\"target\":[\"https:\/\/ajishop.ma\/shop\/herbes-et-apothicaire\/epices\/curry-en-poudre\/\"]}]},{\"@type\":\"ImageObject\",\"inLanguage\":\"ar\",\"@id\":\"https:\/\/ajishop.ma\/shop\/herbes-et-apothicaire\/epices\/curry-en-poudre\/#primaryimage\",\"url\":\"https:\/\/ajishop.ma\/wp-content\/uploads\/2024\/11\/curry_8ad50a62-afa1-4f8b-b874-489ad825fbfa.webp\",\"contentUrl\":\"https:\/\/ajishop.ma\/wp-content\/uploads\/2024\/11\/curry_8ad50a62-afa1-4f8b-b874-489ad825fbfa.webp\",\"width\":600,\"height\":600},{\"@type\":\"BreadcrumbList\",\"@id\":\"https:\/\/ajishop.ma\/shop\/herbes-et-apothicaire\/epices\/curry-en-poudre\/#breadcrumb\",\"itemListElement\":[{\"@type\":\"ListItem\",\"position\":1,\"name\":\"Accueil\",\"item\":\"https:\/\/ajishop.ma\/\"},{\"@type\":\"ListItem\",\"position\":2,\"name\":\"Magasin\",\"item\":\"https:\/\/ajishop.ma\/shop\/\"},{\"@type\":\"ListItem\",\"position\":3,\"name\":\"Curry en poudre &#8211; \u0628\u0648\u062f\u0631\u0629 \u0643\u0627\u0631\u064a\"}]},{\"@type\":\"WebSite\",\"@id\":\"https:\/\/ajishop.ma\/#website\",\"url\":\"https:\/\/ajishop.ma\/\",\"name\":\"AjiShop.ma\",\"description\":\"Produits 100% naturels, Pour votre bien \u00eatre...\",\"publisher\":{\"@id\":\"https:\/\/ajishop.ma\/#organization\"},\"potentialAction\":[{\"@type\":\"SearchAction\",\"target\":{\"@type\":\"EntryPoint\",\"urlTemplate\":\"https:\/\/ajishop.ma\/?s={search_term_string}\"},\"query-input\":{\"@type\":\"PropertyValueSpecification\",\"valueRequired\":true,\"valueName\":\"search_term_string\"}}],\"inLanguage\":\"ar\"},{\"@type\":\"Organization\",\"@id\":\"https:\/\/ajishop.ma\/#organization\",\"name\":\"AjiShop.ma\",\"url\":\"https:\/\/ajishop.ma\/\",\"logo\":{\"@type\":\"ImageObject\",\"inLanguage\":\"ar\",\"@id\":\"https:\/\/ajishop.ma\/#\/schema\/logo\/image\/\",\"url\":\"https:\/\/ajishop.ma\/wp-content\/uploads\/2024\/09\/AjiShop.ma-Horizontal-Logo-Green.png\",\"contentUrl\":\"https:\/\/ajishop.ma\/wp-content\/uploads\/2024\/09\/AjiShop.ma-Horizontal-Logo-Green.png\",\"width\":1917,\"height\":276,\"caption\":\"AjiShop.ma\"},\"image\":{\"@id\":\"https:\/\/ajishop.ma\/#\/schema\/logo\/image\/\"}}]}<\/script>\n<!-- \/ Yoast SEO plugin. -->","yoast_head_json":{"title":"Curry en poudre - \u0628\u0648\u062f\u0631\u0629 \u0643\u0627\u0631\u064a - AjiShop.ma","robots":{"index":"index","follow":"follow","max-snippet":"max-snippet:-1","max-image-preview":"max-image-preview:large","max-video-preview":"max-video-preview:-1"},"canonical":"https:\/\/ajishop.ma\/ar\/shop\/herbes-et-apothicaire\/epices\/curry-en-poudre\/","og_locale":"ar_AR","og_type":"article","og_title":"Curry en poudre - \u0628\u0648\u062f\u0631\u0629 \u0643\u0627\u0631\u064a - AjiShop.ma","og_description":"Curry &#8211; \u0643\u0627\u0631\u064a Curry doux\u00a0est un m\u00e9lange traditionnel et harmonieux de plusieurs \u00e9pices, dont le curcuma. Ses notes fruit\u00e9es et","og_url":"https:\/\/ajishop.ma\/ar\/shop\/herbes-et-apothicaire\/epices\/curry-en-poudre\/","og_site_name":"AjiShop.ma","article_modified_time":"2024-11-12T23:25:05+00:00","og_image":[{"width":600,"height":600,"url":"https:\/\/ajishop.ma\/wp-content\/uploads\/2024\/11\/curry_8ad50a62-afa1-4f8b-b874-489ad825fbfa.webp","type":"image\/webp"}],"twitter_card":"summary_large_image","twitter_misc":{"\u0648\u0642\u062a \u0627\u0644\u0642\u0631\u0627\u0621\u0629 \u0627\u0644\u0645\u064f\u0642\u062f\u0651\u0631":"\u062f\u0642\u064a\u0642\u0629 \u0648\u0627\u062d\u062f\u0629"},"schema":{"@context":"https:\/\/schema.org","@graph":[{"@type":"WebPage","@id":"https:\/\/ajishop.ma\/shop\/herbes-et-apothicaire\/epices\/curry-en-poudre\/","url":"https:\/\/ajishop.ma\/shop\/herbes-et-apothicaire\/epices\/curry-en-poudre\/","name":"Curry en poudre - \u0628\u0648\u062f\u0631\u0629 \u0643\u0627\u0631\u064a - AjiShop.ma","isPartOf":{"@id":"https:\/\/ajishop.ma\/#website"},"primaryImageOfPage":{"@id":"https:\/\/ajishop.ma\/shop\/herbes-et-apothicaire\/epices\/curry-en-poudre\/#primaryimage"},"image":{"@id":"https:\/\/ajishop.ma\/shop\/herbes-et-apothicaire\/epices\/curry-en-poudre\/#primaryimage"},"thumbnailUrl":"https:\/\/ajishop.ma\/wp-content\/uploads\/2024\/11\/curry_8ad50a62-afa1-4f8b-b874-489ad825fbfa.webp","datePublished":"2024-11-11T22:52:30+00:00","dateModified":"2024-11-12T23:25:05+00:00","breadcrumb":{"@id":"https:\/\/ajishop.ma\/shop\/herbes-et-apothicaire\/epices\/curry-en-poudre\/#breadcrumb"},"inLanguage":"ar","potentialAction":[{"@type":"ReadAction","target":["https:\/\/ajishop.ma\/shop\/herbes-et-apothicaire\/epices\/curry-en-poudre\/"]}]},{"@type":"ImageObject","inLanguage":"ar","@id":"https:\/\/ajishop.ma\/shop\/herbes-et-apothicaire\/epices\/curry-en-poudre\/#primaryimage","url":"https:\/\/ajishop.ma\/wp-content\/uploads\/2024\/11\/curry_8ad50a62-afa1-4f8b-b874-489ad825fbfa.webp","contentUrl":"https:\/\/ajishop.ma\/wp-content\/uploads\/2024\/11\/curry_8ad50a62-afa1-4f8b-b874-489ad825fbfa.webp","width":600,"height":600},{"@type":"BreadcrumbList","@id":"https:\/\/ajishop.ma\/shop\/herbes-et-apothicaire\/epices\/curry-en-poudre\/#breadcrumb","itemListElement":[{"@type":"ListItem","position":1,"name":"Accueil","item":"https:\/\/ajishop.ma\/"},{"@type":"ListItem","position":2,"name":"Magasin","item":"https:\/\/ajishop.ma\/shop\/"},{"@type":"ListItem","position":3,"name":"Curry en poudre &#8211; \u0628\u0648\u062f\u0631\u0629 \u0643\u0627\u0631\u064a"}]},{"@type":"WebSite","@id":"https:\/\/ajishop.ma\/#website","url":"https:\/\/ajishop.ma\/","name":"AjiShop.ma","description":"Produits 100% naturels, Pour votre bien \u00eatre...","publisher":{"@id":"https:\/\/ajishop.ma\/#organization"},"potentialAction":[{"@type":"SearchAction","target":{"@type":"EntryPoint","urlTemplate":"https:\/\/ajishop.ma\/?s={search_term_string}"},"query-input":{"@type":"PropertyValueSpecification","valueRequired":true,"valueName":"search_term_string"}}],"inLanguage":"ar"},{"@type":"Organization","@id":"https:\/\/ajishop.ma\/#organization","name":"AjiShop.ma","url":"https:\/\/ajishop.ma\/","logo":{"@type":"ImageObject","inLanguage":"ar","@id":"https:\/\/ajishop.ma\/#\/schema\/logo\/image\/","url":"https:\/\/ajishop.ma\/wp-content\/uploads\/2024\/09\/AjiShop.ma-Horizontal-Logo-Green.png","contentUrl":"https:\/\/ajishop.ma\/wp-content\/uploads\/2024\/09\/AjiShop.ma-Horizontal-Logo-Green.png","width":1917,"height":276,"caption":"AjiShop.ma"},"image":{"@id":"https:\/\/ajishop.ma\/#\/schema\/logo\/image\/"}}]}},"_links":{"self":[{"href":"https:\/\/ajishop.ma\/ar\/wp-json\/wp\/v2\/product\/17382"}],"collection":[{"href":"https:\/\/ajishop.ma\/ar\/wp-json\/wp\/v2\/product"}],"about":[{"href":"https:\/\/ajishop.ma\/ar\/wp-json\/wp\/v2\/types\/product"}],"replies":[{"embeddable":true,"href":"https:\/\/ajishop.ma\/ar\/wp-json\/wp\/v2\/comments?post=17382"}],"version-history":[{"count":1,"href":"https:\/\/ajishop.ma\/ar\/wp-json\/wp\/v2\/product\/17382\/revisions"}],"predecessor-version":[{"id":17383,"href":"https:\/\/ajishop.ma\/ar\/wp-json\/wp\/v2\/product\/17382\/revisions\/17383"}],"wp:featuredmedia":[{"embeddable":true,"href":"https:\/\/ajishop.ma\/ar\/wp-json\/wp\/v2\/media\/17527"}],"wp:attachment":[{"href":"https:\/\/ajishop.ma\/ar\/wp-json\/wp\/v2\/media?parent=17382"}],"wp:term":[{"taxonomy":"product_cat","embeddable":true,"href":"https:\/\/ajishop.ma\/ar\/wp-json\/wp\/v2\/product_cat?post=17382"},{"taxonomy":"product_tag","embeddable":true,"href":"https:\/\/ajishop.ma\/ar\/wp-json\/wp\/v2\/product_tag?post=17382"}],"curies":[{"name":"wp","href":"https:\/\/api.w.org\/{rel}","templated":true}]}}