{"id":17384,"date":"2024-11-11T23:54:01","date_gmt":"2024-11-11T22:54:01","guid":{"rendered":"https:\/\/ajishop.ma\/?post_type=product&#038;p=17384"},"modified":"2024-11-14T00:56:09","modified_gmt":"2024-11-13T23:56:09","slug":"coriandre-locale-%d9%82%d8%b2%d8%a8%d9%88%d8%b1","status":"publish","type":"product","link":"https:\/\/ajishop.ma\/ar\/shop\/herbes-et-apothicaire\/epices\/coriandre-locale-%d9%82%d8%b2%d8%a8%d9%88%d8%b1\/","title":{"rendered":"Coriandre locale &#8211; \u0642\u0632\u0628\u0648\u0631"},"content":{"rendered":"<h4>La coriandre, l\u2019\u00e9pice aux milles utilisations !<\/h4>\n<p>Sa pr\u00e9sence remonte bien avant J\u00e9sus-Christ, on la retrouve dans des s\u00e9pultures de l\u2019egypte antique, notamment en grande quantit\u00e9 dans le tombeau de Toutankhamon, au N\u00e9olithique dans une grotte en Isra\u00ebl, chez les Romain pour conserver la viande, ainsi qu\u2019en Europe o\u00f9 sa culture \u00e9tait m\u00eame recommand\u00e9e par Charlemagne.<\/p>\n<p>Tant\u00f4t cultiv\u00e9e pour; la fabrication de parfums, l\u2019usage culinaire, les rituels, et pour ses vertus, la coriandre tient une place privil\u00e9gi\u00e9e dans l\u2019Histoire !<\/p>\n<p>Son utilisation est tr\u00e8s vari\u00e9e; elle rentre dans la composition de nombreux m\u00e9lange d\u2019\u00e9pices traditionnels tels que les curry, le 5 parfums, le colombo, le massal\u00e9, dans notre \u00ab m\u00e9lange italien \u00bb ,elle s\u2019associe tr\u00e8s bien aux poissons, viandes, l\u00e9gumes, on peut la mettre dans les soupes, court-bouillons, sauce etc\u2026<br \/>\nOn la retrouve aussi dans notre m\u00e9lange maison de poivres, le \u00ab m\u00e9lange 6 baies \u00bb auquel elle donne saveur et douceur !<\/p>\n<p>La coriandre poss\u00e8de de nombreuses vertus, c\u2019est pour cela qu\u2019elle fait officiellement partie de la liste des plantes m\u00e9dicinale en France et en Europe. On la retrouve d\u2019ailleurs en phytoth\u00e9rapie, en hom\u00e9opathie et en aromath\u00e9rapie.<\/p>\n<p>Elle est tr\u00e8s utile pour la digestion; spasmes, a\u00e9rophagie, digestion difficile, elle donne aussi une bonne haleine, contient de nombreux antioxydants, et des vitamines pour la feuille de coriandre .<\/p>","protected":false},"excerpt":{"rendered":"<p>La coriandre, l\u2019\u00e9pice aux milles utilisations ! Sa pr\u00e9sence remonte bien avant J\u00e9sus-Christ, on la retrouve dans des s\u00e9pultures de<\/p>","protected":false},"featured_media":17385,"comment_status":"open","ping_status":"closed","template":"","meta":[],"product_cat":[32,74,75],"product_tag":[],"yoast_head":"<!-- This site is optimized with the Yoast SEO plugin v23.4 - https:\/\/yoast.com\/wordpress\/plugins\/seo\/ -->\n<title>Coriandre locale - \u0642\u0632\u0628\u0648\u0631 - AjiShop.ma<\/title>\n<meta name=\"robots\" content=\"index, follow, max-snippet:-1, max-image-preview:large, max-video-preview:-1\" \/>\n<link rel=\"canonical\" href=\"https:\/\/ajishop.ma\/ar\/shop\/herbes-et-apothicaire\/epices\/coriandre-locale-\u0642\u0632\u0628\u0648\u0631\/\" \/>\n<meta property=\"og:locale\" content=\"ar_AR\" \/>\n<meta property=\"og:type\" content=\"article\" \/>\n<meta property=\"og:title\" content=\"Coriandre locale - \u0642\u0632\u0628\u0648\u0631 - AjiShop.ma\" \/>\n<meta property=\"og:description\" content=\"La coriandre, l\u2019\u00e9pice aux milles utilisations ! Sa pr\u00e9sence remonte bien avant J\u00e9sus-Christ, on la retrouve dans des s\u00e9pultures de\" \/>\n<meta property=\"og:url\" content=\"https:\/\/ajishop.ma\/ar\/shop\/herbes-et-apothicaire\/epices\/coriandre-locale-\u0642\u0632\u0628\u0648\u0631\/\" \/>\n<meta property=\"og:site_name\" content=\"AjiShop.ma\" \/>\n<meta property=\"article:modified_time\" content=\"2024-11-13T23:56:09+00:00\" \/>\n<meta property=\"og:image\" content=\"https:\/\/ajishop.ma\/wp-content\/uploads\/2024\/11\/Coriander.webp\" \/>\n\t<meta property=\"og:image:width\" content=\"600\" \/>\n\t<meta property=\"og:image:height\" content=\"600\" \/>\n\t<meta property=\"og:image:type\" content=\"image\/webp\" \/>\n<meta name=\"twitter:card\" content=\"summary_large_image\" \/>\n<meta name=\"twitter:label1\" content=\"\u0648\u0642\u062a \u0627\u0644\u0642\u0631\u0627\u0621\u0629 \u0627\u0644\u0645\u064f\u0642\u062f\u0651\u0631\" \/>\n\t<meta name=\"twitter:data1\" content=\"\u062f\u0642\u064a\u0642\u062a\u0627\u0646\" \/>\n<script type=\"application\/ld+json\" class=\"yoast-schema-graph\">{\"@context\":\"https:\/\/schema.org\",\"@graph\":[{\"@type\":\"WebPage\",\"@id\":\"https:\/\/ajishop.ma\/shop\/herbes-et-apothicaire\/epices\/coriandre-locale-%d9%82%d8%b2%d8%a8%d9%88%d8%b1\/\",\"url\":\"https:\/\/ajishop.ma\/shop\/herbes-et-apothicaire\/epices\/coriandre-locale-%d9%82%d8%b2%d8%a8%d9%88%d8%b1\/\",\"name\":\"Coriandre locale - \u0642\u0632\u0628\u0648\u0631 - AjiShop.ma\",\"isPartOf\":{\"@id\":\"https:\/\/ajishop.ma\/#website\"},\"primaryImageOfPage\":{\"@id\":\"https:\/\/ajishop.ma\/shop\/herbes-et-apothicaire\/epices\/coriandre-locale-%d9%82%d8%b2%d8%a8%d9%88%d8%b1\/#primaryimage\"},\"image\":{\"@id\":\"https:\/\/ajishop.ma\/shop\/herbes-et-apothicaire\/epices\/coriandre-locale-%d9%82%d8%b2%d8%a8%d9%88%d8%b1\/#primaryimage\"},\"thumbnailUrl\":\"https:\/\/ajishop.ma\/wp-content\/uploads\/2024\/11\/Coriander.webp\",\"datePublished\":\"2024-11-11T22:54:01+00:00\",\"dateModified\":\"2024-11-13T23:56:09+00:00\",\"breadcrumb\":{\"@id\":\"https:\/\/ajishop.ma\/shop\/herbes-et-apothicaire\/epices\/coriandre-locale-%d9%82%d8%b2%d8%a8%d9%88%d8%b1\/#breadcrumb\"},\"inLanguage\":\"ar\",\"potentialAction\":[{\"@type\":\"ReadAction\",\"target\":[\"https:\/\/ajishop.ma\/shop\/herbes-et-apothicaire\/epices\/coriandre-locale-%d9%82%d8%b2%d8%a8%d9%88%d8%b1\/\"]}]},{\"@type\":\"ImageObject\",\"inLanguage\":\"ar\",\"@id\":\"https:\/\/ajishop.ma\/shop\/herbes-et-apothicaire\/epices\/coriandre-locale-%d9%82%d8%b2%d8%a8%d9%88%d8%b1\/#primaryimage\",\"url\":\"https:\/\/ajishop.ma\/wp-content\/uploads\/2024\/11\/Coriander.webp\",\"contentUrl\":\"https:\/\/ajishop.ma\/wp-content\/uploads\/2024\/11\/Coriander.webp\",\"width\":600,\"height\":600},{\"@type\":\"BreadcrumbList\",\"@id\":\"https:\/\/ajishop.ma\/shop\/herbes-et-apothicaire\/epices\/coriandre-locale-%d9%82%d8%b2%d8%a8%d9%88%d8%b1\/#breadcrumb\",\"itemListElement\":[{\"@type\":\"ListItem\",\"position\":1,\"name\":\"Accueil\",\"item\":\"https:\/\/ajishop.ma\/\"},{\"@type\":\"ListItem\",\"position\":2,\"name\":\"Magasin\",\"item\":\"https:\/\/ajishop.ma\/shop\/\"},{\"@type\":\"ListItem\",\"position\":3,\"name\":\"Coriandre locale &#8211; \u0642\u0632\u0628\u0648\u0631\"}]},{\"@type\":\"WebSite\",\"@id\":\"https:\/\/ajishop.ma\/#website\",\"url\":\"https:\/\/ajishop.ma\/\",\"name\":\"AjiShop.ma\",\"description\":\"Produits 100% naturels, Pour votre bien \u00eatre...\",\"publisher\":{\"@id\":\"https:\/\/ajishop.ma\/#organization\"},\"potentialAction\":[{\"@type\":\"SearchAction\",\"target\":{\"@type\":\"EntryPoint\",\"urlTemplate\":\"https:\/\/ajishop.ma\/?s={search_term_string}\"},\"query-input\":{\"@type\":\"PropertyValueSpecification\",\"valueRequired\":true,\"valueName\":\"search_term_string\"}}],\"inLanguage\":\"ar\"},{\"@type\":\"Organization\",\"@id\":\"https:\/\/ajishop.ma\/#organization\",\"name\":\"AjiShop.ma\",\"url\":\"https:\/\/ajishop.ma\/\",\"logo\":{\"@type\":\"ImageObject\",\"inLanguage\":\"ar\",\"@id\":\"https:\/\/ajishop.ma\/#\/schema\/logo\/image\/\",\"url\":\"https:\/\/ajishop.ma\/wp-content\/uploads\/2024\/09\/AjiShop.ma-Horizontal-Logo-Green.png\",\"contentUrl\":\"https:\/\/ajishop.ma\/wp-content\/uploads\/2024\/09\/AjiShop.ma-Horizontal-Logo-Green.png\",\"width\":1917,\"height\":276,\"caption\":\"AjiShop.ma\"},\"image\":{\"@id\":\"https:\/\/ajishop.ma\/#\/schema\/logo\/image\/\"}}]}<\/script>\n<!-- \/ Yoast SEO plugin. -->","yoast_head_json":{"title":"Coriandre locale - \u0642\u0632\u0628\u0648\u0631 - AjiShop.ma","robots":{"index":"index","follow":"follow","max-snippet":"max-snippet:-1","max-image-preview":"max-image-preview:large","max-video-preview":"max-video-preview:-1"},"canonical":"https:\/\/ajishop.ma\/ar\/shop\/herbes-et-apothicaire\/epices\/coriandre-locale-\u0642\u0632\u0628\u0648\u0631\/","og_locale":"ar_AR","og_type":"article","og_title":"Coriandre locale - \u0642\u0632\u0628\u0648\u0631 - AjiShop.ma","og_description":"La coriandre, l\u2019\u00e9pice aux milles utilisations ! Sa pr\u00e9sence remonte bien avant J\u00e9sus-Christ, on la retrouve dans des s\u00e9pultures de","og_url":"https:\/\/ajishop.ma\/ar\/shop\/herbes-et-apothicaire\/epices\/coriandre-locale-\u0642\u0632\u0628\u0648\u0631\/","og_site_name":"AjiShop.ma","article_modified_time":"2024-11-13T23:56:09+00:00","og_image":[{"width":600,"height":600,"url":"https:\/\/ajishop.ma\/wp-content\/uploads\/2024\/11\/Coriander.webp","type":"image\/webp"}],"twitter_card":"summary_large_image","twitter_misc":{"\u0648\u0642\u062a \u0627\u0644\u0642\u0631\u0627\u0621\u0629 \u0627\u0644\u0645\u064f\u0642\u062f\u0651\u0631":"\u062f\u0642\u064a\u0642\u062a\u0627\u0646"},"schema":{"@context":"https:\/\/schema.org","@graph":[{"@type":"WebPage","@id":"https:\/\/ajishop.ma\/shop\/herbes-et-apothicaire\/epices\/coriandre-locale-%d9%82%d8%b2%d8%a8%d9%88%d8%b1\/","url":"https:\/\/ajishop.ma\/shop\/herbes-et-apothicaire\/epices\/coriandre-locale-%d9%82%d8%b2%d8%a8%d9%88%d8%b1\/","name":"Coriandre locale - \u0642\u0632\u0628\u0648\u0631 - AjiShop.ma","isPartOf":{"@id":"https:\/\/ajishop.ma\/#website"},"primaryImageOfPage":{"@id":"https:\/\/ajishop.ma\/shop\/herbes-et-apothicaire\/epices\/coriandre-locale-%d9%82%d8%b2%d8%a8%d9%88%d8%b1\/#primaryimage"},"image":{"@id":"https:\/\/ajishop.ma\/shop\/herbes-et-apothicaire\/epices\/coriandre-locale-%d9%82%d8%b2%d8%a8%d9%88%d8%b1\/#primaryimage"},"thumbnailUrl":"https:\/\/ajishop.ma\/wp-content\/uploads\/2024\/11\/Coriander.webp","datePublished":"2024-11-11T22:54:01+00:00","dateModified":"2024-11-13T23:56:09+00:00","breadcrumb":{"@id":"https:\/\/ajishop.ma\/shop\/herbes-et-apothicaire\/epices\/coriandre-locale-%d9%82%d8%b2%d8%a8%d9%88%d8%b1\/#breadcrumb"},"inLanguage":"ar","potentialAction":[{"@type":"ReadAction","target":["https:\/\/ajishop.ma\/shop\/herbes-et-apothicaire\/epices\/coriandre-locale-%d9%82%d8%b2%d8%a8%d9%88%d8%b1\/"]}]},{"@type":"ImageObject","inLanguage":"ar","@id":"https:\/\/ajishop.ma\/shop\/herbes-et-apothicaire\/epices\/coriandre-locale-%d9%82%d8%b2%d8%a8%d9%88%d8%b1\/#primaryimage","url":"https:\/\/ajishop.ma\/wp-content\/uploads\/2024\/11\/Coriander.webp","contentUrl":"https:\/\/ajishop.ma\/wp-content\/uploads\/2024\/11\/Coriander.webp","width":600,"height":600},{"@type":"BreadcrumbList","@id":"https:\/\/ajishop.ma\/shop\/herbes-et-apothicaire\/epices\/coriandre-locale-%d9%82%d8%b2%d8%a8%d9%88%d8%b1\/#breadcrumb","itemListElement":[{"@type":"ListItem","position":1,"name":"Accueil","item":"https:\/\/ajishop.ma\/"},{"@type":"ListItem","position":2,"name":"Magasin","item":"https:\/\/ajishop.ma\/shop\/"},{"@type":"ListItem","position":3,"name":"Coriandre locale &#8211; \u0642\u0632\u0628\u0648\u0631"}]},{"@type":"WebSite","@id":"https:\/\/ajishop.ma\/#website","url":"https:\/\/ajishop.ma\/","name":"AjiShop.ma","description":"Produits 100% naturels, Pour votre bien \u00eatre...","publisher":{"@id":"https:\/\/ajishop.ma\/#organization"},"potentialAction":[{"@type":"SearchAction","target":{"@type":"EntryPoint","urlTemplate":"https:\/\/ajishop.ma\/?s={search_term_string}"},"query-input":{"@type":"PropertyValueSpecification","valueRequired":true,"valueName":"search_term_string"}}],"inLanguage":"ar"},{"@type":"Organization","@id":"https:\/\/ajishop.ma\/#organization","name":"AjiShop.ma","url":"https:\/\/ajishop.ma\/","logo":{"@type":"ImageObject","inLanguage":"ar","@id":"https:\/\/ajishop.ma\/#\/schema\/logo\/image\/","url":"https:\/\/ajishop.ma\/wp-content\/uploads\/2024\/09\/AjiShop.ma-Horizontal-Logo-Green.png","contentUrl":"https:\/\/ajishop.ma\/wp-content\/uploads\/2024\/09\/AjiShop.ma-Horizontal-Logo-Green.png","width":1917,"height":276,"caption":"AjiShop.ma"},"image":{"@id":"https:\/\/ajishop.ma\/#\/schema\/logo\/image\/"}}]}},"_links":{"self":[{"href":"https:\/\/ajishop.ma\/ar\/wp-json\/wp\/v2\/product\/17384"}],"collection":[{"href":"https:\/\/ajishop.ma\/ar\/wp-json\/wp\/v2\/product"}],"about":[{"href":"https:\/\/ajishop.ma\/ar\/wp-json\/wp\/v2\/types\/product"}],"replies":[{"embeddable":true,"href":"https:\/\/ajishop.ma\/ar\/wp-json\/wp\/v2\/comments?post=17384"}],"version-history":[{"count":1,"href":"https:\/\/ajishop.ma\/ar\/wp-json\/wp\/v2\/product\/17384\/revisions"}],"predecessor-version":[{"id":17386,"href":"https:\/\/ajishop.ma\/ar\/wp-json\/wp\/v2\/product\/17384\/revisions\/17386"}],"wp:featuredmedia":[{"embeddable":true,"href":"https:\/\/ajishop.ma\/ar\/wp-json\/wp\/v2\/media\/17385"}],"wp:attachment":[{"href":"https:\/\/ajishop.ma\/ar\/wp-json\/wp\/v2\/media?parent=17384"}],"wp:term":[{"taxonomy":"product_cat","embeddable":true,"href":"https:\/\/ajishop.ma\/ar\/wp-json\/wp\/v2\/product_cat?post=17384"},{"taxonomy":"product_tag","embeddable":true,"href":"https:\/\/ajishop.ma\/ar\/wp-json\/wp\/v2\/product_tag?post=17384"}],"curies":[{"name":"wp","href":"https:\/\/api.w.org\/{rel}","templated":true}]}}