{"id":17415,"date":"2024-11-12T00:08:29","date_gmt":"2024-11-11T23:08:29","guid":{"rendered":"https:\/\/ajishop.ma\/?post_type=product&#038;p=17415"},"modified":"2024-11-13T00:03:01","modified_gmt":"2024-11-12T23:03:01","slug":"epices-chawarma-viande","status":"publish","type":"product","link":"https:\/\/ajishop.ma\/ar\/shop\/herbes-et-apothicaire\/epices\/epices-chawarma-viande\/","title":{"rendered":"\u00c9pices chawarma Viande &#8211; \u062a\u0648\u0627\u0628\u0644 \u0634\u0648\u0627\u0631\u0645\u0627 \u0644\u062d\u0645"},"content":{"rendered":"<p>Un m\u00e9lange\u00a0d\u2019herbes s\u00e9ch\u00e9es et d\u2019\u00e9pices ajoute une petite touche d\u00e9licieuse pour votre de Chawarma.<\/p>\n<p>Excellent pour pr\u00e9parer vos\u00a0<strong>marinades<\/strong>. Badigeonnez votre viande d\u2019huile (d\u2019olive) et ajoutez les \u00e9pices avant la cuisson<\/p>","protected":false},"excerpt":{"rendered":"<p>Un m\u00e9lange\u00a0d\u2019herbes s\u00e9ch\u00e9es et d\u2019\u00e9pices ajoute une petite touche d\u00e9licieuse pour votre de Chawarma. Excellent pour pr\u00e9parer vos\u00a0marinades. Badigeonnez votre<\/p>","protected":false},"featured_media":17416,"comment_status":"open","ping_status":"closed","template":"","meta":[],"product_cat":[32,74],"product_tag":[],"yoast_head":"<!-- This site is optimized with the Yoast SEO plugin v23.4 - https:\/\/yoast.com\/wordpress\/plugins\/seo\/ -->\n<title>\u00c9pices chawarma Viande - \u062a\u0648\u0627\u0628\u0644 \u0634\u0648\u0627\u0631\u0645\u0627 \u0644\u062d\u0645 - AjiShop.ma<\/title>\n<meta name=\"robots\" content=\"index, follow, max-snippet:-1, max-image-preview:large, max-video-preview:-1\" \/>\n<link rel=\"canonical\" href=\"https:\/\/ajishop.ma\/ar\/shop\/herbes-et-apothicaire\/epices\/epices-chawarma-viande\/\" \/>\n<meta property=\"og:locale\" content=\"ar_AR\" \/>\n<meta property=\"og:type\" content=\"article\" \/>\n<meta property=\"og:title\" content=\"\u00c9pices chawarma Viande - \u062a\u0648\u0627\u0628\u0644 \u0634\u0648\u0627\u0631\u0645\u0627 \u0644\u062d\u0645 - AjiShop.ma\" \/>\n<meta property=\"og:description\" content=\"Un m\u00e9lange\u00a0d\u2019herbes s\u00e9ch\u00e9es et d\u2019\u00e9pices ajoute une petite touche d\u00e9licieuse pour votre de Chawarma. Excellent pour pr\u00e9parer vos\u00a0marinades. Badigeonnez votre\" \/>\n<meta property=\"og:url\" content=\"https:\/\/ajishop.ma\/ar\/shop\/herbes-et-apothicaire\/epices\/epices-chawarma-viande\/\" \/>\n<meta property=\"og:site_name\" content=\"AjiShop.ma\" \/>\n<meta property=\"article:modified_time\" content=\"2024-11-12T23:03:01+00:00\" \/>\n<meta property=\"og:image\" content=\"https:\/\/ajishop.ma\/wp-content\/uploads\/2024\/11\/ChawarmaViande.webp\" \/>\n\t<meta property=\"og:image:width\" content=\"360\" \/>\n\t<meta property=\"og:image:height\" content=\"360\" \/>\n\t<meta property=\"og:image:type\" content=\"image\/webp\" \/>\n<meta name=\"twitter:card\" content=\"summary_large_image\" \/>\n<meta name=\"twitter:label1\" content=\"\u0648\u0642\u062a \u0627\u0644\u0642\u0631\u0627\u0621\u0629 \u0627\u0644\u0645\u064f\u0642\u062f\u0651\u0631\" \/>\n\t<meta name=\"twitter:data1\" content=\"\u062f\u0642\u064a\u0642\u0629 \u0648\u0627\u062d\u062f\u0629\" \/>\n<script type=\"application\/ld+json\" class=\"yoast-schema-graph\">{\"@context\":\"https:\/\/schema.org\",\"@graph\":[{\"@type\":\"WebPage\",\"@id\":\"https:\/\/ajishop.ma\/shop\/herbes-et-apothicaire\/epices\/epices-chawarma-viande\/\",\"url\":\"https:\/\/ajishop.ma\/shop\/herbes-et-apothicaire\/epices\/epices-chawarma-viande\/\",\"name\":\"\u00c9pices chawarma Viande - \u062a\u0648\u0627\u0628\u0644 \u0634\u0648\u0627\u0631\u0645\u0627 \u0644\u062d\u0645 - AjiShop.ma\",\"isPartOf\":{\"@id\":\"https:\/\/ajishop.ma\/#website\"},\"primaryImageOfPage\":{\"@id\":\"https:\/\/ajishop.ma\/shop\/herbes-et-apothicaire\/epices\/epices-chawarma-viande\/#primaryimage\"},\"image\":{\"@id\":\"https:\/\/ajishop.ma\/shop\/herbes-et-apothicaire\/epices\/epices-chawarma-viande\/#primaryimage\"},\"thumbnailUrl\":\"https:\/\/ajishop.ma\/wp-content\/uploads\/2024\/11\/ChawarmaViande.webp\",\"datePublished\":\"2024-11-11T23:08:29+00:00\",\"dateModified\":\"2024-11-12T23:03:01+00:00\",\"breadcrumb\":{\"@id\":\"https:\/\/ajishop.ma\/shop\/herbes-et-apothicaire\/epices\/epices-chawarma-viande\/#breadcrumb\"},\"inLanguage\":\"ar\",\"potentialAction\":[{\"@type\":\"ReadAction\",\"target\":[\"https:\/\/ajishop.ma\/shop\/herbes-et-apothicaire\/epices\/epices-chawarma-viande\/\"]}]},{\"@type\":\"ImageObject\",\"inLanguage\":\"ar\",\"@id\":\"https:\/\/ajishop.ma\/shop\/herbes-et-apothicaire\/epices\/epices-chawarma-viande\/#primaryimage\",\"url\":\"https:\/\/ajishop.ma\/wp-content\/uploads\/2024\/11\/ChawarmaViande.webp\",\"contentUrl\":\"https:\/\/ajishop.ma\/wp-content\/uploads\/2024\/11\/ChawarmaViande.webp\",\"width\":360,\"height\":360},{\"@type\":\"BreadcrumbList\",\"@id\":\"https:\/\/ajishop.ma\/shop\/herbes-et-apothicaire\/epices\/epices-chawarma-viande\/#breadcrumb\",\"itemListElement\":[{\"@type\":\"ListItem\",\"position\":1,\"name\":\"Accueil\",\"item\":\"https:\/\/ajishop.ma\/\"},{\"@type\":\"ListItem\",\"position\":2,\"name\":\"Magasin\",\"item\":\"https:\/\/ajishop.ma\/shop\/\"},{\"@type\":\"ListItem\",\"position\":3,\"name\":\"\u00c9pices chawarma Viande &#8211; \u062a\u0648\u0627\u0628\u0644 \u0634\u0648\u0627\u0631\u0645\u0627 \u0644\u062d\u0645\"}]},{\"@type\":\"WebSite\",\"@id\":\"https:\/\/ajishop.ma\/#website\",\"url\":\"https:\/\/ajishop.ma\/\",\"name\":\"AjiShop.ma\",\"description\":\"Produits 100% naturels, Pour votre bien \u00eatre...\",\"publisher\":{\"@id\":\"https:\/\/ajishop.ma\/#organization\"},\"potentialAction\":[{\"@type\":\"SearchAction\",\"target\":{\"@type\":\"EntryPoint\",\"urlTemplate\":\"https:\/\/ajishop.ma\/?s={search_term_string}\"},\"query-input\":{\"@type\":\"PropertyValueSpecification\",\"valueRequired\":true,\"valueName\":\"search_term_string\"}}],\"inLanguage\":\"ar\"},{\"@type\":\"Organization\",\"@id\":\"https:\/\/ajishop.ma\/#organization\",\"name\":\"AjiShop.ma\",\"url\":\"https:\/\/ajishop.ma\/\",\"logo\":{\"@type\":\"ImageObject\",\"inLanguage\":\"ar\",\"@id\":\"https:\/\/ajishop.ma\/#\/schema\/logo\/image\/\",\"url\":\"https:\/\/ajishop.ma\/wp-content\/uploads\/2024\/09\/AjiShop.ma-Horizontal-Logo-Green.png\",\"contentUrl\":\"https:\/\/ajishop.ma\/wp-content\/uploads\/2024\/09\/AjiShop.ma-Horizontal-Logo-Green.png\",\"width\":1917,\"height\":276,\"caption\":\"AjiShop.ma\"},\"image\":{\"@id\":\"https:\/\/ajishop.ma\/#\/schema\/logo\/image\/\"}}]}<\/script>\n<!-- \/ Yoast SEO plugin. -->","yoast_head_json":{"title":"\u00c9pices chawarma Viande - \u062a\u0648\u0627\u0628\u0644 \u0634\u0648\u0627\u0631\u0645\u0627 \u0644\u062d\u0645 - AjiShop.ma","robots":{"index":"index","follow":"follow","max-snippet":"max-snippet:-1","max-image-preview":"max-image-preview:large","max-video-preview":"max-video-preview:-1"},"canonical":"https:\/\/ajishop.ma\/ar\/shop\/herbes-et-apothicaire\/epices\/epices-chawarma-viande\/","og_locale":"ar_AR","og_type":"article","og_title":"\u00c9pices chawarma Viande - \u062a\u0648\u0627\u0628\u0644 \u0634\u0648\u0627\u0631\u0645\u0627 \u0644\u062d\u0645 - AjiShop.ma","og_description":"Un m\u00e9lange\u00a0d\u2019herbes s\u00e9ch\u00e9es et d\u2019\u00e9pices ajoute une petite touche d\u00e9licieuse pour votre de Chawarma. Excellent pour pr\u00e9parer vos\u00a0marinades. Badigeonnez votre","og_url":"https:\/\/ajishop.ma\/ar\/shop\/herbes-et-apothicaire\/epices\/epices-chawarma-viande\/","og_site_name":"AjiShop.ma","article_modified_time":"2024-11-12T23:03:01+00:00","og_image":[{"width":360,"height":360,"url":"https:\/\/ajishop.ma\/wp-content\/uploads\/2024\/11\/ChawarmaViande.webp","type":"image\/webp"}],"twitter_card":"summary_large_image","twitter_misc":{"\u0648\u0642\u062a \u0627\u0644\u0642\u0631\u0627\u0621\u0629 \u0627\u0644\u0645\u064f\u0642\u062f\u0651\u0631":"\u062f\u0642\u064a\u0642\u0629 \u0648\u0627\u062d\u062f\u0629"},"schema":{"@context":"https:\/\/schema.org","@graph":[{"@type":"WebPage","@id":"https:\/\/ajishop.ma\/shop\/herbes-et-apothicaire\/epices\/epices-chawarma-viande\/","url":"https:\/\/ajishop.ma\/shop\/herbes-et-apothicaire\/epices\/epices-chawarma-viande\/","name":"\u00c9pices chawarma Viande - \u062a\u0648\u0627\u0628\u0644 \u0634\u0648\u0627\u0631\u0645\u0627 \u0644\u062d\u0645 - AjiShop.ma","isPartOf":{"@id":"https:\/\/ajishop.ma\/#website"},"primaryImageOfPage":{"@id":"https:\/\/ajishop.ma\/shop\/herbes-et-apothicaire\/epices\/epices-chawarma-viande\/#primaryimage"},"image":{"@id":"https:\/\/ajishop.ma\/shop\/herbes-et-apothicaire\/epices\/epices-chawarma-viande\/#primaryimage"},"thumbnailUrl":"https:\/\/ajishop.ma\/wp-content\/uploads\/2024\/11\/ChawarmaViande.webp","datePublished":"2024-11-11T23:08:29+00:00","dateModified":"2024-11-12T23:03:01+00:00","breadcrumb":{"@id":"https:\/\/ajishop.ma\/shop\/herbes-et-apothicaire\/epices\/epices-chawarma-viande\/#breadcrumb"},"inLanguage":"ar","potentialAction":[{"@type":"ReadAction","target":["https:\/\/ajishop.ma\/shop\/herbes-et-apothicaire\/epices\/epices-chawarma-viande\/"]}]},{"@type":"ImageObject","inLanguage":"ar","@id":"https:\/\/ajishop.ma\/shop\/herbes-et-apothicaire\/epices\/epices-chawarma-viande\/#primaryimage","url":"https:\/\/ajishop.ma\/wp-content\/uploads\/2024\/11\/ChawarmaViande.webp","contentUrl":"https:\/\/ajishop.ma\/wp-content\/uploads\/2024\/11\/ChawarmaViande.webp","width":360,"height":360},{"@type":"BreadcrumbList","@id":"https:\/\/ajishop.ma\/shop\/herbes-et-apothicaire\/epices\/epices-chawarma-viande\/#breadcrumb","itemListElement":[{"@type":"ListItem","position":1,"name":"Accueil","item":"https:\/\/ajishop.ma\/"},{"@type":"ListItem","position":2,"name":"Magasin","item":"https:\/\/ajishop.ma\/shop\/"},{"@type":"ListItem","position":3,"name":"\u00c9pices chawarma Viande &#8211; \u062a\u0648\u0627\u0628\u0644 \u0634\u0648\u0627\u0631\u0645\u0627 \u0644\u062d\u0645"}]},{"@type":"WebSite","@id":"https:\/\/ajishop.ma\/#website","url":"https:\/\/ajishop.ma\/","name":"AjiShop.ma","description":"Produits 100% naturels, Pour votre bien \u00eatre...","publisher":{"@id":"https:\/\/ajishop.ma\/#organization"},"potentialAction":[{"@type":"SearchAction","target":{"@type":"EntryPoint","urlTemplate":"https:\/\/ajishop.ma\/?s={search_term_string}"},"query-input":{"@type":"PropertyValueSpecification","valueRequired":true,"valueName":"search_term_string"}}],"inLanguage":"ar"},{"@type":"Organization","@id":"https:\/\/ajishop.ma\/#organization","name":"AjiShop.ma","url":"https:\/\/ajishop.ma\/","logo":{"@type":"ImageObject","inLanguage":"ar","@id":"https:\/\/ajishop.ma\/#\/schema\/logo\/image\/","url":"https:\/\/ajishop.ma\/wp-content\/uploads\/2024\/09\/AjiShop.ma-Horizontal-Logo-Green.png","contentUrl":"https:\/\/ajishop.ma\/wp-content\/uploads\/2024\/09\/AjiShop.ma-Horizontal-Logo-Green.png","width":1917,"height":276,"caption":"AjiShop.ma"},"image":{"@id":"https:\/\/ajishop.ma\/#\/schema\/logo\/image\/"}}]}},"_links":{"self":[{"href":"https:\/\/ajishop.ma\/ar\/wp-json\/wp\/v2\/product\/17415"}],"collection":[{"href":"https:\/\/ajishop.ma\/ar\/wp-json\/wp\/v2\/product"}],"about":[{"href":"https:\/\/ajishop.ma\/ar\/wp-json\/wp\/v2\/types\/product"}],"replies":[{"embeddable":true,"href":"https:\/\/ajishop.ma\/ar\/wp-json\/wp\/v2\/comments?post=17415"}],"version-history":[{"count":1,"href":"https:\/\/ajishop.ma\/ar\/wp-json\/wp\/v2\/product\/17415\/revisions"}],"predecessor-version":[{"id":17417,"href":"https:\/\/ajishop.ma\/ar\/wp-json\/wp\/v2\/product\/17415\/revisions\/17417"}],"wp:featuredmedia":[{"embeddable":true,"href":"https:\/\/ajishop.ma\/ar\/wp-json\/wp\/v2\/media\/17416"}],"wp:attachment":[{"href":"https:\/\/ajishop.ma\/ar\/wp-json\/wp\/v2\/media?parent=17415"}],"wp:term":[{"taxonomy":"product_cat","embeddable":true,"href":"https:\/\/ajishop.ma\/ar\/wp-json\/wp\/v2\/product_cat?post=17415"},{"taxonomy":"product_tag","embeddable":true,"href":"https:\/\/ajishop.ma\/ar\/wp-json\/wp\/v2\/product_tag?post=17415"}],"curies":[{"name":"wp","href":"https:\/\/api.w.org\/{rel}","templated":true}]}}