{"id":17564,"date":"2024-11-14T00:17:41","date_gmt":"2024-11-13T23:17:41","guid":{"rendered":"https:\/\/ajishop.ma\/?post_type=product&#038;p=17564"},"modified":"2025-10-01T00:15:33","modified_gmt":"2025-09-30T23:15:33","slug":"shilajit","status":"publish","type":"product","link":"https:\/\/ajishop.ma\/ar\/shop\/herbes-et-apothicaire\/herbes\/shilajit\/","title":{"rendered":"Shilajit   20 g \/ \u0634\u064a\u0644\u0627\u062c\u064a\u062a"},"content":{"rendered":"<div data-elementor-type=\"wp-post\" data-elementor-id=\"17564\" class=\"elementor elementor-17564\">\n\t\t\t\t<div class=\"wd-negative-gap elementor-element elementor-element-211bd057 e-flex e-con-boxed e-con e-parent\" data-id=\"211bd057\" data-element_type=\"container\">\n\t\t\t\t\t<div class=\"e-con-inner\">\n\t\t\t\t<div class=\"elementor-element elementor-element-10bb5c11 lang-fr color-scheme-inherit text-left elementor-widget elementor-widget-text-editor\" data-id=\"10bb5c11\" data-element_type=\"widget\" data-widget_type=\"text-editor.default\">\n\t\t\t\t<div class=\"elementor-widget-container\">\n\t\t\t\t\t\t\t<div class=\"xdj266r x11i5rnm xat24cr x1mh8g0r x1vvkbs x126k92a\">\n<div dir=\"auto\" style=\"text-align: center\"><strong><span>Shilajit, \u00e9galement appel\u00e9 mumiyan, est le r\u00e9sultat d\u2019un long processus de recyclage de mati\u00e8res v\u00e9g\u00e9tales et animales et de min\u00e9raux sur des milliers d\u2019ann\u00e9es. C&#8217;est une substance collante, noire, semblable au goudron, qui provient des roches des hautes cha\u00eenes de montagnes.<\/span><\/strong><\/div>\n<\/div>\n<div class=\"x11i5rnm xat24cr x1mh8g0r x1vvkbs xtlvy1s x126k92a\" style=\"text-align: center\">\n<div dir=\"auto\"><strong><span>Le Shilajit provenait traditionnellement de l&#8217;Alta\u00ef, de l&#8217;Himalaya et du Tibet.<\/span><\/strong><\/div>\n<\/div>\n<div class=\"x11i5rnm xat24cr x1mh8g0r x1vvkbs xtlvy1s x126k92a\">\n<div dir=\"auto\" style=\"text-align: center\"><strong><span>Le shilajit est utilis\u00e9 dans la m\u00e9decine ayurv\u00e9dique traditionnelle depuis des si\u00e8cles et ses compos\u00e9s semblent \u00eatre b\u00e9n\u00e9fiques pour de nombreuses affections et maladies.<\/span><\/strong><\/div>\n<div dir=\"auto\" style=\"text-align: center\"><strong><span>\u00a0Shilajit est utilis\u00e9 pour lutter contre la fatigue chronique et les effets du vieillissement (notamment la dysfonction \u00e9rectile), ainsi que l&#8217;asthme, les troubles <span style=\"font-size: 14pt\">gastro-intestinaux<\/span> ou le mal aigu des montagnes (associ\u00e9 \u00e0 l&#8217;altitude).\u00a0<\/span><\/strong><\/div>\n<\/div>\t\t\t\t\t\t<\/div>\n\t\t\t\t<\/div>\n\t\t\t\t\t<\/div>\n\t\t\t\t<\/div>\n\t\t<div class=\"wd-negative-gap elementor-element elementor-element-15eb8d4 lang-ar e-flex e-con-boxed e-con e-parent\" data-id=\"15eb8d4\" data-element_type=\"container\">\n\t\t\t\t\t<div class=\"e-con-inner\">\n\t\t\t\t<div class=\"elementor-element elementor-element-57b3ac3 color-scheme-inherit text-left elementor-widget elementor-widget-text-editor\" data-id=\"57b3ac3\" data-element_type=\"widget\" data-widget_type=\"text-editor.default\">\n\t\t\t\t<div class=\"elementor-widget-container\">\n\t\t\t\t\t\t\t<div class=\"xdj266r x11i5rnm xat24cr x1mh8g0r x1vvkbs x126k92a\"><div dir=\"auto\" style=\"text-align: center\"><span style=\"font-size: 14pt\"><strong>\u0634\u064a\u0644\u0627\u062c\u064a\u062a \u060c \u064a\u0633\u0645\u0649 \u0623\u064a\u0636\u0627 \u0627\u0644\u0645\u0648\u0645\u064a\u0627\u0646 \u060c \u0647\u0648 \u0646\u062a\u064a\u062c\u0629 \u0644\u0639\u0645\u0644\u064a\u0629 \u0637\u0648\u064a\u0644\u0629 \u0645\u0646 \u062a\u062f\u0648\u064a\u0631 \u0627\u0644\u0645\u0648\u0627\u062f \u0627\u0644\u0646\u0628\u0627\u062a\u064a\u0629 \u0648\u0627\u0644\u062d\u064a\u0648\u0627\u0646\u064a\u0629 \u0648\u0627\u0644\u0645\u0639\u0627\u062f\u0646 \u0639\u0628\u0631 \u0622\u0644\u0627\u0641 \u0627\u0644\u0633\u0646\u064a\u0646. \u0648\u0647\u0648 \u0645\u0627\u062f\u0629 \u0644\u0632\u062c\u0629 \u060c \u0633\u0648\u062f\u0627\u0621 \u060c \u0634\u0628\u064a\u0647\u0629 \u0628\u0627\u0644\u0642\u0637\u0631\u0627\u0646 \u062a\u0623\u062a\u064a \u0645\u0646 \u0627\u0644\u0635\u062e\u0648\u0631 \u0641\u064a \u0633\u0644\u0627\u0633\u0644 \u0627\u0644\u062c\u0628\u0627\u0644 \u0627\u0644\u0639\u0627\u0644\u064a\u0629.<\/strong><\/span><\/div><\/div><div class=\"x11i5rnm xat24cr x1mh8g0r x1vvkbs xtlvy1s x126k92a\" style=\"text-align: center\"><div dir=\"auto\"><span style=\"font-size: 14pt\"><strong>\u0634\u064a\u0644\u0627\u062c\u064a\u062a \u0643\u0627\u0646 \u0645\u0635\u062f\u0631\u0647 \u062a\u0642\u0644\u064a\u062f\u064a\u0627 \u0641\u064a \u062c\u0628\u0627\u0644 \u0627\u0644\u0623\u0644\u062a\u0627\u064a \u0627\u0644\u0647\u0645\u0644\u0627\u064a\u0627 \u0648\u0627\u0644\u062a\u0628\u062a .<\/strong><\/span><\/div><\/div><div class=\"x11i5rnm xat24cr x1mh8g0r x1vvkbs xtlvy1s x126k92a\"><div dir=\"auto\" style=\"text-align: center\"><span style=\"font-size: 14pt\"><strong>\u0648\u0642\u062f \u0627\u0633\u062a\u062e\u062f\u0645 \u0634\u064a\u0644\u0627\u062c\u064a\u062a \u0641\u064a \u0627\u0644\u0637\u0628 \u0627\u0644\u0647\u0646\u062f\u064a \u0627\u0644\u0647\u0646\u062f\u064a \u0627\u0644\u062a\u0642\u0644\u064a\u062f\u064a \u0645\u0646\u0630 \u0642\u0631\u0648\u0646 \u060c \u0648\u064a\u0628\u062f\u0648 \u0623\u0646 \u0627\u0644\u0645\u0631\u0643\u0628\u0627\u062a \u0627\u0644\u0645\u0648\u062c\u0648\u062f\u0629 \u0641\u064a\u0647 \u0645\u0641\u064a\u062f\u0629 \u0644\u0644\u0639\u062f\u064a\u062f \u0645\u0646 \u0627\u0644\u062d\u0627\u0644\u0627\u062a \u0648 \u0627\u0644\u0623\u0645\u0631\u0627\u0636<\/strong><\/span><\/div><\/div>\t\t\t\t\t\t<\/div>\n\t\t\t\t<\/div>\n\t\t\t\t\t<\/div>\n\t\t\t\t<\/div>\n\t\t\t\t<\/div>","protected":false},"excerpt":{"rendered":"<p>Shilajit, \u00e9galement appel\u00e9 mumiyan, est le r\u00e9sultat d\u2019un long processus de recyclage de mati\u00e8res v\u00e9g\u00e9tales et animales et de min\u00e9raux<\/p>","protected":false},"featured_media":17565,"comment_status":"open","ping_status":"closed","template":"","meta":[],"product_cat":[32,75],"product_tag":[],"yoast_head":"<!-- This site is optimized with the Yoast SEO plugin v23.4 - https:\/\/yoast.com\/wordpress\/plugins\/seo\/ -->\n<title>Shilajit  20 g \/ \u0634\u064a\u0644\u0627\u062c\u064a\u062a - AjiShop.ma<\/title>\n<meta name=\"robots\" content=\"index, follow, max-snippet:-1, max-image-preview:large, max-video-preview:-1\" \/>\n<link rel=\"canonical\" href=\"https:\/\/ajishop.ma\/ar\/shop\/herbes-et-apothicaire\/herbes\/shilajit\/\" \/>\n<meta property=\"og:locale\" content=\"ar_AR\" \/>\n<meta property=\"og:type\" content=\"article\" \/>\n<meta property=\"og:title\" content=\"Shilajit  20 g \/ \u0634\u064a\u0644\u0627\u062c\u064a\u062a - AjiShop.ma\" \/>\n<meta property=\"og:description\" content=\"Shilajit, \u00e9galement appel\u00e9 mumiyan, est le r\u00e9sultat d\u2019un long processus de recyclage de mati\u00e8res v\u00e9g\u00e9tales et animales et de min\u00e9raux\" \/>\n<meta property=\"og:url\" content=\"https:\/\/ajishop.ma\/ar\/shop\/herbes-et-apothicaire\/herbes\/shilajit\/\" \/>\n<meta property=\"og:site_name\" content=\"AjiShop.ma\" \/>\n<meta property=\"article:modified_time\" content=\"2025-09-30T23:15:33+00:00\" \/>\n<meta property=\"og:image\" content=\"https:\/\/ajishop.ma\/wp-content\/uploads\/2024\/11\/4.jpg\" \/>\n\t<meta property=\"og:image:width\" content=\"680\" \/>\n\t<meta property=\"og:image:height\" content=\"680\" \/>\n\t<meta property=\"og:image:type\" content=\"image\/jpeg\" \/>\n<meta name=\"twitter:card\" content=\"summary_large_image\" \/>\n<meta name=\"twitter:label1\" content=\"\u0648\u0642\u062a \u0627\u0644\u0642\u0631\u0627\u0621\u0629 \u0627\u0644\u0645\u064f\u0642\u062f\u0651\u0631\" \/>\n\t<meta name=\"twitter:data1\" content=\"\u062f\u0642\u064a\u0642\u062a\u0627\u0646\" \/>\n<script type=\"application\/ld+json\" class=\"yoast-schema-graph\">{\"@context\":\"https:\/\/schema.org\",\"@graph\":[{\"@type\":\"WebPage\",\"@id\":\"https:\/\/ajishop.ma\/shop\/herbes-et-apothicaire\/herbes\/shilajit\/\",\"url\":\"https:\/\/ajishop.ma\/shop\/herbes-et-apothicaire\/herbes\/shilajit\/\",\"name\":\"Shilajit 20 g \/ \u0634\u064a\u0644\u0627\u062c\u064a\u062a - AjiShop.ma\",\"isPartOf\":{\"@id\":\"https:\/\/ajishop.ma\/#website\"},\"primaryImageOfPage\":{\"@id\":\"https:\/\/ajishop.ma\/shop\/herbes-et-apothicaire\/herbes\/shilajit\/#primaryimage\"},\"image\":{\"@id\":\"https:\/\/ajishop.ma\/shop\/herbes-et-apothicaire\/herbes\/shilajit\/#primaryimage\"},\"thumbnailUrl\":\"https:\/\/ajishop.ma\/wp-content\/uploads\/2024\/11\/4.jpg\",\"datePublished\":\"2024-11-13T23:17:41+00:00\",\"dateModified\":\"2025-09-30T23:15:33+00:00\",\"breadcrumb\":{\"@id\":\"https:\/\/ajishop.ma\/shop\/herbes-et-apothicaire\/herbes\/shilajit\/#breadcrumb\"},\"inLanguage\":\"ar\",\"potentialAction\":[{\"@type\":\"ReadAction\",\"target\":[\"https:\/\/ajishop.ma\/shop\/herbes-et-apothicaire\/herbes\/shilajit\/\"]}]},{\"@type\":\"ImageObject\",\"inLanguage\":\"ar\",\"@id\":\"https:\/\/ajishop.ma\/shop\/herbes-et-apothicaire\/herbes\/shilajit\/#primaryimage\",\"url\":\"https:\/\/ajishop.ma\/wp-content\/uploads\/2024\/11\/4.jpg\",\"contentUrl\":\"https:\/\/ajishop.ma\/wp-content\/uploads\/2024\/11\/4.jpg\",\"width\":680,\"height\":680},{\"@type\":\"BreadcrumbList\",\"@id\":\"https:\/\/ajishop.ma\/shop\/herbes-et-apothicaire\/herbes\/shilajit\/#breadcrumb\",\"itemListElement\":[{\"@type\":\"ListItem\",\"position\":1,\"name\":\"Accueil\",\"item\":\"https:\/\/ajishop.ma\/\"},{\"@type\":\"ListItem\",\"position\":2,\"name\":\"Magasin\",\"item\":\"https:\/\/ajishop.ma\/shop\/\"},{\"@type\":\"ListItem\",\"position\":3,\"name\":\"Shilajit 20 g \/ \u0634\u064a\u0644\u0627\u062c\u064a\u062a\"}]},{\"@type\":\"WebSite\",\"@id\":\"https:\/\/ajishop.ma\/#website\",\"url\":\"https:\/\/ajishop.ma\/\",\"name\":\"AjiShop.ma\",\"description\":\"Produits 100% naturels, Pour votre bien \u00eatre...\",\"publisher\":{\"@id\":\"https:\/\/ajishop.ma\/#organization\"},\"potentialAction\":[{\"@type\":\"SearchAction\",\"target\":{\"@type\":\"EntryPoint\",\"urlTemplate\":\"https:\/\/ajishop.ma\/?s={search_term_string}\"},\"query-input\":{\"@type\":\"PropertyValueSpecification\",\"valueRequired\":true,\"valueName\":\"search_term_string\"}}],\"inLanguage\":\"ar\"},{\"@type\":\"Organization\",\"@id\":\"https:\/\/ajishop.ma\/#organization\",\"name\":\"AjiShop.ma\",\"url\":\"https:\/\/ajishop.ma\/\",\"logo\":{\"@type\":\"ImageObject\",\"inLanguage\":\"ar\",\"@id\":\"https:\/\/ajishop.ma\/#\/schema\/logo\/image\/\",\"url\":\"https:\/\/ajishop.ma\/wp-content\/uploads\/2024\/09\/AjiShop.ma-Horizontal-Logo-Green.png\",\"contentUrl\":\"https:\/\/ajishop.ma\/wp-content\/uploads\/2024\/09\/AjiShop.ma-Horizontal-Logo-Green.png\",\"width\":1917,\"height\":276,\"caption\":\"AjiShop.ma\"},\"image\":{\"@id\":\"https:\/\/ajishop.ma\/#\/schema\/logo\/image\/\"}}]}<\/script>\n<!-- \/ Yoast SEO plugin. -->","yoast_head_json":{"title":"Shilajit  20 g \/ \u0634\u064a\u0644\u0627\u062c\u064a\u062a - AjiShop.ma","robots":{"index":"index","follow":"follow","max-snippet":"max-snippet:-1","max-image-preview":"max-image-preview:large","max-video-preview":"max-video-preview:-1"},"canonical":"https:\/\/ajishop.ma\/ar\/shop\/herbes-et-apothicaire\/herbes\/shilajit\/","og_locale":"ar_AR","og_type":"article","og_title":"Shilajit  20 g \/ \u0634\u064a\u0644\u0627\u062c\u064a\u062a - AjiShop.ma","og_description":"Shilajit, \u00e9galement appel\u00e9 mumiyan, est le r\u00e9sultat d\u2019un long processus de recyclage de mati\u00e8res v\u00e9g\u00e9tales et animales et de min\u00e9raux","og_url":"https:\/\/ajishop.ma\/ar\/shop\/herbes-et-apothicaire\/herbes\/shilajit\/","og_site_name":"AjiShop.ma","article_modified_time":"2025-09-30T23:15:33+00:00","og_image":[{"width":680,"height":680,"url":"https:\/\/ajishop.ma\/wp-content\/uploads\/2024\/11\/4.jpg","type":"image\/jpeg"}],"twitter_card":"summary_large_image","twitter_misc":{"\u0648\u0642\u062a \u0627\u0644\u0642\u0631\u0627\u0621\u0629 \u0627\u0644\u0645\u064f\u0642\u062f\u0651\u0631":"\u062f\u0642\u064a\u0642\u062a\u0627\u0646"},"schema":{"@context":"https:\/\/schema.org","@graph":[{"@type":"WebPage","@id":"https:\/\/ajishop.ma\/shop\/herbes-et-apothicaire\/herbes\/shilajit\/","url":"https:\/\/ajishop.ma\/shop\/herbes-et-apothicaire\/herbes\/shilajit\/","name":"Shilajit 20 g \/ \u0634\u064a\u0644\u0627\u062c\u064a\u062a - AjiShop.ma","isPartOf":{"@id":"https:\/\/ajishop.ma\/#website"},"primaryImageOfPage":{"@id":"https:\/\/ajishop.ma\/shop\/herbes-et-apothicaire\/herbes\/shilajit\/#primaryimage"},"image":{"@id":"https:\/\/ajishop.ma\/shop\/herbes-et-apothicaire\/herbes\/shilajit\/#primaryimage"},"thumbnailUrl":"https:\/\/ajishop.ma\/wp-content\/uploads\/2024\/11\/4.jpg","datePublished":"2024-11-13T23:17:41+00:00","dateModified":"2025-09-30T23:15:33+00:00","breadcrumb":{"@id":"https:\/\/ajishop.ma\/shop\/herbes-et-apothicaire\/herbes\/shilajit\/#breadcrumb"},"inLanguage":"ar","potentialAction":[{"@type":"ReadAction","target":["https:\/\/ajishop.ma\/shop\/herbes-et-apothicaire\/herbes\/shilajit\/"]}]},{"@type":"ImageObject","inLanguage":"ar","@id":"https:\/\/ajishop.ma\/shop\/herbes-et-apothicaire\/herbes\/shilajit\/#primaryimage","url":"https:\/\/ajishop.ma\/wp-content\/uploads\/2024\/11\/4.jpg","contentUrl":"https:\/\/ajishop.ma\/wp-content\/uploads\/2024\/11\/4.jpg","width":680,"height":680},{"@type":"BreadcrumbList","@id":"https:\/\/ajishop.ma\/shop\/herbes-et-apothicaire\/herbes\/shilajit\/#breadcrumb","itemListElement":[{"@type":"ListItem","position":1,"name":"Accueil","item":"https:\/\/ajishop.ma\/"},{"@type":"ListItem","position":2,"name":"Magasin","item":"https:\/\/ajishop.ma\/shop\/"},{"@type":"ListItem","position":3,"name":"Shilajit 20 g \/ \u0634\u064a\u0644\u0627\u062c\u064a\u062a"}]},{"@type":"WebSite","@id":"https:\/\/ajishop.ma\/#website","url":"https:\/\/ajishop.ma\/","name":"AjiShop.ma","description":"Produits 100% naturels, Pour votre bien \u00eatre...","publisher":{"@id":"https:\/\/ajishop.ma\/#organization"},"potentialAction":[{"@type":"SearchAction","target":{"@type":"EntryPoint","urlTemplate":"https:\/\/ajishop.ma\/?s={search_term_string}"},"query-input":{"@type":"PropertyValueSpecification","valueRequired":true,"valueName":"search_term_string"}}],"inLanguage":"ar"},{"@type":"Organization","@id":"https:\/\/ajishop.ma\/#organization","name":"AjiShop.ma","url":"https:\/\/ajishop.ma\/","logo":{"@type":"ImageObject","inLanguage":"ar","@id":"https:\/\/ajishop.ma\/#\/schema\/logo\/image\/","url":"https:\/\/ajishop.ma\/wp-content\/uploads\/2024\/09\/AjiShop.ma-Horizontal-Logo-Green.png","contentUrl":"https:\/\/ajishop.ma\/wp-content\/uploads\/2024\/09\/AjiShop.ma-Horizontal-Logo-Green.png","width":1917,"height":276,"caption":"AjiShop.ma"},"image":{"@id":"https:\/\/ajishop.ma\/#\/schema\/logo\/image\/"}}]}},"_links":{"self":[{"href":"https:\/\/ajishop.ma\/ar\/wp-json\/wp\/v2\/product\/17564"}],"collection":[{"href":"https:\/\/ajishop.ma\/ar\/wp-json\/wp\/v2\/product"}],"about":[{"href":"https:\/\/ajishop.ma\/ar\/wp-json\/wp\/v2\/types\/product"}],"replies":[{"embeddable":true,"href":"https:\/\/ajishop.ma\/ar\/wp-json\/wp\/v2\/comments?post=17564"}],"version-history":[{"count":8,"href":"https:\/\/ajishop.ma\/ar\/wp-json\/wp\/v2\/product\/17564\/revisions"}],"predecessor-version":[{"id":18909,"href":"https:\/\/ajishop.ma\/ar\/wp-json\/wp\/v2\/product\/17564\/revisions\/18909"}],"wp:featuredmedia":[{"embeddable":true,"href":"https:\/\/ajishop.ma\/ar\/wp-json\/wp\/v2\/media\/17565"}],"wp:attachment":[{"href":"https:\/\/ajishop.ma\/ar\/wp-json\/wp\/v2\/media?parent=17564"}],"wp:term":[{"taxonomy":"product_cat","embeddable":true,"href":"https:\/\/ajishop.ma\/ar\/wp-json\/wp\/v2\/product_cat?post=17564"},{"taxonomy":"product_tag","embeddable":true,"href":"https:\/\/ajishop.ma\/ar\/wp-json\/wp\/v2\/product_tag?post=17564"}],"curies":[{"name":"wp","href":"https:\/\/api.w.org\/{rel}","templated":true}]}}