{"id":17766,"date":"2024-11-15T07:55:54","date_gmt":"2024-11-15T06:55:54","guid":{"rendered":"https:\/\/ajishop.ma\/?post_type=product&#038;p=17766"},"modified":"2024-11-19T13:11:34","modified_gmt":"2024-11-19T12:11:34","slug":"basilic-seches-rayhan","status":"publish","type":"product","link":"https:\/\/ajishop.ma\/ar\/shop\/herbes-et-apothicaire\/herbes\/basilic-seches-rayhan\/","title":{"rendered":"Basilic s\u00e9ch\u00e9s &#8211; \u0631\u064a\u062d\u0627\u0646 \u0645\u062c\u0641\u0641"},"content":{"rendered":"<p><strong>Basilic s\u00e9ch\u00e9s &#8211; \u0631\u064a\u062d\u0627\u0646 \u0627\u0644\u0645\u062c\u0641\u0641<\/strong><\/p>\n<p><span id=\"p32\">Le basilic est une plante au\u00a0<strong>feuillage tr\u00e8s odorant<\/strong>, il\u00a0est le n\u00b01 des aromates en\u00a0<strong>cuisine<\/strong>.\u00a0<\/span><span id=\"p33\">Le basilic est cultiv\u00e9 comme plante\u00a0<strong>aromatique<\/strong>\u00a0et\u00a0<span class=\"s-rg-t\">condimentaire<\/span>.<\/span><span id=\"p34\">\u00a0<\/span><\/p>\n<p><strong>COMMENT CUISINER AVEC\u00a0LE BASILIC S\u00c9CH\u00c9 ?<\/strong><\/p>\n<p>Les feuilles de basilic sont utilis\u00e9es comme\u00a0<strong>herbes aromatiques<\/strong>.<span id=\"p40\">\u00a0Elles s&#8217;utilisent de pr\u00e9f\u00e9rence crues, car leur ar\u00f4me s&#8217;att\u00e9nue \u00e0 la cuisson.<\/span><span id=\"p41\"><\/span><\/p>\n<p><strong>Du c\u00f4t\u00e9 sal\u00e9 :<\/strong>Les feuilles de basilic accompagnent crudit\u00e9s, salades,\u00a0tomates, courgettes, les p\u00e2tes, les coquillages, les poissons, les \u0153ufs brouill\u00e9s, les pizzas, le poulet, le lapin, le canard, les soupes, les sauces comme par exemple les vinaigrettes au citron, et \u00e0 l&#8217;huile d&#8217;olive et bien \u00e9videment il est l&#8217;ingr\u00e9dient indispensable de la sauce pesto.<\/p>\n<p><strong><br \/>\nDu c\u00f4t\u00e9 sucr\u00e9 :\u00a0<\/strong><span class=\"s1\">Un sorbet aromatis\u00e9 au basilic r\u00e9veillera les papilles.\u00a0<\/span>Il accompagnera \u00e9galement vos\u00a0infusions et les boissons, telles que le Basilic Martini (jus de tomate\u00a0basilic, p\u00eache basilic&#8230;). \u00c9viter de ciseler les feuilles fra\u00eeches au couteau, car elles risquent de s&#8217;oxyder. Les d\u00e9chirer \u00e0 la main et ne les ajouter qu&#8217;\u00e0 la derni\u00e8re minute. En outre, pour la pr\u00e9paration du pistou ou de toute autre sauce \u00e0 base de basilic, les irr\u00e9ductibles affirment qu&#8217;il est pr\u00e9f\u00e9rable de piler les feuilles au mortier plut\u00f4t que de les passer au m\u00e9langeur.<\/p>\n<p>Quels sont les bienfaits du basilic ?<\/p>\n<p>Le basilic est une herbe aromatique populaire non seulement pour sa saveur d\u00e9licieuse mais aussi pour ses nombreux bienfaits pour la sant\u00e9. Voici quelques-uns des principaux bienfaits du basilic :<\/p>\n<ol>\n<li><strong>Antioxydant puissant<\/strong>: Le basilic est riche en antioxydants, tels que les flavono\u00efdes, qui aident \u00e0 prot\u00e9ger les cellules contre les dommages caus\u00e9s par les radicaux libres.<\/li>\n<li><strong>Anti-inflammatoire<\/strong>: Le basilic contient des compos\u00e9s tels que l&#8217;eug\u00e9nol, qui poss\u00e8dent des propri\u00e9t\u00e9s anti-inflammatoires et peuvent aider \u00e0 r\u00e9duire l&#8217;inflammation dans le corps.<\/li>\n<li><strong>Am\u00e9lioration de la digestion<\/strong>: Le basilic peut favoriser une bonne digestion en aidant \u00e0 apaiser l&#8217;estomac et \u00e0 r\u00e9duire les ballonnements.<\/li>\n<li><strong>R\u00e9duction du stress<\/strong>: Certaines \u00e9tudes sugg\u00e8rent que le basilic peut avoir des effets adaptog\u00e8nes, aidant le corps \u00e0 g\u00e9rer le stress.<\/li>\n<li><strong>Soutien immunitaire<\/strong>: Gr\u00e2ce \u00e0 ses propri\u00e9t\u00e9s antimicrobiennes, le basilic peut aider \u00e0 renforcer le syst\u00e8me immunitaire et \u00e0 combattre les infections.<\/li>\n<li><strong>Sant\u00e9 cardiovasculaire<\/strong>: Les antioxydants et les compos\u00e9s anti-inflammatoires du basilic peuvent contribuer \u00e0 la sant\u00e9 du c\u0153ur en r\u00e9duisant l&#8217;inflammation et en aidant \u00e0 abaisser les niveaux de cholest\u00e9rol.<\/li>\n<li><strong>Protection contre certaines maladies<\/strong>: Les propri\u00e9t\u00e9s antimicrobiennes et antivirales du basilic peuvent aider \u00e0 prot\u00e9ger contre certaines infections bact\u00e9riennes et virales.<\/li>\n<li><strong>Am\u00e9lioration de la sant\u00e9 de la peau<\/strong>: Les propri\u00e9t\u00e9s anti-inflammatoires et antimicrobiennes du basilic peuvent \u00eatre b\u00e9n\u00e9fiques pour la peau, aidant \u00e0 r\u00e9duire l&#8217;acn\u00e9 et \u00e0 am\u00e9liorer la sant\u00e9 g\u00e9n\u00e9rale de la peau.<\/li>\n<li><strong>Propri\u00e9t\u00e9s anti-cancer<\/strong>: Certaines recherches sugg\u00e8rent que les antioxydants pr\u00e9sents dans le basilic pourraient avoir des effets protecteurs contre certains types de cancer.<\/li>\n<li><strong>Effet calmant<\/strong>: Le basilic est utilis\u00e9 en aromath\u00e9rapie pour ses propri\u00e9t\u00e9s calmantes, aidant \u00e0 r\u00e9duire l&#8217;anxi\u00e9t\u00e9 et \u00e0 am\u00e9liorer l&#8217;humeur.<\/li>\n<\/ol>\n<p>Int\u00e9grer le basilic dans votre alimentation peut donc offrir de nombreux avantages pour la sant\u00e9, tout en ajoutant une touche savoureuse \u00e0 vos plats.<\/p>","protected":false},"excerpt":{"rendered":"<p>Basilic s\u00e9ch\u00e9s &#8211; \u0631\u064a\u062d\u0627\u0646 \u0627\u0644\u0645\u062c\u0641\u0641 Le basilic est une plante au\u00a0feuillage tr\u00e8s odorant, il\u00a0est le n\u00b01 des aromates en\u00a0cuisine.\u00a0Le basilic<\/p>","protected":false},"featured_media":17777,"comment_status":"open","ping_status":"closed","template":"","meta":[],"product_cat":[32,75],"product_tag":[],"yoast_head":"<!-- This site is optimized with the Yoast SEO plugin v23.4 - https:\/\/yoast.com\/wordpress\/plugins\/seo\/ -->\n<title>Basilic s\u00e9ch\u00e9s - \u0631\u064a\u062d\u0627\u0646 \u0645\u062c\u0641\u0641 - AjiShop.ma<\/title>\n<meta name=\"robots\" content=\"index, follow, max-snippet:-1, max-image-preview:large, max-video-preview:-1\" \/>\n<link rel=\"canonical\" href=\"https:\/\/ajishop.ma\/ar\/shop\/herbes-et-apothicaire\/herbes\/basilic-seches-rayhan\/\" \/>\n<meta property=\"og:locale\" content=\"ar_AR\" \/>\n<meta property=\"og:type\" content=\"article\" \/>\n<meta property=\"og:title\" content=\"Basilic s\u00e9ch\u00e9s - \u0631\u064a\u062d\u0627\u0646 \u0645\u062c\u0641\u0641 - AjiShop.ma\" \/>\n<meta property=\"og:description\" content=\"Basilic s\u00e9ch\u00e9s &#8211; \u0631\u064a\u062d\u0627\u0646 \u0627\u0644\u0645\u062c\u0641\u0641 Le basilic est une plante au\u00a0feuillage tr\u00e8s odorant, il\u00a0est le n\u00b01 des aromates en\u00a0cuisine.\u00a0Le basilic\" \/>\n<meta property=\"og:url\" content=\"https:\/\/ajishop.ma\/ar\/shop\/herbes-et-apothicaire\/herbes\/basilic-seches-rayhan\/\" \/>\n<meta property=\"og:site_name\" content=\"AjiShop.ma\" \/>\n<meta property=\"article:modified_time\" content=\"2024-11-19T12:11:34+00:00\" \/>\n<meta property=\"og:image\" content=\"https:\/\/ajishop.ma\/wp-content\/uploads\/2024\/11\/35931-0w600h600_Coffret_Chocolats_Fins_Gahennenanche_Noir_Valrhona.webp\" \/>\n\t<meta property=\"og:image:width\" content=\"600\" \/>\n\t<meta property=\"og:image:height\" content=\"600\" \/>\n\t<meta property=\"og:image:type\" content=\"image\/webp\" \/>\n<meta name=\"twitter:card\" content=\"summary_large_image\" \/>\n<meta name=\"twitter:label1\" content=\"\u0648\u0642\u062a \u0627\u0644\u0642\u0631\u0627\u0621\u0629 \u0627\u0644\u0645\u064f\u0642\u062f\u0651\u0631\" \/>\n\t<meta name=\"twitter:data1\" content=\"3 \u062f\u0642\u0627\u0626\u0642\" \/>\n<script type=\"application\/ld+json\" class=\"yoast-schema-graph\">{\"@context\":\"https:\/\/schema.org\",\"@graph\":[{\"@type\":\"WebPage\",\"@id\":\"https:\/\/ajishop.ma\/shop\/herbes-et-apothicaire\/herbes\/basilic-seches-rayhan\/\",\"url\":\"https:\/\/ajishop.ma\/shop\/herbes-et-apothicaire\/herbes\/basilic-seches-rayhan\/\",\"name\":\"Basilic s\u00e9ch\u00e9s - \u0631\u064a\u062d\u0627\u0646 \u0645\u062c\u0641\u0641 - AjiShop.ma\",\"isPartOf\":{\"@id\":\"https:\/\/ajishop.ma\/#website\"},\"primaryImageOfPage\":{\"@id\":\"https:\/\/ajishop.ma\/shop\/herbes-et-apothicaire\/herbes\/basilic-seches-rayhan\/#primaryimage\"},\"image\":{\"@id\":\"https:\/\/ajishop.ma\/shop\/herbes-et-apothicaire\/herbes\/basilic-seches-rayhan\/#primaryimage\"},\"thumbnailUrl\":\"https:\/\/ajishop.ma\/wp-content\/uploads\/2024\/11\/35931-0w600h600_Coffret_Chocolats_Fins_Gahennenanche_Noir_Valrhona.webp\",\"datePublished\":\"2024-11-15T06:55:54+00:00\",\"dateModified\":\"2024-11-19T12:11:34+00:00\",\"breadcrumb\":{\"@id\":\"https:\/\/ajishop.ma\/shop\/herbes-et-apothicaire\/herbes\/basilic-seches-rayhan\/#breadcrumb\"},\"inLanguage\":\"ar\",\"potentialAction\":[{\"@type\":\"ReadAction\",\"target\":[\"https:\/\/ajishop.ma\/shop\/herbes-et-apothicaire\/herbes\/basilic-seches-rayhan\/\"]}]},{\"@type\":\"ImageObject\",\"inLanguage\":\"ar\",\"@id\":\"https:\/\/ajishop.ma\/shop\/herbes-et-apothicaire\/herbes\/basilic-seches-rayhan\/#primaryimage\",\"url\":\"https:\/\/ajishop.ma\/wp-content\/uploads\/2024\/11\/35931-0w600h600_Coffret_Chocolats_Fins_Gahennenanche_Noir_Valrhona.webp\",\"contentUrl\":\"https:\/\/ajishop.ma\/wp-content\/uploads\/2024\/11\/35931-0w600h600_Coffret_Chocolats_Fins_Gahennenanche_Noir_Valrhona.webp\",\"width\":600,\"height\":600},{\"@type\":\"BreadcrumbList\",\"@id\":\"https:\/\/ajishop.ma\/shop\/herbes-et-apothicaire\/herbes\/basilic-seches-rayhan\/#breadcrumb\",\"itemListElement\":[{\"@type\":\"ListItem\",\"position\":1,\"name\":\"Accueil\",\"item\":\"https:\/\/ajishop.ma\/\"},{\"@type\":\"ListItem\",\"position\":2,\"name\":\"Magasin\",\"item\":\"https:\/\/ajishop.ma\/shop\/\"},{\"@type\":\"ListItem\",\"position\":3,\"name\":\"Basilic s\u00e9ch\u00e9s &#8211; \u0631\u064a\u062d\u0627\u0646 \u0645\u062c\u0641\u0641\"}]},{\"@type\":\"WebSite\",\"@id\":\"https:\/\/ajishop.ma\/#website\",\"url\":\"https:\/\/ajishop.ma\/\",\"name\":\"AjiShop.ma\",\"description\":\"Produits 100% naturels, Pour votre bien \u00eatre...\",\"publisher\":{\"@id\":\"https:\/\/ajishop.ma\/#organization\"},\"potentialAction\":[{\"@type\":\"SearchAction\",\"target\":{\"@type\":\"EntryPoint\",\"urlTemplate\":\"https:\/\/ajishop.ma\/?s={search_term_string}\"},\"query-input\":{\"@type\":\"PropertyValueSpecification\",\"valueRequired\":true,\"valueName\":\"search_term_string\"}}],\"inLanguage\":\"ar\"},{\"@type\":\"Organization\",\"@id\":\"https:\/\/ajishop.ma\/#organization\",\"name\":\"AjiShop.ma\",\"url\":\"https:\/\/ajishop.ma\/\",\"logo\":{\"@type\":\"ImageObject\",\"inLanguage\":\"ar\",\"@id\":\"https:\/\/ajishop.ma\/#\/schema\/logo\/image\/\",\"url\":\"https:\/\/ajishop.ma\/wp-content\/uploads\/2024\/09\/AjiShop.ma-Horizontal-Logo-Green.png\",\"contentUrl\":\"https:\/\/ajishop.ma\/wp-content\/uploads\/2024\/09\/AjiShop.ma-Horizontal-Logo-Green.png\",\"width\":1917,\"height\":276,\"caption\":\"AjiShop.ma\"},\"image\":{\"@id\":\"https:\/\/ajishop.ma\/#\/schema\/logo\/image\/\"}}]}<\/script>\n<!-- \/ Yoast SEO plugin. -->","yoast_head_json":{"title":"Basilic s\u00e9ch\u00e9s - \u0631\u064a\u062d\u0627\u0646 \u0645\u062c\u0641\u0641 - AjiShop.ma","robots":{"index":"index","follow":"follow","max-snippet":"max-snippet:-1","max-image-preview":"max-image-preview:large","max-video-preview":"max-video-preview:-1"},"canonical":"https:\/\/ajishop.ma\/ar\/shop\/herbes-et-apothicaire\/herbes\/basilic-seches-rayhan\/","og_locale":"ar_AR","og_type":"article","og_title":"Basilic s\u00e9ch\u00e9s - \u0631\u064a\u062d\u0627\u0646 \u0645\u062c\u0641\u0641 - AjiShop.ma","og_description":"Basilic s\u00e9ch\u00e9s &#8211; \u0631\u064a\u062d\u0627\u0646 \u0627\u0644\u0645\u062c\u0641\u0641 Le basilic est une plante au\u00a0feuillage tr\u00e8s odorant, il\u00a0est le n\u00b01 des aromates en\u00a0cuisine.\u00a0Le basilic","og_url":"https:\/\/ajishop.ma\/ar\/shop\/herbes-et-apothicaire\/herbes\/basilic-seches-rayhan\/","og_site_name":"AjiShop.ma","article_modified_time":"2024-11-19T12:11:34+00:00","og_image":[{"width":600,"height":600,"url":"https:\/\/ajishop.ma\/wp-content\/uploads\/2024\/11\/35931-0w600h600_Coffret_Chocolats_Fins_Gahennenanche_Noir_Valrhona.webp","type":"image\/webp"}],"twitter_card":"summary_large_image","twitter_misc":{"\u0648\u0642\u062a \u0627\u0644\u0642\u0631\u0627\u0621\u0629 \u0627\u0644\u0645\u064f\u0642\u062f\u0651\u0631":"3 \u062f\u0642\u0627\u0626\u0642"},"schema":{"@context":"https:\/\/schema.org","@graph":[{"@type":"WebPage","@id":"https:\/\/ajishop.ma\/shop\/herbes-et-apothicaire\/herbes\/basilic-seches-rayhan\/","url":"https:\/\/ajishop.ma\/shop\/herbes-et-apothicaire\/herbes\/basilic-seches-rayhan\/","name":"Basilic s\u00e9ch\u00e9s - \u0631\u064a\u062d\u0627\u0646 \u0645\u062c\u0641\u0641 - AjiShop.ma","isPartOf":{"@id":"https:\/\/ajishop.ma\/#website"},"primaryImageOfPage":{"@id":"https:\/\/ajishop.ma\/shop\/herbes-et-apothicaire\/herbes\/basilic-seches-rayhan\/#primaryimage"},"image":{"@id":"https:\/\/ajishop.ma\/shop\/herbes-et-apothicaire\/herbes\/basilic-seches-rayhan\/#primaryimage"},"thumbnailUrl":"https:\/\/ajishop.ma\/wp-content\/uploads\/2024\/11\/35931-0w600h600_Coffret_Chocolats_Fins_Gahennenanche_Noir_Valrhona.webp","datePublished":"2024-11-15T06:55:54+00:00","dateModified":"2024-11-19T12:11:34+00:00","breadcrumb":{"@id":"https:\/\/ajishop.ma\/shop\/herbes-et-apothicaire\/herbes\/basilic-seches-rayhan\/#breadcrumb"},"inLanguage":"ar","potentialAction":[{"@type":"ReadAction","target":["https:\/\/ajishop.ma\/shop\/herbes-et-apothicaire\/herbes\/basilic-seches-rayhan\/"]}]},{"@type":"ImageObject","inLanguage":"ar","@id":"https:\/\/ajishop.ma\/shop\/herbes-et-apothicaire\/herbes\/basilic-seches-rayhan\/#primaryimage","url":"https:\/\/ajishop.ma\/wp-content\/uploads\/2024\/11\/35931-0w600h600_Coffret_Chocolats_Fins_Gahennenanche_Noir_Valrhona.webp","contentUrl":"https:\/\/ajishop.ma\/wp-content\/uploads\/2024\/11\/35931-0w600h600_Coffret_Chocolats_Fins_Gahennenanche_Noir_Valrhona.webp","width":600,"height":600},{"@type":"BreadcrumbList","@id":"https:\/\/ajishop.ma\/shop\/herbes-et-apothicaire\/herbes\/basilic-seches-rayhan\/#breadcrumb","itemListElement":[{"@type":"ListItem","position":1,"name":"Accueil","item":"https:\/\/ajishop.ma\/"},{"@type":"ListItem","position":2,"name":"Magasin","item":"https:\/\/ajishop.ma\/shop\/"},{"@type":"ListItem","position":3,"name":"Basilic s\u00e9ch\u00e9s &#8211; \u0631\u064a\u062d\u0627\u0646 \u0645\u062c\u0641\u0641"}]},{"@type":"WebSite","@id":"https:\/\/ajishop.ma\/#website","url":"https:\/\/ajishop.ma\/","name":"AjiShop.ma","description":"Produits 100% naturels, Pour votre bien \u00eatre...","publisher":{"@id":"https:\/\/ajishop.ma\/#organization"},"potentialAction":[{"@type":"SearchAction","target":{"@type":"EntryPoint","urlTemplate":"https:\/\/ajishop.ma\/?s={search_term_string}"},"query-input":{"@type":"PropertyValueSpecification","valueRequired":true,"valueName":"search_term_string"}}],"inLanguage":"ar"},{"@type":"Organization","@id":"https:\/\/ajishop.ma\/#organization","name":"AjiShop.ma","url":"https:\/\/ajishop.ma\/","logo":{"@type":"ImageObject","inLanguage":"ar","@id":"https:\/\/ajishop.ma\/#\/schema\/logo\/image\/","url":"https:\/\/ajishop.ma\/wp-content\/uploads\/2024\/09\/AjiShop.ma-Horizontal-Logo-Green.png","contentUrl":"https:\/\/ajishop.ma\/wp-content\/uploads\/2024\/09\/AjiShop.ma-Horizontal-Logo-Green.png","width":1917,"height":276,"caption":"AjiShop.ma"},"image":{"@id":"https:\/\/ajishop.ma\/#\/schema\/logo\/image\/"}}]}},"_links":{"self":[{"href":"https:\/\/ajishop.ma\/ar\/wp-json\/wp\/v2\/product\/17766"}],"collection":[{"href":"https:\/\/ajishop.ma\/ar\/wp-json\/wp\/v2\/product"}],"about":[{"href":"https:\/\/ajishop.ma\/ar\/wp-json\/wp\/v2\/types\/product"}],"replies":[{"embeddable":true,"href":"https:\/\/ajishop.ma\/ar\/wp-json\/wp\/v2\/comments?post=17766"}],"version-history":[{"count":1,"href":"https:\/\/ajishop.ma\/ar\/wp-json\/wp\/v2\/product\/17766\/revisions"}],"predecessor-version":[{"id":17767,"href":"https:\/\/ajishop.ma\/ar\/wp-json\/wp\/v2\/product\/17766\/revisions\/17767"}],"wp:featuredmedia":[{"embeddable":true,"href":"https:\/\/ajishop.ma\/ar\/wp-json\/wp\/v2\/media\/17777"}],"wp:attachment":[{"href":"https:\/\/ajishop.ma\/ar\/wp-json\/wp\/v2\/media?parent=17766"}],"wp:term":[{"taxonomy":"product_cat","embeddable":true,"href":"https:\/\/ajishop.ma\/ar\/wp-json\/wp\/v2\/product_cat?post=17766"},{"taxonomy":"product_tag","embeddable":true,"href":"https:\/\/ajishop.ma\/ar\/wp-json\/wp\/v2\/product_tag?post=17766"}],"curies":[{"name":"wp","href":"https:\/\/api.w.org\/{rel}","templated":true}]}}