{"id":17768,"date":"2024-11-15T07:57:50","date_gmt":"2024-11-15T06:57:50","guid":{"rendered":"https:\/\/ajishop.ma\/?post_type=product&#038;p=17768"},"modified":"2024-11-20T01:08:23","modified_gmt":"2024-11-20T00:08:23","slug":"henne-cheveux-bio","status":"publish","type":"product","link":"https:\/\/ajishop.ma\/ar\/shop\/produits-de-beaute\/soins-des-mains-des-pieds-et-du-corps\/henne-cheveux-bio\/","title":{"rendered":"Henn\u00e9 cheveux bio &#8211; \u062d\u0646\u0627\u0621 \u0644\u0644\u0634\u0639\u0631"},"content":{"rendered":"<p>Ce henn\u00e9 cheveux est 100% naturel, cultiv\u00e9 et moulu de mani\u00e8re traditionnelle, ne contient pas de produits chimiques et peut \u00eatre utilis\u00e9 pour le soin et la teinture des cheveux et les tatouages \u200b\u200btemporaires sur le corps.<\/p>\n<p>La poudre est fine, vert clair, facile \u00e0 appliquer et \u00e0 rincer.<\/p>\n<h2 style=\"font-size: 18px\">Bienfaits du henn\u00e9 cheveux naturel<\/h2>\n<ul>\n<li><strong>colorant :<\/strong>\u00a0la poudre de henn\u00e9 donne une couleur orang\u00e9e<\/li>\n<li>Pendant 2 heures, selon la base, il a tendance au rouge fonc\u00e9 \/ acajou<\/li>\n<li>Aide \u00e0 renforcer les racines<\/li>\n<li>Rend brillants<\/li>\n<li>Apaise et nettoie le cuir chevelu<\/li>\n<\/ul>\n<h2 style=\"font-size: 18px\"><strong>Conseils d&#8217;utilisation\u00a0<\/strong><\/h2>\n<h3 style=\"font-size: 16px\"><strong>Pour colorer les cheveux<\/strong><\/h3>\n<ol>\n<li>Nous lavons d&#8217;abord nos cheveux avec un shampooing pr\u00e9-couleur et un shampooing Avatara<\/li>\n<li>Nous nous sommes \u00e9quip\u00e9s de gants pour prot\u00e9ger vos mains et de mettre un chapeau pour garder la pr\u00e9paration au chaud<\/li>\n<li>utilisez des\u00a0 ustensiles adapt\u00e9s (pas de m\u00e9tal)<\/li>\n<li>Chauffez l&#8217;eau jusqu&#8217;\u00e0 \u00e9bullition<\/li>\n<li>Verser et m\u00e9langer avec de la poudre de henn\u00e9 jusqu&#8217;\u00e0 obtenir une p\u00e2te lisse<\/li>\n<li>Il est pr\u00e9f\u00e9rable de teindre les cheveux mouill\u00e9s<\/li>\n<li>Plus le temps d&#8217;exposition est long, plus la couleur sera fonc\u00e9e et fonc\u00e9e<\/li>\n<li>Ensuite, utilisez le masque ou le revitalisant habituel pour adoucir les cheveux et retirer la derni\u00e8re goutte de henn\u00e9.<\/li>\n<\/ol>\n<p>Pour obtenir un beau marron &#8211; rouge ,vous pouvez ajouter\u00a0<a title=\"amla\" href=\"https:\/\/www.goji.ma\/products\/poudre-damla\" target=\"_blank\" rel=\"noopener\">Amla<\/a>,\u00a0<a title=\"henne katam\" href=\"https:\/\/www.goji.ma\/products\/henne-katam\" target=\"_blank\" rel=\"noopener\">Katam\u00a0<\/a>et<a title=\"brou de noix\" href=\"https:\/\/www.goji.ma\/products\/brou-de-noix\" target=\"_blank\" rel=\"noopener\">\u00a0Brou de noix<\/a>.<\/p>","protected":false},"excerpt":{"rendered":"<p>Ce henn\u00e9 cheveux est 100% naturel, cultiv\u00e9 et moulu de mani\u00e8re traditionnelle, ne contient pas de produits chimiques et peut<\/p>","protected":false},"featured_media":17981,"comment_status":"open","ping_status":"closed","template":"","meta":[],"product_cat":[32,75,42,80,83],"product_tag":[],"yoast_head":"<!-- This site is optimized with the Yoast SEO plugin v23.4 - https:\/\/yoast.com\/wordpress\/plugins\/seo\/ -->\n<title>Henn\u00e9 cheveux bio - \u062d\u0646\u0627\u0621 \u0644\u0644\u0634\u0639\u0631 - AjiShop.ma<\/title>\n<meta name=\"robots\" content=\"index, follow, max-snippet:-1, max-image-preview:large, max-video-preview:-1\" \/>\n<link rel=\"canonical\" href=\"https:\/\/ajishop.ma\/ar\/shop\/produits-de-beaute\/soins-des-mains-des-pieds-et-du-corps\/henne-cheveux-bio\/\" \/>\n<meta property=\"og:locale\" content=\"ar_AR\" \/>\n<meta property=\"og:type\" content=\"article\" \/>\n<meta property=\"og:title\" content=\"Henn\u00e9 cheveux bio - \u062d\u0646\u0627\u0621 \u0644\u0644\u0634\u0639\u0631 - AjiShop.ma\" \/>\n<meta property=\"og:description\" content=\"Ce henn\u00e9 cheveux est 100% naturel, cultiv\u00e9 et moulu de mani\u00e8re traditionnelle, ne contient pas de produits chimiques et peut\" \/>\n<meta property=\"og:url\" content=\"https:\/\/ajishop.ma\/ar\/shop\/produits-de-beaute\/soins-des-mains-des-pieds-et-du-corps\/henne-cheveux-bio\/\" \/>\n<meta property=\"og:site_name\" content=\"AjiShop.ma\" \/>\n<meta property=\"article:modified_time\" content=\"2024-11-20T00:08:23+00:00\" \/>\n<meta property=\"og:image\" content=\"https:\/\/ajishop.ma\/wp-content\/uploads\/2024\/11\/35931-0w600h600_Coffret_Chocolats_Fins_Gahennenanche_Noir_Valrhona-1.webp\" \/>\n\t<meta property=\"og:image:width\" content=\"600\" \/>\n\t<meta property=\"og:image:height\" content=\"600\" \/>\n\t<meta property=\"og:image:type\" content=\"image\/webp\" \/>\n<meta name=\"twitter:card\" content=\"summary_large_image\" \/>\n<meta name=\"twitter:label1\" content=\"\u0648\u0642\u062a \u0627\u0644\u0642\u0631\u0627\u0621\u0629 \u0627\u0644\u0645\u064f\u0642\u062f\u0651\u0631\" \/>\n\t<meta name=\"twitter:data1\" content=\"\u062f\u0642\u064a\u0642\u062a\u0627\u0646\" \/>\n<script type=\"application\/ld+json\" class=\"yoast-schema-graph\">{\"@context\":\"https:\/\/schema.org\",\"@graph\":[{\"@type\":\"WebPage\",\"@id\":\"https:\/\/ajishop.ma\/shop\/produits-de-beaute\/soins-des-mains-des-pieds-et-du-corps\/henne-cheveux-bio\/\",\"url\":\"https:\/\/ajishop.ma\/shop\/produits-de-beaute\/soins-des-mains-des-pieds-et-du-corps\/henne-cheveux-bio\/\",\"name\":\"Henn\u00e9 cheveux bio - \u062d\u0646\u0627\u0621 \u0644\u0644\u0634\u0639\u0631 - AjiShop.ma\",\"isPartOf\":{\"@id\":\"https:\/\/ajishop.ma\/#website\"},\"primaryImageOfPage\":{\"@id\":\"https:\/\/ajishop.ma\/shop\/produits-de-beaute\/soins-des-mains-des-pieds-et-du-corps\/henne-cheveux-bio\/#primaryimage\"},\"image\":{\"@id\":\"https:\/\/ajishop.ma\/shop\/produits-de-beaute\/soins-des-mains-des-pieds-et-du-corps\/henne-cheveux-bio\/#primaryimage\"},\"thumbnailUrl\":\"https:\/\/ajishop.ma\/wp-content\/uploads\/2024\/11\/35931-0w600h600_Coffret_Chocolats_Fins_Gahennenanche_Noir_Valrhona-1.webp\",\"datePublished\":\"2024-11-15T06:57:50+00:00\",\"dateModified\":\"2024-11-20T00:08:23+00:00\",\"breadcrumb\":{\"@id\":\"https:\/\/ajishop.ma\/shop\/produits-de-beaute\/soins-des-mains-des-pieds-et-du-corps\/henne-cheveux-bio\/#breadcrumb\"},\"inLanguage\":\"ar\",\"potentialAction\":[{\"@type\":\"ReadAction\",\"target\":[\"https:\/\/ajishop.ma\/shop\/produits-de-beaute\/soins-des-mains-des-pieds-et-du-corps\/henne-cheveux-bio\/\"]}]},{\"@type\":\"ImageObject\",\"inLanguage\":\"ar\",\"@id\":\"https:\/\/ajishop.ma\/shop\/produits-de-beaute\/soins-des-mains-des-pieds-et-du-corps\/henne-cheveux-bio\/#primaryimage\",\"url\":\"https:\/\/ajishop.ma\/wp-content\/uploads\/2024\/11\/35931-0w600h600_Coffret_Chocolats_Fins_Gahennenanche_Noir_Valrhona-1.webp\",\"contentUrl\":\"https:\/\/ajishop.ma\/wp-content\/uploads\/2024\/11\/35931-0w600h600_Coffret_Chocolats_Fins_Gahennenanche_Noir_Valrhona-1.webp\",\"width\":600,\"height\":600},{\"@type\":\"BreadcrumbList\",\"@id\":\"https:\/\/ajishop.ma\/shop\/produits-de-beaute\/soins-des-mains-des-pieds-et-du-corps\/henne-cheveux-bio\/#breadcrumb\",\"itemListElement\":[{\"@type\":\"ListItem\",\"position\":1,\"name\":\"Accueil\",\"item\":\"https:\/\/ajishop.ma\/\"},{\"@type\":\"ListItem\",\"position\":2,\"name\":\"Magasin\",\"item\":\"https:\/\/ajishop.ma\/shop\/\"},{\"@type\":\"ListItem\",\"position\":3,\"name\":\"Henn\u00e9 cheveux bio &#8211; \u062d\u0646\u0627\u0621 \u0644\u0644\u0634\u0639\u0631\"}]},{\"@type\":\"WebSite\",\"@id\":\"https:\/\/ajishop.ma\/#website\",\"url\":\"https:\/\/ajishop.ma\/\",\"name\":\"AjiShop.ma\",\"description\":\"Produits 100% naturels, Pour votre bien \u00eatre...\",\"publisher\":{\"@id\":\"https:\/\/ajishop.ma\/#organization\"},\"potentialAction\":[{\"@type\":\"SearchAction\",\"target\":{\"@type\":\"EntryPoint\",\"urlTemplate\":\"https:\/\/ajishop.ma\/?s={search_term_string}\"},\"query-input\":{\"@type\":\"PropertyValueSpecification\",\"valueRequired\":true,\"valueName\":\"search_term_string\"}}],\"inLanguage\":\"ar\"},{\"@type\":\"Organization\",\"@id\":\"https:\/\/ajishop.ma\/#organization\",\"name\":\"AjiShop.ma\",\"url\":\"https:\/\/ajishop.ma\/\",\"logo\":{\"@type\":\"ImageObject\",\"inLanguage\":\"ar\",\"@id\":\"https:\/\/ajishop.ma\/#\/schema\/logo\/image\/\",\"url\":\"https:\/\/ajishop.ma\/wp-content\/uploads\/2024\/09\/AjiShop.ma-Horizontal-Logo-Green.png\",\"contentUrl\":\"https:\/\/ajishop.ma\/wp-content\/uploads\/2024\/09\/AjiShop.ma-Horizontal-Logo-Green.png\",\"width\":1917,\"height\":276,\"caption\":\"AjiShop.ma\"},\"image\":{\"@id\":\"https:\/\/ajishop.ma\/#\/schema\/logo\/image\/\"}}]}<\/script>\n<!-- \/ Yoast SEO plugin. -->","yoast_head_json":{"title":"Henn\u00e9 cheveux bio - \u062d\u0646\u0627\u0621 \u0644\u0644\u0634\u0639\u0631 - AjiShop.ma","robots":{"index":"index","follow":"follow","max-snippet":"max-snippet:-1","max-image-preview":"max-image-preview:large","max-video-preview":"max-video-preview:-1"},"canonical":"https:\/\/ajishop.ma\/ar\/shop\/produits-de-beaute\/soins-des-mains-des-pieds-et-du-corps\/henne-cheveux-bio\/","og_locale":"ar_AR","og_type":"article","og_title":"Henn\u00e9 cheveux bio - \u062d\u0646\u0627\u0621 \u0644\u0644\u0634\u0639\u0631 - AjiShop.ma","og_description":"Ce henn\u00e9 cheveux est 100% naturel, cultiv\u00e9 et moulu de mani\u00e8re traditionnelle, ne contient pas de produits chimiques et peut","og_url":"https:\/\/ajishop.ma\/ar\/shop\/produits-de-beaute\/soins-des-mains-des-pieds-et-du-corps\/henne-cheveux-bio\/","og_site_name":"AjiShop.ma","article_modified_time":"2024-11-20T00:08:23+00:00","og_image":[{"width":600,"height":600,"url":"https:\/\/ajishop.ma\/wp-content\/uploads\/2024\/11\/35931-0w600h600_Coffret_Chocolats_Fins_Gahennenanche_Noir_Valrhona-1.webp","type":"image\/webp"}],"twitter_card":"summary_large_image","twitter_misc":{"\u0648\u0642\u062a \u0627\u0644\u0642\u0631\u0627\u0621\u0629 \u0627\u0644\u0645\u064f\u0642\u062f\u0651\u0631":"\u062f\u0642\u064a\u0642\u062a\u0627\u0646"},"schema":{"@context":"https:\/\/schema.org","@graph":[{"@type":"WebPage","@id":"https:\/\/ajishop.ma\/shop\/produits-de-beaute\/soins-des-mains-des-pieds-et-du-corps\/henne-cheveux-bio\/","url":"https:\/\/ajishop.ma\/shop\/produits-de-beaute\/soins-des-mains-des-pieds-et-du-corps\/henne-cheveux-bio\/","name":"Henn\u00e9 cheveux bio - \u062d\u0646\u0627\u0621 \u0644\u0644\u0634\u0639\u0631 - AjiShop.ma","isPartOf":{"@id":"https:\/\/ajishop.ma\/#website"},"primaryImageOfPage":{"@id":"https:\/\/ajishop.ma\/shop\/produits-de-beaute\/soins-des-mains-des-pieds-et-du-corps\/henne-cheveux-bio\/#primaryimage"},"image":{"@id":"https:\/\/ajishop.ma\/shop\/produits-de-beaute\/soins-des-mains-des-pieds-et-du-corps\/henne-cheveux-bio\/#primaryimage"},"thumbnailUrl":"https:\/\/ajishop.ma\/wp-content\/uploads\/2024\/11\/35931-0w600h600_Coffret_Chocolats_Fins_Gahennenanche_Noir_Valrhona-1.webp","datePublished":"2024-11-15T06:57:50+00:00","dateModified":"2024-11-20T00:08:23+00:00","breadcrumb":{"@id":"https:\/\/ajishop.ma\/shop\/produits-de-beaute\/soins-des-mains-des-pieds-et-du-corps\/henne-cheveux-bio\/#breadcrumb"},"inLanguage":"ar","potentialAction":[{"@type":"ReadAction","target":["https:\/\/ajishop.ma\/shop\/produits-de-beaute\/soins-des-mains-des-pieds-et-du-corps\/henne-cheveux-bio\/"]}]},{"@type":"ImageObject","inLanguage":"ar","@id":"https:\/\/ajishop.ma\/shop\/produits-de-beaute\/soins-des-mains-des-pieds-et-du-corps\/henne-cheveux-bio\/#primaryimage","url":"https:\/\/ajishop.ma\/wp-content\/uploads\/2024\/11\/35931-0w600h600_Coffret_Chocolats_Fins_Gahennenanche_Noir_Valrhona-1.webp","contentUrl":"https:\/\/ajishop.ma\/wp-content\/uploads\/2024\/11\/35931-0w600h600_Coffret_Chocolats_Fins_Gahennenanche_Noir_Valrhona-1.webp","width":600,"height":600},{"@type":"BreadcrumbList","@id":"https:\/\/ajishop.ma\/shop\/produits-de-beaute\/soins-des-mains-des-pieds-et-du-corps\/henne-cheveux-bio\/#breadcrumb","itemListElement":[{"@type":"ListItem","position":1,"name":"Accueil","item":"https:\/\/ajishop.ma\/"},{"@type":"ListItem","position":2,"name":"Magasin","item":"https:\/\/ajishop.ma\/shop\/"},{"@type":"ListItem","position":3,"name":"Henn\u00e9 cheveux bio &#8211; \u062d\u0646\u0627\u0621 \u0644\u0644\u0634\u0639\u0631"}]},{"@type":"WebSite","@id":"https:\/\/ajishop.ma\/#website","url":"https:\/\/ajishop.ma\/","name":"AjiShop.ma","description":"Produits 100% naturels, Pour votre bien \u00eatre...","publisher":{"@id":"https:\/\/ajishop.ma\/#organization"},"potentialAction":[{"@type":"SearchAction","target":{"@type":"EntryPoint","urlTemplate":"https:\/\/ajishop.ma\/?s={search_term_string}"},"query-input":{"@type":"PropertyValueSpecification","valueRequired":true,"valueName":"search_term_string"}}],"inLanguage":"ar"},{"@type":"Organization","@id":"https:\/\/ajishop.ma\/#organization","name":"AjiShop.ma","url":"https:\/\/ajishop.ma\/","logo":{"@type":"ImageObject","inLanguage":"ar","@id":"https:\/\/ajishop.ma\/#\/schema\/logo\/image\/","url":"https:\/\/ajishop.ma\/wp-content\/uploads\/2024\/09\/AjiShop.ma-Horizontal-Logo-Green.png","contentUrl":"https:\/\/ajishop.ma\/wp-content\/uploads\/2024\/09\/AjiShop.ma-Horizontal-Logo-Green.png","width":1917,"height":276,"caption":"AjiShop.ma"},"image":{"@id":"https:\/\/ajishop.ma\/#\/schema\/logo\/image\/"}}]}},"_links":{"self":[{"href":"https:\/\/ajishop.ma\/ar\/wp-json\/wp\/v2\/product\/17768"}],"collection":[{"href":"https:\/\/ajishop.ma\/ar\/wp-json\/wp\/v2\/product"}],"about":[{"href":"https:\/\/ajishop.ma\/ar\/wp-json\/wp\/v2\/types\/product"}],"replies":[{"embeddable":true,"href":"https:\/\/ajishop.ma\/ar\/wp-json\/wp\/v2\/comments?post=17768"}],"version-history":[{"count":1,"href":"https:\/\/ajishop.ma\/ar\/wp-json\/wp\/v2\/product\/17768\/revisions"}],"predecessor-version":[{"id":17769,"href":"https:\/\/ajishop.ma\/ar\/wp-json\/wp\/v2\/product\/17768\/revisions\/17769"}],"wp:featuredmedia":[{"embeddable":true,"href":"https:\/\/ajishop.ma\/ar\/wp-json\/wp\/v2\/media\/17981"}],"wp:attachment":[{"href":"https:\/\/ajishop.ma\/ar\/wp-json\/wp\/v2\/media?parent=17768"}],"wp:term":[{"taxonomy":"product_cat","embeddable":true,"href":"https:\/\/ajishop.ma\/ar\/wp-json\/wp\/v2\/product_cat?post=17768"},{"taxonomy":"product_tag","embeddable":true,"href":"https:\/\/ajishop.ma\/ar\/wp-json\/wp\/v2\/product_tag?post=17768"}],"curies":[{"name":"wp","href":"https:\/\/api.w.org\/{rel}","templated":true}]}}