{"id":17770,"date":"2024-11-15T07:59:48","date_gmt":"2024-11-15T06:59:48","guid":{"rendered":"https:\/\/ajishop.ma\/?post_type=product&#038;p=17770"},"modified":"2024-11-20T00:55:14","modified_gmt":"2024-11-19T23:55:14","slug":"ecorce-de-grenade-sechee-kchor-raman","status":"publish","type":"product","link":"https:\/\/ajishop.ma\/ar\/shop\/herbes-et-apothicaire\/herbes\/ecorce-de-grenade-sechee-kchor-raman\/","title":{"rendered":"\u00c9corce de grenade s\u00e9ch\u00e9e &#8211; \u0642\u0634\u0648\u0631 \u0627\u0644\u0631\u0645\u0627\u0646"},"content":{"rendered":"<h4>\u00c9corce de grenade s\u00e9ch\u00e9e &#8211; \u0642\u0634\u0648\u0631 \u0627\u0644\u0631\u0645\u0627\u0646<\/h4>\n<div><\/div>\n<div><strong>Ses bienfaits\u00a0:<\/strong><br \/>\nDans la m\u00e9decine ancienne la grenade est utilis\u00e9e depuis tr\u00e8s longtemps pour ses nombreux bienfaits.<\/div>\n<div>&#8211; La grenade renforce l&#8217;estomac.<\/div>\n<div>&#8211; Elle est efficace contre les maux de la gorge, de la poitrine et des poumons.<br \/>\n&#8211; Elle Facilite la digestion.<br \/>\n&#8211; Tr\u00e8s b\u00e9n\u00e9fique contre les brulures d&#8217;estomac, les douleurs musculaires, les douleurs passag\u00e8res du c\u0153ur\u00a0et du foi.<\/div>\n<div>\n<div><strong>Modes d&#8217;utilisation\u00a0:<\/strong><\/div>\n<div>* B\u00e9n\u00e9fique pour les yeux :Filtrez l&#8217;eau sans la peau de grenade et\u00a0 ajoutez du miel jusqu&#8217;\u00e0 ce qu&#8217;il devienne l\u00e9ger. Utilisez-le comme khol pour les yeux, \u00e7a enl\u00e8ve la jaunisse des yeux et il les nettoie de l&#8217;humidit\u00e9.* Efficace pour soigner les blessures graves :<br \/>\nLa grenade est utilis\u00e9e comme cr\u00e8me avec le miel dans ce cas l\u00e0.* Excellent laxatif, et nettoyant des tubes respiratoires, de la poitrine et purifie le sang :<br \/>\nBuvez son jus avec l&#8217;eau et de sucre, ou l&#8217;eau et du miel.* Facilite la digestion :<br \/>\nMettre 50 a 60g de peau de grenade dans un litre d&#8217;eau, puis chauffer pendant 15 minutes sur le feu. Buvez un verre chaque matin (vous pouvez ajouter du miel pour un meilleur\u00a0r\u00e9sultat).<\/p>\n<\/div>\n<div><\/div>\n<p>Contre-indication\u00a0:<\/p>\n<p>Il est contre indiqu\u00e9 pour les personnes ayant de la fi\u00e8vre.<\/p>\n<div><\/div>\n<p>AVERTISSEMENT* :\u00a0Ces propri\u00e9t\u00e9s, indications et modes d&#8217;utilisation sont tir\u00e9s des ouvrages ou sites Internet de r\u00e9f\u00e9rence en aromath\u00e9rapie. On les y retrouve de fa\u00e7on r\u00e9guli\u00e8re et pour beaucoup confirm\u00e9es par des observations en milieu scientifique. Ces informations sont donn\u00e9es \u00e0 titre informatif, elles ne sauraient en aucun cas constituer une information m\u00e9dicale, ni engager notre responsabilit\u00e9. Pour tout usage des huiles essentielles dans un but th\u00e9rapeutique, consultez un m\u00e9decin<\/p>\n<\/div>","protected":false},"excerpt":{"rendered":"<p>\u00c9corce de grenade s\u00e9ch\u00e9e &#8211; \u0642\u0634\u0648\u0631 \u0627\u0644\u0631\u0645\u0627\u0646 Ses bienfaits\u00a0: Dans la m\u00e9decine ancienne la grenade est utilis\u00e9e depuis tr\u00e8s longtemps<\/p>","protected":false},"featured_media":17771,"comment_status":"open","ping_status":"closed","template":"","meta":[],"product_cat":[32,75],"product_tag":[],"yoast_head":"<!-- This site is optimized with the Yoast SEO plugin v23.4 - https:\/\/yoast.com\/wordpress\/plugins\/seo\/ -->\n<title>\u00c9corce de grenade s\u00e9ch\u00e9e - \u0642\u0634\u0648\u0631 \u0627\u0644\u0631\u0645\u0627\u0646 - AjiShop.ma<\/title>\n<meta name=\"robots\" content=\"index, follow, max-snippet:-1, max-image-preview:large, max-video-preview:-1\" \/>\n<link rel=\"canonical\" href=\"https:\/\/ajishop.ma\/ar\/shop\/herbes-et-apothicaire\/herbes\/ecorce-de-grenade-sechee-kchor-raman\/\" \/>\n<meta property=\"og:locale\" content=\"ar_AR\" \/>\n<meta property=\"og:type\" content=\"article\" \/>\n<meta property=\"og:title\" content=\"\u00c9corce de grenade s\u00e9ch\u00e9e - \u0642\u0634\u0648\u0631 \u0627\u0644\u0631\u0645\u0627\u0646 - AjiShop.ma\" \/>\n<meta property=\"og:description\" content=\"\u00c9corce de grenade s\u00e9ch\u00e9e &#8211; \u0642\u0634\u0648\u0631 \u0627\u0644\u0631\u0645\u0627\u0646 Ses bienfaits\u00a0: Dans la m\u00e9decine ancienne la grenade est utilis\u00e9e depuis tr\u00e8s longtemps\" \/>\n<meta property=\"og:url\" content=\"https:\/\/ajishop.ma\/ar\/shop\/herbes-et-apothicaire\/herbes\/ecorce-de-grenade-sechee-kchor-raman\/\" \/>\n<meta property=\"og:site_name\" content=\"AjiShop.ma\" \/>\n<meta property=\"article:modified_time\" content=\"2024-11-19T23:55:14+00:00\" \/>\n<meta property=\"og:image\" content=\"https:\/\/ajishop.ma\/wp-content\/uploads\/2024\/11\/d2a0cd2da89493ddc72f8f7ab5f1b9e9.webp\" \/>\n\t<meta property=\"og:image:width\" content=\"600\" \/>\n\t<meta property=\"og:image:height\" content=\"600\" \/>\n\t<meta property=\"og:image:type\" content=\"image\/webp\" \/>\n<meta name=\"twitter:card\" content=\"summary_large_image\" \/>\n<meta name=\"twitter:label1\" content=\"\u0648\u0642\u062a \u0627\u0644\u0642\u0631\u0627\u0621\u0629 \u0627\u0644\u0645\u064f\u0642\u062f\u0651\u0631\" \/>\n\t<meta name=\"twitter:data1\" content=\"\u062f\u0642\u064a\u0642\u062a\u0627\u0646\" \/>\n<script type=\"application\/ld+json\" class=\"yoast-schema-graph\">{\"@context\":\"https:\/\/schema.org\",\"@graph\":[{\"@type\":\"WebPage\",\"@id\":\"https:\/\/ajishop.ma\/shop\/herbes-et-apothicaire\/herbes\/ecorce-de-grenade-sechee-kchor-raman\/\",\"url\":\"https:\/\/ajishop.ma\/shop\/herbes-et-apothicaire\/herbes\/ecorce-de-grenade-sechee-kchor-raman\/\",\"name\":\"\u00c9corce de grenade s\u00e9ch\u00e9e - \u0642\u0634\u0648\u0631 \u0627\u0644\u0631\u0645\u0627\u0646 - AjiShop.ma\",\"isPartOf\":{\"@id\":\"https:\/\/ajishop.ma\/#website\"},\"primaryImageOfPage\":{\"@id\":\"https:\/\/ajishop.ma\/shop\/herbes-et-apothicaire\/herbes\/ecorce-de-grenade-sechee-kchor-raman\/#primaryimage\"},\"image\":{\"@id\":\"https:\/\/ajishop.ma\/shop\/herbes-et-apothicaire\/herbes\/ecorce-de-grenade-sechee-kchor-raman\/#primaryimage\"},\"thumbnailUrl\":\"https:\/\/ajishop.ma\/wp-content\/uploads\/2024\/11\/d2a0cd2da89493ddc72f8f7ab5f1b9e9.webp\",\"datePublished\":\"2024-11-15T06:59:48+00:00\",\"dateModified\":\"2024-11-19T23:55:14+00:00\",\"breadcrumb\":{\"@id\":\"https:\/\/ajishop.ma\/shop\/herbes-et-apothicaire\/herbes\/ecorce-de-grenade-sechee-kchor-raman\/#breadcrumb\"},\"inLanguage\":\"ar\",\"potentialAction\":[{\"@type\":\"ReadAction\",\"target\":[\"https:\/\/ajishop.ma\/shop\/herbes-et-apothicaire\/herbes\/ecorce-de-grenade-sechee-kchor-raman\/\"]}]},{\"@type\":\"ImageObject\",\"inLanguage\":\"ar\",\"@id\":\"https:\/\/ajishop.ma\/shop\/herbes-et-apothicaire\/herbes\/ecorce-de-grenade-sechee-kchor-raman\/#primaryimage\",\"url\":\"https:\/\/ajishop.ma\/wp-content\/uploads\/2024\/11\/d2a0cd2da89493ddc72f8f7ab5f1b9e9.webp\",\"contentUrl\":\"https:\/\/ajishop.ma\/wp-content\/uploads\/2024\/11\/d2a0cd2da89493ddc72f8f7ab5f1b9e9.webp\",\"width\":600,\"height\":600},{\"@type\":\"BreadcrumbList\",\"@id\":\"https:\/\/ajishop.ma\/shop\/herbes-et-apothicaire\/herbes\/ecorce-de-grenade-sechee-kchor-raman\/#breadcrumb\",\"itemListElement\":[{\"@type\":\"ListItem\",\"position\":1,\"name\":\"Accueil\",\"item\":\"https:\/\/ajishop.ma\/\"},{\"@type\":\"ListItem\",\"position\":2,\"name\":\"Magasin\",\"item\":\"https:\/\/ajishop.ma\/shop\/\"},{\"@type\":\"ListItem\",\"position\":3,\"name\":\"\u00c9corce de grenade s\u00e9ch\u00e9e &#8211; \u0642\u0634\u0648\u0631 \u0627\u0644\u0631\u0645\u0627\u0646\"}]},{\"@type\":\"WebSite\",\"@id\":\"https:\/\/ajishop.ma\/#website\",\"url\":\"https:\/\/ajishop.ma\/\",\"name\":\"AjiShop.ma\",\"description\":\"Produits 100% naturels, Pour votre bien \u00eatre...\",\"publisher\":{\"@id\":\"https:\/\/ajishop.ma\/#organization\"},\"potentialAction\":[{\"@type\":\"SearchAction\",\"target\":{\"@type\":\"EntryPoint\",\"urlTemplate\":\"https:\/\/ajishop.ma\/?s={search_term_string}\"},\"query-input\":{\"@type\":\"PropertyValueSpecification\",\"valueRequired\":true,\"valueName\":\"search_term_string\"}}],\"inLanguage\":\"ar\"},{\"@type\":\"Organization\",\"@id\":\"https:\/\/ajishop.ma\/#organization\",\"name\":\"AjiShop.ma\",\"url\":\"https:\/\/ajishop.ma\/\",\"logo\":{\"@type\":\"ImageObject\",\"inLanguage\":\"ar\",\"@id\":\"https:\/\/ajishop.ma\/#\/schema\/logo\/image\/\",\"url\":\"https:\/\/ajishop.ma\/wp-content\/uploads\/2024\/09\/AjiShop.ma-Horizontal-Logo-Green.png\",\"contentUrl\":\"https:\/\/ajishop.ma\/wp-content\/uploads\/2024\/09\/AjiShop.ma-Horizontal-Logo-Green.png\",\"width\":1917,\"height\":276,\"caption\":\"AjiShop.ma\"},\"image\":{\"@id\":\"https:\/\/ajishop.ma\/#\/schema\/logo\/image\/\"}}]}<\/script>\n<!-- \/ Yoast SEO plugin. -->","yoast_head_json":{"title":"\u00c9corce de grenade s\u00e9ch\u00e9e - \u0642\u0634\u0648\u0631 \u0627\u0644\u0631\u0645\u0627\u0646 - AjiShop.ma","robots":{"index":"index","follow":"follow","max-snippet":"max-snippet:-1","max-image-preview":"max-image-preview:large","max-video-preview":"max-video-preview:-1"},"canonical":"https:\/\/ajishop.ma\/ar\/shop\/herbes-et-apothicaire\/herbes\/ecorce-de-grenade-sechee-kchor-raman\/","og_locale":"ar_AR","og_type":"article","og_title":"\u00c9corce de grenade s\u00e9ch\u00e9e - \u0642\u0634\u0648\u0631 \u0627\u0644\u0631\u0645\u0627\u0646 - AjiShop.ma","og_description":"\u00c9corce de grenade s\u00e9ch\u00e9e &#8211; \u0642\u0634\u0648\u0631 \u0627\u0644\u0631\u0645\u0627\u0646 Ses bienfaits\u00a0: Dans la m\u00e9decine ancienne la grenade est utilis\u00e9e depuis tr\u00e8s longtemps","og_url":"https:\/\/ajishop.ma\/ar\/shop\/herbes-et-apothicaire\/herbes\/ecorce-de-grenade-sechee-kchor-raman\/","og_site_name":"AjiShop.ma","article_modified_time":"2024-11-19T23:55:14+00:00","og_image":[{"width":600,"height":600,"url":"https:\/\/ajishop.ma\/wp-content\/uploads\/2024\/11\/d2a0cd2da89493ddc72f8f7ab5f1b9e9.webp","type":"image\/webp"}],"twitter_card":"summary_large_image","twitter_misc":{"\u0648\u0642\u062a \u0627\u0644\u0642\u0631\u0627\u0621\u0629 \u0627\u0644\u0645\u064f\u0642\u062f\u0651\u0631":"\u062f\u0642\u064a\u0642\u062a\u0627\u0646"},"schema":{"@context":"https:\/\/schema.org","@graph":[{"@type":"WebPage","@id":"https:\/\/ajishop.ma\/shop\/herbes-et-apothicaire\/herbes\/ecorce-de-grenade-sechee-kchor-raman\/","url":"https:\/\/ajishop.ma\/shop\/herbes-et-apothicaire\/herbes\/ecorce-de-grenade-sechee-kchor-raman\/","name":"\u00c9corce de grenade s\u00e9ch\u00e9e - \u0642\u0634\u0648\u0631 \u0627\u0644\u0631\u0645\u0627\u0646 - AjiShop.ma","isPartOf":{"@id":"https:\/\/ajishop.ma\/#website"},"primaryImageOfPage":{"@id":"https:\/\/ajishop.ma\/shop\/herbes-et-apothicaire\/herbes\/ecorce-de-grenade-sechee-kchor-raman\/#primaryimage"},"image":{"@id":"https:\/\/ajishop.ma\/shop\/herbes-et-apothicaire\/herbes\/ecorce-de-grenade-sechee-kchor-raman\/#primaryimage"},"thumbnailUrl":"https:\/\/ajishop.ma\/wp-content\/uploads\/2024\/11\/d2a0cd2da89493ddc72f8f7ab5f1b9e9.webp","datePublished":"2024-11-15T06:59:48+00:00","dateModified":"2024-11-19T23:55:14+00:00","breadcrumb":{"@id":"https:\/\/ajishop.ma\/shop\/herbes-et-apothicaire\/herbes\/ecorce-de-grenade-sechee-kchor-raman\/#breadcrumb"},"inLanguage":"ar","potentialAction":[{"@type":"ReadAction","target":["https:\/\/ajishop.ma\/shop\/herbes-et-apothicaire\/herbes\/ecorce-de-grenade-sechee-kchor-raman\/"]}]},{"@type":"ImageObject","inLanguage":"ar","@id":"https:\/\/ajishop.ma\/shop\/herbes-et-apothicaire\/herbes\/ecorce-de-grenade-sechee-kchor-raman\/#primaryimage","url":"https:\/\/ajishop.ma\/wp-content\/uploads\/2024\/11\/d2a0cd2da89493ddc72f8f7ab5f1b9e9.webp","contentUrl":"https:\/\/ajishop.ma\/wp-content\/uploads\/2024\/11\/d2a0cd2da89493ddc72f8f7ab5f1b9e9.webp","width":600,"height":600},{"@type":"BreadcrumbList","@id":"https:\/\/ajishop.ma\/shop\/herbes-et-apothicaire\/herbes\/ecorce-de-grenade-sechee-kchor-raman\/#breadcrumb","itemListElement":[{"@type":"ListItem","position":1,"name":"Accueil","item":"https:\/\/ajishop.ma\/"},{"@type":"ListItem","position":2,"name":"Magasin","item":"https:\/\/ajishop.ma\/shop\/"},{"@type":"ListItem","position":3,"name":"\u00c9corce de grenade s\u00e9ch\u00e9e &#8211; \u0642\u0634\u0648\u0631 \u0627\u0644\u0631\u0645\u0627\u0646"}]},{"@type":"WebSite","@id":"https:\/\/ajishop.ma\/#website","url":"https:\/\/ajishop.ma\/","name":"AjiShop.ma","description":"Produits 100% naturels, Pour votre bien \u00eatre...","publisher":{"@id":"https:\/\/ajishop.ma\/#organization"},"potentialAction":[{"@type":"SearchAction","target":{"@type":"EntryPoint","urlTemplate":"https:\/\/ajishop.ma\/?s={search_term_string}"},"query-input":{"@type":"PropertyValueSpecification","valueRequired":true,"valueName":"search_term_string"}}],"inLanguage":"ar"},{"@type":"Organization","@id":"https:\/\/ajishop.ma\/#organization","name":"AjiShop.ma","url":"https:\/\/ajishop.ma\/","logo":{"@type":"ImageObject","inLanguage":"ar","@id":"https:\/\/ajishop.ma\/#\/schema\/logo\/image\/","url":"https:\/\/ajishop.ma\/wp-content\/uploads\/2024\/09\/AjiShop.ma-Horizontal-Logo-Green.png","contentUrl":"https:\/\/ajishop.ma\/wp-content\/uploads\/2024\/09\/AjiShop.ma-Horizontal-Logo-Green.png","width":1917,"height":276,"caption":"AjiShop.ma"},"image":{"@id":"https:\/\/ajishop.ma\/#\/schema\/logo\/image\/"}}]}},"_links":{"self":[{"href":"https:\/\/ajishop.ma\/ar\/wp-json\/wp\/v2\/product\/17770"}],"collection":[{"href":"https:\/\/ajishop.ma\/ar\/wp-json\/wp\/v2\/product"}],"about":[{"href":"https:\/\/ajishop.ma\/ar\/wp-json\/wp\/v2\/types\/product"}],"replies":[{"embeddable":true,"href":"https:\/\/ajishop.ma\/ar\/wp-json\/wp\/v2\/comments?post=17770"}],"version-history":[{"count":4,"href":"https:\/\/ajishop.ma\/ar\/wp-json\/wp\/v2\/product\/17770\/revisions"}],"predecessor-version":[{"id":17972,"href":"https:\/\/ajishop.ma\/ar\/wp-json\/wp\/v2\/product\/17770\/revisions\/17972"}],"wp:featuredmedia":[{"embeddable":true,"href":"https:\/\/ajishop.ma\/ar\/wp-json\/wp\/v2\/media\/17771"}],"wp:attachment":[{"href":"https:\/\/ajishop.ma\/ar\/wp-json\/wp\/v2\/media?parent=17770"}],"wp:term":[{"taxonomy":"product_cat","embeddable":true,"href":"https:\/\/ajishop.ma\/ar\/wp-json\/wp\/v2\/product_cat?post=17770"},{"taxonomy":"product_tag","embeddable":true,"href":"https:\/\/ajishop.ma\/ar\/wp-json\/wp\/v2\/product_tag?post=17770"}],"curies":[{"name":"wp","href":"https:\/\/api.w.org\/{rel}","templated":true}]}}