{"id":17798,"date":"2024-11-15T21:58:41","date_gmt":"2024-11-15T20:58:41","guid":{"rendered":"https:\/\/ajishop.ma\/?post_type=product&#038;p=17798"},"modified":"2024-11-20T00:28:43","modified_gmt":"2024-11-19T23:28:43","slug":"atriplex-halimus-sechee","status":"publish","type":"product","link":"https:\/\/ajishop.ma\/ar\/shop\/herbes-et-apothicaire\/herbes\/atriplex-halimus-sechee\/","title":{"rendered":"Atriplex Halimus s\u00e9ch\u00e9e \/ \u0627\u0644\u0642\u0637\u0641 \u0627\u0644\u0645\u0627\u0644\u062d"},"content":{"rendered":"<div data-elementor-type=\"wp-post\" data-elementor-id=\"17798\" class=\"elementor elementor-17798\">\n\t\t\t\t<div class=\"wd-negative-gap elementor-element elementor-element-afd80b4 lang-fr e-flex e-con-boxed e-con e-parent\" data-id=\"afd80b4\" data-element_type=\"container\">\n\t\t\t\t\t<div class=\"e-con-inner\">\n\t\t\t\t<div class=\"elementor-element elementor-element-78ef5645 color-scheme-inherit text-left elementor-widget elementor-widget-text-editor\" data-id=\"78ef5645\" data-element_type=\"widget\" data-widget_type=\"text-editor.default\">\n\t\t\t\t<div class=\"elementor-widget-container\">\n\t\t\t\t\t\t\t<span>L&#8217;Atriplex Halimus, commun\u00e9ment appel\u00e9 Saltbush ou \u0639\u0634\u0628\u0629 \u0627\u0644\u0642\u0637\u0641, est une plante robuste du d\u00e9sert originaire du Maroc, appr\u00e9ci\u00e9e pour son adaptabilit\u00e9 et ses propri\u00e9t\u00e9s uniques. Cette plante pousse naturellement dans les r\u00e9gions arides du Maroc, o\u00f9 elle prosp\u00e8re dans les sols sal\u00e9s et secs, absorbant l&#8217;essence du paysage accident\u00e9.<\/span>\r\n\r\n<span>Notre Atriplex Halimus est soigneusement r\u00e9colt\u00e9 \u00e0 la main et s\u00e9ch\u00e9 pour pr\u00e9server son int\u00e9grit\u00e9 naturelle, offrant un ar\u00f4me terreux et une saveur profonde et rustique. Traditionnellement, cette herbe est appr\u00e9ci\u00e9e dans la culture et la cuisine marocaines, o\u00f9 son go\u00fbt l\u00e9g\u00e8rement amer et savoureux compl\u00e8te divers plats. L&#8217;Atriplex Halimus peut \u00eatre infus\u00e9 dans des infusions \u00e0 base de plantes, m\u00e9lang\u00e9 \u00e0 des cr\u00e9ations culinaires ou utilis\u00e9 comme \u00e9l\u00e9ment aromatique dans l&#8217;artisanat.<\/span>\r\n\r\n<span>Avec une histoire riche et des racines culturelles profondes, Atriplex Halimus apporte une exp\u00e9rience marocaine authentique dans votre cuisine. Parfait pour ceux qui recherchent des saveurs uniques et explorent le monde des herbes marocaines naturelles.<\/span>\t\t\t\t\t\t<\/div>\n\t\t\t\t<\/div>\n\t\t\t\t\t<\/div>\n\t\t\t\t<\/div>\n\t\t<div class=\"wd-negative-gap elementor-element elementor-element-1c76f9c e-flex e-con-boxed e-con e-parent\" data-id=\"1c76f9c\" data-element_type=\"container\">\n\t\t\t\t\t<div class=\"e-con-inner\">\n\t\t\t\t<div class=\"elementor-element elementor-element-db5159d lang-ar color-scheme-inherit text-left elementor-widget elementor-widget-text-editor\" data-id=\"db5159d\" data-element_type=\"widget\" data-widget_type=\"text-editor.default\">\n\t\t\t\t<div class=\"elementor-widget-container\">\n\t\t\t\t\t\t\t<p style=\"text-align: center\"><span style=\"font-size: 18pt\"><strong>\u0644\u0648\u0635\u0641:<\/strong><\/span><\/p><p style=\"text-align: center\"><span style=\"font-size: 18pt\"><strong>\u0639\u0634\u0628\u0629 \u0627\u0644\u0642\u0637\u0641 \u0627\u0644\u0645\u0627\u0644\u062d \u0647\u064a \u0639\u0634\u0628\u0629 \u0630\u0627\u062a \u0623\u0648\u0631\u0627\u0642 \u0641\u0636\u064a\u0629 \u0627\u0644\u0644\u0648\u0646\u060c \u0648\u062a\u062a\u0645\u064a\u0632 \u0628\u062f\u0631\u062c\u0629 \u0645\u0644\u0648\u062d\u0629 \u0639\u0627\u0644\u064a\u0629 \u0645\u0645\u0627 \u064a\u062c\u0639\u0644\u0647\u0627 \u0645\u0646\u0627\u0633\u0628\u0629 \u0644\u0644\u0623\u0634\u062e\u0627\u0635 \u0627\u0644\u0630\u064a\u0646 \u064a\u0639\u0627\u0646\u0648\u0646 \u0645\u0646 \u0627\u0646\u062e\u0641\u0627\u0636 \u0636\u063a\u0637 \u0627\u0644\u062f\u0645\u060c \u0643\u0645\u0627 \u062a\u0639\u0632\u0632 \u0635\u062d\u0629 \u0627\u0644\u0645\u0631\u0623\u0629 \u0628\u0634\u0643\u0644 \u0639\u0627\u0645 \u0648\u062a\u062d\u0633\u0646 \u0645\u0646 \u0641\u0631\u0635 \u0627\u0644\u062d\u0645\u0644 \u0646\u0638\u0631\u0627 \u0644\u0641\u0648\u0627\u0626\u062f\u0647\u0627 \u0627\u0644\u0639\u062f\u064a\u062f\u0629 \u0644\u0644\u0631\u062d\u0645\u060c \u062d\u064a\u062b \u062a\u0639\u0627\u0644\u062c \u0627\u0644\u0631\u062d\u0645 \u0627\u0644\u0645\u0639\u0627\u0644\u062c\u0629 \u0627\u0644\u062a\u064a \u062a\u0642\u0644\u0644 \u0645\u0646 \u0641\u0631\u0635 \u0627\u0644\u062d\u0645\u0644\u060c \u0648\u062a\u0639\u0632\u0632 \u0645\u0646 \u0641\u0631\u0635 \u063a\u0631\u0632 \u0627\u0644\u0623\u062c\u0646\u0629 \u0641\u064a \u0627\u0644\u0631\u062d\u0645<\/strong><\/span><\/p>\t\t\t\t\t\t<\/div>\n\t\t\t\t<\/div>\n\t\t\t\t\t<\/div>\n\t\t\t\t<\/div>\n\t\t\t\t<\/div>","protected":false},"excerpt":{"rendered":"<p>L&#8217;Atriplex Halimus, commun\u00e9ment appel\u00e9 Saltbush ou \u0639\u0634\u0628\u0629 \u0627\u0644\u0642\u0637\u0641, est une plante robuste du d\u00e9sert originaire du Maroc, appr\u00e9ci\u00e9e pour son<\/p>","protected":false},"featured_media":17799,"comment_status":"open","ping_status":"closed","template":"","meta":[],"product_cat":[32,75],"product_tag":[],"yoast_head":"<!-- This site is optimized with the Yoast SEO plugin v23.4 - https:\/\/yoast.com\/wordpress\/plugins\/seo\/ -->\n<title>Atriplex Halimus s\u00e9ch\u00e9e \/ \u0627\u0644\u0642\u0637\u0641 \u0627\u0644\u0645\u0627\u0644\u062d - AjiShop.ma<\/title>\n<meta name=\"robots\" content=\"index, follow, max-snippet:-1, max-image-preview:large, max-video-preview:-1\" \/>\n<link rel=\"canonical\" href=\"https:\/\/ajishop.ma\/ar\/shop\/herbes-et-apothicaire\/herbes\/atriplex-halimus-sechee\/\" \/>\n<meta property=\"og:locale\" content=\"ar_AR\" \/>\n<meta property=\"og:type\" content=\"article\" \/>\n<meta property=\"og:title\" content=\"Atriplex Halimus s\u00e9ch\u00e9e \/ \u0627\u0644\u0642\u0637\u0641 \u0627\u0644\u0645\u0627\u0644\u062d - AjiShop.ma\" \/>\n<meta property=\"og:description\" content=\"L&#8217;Atriplex Halimus, commun\u00e9ment appel\u00e9 Saltbush ou \u0639\u0634\u0628\u0629 \u0627\u0644\u0642\u0637\u0641, est une plante robuste du d\u00e9sert originaire du Maroc, appr\u00e9ci\u00e9e pour son\" \/>\n<meta property=\"og:url\" content=\"https:\/\/ajishop.ma\/ar\/shop\/herbes-et-apothicaire\/herbes\/atriplex-halimus-sechee\/\" \/>\n<meta property=\"og:site_name\" content=\"AjiShop.ma\" \/>\n<meta property=\"article:modified_time\" content=\"2024-11-19T23:28:43+00:00\" \/>\n<meta property=\"og:image\" content=\"https:\/\/ajishop.ma\/wp-content\/uploads\/2024\/11\/1689400081-Saltbush-970x949-1.jpg\" \/>\n\t<meta property=\"og:image:width\" content=\"970\" \/>\n\t<meta property=\"og:image:height\" content=\"949\" \/>\n\t<meta property=\"og:image:type\" content=\"image\/jpeg\" \/>\n<meta name=\"twitter:card\" content=\"summary_large_image\" \/>\n<meta name=\"twitter:label1\" content=\"\u0648\u0642\u062a \u0627\u0644\u0642\u0631\u0627\u0621\u0629 \u0627\u0644\u0645\u064f\u0642\u062f\u0651\u0631\" \/>\n\t<meta name=\"twitter:data1\" content=\"\u062f\u0642\u064a\u0642\u062a\u0627\u0646\" \/>\n<script type=\"application\/ld+json\" class=\"yoast-schema-graph\">{\"@context\":\"https:\/\/schema.org\",\"@graph\":[{\"@type\":\"WebPage\",\"@id\":\"https:\/\/ajishop.ma\/shop\/herbes-et-apothicaire\/herbes\/atriplex-halimus-sechee\/\",\"url\":\"https:\/\/ajishop.ma\/shop\/herbes-et-apothicaire\/herbes\/atriplex-halimus-sechee\/\",\"name\":\"Atriplex Halimus s\u00e9ch\u00e9e \/ \u0627\u0644\u0642\u0637\u0641 \u0627\u0644\u0645\u0627\u0644\u062d - AjiShop.ma\",\"isPartOf\":{\"@id\":\"https:\/\/ajishop.ma\/#website\"},\"primaryImageOfPage\":{\"@id\":\"https:\/\/ajishop.ma\/shop\/herbes-et-apothicaire\/herbes\/atriplex-halimus-sechee\/#primaryimage\"},\"image\":{\"@id\":\"https:\/\/ajishop.ma\/shop\/herbes-et-apothicaire\/herbes\/atriplex-halimus-sechee\/#primaryimage\"},\"thumbnailUrl\":\"https:\/\/ajishop.ma\/wp-content\/uploads\/2024\/11\/1689400081-Saltbush-970x949-1.jpg\",\"datePublished\":\"2024-11-15T20:58:41+00:00\",\"dateModified\":\"2024-11-19T23:28:43+00:00\",\"breadcrumb\":{\"@id\":\"https:\/\/ajishop.ma\/shop\/herbes-et-apothicaire\/herbes\/atriplex-halimus-sechee\/#breadcrumb\"},\"inLanguage\":\"ar\",\"potentialAction\":[{\"@type\":\"ReadAction\",\"target\":[\"https:\/\/ajishop.ma\/shop\/herbes-et-apothicaire\/herbes\/atriplex-halimus-sechee\/\"]}]},{\"@type\":\"ImageObject\",\"inLanguage\":\"ar\",\"@id\":\"https:\/\/ajishop.ma\/shop\/herbes-et-apothicaire\/herbes\/atriplex-halimus-sechee\/#primaryimage\",\"url\":\"https:\/\/ajishop.ma\/wp-content\/uploads\/2024\/11\/1689400081-Saltbush-970x949-1.jpg\",\"contentUrl\":\"https:\/\/ajishop.ma\/wp-content\/uploads\/2024\/11\/1689400081-Saltbush-970x949-1.jpg\",\"width\":970,\"height\":949},{\"@type\":\"BreadcrumbList\",\"@id\":\"https:\/\/ajishop.ma\/shop\/herbes-et-apothicaire\/herbes\/atriplex-halimus-sechee\/#breadcrumb\",\"itemListElement\":[{\"@type\":\"ListItem\",\"position\":1,\"name\":\"Accueil\",\"item\":\"https:\/\/ajishop.ma\/\"},{\"@type\":\"ListItem\",\"position\":2,\"name\":\"Magasin\",\"item\":\"https:\/\/ajishop.ma\/shop\/\"},{\"@type\":\"ListItem\",\"position\":3,\"name\":\"Atriplex Halimus s\u00e9ch\u00e9e \/ \u0627\u0644\u0642\u0637\u0641 \u0627\u0644\u0645\u0627\u0644\u062d\"}]},{\"@type\":\"WebSite\",\"@id\":\"https:\/\/ajishop.ma\/#website\",\"url\":\"https:\/\/ajishop.ma\/\",\"name\":\"AjiShop.ma\",\"description\":\"Produits 100% naturels, Pour votre bien \u00eatre...\",\"publisher\":{\"@id\":\"https:\/\/ajishop.ma\/#organization\"},\"potentialAction\":[{\"@type\":\"SearchAction\",\"target\":{\"@type\":\"EntryPoint\",\"urlTemplate\":\"https:\/\/ajishop.ma\/?s={search_term_string}\"},\"query-input\":{\"@type\":\"PropertyValueSpecification\",\"valueRequired\":true,\"valueName\":\"search_term_string\"}}],\"inLanguage\":\"ar\"},{\"@type\":\"Organization\",\"@id\":\"https:\/\/ajishop.ma\/#organization\",\"name\":\"AjiShop.ma\",\"url\":\"https:\/\/ajishop.ma\/\",\"logo\":{\"@type\":\"ImageObject\",\"inLanguage\":\"ar\",\"@id\":\"https:\/\/ajishop.ma\/#\/schema\/logo\/image\/\",\"url\":\"https:\/\/ajishop.ma\/wp-content\/uploads\/2024\/09\/AjiShop.ma-Horizontal-Logo-Green.png\",\"contentUrl\":\"https:\/\/ajishop.ma\/wp-content\/uploads\/2024\/09\/AjiShop.ma-Horizontal-Logo-Green.png\",\"width\":1917,\"height\":276,\"caption\":\"AjiShop.ma\"},\"image\":{\"@id\":\"https:\/\/ajishop.ma\/#\/schema\/logo\/image\/\"}}]}<\/script>\n<!-- \/ Yoast SEO plugin. -->","yoast_head_json":{"title":"Atriplex Halimus s\u00e9ch\u00e9e \/ \u0627\u0644\u0642\u0637\u0641 \u0627\u0644\u0645\u0627\u0644\u062d - AjiShop.ma","robots":{"index":"index","follow":"follow","max-snippet":"max-snippet:-1","max-image-preview":"max-image-preview:large","max-video-preview":"max-video-preview:-1"},"canonical":"https:\/\/ajishop.ma\/ar\/shop\/herbes-et-apothicaire\/herbes\/atriplex-halimus-sechee\/","og_locale":"ar_AR","og_type":"article","og_title":"Atriplex Halimus s\u00e9ch\u00e9e \/ \u0627\u0644\u0642\u0637\u0641 \u0627\u0644\u0645\u0627\u0644\u062d - AjiShop.ma","og_description":"L&#8217;Atriplex Halimus, commun\u00e9ment appel\u00e9 Saltbush ou \u0639\u0634\u0628\u0629 \u0627\u0644\u0642\u0637\u0641, est une plante robuste du d\u00e9sert originaire du Maroc, appr\u00e9ci\u00e9e pour son","og_url":"https:\/\/ajishop.ma\/ar\/shop\/herbes-et-apothicaire\/herbes\/atriplex-halimus-sechee\/","og_site_name":"AjiShop.ma","article_modified_time":"2024-11-19T23:28:43+00:00","og_image":[{"width":970,"height":949,"url":"https:\/\/ajishop.ma\/wp-content\/uploads\/2024\/11\/1689400081-Saltbush-970x949-1.jpg","type":"image\/jpeg"}],"twitter_card":"summary_large_image","twitter_misc":{"\u0648\u0642\u062a \u0627\u0644\u0642\u0631\u0627\u0621\u0629 \u0627\u0644\u0645\u064f\u0642\u062f\u0651\u0631":"\u062f\u0642\u064a\u0642\u062a\u0627\u0646"},"schema":{"@context":"https:\/\/schema.org","@graph":[{"@type":"WebPage","@id":"https:\/\/ajishop.ma\/shop\/herbes-et-apothicaire\/herbes\/atriplex-halimus-sechee\/","url":"https:\/\/ajishop.ma\/shop\/herbes-et-apothicaire\/herbes\/atriplex-halimus-sechee\/","name":"Atriplex Halimus s\u00e9ch\u00e9e \/ \u0627\u0644\u0642\u0637\u0641 \u0627\u0644\u0645\u0627\u0644\u062d - AjiShop.ma","isPartOf":{"@id":"https:\/\/ajishop.ma\/#website"},"primaryImageOfPage":{"@id":"https:\/\/ajishop.ma\/shop\/herbes-et-apothicaire\/herbes\/atriplex-halimus-sechee\/#primaryimage"},"image":{"@id":"https:\/\/ajishop.ma\/shop\/herbes-et-apothicaire\/herbes\/atriplex-halimus-sechee\/#primaryimage"},"thumbnailUrl":"https:\/\/ajishop.ma\/wp-content\/uploads\/2024\/11\/1689400081-Saltbush-970x949-1.jpg","datePublished":"2024-11-15T20:58:41+00:00","dateModified":"2024-11-19T23:28:43+00:00","breadcrumb":{"@id":"https:\/\/ajishop.ma\/shop\/herbes-et-apothicaire\/herbes\/atriplex-halimus-sechee\/#breadcrumb"},"inLanguage":"ar","potentialAction":[{"@type":"ReadAction","target":["https:\/\/ajishop.ma\/shop\/herbes-et-apothicaire\/herbes\/atriplex-halimus-sechee\/"]}]},{"@type":"ImageObject","inLanguage":"ar","@id":"https:\/\/ajishop.ma\/shop\/herbes-et-apothicaire\/herbes\/atriplex-halimus-sechee\/#primaryimage","url":"https:\/\/ajishop.ma\/wp-content\/uploads\/2024\/11\/1689400081-Saltbush-970x949-1.jpg","contentUrl":"https:\/\/ajishop.ma\/wp-content\/uploads\/2024\/11\/1689400081-Saltbush-970x949-1.jpg","width":970,"height":949},{"@type":"BreadcrumbList","@id":"https:\/\/ajishop.ma\/shop\/herbes-et-apothicaire\/herbes\/atriplex-halimus-sechee\/#breadcrumb","itemListElement":[{"@type":"ListItem","position":1,"name":"Accueil","item":"https:\/\/ajishop.ma\/"},{"@type":"ListItem","position":2,"name":"Magasin","item":"https:\/\/ajishop.ma\/shop\/"},{"@type":"ListItem","position":3,"name":"Atriplex Halimus s\u00e9ch\u00e9e \/ \u0627\u0644\u0642\u0637\u0641 \u0627\u0644\u0645\u0627\u0644\u062d"}]},{"@type":"WebSite","@id":"https:\/\/ajishop.ma\/#website","url":"https:\/\/ajishop.ma\/","name":"AjiShop.ma","description":"Produits 100% naturels, Pour votre bien \u00eatre...","publisher":{"@id":"https:\/\/ajishop.ma\/#organization"},"potentialAction":[{"@type":"SearchAction","target":{"@type":"EntryPoint","urlTemplate":"https:\/\/ajishop.ma\/?s={search_term_string}"},"query-input":{"@type":"PropertyValueSpecification","valueRequired":true,"valueName":"search_term_string"}}],"inLanguage":"ar"},{"@type":"Organization","@id":"https:\/\/ajishop.ma\/#organization","name":"AjiShop.ma","url":"https:\/\/ajishop.ma\/","logo":{"@type":"ImageObject","inLanguage":"ar","@id":"https:\/\/ajishop.ma\/#\/schema\/logo\/image\/","url":"https:\/\/ajishop.ma\/wp-content\/uploads\/2024\/09\/AjiShop.ma-Horizontal-Logo-Green.png","contentUrl":"https:\/\/ajishop.ma\/wp-content\/uploads\/2024\/09\/AjiShop.ma-Horizontal-Logo-Green.png","width":1917,"height":276,"caption":"AjiShop.ma"},"image":{"@id":"https:\/\/ajishop.ma\/#\/schema\/logo\/image\/"}}]}},"_links":{"self":[{"href":"https:\/\/ajishop.ma\/ar\/wp-json\/wp\/v2\/product\/17798"}],"collection":[{"href":"https:\/\/ajishop.ma\/ar\/wp-json\/wp\/v2\/product"}],"about":[{"href":"https:\/\/ajishop.ma\/ar\/wp-json\/wp\/v2\/types\/product"}],"replies":[{"embeddable":true,"href":"https:\/\/ajishop.ma\/ar\/wp-json\/wp\/v2\/comments?post=17798"}],"version-history":[{"count":11,"href":"https:\/\/ajishop.ma\/ar\/wp-json\/wp\/v2\/product\/17798\/revisions"}],"predecessor-version":[{"id":17810,"href":"https:\/\/ajishop.ma\/ar\/wp-json\/wp\/v2\/product\/17798\/revisions\/17810"}],"wp:featuredmedia":[{"embeddable":true,"href":"https:\/\/ajishop.ma\/ar\/wp-json\/wp\/v2\/media\/17799"}],"wp:attachment":[{"href":"https:\/\/ajishop.ma\/ar\/wp-json\/wp\/v2\/media?parent=17798"}],"wp:term":[{"taxonomy":"product_cat","embeddable":true,"href":"https:\/\/ajishop.ma\/ar\/wp-json\/wp\/v2\/product_cat?post=17798"},{"taxonomy":"product_tag","embeddable":true,"href":"https:\/\/ajishop.ma\/ar\/wp-json\/wp\/v2\/product_tag?post=17798"}],"curies":[{"name":"wp","href":"https:\/\/api.w.org\/{rel}","templated":true}]}}