{"id":17838,"date":"2024-11-16T23:13:00","date_gmt":"2024-11-16T22:13:00","guid":{"rendered":"https:\/\/ajishop.ma\/?post_type=product&#038;p=17838"},"modified":"2024-11-17T01:07:06","modified_gmt":"2024-11-17T00:07:06","slug":"gelatine-en-poudre-vegetale","status":"publish","type":"product","link":"https:\/\/ajishop.ma\/ar\/shop\/herbes-et-apothicaire\/herbes\/gelatine-en-poudre-vegetale\/","title":{"rendered":"G\u00e9latine en poudre V\u00e9g\u00e9tale &#8211; \u0645\u0633\u062d\u0648\u0642 \u0627\u0644\u062c\u064a\u0644\u0627\u062a\u064a\u0646 \u0627\u0644\u0646\u0628\u0627\u062a\u064a"},"content":{"rendered":"<p>La G\u00e9latine en poudre Halal est une option polyvalente pour \u00e9paissir et g\u00e9lifier diverses pr\u00e9parations culinaires. Cette g\u00e9latine est certifi\u00e9e Halal, r\u00e9pondant ainsi aux normes alimentaires islamiques. Elle est extraite de sources halal, offrant une solution pratique pour ceux qui suivent des pratiques alimentaires sp\u00e9cifiques.<\/p>\n<p><strong>Caract\u00e9ristiques :<\/strong><\/p>\n<ul>\n<li><strong>Certification Halal :<\/strong>\u00a0La g\u00e9latine en poudre est certifi\u00e9e Halal, garantissant sa conformit\u00e9 aux principes<\/li>\n<\/ul>","protected":false},"excerpt":{"rendered":"<p>La G\u00e9latine en poudre Halal est une option polyvalente pour \u00e9paissir et g\u00e9lifier diverses pr\u00e9parations culinaires. Cette g\u00e9latine est certifi\u00e9e<\/p>","protected":false},"featured_media":17840,"comment_status":"open","ping_status":"closed","template":"","meta":[],"product_cat":[32,75,72],"product_tag":[],"yoast_head":"<!-- This site is optimized with the Yoast SEO plugin v23.4 - https:\/\/yoast.com\/wordpress\/plugins\/seo\/ -->\n<title>G\u00e9latine en poudre V\u00e9g\u00e9tale - \u0645\u0633\u062d\u0648\u0642 \u0627\u0644\u062c\u064a\u0644\u0627\u062a\u064a\u0646 \u0627\u0644\u0646\u0628\u0627\u062a\u064a - AjiShop.ma<\/title>\n<meta name=\"robots\" content=\"index, follow, max-snippet:-1, max-image-preview:large, max-video-preview:-1\" \/>\n<link rel=\"canonical\" href=\"https:\/\/ajishop.ma\/ar\/shop\/herbes-et-apothicaire\/herbes\/gelatine-en-poudre-vegetale\/\" \/>\n<meta property=\"og:locale\" content=\"ar_AR\" \/>\n<meta property=\"og:type\" content=\"article\" \/>\n<meta property=\"og:title\" content=\"G\u00e9latine en poudre V\u00e9g\u00e9tale - \u0645\u0633\u062d\u0648\u0642 \u0627\u0644\u062c\u064a\u0644\u0627\u062a\u064a\u0646 \u0627\u0644\u0646\u0628\u0627\u062a\u064a - AjiShop.ma\" \/>\n<meta property=\"og:description\" content=\"La G\u00e9latine en poudre Halal est une option polyvalente pour \u00e9paissir et g\u00e9lifier diverses pr\u00e9parations culinaires. Cette g\u00e9latine est certifi\u00e9e\" \/>\n<meta property=\"og:url\" content=\"https:\/\/ajishop.ma\/ar\/shop\/herbes-et-apothicaire\/herbes\/gelatine-en-poudre-vegetale\/\" \/>\n<meta property=\"og:site_name\" content=\"AjiShop.ma\" \/>\n<meta property=\"article:modified_time\" content=\"2024-11-17T00:07:06+00:00\" \/>\n<meta property=\"og:image\" content=\"https:\/\/ajishop.ma\/wp-content\/uploads\/2024\/11\/gelatine-en-poudre.webp\" \/>\n\t<meta property=\"og:image:width\" content=\"600\" \/>\n\t<meta property=\"og:image:height\" content=\"600\" \/>\n\t<meta property=\"og:image:type\" content=\"image\/webp\" \/>\n<meta name=\"twitter:card\" content=\"summary_large_image\" \/>\n<meta name=\"twitter:label1\" content=\"\u0648\u0642\u062a \u0627\u0644\u0642\u0631\u0627\u0621\u0629 \u0627\u0644\u0645\u064f\u0642\u062f\u0651\u0631\" \/>\n\t<meta name=\"twitter:data1\" content=\"\u062f\u0642\u064a\u0642\u0629 \u0648\u0627\u062d\u062f\u0629\" \/>\n<script type=\"application\/ld+json\" class=\"yoast-schema-graph\">{\"@context\":\"https:\/\/schema.org\",\"@graph\":[{\"@type\":\"WebPage\",\"@id\":\"https:\/\/ajishop.ma\/shop\/herbes-et-apothicaire\/herbes\/gelatine-en-poudre-vegetale\/\",\"url\":\"https:\/\/ajishop.ma\/shop\/herbes-et-apothicaire\/herbes\/gelatine-en-poudre-vegetale\/\",\"name\":\"G\u00e9latine en poudre V\u00e9g\u00e9tale - \u0645\u0633\u062d\u0648\u0642 \u0627\u0644\u062c\u064a\u0644\u0627\u062a\u064a\u0646 \u0627\u0644\u0646\u0628\u0627\u062a\u064a - AjiShop.ma\",\"isPartOf\":{\"@id\":\"https:\/\/ajishop.ma\/#website\"},\"primaryImageOfPage\":{\"@id\":\"https:\/\/ajishop.ma\/shop\/herbes-et-apothicaire\/herbes\/gelatine-en-poudre-vegetale\/#primaryimage\"},\"image\":{\"@id\":\"https:\/\/ajishop.ma\/shop\/herbes-et-apothicaire\/herbes\/gelatine-en-poudre-vegetale\/#primaryimage\"},\"thumbnailUrl\":\"https:\/\/ajishop.ma\/wp-content\/uploads\/2024\/11\/gelatine-en-poudre.webp\",\"datePublished\":\"2024-11-16T22:13:00+00:00\",\"dateModified\":\"2024-11-17T00:07:06+00:00\",\"breadcrumb\":{\"@id\":\"https:\/\/ajishop.ma\/shop\/herbes-et-apothicaire\/herbes\/gelatine-en-poudre-vegetale\/#breadcrumb\"},\"inLanguage\":\"ar\",\"potentialAction\":[{\"@type\":\"ReadAction\",\"target\":[\"https:\/\/ajishop.ma\/shop\/herbes-et-apothicaire\/herbes\/gelatine-en-poudre-vegetale\/\"]}]},{\"@type\":\"ImageObject\",\"inLanguage\":\"ar\",\"@id\":\"https:\/\/ajishop.ma\/shop\/herbes-et-apothicaire\/herbes\/gelatine-en-poudre-vegetale\/#primaryimage\",\"url\":\"https:\/\/ajishop.ma\/wp-content\/uploads\/2024\/11\/gelatine-en-poudre.webp\",\"contentUrl\":\"https:\/\/ajishop.ma\/wp-content\/uploads\/2024\/11\/gelatine-en-poudre.webp\",\"width\":600,\"height\":600},{\"@type\":\"BreadcrumbList\",\"@id\":\"https:\/\/ajishop.ma\/shop\/herbes-et-apothicaire\/herbes\/gelatine-en-poudre-vegetale\/#breadcrumb\",\"itemListElement\":[{\"@type\":\"ListItem\",\"position\":1,\"name\":\"Accueil\",\"item\":\"https:\/\/ajishop.ma\/\"},{\"@type\":\"ListItem\",\"position\":2,\"name\":\"Magasin\",\"item\":\"https:\/\/ajishop.ma\/shop\/\"},{\"@type\":\"ListItem\",\"position\":3,\"name\":\"G\u00e9latine en poudre V\u00e9g\u00e9tale &#8211; \u0645\u0633\u062d\u0648\u0642 \u0627\u0644\u062c\u064a\u0644\u0627\u062a\u064a\u0646 \u0627\u0644\u0646\u0628\u0627\u062a\u064a\"}]},{\"@type\":\"WebSite\",\"@id\":\"https:\/\/ajishop.ma\/#website\",\"url\":\"https:\/\/ajishop.ma\/\",\"name\":\"AjiShop.ma\",\"description\":\"Produits 100% naturels, Pour votre bien \u00eatre...\",\"publisher\":{\"@id\":\"https:\/\/ajishop.ma\/#organization\"},\"potentialAction\":[{\"@type\":\"SearchAction\",\"target\":{\"@type\":\"EntryPoint\",\"urlTemplate\":\"https:\/\/ajishop.ma\/?s={search_term_string}\"},\"query-input\":{\"@type\":\"PropertyValueSpecification\",\"valueRequired\":true,\"valueName\":\"search_term_string\"}}],\"inLanguage\":\"ar\"},{\"@type\":\"Organization\",\"@id\":\"https:\/\/ajishop.ma\/#organization\",\"name\":\"AjiShop.ma\",\"url\":\"https:\/\/ajishop.ma\/\",\"logo\":{\"@type\":\"ImageObject\",\"inLanguage\":\"ar\",\"@id\":\"https:\/\/ajishop.ma\/#\/schema\/logo\/image\/\",\"url\":\"https:\/\/ajishop.ma\/wp-content\/uploads\/2024\/09\/AjiShop.ma-Horizontal-Logo-Green.png\",\"contentUrl\":\"https:\/\/ajishop.ma\/wp-content\/uploads\/2024\/09\/AjiShop.ma-Horizontal-Logo-Green.png\",\"width\":1917,\"height\":276,\"caption\":\"AjiShop.ma\"},\"image\":{\"@id\":\"https:\/\/ajishop.ma\/#\/schema\/logo\/image\/\"}}]}<\/script>\n<!-- \/ Yoast SEO plugin. -->","yoast_head_json":{"title":"G\u00e9latine en poudre V\u00e9g\u00e9tale - \u0645\u0633\u062d\u0648\u0642 \u0627\u0644\u062c\u064a\u0644\u0627\u062a\u064a\u0646 \u0627\u0644\u0646\u0628\u0627\u062a\u064a - AjiShop.ma","robots":{"index":"index","follow":"follow","max-snippet":"max-snippet:-1","max-image-preview":"max-image-preview:large","max-video-preview":"max-video-preview:-1"},"canonical":"https:\/\/ajishop.ma\/ar\/shop\/herbes-et-apothicaire\/herbes\/gelatine-en-poudre-vegetale\/","og_locale":"ar_AR","og_type":"article","og_title":"G\u00e9latine en poudre V\u00e9g\u00e9tale - \u0645\u0633\u062d\u0648\u0642 \u0627\u0644\u062c\u064a\u0644\u0627\u062a\u064a\u0646 \u0627\u0644\u0646\u0628\u0627\u062a\u064a - AjiShop.ma","og_description":"La G\u00e9latine en poudre Halal est une option polyvalente pour \u00e9paissir et g\u00e9lifier diverses pr\u00e9parations culinaires. Cette g\u00e9latine est certifi\u00e9e","og_url":"https:\/\/ajishop.ma\/ar\/shop\/herbes-et-apothicaire\/herbes\/gelatine-en-poudre-vegetale\/","og_site_name":"AjiShop.ma","article_modified_time":"2024-11-17T00:07:06+00:00","og_image":[{"width":600,"height":600,"url":"https:\/\/ajishop.ma\/wp-content\/uploads\/2024\/11\/gelatine-en-poudre.webp","type":"image\/webp"}],"twitter_card":"summary_large_image","twitter_misc":{"\u0648\u0642\u062a \u0627\u0644\u0642\u0631\u0627\u0621\u0629 \u0627\u0644\u0645\u064f\u0642\u062f\u0651\u0631":"\u062f\u0642\u064a\u0642\u0629 \u0648\u0627\u062d\u062f\u0629"},"schema":{"@context":"https:\/\/schema.org","@graph":[{"@type":"WebPage","@id":"https:\/\/ajishop.ma\/shop\/herbes-et-apothicaire\/herbes\/gelatine-en-poudre-vegetale\/","url":"https:\/\/ajishop.ma\/shop\/herbes-et-apothicaire\/herbes\/gelatine-en-poudre-vegetale\/","name":"G\u00e9latine en poudre V\u00e9g\u00e9tale - \u0645\u0633\u062d\u0648\u0642 \u0627\u0644\u062c\u064a\u0644\u0627\u062a\u064a\u0646 \u0627\u0644\u0646\u0628\u0627\u062a\u064a - AjiShop.ma","isPartOf":{"@id":"https:\/\/ajishop.ma\/#website"},"primaryImageOfPage":{"@id":"https:\/\/ajishop.ma\/shop\/herbes-et-apothicaire\/herbes\/gelatine-en-poudre-vegetale\/#primaryimage"},"image":{"@id":"https:\/\/ajishop.ma\/shop\/herbes-et-apothicaire\/herbes\/gelatine-en-poudre-vegetale\/#primaryimage"},"thumbnailUrl":"https:\/\/ajishop.ma\/wp-content\/uploads\/2024\/11\/gelatine-en-poudre.webp","datePublished":"2024-11-16T22:13:00+00:00","dateModified":"2024-11-17T00:07:06+00:00","breadcrumb":{"@id":"https:\/\/ajishop.ma\/shop\/herbes-et-apothicaire\/herbes\/gelatine-en-poudre-vegetale\/#breadcrumb"},"inLanguage":"ar","potentialAction":[{"@type":"ReadAction","target":["https:\/\/ajishop.ma\/shop\/herbes-et-apothicaire\/herbes\/gelatine-en-poudre-vegetale\/"]}]},{"@type":"ImageObject","inLanguage":"ar","@id":"https:\/\/ajishop.ma\/shop\/herbes-et-apothicaire\/herbes\/gelatine-en-poudre-vegetale\/#primaryimage","url":"https:\/\/ajishop.ma\/wp-content\/uploads\/2024\/11\/gelatine-en-poudre.webp","contentUrl":"https:\/\/ajishop.ma\/wp-content\/uploads\/2024\/11\/gelatine-en-poudre.webp","width":600,"height":600},{"@type":"BreadcrumbList","@id":"https:\/\/ajishop.ma\/shop\/herbes-et-apothicaire\/herbes\/gelatine-en-poudre-vegetale\/#breadcrumb","itemListElement":[{"@type":"ListItem","position":1,"name":"Accueil","item":"https:\/\/ajishop.ma\/"},{"@type":"ListItem","position":2,"name":"Magasin","item":"https:\/\/ajishop.ma\/shop\/"},{"@type":"ListItem","position":3,"name":"G\u00e9latine en poudre V\u00e9g\u00e9tale &#8211; \u0645\u0633\u062d\u0648\u0642 \u0627\u0644\u062c\u064a\u0644\u0627\u062a\u064a\u0646 \u0627\u0644\u0646\u0628\u0627\u062a\u064a"}]},{"@type":"WebSite","@id":"https:\/\/ajishop.ma\/#website","url":"https:\/\/ajishop.ma\/","name":"AjiShop.ma","description":"Produits 100% naturels, Pour votre bien \u00eatre...","publisher":{"@id":"https:\/\/ajishop.ma\/#organization"},"potentialAction":[{"@type":"SearchAction","target":{"@type":"EntryPoint","urlTemplate":"https:\/\/ajishop.ma\/?s={search_term_string}"},"query-input":{"@type":"PropertyValueSpecification","valueRequired":true,"valueName":"search_term_string"}}],"inLanguage":"ar"},{"@type":"Organization","@id":"https:\/\/ajishop.ma\/#organization","name":"AjiShop.ma","url":"https:\/\/ajishop.ma\/","logo":{"@type":"ImageObject","inLanguage":"ar","@id":"https:\/\/ajishop.ma\/#\/schema\/logo\/image\/","url":"https:\/\/ajishop.ma\/wp-content\/uploads\/2024\/09\/AjiShop.ma-Horizontal-Logo-Green.png","contentUrl":"https:\/\/ajishop.ma\/wp-content\/uploads\/2024\/09\/AjiShop.ma-Horizontal-Logo-Green.png","width":1917,"height":276,"caption":"AjiShop.ma"},"image":{"@id":"https:\/\/ajishop.ma\/#\/schema\/logo\/image\/"}}]}},"_links":{"self":[{"href":"https:\/\/ajishop.ma\/ar\/wp-json\/wp\/v2\/product\/17838"}],"collection":[{"href":"https:\/\/ajishop.ma\/ar\/wp-json\/wp\/v2\/product"}],"about":[{"href":"https:\/\/ajishop.ma\/ar\/wp-json\/wp\/v2\/types\/product"}],"replies":[{"embeddable":true,"href":"https:\/\/ajishop.ma\/ar\/wp-json\/wp\/v2\/comments?post=17838"}],"version-history":[{"count":1,"href":"https:\/\/ajishop.ma\/ar\/wp-json\/wp\/v2\/product\/17838\/revisions"}],"predecessor-version":[{"id":17839,"href":"https:\/\/ajishop.ma\/ar\/wp-json\/wp\/v2\/product\/17838\/revisions\/17839"}],"wp:featuredmedia":[{"embeddable":true,"href":"https:\/\/ajishop.ma\/ar\/wp-json\/wp\/v2\/media\/17840"}],"wp:attachment":[{"href":"https:\/\/ajishop.ma\/ar\/wp-json\/wp\/v2\/media?parent=17838"}],"wp:term":[{"taxonomy":"product_cat","embeddable":true,"href":"https:\/\/ajishop.ma\/ar\/wp-json\/wp\/v2\/product_cat?post=17838"},{"taxonomy":"product_tag","embeddable":true,"href":"https:\/\/ajishop.ma\/ar\/wp-json\/wp\/v2\/product_tag?post=17838"}],"curies":[{"name":"wp","href":"https:\/\/api.w.org\/{rel}","templated":true}]}}