{"id":18038,"date":"2024-11-20T23:33:15","date_gmt":"2024-11-20T22:33:15","guid":{"rendered":"https:\/\/ajishop.ma\/?post_type=product&#038;p=18038"},"modified":"2024-11-20T23:33:15","modified_gmt":"2024-11-20T22:33:15","slug":"encens-serghina-colore","status":"publish","type":"product","link":"https:\/\/ajishop.ma\/ar\/shop\/herbes-et-apothicaire\/herbes\/encens-serghina-colore\/","title":{"rendered":"Encens serghina color\u00e9  \/  \u0633\u0631\u063a\u064a\u0646\u0629"},"content":{"rendered":"<p>Il purifie l\u2019aire ambiant<em>,<\/em>\u00a0chasse les mauvaises vibrations, et mets en fuite les entit\u00e9s n\u00e9gatives.On dit qu&#8217;elle a \u00e9galement des vertus magiques contre le mauvais \u0153il. Elle d\u00e9sodorise la maison et fortifie le corps. Elle a \u00e9galement des vertus antibact\u00e9rienne et aphrodisiaque.<\/p>\n<div dir=\"auto\">Serghina, la sarghine (nom botanique: corrigiola thelephifolia) est une plante aux petites fleurs blanches et racines fibreuses et noueuses de la famille des caryophyllac\u00e9es. Les herboristes marocains la connaissent tr\u00e8s bien. Ils affirment que son usage premier est m\u00e9dicinal, puisque fortifiante, diur\u00e9tique, tonique, d\u00e9sodorisante et antibact\u00e9rienne. Les femmes \u00e0 F\u00e8s pr\u00e9parent elles-m\u00eames les racines de sarghina avec une technique ancestrale. Elles les lavent avec de l\u2019eau de fleur d\u2019oranger, les colorent de rouge, jaune ou vert, les d\u00e9coupent en petits morceaux et laissent s\u00e9cher \u00e0 l\u2019ombre durant plusieurs jours. Celles qui les commercialisent vendent cet encens aux senteurs puissantes dans de petites coupelles avec de menus morceaux d\u2019alun et de bois d\u2019agalloche \u00aboud el kmari\u00bb.<\/div>\n<div dir=\"auto\">Selon les croyances populaires, les fumigations de la racine de cette plante auraient des vertus magiques, particuli\u00e8rement contre le mauvais \u0153il. Certains trait\u00e9s de m\u00e9decine arabe tr\u00e8s anciens citent les vertus th\u00e9rapeutiques de la d\u00e9coction serghina ou \u00abparfum des berb\u00e8res\u00bb, notamment son pouvoir aphrodisiaque, en pr\u00e9cisant qu\u2019il est bon de respirer ses fumigations parce que cela fortifie le cerveau, soigne le coryza, parfume et d\u00e9sodorise le corps. On comprend mieux pourquoi elle est offerte dans le trousseau des mari\u00e9es. Nos malicieux anc\u00eatres nous ont berc\u00e9s avec des histoires de magie. \u00c0 notre tour aujourd\u2019hui de leur rendre hommage en prot\u00e9geant la culture et l\u2019exportation de cette petite plante qui, semble-t-il, ne pousse que chez nous.<\/div>\n<p>CONSEILS D&#8217;UTILISATION: Mettre une petite quantit\u00e9 sur un charbon ardent<\/p>","protected":false},"excerpt":{"rendered":"<p>Il purifie l\u2019aire ambiant,\u00a0chasse les mauvaises vibrations, et mets en fuite les entit\u00e9s n\u00e9gatives.On dit qu&#8217;elle a \u00e9galement des vertus<\/p>","protected":false},"featured_media":18039,"comment_status":"open","ping_status":"closed","template":"","meta":[],"product_cat":[32,75,79],"product_tag":[],"yoast_head":"<!-- This site is optimized with the Yoast SEO plugin v23.4 - https:\/\/yoast.com\/wordpress\/plugins\/seo\/ -->\n<title>Encens serghina color\u00e9 \/ \u0633\u0631\u063a\u064a\u0646\u0629 - AjiShop.ma<\/title>\n<meta name=\"robots\" content=\"index, follow, max-snippet:-1, max-image-preview:large, max-video-preview:-1\" \/>\n<link rel=\"canonical\" href=\"https:\/\/ajishop.ma\/ar\/shop\/herbes-et-apothicaire\/herbes\/encens-serghina-colore\/\" \/>\n<meta property=\"og:locale\" content=\"ar_AR\" \/>\n<meta property=\"og:type\" content=\"article\" \/>\n<meta property=\"og:title\" content=\"Encens serghina color\u00e9 \/ \u0633\u0631\u063a\u064a\u0646\u0629 - AjiShop.ma\" \/>\n<meta property=\"og:description\" content=\"Il purifie l\u2019aire ambiant,\u00a0chasse les mauvaises vibrations, et mets en fuite les entit\u00e9s n\u00e9gatives.On dit qu&#8217;elle a \u00e9galement des vertus\" \/>\n<meta property=\"og:url\" content=\"https:\/\/ajishop.ma\/ar\/shop\/herbes-et-apothicaire\/herbes\/encens-serghina-colore\/\" \/>\n<meta property=\"og:site_name\" content=\"AjiShop.ma\" \/>\n<meta property=\"og:image\" content=\"https:\/\/ajishop.ma\/wp-content\/uploads\/2024\/11\/IMG_1579.webp\" \/>\n\t<meta property=\"og:image:width\" content=\"493\" \/>\n\t<meta property=\"og:image:height\" content=\"657\" \/>\n\t<meta property=\"og:image:type\" content=\"image\/webp\" \/>\n<meta name=\"twitter:card\" content=\"summary_large_image\" \/>\n<meta name=\"twitter:label1\" content=\"\u0648\u0642\u062a \u0627\u0644\u0642\u0631\u0627\u0621\u0629 \u0627\u0644\u0645\u064f\u0642\u062f\u0651\u0631\" \/>\n\t<meta name=\"twitter:data1\" content=\"\u062f\u0642\u064a\u0642\u062a\u0627\u0646\" \/>\n<script type=\"application\/ld+json\" class=\"yoast-schema-graph\">{\"@context\":\"https:\/\/schema.org\",\"@graph\":[{\"@type\":\"WebPage\",\"@id\":\"https:\/\/ajishop.ma\/shop\/herbes-et-apothicaire\/herbes\/encens-serghina-colore\/\",\"url\":\"https:\/\/ajishop.ma\/shop\/herbes-et-apothicaire\/herbes\/encens-serghina-colore\/\",\"name\":\"Encens serghina color\u00e9 \/ \u0633\u0631\u063a\u064a\u0646\u0629 - AjiShop.ma\",\"isPartOf\":{\"@id\":\"https:\/\/ajishop.ma\/#website\"},\"primaryImageOfPage\":{\"@id\":\"https:\/\/ajishop.ma\/shop\/herbes-et-apothicaire\/herbes\/encens-serghina-colore\/#primaryimage\"},\"image\":{\"@id\":\"https:\/\/ajishop.ma\/shop\/herbes-et-apothicaire\/herbes\/encens-serghina-colore\/#primaryimage\"},\"thumbnailUrl\":\"https:\/\/ajishop.ma\/wp-content\/uploads\/2024\/11\/IMG_1579.webp\",\"datePublished\":\"2024-11-20T22:33:15+00:00\",\"dateModified\":\"2024-11-20T22:33:15+00:00\",\"breadcrumb\":{\"@id\":\"https:\/\/ajishop.ma\/shop\/herbes-et-apothicaire\/herbes\/encens-serghina-colore\/#breadcrumb\"},\"inLanguage\":\"ar\",\"potentialAction\":[{\"@type\":\"ReadAction\",\"target\":[\"https:\/\/ajishop.ma\/shop\/herbes-et-apothicaire\/herbes\/encens-serghina-colore\/\"]}]},{\"@type\":\"ImageObject\",\"inLanguage\":\"ar\",\"@id\":\"https:\/\/ajishop.ma\/shop\/herbes-et-apothicaire\/herbes\/encens-serghina-colore\/#primaryimage\",\"url\":\"https:\/\/ajishop.ma\/wp-content\/uploads\/2024\/11\/IMG_1579.webp\",\"contentUrl\":\"https:\/\/ajishop.ma\/wp-content\/uploads\/2024\/11\/IMG_1579.webp\",\"width\":493,\"height\":657},{\"@type\":\"BreadcrumbList\",\"@id\":\"https:\/\/ajishop.ma\/shop\/herbes-et-apothicaire\/herbes\/encens-serghina-colore\/#breadcrumb\",\"itemListElement\":[{\"@type\":\"ListItem\",\"position\":1,\"name\":\"Accueil\",\"item\":\"https:\/\/ajishop.ma\/\"},{\"@type\":\"ListItem\",\"position\":2,\"name\":\"Magasin\",\"item\":\"https:\/\/ajishop.ma\/shop\/\"},{\"@type\":\"ListItem\",\"position\":3,\"name\":\"Encens serghina color\u00e9 \/ \u0633\u0631\u063a\u064a\u0646\u0629\"}]},{\"@type\":\"WebSite\",\"@id\":\"https:\/\/ajishop.ma\/#website\",\"url\":\"https:\/\/ajishop.ma\/\",\"name\":\"AjiShop.ma\",\"description\":\"Produits 100% naturels, Pour votre bien \u00eatre...\",\"publisher\":{\"@id\":\"https:\/\/ajishop.ma\/#organization\"},\"potentialAction\":[{\"@type\":\"SearchAction\",\"target\":{\"@type\":\"EntryPoint\",\"urlTemplate\":\"https:\/\/ajishop.ma\/?s={search_term_string}\"},\"query-input\":{\"@type\":\"PropertyValueSpecification\",\"valueRequired\":true,\"valueName\":\"search_term_string\"}}],\"inLanguage\":\"ar\"},{\"@type\":\"Organization\",\"@id\":\"https:\/\/ajishop.ma\/#organization\",\"name\":\"AjiShop.ma\",\"url\":\"https:\/\/ajishop.ma\/\",\"logo\":{\"@type\":\"ImageObject\",\"inLanguage\":\"ar\",\"@id\":\"https:\/\/ajishop.ma\/#\/schema\/logo\/image\/\",\"url\":\"https:\/\/ajishop.ma\/wp-content\/uploads\/2024\/09\/AjiShop.ma-Horizontal-Logo-Green.png\",\"contentUrl\":\"https:\/\/ajishop.ma\/wp-content\/uploads\/2024\/09\/AjiShop.ma-Horizontal-Logo-Green.png\",\"width\":1917,\"height\":276,\"caption\":\"AjiShop.ma\"},\"image\":{\"@id\":\"https:\/\/ajishop.ma\/#\/schema\/logo\/image\/\"}}]}<\/script>\n<!-- \/ Yoast SEO plugin. -->","yoast_head_json":{"title":"Encens serghina color\u00e9 \/ \u0633\u0631\u063a\u064a\u0646\u0629 - AjiShop.ma","robots":{"index":"index","follow":"follow","max-snippet":"max-snippet:-1","max-image-preview":"max-image-preview:large","max-video-preview":"max-video-preview:-1"},"canonical":"https:\/\/ajishop.ma\/ar\/shop\/herbes-et-apothicaire\/herbes\/encens-serghina-colore\/","og_locale":"ar_AR","og_type":"article","og_title":"Encens serghina color\u00e9 \/ \u0633\u0631\u063a\u064a\u0646\u0629 - AjiShop.ma","og_description":"Il purifie l\u2019aire ambiant,\u00a0chasse les mauvaises vibrations, et mets en fuite les entit\u00e9s n\u00e9gatives.On dit qu&#8217;elle a \u00e9galement des vertus","og_url":"https:\/\/ajishop.ma\/ar\/shop\/herbes-et-apothicaire\/herbes\/encens-serghina-colore\/","og_site_name":"AjiShop.ma","og_image":[{"width":493,"height":657,"url":"https:\/\/ajishop.ma\/wp-content\/uploads\/2024\/11\/IMG_1579.webp","type":"image\/webp"}],"twitter_card":"summary_large_image","twitter_misc":{"\u0648\u0642\u062a \u0627\u0644\u0642\u0631\u0627\u0621\u0629 \u0627\u0644\u0645\u064f\u0642\u062f\u0651\u0631":"\u062f\u0642\u064a\u0642\u062a\u0627\u0646"},"schema":{"@context":"https:\/\/schema.org","@graph":[{"@type":"WebPage","@id":"https:\/\/ajishop.ma\/shop\/herbes-et-apothicaire\/herbes\/encens-serghina-colore\/","url":"https:\/\/ajishop.ma\/shop\/herbes-et-apothicaire\/herbes\/encens-serghina-colore\/","name":"Encens serghina color\u00e9 \/ \u0633\u0631\u063a\u064a\u0646\u0629 - AjiShop.ma","isPartOf":{"@id":"https:\/\/ajishop.ma\/#website"},"primaryImageOfPage":{"@id":"https:\/\/ajishop.ma\/shop\/herbes-et-apothicaire\/herbes\/encens-serghina-colore\/#primaryimage"},"image":{"@id":"https:\/\/ajishop.ma\/shop\/herbes-et-apothicaire\/herbes\/encens-serghina-colore\/#primaryimage"},"thumbnailUrl":"https:\/\/ajishop.ma\/wp-content\/uploads\/2024\/11\/IMG_1579.webp","datePublished":"2024-11-20T22:33:15+00:00","dateModified":"2024-11-20T22:33:15+00:00","breadcrumb":{"@id":"https:\/\/ajishop.ma\/shop\/herbes-et-apothicaire\/herbes\/encens-serghina-colore\/#breadcrumb"},"inLanguage":"ar","potentialAction":[{"@type":"ReadAction","target":["https:\/\/ajishop.ma\/shop\/herbes-et-apothicaire\/herbes\/encens-serghina-colore\/"]}]},{"@type":"ImageObject","inLanguage":"ar","@id":"https:\/\/ajishop.ma\/shop\/herbes-et-apothicaire\/herbes\/encens-serghina-colore\/#primaryimage","url":"https:\/\/ajishop.ma\/wp-content\/uploads\/2024\/11\/IMG_1579.webp","contentUrl":"https:\/\/ajishop.ma\/wp-content\/uploads\/2024\/11\/IMG_1579.webp","width":493,"height":657},{"@type":"BreadcrumbList","@id":"https:\/\/ajishop.ma\/shop\/herbes-et-apothicaire\/herbes\/encens-serghina-colore\/#breadcrumb","itemListElement":[{"@type":"ListItem","position":1,"name":"Accueil","item":"https:\/\/ajishop.ma\/"},{"@type":"ListItem","position":2,"name":"Magasin","item":"https:\/\/ajishop.ma\/shop\/"},{"@type":"ListItem","position":3,"name":"Encens serghina color\u00e9 \/ \u0633\u0631\u063a\u064a\u0646\u0629"}]},{"@type":"WebSite","@id":"https:\/\/ajishop.ma\/#website","url":"https:\/\/ajishop.ma\/","name":"AjiShop.ma","description":"Produits 100% naturels, Pour votre bien \u00eatre...","publisher":{"@id":"https:\/\/ajishop.ma\/#organization"},"potentialAction":[{"@type":"SearchAction","target":{"@type":"EntryPoint","urlTemplate":"https:\/\/ajishop.ma\/?s={search_term_string}"},"query-input":{"@type":"PropertyValueSpecification","valueRequired":true,"valueName":"search_term_string"}}],"inLanguage":"ar"},{"@type":"Organization","@id":"https:\/\/ajishop.ma\/#organization","name":"AjiShop.ma","url":"https:\/\/ajishop.ma\/","logo":{"@type":"ImageObject","inLanguage":"ar","@id":"https:\/\/ajishop.ma\/#\/schema\/logo\/image\/","url":"https:\/\/ajishop.ma\/wp-content\/uploads\/2024\/09\/AjiShop.ma-Horizontal-Logo-Green.png","contentUrl":"https:\/\/ajishop.ma\/wp-content\/uploads\/2024\/09\/AjiShop.ma-Horizontal-Logo-Green.png","width":1917,"height":276,"caption":"AjiShop.ma"},"image":{"@id":"https:\/\/ajishop.ma\/#\/schema\/logo\/image\/"}}]}},"_links":{"self":[{"href":"https:\/\/ajishop.ma\/ar\/wp-json\/wp\/v2\/product\/18038"}],"collection":[{"href":"https:\/\/ajishop.ma\/ar\/wp-json\/wp\/v2\/product"}],"about":[{"href":"https:\/\/ajishop.ma\/ar\/wp-json\/wp\/v2\/types\/product"}],"replies":[{"embeddable":true,"href":"https:\/\/ajishop.ma\/ar\/wp-json\/wp\/v2\/comments?post=18038"}],"version-history":[{"count":1,"href":"https:\/\/ajishop.ma\/ar\/wp-json\/wp\/v2\/product\/18038\/revisions"}],"predecessor-version":[{"id":18044,"href":"https:\/\/ajishop.ma\/ar\/wp-json\/wp\/v2\/product\/18038\/revisions\/18044"}],"wp:featuredmedia":[{"embeddable":true,"href":"https:\/\/ajishop.ma\/ar\/wp-json\/wp\/v2\/media\/18039"}],"wp:attachment":[{"href":"https:\/\/ajishop.ma\/ar\/wp-json\/wp\/v2\/media?parent=18038"}],"wp:term":[{"taxonomy":"product_cat","embeddable":true,"href":"https:\/\/ajishop.ma\/ar\/wp-json\/wp\/v2\/product_cat?post=18038"},{"taxonomy":"product_tag","embeddable":true,"href":"https:\/\/ajishop.ma\/ar\/wp-json\/wp\/v2\/product_tag?post=18038"}],"curies":[{"name":"wp","href":"https:\/\/api.w.org\/{rel}","templated":true}]}}