{"id":18045,"date":"2024-11-20T23:37:39","date_gmt":"2024-11-20T22:37:39","guid":{"rendered":"https:\/\/ajishop.ma\/?post_type=product&#038;p=18045"},"modified":"2024-11-20T23:41:37","modified_gmt":"2024-11-20T22:41:37","slug":"7-males-7-sebaa-dhoukour-100g","status":"publish","type":"product","link":"https:\/\/ajishop.ma\/ar\/shop\/herbes-et-apothicaire\/herbes\/7-males-7-sebaa-dhoukour-100g\/","title":{"rendered":"7 m\u00e2les &#8211; 7 Sebaa Dhoukour 100g &#8211; \u0633\u0628\u0639\u0629 \u0630\u0643\u0648\u0631"},"content":{"rendered":"<p><strong>Ill existe plusieurs recettes inh\u00e9rente \u00e0 chacun. L&#8217;encens 7 m\u00e2le est un puissant anti-inflammatoire et peut agir comme un antiviral, un antiseptique et un expectorant. Les vertus de l\u2019encens 7 m\u00e2les ne se limitent pas \u00e0 l\u2019aspect physique : il calme les tensions, limite la fatigue intellectuel et r\u00e9duit le stress, ayant une cons\u00e9quence positive sur les maux de t\u00eate et d\u2019estomac li\u00e9s \u00e0 l\u2019angoisse. En plus de ses vertus th\u00e9rapeutiques, l\u2019encens 7 m\u00e2les est \u00e9galement largement utilis\u00e9 dans les rituels de magie. C\u2019est un purificateur tr\u00e8s puissant dont les effluves citronn\u00e9s ne se contentent pas de cr\u00e9er une atmosph\u00e8re agr\u00e9able : l\u2019encens m\u00e2le est capable d\u2019\u00e9loigner le mauvais \u0153il et, utilis\u00e9 dans les rituels de protection, il est efficace contre les cambriolages. Il sert \u00e9galement \u00e0 forcer la r\u00e9alisation des d\u00e9sirs, quels qu\u2019ils soient. Si vous vous trouvez face \u00e0 un probl\u00e8me difficile \u00e0 r\u00e9soudre, l\u2019encens m\u00e2le pourra vous apporter la solution.<\/strong><\/p>","protected":false},"excerpt":{"rendered":"<p>Ill existe plusieurs recettes inh\u00e9rente \u00e0 chacun. L&#8217;encens 7 m\u00e2le est un puissant anti-inflammatoire et peut agir comme un antiviral,<\/p>","protected":false},"featured_media":18046,"comment_status":"open","ping_status":"closed","template":"","meta":[],"product_cat":[32,75,79],"product_tag":[],"yoast_head":"<!-- This site is optimized with the Yoast SEO plugin v23.4 - https:\/\/yoast.com\/wordpress\/plugins\/seo\/ -->\n<title>7 m\u00e2les - 7 Sebaa Dhoukour 100g - \u0633\u0628\u0639\u0629 \u0630\u0643\u0648\u0631 - AjiShop.ma<\/title>\n<meta name=\"robots\" content=\"index, follow, max-snippet:-1, max-image-preview:large, max-video-preview:-1\" \/>\n<link rel=\"canonical\" href=\"https:\/\/ajishop.ma\/ar\/shop\/herbes-et-apothicaire\/herbes\/7-males-7-sebaa-dhoukour-100g\/\" \/>\n<meta property=\"og:locale\" content=\"ar_AR\" \/>\n<meta property=\"og:type\" content=\"article\" \/>\n<meta property=\"og:title\" content=\"7 m\u00e2les - 7 Sebaa Dhoukour 100g - \u0633\u0628\u0639\u0629 \u0630\u0643\u0648\u0631 - AjiShop.ma\" \/>\n<meta property=\"og:description\" content=\"Ill existe plusieurs recettes inh\u00e9rente \u00e0 chacun. L&#8217;encens 7 m\u00e2le est un puissant anti-inflammatoire et peut agir comme un antiviral,\" \/>\n<meta property=\"og:url\" content=\"https:\/\/ajishop.ma\/ar\/shop\/herbes-et-apothicaire\/herbes\/7-males-7-sebaa-dhoukour-100g\/\" \/>\n<meta property=\"og:site_name\" content=\"AjiShop.ma\" \/>\n<meta property=\"article:modified_time\" content=\"2024-11-20T22:41:37+00:00\" \/>\n<meta property=\"og:image\" content=\"https:\/\/ajishop.ma\/wp-content\/uploads\/2024\/11\/image_81a04748-5b2c-48df-a0fe-d93d3de08a73.webp\" \/>\n\t<meta property=\"og:image:width\" content=\"493\" \/>\n\t<meta property=\"og:image:height\" content=\"657\" \/>\n\t<meta property=\"og:image:type\" content=\"image\/webp\" \/>\n<meta name=\"twitter:card\" content=\"summary_large_image\" \/>\n<meta name=\"twitter:label1\" content=\"\u0648\u0642\u062a \u0627\u0644\u0642\u0631\u0627\u0621\u0629 \u0627\u0644\u0645\u064f\u0642\u062f\u0651\u0631\" \/>\n\t<meta name=\"twitter:data1\" content=\"\u062f\u0642\u064a\u0642\u0629 \u0648\u0627\u062d\u062f\u0629\" \/>\n<script type=\"application\/ld+json\" class=\"yoast-schema-graph\">{\"@context\":\"https:\/\/schema.org\",\"@graph\":[{\"@type\":\"WebPage\",\"@id\":\"https:\/\/ajishop.ma\/shop\/herbes-et-apothicaire\/herbes\/7-males-7-sebaa-dhoukour-100g\/\",\"url\":\"https:\/\/ajishop.ma\/shop\/herbes-et-apothicaire\/herbes\/7-males-7-sebaa-dhoukour-100g\/\",\"name\":\"7 m\u00e2les - 7 Sebaa Dhoukour 100g - \u0633\u0628\u0639\u0629 \u0630\u0643\u0648\u0631 - AjiShop.ma\",\"isPartOf\":{\"@id\":\"https:\/\/ajishop.ma\/#website\"},\"primaryImageOfPage\":{\"@id\":\"https:\/\/ajishop.ma\/shop\/herbes-et-apothicaire\/herbes\/7-males-7-sebaa-dhoukour-100g\/#primaryimage\"},\"image\":{\"@id\":\"https:\/\/ajishop.ma\/shop\/herbes-et-apothicaire\/herbes\/7-males-7-sebaa-dhoukour-100g\/#primaryimage\"},\"thumbnailUrl\":\"https:\/\/ajishop.ma\/wp-content\/uploads\/2024\/11\/image_81a04748-5b2c-48df-a0fe-d93d3de08a73.webp\",\"datePublished\":\"2024-11-20T22:37:39+00:00\",\"dateModified\":\"2024-11-20T22:41:37+00:00\",\"breadcrumb\":{\"@id\":\"https:\/\/ajishop.ma\/shop\/herbes-et-apothicaire\/herbes\/7-males-7-sebaa-dhoukour-100g\/#breadcrumb\"},\"inLanguage\":\"ar\",\"potentialAction\":[{\"@type\":\"ReadAction\",\"target\":[\"https:\/\/ajishop.ma\/shop\/herbes-et-apothicaire\/herbes\/7-males-7-sebaa-dhoukour-100g\/\"]}]},{\"@type\":\"ImageObject\",\"inLanguage\":\"ar\",\"@id\":\"https:\/\/ajishop.ma\/shop\/herbes-et-apothicaire\/herbes\/7-males-7-sebaa-dhoukour-100g\/#primaryimage\",\"url\":\"https:\/\/ajishop.ma\/wp-content\/uploads\/2024\/11\/image_81a04748-5b2c-48df-a0fe-d93d3de08a73.webp\",\"contentUrl\":\"https:\/\/ajishop.ma\/wp-content\/uploads\/2024\/11\/image_81a04748-5b2c-48df-a0fe-d93d3de08a73.webp\",\"width\":493,\"height\":657},{\"@type\":\"BreadcrumbList\",\"@id\":\"https:\/\/ajishop.ma\/shop\/herbes-et-apothicaire\/herbes\/7-males-7-sebaa-dhoukour-100g\/#breadcrumb\",\"itemListElement\":[{\"@type\":\"ListItem\",\"position\":1,\"name\":\"Accueil\",\"item\":\"https:\/\/ajishop.ma\/\"},{\"@type\":\"ListItem\",\"position\":2,\"name\":\"Magasin\",\"item\":\"https:\/\/ajishop.ma\/shop\/\"},{\"@type\":\"ListItem\",\"position\":3,\"name\":\"7 m\u00e2les &#8211; 7 Sebaa Dhoukour 100g &#8211; \u0633\u0628\u0639\u0629 \u0630\u0643\u0648\u0631\"}]},{\"@type\":\"WebSite\",\"@id\":\"https:\/\/ajishop.ma\/#website\",\"url\":\"https:\/\/ajishop.ma\/\",\"name\":\"AjiShop.ma\",\"description\":\"Produits 100% naturels, Pour votre bien \u00eatre...\",\"publisher\":{\"@id\":\"https:\/\/ajishop.ma\/#organization\"},\"potentialAction\":[{\"@type\":\"SearchAction\",\"target\":{\"@type\":\"EntryPoint\",\"urlTemplate\":\"https:\/\/ajishop.ma\/?s={search_term_string}\"},\"query-input\":{\"@type\":\"PropertyValueSpecification\",\"valueRequired\":true,\"valueName\":\"search_term_string\"}}],\"inLanguage\":\"ar\"},{\"@type\":\"Organization\",\"@id\":\"https:\/\/ajishop.ma\/#organization\",\"name\":\"AjiShop.ma\",\"url\":\"https:\/\/ajishop.ma\/\",\"logo\":{\"@type\":\"ImageObject\",\"inLanguage\":\"ar\",\"@id\":\"https:\/\/ajishop.ma\/#\/schema\/logo\/image\/\",\"url\":\"https:\/\/ajishop.ma\/wp-content\/uploads\/2024\/09\/AjiShop.ma-Horizontal-Logo-Green.png\",\"contentUrl\":\"https:\/\/ajishop.ma\/wp-content\/uploads\/2024\/09\/AjiShop.ma-Horizontal-Logo-Green.png\",\"width\":1917,\"height\":276,\"caption\":\"AjiShop.ma\"},\"image\":{\"@id\":\"https:\/\/ajishop.ma\/#\/schema\/logo\/image\/\"}}]}<\/script>\n<!-- \/ Yoast SEO plugin. -->","yoast_head_json":{"title":"7 m\u00e2les - 7 Sebaa Dhoukour 100g - \u0633\u0628\u0639\u0629 \u0630\u0643\u0648\u0631 - AjiShop.ma","robots":{"index":"index","follow":"follow","max-snippet":"max-snippet:-1","max-image-preview":"max-image-preview:large","max-video-preview":"max-video-preview:-1"},"canonical":"https:\/\/ajishop.ma\/ar\/shop\/herbes-et-apothicaire\/herbes\/7-males-7-sebaa-dhoukour-100g\/","og_locale":"ar_AR","og_type":"article","og_title":"7 m\u00e2les - 7 Sebaa Dhoukour 100g - \u0633\u0628\u0639\u0629 \u0630\u0643\u0648\u0631 - AjiShop.ma","og_description":"Ill existe plusieurs recettes inh\u00e9rente \u00e0 chacun. L&#8217;encens 7 m\u00e2le est un puissant anti-inflammatoire et peut agir comme un antiviral,","og_url":"https:\/\/ajishop.ma\/ar\/shop\/herbes-et-apothicaire\/herbes\/7-males-7-sebaa-dhoukour-100g\/","og_site_name":"AjiShop.ma","article_modified_time":"2024-11-20T22:41:37+00:00","og_image":[{"width":493,"height":657,"url":"https:\/\/ajishop.ma\/wp-content\/uploads\/2024\/11\/image_81a04748-5b2c-48df-a0fe-d93d3de08a73.webp","type":"image\/webp"}],"twitter_card":"summary_large_image","twitter_misc":{"\u0648\u0642\u062a \u0627\u0644\u0642\u0631\u0627\u0621\u0629 \u0627\u0644\u0645\u064f\u0642\u062f\u0651\u0631":"\u062f\u0642\u064a\u0642\u0629 \u0648\u0627\u062d\u062f\u0629"},"schema":{"@context":"https:\/\/schema.org","@graph":[{"@type":"WebPage","@id":"https:\/\/ajishop.ma\/shop\/herbes-et-apothicaire\/herbes\/7-males-7-sebaa-dhoukour-100g\/","url":"https:\/\/ajishop.ma\/shop\/herbes-et-apothicaire\/herbes\/7-males-7-sebaa-dhoukour-100g\/","name":"7 m\u00e2les - 7 Sebaa Dhoukour 100g - \u0633\u0628\u0639\u0629 \u0630\u0643\u0648\u0631 - AjiShop.ma","isPartOf":{"@id":"https:\/\/ajishop.ma\/#website"},"primaryImageOfPage":{"@id":"https:\/\/ajishop.ma\/shop\/herbes-et-apothicaire\/herbes\/7-males-7-sebaa-dhoukour-100g\/#primaryimage"},"image":{"@id":"https:\/\/ajishop.ma\/shop\/herbes-et-apothicaire\/herbes\/7-males-7-sebaa-dhoukour-100g\/#primaryimage"},"thumbnailUrl":"https:\/\/ajishop.ma\/wp-content\/uploads\/2024\/11\/image_81a04748-5b2c-48df-a0fe-d93d3de08a73.webp","datePublished":"2024-11-20T22:37:39+00:00","dateModified":"2024-11-20T22:41:37+00:00","breadcrumb":{"@id":"https:\/\/ajishop.ma\/shop\/herbes-et-apothicaire\/herbes\/7-males-7-sebaa-dhoukour-100g\/#breadcrumb"},"inLanguage":"ar","potentialAction":[{"@type":"ReadAction","target":["https:\/\/ajishop.ma\/shop\/herbes-et-apothicaire\/herbes\/7-males-7-sebaa-dhoukour-100g\/"]}]},{"@type":"ImageObject","inLanguage":"ar","@id":"https:\/\/ajishop.ma\/shop\/herbes-et-apothicaire\/herbes\/7-males-7-sebaa-dhoukour-100g\/#primaryimage","url":"https:\/\/ajishop.ma\/wp-content\/uploads\/2024\/11\/image_81a04748-5b2c-48df-a0fe-d93d3de08a73.webp","contentUrl":"https:\/\/ajishop.ma\/wp-content\/uploads\/2024\/11\/image_81a04748-5b2c-48df-a0fe-d93d3de08a73.webp","width":493,"height":657},{"@type":"BreadcrumbList","@id":"https:\/\/ajishop.ma\/shop\/herbes-et-apothicaire\/herbes\/7-males-7-sebaa-dhoukour-100g\/#breadcrumb","itemListElement":[{"@type":"ListItem","position":1,"name":"Accueil","item":"https:\/\/ajishop.ma\/"},{"@type":"ListItem","position":2,"name":"Magasin","item":"https:\/\/ajishop.ma\/shop\/"},{"@type":"ListItem","position":3,"name":"7 m\u00e2les &#8211; 7 Sebaa Dhoukour 100g &#8211; \u0633\u0628\u0639\u0629 \u0630\u0643\u0648\u0631"}]},{"@type":"WebSite","@id":"https:\/\/ajishop.ma\/#website","url":"https:\/\/ajishop.ma\/","name":"AjiShop.ma","description":"Produits 100% naturels, Pour votre bien \u00eatre...","publisher":{"@id":"https:\/\/ajishop.ma\/#organization"},"potentialAction":[{"@type":"SearchAction","target":{"@type":"EntryPoint","urlTemplate":"https:\/\/ajishop.ma\/?s={search_term_string}"},"query-input":{"@type":"PropertyValueSpecification","valueRequired":true,"valueName":"search_term_string"}}],"inLanguage":"ar"},{"@type":"Organization","@id":"https:\/\/ajishop.ma\/#organization","name":"AjiShop.ma","url":"https:\/\/ajishop.ma\/","logo":{"@type":"ImageObject","inLanguage":"ar","@id":"https:\/\/ajishop.ma\/#\/schema\/logo\/image\/","url":"https:\/\/ajishop.ma\/wp-content\/uploads\/2024\/09\/AjiShop.ma-Horizontal-Logo-Green.png","contentUrl":"https:\/\/ajishop.ma\/wp-content\/uploads\/2024\/09\/AjiShop.ma-Horizontal-Logo-Green.png","width":1917,"height":276,"caption":"AjiShop.ma"},"image":{"@id":"https:\/\/ajishop.ma\/#\/schema\/logo\/image\/"}}]}},"_links":{"self":[{"href":"https:\/\/ajishop.ma\/ar\/wp-json\/wp\/v2\/product\/18045"}],"collection":[{"href":"https:\/\/ajishop.ma\/ar\/wp-json\/wp\/v2\/product"}],"about":[{"href":"https:\/\/ajishop.ma\/ar\/wp-json\/wp\/v2\/types\/product"}],"replies":[{"embeddable":true,"href":"https:\/\/ajishop.ma\/ar\/wp-json\/wp\/v2\/comments?post=18045"}],"version-history":[{"count":2,"href":"https:\/\/ajishop.ma\/ar\/wp-json\/wp\/v2\/product\/18045\/revisions"}],"predecessor-version":[{"id":18049,"href":"https:\/\/ajishop.ma\/ar\/wp-json\/wp\/v2\/product\/18045\/revisions\/18049"}],"wp:featuredmedia":[{"embeddable":true,"href":"https:\/\/ajishop.ma\/ar\/wp-json\/wp\/v2\/media\/18046"}],"wp:attachment":[{"href":"https:\/\/ajishop.ma\/ar\/wp-json\/wp\/v2\/media?parent=18045"}],"wp:term":[{"taxonomy":"product_cat","embeddable":true,"href":"https:\/\/ajishop.ma\/ar\/wp-json\/wp\/v2\/product_cat?post=18045"},{"taxonomy":"product_tag","embeddable":true,"href":"https:\/\/ajishop.ma\/ar\/wp-json\/wp\/v2\/product_tag?post=18045"}],"curies":[{"name":"wp","href":"https:\/\/api.w.org\/{rel}","templated":true}]}}